{"id":13529,"date":"2021-03-26T17:50:06","date_gmt":"2021-03-26T16:50:06","guid":{"rendered":"https:\/\/kurato.ch\/?page_id=13529"},"modified":"2022-03-09T17:56:50","modified_gmt":"2022-03-09T15:56:50","slug":"newsletter-sign-in","status":"publish","type":"page","link":"https:\/\/kurato.ch\/fr\/newsletter-sign-in\/","title":{"rendered":"Newsletter sign in"},"content":{"rendered":"\t\t<div data-elementor-type=\"wp-page\" data-elementor-id=\"13529\" class=\"elementor elementor-13529\" data-elementor-post-type=\"page\">\n\t\t\t\t\t\t<section class=\"elementor-section elementor-top-section elementor-element elementor-element-65fd103 elementor-section-stretched elementor-section-boxed elementor-section-height-default elementor-section-height-default\" data-id=\"65fd103\" data-element_type=\"section\" data-e-type=\"section\" data-settings=\"{&quot;stretch_section&quot;:&quot;section-stretched&quot;,&quot;background_background&quot;:&quot;classic&quot;}\">\n\t\t\t\t\t\t<div class=\"elementor-container elementor-column-gap-default\">\n\t\t\t\t\t<div class=\"elementor-column elementor-col-100 elementor-top-column elementor-element elementor-element-76c7b7c\" data-id=\"76c7b7c\" data-element_type=\"column\" data-e-type=\"column\" data-settings=\"{&quot;background_background&quot;:&quot;classic&quot;}\">\n\t\t\t<div class=\"elementor-widget-wrap elementor-element-populated\">\n\t\t\t\t\t\t<div class=\"elementor-element elementor-element-1168100 elementor-widget elementor-widget-spacer\" data-id=\"1168100\" data-element_type=\"widget\" data-e-type=\"widget\" data-widget_type=\"spacer.default\">\n\t\t\t\t<div class=\"elementor-widget-container\">\n\t\t\t\t\t\t\t<div class=\"elementor-spacer\">\n\t\t\t<div class=\"elementor-spacer-inner\"><\/div>\n\t\t<\/div>\n\t\t\t\t\t\t<\/div>\n\t\t\t\t<\/div>\n\t\t\t\t<div class=\"elementor-element elementor-element-0cee2b9 elementor-widget elementor-widget-image\" data-id=\"0cee2b9\" data-element_type=\"widget\" data-e-type=\"widget\" data-widget_type=\"image.default\">\n\t\t\t\t<div class=\"elementor-widget-container\">\n\t\t\t\t\t\t\t\t\t\t\t\t\t\t\t<img fetchpriority=\"high\" decoding=\"async\" width=\"800\" height=\"800\" src=\"https:\/\/kurato.ch\/wp-content\/uploads\/2022\/03\/vintage-secondhand-gebraucht-schweiz-2.jpg\" class=\"attachment-large size-large wp-image-31388\" alt=\"\" srcset=\"https:\/\/kurato.ch\/wp-content\/uploads\/2022\/03\/vintage-secondhand-gebraucht-schweiz-2.jpg 800w, https:\/\/kurato.ch\/wp-content\/uploads\/2022\/03\/vintage-secondhand-gebraucht-schweiz-2-300x300.jpg 300w, https:\/\/kurato.ch\/wp-content\/uploads\/2022\/03\/vintage-secondhand-gebraucht-schweiz-2-150x150.jpg 150w, https:\/\/kurato.ch\/wp-content\/uploads\/2022\/03\/vintage-secondhand-gebraucht-schweiz-2-768x768.jpg 768w, https:\/\/kurato.ch\/wp-content\/uploads\/2022\/03\/vintage-secondhand-gebraucht-schweiz-2-500x500.jpg 500w, https:\/\/kurato.ch\/wp-content\/uploads\/2022\/03\/vintage-secondhand-gebraucht-schweiz-2-100x100.jpg 100w, https:\/\/kurato.ch\/wp-content\/uploads\/2022\/03\/vintage-secondhand-gebraucht-schweiz-2-64x64.jpg 64w\" sizes=\"(max-width: 800px) 100vw, 800px\" \/>\t\t\t\t\t\t\t\t\t\t\t\t\t\t\t<\/div>\n\t\t\t\t<\/div>\n\t\t\t\t<div class=\"elementor-element elementor-element-e059010 elementor-widget elementor-widget-image\" data-id=\"e059010\" data-element_type=\"widget\" data-e-type=\"widget\" data-widget_type=\"image.default\">\n\t\t\t\t<div class=\"elementor-widget-container\">\n\t\t\t\t\t\t\t\t\t\t\t\t\t\t\t<img decoding=\"async\" width=\"300\" height=\"300\" src=\"https:\/\/kurato.ch\/wp-content\/uploads\/2022\/03\/A7754D-300x300.png\" class=\"attachment-medium size-medium wp-image-31393\" alt=\"\" srcset=\"https:\/\/kurato.ch\/wp-content\/uploads\/2022\/03\/A7754D-300x300.png 300w, https:\/\/kurato.ch\/wp-content\/uploads\/2022\/03\/A7754D-150x150.png 150w, https:\/\/kurato.ch\/wp-content\/uploads\/2022\/03\/A7754D-100x100.png 100w, https:\/\/kurato.ch\/wp-content\/uploads\/2022\/03\/A7754D-64x64.png 64w, https:\/\/kurato.ch\/wp-content\/uploads\/2022\/03\/A7754D.png 500w\" sizes=\"(max-width: 300px) 100vw, 300px\" \/>\t\t\t\t\t\t\t\t\t\t\t\t\t\t\t<\/div>\n\t\t\t\t<\/div>\n\t\t\t\t<div class=\"elementor-element elementor-element-ff2a881 elementor-widget elementor-widget-heading\" data-id=\"ff2a881\" data-element_type=\"widget\" data-e-type=\"widget\" data-widget_type=\"heading.default\">\n\t\t\t\t<div class=\"elementor-widget-container\">\n\t\t\t\t\t<h2 class=\"elementor-heading-title elementor-size-default\">Erhalte Inspiration f\u00fcr Dein Zuhause, los geht's!<\/h2>\t\t\t\t<\/div>\n\t\t\t\t<\/div>\n\t\t\t\t<div class=\"elementor-element elementor-element-382c864 elementor-widget elementor-widget-wp-widget-mailpoet_form\" data-id=\"382c864\" data-element_type=\"widget\" data-e-type=\"widget\" data-widget_type=\"wp-widget-mailpoet_form.default\">\n\t\t\t\t<div class=\"elementor-widget-container\">\n\t\t\t\t\t  \n  \n  <div class=\"\n    mailpoet_form_popup_overlay\n      \"><\/div>\n  <div\n    id=\"mailpoet_form_12\"\n    class=\"\n      mailpoet_form\n      mailpoet_form_widget\n      mailpoet_form_position_\n      mailpoet_form_animation_\n    \"\n      >\n\n    <style type=\"text\/css\">\n     #mailpoet_form_12 .mailpoet_form {  }\n#mailpoet_form_12 .mailpoet_column_with_background { padding: 10px; }\n#mailpoet_form_12 .mailpoet_form_column:not(:first-child) { margin-left: 20px; }\n#mailpoet_form_12 .mailpoet_paragraph { line-height: 20px; margin-bottom: 20px; }\n#mailpoet_form_12 .mailpoet_segment_label, #mailpoet_form_12 .mailpoet_text_label, #mailpoet_form_12 .mailpoet_textarea_label, #mailpoet_form_12 .mailpoet_select_label, #mailpoet_form_12 .mailpoet_radio_label, #mailpoet_form_12 .mailpoet_checkbox_label, #mailpoet_form_12 .mailpoet_list_label, #mailpoet_form_12 .mailpoet_date_label { display: block; font-weight: normal; }\n#mailpoet_form_12 .mailpoet_text, #mailpoet_form_12 .mailpoet_textarea, #mailpoet_form_12 .mailpoet_select, #mailpoet_form_12 .mailpoet_date_month, #mailpoet_form_12 .mailpoet_date_day, #mailpoet_form_12 .mailpoet_date_year, #mailpoet_form_12 .mailpoet_date { display: block; }\n#mailpoet_form_12 .mailpoet_text, #mailpoet_form_12 .mailpoet_textarea { width: 200px; }\n#mailpoet_form_12 .mailpoet_checkbox {  }\n#mailpoet_form_12 .mailpoet_submit {  }\n#mailpoet_form_12 .mailpoet_divider {  }\n#mailpoet_form_12 .mailpoet_message {  }\n#mailpoet_form_12 .mailpoet_form_loading { width: 30px; text-align: center; line-height: normal; }\n#mailpoet_form_12 .mailpoet_form_loading > span { width: 5px; height: 5px; background-color: #5b5b5b; }#mailpoet_form_12{border-radius: 0px;color: #1e1e1e;text-align: left;}#mailpoet_form_12 form.mailpoet_form {padding: 20px;}#mailpoet_form_12{width: 100%;}#mailpoet_form_12 .mailpoet_message {margin: 0; padding: 0 20px;}#mailpoet_form_12 .mailpoet_paragraph.last {margin-bottom: 0} @media (max-width: 500px) {#mailpoet_form_12 {background-image: none;}} @media (min-width: 500px) {#mailpoet_form_12 .last .mailpoet_paragraph:last-child {margin-bottom: 0}}  @media (max-width: 500px) {#mailpoet_form_12 .mailpoet_form_column:last-child .mailpoet_paragraph:last-child {margin-bottom: 0}} \n    <\/style>\n\n    <form\n      target=\"_self\"\n      method=\"post\"\n      action=\"https:\/\/kurato.ch\/wp-admin\/admin-post.php?action=mailpoet_subscription_form\"\n      class=\"mailpoet_form mailpoet_form_form mailpoet_form_widget\"\n      novalidate\n      data-delay=\"\"\n      data-exit-intent-enabled=\"\"\n      data-font-family=\"\"\n      data-cookie-expiration-time=\"\"\n    >\n      <input type=\"hidden\" name=\"data[form_id]\" value=\"12\" \/>\n      <input type=\"hidden\" name=\"token\" value=\"d9d0ebf6de\" \/>\n      <input type=\"hidden\" name=\"api_version\" value=\"v1\" \/>\n      <input type=\"hidden\" name=\"endpoint\" value=\"subscribers\" \/>\n      <input type=\"hidden\" name=\"mailpoet_method\" value=\"subscribe\" \/>\n\n      <label class=\"mailpoet_hp_email_label\" style=\"display: none !important;\">Please leave this field empty<input type=\"email\" name=\"data[email]\"\/><\/label><div class=\"mailpoet_paragraph \"><input type=\"email\" autocomplete=\"email\" class=\"mailpoet_text\" id=\"form_email_12\" name=\"data[form_field_NTcyZjcwYmQyNDdjX2VtYWls]\" title=\"name@email.ch\" value=\"\" style=\"width:100%;box-sizing:border-box;padding:5px;margin: 0 auto 0 0;\" data-automation-id=\"form_email\"  placeholder=\"name@email.ch *\" aria-label=\"name@email.ch *\" data-parsley-errors-container=\".mailpoet_error_toi0x\" data-parsley-required=\"true\" required aria-required=\"true\" data-parsley-minlength=\"6\" data-parsley-maxlength=\"150\" data-parsley-type-message=\"This value should be a valid email.\" data-parsley-required-message=\"This field is required.\"\/><span class=\"mailpoet_error_toi0x\"><\/span><\/div>\n<div class=\"mailpoet_paragraph \"><fieldset><label class=\"mailpoet_checkbox_label\" for=\"mailpoet_segment_1\" ><input type=\"checkbox\" class=\"mailpoet_checkbox\" id=\"mailpoet_segment_1\" name=\"data[form_field_M2RjMWJmMjExOTM1X3NlZ21lbnRz][]\" value=\"14\"  data-parsley-errors-container=\".mailpoet_error_1nkrv\" data-parsley-required=\"true\" required aria-required=\"true\" data-parsley-group=\"segments\" data-parsley-required-message=\"Please select a list.\" \/> Deutsch<\/label><label class=\"mailpoet_checkbox_label\" for=\"mailpoet_segment_2\" ><input type=\"checkbox\" class=\"mailpoet_checkbox\" id=\"mailpoet_segment_2\" name=\"data[form_field_M2RjMWJmMjExOTM1X3NlZ21lbnRz][]\" value=\"15\"  data-parsley-errors-container=\".mailpoet_error_1nkrv\" data-parsley-required=\"true\" required aria-required=\"true\" data-parsley-group=\"segments\" data-parsley-required-message=\"Please select a list.\" \/> Franz\u00f6sisch<\/label><span class=\"mailpoet_error_1nkrv\"><\/span><\/fieldset><\/div>\n<div class=\"mailpoet_recaptcha\" data-sitekey=\"6Ld47L4pAAAAAGIREMhtf6HPgIpM4-gmv7-IIbbA\" >\n      <div class=\"mailpoet_recaptcha_container\"><\/div>\n      <noscript>\n        <div>\n          <div class=\"mailpoet_recaptcha_noscript_container\">\n            <div>\n              <iframe src=\"https:\/\/www.google.com\/recaptcha\/api\/fallback?k=6Ld47L4pAAAAAGIREMhtf6HPgIpM4-gmv7-IIbbA\" frameborder=\"0\" scrolling=\"no\">\n              <\/iframe>\n            <\/div>\n          <\/div>\n          <div class=\"mailpoet_recaptcha_noscript_input\">\n            <textarea id=\"g-recaptcha-response\" name=\"data[recaptcha]\" class=\"g-recaptcha-response\">\n            <\/textarea>\n          <\/div>\n        <\/div>\n      <\/noscript>\n      <input class=\"mailpoet_recaptcha_field\" type=\"hidden\" name=\"recaptchaWidgetId\">\n    <\/div><div class=\"parsley-errors-list parsley-required mailpoet_error_recaptcha\">This field is required.<\/div><div class=\"mailpoet_paragraph \"><input type=\"submit\" class=\"mailpoet_submit\" value=\"Ich bin dabei!\" data-automation-id=\"subscribe-submit-button\" style=\"width:100%;box-sizing:border-box;background-color:#1e1e1e;border-style:solid;border-radius:0px !important;border-width:1px;border-color:#313131;padding:8px;margin: 0 auto 0 0;color:#ffffff;font-weight:bold;\" \/><span class=\"mailpoet_form_loading\"><span class=\"mailpoet_bounce1\"><\/span><span class=\"mailpoet_bounce2\"><\/span><span class=\"mailpoet_bounce3\"><\/span><\/span><\/div>\n\n      <div class=\"mailpoet_message\">\n        <p class=\"mailpoet_validate_success\"\n                style=\"display:none;\"\n                >\ud83d\udce9 Bald gibt&#039;s Inspiration in Deinem Postfach.\n        <\/p>\n        <p class=\"mailpoet_validate_error\"\n                style=\"display:none;\"\n                >        <\/p>\n      <\/div>\n    <\/form>\n\n      <\/div>\n\n  \t\t\t\t<\/div>\n\t\t\t\t<\/div>\n\t\t\t\t\t<\/div>\n\t\t<\/div>\n\t\t\t\t\t<\/div>\n\t\t<\/section>\n\t\t\t\t<\/div>\n\t\t","protected":false},"excerpt":{"rendered":"<p>Erhalte Inspiration f\u00fcr Dein Zuhause, los geht&#8217;s!<\/p>","protected":false},"author":1,"featured_media":0,"parent":0,"menu_order":0,"comment_status":"closed","ping_status":"closed","template":"","meta":{"_acf_changed":false,"site-sidebar-layout":"no-sidebar","site-content-layout":"page-builder","ast-site-content-layout":"default","site-content-style":"default","site-sidebar-style":"default","ast-global-header-display":"","ast-banner-title-visibility":"","ast-main-header-display":"","ast-hfb-above-header-display":"","ast-hfb-below-header-display":"","ast-hfb-mobile-header-display":"","site-post-title":"disabled","ast-breadcrumbs-content":"","ast-featured-img":"disabled","footer-sml-layout":"","ast-disable-related-posts":"","theme-transparent-header-meta":"default","adv-header-id-meta":"","stick-header-meta":"default","header-above-stick-meta":"","header-main-stick-meta":"","header-below-stick-meta":"","astra-migrate-meta-layouts":"default","ast-page-background-enabled":"default","ast-page-background-meta":{"desktop":{"background-color":"","background-image":"","background-repeat":"repeat","background-position":"center center","background-size":"auto","background-attachment":"scroll","background-type":"","background-media":"","overlay-type":"","overlay-color":"","overlay-opacity":"","overlay-gradient":""},"tablet":{"background-color":"","background-image":"","background-repeat":"repeat","background-position":"center center","background-size":"auto","background-attachment":"scroll","background-type":"","background-media":"","overlay-type":"","overlay-color":"","overlay-opacity":"","overlay-gradient":""},"mobile":{"background-color":"","background-image":"","background-repeat":"repeat","background-position":"center center","background-size":"auto","background-attachment":"scroll","background-type":"","background-media":"","overlay-type":"","overlay-color":"","overlay-opacity":"","overlay-gradient":""}},"ast-content-background-meta":{"desktop":{"background-color":"var(--ast-global-color-5)","background-image":"","background-repeat":"repeat","background-position":"center center","background-size":"auto","background-attachment":"scroll","background-type":"","background-media":"","overlay-type":"","overlay-color":"","overlay-opacity":"","overlay-gradient":""},"tablet":{"background-color":"var(--ast-global-color-5)","background-image":"","background-repeat":"repeat","background-position":"center center","background-size":"auto","background-attachment":"scroll","background-type":"","background-media":"","overlay-type":"","overlay-color":"","overlay-opacity":"","overlay-gradient":""},"mobile":{"background-color":"var(--ast-global-color-5)","background-image":"","background-repeat":"repeat","background-position":"center center","background-size":"auto","background-attachment":"scroll","background-type":"","background-media":"","overlay-type":"","overlay-color":"","overlay-opacity":"","overlay-gradient":""}},"footnotes":""},"class_list":["post-13529","page","type-page","status-publish","hentry"],"acf":[],"yoast_head":"<!-- This site is optimized with the Yoast SEO plugin v27.4 - https:\/\/yoast.com\/product\/yoast-seo-wordpress\/ -->\n<title>Einrichtungstipps &amp; Inspiration gesucht? | KURATO.CH<\/title>\n<meta name=\"description\" content=\"Bist Du auf der Suche nach Einrichtungstipps, Inspiration und sch\u00f6ne M\u00f6beln? Dan melde Dich jetzt f\u00fcr unseren Newsletter an!\" \/>\n<meta name=\"robots\" content=\"index, follow, max-snippet:-1, max-image-preview:large, max-video-preview:-1\" \/>\n<link rel=\"canonical\" href=\"https:\/\/kurato.ch\/fr\/newsletter-sign-in\/\" \/>\n<meta property=\"og:locale\" content=\"fr_FR\" \/>\n<meta property=\"og:type\" content=\"article\" \/>\n<meta property=\"og:title\" content=\"Einrichtungstipps &amp; Inspiration gesucht? | KURATO.CH\" \/>\n<meta property=\"og:description\" content=\"Bist Du auf der Suche nach Einrichtungstipps, Inspiration und sch\u00f6ne M\u00f6beln? Dan melde Dich jetzt f\u00fcr unseren Newsletter an!\" \/>\n<meta property=\"og:url\" content=\"https:\/\/kurato.ch\/fr\/newsletter-sign-in\/\" \/>\n<meta property=\"og:site_name\" content=\"Vintage M\u00f6bel &amp; Dekoration I Kurato\" \/>\n<meta property=\"article:publisher\" content=\"https:\/\/www.facebook.com\/kuratoswitzerland\" \/>\n<meta property=\"article:modified_time\" content=\"2022-03-09T15:56:50+00:00\" \/>\n<meta property=\"og:image\" content=\"https:\/\/kurato.ch\/wp-content\/uploads\/2022\/03\/vintage-secondhand-gebraucht-schweiz-2.jpg\" \/>\n<meta name=\"twitter:label1\" content=\"Dur\u00e9e de lecture estim\u00e9e\" \/>\n\t<meta name=\"twitter:data1\" content=\"1 minute\" \/>\n<script type=\"application\/ld+json\" class=\"yoast-schema-graph\">{\"@context\":\"https:\\\/\\\/schema.org\",\"@graph\":[{\"@type\":\"WebPage\",\"@id\":\"https:\\\/\\\/kurato.ch\\\/newsletter-sign-in\\\/\",\"url\":\"https:\\\/\\\/kurato.ch\\\/newsletter-sign-in\\\/\",\"name\":\"Einrichtungstipps & Inspiration gesucht? | KURATO.CH\",\"isPartOf\":{\"@id\":\"https:\\\/\\\/kurato.ch\\\/#website\"},\"primaryImageOfPage\":{\"@id\":\"https:\\\/\\\/kurato.ch\\\/newsletter-sign-in\\\/#primaryimage\"},\"image\":{\"@id\":\"https:\\\/\\\/kurato.ch\\\/newsletter-sign-in\\\/#primaryimage\"},\"thumbnailUrl\":\"https:\\\/\\\/kurato.ch\\\/wp-content\\\/uploads\\\/2022\\\/03\\\/vintage-secondhand-gebraucht-schweiz-2.jpg\",\"datePublished\":\"2021-03-26T16:50:06+00:00\",\"dateModified\":\"2022-03-09T15:56:50+00:00\",\"description\":\"Bist Du auf der Suche nach Einrichtungstipps, Inspiration und sch\u00f6ne M\u00f6beln? Dan melde Dich jetzt f\u00fcr unseren Newsletter an!\",\"breadcrumb\":{\"@id\":\"https:\\\/\\\/kurato.ch\\\/newsletter-sign-in\\\/#breadcrumb\"},\"inLanguage\":\"fr-FR\",\"potentialAction\":[{\"@type\":\"ReadAction\",\"target\":[\"https:\\\/\\\/kurato.ch\\\/newsletter-sign-in\\\/\"]}]},{\"@type\":\"ImageObject\",\"inLanguage\":\"fr-FR\",\"@id\":\"https:\\\/\\\/kurato.ch\\\/newsletter-sign-in\\\/#primaryimage\",\"url\":\"https:\\\/\\\/kurato.ch\\\/wp-content\\\/uploads\\\/2022\\\/03\\\/vintage-secondhand-gebraucht-schweiz-2.jpg\",\"contentUrl\":\"https:\\\/\\\/kurato.ch\\\/wp-content\\\/uploads\\\/2022\\\/03\\\/vintage-secondhand-gebraucht-schweiz-2.jpg\"},{\"@type\":\"BreadcrumbList\",\"@id\":\"https:\\\/\\\/kurato.ch\\\/newsletter-sign-in\\\/#breadcrumb\",\"itemListElement\":[{\"@type\":\"ListItem\",\"position\":1,\"name\":\"Home\",\"item\":\"https:\\\/\\\/kurato.ch\\\/\"},{\"@type\":\"ListItem\",\"position\":2,\"name\":\"Newsletter sign in\"}]},{\"@type\":\"WebSite\",\"@id\":\"https:\\\/\\\/kurato.ch\\\/#website\",\"url\":\"https:\\\/\\\/kurato.ch\\\/\",\"name\":\"Vintage M\u00f6bel &amp; Dekoration I Kurato\",\"description\":\"Vintage M\u00f6bel &amp; Dekoration I Kurato\",\"publisher\":{\"@id\":\"https:\\\/\\\/kurato.ch\\\/#organization\"},\"potentialAction\":[{\"@type\":\"SearchAction\",\"target\":{\"@type\":\"EntryPoint\",\"urlTemplate\":\"https:\\\/\\\/kurato.ch\\\/?s={search_term_string}\"},\"query-input\":{\"@type\":\"PropertyValueSpecification\",\"valueRequired\":true,\"valueName\":\"search_term_string\"}}],\"inLanguage\":\"fr-FR\"},{\"@type\":\"Organization\",\"@id\":\"https:\\\/\\\/kurato.ch\\\/#organization\",\"name\":\"Kurato.\",\"url\":\"https:\\\/\\\/kurato.ch\\\/\",\"logo\":{\"@type\":\"ImageObject\",\"inLanguage\":\"fr-FR\",\"@id\":\"https:\\\/\\\/kurato.ch\\\/#\\\/schema\\\/logo\\\/image\\\/\",\"url\":\"\",\"contentUrl\":\"\",\"caption\":\"Kurato.\"},\"image\":{\"@id\":\"https:\\\/\\\/kurato.ch\\\/#\\\/schema\\\/logo\\\/image\\\/\"},\"sameAs\":[\"https:\\\/\\\/www.facebook.com\\\/kuratoswitzerland\",\"https:\\\/\\\/www.instagram.com\\\/kurato.ch\\\/\",\"https:\\\/\\\/www.pinterest.ch\\\/kurato_ch\\\/_created\\\/\"]}]}<\/script>\n<!-- \/ Yoast SEO plugin. -->","yoast_head_json":{"title":"Einrichtungstipps & Inspiration gesucht? | KURATO.CH","description":"Bist Du auf der Suche nach Einrichtungstipps, Inspiration und sch\u00f6ne M\u00f6beln? Dan melde Dich jetzt f\u00fcr unseren Newsletter an!","robots":{"index":"index","follow":"follow","max-snippet":"max-snippet:-1","max-image-preview":"max-image-preview:large","max-video-preview":"max-video-preview:-1"},"canonical":"https:\/\/kurato.ch\/fr\/newsletter-sign-in\/","og_locale":"fr_FR","og_type":"article","og_title":"Einrichtungstipps & Inspiration gesucht? | KURATO.CH","og_description":"Bist Du auf der Suche nach Einrichtungstipps, Inspiration und sch\u00f6ne M\u00f6beln? Dan melde Dich jetzt f\u00fcr unseren Newsletter an!","og_url":"https:\/\/kurato.ch\/fr\/newsletter-sign-in\/","og_site_name":"Vintage M\u00f6bel &amp; Dekoration I Kurato","article_publisher":"https:\/\/www.facebook.com\/kuratoswitzerland","article_modified_time":"2022-03-09T15:56:50+00:00","og_image":[{"url":"https:\/\/kurato.ch\/wp-content\/uploads\/2022\/03\/vintage-secondhand-gebraucht-schweiz-2.jpg","type":"","width":"","height":""}],"twitter_misc":{"Dur\u00e9e de lecture estim\u00e9e":"1 minute"},"schema":{"@context":"https:\/\/schema.org","@graph":[{"@type":"WebPage","@id":"https:\/\/kurato.ch\/newsletter-sign-in\/","url":"https:\/\/kurato.ch\/newsletter-sign-in\/","name":"Einrichtungstipps & Inspiration gesucht? | KURATO.CH","isPartOf":{"@id":"https:\/\/kurato.ch\/#website"},"primaryImageOfPage":{"@id":"https:\/\/kurato.ch\/newsletter-sign-in\/#primaryimage"},"image":{"@id":"https:\/\/kurato.ch\/newsletter-sign-in\/#primaryimage"},"thumbnailUrl":"https:\/\/kurato.ch\/wp-content\/uploads\/2022\/03\/vintage-secondhand-gebraucht-schweiz-2.jpg","datePublished":"2021-03-26T16:50:06+00:00","dateModified":"2022-03-09T15:56:50+00:00","description":"Bist Du auf der Suche nach Einrichtungstipps, Inspiration und sch\u00f6ne M\u00f6beln? Dan melde Dich jetzt f\u00fcr unseren Newsletter an!","breadcrumb":{"@id":"https:\/\/kurato.ch\/newsletter-sign-in\/#breadcrumb"},"inLanguage":"fr-FR","potentialAction":[{"@type":"ReadAction","target":["https:\/\/kurato.ch\/newsletter-sign-in\/"]}]},{"@type":"ImageObject","inLanguage":"fr-FR","@id":"https:\/\/kurato.ch\/newsletter-sign-in\/#primaryimage","url":"https:\/\/kurato.ch\/wp-content\/uploads\/2022\/03\/vintage-secondhand-gebraucht-schweiz-2.jpg","contentUrl":"https:\/\/kurato.ch\/wp-content\/uploads\/2022\/03\/vintage-secondhand-gebraucht-schweiz-2.jpg"},{"@type":"BreadcrumbList","@id":"https:\/\/kurato.ch\/newsletter-sign-in\/#breadcrumb","itemListElement":[{"@type":"ListItem","position":1,"name":"Home","item":"https:\/\/kurato.ch\/"},{"@type":"ListItem","position":2,"name":"Newsletter sign in"}]},{"@type":"WebSite","@id":"https:\/\/kurato.ch\/#website","url":"https:\/\/kurato.ch\/","name":"Meubles vintage &amp; d\u00e9coration I Kurato","description":"Meubles vintage &amp; d\u00e9coration I Kurato","publisher":{"@id":"https:\/\/kurato.ch\/#organization"},"potentialAction":[{"@type":"SearchAction","target":{"@type":"EntryPoint","urlTemplate":"https:\/\/kurato.ch\/?s={search_term_string}"},"query-input":{"@type":"PropertyValueSpecification","valueRequired":true,"valueName":"search_term_string"}}],"inLanguage":"fr-FR"},{"@type":"Organization","@id":"https:\/\/kurato.ch\/#organization","name":"Kurato.","url":"https:\/\/kurato.ch\/","logo":{"@type":"ImageObject","inLanguage":"fr-FR","@id":"https:\/\/kurato.ch\/#\/schema\/logo\/image\/","url":"","contentUrl":"","caption":"Kurato."},"image":{"@id":"https:\/\/kurato.ch\/#\/schema\/logo\/image\/"},"sameAs":["https:\/\/www.facebook.com\/kuratoswitzerland","https:\/\/www.instagram.com\/kurato.ch\/","https:\/\/www.pinterest.ch\/kurato_ch\/_created\/"]}]}},"_links":{"self":[{"href":"https:\/\/kurato.ch\/fr\/wp-json\/wp\/v2\/pages\/13529","targetHints":{"allow":["GET"]}}],"collection":[{"href":"https:\/\/kurato.ch\/fr\/wp-json\/wp\/v2\/pages"}],"about":[{"href":"https:\/\/kurato.ch\/fr\/wp-json\/wp\/v2\/types\/page"}],"author":[{"embeddable":true,"href":"https:\/\/kurato.ch\/fr\/wp-json\/wp\/v2\/users\/1"}],"replies":[{"embeddable":true,"href":"https:\/\/kurato.ch\/fr\/wp-json\/wp\/v2\/comments?post=13529"}],"version-history":[{"count":33,"href":"https:\/\/kurato.ch\/fr\/wp-json\/wp\/v2\/pages\/13529\/revisions"}],"predecessor-version":[{"id":32954,"href":"https:\/\/kurato.ch\/fr\/wp-json\/wp\/v2\/pages\/13529\/revisions\/32954"}],"wp:attachment":[{"href":"https:\/\/kurato.ch\/fr\/wp-json\/wp\/v2\/media?parent=13529"}],"curies":[{"name":"wp","href":"https:\/\/api.w.org\/{rel}","templated":true}]}}