{"id":3471,"date":"2020-12-07T14:25:08","date_gmt":"2020-12-07T14:25:08","guid":{"rendered":"https:\/\/kurato.ch\/?page_id=3471"},"modified":"2024-06-20T15:16:19","modified_gmt":"2024-06-20T13:16:19","slug":"agb","status":"publish","type":"page","link":"https:\/\/kurato.ch\/fr\/agb\/","title":{"rendered":"CONDITIONS G\u00c9N\u00c9RALES DE VENTE"},"content":{"rendered":"<div data-elementor-type=\"wp-page\" data-elementor-id=\"3471\" class=\"elementor elementor-3471\" data-elementor-post-type=\"page\">\n\t\t\t\t\t\t<section class=\"elementor-section elementor-top-section elementor-element elementor-element-7d53427 elementor-section-boxed elementor-section-height-default elementor-section-height-default\" data-id=\"7d53427\" data-element_type=\"section\" data-e-type=\"section\">\n\t\t\t\t\t\t<div class=\"elementor-container elementor-column-gap-default\">\n\t\t\t\t\t<div class=\"elementor-column elementor-col-100 elementor-top-column elementor-element elementor-element-91a5301\" data-id=\"91a5301\" data-element_type=\"column\" data-e-type=\"column\">\n\t\t\t<div class=\"elementor-widget-wrap elementor-element-populated\">\n\t\t\t\t\t\t<div class=\"elementor-element elementor-element-ca16364 elementor-widget elementor-widget-heading\" data-id=\"ca16364\" data-element_type=\"widget\" data-e-type=\"widget\" data-widget_type=\"heading.default\">\n\t\t\t\t<div class=\"elementor-widget-container\">\n\t\t\t\t\t<h1 class=\"elementor-heading-title elementor-size-default\">Conditions g\u00e9n\u00e9rales de vente<\/h1>\t\t\t\t<\/div>\n\t\t\t\t<\/div>\n\t\t\t\t\t<\/div>\n\t\t<\/div>\n\t\t\t\t\t<\/div>\n\t\t<\/section>\n\t\t\t\t<section class=\"elementor-section elementor-top-section elementor-element elementor-element-317b788 elementor-section-boxed elementor-section-height-default elementor-section-height-default\" data-id=\"317b788\" data-element_type=\"section\" data-e-type=\"section\">\n\t\t\t\t\t\t<div class=\"elementor-container elementor-column-gap-default\">\n\t\t\t\t\t<div class=\"elementor-column elementor-col-100 elementor-top-column elementor-element elementor-element-c6f9bf9\" data-id=\"c6f9bf9\" data-element_type=\"column\" data-e-type=\"column\">\n\t\t\t<div class=\"elementor-widget-wrap elementor-element-populated\">\n\t\t\t\t\t\t<div class=\"elementor-element elementor-element-fe9d904 elementor-widget elementor-widget-spacer\" data-id=\"fe9d904\" data-element_type=\"widget\" data-e-type=\"widget\" data-widget_type=\"spacer.default\">\n\t\t\t\t<div class=\"elementor-widget-container\">\n\t\t\t\t\t\t\t<div class=\"elementor-spacer\">\n\t\t\t<div class=\"elementor-spacer-inner\"><\/div>\n\t\t<\/div>\n\t\t\t\t\t\t<\/div>\n\t\t\t\t<\/div>\n\t\t\t\t<div class=\"elementor-element elementor-element-269713a elementor-widget elementor-widget-text-editor\" data-id=\"269713a\" data-element_type=\"widget\" data-e-type=\"widget\" data-widget_type=\"text-editor.default\">\n\t\t\t\t<div class=\"elementor-widget-container\">\n\t\t\t\t\t\t\t\t\t<p>Bienvenue chez Kurato<\/p><p>Die in den nachstehenden Links bereitgestellten Dokumente enthalten die allgemeinen Gesch\u00e4ftsbedingungen. Diese gelten f\u00fcr die Nutzung unserer Website und anderer von Kurato bereitgestellter Dienstleistungen (zusammen unsere &#8222;Dienstleistungen&#8220;) durch Dich (den &#8222;Benutzer&#8220;). Bevor Du eine unserer Dienstleistungen nutzt, lies bitte die f\u00fcr Dich relevanten Dokumente, damit Du die gesetzlichen Rechte und Pflichten sowie die Bedingungen, Einschr\u00e4nkungen und Ausschl\u00fcsse verstehen, die f\u00fcr Dich gelten.<\/p><p>Ces conditions s'appliquent \u00e0 tous les utilisateurs, qu'ils s'inscrivent ou non sur le site et qu'ils ach\u00e8tent ou vendent ou non des produits.<\/p><p><a href=\"https:\/\/kurato.ch\/wp-content\/uploads\/2024\/06\/20240620_Kurato_AGB.docx.pdf\" target=\"_blank\" rel=\"noopener\"><span style=\"text-decoration: underline;\">Conditions g\u00e9n\u00e9rales de vente\u00a0<\/span><\/a><\/p><p>En utilisant l'un de nos services (m\u00eame si vous ne faites que naviguer sur notre site), vous acceptez de respecter toutes les conditions qui vous sont applicables et vous acceptez notre politique de confidentialit\u00e9 :<\/p><p><span style=\"text-decoration: underline;\"><a href=\"https:\/\/kurato.ch\/fr\/datenschutz\/\" target=\"_blank\" rel=\"noopener\">D\u00e9claration de confidentialit\u00e9<\/a><\/span><\/p><p>SI VOUS N'\u00caTES PAS D'ACCORD AVEC NOS CONDITIONS G\u00c9N\u00c9RALES ET NOTRE POLITIQUE DE CONFIDENTIALIT\u00c9 &amp; COOKIES, VOUS NE DEVEZ PAS UTILISER NOS SERVICES.<\/p>\t\t\t\t\t\t\t\t<\/div>\n\t\t\t\t<\/div>\n\t\t\t\t\t<\/div>\n\t\t<\/div>\n\t\t\t\t\t<\/div>\n\t\t<\/section>\n\t\t\t\t<\/div>","protected":false},"excerpt":{"rendered":"<p>Allgemeine Gesch\u00e4ftsbedingungen Willkommen bei Kurato Die in den nachstehenden Links bereitgestellten Dokumente enthalten die allgemeinen Gesch\u00e4ftsbedingungen. Diese gelten f\u00fcr die Nutzung unserer Website und anderer von Kurato bereitgestellter Dienstleistungen (zusammen unsere &#8222;Dienstleistungen&#8220;) durch Dich (den &#8222;Benutzer&#8220;). Bevor Du eine unserer Dienstleistungen nutzt, lies bitte die f\u00fcr Dich relevanten Dokumente, damit Du die gesetzlichen Rechte und [&hellip;]<\/p>\n","protected":false},"author":1,"featured_media":0,"parent":0,"menu_order":0,"comment_status":"closed","ping_status":"closed","template":"","meta":{"_acf_changed":false,"site-sidebar-layout":"no-sidebar","site-content-layout":"page-builder","ast-site-content-layout":"default","site-content-style":"default","site-sidebar-style":"default","ast-global-header-display":"","ast-banner-title-visibility":"","ast-main-header-display":"","ast-hfb-above-header-display":"","ast-hfb-below-header-display":"","ast-hfb-mobile-header-display":"","site-post-title":"disabled","ast-breadcrumbs-content":"","ast-featured-img":"disabled","footer-sml-layout":"","ast-disable-related-posts":"","theme-transparent-header-meta":"default","adv-header-id-meta":"","stick-header-meta":"default","header-above-stick-meta":"","header-main-stick-meta":"","header-below-stick-meta":"","astra-migrate-meta-layouts":"default","ast-page-background-enabled":"default","ast-page-background-meta":{"desktop":{"background-color":"","background-image":"","background-repeat":"repeat","background-position":"center center","background-size":"auto","background-attachment":"scroll","background-type":"","background-media":"","overlay-type":"","overlay-color":"","overlay-opacity":"","overlay-gradient":""},"tablet":{"background-color":"","background-image":"","background-repeat":"repeat","background-position":"center center","background-size":"auto","background-attachment":"scroll","background-type":"","background-media":"","overlay-type":"","overlay-color":"","overlay-opacity":"","overlay-gradient":""},"mobile":{"background-color":"","background-image":"","background-repeat":"repeat","background-position":"center center","background-size":"auto","background-attachment":"scroll","background-type":"","background-media":"","overlay-type":"","overlay-color":"","overlay-opacity":"","overlay-gradient":""}},"ast-content-background-meta":{"desktop":{"background-color":"var(--ast-global-color-5)","background-image":"","background-repeat":"repeat","background-position":"center center","background-size":"auto","background-attachment":"scroll","background-type":"","background-media":"","overlay-type":"","overlay-color":"","overlay-opacity":"","overlay-gradient":""},"tablet":{"background-color":"var(--ast-global-color-5)","background-image":"","background-repeat":"repeat","background-position":"center center","background-size":"auto","background-attachment":"scroll","background-type":"","background-media":"","overlay-type":"","overlay-color":"","overlay-opacity":"","overlay-gradient":""},"mobile":{"background-color":"var(--ast-global-color-5)","background-image":"","background-repeat":"repeat","background-position":"center center","background-size":"auto","background-attachment":"scroll","background-type":"","background-media":"","overlay-type":"","overlay-color":"","overlay-opacity":"","overlay-gradient":""}},"footnotes":""},"class_list":["post-3471","page","type-page","status-publish","hentry"],"acf":[],"yoast_head":"<!-- This site is optimized with the Yoast SEO plugin v27.3 - https:\/\/yoast.com\/product\/yoast-seo-wordpress\/ -->\n<title>Unsere AGB - 2021 | KURATO.CH<\/title>\n<meta name=\"description\" content=\"In unseren AGB findest Du alle Bedingungen zur Nutzung des Online-Marktplatzes Kurato. Die Datenschutzerkl\u00e4rung erg\u00e4nzt unsere AGB.\" \/>\n<meta name=\"robots\" content=\"noindex, follow\" \/>\n<meta property=\"og:locale\" content=\"fr_FR\" \/>\n<meta property=\"og:type\" content=\"article\" \/>\n<meta property=\"og:title\" content=\"Unsere AGB - 2021 | KURATO.CH\" \/>\n<meta property=\"og:description\" content=\"In unseren AGB findest Du alle Bedingungen zur Nutzung des Online-Marktplatzes Kurato. Die Datenschutzerkl\u00e4rung erg\u00e4nzt unsere AGB.\" \/>\n<meta property=\"og:url\" content=\"https:\/\/kurato.ch\/fr\/agb\/\" \/>\n<meta property=\"og:site_name\" content=\"Vintage M\u00f6bel &amp; Dekoration I Kurato\" \/>\n<meta property=\"article:publisher\" content=\"https:\/\/www.facebook.com\/kuratoswitzerland\" \/>\n<meta property=\"article:modified_time\" content=\"2024-06-20T13:16:19+00:00\" \/>\n<meta property=\"og:image\" content=\"https:\/\/kurato.ch\/wp-content\/uploads\/2021\/01\/cropped-Kurato-Facivon-600x600-1-1.png\" \/>\n\t<meta property=\"og:image:width\" content=\"512\" \/>\n\t<meta property=\"og:image:height\" content=\"512\" \/>\n\t<meta property=\"og:image:type\" content=\"image\/png\" \/>\n<meta name=\"twitter:label1\" content=\"Dur\u00e9e de lecture estim\u00e9e\" \/>\n\t<meta name=\"twitter:data1\" content=\"1 minute\" \/>\n<script type=\"application\/ld+json\" class=\"yoast-schema-graph\">{\"@context\":\"https:\\\/\\\/schema.org\",\"@graph\":[{\"@type\":\"WebPage\",\"@id\":\"https:\\\/\\\/kurato.ch\\\/agb\\\/\",\"url\":\"https:\\\/\\\/kurato.ch\\\/agb\\\/\",\"name\":\"Unsere AGB - 2021 | KURATO.CH\",\"isPartOf\":{\"@id\":\"https:\\\/\\\/kurato.ch\\\/#website\"},\"datePublished\":\"2020-12-07T14:25:08+00:00\",\"dateModified\":\"2024-06-20T13:16:19+00:00\",\"description\":\"In unseren AGB findest Du alle Bedingungen zur Nutzung des Online-Marktplatzes Kurato. Die Datenschutzerkl\u00e4rung erg\u00e4nzt unsere AGB.\",\"breadcrumb\":{\"@id\":\"https:\\\/\\\/kurato.ch\\\/agb\\\/#breadcrumb\"},\"inLanguage\":\"fr-FR\",\"potentialAction\":[{\"@type\":\"ReadAction\",\"target\":[\"https:\\\/\\\/kurato.ch\\\/agb\\\/\"]}]},{\"@type\":\"BreadcrumbList\",\"@id\":\"https:\\\/\\\/kurato.ch\\\/agb\\\/#breadcrumb\",\"itemListElement\":[{\"@type\":\"ListItem\",\"position\":1,\"name\":\"Home\",\"item\":\"https:\\\/\\\/kurato.ch\\\/\"},{\"@type\":\"ListItem\",\"position\":2,\"name\":\"AGB\"}]},{\"@type\":\"WebSite\",\"@id\":\"https:\\\/\\\/kurato.ch\\\/#website\",\"url\":\"https:\\\/\\\/kurato.ch\\\/\",\"name\":\"Vintage M\u00f6bel &amp; Dekoration I Kurato\",\"description\":\"Vintage M\u00f6bel &amp; Dekoration I Kurato\",\"publisher\":{\"@id\":\"https:\\\/\\\/kurato.ch\\\/#organization\"},\"potentialAction\":[{\"@type\":\"SearchAction\",\"target\":{\"@type\":\"EntryPoint\",\"urlTemplate\":\"https:\\\/\\\/kurato.ch\\\/?s={search_term_string}\"},\"query-input\":{\"@type\":\"PropertyValueSpecification\",\"valueRequired\":true,\"valueName\":\"search_term_string\"}}],\"inLanguage\":\"fr-FR\"},{\"@type\":\"Organization\",\"@id\":\"https:\\\/\\\/kurato.ch\\\/#organization\",\"name\":\"Kurato.\",\"url\":\"https:\\\/\\\/kurato.ch\\\/\",\"logo\":{\"@type\":\"ImageObject\",\"inLanguage\":\"fr-FR\",\"@id\":\"https:\\\/\\\/kurato.ch\\\/#\\\/schema\\\/logo\\\/image\\\/\",\"url\":\"\",\"contentUrl\":\"\",\"caption\":\"Kurato.\"},\"image\":{\"@id\":\"https:\\\/\\\/kurato.ch\\\/#\\\/schema\\\/logo\\\/image\\\/\"},\"sameAs\":[\"https:\\\/\\\/www.facebook.com\\\/kuratoswitzerland\",\"https:\\\/\\\/www.instagram.com\\\/kurato.ch\\\/\",\"https:\\\/\\\/www.pinterest.ch\\\/kurato_ch\\\/_created\\\/\"]}]}<\/script>\n<!-- \/ Yoast SEO plugin. -->","yoast_head_json":{"title":"Unsere AGB - 2021 | KURATO.CH","description":"In unseren AGB findest Du alle Bedingungen zur Nutzung des Online-Marktplatzes Kurato. Die Datenschutzerkl\u00e4rung erg\u00e4nzt unsere AGB.","robots":{"index":"noindex","follow":"follow"},"og_locale":"fr_FR","og_type":"article","og_title":"Unsere AGB - 2021 | KURATO.CH","og_description":"In unseren AGB findest Du alle Bedingungen zur Nutzung des Online-Marktplatzes Kurato. Die Datenschutzerkl\u00e4rung erg\u00e4nzt unsere AGB.","og_url":"https:\/\/kurato.ch\/fr\/agb\/","og_site_name":"Vintage M\u00f6bel &amp; Dekoration I Kurato","article_publisher":"https:\/\/www.facebook.com\/kuratoswitzerland","article_modified_time":"2024-06-20T13:16:19+00:00","og_image":[{"width":512,"height":512,"url":"https:\/\/kurato.ch\/wp-content\/uploads\/2021\/01\/cropped-Kurato-Facivon-600x600-1-1.png","type":"image\/png"}],"twitter_misc":{"Dur\u00e9e de lecture estim\u00e9e":"1 minute"},"schema":{"@context":"https:\/\/schema.org","@graph":[{"@type":"WebPage","@id":"https:\/\/kurato.ch\/agb\/","url":"https:\/\/kurato.ch\/agb\/","name":"Unsere AGB - 2021 | KURATO.CH","isPartOf":{"@id":"https:\/\/kurato.ch\/#website"},"datePublished":"2020-12-07T14:25:08+00:00","dateModified":"2024-06-20T13:16:19+00:00","description":"In unseren AGB findest Du alle Bedingungen zur Nutzung des Online-Marktplatzes Kurato. Die Datenschutzerkl\u00e4rung erg\u00e4nzt unsere AGB.","breadcrumb":{"@id":"https:\/\/kurato.ch\/agb\/#breadcrumb"},"inLanguage":"fr-FR","potentialAction":[{"@type":"ReadAction","target":["https:\/\/kurato.ch\/agb\/"]}]},{"@type":"BreadcrumbList","@id":"https:\/\/kurato.ch\/agb\/#breadcrumb","itemListElement":[{"@type":"ListItem","position":1,"name":"Home","item":"https:\/\/kurato.ch\/"},{"@type":"ListItem","position":2,"name":"AGB"}]},{"@type":"WebSite","@id":"https:\/\/kurato.ch\/#website","url":"https:\/\/kurato.ch\/","name":"Meubles vintage &amp; d\u00e9coration I Kurato","description":"Meubles vintage &amp; d\u00e9coration I Kurato","publisher":{"@id":"https:\/\/kurato.ch\/#organization"},"potentialAction":[{"@type":"SearchAction","target":{"@type":"EntryPoint","urlTemplate":"https:\/\/kurato.ch\/?s={search_term_string}"},"query-input":{"@type":"PropertyValueSpecification","valueRequired":true,"valueName":"search_term_string"}}],"inLanguage":"fr-FR"},{"@type":"Organization","@id":"https:\/\/kurato.ch\/#organization","name":"Kurato.","url":"https:\/\/kurato.ch\/","logo":{"@type":"ImageObject","inLanguage":"fr-FR","@id":"https:\/\/kurato.ch\/#\/schema\/logo\/image\/","url":"","contentUrl":"","caption":"Kurato."},"image":{"@id":"https:\/\/kurato.ch\/#\/schema\/logo\/image\/"},"sameAs":["https:\/\/www.facebook.com\/kuratoswitzerland","https:\/\/www.instagram.com\/kurato.ch\/","https:\/\/www.pinterest.ch\/kurato_ch\/_created\/"]}]}},"_links":{"self":[{"href":"https:\/\/kurato.ch\/fr\/wp-json\/wp\/v2\/pages\/3471","targetHints":{"allow":["GET"]}}],"collection":[{"href":"https:\/\/kurato.ch\/fr\/wp-json\/wp\/v2\/pages"}],"about":[{"href":"https:\/\/kurato.ch\/fr\/wp-json\/wp\/v2\/types\/page"}],"author":[{"embeddable":true,"href":"https:\/\/kurato.ch\/fr\/wp-json\/wp\/v2\/users\/1"}],"replies":[{"embeddable":true,"href":"https:\/\/kurato.ch\/fr\/wp-json\/wp\/v2\/comments?post=3471"}],"version-history":[{"count":41,"href":"https:\/\/kurato.ch\/fr\/wp-json\/wp\/v2\/pages\/3471\/revisions"}],"predecessor-version":[{"id":58022,"href":"https:\/\/kurato.ch\/fr\/wp-json\/wp\/v2\/pages\/3471\/revisions\/58022"}],"wp:attachment":[{"href":"https:\/\/kurato.ch\/fr\/wp-json\/wp\/v2\/media?parent=3471"}],"curies":[{"name":"wp","href":"https:\/\/api.w.org\/{rel}","templated":true}]}}