{"id":14762,"date":"2021-04-15T10:08:11","date_gmt":"2021-04-15T08:08:11","guid":{"rendered":"https:\/\/kurato.ch\/?post_type=product&#038;p=14762"},"modified":"2021-05-28T15:21:34","modified_gmt":"2021-05-28T13:21:34","slug":"alu-stuehle-kurt-thut-fuer-seledue","status":"publish","type":"product","link":"https:\/\/kurato.ch\/fr\/product\/alu-stuehle-kurt-thut-fuer-seledue\/","title":{"rendered":"Chaises en aluminium Kurt Thut pour Seledue"},"content":{"rendered":"<p>Chaises en aluminium du designer suisse Kurt Thut (1931-2011) pour le fabricant Seledue. Il s'agit du mod\u00e8le Alu 3\/4, dont la conception date de 1987. Le mod\u00e8le original a \u00e9t\u00e9 con\u00e7u comme une chaise \u00e0 trois pieds, mais une version \u00e0 quatre pieds a \u00e9galement \u00e9t\u00e9 cr\u00e9\u00e9e pour l'exportation.<\/p>\n<p>Les chaises propos\u00e9es sont des mod\u00e8les \u00e0 trois pieds. Les chaises sont fabriqu\u00e9es en aluminium et les coussins d'assise sont en plastique caoutchout\u00e9.<\/p>","protected":false},"excerpt":{"rendered":"<p>Alu-St\u00fchle des Schweizer Designers Kurt Thut (1931-2011) f\u00fcr den Hersteller Seledue. Es handelt sich bei den St\u00fchlen um das Modell Alu 3\/4, deren Entwurf aus dem Jahr 1987 stammt. Das Original Stuhlmodell wurde als Dreibeiner entworfen, jedoch gab es f\u00fcr den Export auch eine vierbeinige Version. Bei den angebotenen St\u00fchlen handelt es sich um die [&hellip;]<\/p>\n","protected":false},"featured_media":14881,"template":"","meta":{"_acf_changed":false,"site-sidebar-layout":"default","site-content-layout":"default","ast-site-content-layout":"default","site-content-style":"default","site-sidebar-style":"default","ast-global-header-display":"","ast-banner-title-visibility":"","ast-main-header-display":"","ast-hfb-above-header-display":"","ast-hfb-below-header-display":"","ast-hfb-mobile-header-display":"","site-post-title":"","ast-breadcrumbs-content":"","ast-featured-img":"","footer-sml-layout":"","ast-disable-related-posts":"","theme-transparent-header-meta":"default","adv-header-id-meta":"","stick-header-meta":"default","header-above-stick-meta":"","header-main-stick-meta":"","header-below-stick-meta":"","astra-migrate-meta-layouts":"default","ast-page-background-enabled":"default","ast-page-background-meta":{"desktop":{"background-color":"","background-image":"","background-repeat":"repeat","background-position":"center center","background-size":"auto","background-attachment":"scroll","background-type":"","background-media":"","overlay-type":"","overlay-color":"","overlay-opacity":"","overlay-gradient":""},"tablet":{"background-color":"","background-image":"","background-repeat":"repeat","background-position":"center center","background-size":"auto","background-attachment":"scroll","background-type":"","background-media":"","overlay-type":"","overlay-color":"","overlay-opacity":"","overlay-gradient":""},"mobile":{"background-color":"","background-image":"","background-repeat":"repeat","background-position":"center center","background-size":"auto","background-attachment":"scroll","background-type":"","background-media":"","overlay-type":"","overlay-color":"","overlay-opacity":"","overlay-gradient":""}},"ast-content-background-meta":{"desktop":{"background-color":"var(--ast-global-color-5)","background-image":"","background-repeat":"repeat","background-position":"center center","background-size":"auto","background-attachment":"scroll","background-type":"","background-media":"","overlay-type":"","overlay-color":"","overlay-opacity":"","overlay-gradient":""},"tablet":{"background-color":"var(--ast-global-color-5)","background-image":"","background-repeat":"repeat","background-position":"center center","background-size":"auto","background-attachment":"scroll","background-type":"","background-media":"","overlay-type":"","overlay-color":"","overlay-opacity":"","overlay-gradient":""},"mobile":{"background-color":"var(--ast-global-color-5)","background-image":"","background-repeat":"repeat","background-position":"center center","background-size":"auto","background-attachment":"scroll","background-type":"","background-media":"","overlay-type":"","overlay-color":"","overlay-opacity":"","overlay-gradient":""}}},"product_brand":[],"product_cat":[429,165,163],"product_tag":[],"class_list":{"0":"post-14762","1":"product","2":"type-product","3":"status-publish","4":"has-post-thumbnail","6":"product_cat-alle-anderen-stuehle","7":"product_cat-vintage-esszimmerstuehle","8":"product_cat-vintage-stuhl","9":"pa_designer-seledue","10":"pa_designer-thut-kurt","11":"pa_farbe-silber","12":"pa_material-metall","13":"pa_standort-mittelland","14":"pa_stil-industriell","15":"desktop-align-left","16":"tablet-align-left","17":"mobile-align-left","19":"first","20":"outofstock","21":"shipping-taxable","22":"purchasable","23":"product-type-simple"},"acf":[],"yoast_head":"<!-- This site is optimized with the Yoast SEO plugin v27.4 - https:\/\/yoast.com\/product\/yoast-seo-wordpress\/ -->\n<title>Alu-St\u00fchle Kurt Thut f\u00fcr Seledue | Vintage M\u00f6bel kaufen auf KURATO.CH<\/title>\n<meta name=\"description\" content=\"Entdecke Vintage M\u00f6bel &amp; Dekoration \u27a4 Alu-St\u00fchle Kurt Thut f\u00fcr Seledue auf Kurato. \u2713Lieferung Schweiz \u271314-Tage R\u00fcckgabe \u2713Secondhand Unikat\" \/>\n<meta name=\"robots\" content=\"index, follow, max-snippet:-1, max-image-preview:large, max-video-preview:-1\" \/>\n<link rel=\"canonical\" href=\"https:\/\/kurato.ch\/fr\/product\/alu-stuehle-kurt-thut-fuer-seledue\/\" \/>\n<meta property=\"og:locale\" content=\"fr_FR\" \/>\n<meta property=\"og:type\" content=\"article\" \/>\n<meta property=\"og:title\" content=\"Alu-St\u00fchle Kurt Thut f\u00fcr Seledue | Vintage M\u00f6bel kaufen auf KURATO.CH\" \/>\n<meta property=\"og:description\" content=\"Entdecke Vintage M\u00f6bel &amp; Dekoration \u27a4 Alu-St\u00fchle Kurt Thut f\u00fcr Seledue auf Kurato. \u2713Lieferung Schweiz \u271314-Tage R\u00fcckgabe \u2713Secondhand Unikat\" \/>\n<meta property=\"og:url\" content=\"https:\/\/kurato.ch\/fr\/product\/alu-stuehle-kurt-thut-fuer-seledue\/\" \/>\n<meta property=\"og:site_name\" content=\"Vintage M\u00f6bel &amp; Dekoration I Kurato\" \/>\n<meta property=\"article:publisher\" content=\"https:\/\/www.facebook.com\/kuratoswitzerland\" \/>\n<meta property=\"article:modified_time\" content=\"2021-05-28T13:21:34+00:00\" \/>\n<meta property=\"og:image\" content=\"https:\/\/kurato.ch\/wp-content\/uploads\/2021\/04\/Secondhand-Vintage-Moebel-Dekoration-Schweiz-2-17.jpg\" \/>\n\t<meta property=\"og:image:width\" content=\"800\" \/>\n\t<meta property=\"og:image:height\" content=\"800\" \/>\n\t<meta property=\"og:image:type\" content=\"image\/jpeg\" \/>\n<script type=\"application\/ld+json\" class=\"yoast-schema-graph\">{\"@context\":\"https:\\\/\\\/schema.org\",\"@graph\":[{\"@type\":\"WebPage\",\"@id\":\"https:\\\/\\\/kurato.ch\\\/product\\\/alu-stuehle-kurt-thut-fuer-seledue\\\/\",\"url\":\"https:\\\/\\\/kurato.ch\\\/product\\\/alu-stuehle-kurt-thut-fuer-seledue\\\/\",\"name\":\"Alu-St\u00fchle Kurt Thut f\u00fcr Seledue | Vintage M\u00f6bel kaufen auf KURATO.CH\",\"isPartOf\":{\"@id\":\"https:\\\/\\\/kurato.ch\\\/#website\"},\"primaryImageOfPage\":{\"@id\":\"https:\\\/\\\/kurato.ch\\\/product\\\/alu-stuehle-kurt-thut-fuer-seledue\\\/#primaryimage\"},\"image\":{\"@id\":\"https:\\\/\\\/kurato.ch\\\/product\\\/alu-stuehle-kurt-thut-fuer-seledue\\\/#primaryimage\"},\"thumbnailUrl\":\"https:\\\/\\\/kurato.ch\\\/wp-content\\\/uploads\\\/2021\\\/04\\\/Secondhand-Vintage-Moebel-Dekoration-Schweiz-2-17.jpg\",\"datePublished\":\"2021-04-15T08:08:11+00:00\",\"dateModified\":\"2021-05-28T13:21:34+00:00\",\"description\":\"Entdecke Vintage M\u00f6bel & Dekoration \u27a4 Alu-St\u00fchle Kurt Thut f\u00fcr Seledue auf Kurato. \u2713Lieferung Schweiz \u271314-Tage R\u00fcckgabe \u2713Secondhand Unikat\",\"breadcrumb\":{\"@id\":\"https:\\\/\\\/kurato.ch\\\/product\\\/alu-stuehle-kurt-thut-fuer-seledue\\\/#breadcrumb\"},\"inLanguage\":\"fr-FR\",\"potentialAction\":[{\"@type\":\"ReadAction\",\"target\":[\"https:\\\/\\\/kurato.ch\\\/product\\\/alu-stuehle-kurt-thut-fuer-seledue\\\/\"]}]},{\"@type\":\"ImageObject\",\"inLanguage\":\"fr-FR\",\"@id\":\"https:\\\/\\\/kurato.ch\\\/product\\\/alu-stuehle-kurt-thut-fuer-seledue\\\/#primaryimage\",\"url\":\"https:\\\/\\\/kurato.ch\\\/wp-content\\\/uploads\\\/2021\\\/04\\\/Secondhand-Vintage-Moebel-Dekoration-Schweiz-2-17.jpg\",\"contentUrl\":\"https:\\\/\\\/kurato.ch\\\/wp-content\\\/uploads\\\/2021\\\/04\\\/Secondhand-Vintage-Moebel-Dekoration-Schweiz-2-17.jpg\",\"width\":800,\"height\":800,\"caption\":\"Alu-St\u00fchle Kurt Thur Seledne\"},{\"@type\":\"BreadcrumbList\",\"@id\":\"https:\\\/\\\/kurato.ch\\\/product\\\/alu-stuehle-kurt-thut-fuer-seledue\\\/#breadcrumb\",\"itemListElement\":[{\"@type\":\"ListItem\",\"position\":1,\"name\":\"Home\",\"item\":\"https:\\\/\\\/kurato.ch\\\/\"},{\"@type\":\"ListItem\",\"position\":2,\"name\":\"Neuheiten\",\"item\":\"https:\\\/\\\/kurato.ch\\\/neuheiten\\\/\"},{\"@type\":\"ListItem\",\"position\":3,\"name\":\"Alu-St\u00fchle Kurt Thut f\u00fcr Seledue\"}]},{\"@type\":\"WebSite\",\"@id\":\"https:\\\/\\\/kurato.ch\\\/#website\",\"url\":\"https:\\\/\\\/kurato.ch\\\/\",\"name\":\"Vintage M\u00f6bel &amp; Dekoration I Kurato\",\"description\":\"Vintage M\u00f6bel &amp; Dekoration I Kurato\",\"publisher\":{\"@id\":\"https:\\\/\\\/kurato.ch\\\/#organization\"},\"potentialAction\":[{\"@type\":\"SearchAction\",\"target\":{\"@type\":\"EntryPoint\",\"urlTemplate\":\"https:\\\/\\\/kurato.ch\\\/?s={search_term_string}\"},\"query-input\":{\"@type\":\"PropertyValueSpecification\",\"valueRequired\":true,\"valueName\":\"search_term_string\"}}],\"inLanguage\":\"fr-FR\"},{\"@type\":\"Organization\",\"@id\":\"https:\\\/\\\/kurato.ch\\\/#organization\",\"name\":\"Kurato.\",\"url\":\"https:\\\/\\\/kurato.ch\\\/\",\"logo\":{\"@type\":\"ImageObject\",\"inLanguage\":\"fr-FR\",\"@id\":\"https:\\\/\\\/kurato.ch\\\/#\\\/schema\\\/logo\\\/image\\\/\",\"url\":\"\",\"contentUrl\":\"\",\"caption\":\"Kurato.\"},\"image\":{\"@id\":\"https:\\\/\\\/kurato.ch\\\/#\\\/schema\\\/logo\\\/image\\\/\"},\"sameAs\":[\"https:\\\/\\\/www.facebook.com\\\/kuratoswitzerland\",\"https:\\\/\\\/www.instagram.com\\\/kurato.ch\\\/\",\"https:\\\/\\\/www.pinterest.ch\\\/kurato_ch\\\/_created\\\/\"]}]}<\/script>\n<!-- \/ Yoast SEO plugin. -->","yoast_head_json":{"title":"Alu-St\u00fchle Kurt Thut f\u00fcr Seledue | Vintage M\u00f6bel kaufen auf KURATO.CH","description":"Entdecke Vintage M\u00f6bel & Dekoration \u27a4 Alu-St\u00fchle Kurt Thut f\u00fcr Seledue auf Kurato. \u2713Lieferung Schweiz \u271314-Tage R\u00fcckgabe \u2713Secondhand Unikat","robots":{"index":"index","follow":"follow","max-snippet":"max-snippet:-1","max-image-preview":"max-image-preview:large","max-video-preview":"max-video-preview:-1"},"canonical":"https:\/\/kurato.ch\/fr\/product\/alu-stuehle-kurt-thut-fuer-seledue\/","og_locale":"fr_FR","og_type":"article","og_title":"Alu-St\u00fchle Kurt Thut f\u00fcr Seledue | Vintage M\u00f6bel kaufen auf KURATO.CH","og_description":"Entdecke Vintage M\u00f6bel & Dekoration \u27a4 Alu-St\u00fchle Kurt Thut f\u00fcr Seledue auf Kurato. \u2713Lieferung Schweiz \u271314-Tage R\u00fcckgabe \u2713Secondhand Unikat","og_url":"https:\/\/kurato.ch\/fr\/product\/alu-stuehle-kurt-thut-fuer-seledue\/","og_site_name":"Vintage M\u00f6bel &amp; Dekoration I Kurato","article_publisher":"https:\/\/www.facebook.com\/kuratoswitzerland","article_modified_time":"2021-05-28T13:21:34+00:00","og_image":[{"width":800,"height":800,"url":"https:\/\/kurato.ch\/wp-content\/uploads\/2021\/04\/Secondhand-Vintage-Moebel-Dekoration-Schweiz-2-17.jpg","type":"image\/jpeg"}],"schema":{"@context":"https:\/\/schema.org","@graph":[{"@type":"WebPage","@id":"https:\/\/kurato.ch\/product\/alu-stuehle-kurt-thut-fuer-seledue\/","url":"https:\/\/kurato.ch\/product\/alu-stuehle-kurt-thut-fuer-seledue\/","name":"Alu-St\u00fchle Kurt Thut f\u00fcr Seledue | Vintage M\u00f6bel kaufen auf KURATO.CH","isPartOf":{"@id":"https:\/\/kurato.ch\/#website"},"primaryImageOfPage":{"@id":"https:\/\/kurato.ch\/product\/alu-stuehle-kurt-thut-fuer-seledue\/#primaryimage"},"image":{"@id":"https:\/\/kurato.ch\/product\/alu-stuehle-kurt-thut-fuer-seledue\/#primaryimage"},"thumbnailUrl":"https:\/\/kurato.ch\/wp-content\/uploads\/2021\/04\/Secondhand-Vintage-Moebel-Dekoration-Schweiz-2-17.jpg","datePublished":"2021-04-15T08:08:11+00:00","dateModified":"2021-05-28T13:21:34+00:00","description":"Entdecke Vintage M\u00f6bel & Dekoration \u27a4 Alu-St\u00fchle Kurt Thut f\u00fcr Seledue auf Kurato. \u2713Lieferung Schweiz \u271314-Tage R\u00fcckgabe \u2713Secondhand Unikat","breadcrumb":{"@id":"https:\/\/kurato.ch\/product\/alu-stuehle-kurt-thut-fuer-seledue\/#breadcrumb"},"inLanguage":"fr-FR","potentialAction":[{"@type":"ReadAction","target":["https:\/\/kurato.ch\/product\/alu-stuehle-kurt-thut-fuer-seledue\/"]}]},{"@type":"ImageObject","inLanguage":"fr-FR","@id":"https:\/\/kurato.ch\/product\/alu-stuehle-kurt-thut-fuer-seledue\/#primaryimage","url":"https:\/\/kurato.ch\/wp-content\/uploads\/2021\/04\/Secondhand-Vintage-Moebel-Dekoration-Schweiz-2-17.jpg","contentUrl":"https:\/\/kurato.ch\/wp-content\/uploads\/2021\/04\/Secondhand-Vintage-Moebel-Dekoration-Schweiz-2-17.jpg","width":800,"height":800,"caption":"Alu-St\u00fchle Kurt Thur Seledne"},{"@type":"BreadcrumbList","@id":"https:\/\/kurato.ch\/product\/alu-stuehle-kurt-thut-fuer-seledue\/#breadcrumb","itemListElement":[{"@type":"ListItem","position":1,"name":"Home","item":"https:\/\/kurato.ch\/"},{"@type":"ListItem","position":2,"name":"Neuheiten","item":"https:\/\/kurato.ch\/neuheiten\/"},{"@type":"ListItem","position":3,"name":"Alu-St\u00fchle Kurt Thut f\u00fcr Seledue"}]},{"@type":"WebSite","@id":"https:\/\/kurato.ch\/#website","url":"https:\/\/kurato.ch\/","name":"Meubles vintage &amp; d\u00e9coration I Kurato","description":"Meubles vintage &amp; d\u00e9coration I Kurato","publisher":{"@id":"https:\/\/kurato.ch\/#organization"},"potentialAction":[{"@type":"SearchAction","target":{"@type":"EntryPoint","urlTemplate":"https:\/\/kurato.ch\/?s={search_term_string}"},"query-input":{"@type":"PropertyValueSpecification","valueRequired":true,"valueName":"search_term_string"}}],"inLanguage":"fr-FR"},{"@type":"Organization","@id":"https:\/\/kurato.ch\/#organization","name":"Kurato.","url":"https:\/\/kurato.ch\/","logo":{"@type":"ImageObject","inLanguage":"fr-FR","@id":"https:\/\/kurato.ch\/#\/schema\/logo\/image\/","url":"","contentUrl":"","caption":"Kurato."},"image":{"@id":"https:\/\/kurato.ch\/#\/schema\/logo\/image\/"},"sameAs":["https:\/\/www.facebook.com\/kuratoswitzerland","https:\/\/www.instagram.com\/kurato.ch\/","https:\/\/www.pinterest.ch\/kurato_ch\/_created\/"]}]}},"_links":{"self":[{"href":"https:\/\/kurato.ch\/fr\/wp-json\/wp\/v2\/product\/14762","targetHints":{"allow":["GET"]}}],"collection":[{"href":"https:\/\/kurato.ch\/fr\/wp-json\/wp\/v2\/product"}],"about":[{"href":"https:\/\/kurato.ch\/fr\/wp-json\/wp\/v2\/types\/product"}],"wp:featuredmedia":[{"embeddable":true,"href":"https:\/\/kurato.ch\/fr\/wp-json\/wp\/v2\/media\/14881"}],"wp:attachment":[{"href":"https:\/\/kurato.ch\/fr\/wp-json\/wp\/v2\/media?parent=14762"}],"wp:term":[{"taxonomy":"product_brand","embeddable":true,"href":"https:\/\/kurato.ch\/fr\/wp-json\/wp\/v2\/product_brand?post=14762"},{"taxonomy":"product_cat","embeddable":true,"href":"https:\/\/kurato.ch\/fr\/wp-json\/wp\/v2\/product_cat?post=14762"},{"taxonomy":"product_tag","embeddable":true,"href":"https:\/\/kurato.ch\/fr\/wp-json\/wp\/v2\/product_tag?post=14762"}],"curies":[{"name":"wp","href":"https:\/\/api.w.org\/{rel}","templated":true}]}}