{"id":17894,"date":"2021-06-09T19:25:19","date_gmt":"2021-06-09T17:25:19","guid":{"rendered":"https:\/\/kurato.ch\/?post_type=product&#038;p=17894"},"modified":"2022-08-02T13:34:35","modified_gmt":"2022-08-02T11:34:35","slug":"vintage-lampe-baltensweiler-typ-600","status":"publish","type":"product","link":"https:\/\/kurato.ch\/fr\/product\/vintage-lampe-baltensweiler-typ-600\/","title":{"rendered":"Lampe vintage Baltensweiler Type 600"},"content":{"rendered":"<p>Lampadaire vintage con\u00e7u par Rosemarie &amp; Rico Baltensweiler Type 600. Ce mod\u00e8le a \u00e9t\u00e9 d\u00e9velopp\u00e9 par les deux designers en 1951 pour leur propre usage. Le mod\u00e8le est toujours en vente dans les magasins de d\u00e9coration exclusifs. Auparavant, des s\u00e9ries de 100 \u00e0 500 pi\u00e8ces \u00e9taient produites - aujourd'hui, les amateurs peuvent se procurer cette lampe en plus petites s\u00e9ries.<\/p>","protected":false},"excerpt":{"rendered":"<p>Lampadaire vintage con\u00e7u par Rosemarie &amp; Rico Baltensweiler Type 600. Ce mod\u00e8le a \u00e9t\u00e9 d\u00e9velopp\u00e9 par les deux designers en 1951 pour leur propre usage. Le mod\u00e8le est toujours en vente dans les magasins de d\u00e9coration exclusifs. Auparavant, des s\u00e9ries de 100 \u00e0 500 pi\u00e8ces \u00e9taient produites - aujourd'hui, les amateurs peuvent se procurer cette lampe en plus petites s\u00e9ries.<\/p>","protected":false},"featured_media":18101,"template":"","meta":{"_acf_changed":false,"site-sidebar-layout":"default","site-content-layout":"default","ast-site-content-layout":"default","site-content-style":"default","site-sidebar-style":"default","ast-global-header-display":"","ast-banner-title-visibility":"","ast-main-header-display":"","ast-hfb-above-header-display":"","ast-hfb-below-header-display":"","ast-hfb-mobile-header-display":"","site-post-title":"","ast-breadcrumbs-content":"","ast-featured-img":"","footer-sml-layout":"","ast-disable-related-posts":"","theme-transparent-header-meta":"default","adv-header-id-meta":"","stick-header-meta":"default","header-above-stick-meta":"","header-main-stick-meta":"","header-below-stick-meta":"","astra-migrate-meta-layouts":"default","ast-page-background-enabled":"default","ast-page-background-meta":{"desktop":{"background-color":"","background-image":"","background-repeat":"repeat","background-position":"center center","background-size":"auto","background-attachment":"scroll","background-type":"","background-media":"","overlay-type":"","overlay-color":"","overlay-opacity":"","overlay-gradient":""},"tablet":{"background-color":"","background-image":"","background-repeat":"repeat","background-position":"center center","background-size":"auto","background-attachment":"scroll","background-type":"","background-media":"","overlay-type":"","overlay-color":"","overlay-opacity":"","overlay-gradient":""},"mobile":{"background-color":"","background-image":"","background-repeat":"repeat","background-position":"center center","background-size":"auto","background-attachment":"scroll","background-type":"","background-media":"","overlay-type":"","overlay-color":"","overlay-opacity":"","overlay-gradient":""}},"ast-content-background-meta":{"desktop":{"background-color":"var(--ast-global-color-5)","background-image":"","background-repeat":"repeat","background-position":"center center","background-size":"auto","background-attachment":"scroll","background-type":"","background-media":"","overlay-type":"","overlay-color":"","overlay-opacity":"","overlay-gradient":""},"tablet":{"background-color":"var(--ast-global-color-5)","background-image":"","background-repeat":"repeat","background-position":"center center","background-size":"auto","background-attachment":"scroll","background-type":"","background-media":"","overlay-type":"","overlay-color":"","overlay-opacity":"","overlay-gradient":""},"mobile":{"background-color":"var(--ast-global-color-5)","background-image":"","background-repeat":"repeat","background-position":"center center","background-size":"auto","background-attachment":"scroll","background-type":"","background-media":"","overlay-type":"","overlay-color":"","overlay-opacity":"","overlay-gradient":""}}},"product_brand":[],"product_cat":[69],"product_tag":[],"class_list":{"0":"post-17894","1":"product","2":"type-product","3":"status-publish","4":"has-post-thumbnail","6":"product_cat-vintage-stehlampe","7":"pa_designer-baltensweiler-rosemarie-rico","8":"pa_farbe-schwarz","9":"pa_material-metall","10":"pa_standort-mittelland","11":"pa_stil-design","12":"desktop-align-left","13":"tablet-align-left","14":"mobile-align-left","16":"first","17":"outofstock","18":"sold-individually","19":"shipping-taxable","20":"purchasable","21":"product-type-simple"},"acf":[],"yoast_head":"<!-- This site is optimized with the Yoast SEO plugin v27.5 - https:\/\/yoast.com\/product\/yoast-seo-wordpress\/ -->\n<title>Vintage Lampe Baltensweiler Type 600 | Vintage M\u00f6bel kaufen auf KURATO.CH<\/title>\n<meta name=\"description\" content=\"Vintage Baltensweiler Lampe Type 600. Die Stehlampe wurde 1951 von Rico &amp; Rosemarie Baltensweiler designt und z\u00e4hlt zu den Designklassikern.\" \/>\n<meta name=\"robots\" content=\"index, follow, max-snippet:-1, max-image-preview:large, max-video-preview:-1\" \/>\n<link rel=\"canonical\" href=\"https:\/\/kurato.ch\/fr\/product\/vintage-lampe-baltensweiler-typ-600\/\" \/>\n<meta property=\"og:locale\" content=\"fr_FR\" \/>\n<meta property=\"og:type\" content=\"article\" \/>\n<meta property=\"og:title\" content=\"Vintage Lampe Baltensweiler Type 600 | Vintage M\u00f6bel kaufen auf KURATO.CH\" \/>\n<meta property=\"og:description\" content=\"Vintage Baltensweiler Lampe Type 600. Die Stehlampe wurde 1951 von Rico &amp; Rosemarie Baltensweiler designt und z\u00e4hlt zu den Designklassikern.\" \/>\n<meta property=\"og:url\" content=\"https:\/\/kurato.ch\/fr\/product\/vintage-lampe-baltensweiler-typ-600\/\" \/>\n<meta property=\"og:site_name\" content=\"Vintage M\u00f6bel &amp; Dekoration I Kurato\" \/>\n<meta property=\"article:publisher\" content=\"https:\/\/www.facebook.com\/kuratoswitzerland\" \/>\n<meta property=\"article:modified_time\" content=\"2022-08-02T11:34:35+00:00\" \/>\n<meta property=\"og:image\" content=\"https:\/\/kurato.ch\/wp-content\/uploads\/2021\/06\/Secondhand-Vintage-Mo\u0308bel-Dekoration-Schweiz-87.jpg\" \/>\n\t<meta property=\"og:image:width\" content=\"800\" \/>\n\t<meta property=\"og:image:height\" content=\"800\" \/>\n\t<meta property=\"og:image:type\" content=\"image\/jpeg\" \/>\n<script type=\"application\/ld+json\" class=\"yoast-schema-graph\">{\"@context\":\"https:\\\/\\\/schema.org\",\"@graph\":[{\"@type\":\"WebPage\",\"@id\":\"https:\\\/\\\/kurato.ch\\\/product\\\/vintage-lampe-baltensweiler-typ-600\\\/\",\"url\":\"https:\\\/\\\/kurato.ch\\\/product\\\/vintage-lampe-baltensweiler-typ-600\\\/\",\"name\":\"Vintage Lampe Baltensweiler Type 600 | Vintage M\u00f6bel kaufen auf KURATO.CH\",\"isPartOf\":{\"@id\":\"https:\\\/\\\/kurato.ch\\\/#website\"},\"primaryImageOfPage\":{\"@id\":\"https:\\\/\\\/kurato.ch\\\/product\\\/vintage-lampe-baltensweiler-typ-600\\\/#primaryimage\"},\"image\":{\"@id\":\"https:\\\/\\\/kurato.ch\\\/product\\\/vintage-lampe-baltensweiler-typ-600\\\/#primaryimage\"},\"thumbnailUrl\":\"https:\\\/\\\/kurato.ch\\\/wp-content\\\/uploads\\\/2021\\\/06\\\/Secondhand-Vintage-Mo\u0308bel-Dekoration-Schweiz-87.jpg\",\"datePublished\":\"2021-06-09T17:25:19+00:00\",\"dateModified\":\"2022-08-02T11:34:35+00:00\",\"description\":\"Vintage Baltensweiler Lampe Type 600. Die Stehlampe wurde 1951 von Rico & Rosemarie Baltensweiler designt und z\u00e4hlt zu den Designklassikern.\",\"breadcrumb\":{\"@id\":\"https:\\\/\\\/kurato.ch\\\/product\\\/vintage-lampe-baltensweiler-typ-600\\\/#breadcrumb\"},\"inLanguage\":\"fr-FR\",\"potentialAction\":[{\"@type\":\"ReadAction\",\"target\":[\"https:\\\/\\\/kurato.ch\\\/product\\\/vintage-lampe-baltensweiler-typ-600\\\/\"]}]},{\"@type\":\"ImageObject\",\"inLanguage\":\"fr-FR\",\"@id\":\"https:\\\/\\\/kurato.ch\\\/product\\\/vintage-lampe-baltensweiler-typ-600\\\/#primaryimage\",\"url\":\"https:\\\/\\\/kurato.ch\\\/wp-content\\\/uploads\\\/2021\\\/06\\\/Secondhand-Vintage-Mo\u0308bel-Dekoration-Schweiz-87.jpg\",\"contentUrl\":\"https:\\\/\\\/kurato.ch\\\/wp-content\\\/uploads\\\/2021\\\/06\\\/Secondhand-Vintage-Mo\u0308bel-Dekoration-Schweiz-87.jpg\",\"width\":800,\"height\":800,\"caption\":\"Baltensweiler Lampe Typ 600 Secondhand Vintage Mo\u0308bel Dekoration Schweiz\"},{\"@type\":\"BreadcrumbList\",\"@id\":\"https:\\\/\\\/kurato.ch\\\/product\\\/vintage-lampe-baltensweiler-typ-600\\\/#breadcrumb\",\"itemListElement\":[{\"@type\":\"ListItem\",\"position\":1,\"name\":\"Home\",\"item\":\"https:\\\/\\\/kurato.ch\\\/\"},{\"@type\":\"ListItem\",\"position\":2,\"name\":\"Neuheiten\",\"item\":\"https:\\\/\\\/kurato.ch\\\/neuheiten\\\/\"},{\"@type\":\"ListItem\",\"position\":3,\"name\":\"Vintage Lampe Baltensweiler Type 600\"}]},{\"@type\":\"WebSite\",\"@id\":\"https:\\\/\\\/kurato.ch\\\/#website\",\"url\":\"https:\\\/\\\/kurato.ch\\\/\",\"name\":\"Vintage M\u00f6bel &amp; Dekoration I Kurato\",\"description\":\"Vintage M\u00f6bel &amp; Dekoration I Kurato\",\"publisher\":{\"@id\":\"https:\\\/\\\/kurato.ch\\\/#organization\"},\"potentialAction\":[{\"@type\":\"SearchAction\",\"target\":{\"@type\":\"EntryPoint\",\"urlTemplate\":\"https:\\\/\\\/kurato.ch\\\/?s={search_term_string}\"},\"query-input\":{\"@type\":\"PropertyValueSpecification\",\"valueRequired\":true,\"valueName\":\"search_term_string\"}}],\"inLanguage\":\"fr-FR\"},{\"@type\":\"Organization\",\"@id\":\"https:\\\/\\\/kurato.ch\\\/#organization\",\"name\":\"Kurato.\",\"url\":\"https:\\\/\\\/kurato.ch\\\/\",\"logo\":{\"@type\":\"ImageObject\",\"inLanguage\":\"fr-FR\",\"@id\":\"https:\\\/\\\/kurato.ch\\\/#\\\/schema\\\/logo\\\/image\\\/\",\"url\":\"\",\"contentUrl\":\"\",\"caption\":\"Kurato.\"},\"image\":{\"@id\":\"https:\\\/\\\/kurato.ch\\\/#\\\/schema\\\/logo\\\/image\\\/\"},\"sameAs\":[\"https:\\\/\\\/www.facebook.com\\\/kuratoswitzerland\",\"https:\\\/\\\/www.instagram.com\\\/kurato.ch\\\/\",\"https:\\\/\\\/www.pinterest.ch\\\/kurato_ch\\\/_created\\\/\"]}]}<\/script>\n<!-- \/ Yoast SEO plugin. -->","yoast_head_json":{"title":"Vintage Lampe Baltensweiler Type 600 | Vintage M\u00f6bel kaufen auf KURATO.CH","description":"Vintage Baltensweiler Lampe Type 600. Die Stehlampe wurde 1951 von Rico & Rosemarie Baltensweiler designt und z\u00e4hlt zu den Designklassikern.","robots":{"index":"index","follow":"follow","max-snippet":"max-snippet:-1","max-image-preview":"max-image-preview:large","max-video-preview":"max-video-preview:-1"},"canonical":"https:\/\/kurato.ch\/fr\/product\/vintage-lampe-baltensweiler-typ-600\/","og_locale":"fr_FR","og_type":"article","og_title":"Vintage Lampe Baltensweiler Type 600 | Vintage M\u00f6bel kaufen auf KURATO.CH","og_description":"Vintage Baltensweiler Lampe Type 600. Die Stehlampe wurde 1951 von Rico & Rosemarie Baltensweiler designt und z\u00e4hlt zu den Designklassikern.","og_url":"https:\/\/kurato.ch\/fr\/product\/vintage-lampe-baltensweiler-typ-600\/","og_site_name":"Vintage M\u00f6bel &amp; Dekoration I Kurato","article_publisher":"https:\/\/www.facebook.com\/kuratoswitzerland","article_modified_time":"2022-08-02T11:34:35+00:00","og_image":[{"width":800,"height":800,"url":"https:\/\/kurato.ch\/wp-content\/uploads\/2021\/06\/Secondhand-Vintage-Mo\u0308bel-Dekoration-Schweiz-87.jpg","type":"image\/jpeg"}],"schema":{"@context":"https:\/\/schema.org","@graph":[{"@type":"WebPage","@id":"https:\/\/kurato.ch\/product\/vintage-lampe-baltensweiler-typ-600\/","url":"https:\/\/kurato.ch\/product\/vintage-lampe-baltensweiler-typ-600\/","name":"Vintage Lampe Baltensweiler Type 600 | Vintage M\u00f6bel kaufen auf KURATO.CH","isPartOf":{"@id":"https:\/\/kurato.ch\/#website"},"primaryImageOfPage":{"@id":"https:\/\/kurato.ch\/product\/vintage-lampe-baltensweiler-typ-600\/#primaryimage"},"image":{"@id":"https:\/\/kurato.ch\/product\/vintage-lampe-baltensweiler-typ-600\/#primaryimage"},"thumbnailUrl":"https:\/\/kurato.ch\/wp-content\/uploads\/2021\/06\/Secondhand-Vintage-Mo\u0308bel-Dekoration-Schweiz-87.jpg","datePublished":"2021-06-09T17:25:19+00:00","dateModified":"2022-08-02T11:34:35+00:00","description":"Vintage Baltensweiler Lampe Type 600. Die Stehlampe wurde 1951 von Rico & Rosemarie Baltensweiler designt und z\u00e4hlt zu den Designklassikern.","breadcrumb":{"@id":"https:\/\/kurato.ch\/product\/vintage-lampe-baltensweiler-typ-600\/#breadcrumb"},"inLanguage":"fr-FR","potentialAction":[{"@type":"ReadAction","target":["https:\/\/kurato.ch\/product\/vintage-lampe-baltensweiler-typ-600\/"]}]},{"@type":"ImageObject","inLanguage":"fr-FR","@id":"https:\/\/kurato.ch\/product\/vintage-lampe-baltensweiler-typ-600\/#primaryimage","url":"https:\/\/kurato.ch\/wp-content\/uploads\/2021\/06\/Secondhand-Vintage-Mo\u0308bel-Dekoration-Schweiz-87.jpg","contentUrl":"https:\/\/kurato.ch\/wp-content\/uploads\/2021\/06\/Secondhand-Vintage-Mo\u0308bel-Dekoration-Schweiz-87.jpg","width":800,"height":800,"caption":"Baltensweiler Lampe Typ 600 Secondhand Vintage Mo\u0308bel Dekoration Schweiz"},{"@type":"BreadcrumbList","@id":"https:\/\/kurato.ch\/product\/vintage-lampe-baltensweiler-typ-600\/#breadcrumb","itemListElement":[{"@type":"ListItem","position":1,"name":"Home","item":"https:\/\/kurato.ch\/"},{"@type":"ListItem","position":2,"name":"Neuheiten","item":"https:\/\/kurato.ch\/neuheiten\/"},{"@type":"ListItem","position":3,"name":"Vintage Lampe Baltensweiler Type 600"}]},{"@type":"WebSite","@id":"https:\/\/kurato.ch\/#website","url":"https:\/\/kurato.ch\/","name":"Meubles vintage &amp; d\u00e9coration I Kurato","description":"Meubles vintage &amp; d\u00e9coration I Kurato","publisher":{"@id":"https:\/\/kurato.ch\/#organization"},"potentialAction":[{"@type":"SearchAction","target":{"@type":"EntryPoint","urlTemplate":"https:\/\/kurato.ch\/?s={search_term_string}"},"query-input":{"@type":"PropertyValueSpecification","valueRequired":true,"valueName":"search_term_string"}}],"inLanguage":"fr-FR"},{"@type":"Organization","@id":"https:\/\/kurato.ch\/#organization","name":"Kurato.","url":"https:\/\/kurato.ch\/","logo":{"@type":"ImageObject","inLanguage":"fr-FR","@id":"https:\/\/kurato.ch\/#\/schema\/logo\/image\/","url":"","contentUrl":"","caption":"Kurato."},"image":{"@id":"https:\/\/kurato.ch\/#\/schema\/logo\/image\/"},"sameAs":["https:\/\/www.facebook.com\/kuratoswitzerland","https:\/\/www.instagram.com\/kurato.ch\/","https:\/\/www.pinterest.ch\/kurato_ch\/_created\/"]}]}},"_links":{"self":[{"href":"https:\/\/kurato.ch\/fr\/wp-json\/wp\/v2\/product\/17894","targetHints":{"allow":["GET"]}}],"collection":[{"href":"https:\/\/kurato.ch\/fr\/wp-json\/wp\/v2\/product"}],"about":[{"href":"https:\/\/kurato.ch\/fr\/wp-json\/wp\/v2\/types\/product"}],"wp:featuredmedia":[{"embeddable":true,"href":"https:\/\/kurato.ch\/fr\/wp-json\/wp\/v2\/media\/18101"}],"wp:attachment":[{"href":"https:\/\/kurato.ch\/fr\/wp-json\/wp\/v2\/media?parent=17894"}],"wp:term":[{"taxonomy":"product_brand","embeddable":true,"href":"https:\/\/kurato.ch\/fr\/wp-json\/wp\/v2\/product_brand?post=17894"},{"taxonomy":"product_cat","embeddable":true,"href":"https:\/\/kurato.ch\/fr\/wp-json\/wp\/v2\/product_cat?post=17894"},{"taxonomy":"product_tag","embeddable":true,"href":"https:\/\/kurato.ch\/fr\/wp-json\/wp\/v2\/product_tag?post=17894"}],"curies":[{"name":"wp","href":"https:\/\/api.w.org\/{rel}","templated":true}]}}