{"id":22942,"date":"2021-08-31T21:42:18","date_gmt":"2021-08-31T19:42:18","guid":{"rendered":"https:\/\/kurato.ch\/?post_type=product&#038;p=22942"},"modified":"2021-08-31T21:42:18","modified_gmt":"2021-08-31T19:42:18","slug":"bild-cecile-aldin-snowed-up-on-christmas-eve","status":"publish","type":"product","link":"https:\/\/kurato.ch\/fr\/product\/bild-cecile-aldin-snowed-up-on-christmas-eve\/","title":{"rendered":"Image Cecile Aldin SNOWED UP ON CHRISTMAS EVE"},"content":{"rendered":"<p>Impression No\u00ebl Collectionneur d'art Amateur Illustration<\/p>\n<p>Tableau ancien avec cadre, \u00e9ventuellement impression originale ? Provient probablement de la p\u00e9riode autour de 1910<\/p>\n<p>66 x 50cm Dimensions du cadre.<\/p>\n<p>Image d'\u00e9tat :<\/p>\n<p>Tr\u00e8s bon en fonction de l'\u00e2ge.<\/p>\n<p>\u00c9tat du cadre :<\/p>\n<p>\u00c9tat correspondant \u00e0 l'\u00e2ge. Voir les photos, certains bords ne sont pas intacts. Le verre est fissur\u00e9.<\/p>\n<p>Titre de l'image :<\/p>\n<p>SNOWED UP ON CHRISTHMAS EVE. ARRETES PAR LA NEIGE, UN SOIR DE NOEL.<\/p>\n<p>Artiste :<\/p>\n<p>ALDIN CECIL (CECIL CHARLES WINDSOR ALDIN. 1870-1935).<\/p>\n<p>Cecil Aldin \u00e9tait un artiste connu qui a travaill\u00e9 en Angleterre au tournant du 19\u00e8me si\u00e8cle, d'environ 1885 jusqu'aux ann\u00e9es 1930. Il \u00e9tait tr\u00e8s productif et ses \u0153uvres ont \u00e9t\u00e9 vendues dans le monde entier, en particulier en Am\u00e9rique.Ses \u0153uvres sont hautement collectionnables sans \u00eatre trop ch\u00e8res, car la plupart des produits disponibles sont des impressions.Beaucoup d'\u0153uvres d'Aldin sont tr\u00e8s humoristiques. Il a dessin\u00e9 des \u00e9v\u00e9nements quotidiens auxquels il a particip\u00e9 ou dont il a \u00e9t\u00e9 t\u00e9moin - il semble \u00eatre un artiste moderne, mais il \u00e9tait le monde des auberges de coaching, des diligences et de son premier amour, la chasse. Les personnages \u00e9taient nombreux et Aldin les a tous captur\u00e9s. Certaines de ses \u0153uvres se trouvent en Chine, par exemple la s\u00e9rie Burleighware. Elles sont extr\u00eamement difficiles \u00e0 trouver et sont collectionn\u00e9es dans le monde entier. Il a publi\u00e9 une liste \u00e9tonnamment longue de livres et en a illustr\u00e9 beaucoup d'autres.<\/p>","protected":false},"excerpt":{"rendered":"<p>Druck Weihnachten Kunstsammler Liebhaber Illustration Altes Bild inkl. Rahmen, evtl. Original-Druck? Stammt vermutlich aus der Zeit um 1910&#8230; 66 x 50cm Rahmenmass. Zustand Bild: Altersentsprechend sehr gut. Zustand Rahmen: Altersentsprechender Zustand. Siehe Bilder, teilweise Rand nicht mehr intakt. Das Glas hat einen Sprung. Bildtitel: SNOWED UP ON CHRISTHMAS EVE. ARRETES PAR LA NEIGE, UN SOIR [&hellip;]<\/p>\n","protected":false},"featured_media":23115,"template":"","meta":{"_acf_changed":false,"site-sidebar-layout":"default","site-content-layout":"","ast-site-content-layout":"default","site-content-style":"default","site-sidebar-style":"default","ast-global-header-display":"","ast-banner-title-visibility":"","ast-main-header-display":"","ast-hfb-above-header-display":"","ast-hfb-below-header-display":"","ast-hfb-mobile-header-display":"","site-post-title":"","ast-breadcrumbs-content":"","ast-featured-img":"","footer-sml-layout":"","ast-disable-related-posts":"","theme-transparent-header-meta":"","adv-header-id-meta":"","stick-header-meta":"","header-above-stick-meta":"","header-main-stick-meta":"","header-below-stick-meta":"","astra-migrate-meta-layouts":"default","ast-page-background-enabled":"default","ast-page-background-meta":{"desktop":{"background-color":"","background-image":"","background-repeat":"repeat","background-position":"center center","background-size":"auto","background-attachment":"scroll","background-type":"","background-media":"","overlay-type":"","overlay-color":"","overlay-opacity":"","overlay-gradient":""},"tablet":{"background-color":"","background-image":"","background-repeat":"repeat","background-position":"center center","background-size":"auto","background-attachment":"scroll","background-type":"","background-media":"","overlay-type":"","overlay-color":"","overlay-opacity":"","overlay-gradient":""},"mobile":{"background-color":"","background-image":"","background-repeat":"repeat","background-position":"center center","background-size":"auto","background-attachment":"scroll","background-type":"","background-media":"","overlay-type":"","overlay-color":"","overlay-opacity":"","overlay-gradient":""}},"ast-content-background-meta":{"desktop":{"background-color":"var(--ast-global-color-5)","background-image":"","background-repeat":"repeat","background-position":"center center","background-size":"auto","background-attachment":"scroll","background-type":"","background-media":"","overlay-type":"","overlay-color":"","overlay-opacity":"","overlay-gradient":""},"tablet":{"background-color":"var(--ast-global-color-5)","background-image":"","background-repeat":"repeat","background-position":"center center","background-size":"auto","background-attachment":"scroll","background-type":"","background-media":"","overlay-type":"","overlay-color":"","overlay-opacity":"","overlay-gradient":""},"mobile":{"background-color":"var(--ast-global-color-5)","background-image":"","background-repeat":"repeat","background-position":"center center","background-size":"auto","background-attachment":"scroll","background-type":"","background-media":"","overlay-type":"","overlay-color":"","overlay-opacity":"","overlay-gradient":""}}},"product_brand":[],"product_cat":[431],"product_tag":[],"class_list":{"0":"post-22942","1":"product","2":"type-product","3":"status-publish","4":"has-post-thumbnail","6":"product_cat-vintage-kunstdruck","7":"pa_designer-sonstige","8":"pa_farbe-mehrfarbig","9":"pa_material-papier","10":"pa_standort-ostschweiz","11":"pa_stil-antiquitaet","12":"desktop-align-left","13":"tablet-align-left","14":"mobile-align-left","16":"first","17":"instock","18":"sold-individually","19":"shipping-taxable","20":"purchasable","21":"product-type-simple"},"acf":[],"yoast_head":"<!-- This site is optimized with the Yoast SEO plugin v27.4 - https:\/\/yoast.com\/product\/yoast-seo-wordpress\/ -->\n<title>Bild Cecile Aldin SNOWED UP ON CHRISTMAS EVE | Vintage M\u00f6bel kaufen auf KURATO.CH<\/title>\n<meta name=\"description\" content=\"Entdecke Vintage M\u00f6bel &amp; Dekoration \u27a4 Bild Cecile Aldin SNOWED UP ON CHRISTMAS EVE auf Kurato. \u2713Lieferung Schweiz \u271314-Tage R\u00fcckgabe \u2713Secondhand Unikat\" \/>\n<meta name=\"robots\" content=\"index, follow, max-snippet:-1, max-image-preview:large, max-video-preview:-1\" \/>\n<link rel=\"canonical\" href=\"https:\/\/kurato.ch\/fr\/product\/bild-cecile-aldin-snowed-up-on-christmas-eve\/\" \/>\n<meta property=\"og:locale\" content=\"fr_FR\" \/>\n<meta property=\"og:type\" content=\"article\" \/>\n<meta property=\"og:title\" content=\"Bild Cecile Aldin SNOWED UP ON CHRISTMAS EVE | Vintage M\u00f6bel kaufen auf KURATO.CH\" \/>\n<meta property=\"og:description\" content=\"Entdecke Vintage M\u00f6bel &amp; Dekoration \u27a4 Bild Cecile Aldin SNOWED UP ON CHRISTMAS EVE auf Kurato. \u2713Lieferung Schweiz \u271314-Tage R\u00fcckgabe \u2713Secondhand Unikat\" \/>\n<meta property=\"og:url\" content=\"https:\/\/kurato.ch\/fr\/product\/bild-cecile-aldin-snowed-up-on-christmas-eve\/\" \/>\n<meta property=\"og:site_name\" content=\"Vintage M\u00f6bel &amp; Dekoration I Kurato\" \/>\n<meta property=\"article:publisher\" content=\"https:\/\/www.facebook.com\/kuratoswitzerland\" \/>\n<meta property=\"og:image\" content=\"https:\/\/kurato.ch\/wp-content\/uploads\/2021\/08\/cecile-aldine-bild-image-vintage-secondhand-schweiz.jpg\" \/>\n\t<meta property=\"og:image:width\" content=\"800\" \/>\n\t<meta property=\"og:image:height\" content=\"800\" \/>\n\t<meta property=\"og:image:type\" content=\"image\/jpeg\" \/>\n<meta name=\"twitter:label1\" content=\"Dur\u00e9e de lecture estim\u00e9e\" \/>\n\t<meta name=\"twitter:data1\" content=\"1 minute\" \/>\n<script type=\"application\/ld+json\" class=\"yoast-schema-graph\">{\"@context\":\"https:\\\/\\\/schema.org\",\"@graph\":[{\"@type\":\"WebPage\",\"@id\":\"https:\\\/\\\/kurato.ch\\\/product\\\/bild-cecile-aldin-snowed-up-on-christmas-eve\\\/\",\"url\":\"https:\\\/\\\/kurato.ch\\\/product\\\/bild-cecile-aldin-snowed-up-on-christmas-eve\\\/\",\"name\":\"Bild Cecile Aldin SNOWED UP ON CHRISTMAS EVE | Vintage M\u00f6bel kaufen auf KURATO.CH\",\"isPartOf\":{\"@id\":\"https:\\\/\\\/kurato.ch\\\/#website\"},\"primaryImageOfPage\":{\"@id\":\"https:\\\/\\\/kurato.ch\\\/product\\\/bild-cecile-aldin-snowed-up-on-christmas-eve\\\/#primaryimage\"},\"image\":{\"@id\":\"https:\\\/\\\/kurato.ch\\\/product\\\/bild-cecile-aldin-snowed-up-on-christmas-eve\\\/#primaryimage\"},\"thumbnailUrl\":\"https:\\\/\\\/kurato.ch\\\/wp-content\\\/uploads\\\/2021\\\/08\\\/cecile-aldine-bild-image-vintage-secondhand-schweiz.jpg\",\"datePublished\":\"2021-08-31T19:42:18+00:00\",\"description\":\"Entdecke Vintage M\u00f6bel & Dekoration \u27a4 Bild Cecile Aldin SNOWED UP ON CHRISTMAS EVE auf Kurato. \u2713Lieferung Schweiz \u271314-Tage R\u00fcckgabe \u2713Secondhand Unikat\",\"breadcrumb\":{\"@id\":\"https:\\\/\\\/kurato.ch\\\/product\\\/bild-cecile-aldin-snowed-up-on-christmas-eve\\\/#breadcrumb\"},\"inLanguage\":\"fr-FR\",\"potentialAction\":[{\"@type\":\"ReadAction\",\"target\":[\"https:\\\/\\\/kurato.ch\\\/product\\\/bild-cecile-aldin-snowed-up-on-christmas-eve\\\/\"]}]},{\"@type\":\"ImageObject\",\"inLanguage\":\"fr-FR\",\"@id\":\"https:\\\/\\\/kurato.ch\\\/product\\\/bild-cecile-aldin-snowed-up-on-christmas-eve\\\/#primaryimage\",\"url\":\"https:\\\/\\\/kurato.ch\\\/wp-content\\\/uploads\\\/2021\\\/08\\\/cecile-aldine-bild-image-vintage-secondhand-schweiz.jpg\",\"contentUrl\":\"https:\\\/\\\/kurato.ch\\\/wp-content\\\/uploads\\\/2021\\\/08\\\/cecile-aldine-bild-image-vintage-secondhand-schweiz.jpg\",\"width\":800,\"height\":800,\"caption\":\"cecile aldine bild image vintage secondhand schweiz\"},{\"@type\":\"BreadcrumbList\",\"@id\":\"https:\\\/\\\/kurato.ch\\\/product\\\/bild-cecile-aldin-snowed-up-on-christmas-eve\\\/#breadcrumb\",\"itemListElement\":[{\"@type\":\"ListItem\",\"position\":1,\"name\":\"Home\",\"item\":\"https:\\\/\\\/kurato.ch\\\/\"},{\"@type\":\"ListItem\",\"position\":2,\"name\":\"Neuheiten\",\"item\":\"https:\\\/\\\/kurato.ch\\\/neuheiten\\\/\"},{\"@type\":\"ListItem\",\"position\":3,\"name\":\"Bild Cecile Aldin SNOWED UP ON CHRISTMAS EVE\"}]},{\"@type\":\"WebSite\",\"@id\":\"https:\\\/\\\/kurato.ch\\\/#website\",\"url\":\"https:\\\/\\\/kurato.ch\\\/\",\"name\":\"Vintage M\u00f6bel &amp; Dekoration I Kurato\",\"description\":\"Vintage M\u00f6bel &amp; Dekoration I Kurato\",\"publisher\":{\"@id\":\"https:\\\/\\\/kurato.ch\\\/#organization\"},\"potentialAction\":[{\"@type\":\"SearchAction\",\"target\":{\"@type\":\"EntryPoint\",\"urlTemplate\":\"https:\\\/\\\/kurato.ch\\\/?s={search_term_string}\"},\"query-input\":{\"@type\":\"PropertyValueSpecification\",\"valueRequired\":true,\"valueName\":\"search_term_string\"}}],\"inLanguage\":\"fr-FR\"},{\"@type\":\"Organization\",\"@id\":\"https:\\\/\\\/kurato.ch\\\/#organization\",\"name\":\"Kurato.\",\"url\":\"https:\\\/\\\/kurato.ch\\\/\",\"logo\":{\"@type\":\"ImageObject\",\"inLanguage\":\"fr-FR\",\"@id\":\"https:\\\/\\\/kurato.ch\\\/#\\\/schema\\\/logo\\\/image\\\/\",\"url\":\"\",\"contentUrl\":\"\",\"caption\":\"Kurato.\"},\"image\":{\"@id\":\"https:\\\/\\\/kurato.ch\\\/#\\\/schema\\\/logo\\\/image\\\/\"},\"sameAs\":[\"https:\\\/\\\/www.facebook.com\\\/kuratoswitzerland\",\"https:\\\/\\\/www.instagram.com\\\/kurato.ch\\\/\",\"https:\\\/\\\/www.pinterest.ch\\\/kurato_ch\\\/_created\\\/\"]}]}<\/script>\n<!-- \/ Yoast SEO plugin. -->","yoast_head_json":{"title":"Bild Cecile Aldin SNOWED UP ON CHRISTMAS EVE | Vintage M\u00f6bel kaufen auf KURATO.CH","description":"Entdecke Vintage M\u00f6bel & Dekoration \u27a4 Bild Cecile Aldin SNOWED UP ON CHRISTMAS EVE auf Kurato. \u2713Lieferung Schweiz \u271314-Tage R\u00fcckgabe \u2713Secondhand Unikat","robots":{"index":"index","follow":"follow","max-snippet":"max-snippet:-1","max-image-preview":"max-image-preview:large","max-video-preview":"max-video-preview:-1"},"canonical":"https:\/\/kurato.ch\/fr\/product\/bild-cecile-aldin-snowed-up-on-christmas-eve\/","og_locale":"fr_FR","og_type":"article","og_title":"Bild Cecile Aldin SNOWED UP ON CHRISTMAS EVE | Vintage M\u00f6bel kaufen auf KURATO.CH","og_description":"Entdecke Vintage M\u00f6bel & Dekoration \u27a4 Bild Cecile Aldin SNOWED UP ON CHRISTMAS EVE auf Kurato. \u2713Lieferung Schweiz \u271314-Tage R\u00fcckgabe \u2713Secondhand Unikat","og_url":"https:\/\/kurato.ch\/fr\/product\/bild-cecile-aldin-snowed-up-on-christmas-eve\/","og_site_name":"Vintage M\u00f6bel &amp; Dekoration I Kurato","article_publisher":"https:\/\/www.facebook.com\/kuratoswitzerland","og_image":[{"width":800,"height":800,"url":"https:\/\/kurato.ch\/wp-content\/uploads\/2021\/08\/cecile-aldine-bild-image-vintage-secondhand-schweiz.jpg","type":"image\/jpeg"}],"twitter_misc":{"Dur\u00e9e de lecture estim\u00e9e":"1 minute"},"schema":{"@context":"https:\/\/schema.org","@graph":[{"@type":"WebPage","@id":"https:\/\/kurato.ch\/product\/bild-cecile-aldin-snowed-up-on-christmas-eve\/","url":"https:\/\/kurato.ch\/product\/bild-cecile-aldin-snowed-up-on-christmas-eve\/","name":"Bild Cecile Aldin SNOWED UP ON CHRISTMAS EVE | Vintage M\u00f6bel kaufen auf KURATO.CH","isPartOf":{"@id":"https:\/\/kurato.ch\/#website"},"primaryImageOfPage":{"@id":"https:\/\/kurato.ch\/product\/bild-cecile-aldin-snowed-up-on-christmas-eve\/#primaryimage"},"image":{"@id":"https:\/\/kurato.ch\/product\/bild-cecile-aldin-snowed-up-on-christmas-eve\/#primaryimage"},"thumbnailUrl":"https:\/\/kurato.ch\/wp-content\/uploads\/2021\/08\/cecile-aldine-bild-image-vintage-secondhand-schweiz.jpg","datePublished":"2021-08-31T19:42:18+00:00","description":"Entdecke Vintage M\u00f6bel & Dekoration \u27a4 Bild Cecile Aldin SNOWED UP ON CHRISTMAS EVE auf Kurato. \u2713Lieferung Schweiz \u271314-Tage R\u00fcckgabe \u2713Secondhand Unikat","breadcrumb":{"@id":"https:\/\/kurato.ch\/product\/bild-cecile-aldin-snowed-up-on-christmas-eve\/#breadcrumb"},"inLanguage":"fr-FR","potentialAction":[{"@type":"ReadAction","target":["https:\/\/kurato.ch\/product\/bild-cecile-aldin-snowed-up-on-christmas-eve\/"]}]},{"@type":"ImageObject","inLanguage":"fr-FR","@id":"https:\/\/kurato.ch\/product\/bild-cecile-aldin-snowed-up-on-christmas-eve\/#primaryimage","url":"https:\/\/kurato.ch\/wp-content\/uploads\/2021\/08\/cecile-aldine-bild-image-vintage-secondhand-schweiz.jpg","contentUrl":"https:\/\/kurato.ch\/wp-content\/uploads\/2021\/08\/cecile-aldine-bild-image-vintage-secondhand-schweiz.jpg","width":800,"height":800,"caption":"cecile aldine bild image vintage secondhand schweiz"},{"@type":"BreadcrumbList","@id":"https:\/\/kurato.ch\/product\/bild-cecile-aldin-snowed-up-on-christmas-eve\/#breadcrumb","itemListElement":[{"@type":"ListItem","position":1,"name":"Home","item":"https:\/\/kurato.ch\/"},{"@type":"ListItem","position":2,"name":"Neuheiten","item":"https:\/\/kurato.ch\/neuheiten\/"},{"@type":"ListItem","position":3,"name":"Bild Cecile Aldin SNOWED UP ON CHRISTMAS EVE"}]},{"@type":"WebSite","@id":"https:\/\/kurato.ch\/#website","url":"https:\/\/kurato.ch\/","name":"Meubles vintage &amp; d\u00e9coration I Kurato","description":"Meubles vintage &amp; d\u00e9coration I Kurato","publisher":{"@id":"https:\/\/kurato.ch\/#organization"},"potentialAction":[{"@type":"SearchAction","target":{"@type":"EntryPoint","urlTemplate":"https:\/\/kurato.ch\/?s={search_term_string}"},"query-input":{"@type":"PropertyValueSpecification","valueRequired":true,"valueName":"search_term_string"}}],"inLanguage":"fr-FR"},{"@type":"Organization","@id":"https:\/\/kurato.ch\/#organization","name":"Kurato.","url":"https:\/\/kurato.ch\/","logo":{"@type":"ImageObject","inLanguage":"fr-FR","@id":"https:\/\/kurato.ch\/#\/schema\/logo\/image\/","url":"","contentUrl":"","caption":"Kurato."},"image":{"@id":"https:\/\/kurato.ch\/#\/schema\/logo\/image\/"},"sameAs":["https:\/\/www.facebook.com\/kuratoswitzerland","https:\/\/www.instagram.com\/kurato.ch\/","https:\/\/www.pinterest.ch\/kurato_ch\/_created\/"]}]}},"_links":{"self":[{"href":"https:\/\/kurato.ch\/fr\/wp-json\/wp\/v2\/product\/22942","targetHints":{"allow":["GET"]}}],"collection":[{"href":"https:\/\/kurato.ch\/fr\/wp-json\/wp\/v2\/product"}],"about":[{"href":"https:\/\/kurato.ch\/fr\/wp-json\/wp\/v2\/types\/product"}],"wp:featuredmedia":[{"embeddable":true,"href":"https:\/\/kurato.ch\/fr\/wp-json\/wp\/v2\/media\/23115"}],"wp:attachment":[{"href":"https:\/\/kurato.ch\/fr\/wp-json\/wp\/v2\/media?parent=22942"}],"wp:term":[{"taxonomy":"product_brand","embeddable":true,"href":"https:\/\/kurato.ch\/fr\/wp-json\/wp\/v2\/product_brand?post=22942"},{"taxonomy":"product_cat","embeddable":true,"href":"https:\/\/kurato.ch\/fr\/wp-json\/wp\/v2\/product_cat?post=22942"},{"taxonomy":"product_tag","embeddable":true,"href":"https:\/\/kurato.ch\/fr\/wp-json\/wp\/v2\/product_tag?post=22942"}],"curies":[{"name":"wp","href":"https:\/\/api.w.org\/{rel}","templated":true}]}}