{"id":22953,"date":"2021-08-29T16:51:11","date_gmt":"2021-08-29T14:51:11","guid":{"rendered":"https:\/\/kurato.ch\/?post_type=product&#038;p=22953"},"modified":"2023-03-18T12:33:01","modified_gmt":"2023-03-18T10:33:01","slug":"stuhlpaar-mid-century-loft-chrom-plywood","status":"publish","type":"product","link":"https:\/\/kurato.ch\/fr\/product\/stuhlpaar-mid-century-loft-chrom-plywood\/","title":{"rendered":"Paire de chaises Mid Century Loft Chrome Plywood"},"content":{"rendered":"<p>Chaises vintage empilables Raret\u00e9 dans le design Mid Century. Rare, chaises empilables tr\u00e8s stables avec pieds chrom\u00e9s et bois stratifi\u00e9. Fabricant inconnu.<\/p>\n<p>Traces habituelles d'utilisation en fonction de l'\u00e2ge, tr\u00e8s bon \u00e9tat g\u00e9n\u00e9ral. Voir les photos. Les chaises sont vendues par paire.<\/p>","protected":false},"excerpt":{"rendered":"<p>Vintage St\u00fchle stapelbar Rarit\u00e4t im Mid Century Design.\u00a0Seltene, sehr stabile Stapelst\u00fchle mit Chrombeinen und Schichtholz. Hersteller unbekannt. \u00dcbliche altersentsprechende Gebrauchspuren, insgesamt sehr guter Zustand. Siehe Fotos. Die St\u00fchle werden als Paar verkauft.<\/p>","protected":false},"featured_media":23033,"template":"","meta":{"_acf_changed":false,"site-sidebar-layout":"default","site-content-layout":"default","ast-site-content-layout":"default","site-content-style":"default","site-sidebar-style":"default","ast-global-header-display":"","ast-banner-title-visibility":"","ast-main-header-display":"","ast-hfb-above-header-display":"","ast-hfb-below-header-display":"","ast-hfb-mobile-header-display":"","site-post-title":"","ast-breadcrumbs-content":"","ast-featured-img":"","footer-sml-layout":"","ast-disable-related-posts":"","theme-transparent-header-meta":"default","adv-header-id-meta":"","stick-header-meta":"default","header-above-stick-meta":"","header-main-stick-meta":"","header-below-stick-meta":"","astra-migrate-meta-layouts":"default","ast-page-background-enabled":"default","ast-page-background-meta":{"desktop":{"background-color":"","background-image":"","background-repeat":"repeat","background-position":"center center","background-size":"auto","background-attachment":"scroll","background-type":"","background-media":"","overlay-type":"","overlay-color":"","overlay-opacity":"","overlay-gradient":""},"tablet":{"background-color":"","background-image":"","background-repeat":"repeat","background-position":"center center","background-size":"auto","background-attachment":"scroll","background-type":"","background-media":"","overlay-type":"","overlay-color":"","overlay-opacity":"","overlay-gradient":""},"mobile":{"background-color":"","background-image":"","background-repeat":"repeat","background-position":"center center","background-size":"auto","background-attachment":"scroll","background-type":"","background-media":"","overlay-type":"","overlay-color":"","overlay-opacity":"","overlay-gradient":""}},"ast-content-background-meta":{"desktop":{"background-color":"var(--ast-global-color-5)","background-image":"","background-repeat":"repeat","background-position":"center center","background-size":"auto","background-attachment":"scroll","background-type":"","background-media":"","overlay-type":"","overlay-color":"","overlay-opacity":"","overlay-gradient":""},"tablet":{"background-color":"var(--ast-global-color-5)","background-image":"","background-repeat":"repeat","background-position":"center center","background-size":"auto","background-attachment":"scroll","background-type":"","background-media":"","overlay-type":"","overlay-color":"","overlay-opacity":"","overlay-gradient":""},"mobile":{"background-color":"var(--ast-global-color-5)","background-image":"","background-repeat":"repeat","background-position":"center center","background-size":"auto","background-attachment":"scroll","background-type":"","background-media":"","overlay-type":"","overlay-color":"","overlay-opacity":"","overlay-gradient":""}}},"product_brand":[],"product_cat":[409,165],"product_tag":[],"class_list":{"0":"post-22953","1":"product","2":"type-product","3":"status-publish","4":"has-post-thumbnail","6":"product_cat-vintage-beistellstuhl","7":"product_cat-vintage-esszimmerstuehle","8":"pa_material-holz","9":"pa_standort-ostschweiz","10":"pa_stil-skandinavisch-mid-century","11":"desktop-align-left","12":"tablet-align-left","13":"mobile-align-left","15":"first","16":"instock","17":"shipping-taxable","18":"purchasable","19":"product-type-simple"},"acf":[],"yoast_head":"<!-- This site is optimized with the Yoast SEO plugin v27.3 - https:\/\/yoast.com\/product\/yoast-seo-wordpress\/ -->\n<title>Stuhlpaar Mid Century Loft Chrom Plywood | KURATO.CH<\/title>\n<meta name=\"description\" content=\"Entdecke Vintage M\u00f6bel &amp; Dekoration \u27a4 Stuhlpaar Mid Century Loft Chrom Plywood auf Kurato. \u2713Lieferung Schweiz \u271314-Tage R\u00fcckgabe\" \/>\n<meta name=\"robots\" content=\"index, follow, max-snippet:-1, max-image-preview:large, max-video-preview:-1\" \/>\n<link rel=\"canonical\" href=\"https:\/\/kurato.ch\/fr\/product\/stuhlpaar-mid-century-loft-chrom-plywood\/\" \/>\n<meta property=\"og:locale\" content=\"fr_FR\" \/>\n<meta property=\"og:type\" content=\"article\" \/>\n<meta property=\"og:title\" content=\"Stuhlpaar Mid Century Loft Chrom Plywood | KURATO.CH\" \/>\n<meta property=\"og:description\" content=\"Entdecke Vintage M\u00f6bel &amp; Dekoration \u27a4 Stuhlpaar Mid Century Loft Chrom Plywood auf Kurato. \u2713Lieferung Schweiz \u271314-Tage R\u00fcckgabe\" \/>\n<meta property=\"og:url\" content=\"https:\/\/kurato.ch\/fr\/product\/stuhlpaar-mid-century-loft-chrom-plywood\/\" \/>\n<meta property=\"og:site_name\" content=\"Vintage M\u00f6bel &amp; Dekoration I Kurato\" \/>\n<meta property=\"article:publisher\" content=\"https:\/\/www.facebook.com\/kuratoswitzerland\" \/>\n<meta property=\"article:modified_time\" content=\"2023-03-18T10:33:01+00:00\" \/>\n<meta property=\"og:image\" content=\"https:\/\/kurato.ch\/wp-content\/uploads\/2021\/08\/Stapelstu\u0308hle-Mid-Century-Loft-Chrom-Plywood-vintage-secondhand-schweiz-kurato.jpg\" \/>\n\t<meta property=\"og:image:width\" content=\"800\" \/>\n\t<meta property=\"og:image:height\" content=\"800\" \/>\n\t<meta property=\"og:image:type\" content=\"image\/jpeg\" \/>\n<script type=\"application\/ld+json\" class=\"yoast-schema-graph\">{\"@context\":\"https:\\\/\\\/schema.org\",\"@graph\":[{\"@type\":\"WebPage\",\"@id\":\"https:\\\/\\\/kurato.ch\\\/product\\\/stuhlpaar-mid-century-loft-chrom-plywood\\\/\",\"url\":\"https:\\\/\\\/kurato.ch\\\/product\\\/stuhlpaar-mid-century-loft-chrom-plywood\\\/\",\"name\":\"Stuhlpaar Mid Century Loft Chrom Plywood | KURATO.CH\",\"isPartOf\":{\"@id\":\"https:\\\/\\\/kurato.ch\\\/#website\"},\"primaryImageOfPage\":{\"@id\":\"https:\\\/\\\/kurato.ch\\\/product\\\/stuhlpaar-mid-century-loft-chrom-plywood\\\/#primaryimage\"},\"image\":{\"@id\":\"https:\\\/\\\/kurato.ch\\\/product\\\/stuhlpaar-mid-century-loft-chrom-plywood\\\/#primaryimage\"},\"thumbnailUrl\":\"https:\\\/\\\/kurato.ch\\\/wp-content\\\/uploads\\\/2021\\\/08\\\/Stapelstu\u0308hle-Mid-Century-Loft-Chrom-Plywood-vintage-secondhand-schweiz-kurato.jpg\",\"datePublished\":\"2021-08-29T14:51:11+00:00\",\"dateModified\":\"2023-03-18T10:33:01+00:00\",\"description\":\"Entdecke Vintage M\u00f6bel & Dekoration \u27a4 Stuhlpaar Mid Century Loft Chrom Plywood auf Kurato. \u2713Lieferung Schweiz \u271314-Tage R\u00fcckgabe\",\"breadcrumb\":{\"@id\":\"https:\\\/\\\/kurato.ch\\\/product\\\/stuhlpaar-mid-century-loft-chrom-plywood\\\/#breadcrumb\"},\"inLanguage\":\"fr-FR\",\"potentialAction\":[{\"@type\":\"ReadAction\",\"target\":[\"https:\\\/\\\/kurato.ch\\\/product\\\/stuhlpaar-mid-century-loft-chrom-plywood\\\/\"]}]},{\"@type\":\"ImageObject\",\"inLanguage\":\"fr-FR\",\"@id\":\"https:\\\/\\\/kurato.ch\\\/product\\\/stuhlpaar-mid-century-loft-chrom-plywood\\\/#primaryimage\",\"url\":\"https:\\\/\\\/kurato.ch\\\/wp-content\\\/uploads\\\/2021\\\/08\\\/Stapelstu\u0308hle-Mid-Century-Loft-Chrom-Plywood-vintage-secondhand-schweiz-kurato.jpg\",\"contentUrl\":\"https:\\\/\\\/kurato.ch\\\/wp-content\\\/uploads\\\/2021\\\/08\\\/Stapelstu\u0308hle-Mid-Century-Loft-Chrom-Plywood-vintage-secondhand-schweiz-kurato.jpg\",\"width\":800,\"height\":800,\"caption\":\"Stapelstu\u0308hle Mid Century Loft Chrom Plywood vintage secondhand schweiz kurato\"},{\"@type\":\"BreadcrumbList\",\"@id\":\"https:\\\/\\\/kurato.ch\\\/product\\\/stuhlpaar-mid-century-loft-chrom-plywood\\\/#breadcrumb\",\"itemListElement\":[{\"@type\":\"ListItem\",\"position\":1,\"name\":\"Home\",\"item\":\"https:\\\/\\\/kurato.ch\\\/\"},{\"@type\":\"ListItem\",\"position\":2,\"name\":\"Neuheiten\",\"item\":\"https:\\\/\\\/kurato.ch\\\/neuheiten\\\/\"},{\"@type\":\"ListItem\",\"position\":3,\"name\":\"Stuhlpaar Mid Century Loft Chrom Plywood\"}]},{\"@type\":\"WebSite\",\"@id\":\"https:\\\/\\\/kurato.ch\\\/#website\",\"url\":\"https:\\\/\\\/kurato.ch\\\/\",\"name\":\"Vintage M\u00f6bel &amp; Dekoration I Kurato\",\"description\":\"Vintage M\u00f6bel &amp; Dekoration I Kurato\",\"publisher\":{\"@id\":\"https:\\\/\\\/kurato.ch\\\/#organization\"},\"potentialAction\":[{\"@type\":\"SearchAction\",\"target\":{\"@type\":\"EntryPoint\",\"urlTemplate\":\"https:\\\/\\\/kurato.ch\\\/?s={search_term_string}\"},\"query-input\":{\"@type\":\"PropertyValueSpecification\",\"valueRequired\":true,\"valueName\":\"search_term_string\"}}],\"inLanguage\":\"fr-FR\"},{\"@type\":\"Organization\",\"@id\":\"https:\\\/\\\/kurato.ch\\\/#organization\",\"name\":\"Kurato.\",\"url\":\"https:\\\/\\\/kurato.ch\\\/\",\"logo\":{\"@type\":\"ImageObject\",\"inLanguage\":\"fr-FR\",\"@id\":\"https:\\\/\\\/kurato.ch\\\/#\\\/schema\\\/logo\\\/image\\\/\",\"url\":\"\",\"contentUrl\":\"\",\"caption\":\"Kurato.\"},\"image\":{\"@id\":\"https:\\\/\\\/kurato.ch\\\/#\\\/schema\\\/logo\\\/image\\\/\"},\"sameAs\":[\"https:\\\/\\\/www.facebook.com\\\/kuratoswitzerland\",\"https:\\\/\\\/www.instagram.com\\\/kurato.ch\\\/\",\"https:\\\/\\\/www.pinterest.ch\\\/kurato_ch\\\/_created\\\/\"]}]}<\/script>\n<!-- \/ Yoast SEO plugin. -->","yoast_head_json":{"title":"Stuhlpaar Mid Century Loft Chrom Plywood | KURATO.CH","description":"Entdecke Vintage M\u00f6bel & Dekoration \u27a4 Stuhlpaar Mid Century Loft Chrom Plywood auf Kurato. \u2713Lieferung Schweiz \u271314-Tage R\u00fcckgabe","robots":{"index":"index","follow":"follow","max-snippet":"max-snippet:-1","max-image-preview":"max-image-preview:large","max-video-preview":"max-video-preview:-1"},"canonical":"https:\/\/kurato.ch\/fr\/product\/stuhlpaar-mid-century-loft-chrom-plywood\/","og_locale":"fr_FR","og_type":"article","og_title":"Stuhlpaar Mid Century Loft Chrom Plywood | KURATO.CH","og_description":"Entdecke Vintage M\u00f6bel & Dekoration \u27a4 Stuhlpaar Mid Century Loft Chrom Plywood auf Kurato. \u2713Lieferung Schweiz \u271314-Tage R\u00fcckgabe","og_url":"https:\/\/kurato.ch\/fr\/product\/stuhlpaar-mid-century-loft-chrom-plywood\/","og_site_name":"Vintage M\u00f6bel &amp; Dekoration I Kurato","article_publisher":"https:\/\/www.facebook.com\/kuratoswitzerland","article_modified_time":"2023-03-18T10:33:01+00:00","og_image":[{"width":800,"height":800,"url":"https:\/\/kurato.ch\/wp-content\/uploads\/2021\/08\/Stapelstu\u0308hle-Mid-Century-Loft-Chrom-Plywood-vintage-secondhand-schweiz-kurato.jpg","type":"image\/jpeg"}],"schema":{"@context":"https:\/\/schema.org","@graph":[{"@type":"WebPage","@id":"https:\/\/kurato.ch\/product\/stuhlpaar-mid-century-loft-chrom-plywood\/","url":"https:\/\/kurato.ch\/product\/stuhlpaar-mid-century-loft-chrom-plywood\/","name":"Stuhlpaar Mid Century Loft Chrom Plywood | KURATO.CH","isPartOf":{"@id":"https:\/\/kurato.ch\/#website"},"primaryImageOfPage":{"@id":"https:\/\/kurato.ch\/product\/stuhlpaar-mid-century-loft-chrom-plywood\/#primaryimage"},"image":{"@id":"https:\/\/kurato.ch\/product\/stuhlpaar-mid-century-loft-chrom-plywood\/#primaryimage"},"thumbnailUrl":"https:\/\/kurato.ch\/wp-content\/uploads\/2021\/08\/Stapelstu\u0308hle-Mid-Century-Loft-Chrom-Plywood-vintage-secondhand-schweiz-kurato.jpg","datePublished":"2021-08-29T14:51:11+00:00","dateModified":"2023-03-18T10:33:01+00:00","description":"Entdecke Vintage M\u00f6bel & Dekoration \u27a4 Stuhlpaar Mid Century Loft Chrom Plywood auf Kurato. \u2713Lieferung Schweiz \u271314-Tage R\u00fcckgabe","breadcrumb":{"@id":"https:\/\/kurato.ch\/product\/stuhlpaar-mid-century-loft-chrom-plywood\/#breadcrumb"},"inLanguage":"fr-FR","potentialAction":[{"@type":"ReadAction","target":["https:\/\/kurato.ch\/product\/stuhlpaar-mid-century-loft-chrom-plywood\/"]}]},{"@type":"ImageObject","inLanguage":"fr-FR","@id":"https:\/\/kurato.ch\/product\/stuhlpaar-mid-century-loft-chrom-plywood\/#primaryimage","url":"https:\/\/kurato.ch\/wp-content\/uploads\/2021\/08\/Stapelstu\u0308hle-Mid-Century-Loft-Chrom-Plywood-vintage-secondhand-schweiz-kurato.jpg","contentUrl":"https:\/\/kurato.ch\/wp-content\/uploads\/2021\/08\/Stapelstu\u0308hle-Mid-Century-Loft-Chrom-Plywood-vintage-secondhand-schweiz-kurato.jpg","width":800,"height":800,"caption":"Stapelstu\u0308hle Mid Century Loft Chrom Plywood vintage secondhand schweiz kurato"},{"@type":"BreadcrumbList","@id":"https:\/\/kurato.ch\/product\/stuhlpaar-mid-century-loft-chrom-plywood\/#breadcrumb","itemListElement":[{"@type":"ListItem","position":1,"name":"Home","item":"https:\/\/kurato.ch\/"},{"@type":"ListItem","position":2,"name":"Neuheiten","item":"https:\/\/kurato.ch\/neuheiten\/"},{"@type":"ListItem","position":3,"name":"Stuhlpaar Mid Century Loft Chrom Plywood"}]},{"@type":"WebSite","@id":"https:\/\/kurato.ch\/#website","url":"https:\/\/kurato.ch\/","name":"Meubles vintage &amp; d\u00e9coration I Kurato","description":"Meubles vintage &amp; d\u00e9coration I Kurato","publisher":{"@id":"https:\/\/kurato.ch\/#organization"},"potentialAction":[{"@type":"SearchAction","target":{"@type":"EntryPoint","urlTemplate":"https:\/\/kurato.ch\/?s={search_term_string}"},"query-input":{"@type":"PropertyValueSpecification","valueRequired":true,"valueName":"search_term_string"}}],"inLanguage":"fr-FR"},{"@type":"Organization","@id":"https:\/\/kurato.ch\/#organization","name":"Kurato.","url":"https:\/\/kurato.ch\/","logo":{"@type":"ImageObject","inLanguage":"fr-FR","@id":"https:\/\/kurato.ch\/#\/schema\/logo\/image\/","url":"","contentUrl":"","caption":"Kurato."},"image":{"@id":"https:\/\/kurato.ch\/#\/schema\/logo\/image\/"},"sameAs":["https:\/\/www.facebook.com\/kuratoswitzerland","https:\/\/www.instagram.com\/kurato.ch\/","https:\/\/www.pinterest.ch\/kurato_ch\/_created\/"]}]}},"_links":{"self":[{"href":"https:\/\/kurato.ch\/fr\/wp-json\/wp\/v2\/product\/22953","targetHints":{"allow":["GET"]}}],"collection":[{"href":"https:\/\/kurato.ch\/fr\/wp-json\/wp\/v2\/product"}],"about":[{"href":"https:\/\/kurato.ch\/fr\/wp-json\/wp\/v2\/types\/product"}],"wp:featuredmedia":[{"embeddable":true,"href":"https:\/\/kurato.ch\/fr\/wp-json\/wp\/v2\/media\/23033"}],"wp:attachment":[{"href":"https:\/\/kurato.ch\/fr\/wp-json\/wp\/v2\/media?parent=22953"}],"wp:term":[{"taxonomy":"product_brand","embeddable":true,"href":"https:\/\/kurato.ch\/fr\/wp-json\/wp\/v2\/product_brand?post=22953"},{"taxonomy":"product_cat","embeddable":true,"href":"https:\/\/kurato.ch\/fr\/wp-json\/wp\/v2\/product_cat?post=22953"},{"taxonomy":"product_tag","embeddable":true,"href":"https:\/\/kurato.ch\/fr\/wp-json\/wp\/v2\/product_tag?post=22953"}],"curies":[{"name":"wp","href":"https:\/\/api.w.org\/{rel}","templated":true}]}}