{"id":22967,"date":"2021-08-31T09:40:32","date_gmt":"2021-08-31T07:40:32","guid":{"rendered":"https:\/\/kurato.ch\/?post_type=product&#038;p=22967"},"modified":"2023-03-18T12:33:20","modified_gmt":"2023-03-18T10:33:20","slug":"rollmoebel-mid-century-60s","status":"publish","type":"product","link":"https:\/\/kurato.ch\/fr\/product\/rollmoebel-mid-century-60s\/","title":{"rendered":"Meuble \u00e0 roulettes Mid-Century 60s"},"content":{"rendered":"<blockquote>\n<p>60s Mid Century Commode Roulettes Tiroir Vintage Bois de cerisier<\/p>\n<\/blockquote>\n<p>Beau meuble \u00e0 roulettes des ann\u00e9es 60, utilis\u00e9 comme meuble TV ou table de chevet, etc. Design du milieu du si\u00e8cle.<\/p>\n<p>Ce meuble de style est en tr\u00e8s bon \u00e9tat, compte tenu de son \u00e2ge. Voir les photos.<\/p>\n<p>Probablement en placage de cerisier.<\/p>\n<p>Le placage de bois pr\u00e9sente quelques traces d'usure dues \u00e0 l'\u00e2ge - passez un polish pour meubles (p. ex. Renuwell, Vepool) et le placage est \u00e0 nouveau nourri et rayonnant.<\/p>\n<p>La balance est \u00e9quip\u00e9e de roulettes chrom\u00e9es de haute qualit\u00e9 et de pieds en m\u00e9tal chrom\u00e9.<\/p>\n<p>Il poss\u00e8de deux \u00e9tag\u00e8res avec un renflement \u00e0 l'arri\u00e8re pour le passage des c\u00e2bles et un tiroir en bois.<\/p>\n<p>Masse<br \/>Longueur 70 cm<br \/>Profondeur 40 cm<br \/>Hauteur 59 cm<\/p>\n<p>Pour la possibilit\u00e9 d'une livraison \u00e0 domicile, veuillez contacter directement le service client de Kurato.<\/p>","protected":false},"excerpt":{"rendered":"<p>60er Mid Century Kommode Rollen Schublade Vintage Kirschholz Sch\u00f6nes Rollw\u00e4geli als TV-M\u00f6bel oder Nachtk\u00e4stli etc. aus den 60er Jahren. Mid Century Design. Das stilvolle M\u00f6bel ist in einem altersentsprechend sehr guten Zustand. Siehe Fotos. Wahrscheinlich Kirschholzfurnier. Das Holzfurnier weist wenige altersentsprechende Gebrauchspuren auf &#8211; mit M\u00f6belpolitur dr\u00fcberwischen (z. B. mit Renuwell, Vepool) und das Furnier [&hellip;]<\/p>\n","protected":false},"featured_media":23065,"template":"","meta":{"_acf_changed":false,"site-sidebar-layout":"default","site-content-layout":"default","ast-site-content-layout":"default","site-content-style":"default","site-sidebar-style":"default","ast-global-header-display":"","ast-banner-title-visibility":"","ast-main-header-display":"","ast-hfb-above-header-display":"","ast-hfb-below-header-display":"","ast-hfb-mobile-header-display":"","site-post-title":"","ast-breadcrumbs-content":"","ast-featured-img":"","footer-sml-layout":"","ast-disable-related-posts":"","theme-transparent-header-meta":"default","adv-header-id-meta":"","stick-header-meta":"default","header-above-stick-meta":"","header-main-stick-meta":"","header-below-stick-meta":"","astra-migrate-meta-layouts":"default","ast-page-background-enabled":"default","ast-page-background-meta":{"desktop":{"background-color":"","background-image":"","background-repeat":"repeat","background-position":"center center","background-size":"auto","background-attachment":"scroll","background-type":"","background-media":"","overlay-type":"","overlay-color":"","overlay-opacity":"","overlay-gradient":""},"tablet":{"background-color":"","background-image":"","background-repeat":"repeat","background-position":"center center","background-size":"auto","background-attachment":"scroll","background-type":"","background-media":"","overlay-type":"","overlay-color":"","overlay-opacity":"","overlay-gradient":""},"mobile":{"background-color":"","background-image":"","background-repeat":"repeat","background-position":"center center","background-size":"auto","background-attachment":"scroll","background-type":"","background-media":"","overlay-type":"","overlay-color":"","overlay-opacity":"","overlay-gradient":""}},"ast-content-background-meta":{"desktop":{"background-color":"var(--ast-global-color-5)","background-image":"","background-repeat":"repeat","background-position":"center center","background-size":"auto","background-attachment":"scroll","background-type":"","background-media":"","overlay-type":"","overlay-color":"","overlay-opacity":"","overlay-gradient":""},"tablet":{"background-color":"var(--ast-global-color-5)","background-image":"","background-repeat":"repeat","background-position":"center center","background-size":"auto","background-attachment":"scroll","background-type":"","background-media":"","overlay-type":"","overlay-color":"","overlay-opacity":"","overlay-gradient":""},"mobile":{"background-color":"var(--ast-global-color-5)","background-image":"","background-repeat":"repeat","background-position":"center center","background-size":"auto","background-attachment":"scroll","background-type":"","background-media":"","overlay-type":"","overlay-color":"","overlay-opacity":"","overlay-gradient":""}}},"product_brand":[],"product_cat":[465,524],"product_tag":[],"class_list":{"0":"post-22967","1":"product","2":"type-product","3":"status-publish","4":"has-post-thumbnail","6":"product_cat-vintage-korpus","7":"product_cat-rollmoebel","8":"pa_designer-sonstige","9":"pa_material-holz","10":"pa_standort-ostschweiz","11":"pa_stil-skandinavisch-mid-century","12":"desktop-align-left","13":"tablet-align-left","14":"mobile-align-left","16":"first","17":"instock","18":"sold-individually","19":"shipping-taxable","20":"purchasable","21":"product-type-simple"},"acf":[],"yoast_head":"<!-- This site is optimized with the Yoast SEO plugin v27.4 - https:\/\/yoast.com\/product\/yoast-seo-wordpress\/ -->\n<title>Rollm\u00f6bel Mid-Century 60s | Vintage M\u00f6bel kaufen auf KURATO.CH<\/title>\n<meta name=\"description\" content=\"Entdecke Vintage M\u00f6bel &amp; Dekoration \u27a4 Rollm\u00f6bel Mid-Century 60s auf Kurato. \u2713Lieferung Schweiz \u271314-Tage R\u00fcckgabe \u2713Secondhand Unikat\" \/>\n<meta name=\"robots\" content=\"index, follow, max-snippet:-1, max-image-preview:large, max-video-preview:-1\" \/>\n<link rel=\"canonical\" href=\"https:\/\/kurato.ch\/fr\/product\/rollmoebel-mid-century-60s\/\" \/>\n<meta property=\"og:locale\" content=\"fr_FR\" \/>\n<meta property=\"og:type\" content=\"article\" \/>\n<meta property=\"og:title\" content=\"Rollm\u00f6bel Mid-Century 60s | Vintage M\u00f6bel kaufen auf KURATO.CH\" \/>\n<meta property=\"og:description\" content=\"Entdecke Vintage M\u00f6bel &amp; Dekoration \u27a4 Rollm\u00f6bel Mid-Century 60s auf Kurato. \u2713Lieferung Schweiz \u271314-Tage R\u00fcckgabe \u2713Secondhand Unikat\" \/>\n<meta property=\"og:url\" content=\"https:\/\/kurato.ch\/fr\/product\/rollmoebel-mid-century-60s\/\" \/>\n<meta property=\"og:site_name\" content=\"Vintage M\u00f6bel &amp; Dekoration I Kurato\" \/>\n<meta property=\"article:publisher\" content=\"https:\/\/www.facebook.com\/kuratoswitzerland\" \/>\n<meta property=\"article:modified_time\" content=\"2023-03-18T10:33:20+00:00\" \/>\n<meta property=\"og:image\" content=\"https:\/\/kurato.ch\/wp-content\/uploads\/2021\/08\/Rollwagen-Mid-Century-60s-vintage-secondhand-gebraucht-schweiz-kurato.jpg\" \/>\n\t<meta property=\"og:image:width\" content=\"800\" \/>\n\t<meta property=\"og:image:height\" content=\"800\" \/>\n\t<meta property=\"og:image:type\" content=\"image\/jpeg\" \/>\n<meta name=\"twitter:label1\" content=\"Dur\u00e9e de lecture estim\u00e9e\" \/>\n\t<meta name=\"twitter:data1\" content=\"1 minute\" \/>\n<script type=\"application\/ld+json\" class=\"yoast-schema-graph\">{\"@context\":\"https:\\\/\\\/schema.org\",\"@graph\":[{\"@type\":\"WebPage\",\"@id\":\"https:\\\/\\\/kurato.ch\\\/product\\\/rollmoebel-mid-century-60s\\\/\",\"url\":\"https:\\\/\\\/kurato.ch\\\/product\\\/rollmoebel-mid-century-60s\\\/\",\"name\":\"Rollm\u00f6bel Mid-Century 60s | Vintage M\u00f6bel kaufen auf KURATO.CH\",\"isPartOf\":{\"@id\":\"https:\\\/\\\/kurato.ch\\\/#website\"},\"primaryImageOfPage\":{\"@id\":\"https:\\\/\\\/kurato.ch\\\/product\\\/rollmoebel-mid-century-60s\\\/#primaryimage\"},\"image\":{\"@id\":\"https:\\\/\\\/kurato.ch\\\/product\\\/rollmoebel-mid-century-60s\\\/#primaryimage\"},\"thumbnailUrl\":\"https:\\\/\\\/kurato.ch\\\/wp-content\\\/uploads\\\/2021\\\/08\\\/Rollwagen-Mid-Century-60s-vintage-secondhand-gebraucht-schweiz-kurato.jpg\",\"datePublished\":\"2021-08-31T07:40:32+00:00\",\"dateModified\":\"2023-03-18T10:33:20+00:00\",\"description\":\"Entdecke Vintage M\u00f6bel & Dekoration \u27a4 Rollm\u00f6bel Mid-Century 60s auf Kurato. \u2713Lieferung Schweiz \u271314-Tage R\u00fcckgabe \u2713Secondhand Unikat\",\"breadcrumb\":{\"@id\":\"https:\\\/\\\/kurato.ch\\\/product\\\/rollmoebel-mid-century-60s\\\/#breadcrumb\"},\"inLanguage\":\"fr-FR\",\"potentialAction\":[{\"@type\":\"ReadAction\",\"target\":[\"https:\\\/\\\/kurato.ch\\\/product\\\/rollmoebel-mid-century-60s\\\/\"]}]},{\"@type\":\"ImageObject\",\"inLanguage\":\"fr-FR\",\"@id\":\"https:\\\/\\\/kurato.ch\\\/product\\\/rollmoebel-mid-century-60s\\\/#primaryimage\",\"url\":\"https:\\\/\\\/kurato.ch\\\/wp-content\\\/uploads\\\/2021\\\/08\\\/Rollwagen-Mid-Century-60s-vintage-secondhand-gebraucht-schweiz-kurato.jpg\",\"contentUrl\":\"https:\\\/\\\/kurato.ch\\\/wp-content\\\/uploads\\\/2021\\\/08\\\/Rollwagen-Mid-Century-60s-vintage-secondhand-gebraucht-schweiz-kurato.jpg\",\"width\":800,\"height\":800,\"caption\":\"Rollwagen Mid-Century 60s vintage secondhand gebraucht schweiz kurato\"},{\"@type\":\"BreadcrumbList\",\"@id\":\"https:\\\/\\\/kurato.ch\\\/product\\\/rollmoebel-mid-century-60s\\\/#breadcrumb\",\"itemListElement\":[{\"@type\":\"ListItem\",\"position\":1,\"name\":\"Home\",\"item\":\"https:\\\/\\\/kurato.ch\\\/\"},{\"@type\":\"ListItem\",\"position\":2,\"name\":\"Neuheiten\",\"item\":\"https:\\\/\\\/kurato.ch\\\/neuheiten\\\/\"},{\"@type\":\"ListItem\",\"position\":3,\"name\":\"Rollm\u00f6bel Mid-Century 60s\"}]},{\"@type\":\"WebSite\",\"@id\":\"https:\\\/\\\/kurato.ch\\\/#website\",\"url\":\"https:\\\/\\\/kurato.ch\\\/\",\"name\":\"Vintage M\u00f6bel &amp; Dekoration I Kurato\",\"description\":\"Vintage M\u00f6bel &amp; Dekoration I Kurato\",\"publisher\":{\"@id\":\"https:\\\/\\\/kurato.ch\\\/#organization\"},\"potentialAction\":[{\"@type\":\"SearchAction\",\"target\":{\"@type\":\"EntryPoint\",\"urlTemplate\":\"https:\\\/\\\/kurato.ch\\\/?s={search_term_string}\"},\"query-input\":{\"@type\":\"PropertyValueSpecification\",\"valueRequired\":true,\"valueName\":\"search_term_string\"}}],\"inLanguage\":\"fr-FR\"},{\"@type\":\"Organization\",\"@id\":\"https:\\\/\\\/kurato.ch\\\/#organization\",\"name\":\"Kurato.\",\"url\":\"https:\\\/\\\/kurato.ch\\\/\",\"logo\":{\"@type\":\"ImageObject\",\"inLanguage\":\"fr-FR\",\"@id\":\"https:\\\/\\\/kurato.ch\\\/#\\\/schema\\\/logo\\\/image\\\/\",\"url\":\"\",\"contentUrl\":\"\",\"caption\":\"Kurato.\"},\"image\":{\"@id\":\"https:\\\/\\\/kurato.ch\\\/#\\\/schema\\\/logo\\\/image\\\/\"},\"sameAs\":[\"https:\\\/\\\/www.facebook.com\\\/kuratoswitzerland\",\"https:\\\/\\\/www.instagram.com\\\/kurato.ch\\\/\",\"https:\\\/\\\/www.pinterest.ch\\\/kurato_ch\\\/_created\\\/\"]}]}<\/script>\n<!-- \/ Yoast SEO plugin. -->","yoast_head_json":{"title":"Rollm\u00f6bel Mid-Century 60s | Vintage M\u00f6bel kaufen auf KURATO.CH","description":"Entdecke Vintage M\u00f6bel & Dekoration \u27a4 Rollm\u00f6bel Mid-Century 60s auf Kurato. \u2713Lieferung Schweiz \u271314-Tage R\u00fcckgabe \u2713Secondhand Unikat","robots":{"index":"index","follow":"follow","max-snippet":"max-snippet:-1","max-image-preview":"max-image-preview:large","max-video-preview":"max-video-preview:-1"},"canonical":"https:\/\/kurato.ch\/fr\/product\/rollmoebel-mid-century-60s\/","og_locale":"fr_FR","og_type":"article","og_title":"Rollm\u00f6bel Mid-Century 60s | Vintage M\u00f6bel kaufen auf KURATO.CH","og_description":"Entdecke Vintage M\u00f6bel & Dekoration \u27a4 Rollm\u00f6bel Mid-Century 60s auf Kurato. \u2713Lieferung Schweiz \u271314-Tage R\u00fcckgabe \u2713Secondhand Unikat","og_url":"https:\/\/kurato.ch\/fr\/product\/rollmoebel-mid-century-60s\/","og_site_name":"Vintage M\u00f6bel &amp; Dekoration I Kurato","article_publisher":"https:\/\/www.facebook.com\/kuratoswitzerland","article_modified_time":"2023-03-18T10:33:20+00:00","og_image":[{"width":800,"height":800,"url":"https:\/\/kurato.ch\/wp-content\/uploads\/2021\/08\/Rollwagen-Mid-Century-60s-vintage-secondhand-gebraucht-schweiz-kurato.jpg","type":"image\/jpeg"}],"twitter_misc":{"Dur\u00e9e de lecture estim\u00e9e":"1 minute"},"schema":{"@context":"https:\/\/schema.org","@graph":[{"@type":"WebPage","@id":"https:\/\/kurato.ch\/product\/rollmoebel-mid-century-60s\/","url":"https:\/\/kurato.ch\/product\/rollmoebel-mid-century-60s\/","name":"Rollm\u00f6bel Mid-Century 60s | Vintage M\u00f6bel kaufen auf KURATO.CH","isPartOf":{"@id":"https:\/\/kurato.ch\/#website"},"primaryImageOfPage":{"@id":"https:\/\/kurato.ch\/product\/rollmoebel-mid-century-60s\/#primaryimage"},"image":{"@id":"https:\/\/kurato.ch\/product\/rollmoebel-mid-century-60s\/#primaryimage"},"thumbnailUrl":"https:\/\/kurato.ch\/wp-content\/uploads\/2021\/08\/Rollwagen-Mid-Century-60s-vintage-secondhand-gebraucht-schweiz-kurato.jpg","datePublished":"2021-08-31T07:40:32+00:00","dateModified":"2023-03-18T10:33:20+00:00","description":"Entdecke Vintage M\u00f6bel & Dekoration \u27a4 Rollm\u00f6bel Mid-Century 60s auf Kurato. \u2713Lieferung Schweiz \u271314-Tage R\u00fcckgabe \u2713Secondhand Unikat","breadcrumb":{"@id":"https:\/\/kurato.ch\/product\/rollmoebel-mid-century-60s\/#breadcrumb"},"inLanguage":"fr-FR","potentialAction":[{"@type":"ReadAction","target":["https:\/\/kurato.ch\/product\/rollmoebel-mid-century-60s\/"]}]},{"@type":"ImageObject","inLanguage":"fr-FR","@id":"https:\/\/kurato.ch\/product\/rollmoebel-mid-century-60s\/#primaryimage","url":"https:\/\/kurato.ch\/wp-content\/uploads\/2021\/08\/Rollwagen-Mid-Century-60s-vintage-secondhand-gebraucht-schweiz-kurato.jpg","contentUrl":"https:\/\/kurato.ch\/wp-content\/uploads\/2021\/08\/Rollwagen-Mid-Century-60s-vintage-secondhand-gebraucht-schweiz-kurato.jpg","width":800,"height":800,"caption":"Rollwagen Mid-Century 60s vintage secondhand gebraucht schweiz kurato"},{"@type":"BreadcrumbList","@id":"https:\/\/kurato.ch\/product\/rollmoebel-mid-century-60s\/#breadcrumb","itemListElement":[{"@type":"ListItem","position":1,"name":"Home","item":"https:\/\/kurato.ch\/"},{"@type":"ListItem","position":2,"name":"Neuheiten","item":"https:\/\/kurato.ch\/neuheiten\/"},{"@type":"ListItem","position":3,"name":"Rollm\u00f6bel Mid-Century 60s"}]},{"@type":"WebSite","@id":"https:\/\/kurato.ch\/#website","url":"https:\/\/kurato.ch\/","name":"Meubles vintage &amp; d\u00e9coration I Kurato","description":"Meubles vintage &amp; d\u00e9coration I Kurato","publisher":{"@id":"https:\/\/kurato.ch\/#organization"},"potentialAction":[{"@type":"SearchAction","target":{"@type":"EntryPoint","urlTemplate":"https:\/\/kurato.ch\/?s={search_term_string}"},"query-input":{"@type":"PropertyValueSpecification","valueRequired":true,"valueName":"search_term_string"}}],"inLanguage":"fr-FR"},{"@type":"Organization","@id":"https:\/\/kurato.ch\/#organization","name":"Kurato.","url":"https:\/\/kurato.ch\/","logo":{"@type":"ImageObject","inLanguage":"fr-FR","@id":"https:\/\/kurato.ch\/#\/schema\/logo\/image\/","url":"","contentUrl":"","caption":"Kurato."},"image":{"@id":"https:\/\/kurato.ch\/#\/schema\/logo\/image\/"},"sameAs":["https:\/\/www.facebook.com\/kuratoswitzerland","https:\/\/www.instagram.com\/kurato.ch\/","https:\/\/www.pinterest.ch\/kurato_ch\/_created\/"]}]}},"_links":{"self":[{"href":"https:\/\/kurato.ch\/fr\/wp-json\/wp\/v2\/product\/22967","targetHints":{"allow":["GET"]}}],"collection":[{"href":"https:\/\/kurato.ch\/fr\/wp-json\/wp\/v2\/product"}],"about":[{"href":"https:\/\/kurato.ch\/fr\/wp-json\/wp\/v2\/types\/product"}],"wp:featuredmedia":[{"embeddable":true,"href":"https:\/\/kurato.ch\/fr\/wp-json\/wp\/v2\/media\/23065"}],"wp:attachment":[{"href":"https:\/\/kurato.ch\/fr\/wp-json\/wp\/v2\/media?parent=22967"}],"wp:term":[{"taxonomy":"product_brand","embeddable":true,"href":"https:\/\/kurato.ch\/fr\/wp-json\/wp\/v2\/product_brand?post=22967"},{"taxonomy":"product_cat","embeddable":true,"href":"https:\/\/kurato.ch\/fr\/wp-json\/wp\/v2\/product_cat?post=22967"},{"taxonomy":"product_tag","embeddable":true,"href":"https:\/\/kurato.ch\/fr\/wp-json\/wp\/v2\/product_tag?post=22967"}],"curies":[{"name":"wp","href":"https:\/\/api.w.org\/{rel}","templated":true}]}}