{"id":23334,"date":"2021-09-07T11:49:59","date_gmt":"2021-09-07T09:49:59","guid":{"rendered":"https:\/\/kurato.ch\/?post_type=product&#038;p=23334"},"modified":"2021-11-26T16:33:58","modified_gmt":"2021-11-26T14:33:58","slug":"vintage-de-sede-sofa-ds-140","status":"publish","type":"product","link":"https:\/\/kurato.ch\/fr\/product\/vintage-de-sede-sofa-ds-140\/","title":{"rendered":"Canap\u00e9 vintage de Sede DS 140"},"content":{"rendered":"<p>Le canap\u00e9 de Sede DS 140, un mod\u00e8le aux multiples possibilit\u00e9s de transformation. Les coussins en forme de tube sont \u00e9tonnants. Gr\u00e2ce \u00e0 des ferrures int\u00e9gr\u00e9es, les quarts ext\u00e9rieurs des deux coussins d'assise divis\u00e9s au milieu peuvent \u00eatre pli\u00e9s \u00e0 partir de l'horizontale en deux \u00e9tapes presque \u00e0 angle droit pour former un accoudoir. Les coussins d'assise peuvent pivoter de 90\u00b0 ind\u00e9pendamment l'un de l'autre, ce qui permet de transformer chaque si\u00e8ge en chaise longue. L'espace lib\u00e9r\u00e9 entre les deux coussins tourn\u00e9s est \u00e9quip\u00e9 d'une tablette en cuir.<\/p>\n<p>Structure m\u00e9tallique, assise et dossier avec combinaison de mousse Bultex et rev\u00eatement en ouate contrecoll\u00e9. Avec t\u00eate de lit.<\/p>\n<p>Le canap\u00e9 a \u00e9t\u00e9 enti\u00e8rement reteint\u00e9 en 2011. Traces d'usure sur l'assise<\/p>","protected":false},"excerpt":{"rendered":"<p>Das de Sede Sofa DS 140, ein Modell mit zahlreichen Verwandlungsm\u00f6glichkeiten. Verbl\u00fcffend die tubenf\u00f6rmigen Kissen. Durch eingebaute Beschl\u00e4ge lassen sich die \u00e4usseren Viertel der beiden in der Mitte geteilten Sitzkissen aus der Horizontalen \u00fcber zwei Stufen fast rechtwinklig zu einer Armlehne aufbiegen. Die Sitzkissen lassen sich unabh\u00e4ngig voneinander um 90\u00b0 drehen, so dass sich jeder [&hellip;]<\/p>\n","protected":false},"featured_media":23341,"template":"","meta":{"_acf_changed":false,"site-sidebar-layout":"default","site-content-layout":"","ast-site-content-layout":"default","site-content-style":"default","site-sidebar-style":"default","ast-global-header-display":"","ast-banner-title-visibility":"","ast-main-header-display":"","ast-hfb-above-header-display":"","ast-hfb-below-header-display":"","ast-hfb-mobile-header-display":"","site-post-title":"","ast-breadcrumbs-content":"","ast-featured-img":"","footer-sml-layout":"","ast-disable-related-posts":"","theme-transparent-header-meta":"","adv-header-id-meta":"","stick-header-meta":"","header-above-stick-meta":"","header-main-stick-meta":"","header-below-stick-meta":"","astra-migrate-meta-layouts":"default","ast-page-background-enabled":"default","ast-page-background-meta":{"desktop":{"background-color":"","background-image":"","background-repeat":"repeat","background-position":"center center","background-size":"auto","background-attachment":"scroll","background-type":"","background-media":"","overlay-type":"","overlay-color":"","overlay-opacity":"","overlay-gradient":""},"tablet":{"background-color":"","background-image":"","background-repeat":"repeat","background-position":"center center","background-size":"auto","background-attachment":"scroll","background-type":"","background-media":"","overlay-type":"","overlay-color":"","overlay-opacity":"","overlay-gradient":""},"mobile":{"background-color":"","background-image":"","background-repeat":"repeat","background-position":"center center","background-size":"auto","background-attachment":"scroll","background-type":"","background-media":"","overlay-type":"","overlay-color":"","overlay-opacity":"","overlay-gradient":""}},"ast-content-background-meta":{"desktop":{"background-color":"var(--ast-global-color-5)","background-image":"","background-repeat":"repeat","background-position":"center center","background-size":"auto","background-attachment":"scroll","background-type":"","background-media":"","overlay-type":"","overlay-color":"","overlay-opacity":"","overlay-gradient":""},"tablet":{"background-color":"var(--ast-global-color-5)","background-image":"","background-repeat":"repeat","background-position":"center center","background-size":"auto","background-attachment":"scroll","background-type":"","background-media":"","overlay-type":"","overlay-color":"","overlay-opacity":"","overlay-gradient":""},"mobile":{"background-color":"var(--ast-global-color-5)","background-image":"","background-repeat":"repeat","background-position":"center center","background-size":"auto","background-attachment":"scroll","background-type":"","background-media":"","overlay-type":"","overlay-color":"","overlay-opacity":"","overlay-gradient":""}}},"product_brand":[],"product_cat":[157,156],"product_tag":[],"class_list":{"0":"post-23334","1":"product","2":"type-product","3":"status-publish","4":"has-post-thumbnail","6":"product_cat-2-sitzer","7":"product_cat-vintage-sofas-sitzbank","8":"pa_designer-de-sede","9":"pa_farbe-blau","10":"pa_material-leder","11":"pa_standort-zurich","12":"pa_stil-design","13":"desktop-align-left","14":"tablet-align-left","15":"mobile-align-left","17":"first","18":"outofstock","19":"sold-individually","20":"shipping-taxable","21":"purchasable","22":"product-type-simple"},"acf":[],"yoast_head":"<!-- This site is optimized with the Yoast SEO plugin v27.4 - https:\/\/yoast.com\/product\/yoast-seo-wordpress\/ -->\n<title>Vintage de Sede Sofa DS 140 | Vintage M\u00f6bel kaufen auf KURATO.CH<\/title>\n<meta name=\"description\" content=\"Entdecke Vintage M\u00f6bel &amp; Dekoration \u27a4 Vintage de Sede Sofa DS 140 auf Kurato. \u2713Lieferung Schweiz \u271314-Tage R\u00fcckgabe \u2713Secondhand Unikat\" \/>\n<meta name=\"robots\" content=\"index, follow, max-snippet:-1, max-image-preview:large, max-video-preview:-1\" \/>\n<link rel=\"canonical\" href=\"https:\/\/kurato.ch\/fr\/product\/vintage-de-sede-sofa-ds-140\/\" \/>\n<meta property=\"og:locale\" content=\"fr_FR\" \/>\n<meta property=\"og:type\" content=\"article\" \/>\n<meta property=\"og:title\" content=\"Vintage de Sede Sofa DS 140 | Vintage M\u00f6bel kaufen auf KURATO.CH\" \/>\n<meta property=\"og:description\" content=\"Entdecke Vintage M\u00f6bel &amp; Dekoration \u27a4 Vintage de Sede Sofa DS 140 auf Kurato. \u2713Lieferung Schweiz \u271314-Tage R\u00fcckgabe \u2713Secondhand Unikat\" \/>\n<meta property=\"og:url\" content=\"https:\/\/kurato.ch\/fr\/product\/vintage-de-sede-sofa-ds-140\/\" \/>\n<meta property=\"og:site_name\" content=\"Vintage M\u00f6bel &amp; Dekoration I Kurato\" \/>\n<meta property=\"article:publisher\" content=\"https:\/\/www.facebook.com\/kuratoswitzerland\" \/>\n<meta property=\"article:modified_time\" content=\"2021-11-26T14:33:58+00:00\" \/>\n<meta property=\"og:image\" content=\"https:\/\/kurato.ch\/wp-content\/uploads\/2021\/09\/de-Sede-Sofa-DS-140-vintage-secondhand-gebraucht-schweiz-kurato-6.jpg\" \/>\n\t<meta property=\"og:image:width\" content=\"800\" \/>\n\t<meta property=\"og:image:height\" content=\"800\" \/>\n\t<meta property=\"og:image:type\" content=\"image\/jpeg\" \/>\n<meta name=\"twitter:label1\" content=\"Dur\u00e9e de lecture estim\u00e9e\" \/>\n\t<meta name=\"twitter:data1\" content=\"1 minute\" \/>\n<script type=\"application\/ld+json\" class=\"yoast-schema-graph\">{\"@context\":\"https:\\\/\\\/schema.org\",\"@graph\":[{\"@type\":\"WebPage\",\"@id\":\"https:\\\/\\\/kurato.ch\\\/product\\\/vintage-de-sede-sofa-ds-140\\\/\",\"url\":\"https:\\\/\\\/kurato.ch\\\/product\\\/vintage-de-sede-sofa-ds-140\\\/\",\"name\":\"Vintage de Sede Sofa DS 140 | Vintage M\u00f6bel kaufen auf KURATO.CH\",\"isPartOf\":{\"@id\":\"https:\\\/\\\/kurato.ch\\\/#website\"},\"primaryImageOfPage\":{\"@id\":\"https:\\\/\\\/kurato.ch\\\/product\\\/vintage-de-sede-sofa-ds-140\\\/#primaryimage\"},\"image\":{\"@id\":\"https:\\\/\\\/kurato.ch\\\/product\\\/vintage-de-sede-sofa-ds-140\\\/#primaryimage\"},\"thumbnailUrl\":\"https:\\\/\\\/kurato.ch\\\/wp-content\\\/uploads\\\/2021\\\/09\\\/de-Sede-Sofa-DS-140-vintage-secondhand-gebraucht-schweiz-kurato-6.jpg\",\"datePublished\":\"2021-09-07T09:49:59+00:00\",\"dateModified\":\"2021-11-26T14:33:58+00:00\",\"description\":\"Entdecke Vintage M\u00f6bel & Dekoration \u27a4 Vintage de Sede Sofa DS 140 auf Kurato. \u2713Lieferung Schweiz \u271314-Tage R\u00fcckgabe \u2713Secondhand Unikat\",\"breadcrumb\":{\"@id\":\"https:\\\/\\\/kurato.ch\\\/product\\\/vintage-de-sede-sofa-ds-140\\\/#breadcrumb\"},\"inLanguage\":\"fr-FR\",\"potentialAction\":[{\"@type\":\"ReadAction\",\"target\":[\"https:\\\/\\\/kurato.ch\\\/product\\\/vintage-de-sede-sofa-ds-140\\\/\"]}]},{\"@type\":\"ImageObject\",\"inLanguage\":\"fr-FR\",\"@id\":\"https:\\\/\\\/kurato.ch\\\/product\\\/vintage-de-sede-sofa-ds-140\\\/#primaryimage\",\"url\":\"https:\\\/\\\/kurato.ch\\\/wp-content\\\/uploads\\\/2021\\\/09\\\/de-Sede-Sofa-DS-140-vintage-secondhand-gebraucht-schweiz-kurato-6.jpg\",\"contentUrl\":\"https:\\\/\\\/kurato.ch\\\/wp-content\\\/uploads\\\/2021\\\/09\\\/de-Sede-Sofa-DS-140-vintage-secondhand-gebraucht-schweiz-kurato-6.jpg\",\"width\":800,\"height\":800,\"caption\":\"de Sede Sofa DS 140 vintage secondhand gebraucht schweiz kurato - 1\"},{\"@type\":\"BreadcrumbList\",\"@id\":\"https:\\\/\\\/kurato.ch\\\/product\\\/vintage-de-sede-sofa-ds-140\\\/#breadcrumb\",\"itemListElement\":[{\"@type\":\"ListItem\",\"position\":1,\"name\":\"Home\",\"item\":\"https:\\\/\\\/kurato.ch\\\/\"},{\"@type\":\"ListItem\",\"position\":2,\"name\":\"Neuheiten\",\"item\":\"https:\\\/\\\/kurato.ch\\\/neuheiten\\\/\"},{\"@type\":\"ListItem\",\"position\":3,\"name\":\"Vintage de Sede Sofa DS 140\"}]},{\"@type\":\"WebSite\",\"@id\":\"https:\\\/\\\/kurato.ch\\\/#website\",\"url\":\"https:\\\/\\\/kurato.ch\\\/\",\"name\":\"Vintage M\u00f6bel &amp; Dekoration I Kurato\",\"description\":\"Vintage M\u00f6bel &amp; Dekoration I Kurato\",\"publisher\":{\"@id\":\"https:\\\/\\\/kurato.ch\\\/#organization\"},\"potentialAction\":[{\"@type\":\"SearchAction\",\"target\":{\"@type\":\"EntryPoint\",\"urlTemplate\":\"https:\\\/\\\/kurato.ch\\\/?s={search_term_string}\"},\"query-input\":{\"@type\":\"PropertyValueSpecification\",\"valueRequired\":true,\"valueName\":\"search_term_string\"}}],\"inLanguage\":\"fr-FR\"},{\"@type\":\"Organization\",\"@id\":\"https:\\\/\\\/kurato.ch\\\/#organization\",\"name\":\"Kurato.\",\"url\":\"https:\\\/\\\/kurato.ch\\\/\",\"logo\":{\"@type\":\"ImageObject\",\"inLanguage\":\"fr-FR\",\"@id\":\"https:\\\/\\\/kurato.ch\\\/#\\\/schema\\\/logo\\\/image\\\/\",\"url\":\"\",\"contentUrl\":\"\",\"caption\":\"Kurato.\"},\"image\":{\"@id\":\"https:\\\/\\\/kurato.ch\\\/#\\\/schema\\\/logo\\\/image\\\/\"},\"sameAs\":[\"https:\\\/\\\/www.facebook.com\\\/kuratoswitzerland\",\"https:\\\/\\\/www.instagram.com\\\/kurato.ch\\\/\",\"https:\\\/\\\/www.pinterest.ch\\\/kurato_ch\\\/_created\\\/\"]}]}<\/script>\n<!-- \/ Yoast SEO plugin. -->","yoast_head_json":{"title":"Vintage de Sede Sofa DS 140 | Vintage M\u00f6bel kaufen auf KURATO.CH","description":"Entdecke Vintage M\u00f6bel & Dekoration \u27a4 Vintage de Sede Sofa DS 140 auf Kurato. \u2713Lieferung Schweiz \u271314-Tage R\u00fcckgabe \u2713Secondhand Unikat","robots":{"index":"index","follow":"follow","max-snippet":"max-snippet:-1","max-image-preview":"max-image-preview:large","max-video-preview":"max-video-preview:-1"},"canonical":"https:\/\/kurato.ch\/fr\/product\/vintage-de-sede-sofa-ds-140\/","og_locale":"fr_FR","og_type":"article","og_title":"Vintage de Sede Sofa DS 140 | Vintage M\u00f6bel kaufen auf KURATO.CH","og_description":"Entdecke Vintage M\u00f6bel & Dekoration \u27a4 Vintage de Sede Sofa DS 140 auf Kurato. \u2713Lieferung Schweiz \u271314-Tage R\u00fcckgabe \u2713Secondhand Unikat","og_url":"https:\/\/kurato.ch\/fr\/product\/vintage-de-sede-sofa-ds-140\/","og_site_name":"Vintage M\u00f6bel &amp; Dekoration I Kurato","article_publisher":"https:\/\/www.facebook.com\/kuratoswitzerland","article_modified_time":"2021-11-26T14:33:58+00:00","og_image":[{"width":800,"height":800,"url":"https:\/\/kurato.ch\/wp-content\/uploads\/2021\/09\/de-Sede-Sofa-DS-140-vintage-secondhand-gebraucht-schweiz-kurato-6.jpg","type":"image\/jpeg"}],"twitter_misc":{"Dur\u00e9e de lecture estim\u00e9e":"1 minute"},"schema":{"@context":"https:\/\/schema.org","@graph":[{"@type":"WebPage","@id":"https:\/\/kurato.ch\/product\/vintage-de-sede-sofa-ds-140\/","url":"https:\/\/kurato.ch\/product\/vintage-de-sede-sofa-ds-140\/","name":"Vintage de Sede Sofa DS 140 | Vintage M\u00f6bel kaufen auf KURATO.CH","isPartOf":{"@id":"https:\/\/kurato.ch\/#website"},"primaryImageOfPage":{"@id":"https:\/\/kurato.ch\/product\/vintage-de-sede-sofa-ds-140\/#primaryimage"},"image":{"@id":"https:\/\/kurato.ch\/product\/vintage-de-sede-sofa-ds-140\/#primaryimage"},"thumbnailUrl":"https:\/\/kurato.ch\/wp-content\/uploads\/2021\/09\/de-Sede-Sofa-DS-140-vintage-secondhand-gebraucht-schweiz-kurato-6.jpg","datePublished":"2021-09-07T09:49:59+00:00","dateModified":"2021-11-26T14:33:58+00:00","description":"Entdecke Vintage M\u00f6bel & Dekoration \u27a4 Vintage de Sede Sofa DS 140 auf Kurato. \u2713Lieferung Schweiz \u271314-Tage R\u00fcckgabe \u2713Secondhand Unikat","breadcrumb":{"@id":"https:\/\/kurato.ch\/product\/vintage-de-sede-sofa-ds-140\/#breadcrumb"},"inLanguage":"fr-FR","potentialAction":[{"@type":"ReadAction","target":["https:\/\/kurato.ch\/product\/vintage-de-sede-sofa-ds-140\/"]}]},{"@type":"ImageObject","inLanguage":"fr-FR","@id":"https:\/\/kurato.ch\/product\/vintage-de-sede-sofa-ds-140\/#primaryimage","url":"https:\/\/kurato.ch\/wp-content\/uploads\/2021\/09\/de-Sede-Sofa-DS-140-vintage-secondhand-gebraucht-schweiz-kurato-6.jpg","contentUrl":"https:\/\/kurato.ch\/wp-content\/uploads\/2021\/09\/de-Sede-Sofa-DS-140-vintage-secondhand-gebraucht-schweiz-kurato-6.jpg","width":800,"height":800,"caption":"de Sede Sofa DS 140 vintage secondhand gebraucht schweiz kurato - 1"},{"@type":"BreadcrumbList","@id":"https:\/\/kurato.ch\/product\/vintage-de-sede-sofa-ds-140\/#breadcrumb","itemListElement":[{"@type":"ListItem","position":1,"name":"Home","item":"https:\/\/kurato.ch\/"},{"@type":"ListItem","position":2,"name":"Neuheiten","item":"https:\/\/kurato.ch\/neuheiten\/"},{"@type":"ListItem","position":3,"name":"Vintage de Sede Sofa DS 140"}]},{"@type":"WebSite","@id":"https:\/\/kurato.ch\/#website","url":"https:\/\/kurato.ch\/","name":"Meubles vintage &amp; d\u00e9coration I Kurato","description":"Meubles vintage &amp; d\u00e9coration I Kurato","publisher":{"@id":"https:\/\/kurato.ch\/#organization"},"potentialAction":[{"@type":"SearchAction","target":{"@type":"EntryPoint","urlTemplate":"https:\/\/kurato.ch\/?s={search_term_string}"},"query-input":{"@type":"PropertyValueSpecification","valueRequired":true,"valueName":"search_term_string"}}],"inLanguage":"fr-FR"},{"@type":"Organization","@id":"https:\/\/kurato.ch\/#organization","name":"Kurato.","url":"https:\/\/kurato.ch\/","logo":{"@type":"ImageObject","inLanguage":"fr-FR","@id":"https:\/\/kurato.ch\/#\/schema\/logo\/image\/","url":"","contentUrl":"","caption":"Kurato."},"image":{"@id":"https:\/\/kurato.ch\/#\/schema\/logo\/image\/"},"sameAs":["https:\/\/www.facebook.com\/kuratoswitzerland","https:\/\/www.instagram.com\/kurato.ch\/","https:\/\/www.pinterest.ch\/kurato_ch\/_created\/"]}]}},"_links":{"self":[{"href":"https:\/\/kurato.ch\/fr\/wp-json\/wp\/v2\/product\/23334","targetHints":{"allow":["GET"]}}],"collection":[{"href":"https:\/\/kurato.ch\/fr\/wp-json\/wp\/v2\/product"}],"about":[{"href":"https:\/\/kurato.ch\/fr\/wp-json\/wp\/v2\/types\/product"}],"wp:featuredmedia":[{"embeddable":true,"href":"https:\/\/kurato.ch\/fr\/wp-json\/wp\/v2\/media\/23341"}],"wp:attachment":[{"href":"https:\/\/kurato.ch\/fr\/wp-json\/wp\/v2\/media?parent=23334"}],"wp:term":[{"taxonomy":"product_brand","embeddable":true,"href":"https:\/\/kurato.ch\/fr\/wp-json\/wp\/v2\/product_brand?post=23334"},{"taxonomy":"product_cat","embeddable":true,"href":"https:\/\/kurato.ch\/fr\/wp-json\/wp\/v2\/product_cat?post=23334"},{"taxonomy":"product_tag","embeddable":true,"href":"https:\/\/kurato.ch\/fr\/wp-json\/wp\/v2\/product_tag?post=23334"}],"curies":[{"name":"wp","href":"https:\/\/api.w.org\/{rel}","templated":true}]}}