{"id":24828,"date":"2021-10-14T08:09:47","date_gmt":"2021-10-14T06:09:47","guid":{"rendered":"https:\/\/kurato.ch\/?post_type=product&#038;p=24828"},"modified":"2021-11-14T18:52:18","modified_gmt":"2021-11-14T16:52:18","slug":"ritterstuehle-aus-holz-und-leder-spanischer-stil","status":"publish","type":"product","link":"https:\/\/kurato.ch\/fr\/product\/ritterstuehle-aus-holz-und-leder-spanischer-stil\/","title":{"rendered":"Chaises de chevalier en bois et cuir, style espagnol"},"content":{"rendered":"<p>Nous proposons \u00e0 la vente 2 chaises \u00e0 caract\u00e8re m\u00e9di\u00e9val. L'assise de cette chaise en bois est en cuir et recouverte de rivets sur les c\u00f4t\u00e9s. Sur l'une des deux chaises, le cuir est plus marqu\u00e9 par la patine. Sur l'autre, un pied de chaise a \u00e9t\u00e9 doubl\u00e9 (voir photos). Le prix s'entend pour les deux chaises de chevalier ensemble.<br \/>\nMasse :<br \/>\nHauteur totale : 108 cm<br \/>\nHauteur du si\u00e8ge : 43 cm<br \/>\nLargeur : 44 cm<br \/>\nProfondeur : 39 cm<\/p>","protected":false},"excerpt":{"rendered":"<p>Zum Verkauf stehen 2 St\u00fchle mit mittelalterlichem Charakter. Die Sitzfl\u00e4che dieses Holzstuhls ist aus Leder und seitlich mit Nieten beschlagen. Bei einem der beiden St\u00fchle ist das Leder deutlicher von Patina gezeichnet. Beim Anderen wurde ein Stuhlbein zus\u00e4tzlich unterlegt (siehe Bilder). Preis versteht sich f\u00fcr beide Ritterst\u00fchle zusammen. Masse: Gesamth\u00f6he: 108 cm Sitzh\u00f6he: 43 cm [&hellip;]<\/p>\n","protected":false},"featured_media":24846,"template":"","meta":{"_acf_changed":false,"site-sidebar-layout":"default","site-content-layout":"default","ast-site-content-layout":"default","site-content-style":"default","site-sidebar-style":"default","ast-global-header-display":"","ast-banner-title-visibility":"","ast-main-header-display":"","ast-hfb-above-header-display":"","ast-hfb-below-header-display":"","ast-hfb-mobile-header-display":"","site-post-title":"","ast-breadcrumbs-content":"","ast-featured-img":"","footer-sml-layout":"","ast-disable-related-posts":"","theme-transparent-header-meta":"default","adv-header-id-meta":"","stick-header-meta":"default","header-above-stick-meta":"","header-main-stick-meta":"","header-below-stick-meta":"","astra-migrate-meta-layouts":"default","ast-page-background-enabled":"default","ast-page-background-meta":{"desktop":{"background-color":"","background-image":"","background-repeat":"repeat","background-position":"center center","background-size":"auto","background-attachment":"scroll","background-type":"","background-media":"","overlay-type":"","overlay-color":"","overlay-opacity":"","overlay-gradient":""},"tablet":{"background-color":"","background-image":"","background-repeat":"repeat","background-position":"center center","background-size":"auto","background-attachment":"scroll","background-type":"","background-media":"","overlay-type":"","overlay-color":"","overlay-opacity":"","overlay-gradient":""},"mobile":{"background-color":"","background-image":"","background-repeat":"repeat","background-position":"center center","background-size":"auto","background-attachment":"scroll","background-type":"","background-media":"","overlay-type":"","overlay-color":"","overlay-opacity":"","overlay-gradient":""}},"ast-content-background-meta":{"desktop":{"background-color":"var(--ast-global-color-5)","background-image":"","background-repeat":"repeat","background-position":"center center","background-size":"auto","background-attachment":"scroll","background-type":"","background-media":"","overlay-type":"","overlay-color":"","overlay-opacity":"","overlay-gradient":""},"tablet":{"background-color":"var(--ast-global-color-5)","background-image":"","background-repeat":"repeat","background-position":"center center","background-size":"auto","background-attachment":"scroll","background-type":"","background-media":"","overlay-type":"","overlay-color":"","overlay-opacity":"","overlay-gradient":""},"mobile":{"background-color":"var(--ast-global-color-5)","background-image":"","background-repeat":"repeat","background-position":"center center","background-size":"auto","background-attachment":"scroll","background-type":"","background-media":"","overlay-type":"","overlay-color":"","overlay-opacity":"","overlay-gradient":""}}},"product_brand":[],"product_cat":[165],"product_tag":[],"class_list":{"0":"post-24828","1":"product","2":"type-product","3":"status-publish","4":"has-post-thumbnail","6":"product_cat-vintage-esszimmerstuehle","7":"pa_material-holz","8":"pa_material-leder","9":"pa_standort-mittelland","10":"pa_stil-antiquitaet","11":"desktop-align-left","12":"tablet-align-left","13":"mobile-align-left","15":"first","16":"outofstock","17":"shipping-taxable","18":"purchasable","19":"product-type-simple"},"acf":[],"yoast_head":"<!-- This site is optimized with the Yoast SEO plugin v27.4 - https:\/\/yoast.com\/product\/yoast-seo-wordpress\/ -->\n<title>Ritterst\u00fchle aus Holz und Leder, Spanischer Stil | Vintage M\u00f6bel kaufen auf KURATO.CH<\/title>\n<meta name=\"description\" content=\"Spanische St\u00fchle mit mittelalterlichem Charakter. Sitzfl\u00e4che des Ritterstuhls aus Leder, mit Nieten beschlagen. Secondhand auf Kurato kaufen.\" \/>\n<meta name=\"robots\" content=\"index, follow, max-snippet:-1, max-image-preview:large, max-video-preview:-1\" \/>\n<link rel=\"canonical\" href=\"https:\/\/kurato.ch\/fr\/product\/ritterstuehle-aus-holz-und-leder-spanischer-stil\/\" \/>\n<meta property=\"og:locale\" content=\"fr_FR\" \/>\n<meta property=\"og:type\" content=\"article\" \/>\n<meta property=\"og:title\" content=\"Ritterst\u00fchle aus Holz und Leder, Spanischer Stil | Vintage M\u00f6bel kaufen auf KURATO.CH\" \/>\n<meta property=\"og:description\" content=\"Spanische St\u00fchle mit mittelalterlichem Charakter. Sitzfl\u00e4che des Ritterstuhls aus Leder, mit Nieten beschlagen. Secondhand auf Kurato kaufen.\" \/>\n<meta property=\"og:url\" content=\"https:\/\/kurato.ch\/fr\/product\/ritterstuehle-aus-holz-und-leder-spanischer-stil\/\" \/>\n<meta property=\"og:site_name\" content=\"Vintage M\u00f6bel &amp; Dekoration I Kurato\" \/>\n<meta property=\"article:publisher\" content=\"https:\/\/www.facebook.com\/kuratoswitzerland\" \/>\n<meta property=\"article:modified_time\" content=\"2021-11-14T16:52:18+00:00\" \/>\n<meta property=\"og:image\" content=\"https:\/\/kurato.ch\/wp-content\/uploads\/2021\/10\/ritterstuhl-spanien-vintage-secondhand-gebraucht-schweiz.jpg\" \/>\n\t<meta property=\"og:image:width\" content=\"800\" \/>\n\t<meta property=\"og:image:height\" content=\"800\" \/>\n\t<meta property=\"og:image:type\" content=\"image\/jpeg\" \/>\n<script type=\"application\/ld+json\" class=\"yoast-schema-graph\">{\"@context\":\"https:\\\/\\\/schema.org\",\"@graph\":[{\"@type\":\"WebPage\",\"@id\":\"https:\\\/\\\/kurato.ch\\\/product\\\/ritterstuehle-aus-holz-und-leder-spanischer-stil\\\/\",\"url\":\"https:\\\/\\\/kurato.ch\\\/product\\\/ritterstuehle-aus-holz-und-leder-spanischer-stil\\\/\",\"name\":\"Ritterst\u00fchle aus Holz und Leder, Spanischer Stil | Vintage M\u00f6bel kaufen auf KURATO.CH\",\"isPartOf\":{\"@id\":\"https:\\\/\\\/kurato.ch\\\/#website\"},\"primaryImageOfPage\":{\"@id\":\"https:\\\/\\\/kurato.ch\\\/product\\\/ritterstuehle-aus-holz-und-leder-spanischer-stil\\\/#primaryimage\"},\"image\":{\"@id\":\"https:\\\/\\\/kurato.ch\\\/product\\\/ritterstuehle-aus-holz-und-leder-spanischer-stil\\\/#primaryimage\"},\"thumbnailUrl\":\"https:\\\/\\\/kurato.ch\\\/wp-content\\\/uploads\\\/2021\\\/10\\\/ritterstuhl-spanien-vintage-secondhand-gebraucht-schweiz.jpg\",\"datePublished\":\"2021-10-14T06:09:47+00:00\",\"dateModified\":\"2021-11-14T16:52:18+00:00\",\"description\":\"Spanische St\u00fchle mit mittelalterlichem Charakter. Sitzfl\u00e4che des Ritterstuhls aus Leder, mit Nieten beschlagen. Secondhand auf Kurato kaufen.\",\"breadcrumb\":{\"@id\":\"https:\\\/\\\/kurato.ch\\\/product\\\/ritterstuehle-aus-holz-und-leder-spanischer-stil\\\/#breadcrumb\"},\"inLanguage\":\"fr-FR\",\"potentialAction\":[{\"@type\":\"ReadAction\",\"target\":[\"https:\\\/\\\/kurato.ch\\\/product\\\/ritterstuehle-aus-holz-und-leder-spanischer-stil\\\/\"]}]},{\"@type\":\"ImageObject\",\"inLanguage\":\"fr-FR\",\"@id\":\"https:\\\/\\\/kurato.ch\\\/product\\\/ritterstuehle-aus-holz-und-leder-spanischer-stil\\\/#primaryimage\",\"url\":\"https:\\\/\\\/kurato.ch\\\/wp-content\\\/uploads\\\/2021\\\/10\\\/ritterstuhl-spanien-vintage-secondhand-gebraucht-schweiz.jpg\",\"contentUrl\":\"https:\\\/\\\/kurato.ch\\\/wp-content\\\/uploads\\\/2021\\\/10\\\/ritterstuhl-spanien-vintage-secondhand-gebraucht-schweiz.jpg\",\"width\":800,\"height\":800,\"caption\":\"ritterst\u00fchle aus Holz im spanischen stil mit Sitzfl\u00e4che aus Leder.\"},{\"@type\":\"BreadcrumbList\",\"@id\":\"https:\\\/\\\/kurato.ch\\\/product\\\/ritterstuehle-aus-holz-und-leder-spanischer-stil\\\/#breadcrumb\",\"itemListElement\":[{\"@type\":\"ListItem\",\"position\":1,\"name\":\"Home\",\"item\":\"https:\\\/\\\/kurato.ch\\\/\"},{\"@type\":\"ListItem\",\"position\":2,\"name\":\"Neuheiten\",\"item\":\"https:\\\/\\\/kurato.ch\\\/neuheiten\\\/\"},{\"@type\":\"ListItem\",\"position\":3,\"name\":\"Ritterst\u00fchle aus Holz und Leder, Spanischer Stil\"}]},{\"@type\":\"WebSite\",\"@id\":\"https:\\\/\\\/kurato.ch\\\/#website\",\"url\":\"https:\\\/\\\/kurato.ch\\\/\",\"name\":\"Vintage M\u00f6bel &amp; Dekoration I Kurato\",\"description\":\"Vintage M\u00f6bel &amp; Dekoration I Kurato\",\"publisher\":{\"@id\":\"https:\\\/\\\/kurato.ch\\\/#organization\"},\"potentialAction\":[{\"@type\":\"SearchAction\",\"target\":{\"@type\":\"EntryPoint\",\"urlTemplate\":\"https:\\\/\\\/kurato.ch\\\/?s={search_term_string}\"},\"query-input\":{\"@type\":\"PropertyValueSpecification\",\"valueRequired\":true,\"valueName\":\"search_term_string\"}}],\"inLanguage\":\"fr-FR\"},{\"@type\":\"Organization\",\"@id\":\"https:\\\/\\\/kurato.ch\\\/#organization\",\"name\":\"Kurato.\",\"url\":\"https:\\\/\\\/kurato.ch\\\/\",\"logo\":{\"@type\":\"ImageObject\",\"inLanguage\":\"fr-FR\",\"@id\":\"https:\\\/\\\/kurato.ch\\\/#\\\/schema\\\/logo\\\/image\\\/\",\"url\":\"\",\"contentUrl\":\"\",\"caption\":\"Kurato.\"},\"image\":{\"@id\":\"https:\\\/\\\/kurato.ch\\\/#\\\/schema\\\/logo\\\/image\\\/\"},\"sameAs\":[\"https:\\\/\\\/www.facebook.com\\\/kuratoswitzerland\",\"https:\\\/\\\/www.instagram.com\\\/kurato.ch\\\/\",\"https:\\\/\\\/www.pinterest.ch\\\/kurato_ch\\\/_created\\\/\"]}]}<\/script>\n<!-- \/ Yoast SEO plugin. -->","yoast_head_json":{"title":"Ritterst\u00fchle aus Holz und Leder, Spanischer Stil | Vintage M\u00f6bel kaufen auf KURATO.CH","description":"Spanische St\u00fchle mit mittelalterlichem Charakter. Sitzfl\u00e4che des Ritterstuhls aus Leder, mit Nieten beschlagen. Secondhand auf Kurato kaufen.","robots":{"index":"index","follow":"follow","max-snippet":"max-snippet:-1","max-image-preview":"max-image-preview:large","max-video-preview":"max-video-preview:-1"},"canonical":"https:\/\/kurato.ch\/fr\/product\/ritterstuehle-aus-holz-und-leder-spanischer-stil\/","og_locale":"fr_FR","og_type":"article","og_title":"Ritterst\u00fchle aus Holz und Leder, Spanischer Stil | Vintage M\u00f6bel kaufen auf KURATO.CH","og_description":"Spanische St\u00fchle mit mittelalterlichem Charakter. Sitzfl\u00e4che des Ritterstuhls aus Leder, mit Nieten beschlagen. Secondhand auf Kurato kaufen.","og_url":"https:\/\/kurato.ch\/fr\/product\/ritterstuehle-aus-holz-und-leder-spanischer-stil\/","og_site_name":"Vintage M\u00f6bel &amp; Dekoration I Kurato","article_publisher":"https:\/\/www.facebook.com\/kuratoswitzerland","article_modified_time":"2021-11-14T16:52:18+00:00","og_image":[{"width":800,"height":800,"url":"https:\/\/kurato.ch\/wp-content\/uploads\/2021\/10\/ritterstuhl-spanien-vintage-secondhand-gebraucht-schweiz.jpg","type":"image\/jpeg"}],"schema":{"@context":"https:\/\/schema.org","@graph":[{"@type":"WebPage","@id":"https:\/\/kurato.ch\/product\/ritterstuehle-aus-holz-und-leder-spanischer-stil\/","url":"https:\/\/kurato.ch\/product\/ritterstuehle-aus-holz-und-leder-spanischer-stil\/","name":"Ritterst\u00fchle aus Holz und Leder, Spanischer Stil | Vintage M\u00f6bel kaufen auf KURATO.CH","isPartOf":{"@id":"https:\/\/kurato.ch\/#website"},"primaryImageOfPage":{"@id":"https:\/\/kurato.ch\/product\/ritterstuehle-aus-holz-und-leder-spanischer-stil\/#primaryimage"},"image":{"@id":"https:\/\/kurato.ch\/product\/ritterstuehle-aus-holz-und-leder-spanischer-stil\/#primaryimage"},"thumbnailUrl":"https:\/\/kurato.ch\/wp-content\/uploads\/2021\/10\/ritterstuhl-spanien-vintage-secondhand-gebraucht-schweiz.jpg","datePublished":"2021-10-14T06:09:47+00:00","dateModified":"2021-11-14T16:52:18+00:00","description":"Spanische St\u00fchle mit mittelalterlichem Charakter. Sitzfl\u00e4che des Ritterstuhls aus Leder, mit Nieten beschlagen. Secondhand auf Kurato kaufen.","breadcrumb":{"@id":"https:\/\/kurato.ch\/product\/ritterstuehle-aus-holz-und-leder-spanischer-stil\/#breadcrumb"},"inLanguage":"fr-FR","potentialAction":[{"@type":"ReadAction","target":["https:\/\/kurato.ch\/product\/ritterstuehle-aus-holz-und-leder-spanischer-stil\/"]}]},{"@type":"ImageObject","inLanguage":"fr-FR","@id":"https:\/\/kurato.ch\/product\/ritterstuehle-aus-holz-und-leder-spanischer-stil\/#primaryimage","url":"https:\/\/kurato.ch\/wp-content\/uploads\/2021\/10\/ritterstuhl-spanien-vintage-secondhand-gebraucht-schweiz.jpg","contentUrl":"https:\/\/kurato.ch\/wp-content\/uploads\/2021\/10\/ritterstuhl-spanien-vintage-secondhand-gebraucht-schweiz.jpg","width":800,"height":800,"caption":"ritterst\u00fchle aus Holz im spanischen stil mit Sitzfl\u00e4che aus Leder."},{"@type":"BreadcrumbList","@id":"https:\/\/kurato.ch\/product\/ritterstuehle-aus-holz-und-leder-spanischer-stil\/#breadcrumb","itemListElement":[{"@type":"ListItem","position":1,"name":"Home","item":"https:\/\/kurato.ch\/"},{"@type":"ListItem","position":2,"name":"Neuheiten","item":"https:\/\/kurato.ch\/neuheiten\/"},{"@type":"ListItem","position":3,"name":"Ritterst\u00fchle aus Holz und Leder, Spanischer Stil"}]},{"@type":"WebSite","@id":"https:\/\/kurato.ch\/#website","url":"https:\/\/kurato.ch\/","name":"Meubles vintage &amp; d\u00e9coration I Kurato","description":"Meubles vintage &amp; d\u00e9coration I Kurato","publisher":{"@id":"https:\/\/kurato.ch\/#organization"},"potentialAction":[{"@type":"SearchAction","target":{"@type":"EntryPoint","urlTemplate":"https:\/\/kurato.ch\/?s={search_term_string}"},"query-input":{"@type":"PropertyValueSpecification","valueRequired":true,"valueName":"search_term_string"}}],"inLanguage":"fr-FR"},{"@type":"Organization","@id":"https:\/\/kurato.ch\/#organization","name":"Kurato.","url":"https:\/\/kurato.ch\/","logo":{"@type":"ImageObject","inLanguage":"fr-FR","@id":"https:\/\/kurato.ch\/#\/schema\/logo\/image\/","url":"","contentUrl":"","caption":"Kurato."},"image":{"@id":"https:\/\/kurato.ch\/#\/schema\/logo\/image\/"},"sameAs":["https:\/\/www.facebook.com\/kuratoswitzerland","https:\/\/www.instagram.com\/kurato.ch\/","https:\/\/www.pinterest.ch\/kurato_ch\/_created\/"]}]}},"_links":{"self":[{"href":"https:\/\/kurato.ch\/fr\/wp-json\/wp\/v2\/product\/24828","targetHints":{"allow":["GET"]}}],"collection":[{"href":"https:\/\/kurato.ch\/fr\/wp-json\/wp\/v2\/product"}],"about":[{"href":"https:\/\/kurato.ch\/fr\/wp-json\/wp\/v2\/types\/product"}],"wp:featuredmedia":[{"embeddable":true,"href":"https:\/\/kurato.ch\/fr\/wp-json\/wp\/v2\/media\/24846"}],"wp:attachment":[{"href":"https:\/\/kurato.ch\/fr\/wp-json\/wp\/v2\/media?parent=24828"}],"wp:term":[{"taxonomy":"product_brand","embeddable":true,"href":"https:\/\/kurato.ch\/fr\/wp-json\/wp\/v2\/product_brand?post=24828"},{"taxonomy":"product_cat","embeddable":true,"href":"https:\/\/kurato.ch\/fr\/wp-json\/wp\/v2\/product_cat?post=24828"},{"taxonomy":"product_tag","embeddable":true,"href":"https:\/\/kurato.ch\/fr\/wp-json\/wp\/v2\/product_tag?post=24828"}],"curies":[{"name":"wp","href":"https:\/\/api.w.org\/{rel}","templated":true}]}}