{"id":25710,"date":"2021-10-24T09:05:08","date_gmt":"2021-10-24T07:05:08","guid":{"rendered":"https:\/\/kurato.ch\/?post_type=product&#038;p=25710"},"modified":"2023-03-25T18:18:28","modified_gmt":"2023-03-25T16:18:28","slug":"mid-century-esstisch-4-stuehle-aus-teak-hans-olsen-fuer-frem-rojle","status":"publish","type":"product","link":"https:\/\/kurato.ch\/fr\/product\/mid-century-esstisch-4-stuehle-aus-teak-hans-olsen-fuer-frem-rojle\/","title":{"rendered":"Table de salle \u00e0 manger Mid-Century &amp; 4 chaises en teck, Hans Olsen pour Frem R\u00f8jle"},"content":{"rendered":"<p>Ensemble de salle \u00e0 manger compos\u00e9 d'une table ronde et de quatre chaises assorties en teck. Le design a \u00e9t\u00e9 con\u00e7u par Hans Olsen pour Frem R\u00f8jle dans les ann\u00e9es 50.<\/p>\n<p>Les chaises ont une assise triangulaire. Leur forme s'adapte parfaitement au design de la table, de sorte que les chaises peuvent \u00eatre gliss\u00e9es en dessous sans probl\u00e8me.<\/p>\n<p>Un design \u00e9l\u00e9gant et peu encombrant con\u00e7u par Hans Olsen pour Frem R\u00f8jle.<\/p>","protected":false},"excerpt":{"rendered":"<p>Esszimmer-Set bestehend aus einem runden Esstisch mit vier passenden St\u00fchlen aus Teakholz. Das Design stammt von Hans Olsen f\u00fcr Frem R\u00f8jle aus den 50er Jahren. Die St\u00fchle haben eine dreieckige Sitzfl\u00e4che. Ihre Passform ist perfekt auf das Design des Tisch abgestimmt, so lassen sich die St\u00fchle nahtlos darunter schieben. Ein elegantes und platzsparendes Design von [&hellip;]<\/p>\n","protected":false},"featured_media":25716,"template":"","meta":{"_acf_changed":false,"site-sidebar-layout":"default","site-content-layout":"default","ast-site-content-layout":"default","site-content-style":"default","site-sidebar-style":"default","ast-global-header-display":"","ast-banner-title-visibility":"","ast-main-header-display":"","ast-hfb-above-header-display":"","ast-hfb-below-header-display":"","ast-hfb-mobile-header-display":"","site-post-title":"","ast-breadcrumbs-content":"","ast-featured-img":"","footer-sml-layout":"","ast-disable-related-posts":"","theme-transparent-header-meta":"default","adv-header-id-meta":"","stick-header-meta":"default","header-above-stick-meta":"","header-main-stick-meta":"","header-below-stick-meta":"","astra-migrate-meta-layouts":"default","ast-page-background-enabled":"default","ast-page-background-meta":{"desktop":{"background-color":"","background-image":"","background-repeat":"repeat","background-position":"center center","background-size":"auto","background-attachment":"scroll","background-type":"","background-media":"","overlay-type":"","overlay-color":"","overlay-opacity":"","overlay-gradient":""},"tablet":{"background-color":"","background-image":"","background-repeat":"repeat","background-position":"center center","background-size":"auto","background-attachment":"scroll","background-type":"","background-media":"","overlay-type":"","overlay-color":"","overlay-opacity":"","overlay-gradient":""},"mobile":{"background-color":"","background-image":"","background-repeat":"repeat","background-position":"center center","background-size":"auto","background-attachment":"scroll","background-type":"","background-media":"","overlay-type":"","overlay-color":"","overlay-opacity":"","overlay-gradient":""}},"ast-content-background-meta":{"desktop":{"background-color":"var(--ast-global-color-5)","background-image":"","background-repeat":"repeat","background-position":"center center","background-size":"auto","background-attachment":"scroll","background-type":"","background-media":"","overlay-type":"","overlay-color":"","overlay-opacity":"","overlay-gradient":""},"tablet":{"background-color":"var(--ast-global-color-5)","background-image":"","background-repeat":"repeat","background-position":"center center","background-size":"auto","background-attachment":"scroll","background-type":"","background-media":"","overlay-type":"","overlay-color":"","overlay-opacity":"","overlay-gradient":""},"mobile":{"background-color":"var(--ast-global-color-5)","background-image":"","background-repeat":"repeat","background-position":"center center","background-size":"auto","background-attachment":"scroll","background-type":"","background-media":"","overlay-type":"","overlay-color":"","overlay-opacity":"","overlay-gradient":""}}},"product_brand":[],"product_cat":[168,165],"product_tag":[],"class_list":{"0":"post-25710","1":"product","2":"type-product","3":"status-publish","4":"has-post-thumbnail","6":"product_cat-vintage-esstisch","7":"product_cat-vintage-esszimmerstuehle","8":"pa_designer-frem-rojle","9":"pa_designer-olsen-hans","10":"pa_material-holz","11":"pa_standort-mittelland","12":"pa_stil-skandinavisch-mid-century","13":"desktop-align-left","14":"tablet-align-left","15":"mobile-align-left","17":"first","18":"outofstock","19":"sold-individually","20":"shipping-taxable","21":"purchasable","22":"product-type-simple"},"acf":[],"yoast_head":"<!-- This site is optimized with the Yoast SEO plugin v27.4 - https:\/\/yoast.com\/product\/yoast-seo-wordpress\/ -->\n<title>Mid-Century Esstisch &amp; 4 St\u00fchle aus Teak, Hans Olsen f\u00fcr Frem R\u00f8jle | Vintage M\u00f6bel kaufen auf KURATO.CH<\/title>\n<meta name=\"description\" content=\"Entdecke Vintage M\u00f6bel &amp; Dekoration \u27a4 Mid-Century Esstisch &amp; 4 St\u00fchle aus Teak, Hans Olsen f\u00fcr Frem R\u00f8jle auf Kurato. \u2713Lieferung Schweiz \u271314-Tage R\u00fcckgabe \u2713Secondhand Unikat\" \/>\n<meta name=\"robots\" content=\"index, follow, max-snippet:-1, max-image-preview:large, max-video-preview:-1\" \/>\n<link rel=\"canonical\" href=\"https:\/\/kurato.ch\/fr\/product\/mid-century-esstisch-4-stuehle-aus-teak-hans-olsen-fuer-frem-rojle\/\" \/>\n<meta property=\"og:locale\" content=\"fr_FR\" \/>\n<meta property=\"og:type\" content=\"article\" \/>\n<meta property=\"og:title\" content=\"Mid-Century Esstisch &amp; 4 St\u00fchle aus Teak, Hans Olsen f\u00fcr Frem R\u00f8jle | Vintage M\u00f6bel kaufen auf KURATO.CH\" \/>\n<meta property=\"og:description\" content=\"Entdecke Vintage M\u00f6bel &amp; Dekoration \u27a4 Mid-Century Esstisch &amp; 4 St\u00fchle aus Teak, Hans Olsen f\u00fcr Frem R\u00f8jle auf Kurato. \u2713Lieferung Schweiz \u271314-Tage R\u00fcckgabe \u2713Secondhand Unikat\" \/>\n<meta property=\"og:url\" content=\"https:\/\/kurato.ch\/fr\/product\/mid-century-esstisch-4-stuehle-aus-teak-hans-olsen-fuer-frem-rojle\/\" \/>\n<meta property=\"og:site_name\" content=\"Vintage M\u00f6bel &amp; Dekoration I Kurato\" \/>\n<meta property=\"article:publisher\" content=\"https:\/\/www.facebook.com\/kuratoswitzerland\" \/>\n<meta property=\"article:modified_time\" content=\"2023-03-25T16:18:28+00:00\" \/>\n<meta property=\"og:image\" content=\"https:\/\/kurato.ch\/wp-content\/uploads\/2021\/10\/mid-century-esstisch-stu\u0308hle-Hans-olsen-frem-rojle-vintage-secondhand-gebraucht-schweiz.jpg\" \/>\n\t<meta property=\"og:image:width\" content=\"800\" \/>\n\t<meta property=\"og:image:height\" content=\"800\" \/>\n\t<meta property=\"og:image:type\" content=\"image\/jpeg\" \/>\n<script type=\"application\/ld+json\" class=\"yoast-schema-graph\">{\"@context\":\"https:\\\/\\\/schema.org\",\"@graph\":[{\"@type\":\"WebPage\",\"@id\":\"https:\\\/\\\/kurato.ch\\\/product\\\/mid-century-esstisch-4-stuehle-aus-teak-hans-olsen-fuer-frem-rojle\\\/\",\"url\":\"https:\\\/\\\/kurato.ch\\\/product\\\/mid-century-esstisch-4-stuehle-aus-teak-hans-olsen-fuer-frem-rojle\\\/\",\"name\":\"Mid-Century Esstisch & 4 St\u00fchle aus Teak, Hans Olsen f\u00fcr Frem R\u00f8jle | Vintage M\u00f6bel kaufen auf KURATO.CH\",\"isPartOf\":{\"@id\":\"https:\\\/\\\/kurato.ch\\\/#website\"},\"primaryImageOfPage\":{\"@id\":\"https:\\\/\\\/kurato.ch\\\/product\\\/mid-century-esstisch-4-stuehle-aus-teak-hans-olsen-fuer-frem-rojle\\\/#primaryimage\"},\"image\":{\"@id\":\"https:\\\/\\\/kurato.ch\\\/product\\\/mid-century-esstisch-4-stuehle-aus-teak-hans-olsen-fuer-frem-rojle\\\/#primaryimage\"},\"thumbnailUrl\":\"https:\\\/\\\/kurato.ch\\\/wp-content\\\/uploads\\\/2021\\\/10\\\/mid-century-esstisch-stu\u0308hle-Hans-olsen-frem-rojle-vintage-secondhand-gebraucht-schweiz.jpg\",\"datePublished\":\"2021-10-24T07:05:08+00:00\",\"dateModified\":\"2023-03-25T16:18:28+00:00\",\"description\":\"Entdecke Vintage M\u00f6bel & Dekoration \u27a4 Mid-Century Esstisch & 4 St\u00fchle aus Teak, Hans Olsen f\u00fcr Frem R\u00f8jle auf Kurato. \u2713Lieferung Schweiz \u271314-Tage R\u00fcckgabe \u2713Secondhand Unikat\",\"breadcrumb\":{\"@id\":\"https:\\\/\\\/kurato.ch\\\/product\\\/mid-century-esstisch-4-stuehle-aus-teak-hans-olsen-fuer-frem-rojle\\\/#breadcrumb\"},\"inLanguage\":\"fr-FR\",\"potentialAction\":[{\"@type\":\"ReadAction\",\"target\":[\"https:\\\/\\\/kurato.ch\\\/product\\\/mid-century-esstisch-4-stuehle-aus-teak-hans-olsen-fuer-frem-rojle\\\/\"]}]},{\"@type\":\"ImageObject\",\"inLanguage\":\"fr-FR\",\"@id\":\"https:\\\/\\\/kurato.ch\\\/product\\\/mid-century-esstisch-4-stuehle-aus-teak-hans-olsen-fuer-frem-rojle\\\/#primaryimage\",\"url\":\"https:\\\/\\\/kurato.ch\\\/wp-content\\\/uploads\\\/2021\\\/10\\\/mid-century-esstisch-stu\u0308hle-Hans-olsen-frem-rojle-vintage-secondhand-gebraucht-schweiz.jpg\",\"contentUrl\":\"https:\\\/\\\/kurato.ch\\\/wp-content\\\/uploads\\\/2021\\\/10\\\/mid-century-esstisch-stu\u0308hle-Hans-olsen-frem-rojle-vintage-secondhand-gebraucht-schweiz.jpg\",\"width\":800,\"height\":800,\"caption\":\"Mid-Cenutry Esstisch und vier St\u00fchle von Hand Olsen f\u00fcr Frem Rojle aus den 50er Jahren.\"},{\"@type\":\"BreadcrumbList\",\"@id\":\"https:\\\/\\\/kurato.ch\\\/product\\\/mid-century-esstisch-4-stuehle-aus-teak-hans-olsen-fuer-frem-rojle\\\/#breadcrumb\",\"itemListElement\":[{\"@type\":\"ListItem\",\"position\":1,\"name\":\"Home\",\"item\":\"https:\\\/\\\/kurato.ch\\\/\"},{\"@type\":\"ListItem\",\"position\":2,\"name\":\"Neuheiten\",\"item\":\"https:\\\/\\\/kurato.ch\\\/neuheiten\\\/\"},{\"@type\":\"ListItem\",\"position\":3,\"name\":\"Mid-Century Esstisch &#038; 4 St\u00fchle aus Teak, Hans Olsen f\u00fcr Frem R\u00f8jle\"}]},{\"@type\":\"WebSite\",\"@id\":\"https:\\\/\\\/kurato.ch\\\/#website\",\"url\":\"https:\\\/\\\/kurato.ch\\\/\",\"name\":\"Vintage M\u00f6bel &amp; Dekoration I Kurato\",\"description\":\"Vintage M\u00f6bel &amp; Dekoration I Kurato\",\"publisher\":{\"@id\":\"https:\\\/\\\/kurato.ch\\\/#organization\"},\"potentialAction\":[{\"@type\":\"SearchAction\",\"target\":{\"@type\":\"EntryPoint\",\"urlTemplate\":\"https:\\\/\\\/kurato.ch\\\/?s={search_term_string}\"},\"query-input\":{\"@type\":\"PropertyValueSpecification\",\"valueRequired\":true,\"valueName\":\"search_term_string\"}}],\"inLanguage\":\"fr-FR\"},{\"@type\":\"Organization\",\"@id\":\"https:\\\/\\\/kurato.ch\\\/#organization\",\"name\":\"Kurato.\",\"url\":\"https:\\\/\\\/kurato.ch\\\/\",\"logo\":{\"@type\":\"ImageObject\",\"inLanguage\":\"fr-FR\",\"@id\":\"https:\\\/\\\/kurato.ch\\\/#\\\/schema\\\/logo\\\/image\\\/\",\"url\":\"\",\"contentUrl\":\"\",\"caption\":\"Kurato.\"},\"image\":{\"@id\":\"https:\\\/\\\/kurato.ch\\\/#\\\/schema\\\/logo\\\/image\\\/\"},\"sameAs\":[\"https:\\\/\\\/www.facebook.com\\\/kuratoswitzerland\",\"https:\\\/\\\/www.instagram.com\\\/kurato.ch\\\/\",\"https:\\\/\\\/www.pinterest.ch\\\/kurato_ch\\\/_created\\\/\"]}]}<\/script>\n<!-- \/ Yoast SEO plugin. -->","yoast_head_json":{"title":"Mid-Century Esstisch & 4 St\u00fchle aus Teak, Hans Olsen f\u00fcr Frem R\u00f8jle | Vintage M\u00f6bel kaufen auf KURATO.CH","description":"Entdecke Vintage M\u00f6bel & Dekoration \u27a4 Mid-Century Esstisch & 4 St\u00fchle aus Teak, Hans Olsen f\u00fcr Frem R\u00f8jle auf Kurato. \u2713Lieferung Schweiz \u271314-Tage R\u00fcckgabe \u2713Secondhand Unikat","robots":{"index":"index","follow":"follow","max-snippet":"max-snippet:-1","max-image-preview":"max-image-preview:large","max-video-preview":"max-video-preview:-1"},"canonical":"https:\/\/kurato.ch\/fr\/product\/mid-century-esstisch-4-stuehle-aus-teak-hans-olsen-fuer-frem-rojle\/","og_locale":"fr_FR","og_type":"article","og_title":"Mid-Century Esstisch & 4 St\u00fchle aus Teak, Hans Olsen f\u00fcr Frem R\u00f8jle | Vintage M\u00f6bel kaufen auf KURATO.CH","og_description":"Entdecke Vintage M\u00f6bel & Dekoration \u27a4 Mid-Century Esstisch & 4 St\u00fchle aus Teak, Hans Olsen f\u00fcr Frem R\u00f8jle auf Kurato. \u2713Lieferung Schweiz \u271314-Tage R\u00fcckgabe \u2713Secondhand Unikat","og_url":"https:\/\/kurato.ch\/fr\/product\/mid-century-esstisch-4-stuehle-aus-teak-hans-olsen-fuer-frem-rojle\/","og_site_name":"Vintage M\u00f6bel &amp; Dekoration I Kurato","article_publisher":"https:\/\/www.facebook.com\/kuratoswitzerland","article_modified_time":"2023-03-25T16:18:28+00:00","og_image":[{"width":800,"height":800,"url":"https:\/\/kurato.ch\/wp-content\/uploads\/2021\/10\/mid-century-esstisch-stu\u0308hle-Hans-olsen-frem-rojle-vintage-secondhand-gebraucht-schweiz.jpg","type":"image\/jpeg"}],"schema":{"@context":"https:\/\/schema.org","@graph":[{"@type":"WebPage","@id":"https:\/\/kurato.ch\/product\/mid-century-esstisch-4-stuehle-aus-teak-hans-olsen-fuer-frem-rojle\/","url":"https:\/\/kurato.ch\/product\/mid-century-esstisch-4-stuehle-aus-teak-hans-olsen-fuer-frem-rojle\/","name":"Mid-Century Esstisch & 4 St\u00fchle aus Teak, Hans Olsen f\u00fcr Frem R\u00f8jle | Vintage M\u00f6bel kaufen auf KURATO.CH","isPartOf":{"@id":"https:\/\/kurato.ch\/#website"},"primaryImageOfPage":{"@id":"https:\/\/kurato.ch\/product\/mid-century-esstisch-4-stuehle-aus-teak-hans-olsen-fuer-frem-rojle\/#primaryimage"},"image":{"@id":"https:\/\/kurato.ch\/product\/mid-century-esstisch-4-stuehle-aus-teak-hans-olsen-fuer-frem-rojle\/#primaryimage"},"thumbnailUrl":"https:\/\/kurato.ch\/wp-content\/uploads\/2021\/10\/mid-century-esstisch-stu\u0308hle-Hans-olsen-frem-rojle-vintage-secondhand-gebraucht-schweiz.jpg","datePublished":"2021-10-24T07:05:08+00:00","dateModified":"2023-03-25T16:18:28+00:00","description":"Entdecke Vintage M\u00f6bel & Dekoration \u27a4 Mid-Century Esstisch & 4 St\u00fchle aus Teak, Hans Olsen f\u00fcr Frem R\u00f8jle auf Kurato. \u2713Lieferung Schweiz \u271314-Tage R\u00fcckgabe \u2713Secondhand Unikat","breadcrumb":{"@id":"https:\/\/kurato.ch\/product\/mid-century-esstisch-4-stuehle-aus-teak-hans-olsen-fuer-frem-rojle\/#breadcrumb"},"inLanguage":"fr-FR","potentialAction":[{"@type":"ReadAction","target":["https:\/\/kurato.ch\/product\/mid-century-esstisch-4-stuehle-aus-teak-hans-olsen-fuer-frem-rojle\/"]}]},{"@type":"ImageObject","inLanguage":"fr-FR","@id":"https:\/\/kurato.ch\/product\/mid-century-esstisch-4-stuehle-aus-teak-hans-olsen-fuer-frem-rojle\/#primaryimage","url":"https:\/\/kurato.ch\/wp-content\/uploads\/2021\/10\/mid-century-esstisch-stu\u0308hle-Hans-olsen-frem-rojle-vintage-secondhand-gebraucht-schweiz.jpg","contentUrl":"https:\/\/kurato.ch\/wp-content\/uploads\/2021\/10\/mid-century-esstisch-stu\u0308hle-Hans-olsen-frem-rojle-vintage-secondhand-gebraucht-schweiz.jpg","width":800,"height":800,"caption":"Mid-Cenutry Esstisch und vier St\u00fchle von Hand Olsen f\u00fcr Frem Rojle aus den 50er Jahren."},{"@type":"BreadcrumbList","@id":"https:\/\/kurato.ch\/product\/mid-century-esstisch-4-stuehle-aus-teak-hans-olsen-fuer-frem-rojle\/#breadcrumb","itemListElement":[{"@type":"ListItem","position":1,"name":"Home","item":"https:\/\/kurato.ch\/"},{"@type":"ListItem","position":2,"name":"Neuheiten","item":"https:\/\/kurato.ch\/neuheiten\/"},{"@type":"ListItem","position":3,"name":"Mid-Century Esstisch &#038; 4 St\u00fchle aus Teak, Hans Olsen f\u00fcr Frem R\u00f8jle"}]},{"@type":"WebSite","@id":"https:\/\/kurato.ch\/#website","url":"https:\/\/kurato.ch\/","name":"Meubles vintage &amp; d\u00e9coration I Kurato","description":"Meubles vintage &amp; d\u00e9coration I Kurato","publisher":{"@id":"https:\/\/kurato.ch\/#organization"},"potentialAction":[{"@type":"SearchAction","target":{"@type":"EntryPoint","urlTemplate":"https:\/\/kurato.ch\/?s={search_term_string}"},"query-input":{"@type":"PropertyValueSpecification","valueRequired":true,"valueName":"search_term_string"}}],"inLanguage":"fr-FR"},{"@type":"Organization","@id":"https:\/\/kurato.ch\/#organization","name":"Kurato.","url":"https:\/\/kurato.ch\/","logo":{"@type":"ImageObject","inLanguage":"fr-FR","@id":"https:\/\/kurato.ch\/#\/schema\/logo\/image\/","url":"","contentUrl":"","caption":"Kurato."},"image":{"@id":"https:\/\/kurato.ch\/#\/schema\/logo\/image\/"},"sameAs":["https:\/\/www.facebook.com\/kuratoswitzerland","https:\/\/www.instagram.com\/kurato.ch\/","https:\/\/www.pinterest.ch\/kurato_ch\/_created\/"]}]}},"_links":{"self":[{"href":"https:\/\/kurato.ch\/fr\/wp-json\/wp\/v2\/product\/25710","targetHints":{"allow":["GET"]}}],"collection":[{"href":"https:\/\/kurato.ch\/fr\/wp-json\/wp\/v2\/product"}],"about":[{"href":"https:\/\/kurato.ch\/fr\/wp-json\/wp\/v2\/types\/product"}],"wp:featuredmedia":[{"embeddable":true,"href":"https:\/\/kurato.ch\/fr\/wp-json\/wp\/v2\/media\/25716"}],"wp:attachment":[{"href":"https:\/\/kurato.ch\/fr\/wp-json\/wp\/v2\/media?parent=25710"}],"wp:term":[{"taxonomy":"product_brand","embeddable":true,"href":"https:\/\/kurato.ch\/fr\/wp-json\/wp\/v2\/product_brand?post=25710"},{"taxonomy":"product_cat","embeddable":true,"href":"https:\/\/kurato.ch\/fr\/wp-json\/wp\/v2\/product_cat?post=25710"},{"taxonomy":"product_tag","embeddable":true,"href":"https:\/\/kurato.ch\/fr\/wp-json\/wp\/v2\/product_tag?post=25710"}],"curies":[{"name":"wp","href":"https:\/\/api.w.org\/{rel}","templated":true}]}}