{"id":25745,"date":"2021-10-26T08:30:54","date_gmt":"2021-10-26T06:30:54","guid":{"rendered":"https:\/\/kurato.ch\/?post_type=product&#038;p=25745"},"modified":"2022-04-01T11:38:32","modified_gmt":"2022-04-01T09:38:32","slug":"eames-aluminiumchair-gruen-ea104-vitra","status":"publish","type":"product","link":"https:\/\/kurato.ch\/fr\/product\/eames-aluminiumchair-gruen-ea104-vitra\/","title":{"rendered":"Eames Chaise en aluminium vert EA104, Vitra"},"content":{"rendered":"<p>Eames Aluminiumchair vert EA104 de Vitra. Le coussin d'assise pr\u00e9sente des traces d'usure sous forme de l\u00e9g\u00e8res taches (voir photos). Si vous \u00eates int\u00e9ress\u00e9, d'autres photos peuvent \u00eatre fournies.<\/p>\n<p>Il s'agit d'un mod\u00e8le vintage avec 4 repose-pieds (les nouveaux en ont 5) fabriqu\u00e9 par Herman Miller pour Vitra.<\/p>","protected":false},"excerpt":{"rendered":"<p>Eames Aluminiumchair vert EA104 de Vitra. Le coussin d'assise pr\u00e9sente des traces d'usure sous forme de l\u00e9g\u00e8res taches (voir photos). Si vous \u00eates int\u00e9ress\u00e9, d'autres photos peuvent \u00eatre fournies. Il s'agit d'un mod\u00e8le vintage avec 4 repose-pieds (les nouveaux en ont 5) fabriqu\u00e9 par Herman Miller pour Vitra.<\/p>","protected":false},"featured_media":25812,"template":"","meta":{"_acf_changed":false,"site-sidebar-layout":"default","site-content-layout":"","ast-site-content-layout":"default","site-content-style":"default","site-sidebar-style":"default","ast-global-header-display":"","ast-banner-title-visibility":"","ast-main-header-display":"","ast-hfb-above-header-display":"","ast-hfb-below-header-display":"","ast-hfb-mobile-header-display":"","site-post-title":"","ast-breadcrumbs-content":"","ast-featured-img":"","footer-sml-layout":"","ast-disable-related-posts":"","theme-transparent-header-meta":"","adv-header-id-meta":"","stick-header-meta":"","header-above-stick-meta":"","header-main-stick-meta":"","header-below-stick-meta":"","astra-migrate-meta-layouts":"default","ast-page-background-enabled":"default","ast-page-background-meta":{"desktop":{"background-color":"","background-image":"","background-repeat":"repeat","background-position":"center center","background-size":"auto","background-attachment":"scroll","background-type":"","background-media":"","overlay-type":"","overlay-color":"","overlay-opacity":"","overlay-gradient":""},"tablet":{"background-color":"","background-image":"","background-repeat":"repeat","background-position":"center center","background-size":"auto","background-attachment":"scroll","background-type":"","background-media":"","overlay-type":"","overlay-color":"","overlay-opacity":"","overlay-gradient":""},"mobile":{"background-color":"","background-image":"","background-repeat":"repeat","background-position":"center center","background-size":"auto","background-attachment":"scroll","background-type":"","background-media":"","overlay-type":"","overlay-color":"","overlay-opacity":"","overlay-gradient":""}},"ast-content-background-meta":{"desktop":{"background-color":"var(--ast-global-color-5)","background-image":"","background-repeat":"repeat","background-position":"center center","background-size":"auto","background-attachment":"scroll","background-type":"","background-media":"","overlay-type":"","overlay-color":"","overlay-opacity":"","overlay-gradient":""},"tablet":{"background-color":"var(--ast-global-color-5)","background-image":"","background-repeat":"repeat","background-position":"center center","background-size":"auto","background-attachment":"scroll","background-type":"","background-media":"","overlay-type":"","overlay-color":"","overlay-opacity":"","overlay-gradient":""},"mobile":{"background-color":"var(--ast-global-color-5)","background-image":"","background-repeat":"repeat","background-position":"center center","background-size":"auto","background-attachment":"scroll","background-type":"","background-media":"","overlay-type":"","overlay-color":"","overlay-opacity":"","overlay-gradient":""}}},"product_brand":[],"product_cat":[164,163],"product_tag":[],"class_list":{"0":"post-25745","1":"product","2":"type-product","3":"status-publish","4":"has-post-thumbnail","6":"product_cat-vintage-buerostuhl","7":"product_cat-vintage-stuhl","8":"pa_designer-eames-charles-ray","9":"pa_designer-herman-miller","10":"pa_designer-vitra","11":"pa_farbe-gruen","12":"pa_material-stoff","13":"pa_standort-mittelland","14":"pa_stil-design","15":"desktop-align-left","16":"tablet-align-left","17":"mobile-align-left","19":"first","20":"outofstock","21":"shipping-taxable","22":"purchasable","23":"product-type-simple"},"acf":[],"yoast_head":"<!-- This site is optimized with the Yoast SEO plugin v27.4 - https:\/\/yoast.com\/product\/yoast-seo-wordpress\/ -->\n<title>Eames Aluminiumchair gr\u00fcn EA104, Vitra | Vintage M\u00f6bel kaufen auf KURATO.CH<\/title>\n<meta name=\"description\" content=\"Entdecke Vintage M\u00f6bel &amp; Dekoration \u27a4 Eames Aluminiumchair gr\u00fcn EA104, Vitra auf Kurato. \u2713Lieferung Schweiz \u271314-Tage R\u00fcckgabe \u2713Secondhand Unikat\" \/>\n<meta name=\"robots\" content=\"index, follow, max-snippet:-1, max-image-preview:large, max-video-preview:-1\" \/>\n<link rel=\"canonical\" href=\"https:\/\/kurato.ch\/fr\/product\/eames-aluminiumchair-gruen-ea104-vitra\/\" \/>\n<meta property=\"og:locale\" content=\"fr_FR\" \/>\n<meta property=\"og:type\" content=\"article\" \/>\n<meta property=\"og:title\" content=\"Eames Aluminiumchair gr\u00fcn EA104, Vitra | Vintage M\u00f6bel kaufen auf KURATO.CH\" \/>\n<meta property=\"og:description\" content=\"Entdecke Vintage M\u00f6bel &amp; Dekoration \u27a4 Eames Aluminiumchair gr\u00fcn EA104, Vitra auf Kurato. \u2713Lieferung Schweiz \u271314-Tage R\u00fcckgabe \u2713Secondhand Unikat\" \/>\n<meta property=\"og:url\" content=\"https:\/\/kurato.ch\/fr\/product\/eames-aluminiumchair-gruen-ea104-vitra\/\" \/>\n<meta property=\"og:site_name\" content=\"Vintage M\u00f6bel &amp; Dekoration I Kurato\" \/>\n<meta property=\"article:publisher\" content=\"https:\/\/www.facebook.com\/kuratoswitzerland\" \/>\n<meta property=\"article:modified_time\" content=\"2022-04-01T09:38:32+00:00\" \/>\n<meta property=\"og:image\" content=\"https:\/\/kurato.ch\/wp-content\/uploads\/2021\/10\/Eames-Aluminiumchair-gru\u0308n-EA104-herman-miller-Vitra-vintage-gebraucht-secondhand-schweiz-kurato.jpg\" \/>\n\t<meta property=\"og:image:width\" content=\"800\" \/>\n\t<meta property=\"og:image:height\" content=\"800\" \/>\n\t<meta property=\"og:image:type\" content=\"image\/jpeg\" \/>\n<script type=\"application\/ld+json\" class=\"yoast-schema-graph\">{\"@context\":\"https:\\\/\\\/schema.org\",\"@graph\":[{\"@type\":\"WebPage\",\"@id\":\"https:\\\/\\\/kurato.ch\\\/product\\\/eames-aluminiumchair-gruen-ea104-vitra\\\/\",\"url\":\"https:\\\/\\\/kurato.ch\\\/product\\\/eames-aluminiumchair-gruen-ea104-vitra\\\/\",\"name\":\"Eames Aluminiumchair gr\u00fcn EA104, Vitra | Vintage M\u00f6bel kaufen auf KURATO.CH\",\"isPartOf\":{\"@id\":\"https:\\\/\\\/kurato.ch\\\/#website\"},\"primaryImageOfPage\":{\"@id\":\"https:\\\/\\\/kurato.ch\\\/product\\\/eames-aluminiumchair-gruen-ea104-vitra\\\/#primaryimage\"},\"image\":{\"@id\":\"https:\\\/\\\/kurato.ch\\\/product\\\/eames-aluminiumchair-gruen-ea104-vitra\\\/#primaryimage\"},\"thumbnailUrl\":\"https:\\\/\\\/kurato.ch\\\/wp-content\\\/uploads\\\/2021\\\/10\\\/Eames-Aluminiumchair-gru\u0308n-EA104-herman-miller-Vitra-vintage-gebraucht-secondhand-schweiz-kurato.jpg\",\"datePublished\":\"2021-10-26T06:30:54+00:00\",\"dateModified\":\"2022-04-01T09:38:32+00:00\",\"description\":\"Entdecke Vintage M\u00f6bel & Dekoration \u27a4 Eames Aluminiumchair gr\u00fcn EA104, Vitra auf Kurato. \u2713Lieferung Schweiz \u271314-Tage R\u00fcckgabe \u2713Secondhand Unikat\",\"breadcrumb\":{\"@id\":\"https:\\\/\\\/kurato.ch\\\/product\\\/eames-aluminiumchair-gruen-ea104-vitra\\\/#breadcrumb\"},\"inLanguage\":\"fr-FR\",\"potentialAction\":[{\"@type\":\"ReadAction\",\"target\":[\"https:\\\/\\\/kurato.ch\\\/product\\\/eames-aluminiumchair-gruen-ea104-vitra\\\/\"]}]},{\"@type\":\"ImageObject\",\"inLanguage\":\"fr-FR\",\"@id\":\"https:\\\/\\\/kurato.ch\\\/product\\\/eames-aluminiumchair-gruen-ea104-vitra\\\/#primaryimage\",\"url\":\"https:\\\/\\\/kurato.ch\\\/wp-content\\\/uploads\\\/2021\\\/10\\\/Eames-Aluminiumchair-gru\u0308n-EA104-herman-miller-Vitra-vintage-gebraucht-secondhand-schweiz-kurato.jpg\",\"contentUrl\":\"https:\\\/\\\/kurato.ch\\\/wp-content\\\/uploads\\\/2021\\\/10\\\/Eames-Aluminiumchair-gru\u0308n-EA104-herman-miller-Vitra-vintage-gebraucht-secondhand-schweiz-kurato.jpg\",\"width\":800,\"height\":800,\"caption\":\"Eames Aluminiumchair gr\u00fcn EA104, Herman Miller Vitra\"},{\"@type\":\"BreadcrumbList\",\"@id\":\"https:\\\/\\\/kurato.ch\\\/product\\\/eames-aluminiumchair-gruen-ea104-vitra\\\/#breadcrumb\",\"itemListElement\":[{\"@type\":\"ListItem\",\"position\":1,\"name\":\"Home\",\"item\":\"https:\\\/\\\/kurato.ch\\\/\"},{\"@type\":\"ListItem\",\"position\":2,\"name\":\"Neuheiten\",\"item\":\"https:\\\/\\\/kurato.ch\\\/neuheiten\\\/\"},{\"@type\":\"ListItem\",\"position\":3,\"name\":\"Eames Aluminiumchair gr\u00fcn EA104, Vitra\"}]},{\"@type\":\"WebSite\",\"@id\":\"https:\\\/\\\/kurato.ch\\\/#website\",\"url\":\"https:\\\/\\\/kurato.ch\\\/\",\"name\":\"Vintage M\u00f6bel &amp; Dekoration I Kurato\",\"description\":\"Vintage M\u00f6bel &amp; Dekoration I Kurato\",\"publisher\":{\"@id\":\"https:\\\/\\\/kurato.ch\\\/#organization\"},\"potentialAction\":[{\"@type\":\"SearchAction\",\"target\":{\"@type\":\"EntryPoint\",\"urlTemplate\":\"https:\\\/\\\/kurato.ch\\\/?s={search_term_string}\"},\"query-input\":{\"@type\":\"PropertyValueSpecification\",\"valueRequired\":true,\"valueName\":\"search_term_string\"}}],\"inLanguage\":\"fr-FR\"},{\"@type\":\"Organization\",\"@id\":\"https:\\\/\\\/kurato.ch\\\/#organization\",\"name\":\"Kurato.\",\"url\":\"https:\\\/\\\/kurato.ch\\\/\",\"logo\":{\"@type\":\"ImageObject\",\"inLanguage\":\"fr-FR\",\"@id\":\"https:\\\/\\\/kurato.ch\\\/#\\\/schema\\\/logo\\\/image\\\/\",\"url\":\"\",\"contentUrl\":\"\",\"caption\":\"Kurato.\"},\"image\":{\"@id\":\"https:\\\/\\\/kurato.ch\\\/#\\\/schema\\\/logo\\\/image\\\/\"},\"sameAs\":[\"https:\\\/\\\/www.facebook.com\\\/kuratoswitzerland\",\"https:\\\/\\\/www.instagram.com\\\/kurato.ch\\\/\",\"https:\\\/\\\/www.pinterest.ch\\\/kurato_ch\\\/_created\\\/\"]}]}<\/script>\n<!-- \/ Yoast SEO plugin. -->","yoast_head_json":{"title":"Eames Aluminiumchair gr\u00fcn EA104, Vitra | Vintage M\u00f6bel kaufen auf KURATO.CH","description":"Entdecke Vintage M\u00f6bel & Dekoration \u27a4 Eames Aluminiumchair gr\u00fcn EA104, Vitra auf Kurato. \u2713Lieferung Schweiz \u271314-Tage R\u00fcckgabe \u2713Secondhand Unikat","robots":{"index":"index","follow":"follow","max-snippet":"max-snippet:-1","max-image-preview":"max-image-preview:large","max-video-preview":"max-video-preview:-1"},"canonical":"https:\/\/kurato.ch\/fr\/product\/eames-aluminiumchair-gruen-ea104-vitra\/","og_locale":"fr_FR","og_type":"article","og_title":"Eames Aluminiumchair gr\u00fcn EA104, Vitra | Vintage M\u00f6bel kaufen auf KURATO.CH","og_description":"Entdecke Vintage M\u00f6bel & Dekoration \u27a4 Eames Aluminiumchair gr\u00fcn EA104, Vitra auf Kurato. \u2713Lieferung Schweiz \u271314-Tage R\u00fcckgabe \u2713Secondhand Unikat","og_url":"https:\/\/kurato.ch\/fr\/product\/eames-aluminiumchair-gruen-ea104-vitra\/","og_site_name":"Vintage M\u00f6bel &amp; Dekoration I Kurato","article_publisher":"https:\/\/www.facebook.com\/kuratoswitzerland","article_modified_time":"2022-04-01T09:38:32+00:00","og_image":[{"width":800,"height":800,"url":"https:\/\/kurato.ch\/wp-content\/uploads\/2021\/10\/Eames-Aluminiumchair-gru\u0308n-EA104-herman-miller-Vitra-vintage-gebraucht-secondhand-schweiz-kurato.jpg","type":"image\/jpeg"}],"schema":{"@context":"https:\/\/schema.org","@graph":[{"@type":"WebPage","@id":"https:\/\/kurato.ch\/product\/eames-aluminiumchair-gruen-ea104-vitra\/","url":"https:\/\/kurato.ch\/product\/eames-aluminiumchair-gruen-ea104-vitra\/","name":"Eames Aluminiumchair gr\u00fcn EA104, Vitra | Vintage M\u00f6bel kaufen auf KURATO.CH","isPartOf":{"@id":"https:\/\/kurato.ch\/#website"},"primaryImageOfPage":{"@id":"https:\/\/kurato.ch\/product\/eames-aluminiumchair-gruen-ea104-vitra\/#primaryimage"},"image":{"@id":"https:\/\/kurato.ch\/product\/eames-aluminiumchair-gruen-ea104-vitra\/#primaryimage"},"thumbnailUrl":"https:\/\/kurato.ch\/wp-content\/uploads\/2021\/10\/Eames-Aluminiumchair-gru\u0308n-EA104-herman-miller-Vitra-vintage-gebraucht-secondhand-schweiz-kurato.jpg","datePublished":"2021-10-26T06:30:54+00:00","dateModified":"2022-04-01T09:38:32+00:00","description":"Entdecke Vintage M\u00f6bel & Dekoration \u27a4 Eames Aluminiumchair gr\u00fcn EA104, Vitra auf Kurato. \u2713Lieferung Schweiz \u271314-Tage R\u00fcckgabe \u2713Secondhand Unikat","breadcrumb":{"@id":"https:\/\/kurato.ch\/product\/eames-aluminiumchair-gruen-ea104-vitra\/#breadcrumb"},"inLanguage":"fr-FR","potentialAction":[{"@type":"ReadAction","target":["https:\/\/kurato.ch\/product\/eames-aluminiumchair-gruen-ea104-vitra\/"]}]},{"@type":"ImageObject","inLanguage":"fr-FR","@id":"https:\/\/kurato.ch\/product\/eames-aluminiumchair-gruen-ea104-vitra\/#primaryimage","url":"https:\/\/kurato.ch\/wp-content\/uploads\/2021\/10\/Eames-Aluminiumchair-gru\u0308n-EA104-herman-miller-Vitra-vintage-gebraucht-secondhand-schweiz-kurato.jpg","contentUrl":"https:\/\/kurato.ch\/wp-content\/uploads\/2021\/10\/Eames-Aluminiumchair-gru\u0308n-EA104-herman-miller-Vitra-vintage-gebraucht-secondhand-schweiz-kurato.jpg","width":800,"height":800,"caption":"Eames Aluminiumchair gr\u00fcn EA104, Herman Miller Vitra"},{"@type":"BreadcrumbList","@id":"https:\/\/kurato.ch\/product\/eames-aluminiumchair-gruen-ea104-vitra\/#breadcrumb","itemListElement":[{"@type":"ListItem","position":1,"name":"Home","item":"https:\/\/kurato.ch\/"},{"@type":"ListItem","position":2,"name":"Neuheiten","item":"https:\/\/kurato.ch\/neuheiten\/"},{"@type":"ListItem","position":3,"name":"Eames Aluminiumchair gr\u00fcn EA104, Vitra"}]},{"@type":"WebSite","@id":"https:\/\/kurato.ch\/#website","url":"https:\/\/kurato.ch\/","name":"Meubles vintage &amp; d\u00e9coration I Kurato","description":"Meubles vintage &amp; d\u00e9coration I Kurato","publisher":{"@id":"https:\/\/kurato.ch\/#organization"},"potentialAction":[{"@type":"SearchAction","target":{"@type":"EntryPoint","urlTemplate":"https:\/\/kurato.ch\/?s={search_term_string}"},"query-input":{"@type":"PropertyValueSpecification","valueRequired":true,"valueName":"search_term_string"}}],"inLanguage":"fr-FR"},{"@type":"Organization","@id":"https:\/\/kurato.ch\/#organization","name":"Kurato.","url":"https:\/\/kurato.ch\/","logo":{"@type":"ImageObject","inLanguage":"fr-FR","@id":"https:\/\/kurato.ch\/#\/schema\/logo\/image\/","url":"","contentUrl":"","caption":"Kurato."},"image":{"@id":"https:\/\/kurato.ch\/#\/schema\/logo\/image\/"},"sameAs":["https:\/\/www.facebook.com\/kuratoswitzerland","https:\/\/www.instagram.com\/kurato.ch\/","https:\/\/www.pinterest.ch\/kurato_ch\/_created\/"]}]}},"_links":{"self":[{"href":"https:\/\/kurato.ch\/fr\/wp-json\/wp\/v2\/product\/25745","targetHints":{"allow":["GET"]}}],"collection":[{"href":"https:\/\/kurato.ch\/fr\/wp-json\/wp\/v2\/product"}],"about":[{"href":"https:\/\/kurato.ch\/fr\/wp-json\/wp\/v2\/types\/product"}],"wp:featuredmedia":[{"embeddable":true,"href":"https:\/\/kurato.ch\/fr\/wp-json\/wp\/v2\/media\/25812"}],"wp:attachment":[{"href":"https:\/\/kurato.ch\/fr\/wp-json\/wp\/v2\/media?parent=25745"}],"wp:term":[{"taxonomy":"product_brand","embeddable":true,"href":"https:\/\/kurato.ch\/fr\/wp-json\/wp\/v2\/product_brand?post=25745"},{"taxonomy":"product_cat","embeddable":true,"href":"https:\/\/kurato.ch\/fr\/wp-json\/wp\/v2\/product_cat?post=25745"},{"taxonomy":"product_tag","embeddable":true,"href":"https:\/\/kurato.ch\/fr\/wp-json\/wp\/v2\/product_tag?post=25745"}],"curies":[{"name":"wp","href":"https:\/\/api.w.org\/{rel}","templated":true}]}}