{"id":30451,"date":"2022-02-04T09:21:17","date_gmt":"2022-02-04T07:21:17","guid":{"rendered":"https:\/\/kurato.ch\/?post_type=product&#038;p=30451"},"modified":"2024-02-19T08:10:24","modified_gmt":"2024-02-19T06:10:24","slug":"wandleuchte-koch-lowy-fuer-peill-putzler-70er","status":"publish","type":"product","link":"https:\/\/kurato.ch\/fr\/product\/wandleuchte-koch-lowy-fuer-peill-putzler-70er\/","title":{"rendered":"Applique Wave Koch &amp; Lowy pour Peill &amp; Putzler, ann\u00e9es 70"},"content":{"rendered":"<p>Wandleuchte &#8222;Wave&#8220; entworfen von Koch &amp; Lowy f\u00fcr Peill &amp; Putzler aus Rauchglas. Peill &amp; Putzler ist ein Deutsches Glash\u00fcttenwerk, das mit vielen renommierten Designer, wie beispielsweise auch Wilhelm Wagenfeld, zusammenarbeitete.<\/p>\n<p>La lampe date des ann\u00e9es 1970 et est fabriqu\u00e9e en Allemagne. La lampe murale a une douille E27. Son design a \u00e9t\u00e9 r\u00e9compens\u00e9 par le iF Design Award en 1975.<\/p>","protected":false},"excerpt":{"rendered":"<p>Wandleuchte &#8222;Wave&#8220; entworfen von Koch &amp; Lowy f\u00fcr Peill &amp; Putzler aus Rauchglas. Peill &amp; Putzler ist ein Deutsches Glash\u00fcttenwerk, das mit vielen renommierten Designer, wie beispielsweise auch Wilhelm Wagenfeld, zusammenarbeitete. Die Lampe stammt aus den 1970er Jahren und ist in Deutschland hergestellt. Die Wandlampe hat eine E27 Fassung. Das Design wurde 1975 mit dem [&hellip;]<\/p>\n","protected":false},"featured_media":30452,"template":"","meta":{"_acf_changed":false,"site-sidebar-layout":"default","site-content-layout":"","ast-site-content-layout":"default","site-content-style":"default","site-sidebar-style":"default","ast-global-header-display":"","ast-banner-title-visibility":"","ast-main-header-display":"","ast-hfb-above-header-display":"","ast-hfb-below-header-display":"","ast-hfb-mobile-header-display":"","site-post-title":"","ast-breadcrumbs-content":"","ast-featured-img":"","footer-sml-layout":"","ast-disable-related-posts":"","theme-transparent-header-meta":"default","adv-header-id-meta":"","stick-header-meta":"default","header-above-stick-meta":"","header-main-stick-meta":"","header-below-stick-meta":"","astra-migrate-meta-layouts":"set","ast-page-background-enabled":"default","ast-page-background-meta":{"desktop":{"background-color":"","background-image":"","background-repeat":"repeat","background-position":"center center","background-size":"auto","background-attachment":"scroll","background-type":"","background-media":"","overlay-type":"","overlay-color":"","overlay-opacity":"","overlay-gradient":""},"tablet":{"background-color":"","background-image":"","background-repeat":"repeat","background-position":"center center","background-size":"auto","background-attachment":"scroll","background-type":"","background-media":"","overlay-type":"","overlay-color":"","overlay-opacity":"","overlay-gradient":""},"mobile":{"background-color":"","background-image":"","background-repeat":"repeat","background-position":"center center","background-size":"auto","background-attachment":"scroll","background-type":"","background-media":"","overlay-type":"","overlay-color":"","overlay-opacity":"","overlay-gradient":""}},"ast-content-background-meta":{"desktop":{"background-color":"var(--ast-global-color-5)","background-image":"","background-repeat":"repeat","background-position":"center center","background-size":"auto","background-attachment":"scroll","background-type":"","background-media":"","overlay-type":"","overlay-color":"","overlay-opacity":"","overlay-gradient":""},"tablet":{"background-color":"var(--ast-global-color-5)","background-image":"","background-repeat":"repeat","background-position":"center center","background-size":"auto","background-attachment":"scroll","background-type":"","background-media":"","overlay-type":"","overlay-color":"","overlay-opacity":"","overlay-gradient":""},"mobile":{"background-color":"var(--ast-global-color-5)","background-image":"","background-repeat":"repeat","background-position":"center center","background-size":"auto","background-attachment":"scroll","background-type":"","background-media":"","overlay-type":"","overlay-color":"","overlay-opacity":"","overlay-gradient":""}}},"product_brand":[],"product_cat":[70],"product_tag":[],"class_list":{"0":"post-30451","1":"product","2":"type-product","3":"status-publish","4":"has-post-thumbnail","6":"product_cat-vintage-wandlampe","7":"pa_farbe-farbegold","8":"pa_material-glas-kristall","9":"pa_standort-mittelland","10":"pa_stil-design","11":"desktop-align-left","12":"tablet-align-left","13":"mobile-align-left","15":"first","16":"instock","17":"sold-individually","18":"shipping-taxable","19":"purchasable","20":"product-type-simple"},"acf":[],"yoast_head":"<!-- This site is optimized with the Yoast SEO plugin v27.4 - https:\/\/yoast.com\/product\/yoast-seo-wordpress\/ -->\n<title>Wave Wandleuchte Koch &amp; Lowy f\u00fcr Peill &amp; Putzler, 70er | Vintage M\u00f6bel kaufen auf KURATO.CH<\/title>\n<meta name=\"description\" content=\"Entdecke Vintage M\u00f6bel &amp; Dekoration \u27a4 Wave Wandleuchte Koch &amp; Lowy f\u00fcr Peill &amp; Putzler, 70er auf Kurato. \u2713Lieferung Schweiz \u271314-Tage R\u00fcckgabe \u2713Secondhand Unikat\" \/>\n<meta name=\"robots\" content=\"index, follow, max-snippet:-1, max-image-preview:large, max-video-preview:-1\" \/>\n<link rel=\"canonical\" href=\"https:\/\/kurato.ch\/fr\/product\/wandleuchte-koch-lowy-fuer-peill-putzler-70er\/\" \/>\n<meta property=\"og:locale\" content=\"fr_FR\" \/>\n<meta property=\"og:type\" content=\"article\" \/>\n<meta property=\"og:title\" content=\"Wave Wandleuchte Koch &amp; Lowy f\u00fcr Peill &amp; Putzler, 70er | Vintage M\u00f6bel kaufen auf KURATO.CH\" \/>\n<meta property=\"og:description\" content=\"Entdecke Vintage M\u00f6bel &amp; Dekoration \u27a4 Wave Wandleuchte Koch &amp; Lowy f\u00fcr Peill &amp; Putzler, 70er auf Kurato. \u2713Lieferung Schweiz \u271314-Tage R\u00fcckgabe \u2713Secondhand Unikat\" \/>\n<meta property=\"og:url\" content=\"https:\/\/kurato.ch\/fr\/product\/wandleuchte-koch-lowy-fuer-peill-putzler-70er\/\" \/>\n<meta property=\"og:site_name\" content=\"Vintage M\u00f6bel &amp; Dekoration I Kurato\" \/>\n<meta property=\"article:publisher\" content=\"https:\/\/www.facebook.com\/kuratoswitzerland\" \/>\n<meta property=\"article:modified_time\" content=\"2024-02-19T06:10:24+00:00\" \/>\n<meta property=\"og:image\" content=\"https:\/\/kurato.ch\/wp-content\/uploads\/2022\/02\/wandleuchte-koch-lowy-fuer-peill-putzler-gold-vintage-secondhand-gebraucht-schweiz.jpg\" \/>\n\t<meta property=\"og:image:width\" content=\"800\" \/>\n\t<meta property=\"og:image:height\" content=\"800\" \/>\n\t<meta property=\"og:image:type\" content=\"image\/jpeg\" \/>\n<meta name=\"twitter:label1\" content=\"Dur\u00e9e de lecture estim\u00e9e\" \/>\n\t<meta name=\"twitter:data1\" content=\"1 minute\" \/>\n<script type=\"application\/ld+json\" class=\"yoast-schema-graph\">{\"@context\":\"https:\\\/\\\/schema.org\",\"@graph\":[{\"@type\":\"WebPage\",\"@id\":\"https:\\\/\\\/kurato.ch\\\/product\\\/wandleuchte-koch-lowy-fuer-peill-putzler-70er\\\/\",\"url\":\"https:\\\/\\\/kurato.ch\\\/product\\\/wandleuchte-koch-lowy-fuer-peill-putzler-70er\\\/\",\"name\":\"Wave Wandleuchte Koch & Lowy f\u00fcr Peill & Putzler, 70er | Vintage M\u00f6bel kaufen auf KURATO.CH\",\"isPartOf\":{\"@id\":\"https:\\\/\\\/kurato.ch\\\/#website\"},\"primaryImageOfPage\":{\"@id\":\"https:\\\/\\\/kurato.ch\\\/product\\\/wandleuchte-koch-lowy-fuer-peill-putzler-70er\\\/#primaryimage\"},\"image\":{\"@id\":\"https:\\\/\\\/kurato.ch\\\/product\\\/wandleuchte-koch-lowy-fuer-peill-putzler-70er\\\/#primaryimage\"},\"thumbnailUrl\":\"https:\\\/\\\/kurato.ch\\\/wp-content\\\/uploads\\\/2022\\\/02\\\/wandleuchte-koch-lowy-fuer-peill-putzler-gold-vintage-secondhand-gebraucht-schweiz.jpg\",\"datePublished\":\"2022-02-04T07:21:17+00:00\",\"dateModified\":\"2024-02-19T06:10:24+00:00\",\"description\":\"Entdecke Vintage M\u00f6bel & Dekoration \u27a4 Wave Wandleuchte Koch & Lowy f\u00fcr Peill & Putzler, 70er auf Kurato. \u2713Lieferung Schweiz \u271314-Tage R\u00fcckgabe \u2713Secondhand Unikat\",\"breadcrumb\":{\"@id\":\"https:\\\/\\\/kurato.ch\\\/product\\\/wandleuchte-koch-lowy-fuer-peill-putzler-70er\\\/#breadcrumb\"},\"inLanguage\":\"fr-FR\",\"potentialAction\":[{\"@type\":\"ReadAction\",\"target\":[\"https:\\\/\\\/kurato.ch\\\/product\\\/wandleuchte-koch-lowy-fuer-peill-putzler-70er\\\/\"]}]},{\"@type\":\"ImageObject\",\"inLanguage\":\"fr-FR\",\"@id\":\"https:\\\/\\\/kurato.ch\\\/product\\\/wandleuchte-koch-lowy-fuer-peill-putzler-70er\\\/#primaryimage\",\"url\":\"https:\\\/\\\/kurato.ch\\\/wp-content\\\/uploads\\\/2022\\\/02\\\/wandleuchte-koch-lowy-fuer-peill-putzler-gold-vintage-secondhand-gebraucht-schweiz.jpg\",\"contentUrl\":\"https:\\\/\\\/kurato.ch\\\/wp-content\\\/uploads\\\/2022\\\/02\\\/wandleuchte-koch-lowy-fuer-peill-putzler-gold-vintage-secondhand-gebraucht-schweiz.jpg\",\"width\":800,\"height\":800,\"caption\":\"Wave Wandleuchte Koch & Lowy f\u00fcr Peill & Putzler, 70er\"},{\"@type\":\"BreadcrumbList\",\"@id\":\"https:\\\/\\\/kurato.ch\\\/product\\\/wandleuchte-koch-lowy-fuer-peill-putzler-70er\\\/#breadcrumb\",\"itemListElement\":[{\"@type\":\"ListItem\",\"position\":1,\"name\":\"Home\",\"item\":\"https:\\\/\\\/kurato.ch\\\/\"},{\"@type\":\"ListItem\",\"position\":2,\"name\":\"Neuheiten\",\"item\":\"https:\\\/\\\/kurato.ch\\\/neuheiten\\\/\"},{\"@type\":\"ListItem\",\"position\":3,\"name\":\"Wave Wandleuchte Koch &#038; Lowy f\u00fcr Peill &#038; Putzler, 70er\"}]},{\"@type\":\"WebSite\",\"@id\":\"https:\\\/\\\/kurato.ch\\\/#website\",\"url\":\"https:\\\/\\\/kurato.ch\\\/\",\"name\":\"Vintage M\u00f6bel &amp; Dekoration I Kurato\",\"description\":\"Vintage M\u00f6bel &amp; Dekoration I Kurato\",\"publisher\":{\"@id\":\"https:\\\/\\\/kurato.ch\\\/#organization\"},\"potentialAction\":[{\"@type\":\"SearchAction\",\"target\":{\"@type\":\"EntryPoint\",\"urlTemplate\":\"https:\\\/\\\/kurato.ch\\\/?s={search_term_string}\"},\"query-input\":{\"@type\":\"PropertyValueSpecification\",\"valueRequired\":true,\"valueName\":\"search_term_string\"}}],\"inLanguage\":\"fr-FR\"},{\"@type\":\"Organization\",\"@id\":\"https:\\\/\\\/kurato.ch\\\/#organization\",\"name\":\"Kurato.\",\"url\":\"https:\\\/\\\/kurato.ch\\\/\",\"logo\":{\"@type\":\"ImageObject\",\"inLanguage\":\"fr-FR\",\"@id\":\"https:\\\/\\\/kurato.ch\\\/#\\\/schema\\\/logo\\\/image\\\/\",\"url\":\"\",\"contentUrl\":\"\",\"caption\":\"Kurato.\"},\"image\":{\"@id\":\"https:\\\/\\\/kurato.ch\\\/#\\\/schema\\\/logo\\\/image\\\/\"},\"sameAs\":[\"https:\\\/\\\/www.facebook.com\\\/kuratoswitzerland\",\"https:\\\/\\\/www.instagram.com\\\/kurato.ch\\\/\",\"https:\\\/\\\/www.pinterest.ch\\\/kurato_ch\\\/_created\\\/\"]}]}<\/script>\n<!-- \/ Yoast SEO plugin. -->","yoast_head_json":{"title":"Wave Wandleuchte Koch & Lowy f\u00fcr Peill & Putzler, 70er | Vintage M\u00f6bel kaufen auf KURATO.CH","description":"Entdecke Vintage M\u00f6bel & Dekoration \u27a4 Wave Wandleuchte Koch & Lowy f\u00fcr Peill & Putzler, 70er auf Kurato. \u2713Lieferung Schweiz \u271314-Tage R\u00fcckgabe \u2713Secondhand Unikat","robots":{"index":"index","follow":"follow","max-snippet":"max-snippet:-1","max-image-preview":"max-image-preview:large","max-video-preview":"max-video-preview:-1"},"canonical":"https:\/\/kurato.ch\/fr\/product\/wandleuchte-koch-lowy-fuer-peill-putzler-70er\/","og_locale":"fr_FR","og_type":"article","og_title":"Wave Wandleuchte Koch & Lowy f\u00fcr Peill & Putzler, 70er | Vintage M\u00f6bel kaufen auf KURATO.CH","og_description":"Entdecke Vintage M\u00f6bel & Dekoration \u27a4 Wave Wandleuchte Koch & Lowy f\u00fcr Peill & Putzler, 70er auf Kurato. \u2713Lieferung Schweiz \u271314-Tage R\u00fcckgabe \u2713Secondhand Unikat","og_url":"https:\/\/kurato.ch\/fr\/product\/wandleuchte-koch-lowy-fuer-peill-putzler-70er\/","og_site_name":"Vintage M\u00f6bel &amp; Dekoration I Kurato","article_publisher":"https:\/\/www.facebook.com\/kuratoswitzerland","article_modified_time":"2024-02-19T06:10:24+00:00","og_image":[{"width":800,"height":800,"url":"https:\/\/kurato.ch\/wp-content\/uploads\/2022\/02\/wandleuchte-koch-lowy-fuer-peill-putzler-gold-vintage-secondhand-gebraucht-schweiz.jpg","type":"image\/jpeg"}],"twitter_misc":{"Dur\u00e9e de lecture estim\u00e9e":"1 minute"},"schema":{"@context":"https:\/\/schema.org","@graph":[{"@type":"WebPage","@id":"https:\/\/kurato.ch\/product\/wandleuchte-koch-lowy-fuer-peill-putzler-70er\/","url":"https:\/\/kurato.ch\/product\/wandleuchte-koch-lowy-fuer-peill-putzler-70er\/","name":"Wave Wandleuchte Koch & Lowy f\u00fcr Peill & Putzler, 70er | Vintage M\u00f6bel kaufen auf KURATO.CH","isPartOf":{"@id":"https:\/\/kurato.ch\/#website"},"primaryImageOfPage":{"@id":"https:\/\/kurato.ch\/product\/wandleuchte-koch-lowy-fuer-peill-putzler-70er\/#primaryimage"},"image":{"@id":"https:\/\/kurato.ch\/product\/wandleuchte-koch-lowy-fuer-peill-putzler-70er\/#primaryimage"},"thumbnailUrl":"https:\/\/kurato.ch\/wp-content\/uploads\/2022\/02\/wandleuchte-koch-lowy-fuer-peill-putzler-gold-vintage-secondhand-gebraucht-schweiz.jpg","datePublished":"2022-02-04T07:21:17+00:00","dateModified":"2024-02-19T06:10:24+00:00","description":"Entdecke Vintage M\u00f6bel & Dekoration \u27a4 Wave Wandleuchte Koch & Lowy f\u00fcr Peill & Putzler, 70er auf Kurato. \u2713Lieferung Schweiz \u271314-Tage R\u00fcckgabe \u2713Secondhand Unikat","breadcrumb":{"@id":"https:\/\/kurato.ch\/product\/wandleuchte-koch-lowy-fuer-peill-putzler-70er\/#breadcrumb"},"inLanguage":"fr-FR","potentialAction":[{"@type":"ReadAction","target":["https:\/\/kurato.ch\/product\/wandleuchte-koch-lowy-fuer-peill-putzler-70er\/"]}]},{"@type":"ImageObject","inLanguage":"fr-FR","@id":"https:\/\/kurato.ch\/product\/wandleuchte-koch-lowy-fuer-peill-putzler-70er\/#primaryimage","url":"https:\/\/kurato.ch\/wp-content\/uploads\/2022\/02\/wandleuchte-koch-lowy-fuer-peill-putzler-gold-vintage-secondhand-gebraucht-schweiz.jpg","contentUrl":"https:\/\/kurato.ch\/wp-content\/uploads\/2022\/02\/wandleuchte-koch-lowy-fuer-peill-putzler-gold-vintage-secondhand-gebraucht-schweiz.jpg","width":800,"height":800,"caption":"Wave Wandleuchte Koch & Lowy f\u00fcr Peill & Putzler, 70er"},{"@type":"BreadcrumbList","@id":"https:\/\/kurato.ch\/product\/wandleuchte-koch-lowy-fuer-peill-putzler-70er\/#breadcrumb","itemListElement":[{"@type":"ListItem","position":1,"name":"Home","item":"https:\/\/kurato.ch\/"},{"@type":"ListItem","position":2,"name":"Neuheiten","item":"https:\/\/kurato.ch\/neuheiten\/"},{"@type":"ListItem","position":3,"name":"Wave Wandleuchte Koch &#038; Lowy f\u00fcr Peill &#038; Putzler, 70er"}]},{"@type":"WebSite","@id":"https:\/\/kurato.ch\/#website","url":"https:\/\/kurato.ch\/","name":"Meubles vintage &amp; d\u00e9coration I Kurato","description":"Meubles vintage &amp; d\u00e9coration I Kurato","publisher":{"@id":"https:\/\/kurato.ch\/#organization"},"potentialAction":[{"@type":"SearchAction","target":{"@type":"EntryPoint","urlTemplate":"https:\/\/kurato.ch\/?s={search_term_string}"},"query-input":{"@type":"PropertyValueSpecification","valueRequired":true,"valueName":"search_term_string"}}],"inLanguage":"fr-FR"},{"@type":"Organization","@id":"https:\/\/kurato.ch\/#organization","name":"Kurato.","url":"https:\/\/kurato.ch\/","logo":{"@type":"ImageObject","inLanguage":"fr-FR","@id":"https:\/\/kurato.ch\/#\/schema\/logo\/image\/","url":"","contentUrl":"","caption":"Kurato."},"image":{"@id":"https:\/\/kurato.ch\/#\/schema\/logo\/image\/"},"sameAs":["https:\/\/www.facebook.com\/kuratoswitzerland","https:\/\/www.instagram.com\/kurato.ch\/","https:\/\/www.pinterest.ch\/kurato_ch\/_created\/"]}]}},"_links":{"self":[{"href":"https:\/\/kurato.ch\/fr\/wp-json\/wp\/v2\/product\/30451","targetHints":{"allow":["GET"]}}],"collection":[{"href":"https:\/\/kurato.ch\/fr\/wp-json\/wp\/v2\/product"}],"about":[{"href":"https:\/\/kurato.ch\/fr\/wp-json\/wp\/v2\/types\/product"}],"wp:featuredmedia":[{"embeddable":true,"href":"https:\/\/kurato.ch\/fr\/wp-json\/wp\/v2\/media\/30452"}],"wp:attachment":[{"href":"https:\/\/kurato.ch\/fr\/wp-json\/wp\/v2\/media?parent=30451"}],"wp:term":[{"taxonomy":"product_brand","embeddable":true,"href":"https:\/\/kurato.ch\/fr\/wp-json\/wp\/v2\/product_brand?post=30451"},{"taxonomy":"product_cat","embeddable":true,"href":"https:\/\/kurato.ch\/fr\/wp-json\/wp\/v2\/product_cat?post=30451"},{"taxonomy":"product_tag","embeddable":true,"href":"https:\/\/kurato.ch\/fr\/wp-json\/wp\/v2\/product_tag?post=30451"}],"curies":[{"name":"wp","href":"https:\/\/api.w.org\/{rel}","templated":true}]}}