{"id":31709,"date":"2022-03-31T16:05:10","date_gmt":"2022-03-31T14:05:10","guid":{"rendered":"https:\/\/kurato.ch\/?post_type=product&#038;p=31709"},"modified":"2022-03-31T16:05:11","modified_gmt":"2022-03-31T14:05:11","slug":"vintage-sintesi-tischlampe-von-ernesto-gismondi-fuer-artemide","status":"publish","type":"product","link":"https:\/\/kurato.ch\/fr\/product\/vintage-sintesi-tischlampe-von-ernesto-gismondi-fuer-artemide\/","title":{"rendered":"Lampe de table vintage Sintesi par Ernesto Gismondi pour Artemide"},"content":{"rendered":"<p>Die Tischlampe stammt aus der Leuchtenserie Sintesi des italienischen Designers Ernesto Gismondi. Er entwarf die Leuchten in den 1970er Jahren f\u00fcr den italienischen Hersteller Artemide. Die hier angebotene Lampe ist das Model &#8218;Tavolo&#8216; und ist als Arbeits- oder Schreibtischlampe gedacht<br \/>La lampe est en bon \u00e9tat vintage avec des traces normales d'\u00e2ge et d'utilisation.<\/p>","protected":false},"excerpt":{"rendered":"<p>Die Tischlampe stammt aus der Leuchtenserie Sintesi des italienischen Designers Ernesto Gismondi. Er entwarf die Leuchten in den 1970er Jahren f\u00fcr den italienischen Hersteller Artemide. Die hier angebotene Lampe ist das Model &#8218;Tavolo&#8216; und ist als Arbeits- oder Schreibtischlampe gedachtDie Lampe ist in einem guten Vintage-Zustand mit normalen Alters- und Gebrauchsspuren.<\/p>","protected":false},"featured_media":31717,"template":"","meta":{"_acf_changed":false,"site-sidebar-layout":"default","site-content-layout":"","ast-site-content-layout":"default","site-content-style":"default","site-sidebar-style":"default","ast-global-header-display":"","ast-banner-title-visibility":"","ast-main-header-display":"","ast-hfb-above-header-display":"","ast-hfb-below-header-display":"","ast-hfb-mobile-header-display":"","site-post-title":"","ast-breadcrumbs-content":"","ast-featured-img":"","footer-sml-layout":"","ast-disable-related-posts":"","theme-transparent-header-meta":"","adv-header-id-meta":"","stick-header-meta":"","header-above-stick-meta":"","header-main-stick-meta":"","header-below-stick-meta":"","astra-migrate-meta-layouts":"default","ast-page-background-enabled":"default","ast-page-background-meta":{"desktop":{"background-color":"","background-image":"","background-repeat":"repeat","background-position":"center center","background-size":"auto","background-attachment":"scroll","background-type":"","background-media":"","overlay-type":"","overlay-color":"","overlay-opacity":"","overlay-gradient":""},"tablet":{"background-color":"","background-image":"","background-repeat":"repeat","background-position":"center center","background-size":"auto","background-attachment":"scroll","background-type":"","background-media":"","overlay-type":"","overlay-color":"","overlay-opacity":"","overlay-gradient":""},"mobile":{"background-color":"","background-image":"","background-repeat":"repeat","background-position":"center center","background-size":"auto","background-attachment":"scroll","background-type":"","background-media":"","overlay-type":"","overlay-color":"","overlay-opacity":"","overlay-gradient":""}},"ast-content-background-meta":{"desktop":{"background-color":"var(--ast-global-color-5)","background-image":"","background-repeat":"repeat","background-position":"center center","background-size":"auto","background-attachment":"scroll","background-type":"","background-media":"","overlay-type":"","overlay-color":"","overlay-opacity":"","overlay-gradient":""},"tablet":{"background-color":"var(--ast-global-color-5)","background-image":"","background-repeat":"repeat","background-position":"center center","background-size":"auto","background-attachment":"scroll","background-type":"","background-media":"","overlay-type":"","overlay-color":"","overlay-opacity":"","overlay-gradient":""},"mobile":{"background-color":"var(--ast-global-color-5)","background-image":"","background-repeat":"repeat","background-position":"center center","background-size":"auto","background-attachment":"scroll","background-type":"","background-media":"","overlay-type":"","overlay-color":"","overlay-opacity":"","overlay-gradient":""}}},"product_brand":[],"product_cat":[65,64],"product_tag":[],"class_list":{"0":"post-31709","1":"product","2":"type-product","3":"status-publish","4":"has-post-thumbnail","6":"product_cat-vintage-gelenklampe","7":"product_cat-vintage-tischlampen","8":"pa_designer-artemide","9":"pa_farbe-weiss","10":"pa_material-metall","11":"pa_standort-mittelland","12":"pa_stil-design","13":"desktop-align-left","14":"tablet-align-left","15":"mobile-align-left","17":"first","18":"instock","19":"sold-individually","20":"shipping-taxable","21":"purchasable","22":"product-type-simple"},"acf":[],"yoast_head":"<!-- This site is optimized with the Yoast SEO plugin v27.4 - https:\/\/yoast.com\/product\/yoast-seo-wordpress\/ -->\n<title>Vintage Sintesi Tischlampe von Ernesto Gismondi f\u00fcr Artemide | Vintage M\u00f6bel kaufen auf KURATO.CH<\/title>\n<meta name=\"description\" content=\"Entdecke Vintage M\u00f6bel &amp; Dekoration \u27a4 Vintage Sintesi Tischlampe von Ernesto Gismondi f\u00fcr Artemide auf Kurato. \u2713Lieferung Schweiz \u271314-Tage R\u00fcckgabe \u2713Secondhand Unikat\" \/>\n<meta name=\"robots\" content=\"index, follow, max-snippet:-1, max-image-preview:large, max-video-preview:-1\" \/>\n<link rel=\"canonical\" href=\"https:\/\/kurato.ch\/fr\/product\/vintage-sintesi-tischlampe-von-ernesto-gismondi-fuer-artemide\/\" \/>\n<meta property=\"og:locale\" content=\"fr_FR\" \/>\n<meta property=\"og:type\" content=\"article\" \/>\n<meta property=\"og:title\" content=\"Vintage Sintesi Tischlampe von Ernesto Gismondi f\u00fcr Artemide | Vintage M\u00f6bel kaufen auf KURATO.CH\" \/>\n<meta property=\"og:description\" content=\"Entdecke Vintage M\u00f6bel &amp; Dekoration \u27a4 Vintage Sintesi Tischlampe von Ernesto Gismondi f\u00fcr Artemide auf Kurato. \u2713Lieferung Schweiz \u271314-Tage R\u00fcckgabe \u2713Secondhand Unikat\" \/>\n<meta property=\"og:url\" content=\"https:\/\/kurato.ch\/fr\/product\/vintage-sintesi-tischlampe-von-ernesto-gismondi-fuer-artemide\/\" \/>\n<meta property=\"og:site_name\" content=\"Vintage M\u00f6bel &amp; Dekoration I Kurato\" \/>\n<meta property=\"article:publisher\" content=\"https:\/\/www.facebook.com\/kuratoswitzerland\" \/>\n<meta property=\"article:modified_time\" content=\"2022-03-31T14:05:11+00:00\" \/>\n<meta property=\"og:image\" content=\"https:\/\/kurato.ch\/wp-content\/uploads\/2022\/03\/Vintage-Sintesi-Tischlampe-Ernesto-Gismondi-Artemide-vintage-secondhand-gebraucht-schweiz.jpg\" \/>\n\t<meta property=\"og:image:width\" content=\"800\" \/>\n\t<meta property=\"og:image:height\" content=\"800\" \/>\n\t<meta property=\"og:image:type\" content=\"image\/jpeg\" \/>\n<script type=\"application\/ld+json\" class=\"yoast-schema-graph\">{\"@context\":\"https:\\\/\\\/schema.org\",\"@graph\":[{\"@type\":\"WebPage\",\"@id\":\"https:\\\/\\\/kurato.ch\\\/product\\\/vintage-sintesi-tischlampe-von-ernesto-gismondi-fuer-artemide\\\/\",\"url\":\"https:\\\/\\\/kurato.ch\\\/product\\\/vintage-sintesi-tischlampe-von-ernesto-gismondi-fuer-artemide\\\/\",\"name\":\"Vintage Sintesi Tischlampe von Ernesto Gismondi f\u00fcr Artemide | Vintage M\u00f6bel kaufen auf KURATO.CH\",\"isPartOf\":{\"@id\":\"https:\\\/\\\/kurato.ch\\\/#website\"},\"primaryImageOfPage\":{\"@id\":\"https:\\\/\\\/kurato.ch\\\/product\\\/vintage-sintesi-tischlampe-von-ernesto-gismondi-fuer-artemide\\\/#primaryimage\"},\"image\":{\"@id\":\"https:\\\/\\\/kurato.ch\\\/product\\\/vintage-sintesi-tischlampe-von-ernesto-gismondi-fuer-artemide\\\/#primaryimage\"},\"thumbnailUrl\":\"https:\\\/\\\/kurato.ch\\\/wp-content\\\/uploads\\\/2022\\\/03\\\/Vintage-Sintesi-Tischlampe-Ernesto-Gismondi-Artemide-vintage-secondhand-gebraucht-schweiz.jpg\",\"datePublished\":\"2022-03-31T14:05:10+00:00\",\"dateModified\":\"2022-03-31T14:05:11+00:00\",\"description\":\"Entdecke Vintage M\u00f6bel & Dekoration \u27a4 Vintage Sintesi Tischlampe von Ernesto Gismondi f\u00fcr Artemide auf Kurato. \u2713Lieferung Schweiz \u271314-Tage R\u00fcckgabe \u2713Secondhand Unikat\",\"breadcrumb\":{\"@id\":\"https:\\\/\\\/kurato.ch\\\/product\\\/vintage-sintesi-tischlampe-von-ernesto-gismondi-fuer-artemide\\\/#breadcrumb\"},\"inLanguage\":\"fr-FR\",\"potentialAction\":[{\"@type\":\"ReadAction\",\"target\":[\"https:\\\/\\\/kurato.ch\\\/product\\\/vintage-sintesi-tischlampe-von-ernesto-gismondi-fuer-artemide\\\/\"]}]},{\"@type\":\"ImageObject\",\"inLanguage\":\"fr-FR\",\"@id\":\"https:\\\/\\\/kurato.ch\\\/product\\\/vintage-sintesi-tischlampe-von-ernesto-gismondi-fuer-artemide\\\/#primaryimage\",\"url\":\"https:\\\/\\\/kurato.ch\\\/wp-content\\\/uploads\\\/2022\\\/03\\\/Vintage-Sintesi-Tischlampe-Ernesto-Gismondi-Artemide-vintage-secondhand-gebraucht-schweiz.jpg\",\"contentUrl\":\"https:\\\/\\\/kurato.ch\\\/wp-content\\\/uploads\\\/2022\\\/03\\\/Vintage-Sintesi-Tischlampe-Ernesto-Gismondi-Artemide-vintage-secondhand-gebraucht-schweiz.jpg\",\"width\":800,\"height\":800,\"caption\":\"Vintage Sintesi Tischlampe von Ernesto Gismondi f\u00fcr Artemide\"},{\"@type\":\"BreadcrumbList\",\"@id\":\"https:\\\/\\\/kurato.ch\\\/product\\\/vintage-sintesi-tischlampe-von-ernesto-gismondi-fuer-artemide\\\/#breadcrumb\",\"itemListElement\":[{\"@type\":\"ListItem\",\"position\":1,\"name\":\"Home\",\"item\":\"https:\\\/\\\/kurato.ch\\\/\"},{\"@type\":\"ListItem\",\"position\":2,\"name\":\"Neuheiten\",\"item\":\"https:\\\/\\\/kurato.ch\\\/neuheiten\\\/\"},{\"@type\":\"ListItem\",\"position\":3,\"name\":\"Vintage Sintesi Tischlampe von Ernesto Gismondi f\u00fcr Artemide\"}]},{\"@type\":\"WebSite\",\"@id\":\"https:\\\/\\\/kurato.ch\\\/#website\",\"url\":\"https:\\\/\\\/kurato.ch\\\/\",\"name\":\"Vintage M\u00f6bel &amp; Dekoration I Kurato\",\"description\":\"Vintage M\u00f6bel &amp; Dekoration I Kurato\",\"publisher\":{\"@id\":\"https:\\\/\\\/kurato.ch\\\/#organization\"},\"potentialAction\":[{\"@type\":\"SearchAction\",\"target\":{\"@type\":\"EntryPoint\",\"urlTemplate\":\"https:\\\/\\\/kurato.ch\\\/?s={search_term_string}\"},\"query-input\":{\"@type\":\"PropertyValueSpecification\",\"valueRequired\":true,\"valueName\":\"search_term_string\"}}],\"inLanguage\":\"fr-FR\"},{\"@type\":\"Organization\",\"@id\":\"https:\\\/\\\/kurato.ch\\\/#organization\",\"name\":\"Kurato.\",\"url\":\"https:\\\/\\\/kurato.ch\\\/\",\"logo\":{\"@type\":\"ImageObject\",\"inLanguage\":\"fr-FR\",\"@id\":\"https:\\\/\\\/kurato.ch\\\/#\\\/schema\\\/logo\\\/image\\\/\",\"url\":\"\",\"contentUrl\":\"\",\"caption\":\"Kurato.\"},\"image\":{\"@id\":\"https:\\\/\\\/kurato.ch\\\/#\\\/schema\\\/logo\\\/image\\\/\"},\"sameAs\":[\"https:\\\/\\\/www.facebook.com\\\/kuratoswitzerland\",\"https:\\\/\\\/www.instagram.com\\\/kurato.ch\\\/\",\"https:\\\/\\\/www.pinterest.ch\\\/kurato_ch\\\/_created\\\/\"]}]}<\/script>\n<!-- \/ Yoast SEO plugin. -->","yoast_head_json":{"title":"Vintage Sintesi Tischlampe von Ernesto Gismondi f\u00fcr Artemide | Vintage M\u00f6bel kaufen auf KURATO.CH","description":"Entdecke Vintage M\u00f6bel & Dekoration \u27a4 Vintage Sintesi Tischlampe von Ernesto Gismondi f\u00fcr Artemide auf Kurato. \u2713Lieferung Schweiz \u271314-Tage R\u00fcckgabe \u2713Secondhand Unikat","robots":{"index":"index","follow":"follow","max-snippet":"max-snippet:-1","max-image-preview":"max-image-preview:large","max-video-preview":"max-video-preview:-1"},"canonical":"https:\/\/kurato.ch\/fr\/product\/vintage-sintesi-tischlampe-von-ernesto-gismondi-fuer-artemide\/","og_locale":"fr_FR","og_type":"article","og_title":"Vintage Sintesi Tischlampe von Ernesto Gismondi f\u00fcr Artemide | Vintage M\u00f6bel kaufen auf KURATO.CH","og_description":"Entdecke Vintage M\u00f6bel & Dekoration \u27a4 Vintage Sintesi Tischlampe von Ernesto Gismondi f\u00fcr Artemide auf Kurato. \u2713Lieferung Schweiz \u271314-Tage R\u00fcckgabe \u2713Secondhand Unikat","og_url":"https:\/\/kurato.ch\/fr\/product\/vintage-sintesi-tischlampe-von-ernesto-gismondi-fuer-artemide\/","og_site_name":"Vintage M\u00f6bel &amp; Dekoration I Kurato","article_publisher":"https:\/\/www.facebook.com\/kuratoswitzerland","article_modified_time":"2022-03-31T14:05:11+00:00","og_image":[{"width":800,"height":800,"url":"https:\/\/kurato.ch\/wp-content\/uploads\/2022\/03\/Vintage-Sintesi-Tischlampe-Ernesto-Gismondi-Artemide-vintage-secondhand-gebraucht-schweiz.jpg","type":"image\/jpeg"}],"schema":{"@context":"https:\/\/schema.org","@graph":[{"@type":"WebPage","@id":"https:\/\/kurato.ch\/product\/vintage-sintesi-tischlampe-von-ernesto-gismondi-fuer-artemide\/","url":"https:\/\/kurato.ch\/product\/vintage-sintesi-tischlampe-von-ernesto-gismondi-fuer-artemide\/","name":"Vintage Sintesi Tischlampe von Ernesto Gismondi f\u00fcr Artemide | Vintage M\u00f6bel kaufen auf KURATO.CH","isPartOf":{"@id":"https:\/\/kurato.ch\/#website"},"primaryImageOfPage":{"@id":"https:\/\/kurato.ch\/product\/vintage-sintesi-tischlampe-von-ernesto-gismondi-fuer-artemide\/#primaryimage"},"image":{"@id":"https:\/\/kurato.ch\/product\/vintage-sintesi-tischlampe-von-ernesto-gismondi-fuer-artemide\/#primaryimage"},"thumbnailUrl":"https:\/\/kurato.ch\/wp-content\/uploads\/2022\/03\/Vintage-Sintesi-Tischlampe-Ernesto-Gismondi-Artemide-vintage-secondhand-gebraucht-schweiz.jpg","datePublished":"2022-03-31T14:05:10+00:00","dateModified":"2022-03-31T14:05:11+00:00","description":"Entdecke Vintage M\u00f6bel & Dekoration \u27a4 Vintage Sintesi Tischlampe von Ernesto Gismondi f\u00fcr Artemide auf Kurato. \u2713Lieferung Schweiz \u271314-Tage R\u00fcckgabe \u2713Secondhand Unikat","breadcrumb":{"@id":"https:\/\/kurato.ch\/product\/vintage-sintesi-tischlampe-von-ernesto-gismondi-fuer-artemide\/#breadcrumb"},"inLanguage":"fr-FR","potentialAction":[{"@type":"ReadAction","target":["https:\/\/kurato.ch\/product\/vintage-sintesi-tischlampe-von-ernesto-gismondi-fuer-artemide\/"]}]},{"@type":"ImageObject","inLanguage":"fr-FR","@id":"https:\/\/kurato.ch\/product\/vintage-sintesi-tischlampe-von-ernesto-gismondi-fuer-artemide\/#primaryimage","url":"https:\/\/kurato.ch\/wp-content\/uploads\/2022\/03\/Vintage-Sintesi-Tischlampe-Ernesto-Gismondi-Artemide-vintage-secondhand-gebraucht-schweiz.jpg","contentUrl":"https:\/\/kurato.ch\/wp-content\/uploads\/2022\/03\/Vintage-Sintesi-Tischlampe-Ernesto-Gismondi-Artemide-vintage-secondhand-gebraucht-schweiz.jpg","width":800,"height":800,"caption":"Vintage Sintesi Tischlampe von Ernesto Gismondi f\u00fcr Artemide"},{"@type":"BreadcrumbList","@id":"https:\/\/kurato.ch\/product\/vintage-sintesi-tischlampe-von-ernesto-gismondi-fuer-artemide\/#breadcrumb","itemListElement":[{"@type":"ListItem","position":1,"name":"Home","item":"https:\/\/kurato.ch\/"},{"@type":"ListItem","position":2,"name":"Neuheiten","item":"https:\/\/kurato.ch\/neuheiten\/"},{"@type":"ListItem","position":3,"name":"Vintage Sintesi Tischlampe von Ernesto Gismondi f\u00fcr Artemide"}]},{"@type":"WebSite","@id":"https:\/\/kurato.ch\/#website","url":"https:\/\/kurato.ch\/","name":"Meubles vintage &amp; d\u00e9coration I Kurato","description":"Meubles vintage &amp; d\u00e9coration I Kurato","publisher":{"@id":"https:\/\/kurato.ch\/#organization"},"potentialAction":[{"@type":"SearchAction","target":{"@type":"EntryPoint","urlTemplate":"https:\/\/kurato.ch\/?s={search_term_string}"},"query-input":{"@type":"PropertyValueSpecification","valueRequired":true,"valueName":"search_term_string"}}],"inLanguage":"fr-FR"},{"@type":"Organization","@id":"https:\/\/kurato.ch\/#organization","name":"Kurato.","url":"https:\/\/kurato.ch\/","logo":{"@type":"ImageObject","inLanguage":"fr-FR","@id":"https:\/\/kurato.ch\/#\/schema\/logo\/image\/","url":"","contentUrl":"","caption":"Kurato."},"image":{"@id":"https:\/\/kurato.ch\/#\/schema\/logo\/image\/"},"sameAs":["https:\/\/www.facebook.com\/kuratoswitzerland","https:\/\/www.instagram.com\/kurato.ch\/","https:\/\/www.pinterest.ch\/kurato_ch\/_created\/"]}]}},"_links":{"self":[{"href":"https:\/\/kurato.ch\/fr\/wp-json\/wp\/v2\/product\/31709","targetHints":{"allow":["GET"]}}],"collection":[{"href":"https:\/\/kurato.ch\/fr\/wp-json\/wp\/v2\/product"}],"about":[{"href":"https:\/\/kurato.ch\/fr\/wp-json\/wp\/v2\/types\/product"}],"wp:featuredmedia":[{"embeddable":true,"href":"https:\/\/kurato.ch\/fr\/wp-json\/wp\/v2\/media\/31717"}],"wp:attachment":[{"href":"https:\/\/kurato.ch\/fr\/wp-json\/wp\/v2\/media?parent=31709"}],"wp:term":[{"taxonomy":"product_brand","embeddable":true,"href":"https:\/\/kurato.ch\/fr\/wp-json\/wp\/v2\/product_brand?post=31709"},{"taxonomy":"product_cat","embeddable":true,"href":"https:\/\/kurato.ch\/fr\/wp-json\/wp\/v2\/product_cat?post=31709"},{"taxonomy":"product_tag","embeddable":true,"href":"https:\/\/kurato.ch\/fr\/wp-json\/wp\/v2\/product_tag?post=31709"}],"curies":[{"name":"wp","href":"https:\/\/api.w.org\/{rel}","templated":true}]}}