{"id":31785,"date":"2022-04-04T16:07:53","date_gmt":"2022-04-04T14:07:53","guid":{"rendered":"https:\/\/kurato.ch\/?post_type=product&#038;p=31785"},"modified":"2022-04-04T16:08:29","modified_gmt":"2022-04-04T14:08:29","slug":"kaffee-und-kuchen-service-flash-von-dorothy-hafner-fuer-rosenthal","status":"publish","type":"product","link":"https:\/\/kurato.ch\/fr\/product\/kaffee-und-kuchen-service-flash-von-dorothy-hafner-fuer-rosenthal\/","title":{"rendered":"Kaffee- und Kuchen Service &#8218;Flash&#8216; von Dorothy Hafner f\u00fcr Rosenthal"},"content":{"rendered":"<p>Le service Flash a \u00e9t\u00e9 con\u00e7u par Dorothy Hafner et fabriqu\u00e9 par Rosenthal. Le set comprend 21 pi\u00e8ces.<br \/>\nL'ensemble est en tr\u00e8s bon \u00e9tat, seule une assiette pr\u00e9sente un petit dommage sur le dessous (voir photo).<\/p>","protected":false},"excerpt":{"rendered":"<p>Der Entwurf f\u00fcr das Flash Service stammt von Dorothy Hafner und hergestellt wurde es von Rosenthal. Das Set umfasst 21 Teile. Das Set ist in einem sehr guten Zustand, lediglich ein Teller hat auf der Unterseite eine kleine Besch\u00e4digung (Siehe Foto).<\/p>","protected":false},"featured_media":31808,"template":"","meta":{"_acf_changed":false,"site-sidebar-layout":"default","site-content-layout":"default","ast-site-content-layout":"default","site-content-style":"default","site-sidebar-style":"default","ast-global-header-display":"","ast-banner-title-visibility":"","ast-main-header-display":"","ast-hfb-above-header-display":"","ast-hfb-below-header-display":"","ast-hfb-mobile-header-display":"","site-post-title":"","ast-breadcrumbs-content":"","ast-featured-img":"","footer-sml-layout":"","ast-disable-related-posts":"","theme-transparent-header-meta":"default","adv-header-id-meta":"","stick-header-meta":"default","header-above-stick-meta":"","header-main-stick-meta":"","header-below-stick-meta":"","astra-migrate-meta-layouts":"default","ast-page-background-enabled":"default","ast-page-background-meta":{"desktop":{"background-color":"","background-image":"","background-repeat":"repeat","background-position":"center center","background-size":"auto","background-attachment":"scroll","background-type":"","background-media":"","overlay-type":"","overlay-color":"","overlay-opacity":"","overlay-gradient":""},"tablet":{"background-color":"","background-image":"","background-repeat":"repeat","background-position":"center center","background-size":"auto","background-attachment":"scroll","background-type":"","background-media":"","overlay-type":"","overlay-color":"","overlay-opacity":"","overlay-gradient":""},"mobile":{"background-color":"","background-image":"","background-repeat":"repeat","background-position":"center center","background-size":"auto","background-attachment":"scroll","background-type":"","background-media":"","overlay-type":"","overlay-color":"","overlay-opacity":"","overlay-gradient":""}},"ast-content-background-meta":{"desktop":{"background-color":"var(--ast-global-color-5)","background-image":"","background-repeat":"repeat","background-position":"center center","background-size":"auto","background-attachment":"scroll","background-type":"","background-media":"","overlay-type":"","overlay-color":"","overlay-opacity":"","overlay-gradient":""},"tablet":{"background-color":"var(--ast-global-color-5)","background-image":"","background-repeat":"repeat","background-position":"center center","background-size":"auto","background-attachment":"scroll","background-type":"","background-media":"","overlay-type":"","overlay-color":"","overlay-opacity":"","overlay-gradient":""},"mobile":{"background-color":"var(--ast-global-color-5)","background-image":"","background-repeat":"repeat","background-position":"center center","background-size":"auto","background-attachment":"scroll","background-type":"","background-media":"","overlay-type":"","overlay-color":"","overlay-opacity":"","overlay-gradient":""}}},"product_brand":[],"product_cat":[520],"product_tag":[],"class_list":{"0":"post-31785","1":"product","2":"type-product","3":"status-publish","4":"has-post-thumbnail","6":"product_cat-geschirrset","7":"pa_designer-hafner-dorothy","8":"pa_designer-rosenthal","9":"pa_farbe-grau","10":"pa_material-keramik","11":"pa_standort-mittelland","12":"pa_stil-vintage","13":"desktop-align-left","14":"tablet-align-left","15":"mobile-align-left","17":"first","18":"instock","19":"sold-individually","20":"shipping-taxable","21":"purchasable","22":"product-type-simple"},"acf":[],"yoast_head":"<!-- This site is optimized with the Yoast SEO plugin v27.4 - https:\/\/yoast.com\/product\/yoast-seo-wordpress\/ -->\n<title>Kaffee- und Kuchen Service &#039;Flash&#039; von Dorothy Hafner f\u00fcr Rosenthal | Vintage M\u00f6bel kaufen auf KURATO.CH<\/title>\n<meta name=\"description\" content=\"Entdecke Vintage M\u00f6bel &amp; Dekoration \u27a4 Kaffee- und Kuchen Service &#039;Flash&#039; von Dorothy Hafner f\u00fcr Rosenthal auf Kurato. \u2713Lieferung Schweiz \u271314-Tage R\u00fcckgabe \u2713Secondhand Unikat\" \/>\n<meta name=\"robots\" content=\"index, follow, max-snippet:-1, max-image-preview:large, max-video-preview:-1\" \/>\n<link rel=\"canonical\" href=\"https:\/\/kurato.ch\/fr\/product\/kaffee-und-kuchen-service-flash-von-dorothy-hafner-fuer-rosenthal\/\" \/>\n<meta property=\"og:locale\" content=\"fr_FR\" \/>\n<meta property=\"og:type\" content=\"article\" \/>\n<meta property=\"og:title\" content=\"Kaffee- und Kuchen Service &#039;Flash&#039; von Dorothy Hafner f\u00fcr Rosenthal | Vintage M\u00f6bel kaufen auf KURATO.CH\" \/>\n<meta property=\"og:description\" content=\"Entdecke Vintage M\u00f6bel &amp; Dekoration \u27a4 Kaffee- und Kuchen Service &#039;Flash&#039; von Dorothy Hafner f\u00fcr Rosenthal auf Kurato. \u2713Lieferung Schweiz \u271314-Tage R\u00fcckgabe \u2713Secondhand Unikat\" \/>\n<meta property=\"og:url\" content=\"https:\/\/kurato.ch\/fr\/product\/kaffee-und-kuchen-service-flash-von-dorothy-hafner-fuer-rosenthal\/\" \/>\n<meta property=\"og:site_name\" content=\"Vintage M\u00f6bel &amp; Dekoration I Kurato\" \/>\n<meta property=\"article:publisher\" content=\"https:\/\/www.facebook.com\/kuratoswitzerland\" \/>\n<meta property=\"article:modified_time\" content=\"2022-04-04T14:08:29+00:00\" \/>\n<meta property=\"og:image\" content=\"https:\/\/kurato.ch\/wp-content\/uploads\/2022\/04\/Kaffee-und-Kuchen-Service-Flash-Dorothy-Hafner-Rosenthal-vintage-secondhand-gebraucht-schweiz.jpg\" \/>\n\t<meta property=\"og:image:width\" content=\"800\" \/>\n\t<meta property=\"og:image:height\" content=\"800\" \/>\n\t<meta property=\"og:image:type\" content=\"image\/jpeg\" \/>\n<script type=\"application\/ld+json\" class=\"yoast-schema-graph\">{\"@context\":\"https:\\\/\\\/schema.org\",\"@graph\":[{\"@type\":\"WebPage\",\"@id\":\"https:\\\/\\\/kurato.ch\\\/product\\\/kaffee-und-kuchen-service-flash-von-dorothy-hafner-fuer-rosenthal\\\/\",\"url\":\"https:\\\/\\\/kurato.ch\\\/product\\\/kaffee-und-kuchen-service-flash-von-dorothy-hafner-fuer-rosenthal\\\/\",\"name\":\"Kaffee- und Kuchen Service 'Flash' von Dorothy Hafner f\u00fcr Rosenthal | Vintage M\u00f6bel kaufen auf KURATO.CH\",\"isPartOf\":{\"@id\":\"https:\\\/\\\/kurato.ch\\\/#website\"},\"primaryImageOfPage\":{\"@id\":\"https:\\\/\\\/kurato.ch\\\/product\\\/kaffee-und-kuchen-service-flash-von-dorothy-hafner-fuer-rosenthal\\\/#primaryimage\"},\"image\":{\"@id\":\"https:\\\/\\\/kurato.ch\\\/product\\\/kaffee-und-kuchen-service-flash-von-dorothy-hafner-fuer-rosenthal\\\/#primaryimage\"},\"thumbnailUrl\":\"https:\\\/\\\/kurato.ch\\\/wp-content\\\/uploads\\\/2022\\\/04\\\/Kaffee-und-Kuchen-Service-Flash-Dorothy-Hafner-Rosenthal-vintage-secondhand-gebraucht-schweiz.jpg\",\"datePublished\":\"2022-04-04T14:07:53+00:00\",\"dateModified\":\"2022-04-04T14:08:29+00:00\",\"description\":\"Entdecke Vintage M\u00f6bel & Dekoration \u27a4 Kaffee- und Kuchen Service 'Flash' von Dorothy Hafner f\u00fcr Rosenthal auf Kurato. \u2713Lieferung Schweiz \u271314-Tage R\u00fcckgabe \u2713Secondhand Unikat\",\"breadcrumb\":{\"@id\":\"https:\\\/\\\/kurato.ch\\\/product\\\/kaffee-und-kuchen-service-flash-von-dorothy-hafner-fuer-rosenthal\\\/#breadcrumb\"},\"inLanguage\":\"fr-FR\",\"potentialAction\":[{\"@type\":\"ReadAction\",\"target\":[\"https:\\\/\\\/kurato.ch\\\/product\\\/kaffee-und-kuchen-service-flash-von-dorothy-hafner-fuer-rosenthal\\\/\"]}]},{\"@type\":\"ImageObject\",\"inLanguage\":\"fr-FR\",\"@id\":\"https:\\\/\\\/kurato.ch\\\/product\\\/kaffee-und-kuchen-service-flash-von-dorothy-hafner-fuer-rosenthal\\\/#primaryimage\",\"url\":\"https:\\\/\\\/kurato.ch\\\/wp-content\\\/uploads\\\/2022\\\/04\\\/Kaffee-und-Kuchen-Service-Flash-Dorothy-Hafner-Rosenthal-vintage-secondhand-gebraucht-schweiz.jpg\",\"contentUrl\":\"https:\\\/\\\/kurato.ch\\\/wp-content\\\/uploads\\\/2022\\\/04\\\/Kaffee-und-Kuchen-Service-Flash-Dorothy-Hafner-Rosenthal-vintage-secondhand-gebraucht-schweiz.jpg\",\"width\":800,\"height\":800,\"caption\":\"Kaffee- und Kuchen Service 'Flash' von Dorothy Hafner f\u00fcr Rosenthal\"},{\"@type\":\"BreadcrumbList\",\"@id\":\"https:\\\/\\\/kurato.ch\\\/product\\\/kaffee-und-kuchen-service-flash-von-dorothy-hafner-fuer-rosenthal\\\/#breadcrumb\",\"itemListElement\":[{\"@type\":\"ListItem\",\"position\":1,\"name\":\"Home\",\"item\":\"https:\\\/\\\/kurato.ch\\\/\"},{\"@type\":\"ListItem\",\"position\":2,\"name\":\"Neuheiten\",\"item\":\"https:\\\/\\\/kurato.ch\\\/neuheiten\\\/\"},{\"@type\":\"ListItem\",\"position\":3,\"name\":\"Kaffee- und Kuchen Service &#8216;Flash&#8217; von Dorothy Hafner f\u00fcr Rosenthal\"}]},{\"@type\":\"WebSite\",\"@id\":\"https:\\\/\\\/kurato.ch\\\/#website\",\"url\":\"https:\\\/\\\/kurato.ch\\\/\",\"name\":\"Vintage M\u00f6bel &amp; Dekoration I Kurato\",\"description\":\"Vintage M\u00f6bel &amp; Dekoration I Kurato\",\"publisher\":{\"@id\":\"https:\\\/\\\/kurato.ch\\\/#organization\"},\"potentialAction\":[{\"@type\":\"SearchAction\",\"target\":{\"@type\":\"EntryPoint\",\"urlTemplate\":\"https:\\\/\\\/kurato.ch\\\/?s={search_term_string}\"},\"query-input\":{\"@type\":\"PropertyValueSpecification\",\"valueRequired\":true,\"valueName\":\"search_term_string\"}}],\"inLanguage\":\"fr-FR\"},{\"@type\":\"Organization\",\"@id\":\"https:\\\/\\\/kurato.ch\\\/#organization\",\"name\":\"Kurato.\",\"url\":\"https:\\\/\\\/kurato.ch\\\/\",\"logo\":{\"@type\":\"ImageObject\",\"inLanguage\":\"fr-FR\",\"@id\":\"https:\\\/\\\/kurato.ch\\\/#\\\/schema\\\/logo\\\/image\\\/\",\"url\":\"\",\"contentUrl\":\"\",\"caption\":\"Kurato.\"},\"image\":{\"@id\":\"https:\\\/\\\/kurato.ch\\\/#\\\/schema\\\/logo\\\/image\\\/\"},\"sameAs\":[\"https:\\\/\\\/www.facebook.com\\\/kuratoswitzerland\",\"https:\\\/\\\/www.instagram.com\\\/kurato.ch\\\/\",\"https:\\\/\\\/www.pinterest.ch\\\/kurato_ch\\\/_created\\\/\"]}]}<\/script>\n<!-- \/ Yoast SEO plugin. -->","yoast_head_json":{"title":"Kaffee- und Kuchen Service 'Flash' von Dorothy Hafner f\u00fcr Rosenthal | Vintage M\u00f6bel kaufen auf KURATO.CH","description":"Entdecke Vintage M\u00f6bel & Dekoration \u27a4 Kaffee- und Kuchen Service 'Flash' von Dorothy Hafner f\u00fcr Rosenthal auf Kurato. \u2713Lieferung Schweiz \u271314-Tage R\u00fcckgabe \u2713Secondhand Unikat","robots":{"index":"index","follow":"follow","max-snippet":"max-snippet:-1","max-image-preview":"max-image-preview:large","max-video-preview":"max-video-preview:-1"},"canonical":"https:\/\/kurato.ch\/fr\/product\/kaffee-und-kuchen-service-flash-von-dorothy-hafner-fuer-rosenthal\/","og_locale":"fr_FR","og_type":"article","og_title":"Kaffee- und Kuchen Service 'Flash' von Dorothy Hafner f\u00fcr Rosenthal | Vintage M\u00f6bel kaufen auf KURATO.CH","og_description":"Entdecke Vintage M\u00f6bel & Dekoration \u27a4 Kaffee- und Kuchen Service 'Flash' von Dorothy Hafner f\u00fcr Rosenthal auf Kurato. \u2713Lieferung Schweiz \u271314-Tage R\u00fcckgabe \u2713Secondhand Unikat","og_url":"https:\/\/kurato.ch\/fr\/product\/kaffee-und-kuchen-service-flash-von-dorothy-hafner-fuer-rosenthal\/","og_site_name":"Vintage M\u00f6bel &amp; Dekoration I Kurato","article_publisher":"https:\/\/www.facebook.com\/kuratoswitzerland","article_modified_time":"2022-04-04T14:08:29+00:00","og_image":[{"width":800,"height":800,"url":"https:\/\/kurato.ch\/wp-content\/uploads\/2022\/04\/Kaffee-und-Kuchen-Service-Flash-Dorothy-Hafner-Rosenthal-vintage-secondhand-gebraucht-schweiz.jpg","type":"image\/jpeg"}],"schema":{"@context":"https:\/\/schema.org","@graph":[{"@type":"WebPage","@id":"https:\/\/kurato.ch\/product\/kaffee-und-kuchen-service-flash-von-dorothy-hafner-fuer-rosenthal\/","url":"https:\/\/kurato.ch\/product\/kaffee-und-kuchen-service-flash-von-dorothy-hafner-fuer-rosenthal\/","name":"Kaffee- und Kuchen Service 'Flash' von Dorothy Hafner f\u00fcr Rosenthal | Vintage M\u00f6bel kaufen auf KURATO.CH","isPartOf":{"@id":"https:\/\/kurato.ch\/#website"},"primaryImageOfPage":{"@id":"https:\/\/kurato.ch\/product\/kaffee-und-kuchen-service-flash-von-dorothy-hafner-fuer-rosenthal\/#primaryimage"},"image":{"@id":"https:\/\/kurato.ch\/product\/kaffee-und-kuchen-service-flash-von-dorothy-hafner-fuer-rosenthal\/#primaryimage"},"thumbnailUrl":"https:\/\/kurato.ch\/wp-content\/uploads\/2022\/04\/Kaffee-und-Kuchen-Service-Flash-Dorothy-Hafner-Rosenthal-vintage-secondhand-gebraucht-schweiz.jpg","datePublished":"2022-04-04T14:07:53+00:00","dateModified":"2022-04-04T14:08:29+00:00","description":"Entdecke Vintage M\u00f6bel & Dekoration \u27a4 Kaffee- und Kuchen Service 'Flash' von Dorothy Hafner f\u00fcr Rosenthal auf Kurato. \u2713Lieferung Schweiz \u271314-Tage R\u00fcckgabe \u2713Secondhand Unikat","breadcrumb":{"@id":"https:\/\/kurato.ch\/product\/kaffee-und-kuchen-service-flash-von-dorothy-hafner-fuer-rosenthal\/#breadcrumb"},"inLanguage":"fr-FR","potentialAction":[{"@type":"ReadAction","target":["https:\/\/kurato.ch\/product\/kaffee-und-kuchen-service-flash-von-dorothy-hafner-fuer-rosenthal\/"]}]},{"@type":"ImageObject","inLanguage":"fr-FR","@id":"https:\/\/kurato.ch\/product\/kaffee-und-kuchen-service-flash-von-dorothy-hafner-fuer-rosenthal\/#primaryimage","url":"https:\/\/kurato.ch\/wp-content\/uploads\/2022\/04\/Kaffee-und-Kuchen-Service-Flash-Dorothy-Hafner-Rosenthal-vintage-secondhand-gebraucht-schweiz.jpg","contentUrl":"https:\/\/kurato.ch\/wp-content\/uploads\/2022\/04\/Kaffee-und-Kuchen-Service-Flash-Dorothy-Hafner-Rosenthal-vintage-secondhand-gebraucht-schweiz.jpg","width":800,"height":800,"caption":"Kaffee- und Kuchen Service 'Flash' von Dorothy Hafner f\u00fcr Rosenthal"},{"@type":"BreadcrumbList","@id":"https:\/\/kurato.ch\/product\/kaffee-und-kuchen-service-flash-von-dorothy-hafner-fuer-rosenthal\/#breadcrumb","itemListElement":[{"@type":"ListItem","position":1,"name":"Home","item":"https:\/\/kurato.ch\/"},{"@type":"ListItem","position":2,"name":"Neuheiten","item":"https:\/\/kurato.ch\/neuheiten\/"},{"@type":"ListItem","position":3,"name":"Kaffee- und Kuchen Service &#8216;Flash&#8217; von Dorothy Hafner f\u00fcr Rosenthal"}]},{"@type":"WebSite","@id":"https:\/\/kurato.ch\/#website","url":"https:\/\/kurato.ch\/","name":"Meubles vintage &amp; d\u00e9coration I Kurato","description":"Meubles vintage &amp; d\u00e9coration I Kurato","publisher":{"@id":"https:\/\/kurato.ch\/#organization"},"potentialAction":[{"@type":"SearchAction","target":{"@type":"EntryPoint","urlTemplate":"https:\/\/kurato.ch\/?s={search_term_string}"},"query-input":{"@type":"PropertyValueSpecification","valueRequired":true,"valueName":"search_term_string"}}],"inLanguage":"fr-FR"},{"@type":"Organization","@id":"https:\/\/kurato.ch\/#organization","name":"Kurato.","url":"https:\/\/kurato.ch\/","logo":{"@type":"ImageObject","inLanguage":"fr-FR","@id":"https:\/\/kurato.ch\/#\/schema\/logo\/image\/","url":"","contentUrl":"","caption":"Kurato."},"image":{"@id":"https:\/\/kurato.ch\/#\/schema\/logo\/image\/"},"sameAs":["https:\/\/www.facebook.com\/kuratoswitzerland","https:\/\/www.instagram.com\/kurato.ch\/","https:\/\/www.pinterest.ch\/kurato_ch\/_created\/"]}]}},"_links":{"self":[{"href":"https:\/\/kurato.ch\/fr\/wp-json\/wp\/v2\/product\/31785","targetHints":{"allow":["GET"]}}],"collection":[{"href":"https:\/\/kurato.ch\/fr\/wp-json\/wp\/v2\/product"}],"about":[{"href":"https:\/\/kurato.ch\/fr\/wp-json\/wp\/v2\/types\/product"}],"wp:featuredmedia":[{"embeddable":true,"href":"https:\/\/kurato.ch\/fr\/wp-json\/wp\/v2\/media\/31808"}],"wp:attachment":[{"href":"https:\/\/kurato.ch\/fr\/wp-json\/wp\/v2\/media?parent=31785"}],"wp:term":[{"taxonomy":"product_brand","embeddable":true,"href":"https:\/\/kurato.ch\/fr\/wp-json\/wp\/v2\/product_brand?post=31785"},{"taxonomy":"product_cat","embeddable":true,"href":"https:\/\/kurato.ch\/fr\/wp-json\/wp\/v2\/product_cat?post=31785"},{"taxonomy":"product_tag","embeddable":true,"href":"https:\/\/kurato.ch\/fr\/wp-json\/wp\/v2\/product_tag?post=31785"}],"curies":[{"name":"wp","href":"https:\/\/api.w.org\/{rel}","templated":true}]}}