{"id":32477,"date":"2022-05-19T20:33:07","date_gmt":"2022-05-19T18:33:07","guid":{"rendered":"https:\/\/kurato.ch\/?post_type=product&#038;p=32477"},"modified":"2022-05-19T20:33:08","modified_gmt":"2022-05-19T18:33:08","slug":"grosser-henkelkrug-von-gustav-spoerri-fuer-philips","status":"publish","type":"product","link":"https:\/\/kurato.ch\/fr\/product\/grosser-henkelkrug-von-gustav-spoerri-fuer-philips\/","title":{"rendered":"Grand pichet \u00e0 anse de Gustav Sp\u00f6rri pour Philips"},"content":{"rendered":"<p>La cruche \u00e9tait une commande r\u00e9alis\u00e9e par Gustav Sp\u00f6rri vers 1960 pour le fabricant de mat\u00e9riel \u00e9lectrique Philips. Elle montre l'\u00e9lectricit\u00e9 comme art\u00e8re vitale de tous les diff\u00e9rents courants artistiques.<br \/>Le pichet est en tr\u00e8s bon \u00e9tat avec seulement une petite zone rugueuse sur le bord sup\u00e9rieur.<\/p>","protected":false},"excerpt":{"rendered":"<p>Der Krug war eine Auftragsarbeit, die Gustav Sp\u00f6rri um 1960 f\u00fcr den Elektrohersteller Philips ausf\u00fchrte. Es zeigt die Elektrizit\u00e4t als Lebensader aller verschiedenen k\u00fcnstlerischen Richtungen.Der Krug ist in einem sehr guten Zustand mit lediglich einer kleinen rauen Stelle am oberen Rand.<\/p>","protected":false},"featured_media":32497,"template":"","meta":{"_acf_changed":false,"site-sidebar-layout":"default","site-content-layout":"","ast-site-content-layout":"default","site-content-style":"default","site-sidebar-style":"default","ast-global-header-display":"","ast-banner-title-visibility":"","ast-main-header-display":"","ast-hfb-above-header-display":"","ast-hfb-below-header-display":"","ast-hfb-mobile-header-display":"","site-post-title":"","ast-breadcrumbs-content":"","ast-featured-img":"","footer-sml-layout":"","ast-disable-related-posts":"","theme-transparent-header-meta":"","adv-header-id-meta":"","stick-header-meta":"","header-above-stick-meta":"","header-main-stick-meta":"","header-below-stick-meta":"","astra-migrate-meta-layouts":"default","ast-page-background-enabled":"default","ast-page-background-meta":{"desktop":{"background-color":"","background-image":"","background-repeat":"repeat","background-position":"center center","background-size":"auto","background-attachment":"scroll","background-type":"","background-media":"","overlay-type":"","overlay-color":"","overlay-opacity":"","overlay-gradient":""},"tablet":{"background-color":"","background-image":"","background-repeat":"repeat","background-position":"center center","background-size":"auto","background-attachment":"scroll","background-type":"","background-media":"","overlay-type":"","overlay-color":"","overlay-opacity":"","overlay-gradient":""},"mobile":{"background-color":"","background-image":"","background-repeat":"repeat","background-position":"center center","background-size":"auto","background-attachment":"scroll","background-type":"","background-media":"","overlay-type":"","overlay-color":"","overlay-opacity":"","overlay-gradient":""}},"ast-content-background-meta":{"desktop":{"background-color":"var(--ast-global-color-5)","background-image":"","background-repeat":"repeat","background-position":"center center","background-size":"auto","background-attachment":"scroll","background-type":"","background-media":"","overlay-type":"","overlay-color":"","overlay-opacity":"","overlay-gradient":""},"tablet":{"background-color":"var(--ast-global-color-5)","background-image":"","background-repeat":"repeat","background-position":"center center","background-size":"auto","background-attachment":"scroll","background-type":"","background-media":"","overlay-type":"","overlay-color":"","overlay-opacity":"","overlay-gradient":""},"mobile":{"background-color":"var(--ast-global-color-5)","background-image":"","background-repeat":"repeat","background-position":"center center","background-size":"auto","background-attachment":"scroll","background-type":"","background-media":"","overlay-type":"","overlay-color":"","overlay-opacity":"","overlay-gradient":""}}},"product_brand":[],"product_cat":[90],"product_tag":[],"class_list":{"0":"post-32477","1":"product","2":"type-product","3":"status-publish","4":"has-post-thumbnail","6":"product_cat-vintage-vasen-keramik","7":"pa_designer-spoerri-gustav","8":"pa_farbe-mehrfarbig","9":"pa_material-keramik","10":"pa_standort-mittelland","11":"pa_stil-vintage","12":"desktop-align-left","13":"tablet-align-left","14":"mobile-align-left","16":"first","17":"instock","18":"sold-individually","19":"shipping-taxable","20":"purchasable","21":"product-type-simple"},"acf":[],"yoast_head":"<!-- This site is optimized with the Yoast SEO plugin v27.3 - https:\/\/yoast.com\/product\/yoast-seo-wordpress\/ -->\n<title>Grosser Henkelkrug von Gustav Sp\u00f6rri f\u00fcr Philips | Vintage M\u00f6bel kaufen auf KURATO.CH<\/title>\n<meta name=\"description\" content=\"Entdecke Vintage M\u00f6bel &amp; Dekoration \u27a4 Grosser Henkelkrug von Gustav Sp\u00f6rri f\u00fcr Philips auf Kurato. \u2713Lieferung Schweiz \u271314-Tage R\u00fcckgabe \u2713Secondhand Unikat\" \/>\n<meta name=\"robots\" content=\"index, follow, max-snippet:-1, max-image-preview:large, max-video-preview:-1\" \/>\n<link rel=\"canonical\" href=\"https:\/\/kurato.ch\/fr\/product\/grosser-henkelkrug-von-gustav-spoerri-fuer-philips\/\" \/>\n<meta property=\"og:locale\" content=\"fr_FR\" \/>\n<meta property=\"og:type\" content=\"article\" \/>\n<meta property=\"og:title\" content=\"Grosser Henkelkrug von Gustav Sp\u00f6rri f\u00fcr Philips | Vintage M\u00f6bel kaufen auf KURATO.CH\" \/>\n<meta property=\"og:description\" content=\"Entdecke Vintage M\u00f6bel &amp; Dekoration \u27a4 Grosser Henkelkrug von Gustav Sp\u00f6rri f\u00fcr Philips auf Kurato. \u2713Lieferung Schweiz \u271314-Tage R\u00fcckgabe \u2713Secondhand Unikat\" \/>\n<meta property=\"og:url\" content=\"https:\/\/kurato.ch\/fr\/product\/grosser-henkelkrug-von-gustav-spoerri-fuer-philips\/\" \/>\n<meta property=\"og:site_name\" content=\"Vintage M\u00f6bel &amp; Dekoration I Kurato\" \/>\n<meta property=\"article:publisher\" content=\"https:\/\/www.facebook.com\/kuratoswitzerland\" \/>\n<meta property=\"article:modified_time\" content=\"2022-05-19T18:33:08+00:00\" \/>\n<meta property=\"og:image\" content=\"https:\/\/kurato.ch\/wp-content\/uploads\/2022\/05\/Grosser-Henkelkrug-Gustav-Spo\u0308rri-Philips-vintage-secondhand-gebraucht-schweiz3jpg.jpg\" \/>\n\t<meta property=\"og:image:width\" content=\"800\" \/>\n\t<meta property=\"og:image:height\" content=\"800\" \/>\n\t<meta property=\"og:image:type\" content=\"image\/jpeg\" \/>\n<script type=\"application\/ld+json\" class=\"yoast-schema-graph\">{\"@context\":\"https:\\\/\\\/schema.org\",\"@graph\":[{\"@type\":\"WebPage\",\"@id\":\"https:\\\/\\\/kurato.ch\\\/product\\\/grosser-henkelkrug-von-gustav-spoerri-fuer-philips\\\/\",\"url\":\"https:\\\/\\\/kurato.ch\\\/product\\\/grosser-henkelkrug-von-gustav-spoerri-fuer-philips\\\/\",\"name\":\"Grosser Henkelkrug von Gustav Sp\u00f6rri f\u00fcr Philips | Vintage M\u00f6bel kaufen auf KURATO.CH\",\"isPartOf\":{\"@id\":\"https:\\\/\\\/kurato.ch\\\/#website\"},\"primaryImageOfPage\":{\"@id\":\"https:\\\/\\\/kurato.ch\\\/product\\\/grosser-henkelkrug-von-gustav-spoerri-fuer-philips\\\/#primaryimage\"},\"image\":{\"@id\":\"https:\\\/\\\/kurato.ch\\\/product\\\/grosser-henkelkrug-von-gustav-spoerri-fuer-philips\\\/#primaryimage\"},\"thumbnailUrl\":\"https:\\\/\\\/kurato.ch\\\/wp-content\\\/uploads\\\/2022\\\/05\\\/Grosser-Henkelkrug-Gustav-Spo\u0308rri-Philips-vintage-secondhand-gebraucht-schweiz3jpg.jpg\",\"datePublished\":\"2022-05-19T18:33:07+00:00\",\"dateModified\":\"2022-05-19T18:33:08+00:00\",\"description\":\"Entdecke Vintage M\u00f6bel & Dekoration \u27a4 Grosser Henkelkrug von Gustav Sp\u00f6rri f\u00fcr Philips auf Kurato. \u2713Lieferung Schweiz \u271314-Tage R\u00fcckgabe \u2713Secondhand Unikat\",\"breadcrumb\":{\"@id\":\"https:\\\/\\\/kurato.ch\\\/product\\\/grosser-henkelkrug-von-gustav-spoerri-fuer-philips\\\/#breadcrumb\"},\"inLanguage\":\"fr-FR\",\"potentialAction\":[{\"@type\":\"ReadAction\",\"target\":[\"https:\\\/\\\/kurato.ch\\\/product\\\/grosser-henkelkrug-von-gustav-spoerri-fuer-philips\\\/\"]}]},{\"@type\":\"ImageObject\",\"inLanguage\":\"fr-FR\",\"@id\":\"https:\\\/\\\/kurato.ch\\\/product\\\/grosser-henkelkrug-von-gustav-spoerri-fuer-philips\\\/#primaryimage\",\"url\":\"https:\\\/\\\/kurato.ch\\\/wp-content\\\/uploads\\\/2022\\\/05\\\/Grosser-Henkelkrug-Gustav-Spo\u0308rri-Philips-vintage-secondhand-gebraucht-schweiz3jpg.jpg\",\"contentUrl\":\"https:\\\/\\\/kurato.ch\\\/wp-content\\\/uploads\\\/2022\\\/05\\\/Grosser-Henkelkrug-Gustav-Spo\u0308rri-Philips-vintage-secondhand-gebraucht-schweiz3jpg.jpg\",\"width\":800,\"height\":800,\"caption\":\"Grosser Henkelkrug von Gustav Sp\u00f6rri f\u00fcr Philips\"},{\"@type\":\"BreadcrumbList\",\"@id\":\"https:\\\/\\\/kurato.ch\\\/product\\\/grosser-henkelkrug-von-gustav-spoerri-fuer-philips\\\/#breadcrumb\",\"itemListElement\":[{\"@type\":\"ListItem\",\"position\":1,\"name\":\"Home\",\"item\":\"https:\\\/\\\/kurato.ch\\\/\"},{\"@type\":\"ListItem\",\"position\":2,\"name\":\"Neuheiten\",\"item\":\"https:\\\/\\\/kurato.ch\\\/neuheiten\\\/\"},{\"@type\":\"ListItem\",\"position\":3,\"name\":\"Grosser Henkelkrug von Gustav Sp\u00f6rri f\u00fcr Philips\"}]},{\"@type\":\"WebSite\",\"@id\":\"https:\\\/\\\/kurato.ch\\\/#website\",\"url\":\"https:\\\/\\\/kurato.ch\\\/\",\"name\":\"Vintage M\u00f6bel &amp; Dekoration I Kurato\",\"description\":\"Vintage M\u00f6bel &amp; Dekoration I Kurato\",\"publisher\":{\"@id\":\"https:\\\/\\\/kurato.ch\\\/#organization\"},\"potentialAction\":[{\"@type\":\"SearchAction\",\"target\":{\"@type\":\"EntryPoint\",\"urlTemplate\":\"https:\\\/\\\/kurato.ch\\\/?s={search_term_string}\"},\"query-input\":{\"@type\":\"PropertyValueSpecification\",\"valueRequired\":true,\"valueName\":\"search_term_string\"}}],\"inLanguage\":\"fr-FR\"},{\"@type\":\"Organization\",\"@id\":\"https:\\\/\\\/kurato.ch\\\/#organization\",\"name\":\"Kurato.\",\"url\":\"https:\\\/\\\/kurato.ch\\\/\",\"logo\":{\"@type\":\"ImageObject\",\"inLanguage\":\"fr-FR\",\"@id\":\"https:\\\/\\\/kurato.ch\\\/#\\\/schema\\\/logo\\\/image\\\/\",\"url\":\"\",\"contentUrl\":\"\",\"caption\":\"Kurato.\"},\"image\":{\"@id\":\"https:\\\/\\\/kurato.ch\\\/#\\\/schema\\\/logo\\\/image\\\/\"},\"sameAs\":[\"https:\\\/\\\/www.facebook.com\\\/kuratoswitzerland\",\"https:\\\/\\\/www.instagram.com\\\/kurato.ch\\\/\",\"https:\\\/\\\/www.pinterest.ch\\\/kurato_ch\\\/_created\\\/\"]}]}<\/script>\n<!-- \/ Yoast SEO plugin. -->","yoast_head_json":{"title":"Grosser Henkelkrug von Gustav Sp\u00f6rri f\u00fcr Philips | Vintage M\u00f6bel kaufen auf KURATO.CH","description":"Entdecke Vintage M\u00f6bel & Dekoration \u27a4 Grosser Henkelkrug von Gustav Sp\u00f6rri f\u00fcr Philips auf Kurato. \u2713Lieferung Schweiz \u271314-Tage R\u00fcckgabe \u2713Secondhand Unikat","robots":{"index":"index","follow":"follow","max-snippet":"max-snippet:-1","max-image-preview":"max-image-preview:large","max-video-preview":"max-video-preview:-1"},"canonical":"https:\/\/kurato.ch\/fr\/product\/grosser-henkelkrug-von-gustav-spoerri-fuer-philips\/","og_locale":"fr_FR","og_type":"article","og_title":"Grosser Henkelkrug von Gustav Sp\u00f6rri f\u00fcr Philips | Vintage M\u00f6bel kaufen auf KURATO.CH","og_description":"Entdecke Vintage M\u00f6bel & Dekoration \u27a4 Grosser Henkelkrug von Gustav Sp\u00f6rri f\u00fcr Philips auf Kurato. \u2713Lieferung Schweiz \u271314-Tage R\u00fcckgabe \u2713Secondhand Unikat","og_url":"https:\/\/kurato.ch\/fr\/product\/grosser-henkelkrug-von-gustav-spoerri-fuer-philips\/","og_site_name":"Vintage M\u00f6bel &amp; Dekoration I Kurato","article_publisher":"https:\/\/www.facebook.com\/kuratoswitzerland","article_modified_time":"2022-05-19T18:33:08+00:00","og_image":[{"width":800,"height":800,"url":"https:\/\/kurato.ch\/wp-content\/uploads\/2022\/05\/Grosser-Henkelkrug-Gustav-Spo\u0308rri-Philips-vintage-secondhand-gebraucht-schweiz3jpg.jpg","type":"image\/jpeg"}],"schema":{"@context":"https:\/\/schema.org","@graph":[{"@type":"WebPage","@id":"https:\/\/kurato.ch\/product\/grosser-henkelkrug-von-gustav-spoerri-fuer-philips\/","url":"https:\/\/kurato.ch\/product\/grosser-henkelkrug-von-gustav-spoerri-fuer-philips\/","name":"Grosser Henkelkrug von Gustav Sp\u00f6rri f\u00fcr Philips | Vintage M\u00f6bel kaufen auf KURATO.CH","isPartOf":{"@id":"https:\/\/kurato.ch\/#website"},"primaryImageOfPage":{"@id":"https:\/\/kurato.ch\/product\/grosser-henkelkrug-von-gustav-spoerri-fuer-philips\/#primaryimage"},"image":{"@id":"https:\/\/kurato.ch\/product\/grosser-henkelkrug-von-gustav-spoerri-fuer-philips\/#primaryimage"},"thumbnailUrl":"https:\/\/kurato.ch\/wp-content\/uploads\/2022\/05\/Grosser-Henkelkrug-Gustav-Spo\u0308rri-Philips-vintage-secondhand-gebraucht-schweiz3jpg.jpg","datePublished":"2022-05-19T18:33:07+00:00","dateModified":"2022-05-19T18:33:08+00:00","description":"Entdecke Vintage M\u00f6bel & Dekoration \u27a4 Grosser Henkelkrug von Gustav Sp\u00f6rri f\u00fcr Philips auf Kurato. \u2713Lieferung Schweiz \u271314-Tage R\u00fcckgabe \u2713Secondhand Unikat","breadcrumb":{"@id":"https:\/\/kurato.ch\/product\/grosser-henkelkrug-von-gustav-spoerri-fuer-philips\/#breadcrumb"},"inLanguage":"fr-FR","potentialAction":[{"@type":"ReadAction","target":["https:\/\/kurato.ch\/product\/grosser-henkelkrug-von-gustav-spoerri-fuer-philips\/"]}]},{"@type":"ImageObject","inLanguage":"fr-FR","@id":"https:\/\/kurato.ch\/product\/grosser-henkelkrug-von-gustav-spoerri-fuer-philips\/#primaryimage","url":"https:\/\/kurato.ch\/wp-content\/uploads\/2022\/05\/Grosser-Henkelkrug-Gustav-Spo\u0308rri-Philips-vintage-secondhand-gebraucht-schweiz3jpg.jpg","contentUrl":"https:\/\/kurato.ch\/wp-content\/uploads\/2022\/05\/Grosser-Henkelkrug-Gustav-Spo\u0308rri-Philips-vintage-secondhand-gebraucht-schweiz3jpg.jpg","width":800,"height":800,"caption":"Grosser Henkelkrug von Gustav Sp\u00f6rri f\u00fcr Philips"},{"@type":"BreadcrumbList","@id":"https:\/\/kurato.ch\/product\/grosser-henkelkrug-von-gustav-spoerri-fuer-philips\/#breadcrumb","itemListElement":[{"@type":"ListItem","position":1,"name":"Home","item":"https:\/\/kurato.ch\/"},{"@type":"ListItem","position":2,"name":"Neuheiten","item":"https:\/\/kurato.ch\/neuheiten\/"},{"@type":"ListItem","position":3,"name":"Grosser Henkelkrug von Gustav Sp\u00f6rri f\u00fcr Philips"}]},{"@type":"WebSite","@id":"https:\/\/kurato.ch\/#website","url":"https:\/\/kurato.ch\/","name":"Meubles vintage &amp; d\u00e9coration I Kurato","description":"Meubles vintage &amp; d\u00e9coration I Kurato","publisher":{"@id":"https:\/\/kurato.ch\/#organization"},"potentialAction":[{"@type":"SearchAction","target":{"@type":"EntryPoint","urlTemplate":"https:\/\/kurato.ch\/?s={search_term_string}"},"query-input":{"@type":"PropertyValueSpecification","valueRequired":true,"valueName":"search_term_string"}}],"inLanguage":"fr-FR"},{"@type":"Organization","@id":"https:\/\/kurato.ch\/#organization","name":"Kurato.","url":"https:\/\/kurato.ch\/","logo":{"@type":"ImageObject","inLanguage":"fr-FR","@id":"https:\/\/kurato.ch\/#\/schema\/logo\/image\/","url":"","contentUrl":"","caption":"Kurato."},"image":{"@id":"https:\/\/kurato.ch\/#\/schema\/logo\/image\/"},"sameAs":["https:\/\/www.facebook.com\/kuratoswitzerland","https:\/\/www.instagram.com\/kurato.ch\/","https:\/\/www.pinterest.ch\/kurato_ch\/_created\/"]}]}},"_links":{"self":[{"href":"https:\/\/kurato.ch\/fr\/wp-json\/wp\/v2\/product\/32477","targetHints":{"allow":["GET"]}}],"collection":[{"href":"https:\/\/kurato.ch\/fr\/wp-json\/wp\/v2\/product"}],"about":[{"href":"https:\/\/kurato.ch\/fr\/wp-json\/wp\/v2\/types\/product"}],"wp:featuredmedia":[{"embeddable":true,"href":"https:\/\/kurato.ch\/fr\/wp-json\/wp\/v2\/media\/32497"}],"wp:attachment":[{"href":"https:\/\/kurato.ch\/fr\/wp-json\/wp\/v2\/media?parent=32477"}],"wp:term":[{"taxonomy":"product_brand","embeddable":true,"href":"https:\/\/kurato.ch\/fr\/wp-json\/wp\/v2\/product_brand?post=32477"},{"taxonomy":"product_cat","embeddable":true,"href":"https:\/\/kurato.ch\/fr\/wp-json\/wp\/v2\/product_cat?post=32477"},{"taxonomy":"product_tag","embeddable":true,"href":"https:\/\/kurato.ch\/fr\/wp-json\/wp\/v2\/product_tag?post=32477"}],"curies":[{"name":"wp","href":"https:\/\/api.w.org\/{rel}","templated":true}]}}