{"id":32528,"date":"2022-05-25T08:12:24","date_gmt":"2022-05-25T06:12:24","guid":{"rendered":"https:\/\/kurato.ch\/?post_type=product&#038;p=32528"},"modified":"2022-05-25T08:12:24","modified_gmt":"2022-05-25T06:12:24","slug":"sesselpaar-victoria-albert-chair-von-ron-arad-fuer-moroso","status":"publish","type":"product","link":"https:\/\/kurato.ch\/fr\/product\/sesselpaar-victoria-albert-chair-von-ron-arad-fuer-moroso\/","title":{"rendered":"Sesselpaar &#8222;Victoria &#038; Albert&#8220; Chair von Ron Arad f\u00fcr Moroso"},"content":{"rendered":"<p>Zwei &#8222;Victoria &#038; Albert&#8220; Sessel des isrealischen Designers Ron Arad, hergestellt von Moroso. Der Name des Sessel ist angelehnt an das gleichnamige, weltweit bekannte Museum in London. <\/p>\n<p>Housse amovible Kvadrat (laine beige, laine anthracite) en parfait \u00e9tat. A retirer \u00e0 Vevey.<\/p>\n<p>Les fauteuils sont \u00e0 retirer \u00e0 Vevey ou, \u00e0 d\u00e9faut, la livraison dans toute la Suisse peut \u00eatre demand\u00e9e au service client\u00e8le de Kurato.<\/p>","protected":false},"excerpt":{"rendered":"<p>Zwei &#8222;Victoria &#038; Albert&#8220; Sessel des isrealischen Designers Ron Arad, hergestellt von Moroso. Der Name des Sessel ist angelehnt an das gleichnamige, weltweit bekannte Museum in London. Abnehmbarer Kvadrat-Bezug (beige Wolle, anthrazitfarbene Wolle) in perfektem Zustand. Abzuholen in Vevey. Die Sessel sind in Vevey abzuholen oder alternativ kann die schweizweite Lieferung beim Kundendienst von Kurato [&hellip;]<\/p>\n","protected":false},"featured_media":32535,"template":"","meta":{"_acf_changed":false,"site-sidebar-layout":"default","site-content-layout":"","ast-site-content-layout":"default","site-content-style":"default","site-sidebar-style":"default","ast-global-header-display":"","ast-banner-title-visibility":"","ast-main-header-display":"","ast-hfb-above-header-display":"","ast-hfb-below-header-display":"","ast-hfb-mobile-header-display":"","site-post-title":"","ast-breadcrumbs-content":"","ast-featured-img":"","footer-sml-layout":"","ast-disable-related-posts":"","theme-transparent-header-meta":"","adv-header-id-meta":"","stick-header-meta":"","header-above-stick-meta":"","header-main-stick-meta":"","header-below-stick-meta":"","astra-migrate-meta-layouts":"default","ast-page-background-enabled":"default","ast-page-background-meta":{"desktop":{"background-color":"","background-image":"","background-repeat":"repeat","background-position":"center center","background-size":"auto","background-attachment":"scroll","background-type":"","background-media":"","overlay-type":"","overlay-color":"","overlay-opacity":"","overlay-gradient":""},"tablet":{"background-color":"","background-image":"","background-repeat":"repeat","background-position":"center center","background-size":"auto","background-attachment":"scroll","background-type":"","background-media":"","overlay-type":"","overlay-color":"","overlay-opacity":"","overlay-gradient":""},"mobile":{"background-color":"","background-image":"","background-repeat":"repeat","background-position":"center center","background-size":"auto","background-attachment":"scroll","background-type":"","background-media":"","overlay-type":"","overlay-color":"","overlay-opacity":"","overlay-gradient":""}},"ast-content-background-meta":{"desktop":{"background-color":"var(--ast-global-color-5)","background-image":"","background-repeat":"repeat","background-position":"center center","background-size":"auto","background-attachment":"scroll","background-type":"","background-media":"","overlay-type":"","overlay-color":"","overlay-opacity":"","overlay-gradient":""},"tablet":{"background-color":"var(--ast-global-color-5)","background-image":"","background-repeat":"repeat","background-position":"center center","background-size":"auto","background-attachment":"scroll","background-type":"","background-media":"","overlay-type":"","overlay-color":"","overlay-opacity":"","overlay-gradient":""},"mobile":{"background-color":"var(--ast-global-color-5)","background-image":"","background-repeat":"repeat","background-position":"center center","background-size":"auto","background-attachment":"scroll","background-type":"","background-media":"","overlay-type":"","overlay-color":"","overlay-opacity":"","overlay-gradient":""}}},"product_brand":[],"product_cat":[155],"product_tag":[],"class_list":{"0":"post-32528","1":"product","2":"type-product","3":"status-publish","4":"has-post-thumbnail","6":"product_cat-vintage-sessel","7":"pa_farbe-farbebeige","8":"pa_farbe-grau","9":"pa_material-stoff","10":"pa_standort-genferseeregion","11":"pa_stil-design","12":"desktop-align-left","13":"tablet-align-left","14":"mobile-align-left","16":"first","17":"instock","18":"shipping-taxable","19":"purchasable","20":"product-type-simple"},"acf":[],"yoast_head":"<!-- This site is optimized with the Yoast SEO plugin v27.3 - https:\/\/yoast.com\/product\/yoast-seo-wordpress\/ -->\n<title>Sesselpaar &quot;Victoria &amp; Albert&quot; Chair von Ron Arad f\u00fcr Moroso | Vintage M\u00f6bel kaufen auf KURATO.CH<\/title>\n<meta name=\"description\" content=\"Entdecke Vintage M\u00f6bel &amp; Dekoration \u27a4 Sesselpaar &quot;Victoria &amp; Albert&quot; Chair von Ron Arad f\u00fcr Moroso auf Kurato. \u2713Lieferung Schweiz \u271314-Tage R\u00fcckgabe \u2713Secondhand Unikat\" \/>\n<meta name=\"robots\" content=\"index, follow, max-snippet:-1, max-image-preview:large, max-video-preview:-1\" \/>\n<link rel=\"canonical\" href=\"https:\/\/kurato.ch\/fr\/product\/sesselpaar-victoria-albert-chair-von-ron-arad-fuer-moroso\/\" \/>\n<meta property=\"og:locale\" content=\"fr_FR\" \/>\n<meta property=\"og:type\" content=\"article\" \/>\n<meta property=\"og:title\" content=\"Sesselpaar &quot;Victoria &amp; Albert&quot; Chair von Ron Arad f\u00fcr Moroso | Vintage M\u00f6bel kaufen auf KURATO.CH\" \/>\n<meta property=\"og:description\" content=\"Entdecke Vintage M\u00f6bel &amp; Dekoration \u27a4 Sesselpaar &quot;Victoria &amp; Albert&quot; Chair von Ron Arad f\u00fcr Moroso auf Kurato. \u2713Lieferung Schweiz \u271314-Tage R\u00fcckgabe \u2713Secondhand Unikat\" \/>\n<meta property=\"og:url\" content=\"https:\/\/kurato.ch\/fr\/product\/sesselpaar-victoria-albert-chair-von-ron-arad-fuer-moroso\/\" \/>\n<meta property=\"og:site_name\" content=\"Vintage M\u00f6bel &amp; Dekoration I Kurato\" \/>\n<meta property=\"article:publisher\" content=\"https:\/\/www.facebook.com\/kuratoswitzerland\" \/>\n<meta property=\"og:image\" content=\"https:\/\/kurato.ch\/wp-content\/uploads\/2022\/05\/Sessel-Victoria-Albert-Chair-Ron-Arad-Moroso-vintage-secondhand-gebraucht-schweiz.jpg\" \/>\n\t<meta property=\"og:image:width\" content=\"800\" \/>\n\t<meta property=\"og:image:height\" content=\"800\" \/>\n\t<meta property=\"og:image:type\" content=\"image\/jpeg\" \/>\n<script type=\"application\/ld+json\" class=\"yoast-schema-graph\">{\"@context\":\"https:\\\/\\\/schema.org\",\"@graph\":[{\"@type\":\"WebPage\",\"@id\":\"https:\\\/\\\/kurato.ch\\\/product\\\/sesselpaar-victoria-albert-chair-von-ron-arad-fuer-moroso\\\/\",\"url\":\"https:\\\/\\\/kurato.ch\\\/product\\\/sesselpaar-victoria-albert-chair-von-ron-arad-fuer-moroso\\\/\",\"name\":\"Sesselpaar \\\"Victoria & Albert\\\" Chair von Ron Arad f\u00fcr Moroso | Vintage M\u00f6bel kaufen auf KURATO.CH\",\"isPartOf\":{\"@id\":\"https:\\\/\\\/kurato.ch\\\/#website\"},\"primaryImageOfPage\":{\"@id\":\"https:\\\/\\\/kurato.ch\\\/product\\\/sesselpaar-victoria-albert-chair-von-ron-arad-fuer-moroso\\\/#primaryimage\"},\"image\":{\"@id\":\"https:\\\/\\\/kurato.ch\\\/product\\\/sesselpaar-victoria-albert-chair-von-ron-arad-fuer-moroso\\\/#primaryimage\"},\"thumbnailUrl\":\"https:\\\/\\\/kurato.ch\\\/wp-content\\\/uploads\\\/2022\\\/05\\\/Sessel-Victoria-Albert-Chair-Ron-Arad-Moroso-vintage-secondhand-gebraucht-schweiz.jpg\",\"datePublished\":\"2022-05-25T06:12:24+00:00\",\"description\":\"Entdecke Vintage M\u00f6bel & Dekoration \u27a4 Sesselpaar \\\"Victoria & Albert\\\" Chair von Ron Arad f\u00fcr Moroso auf Kurato. \u2713Lieferung Schweiz \u271314-Tage R\u00fcckgabe \u2713Secondhand Unikat\",\"breadcrumb\":{\"@id\":\"https:\\\/\\\/kurato.ch\\\/product\\\/sesselpaar-victoria-albert-chair-von-ron-arad-fuer-moroso\\\/#breadcrumb\"},\"inLanguage\":\"fr-FR\",\"potentialAction\":[{\"@type\":\"ReadAction\",\"target\":[\"https:\\\/\\\/kurato.ch\\\/product\\\/sesselpaar-victoria-albert-chair-von-ron-arad-fuer-moroso\\\/\"]}]},{\"@type\":\"ImageObject\",\"inLanguage\":\"fr-FR\",\"@id\":\"https:\\\/\\\/kurato.ch\\\/product\\\/sesselpaar-victoria-albert-chair-von-ron-arad-fuer-moroso\\\/#primaryimage\",\"url\":\"https:\\\/\\\/kurato.ch\\\/wp-content\\\/uploads\\\/2022\\\/05\\\/Sessel-Victoria-Albert-Chair-Ron-Arad-Moroso-vintage-secondhand-gebraucht-schweiz.jpg\",\"contentUrl\":\"https:\\\/\\\/kurato.ch\\\/wp-content\\\/uploads\\\/2022\\\/05\\\/Sessel-Victoria-Albert-Chair-Ron-Arad-Moroso-vintage-secondhand-gebraucht-schweiz.jpg\",\"width\":800,\"height\":800,\"caption\":\"Sesselpaar \\\"Victoria & Albert\\\" Chair von Ron Arad f\u00fcr Moroso\"},{\"@type\":\"BreadcrumbList\",\"@id\":\"https:\\\/\\\/kurato.ch\\\/product\\\/sesselpaar-victoria-albert-chair-von-ron-arad-fuer-moroso\\\/#breadcrumb\",\"itemListElement\":[{\"@type\":\"ListItem\",\"position\":1,\"name\":\"Home\",\"item\":\"https:\\\/\\\/kurato.ch\\\/\"},{\"@type\":\"ListItem\",\"position\":2,\"name\":\"Neuheiten\",\"item\":\"https:\\\/\\\/kurato.ch\\\/neuheiten\\\/\"},{\"@type\":\"ListItem\",\"position\":3,\"name\":\"Sesselpaar &#8220;Victoria &#038; Albert&#8221; Chair von Ron Arad f\u00fcr Moroso\"}]},{\"@type\":\"WebSite\",\"@id\":\"https:\\\/\\\/kurato.ch\\\/#website\",\"url\":\"https:\\\/\\\/kurato.ch\\\/\",\"name\":\"Vintage M\u00f6bel &amp; Dekoration I Kurato\",\"description\":\"Vintage M\u00f6bel &amp; Dekoration I Kurato\",\"publisher\":{\"@id\":\"https:\\\/\\\/kurato.ch\\\/#organization\"},\"potentialAction\":[{\"@type\":\"SearchAction\",\"target\":{\"@type\":\"EntryPoint\",\"urlTemplate\":\"https:\\\/\\\/kurato.ch\\\/?s={search_term_string}\"},\"query-input\":{\"@type\":\"PropertyValueSpecification\",\"valueRequired\":true,\"valueName\":\"search_term_string\"}}],\"inLanguage\":\"fr-FR\"},{\"@type\":\"Organization\",\"@id\":\"https:\\\/\\\/kurato.ch\\\/#organization\",\"name\":\"Kurato.\",\"url\":\"https:\\\/\\\/kurato.ch\\\/\",\"logo\":{\"@type\":\"ImageObject\",\"inLanguage\":\"fr-FR\",\"@id\":\"https:\\\/\\\/kurato.ch\\\/#\\\/schema\\\/logo\\\/image\\\/\",\"url\":\"\",\"contentUrl\":\"\",\"caption\":\"Kurato.\"},\"image\":{\"@id\":\"https:\\\/\\\/kurato.ch\\\/#\\\/schema\\\/logo\\\/image\\\/\"},\"sameAs\":[\"https:\\\/\\\/www.facebook.com\\\/kuratoswitzerland\",\"https:\\\/\\\/www.instagram.com\\\/kurato.ch\\\/\",\"https:\\\/\\\/www.pinterest.ch\\\/kurato_ch\\\/_created\\\/\"]}]}<\/script>\n<!-- \/ Yoast SEO plugin. -->","yoast_head_json":{"title":"Sesselpaar \"Victoria & Albert\" Chair von Ron Arad f\u00fcr Moroso | Vintage M\u00f6bel kaufen auf KURATO.CH","description":"Entdecke Vintage M\u00f6bel & Dekoration \u27a4 Sesselpaar \"Victoria & Albert\" Chair von Ron Arad f\u00fcr Moroso auf Kurato. \u2713Lieferung Schweiz \u271314-Tage R\u00fcckgabe \u2713Secondhand Unikat","robots":{"index":"index","follow":"follow","max-snippet":"max-snippet:-1","max-image-preview":"max-image-preview:large","max-video-preview":"max-video-preview:-1"},"canonical":"https:\/\/kurato.ch\/fr\/product\/sesselpaar-victoria-albert-chair-von-ron-arad-fuer-moroso\/","og_locale":"fr_FR","og_type":"article","og_title":"Sesselpaar \"Victoria & Albert\" Chair von Ron Arad f\u00fcr Moroso | Vintage M\u00f6bel kaufen auf KURATO.CH","og_description":"Entdecke Vintage M\u00f6bel & Dekoration \u27a4 Sesselpaar \"Victoria & Albert\" Chair von Ron Arad f\u00fcr Moroso auf Kurato. \u2713Lieferung Schweiz \u271314-Tage R\u00fcckgabe \u2713Secondhand Unikat","og_url":"https:\/\/kurato.ch\/fr\/product\/sesselpaar-victoria-albert-chair-von-ron-arad-fuer-moroso\/","og_site_name":"Vintage M\u00f6bel &amp; Dekoration I Kurato","article_publisher":"https:\/\/www.facebook.com\/kuratoswitzerland","og_image":[{"width":800,"height":800,"url":"https:\/\/kurato.ch\/wp-content\/uploads\/2022\/05\/Sessel-Victoria-Albert-Chair-Ron-Arad-Moroso-vintage-secondhand-gebraucht-schweiz.jpg","type":"image\/jpeg"}],"schema":{"@context":"https:\/\/schema.org","@graph":[{"@type":"WebPage","@id":"https:\/\/kurato.ch\/product\/sesselpaar-victoria-albert-chair-von-ron-arad-fuer-moroso\/","url":"https:\/\/kurato.ch\/product\/sesselpaar-victoria-albert-chair-von-ron-arad-fuer-moroso\/","name":"Sesselpaar \"Victoria & Albert\" Chair von Ron Arad f\u00fcr Moroso | Vintage M\u00f6bel kaufen auf KURATO.CH","isPartOf":{"@id":"https:\/\/kurato.ch\/#website"},"primaryImageOfPage":{"@id":"https:\/\/kurato.ch\/product\/sesselpaar-victoria-albert-chair-von-ron-arad-fuer-moroso\/#primaryimage"},"image":{"@id":"https:\/\/kurato.ch\/product\/sesselpaar-victoria-albert-chair-von-ron-arad-fuer-moroso\/#primaryimage"},"thumbnailUrl":"https:\/\/kurato.ch\/wp-content\/uploads\/2022\/05\/Sessel-Victoria-Albert-Chair-Ron-Arad-Moroso-vintage-secondhand-gebraucht-schweiz.jpg","datePublished":"2022-05-25T06:12:24+00:00","description":"Entdecke Vintage M\u00f6bel & Dekoration \u27a4 Sesselpaar \"Victoria & Albert\" Chair von Ron Arad f\u00fcr Moroso auf Kurato. \u2713Lieferung Schweiz \u271314-Tage R\u00fcckgabe \u2713Secondhand Unikat","breadcrumb":{"@id":"https:\/\/kurato.ch\/product\/sesselpaar-victoria-albert-chair-von-ron-arad-fuer-moroso\/#breadcrumb"},"inLanguage":"fr-FR","potentialAction":[{"@type":"ReadAction","target":["https:\/\/kurato.ch\/product\/sesselpaar-victoria-albert-chair-von-ron-arad-fuer-moroso\/"]}]},{"@type":"ImageObject","inLanguage":"fr-FR","@id":"https:\/\/kurato.ch\/product\/sesselpaar-victoria-albert-chair-von-ron-arad-fuer-moroso\/#primaryimage","url":"https:\/\/kurato.ch\/wp-content\/uploads\/2022\/05\/Sessel-Victoria-Albert-Chair-Ron-Arad-Moroso-vintage-secondhand-gebraucht-schweiz.jpg","contentUrl":"https:\/\/kurato.ch\/wp-content\/uploads\/2022\/05\/Sessel-Victoria-Albert-Chair-Ron-Arad-Moroso-vintage-secondhand-gebraucht-schweiz.jpg","width":800,"height":800,"caption":"Sesselpaar \"Victoria & Albert\" Chair von Ron Arad f\u00fcr Moroso"},{"@type":"BreadcrumbList","@id":"https:\/\/kurato.ch\/product\/sesselpaar-victoria-albert-chair-von-ron-arad-fuer-moroso\/#breadcrumb","itemListElement":[{"@type":"ListItem","position":1,"name":"Home","item":"https:\/\/kurato.ch\/"},{"@type":"ListItem","position":2,"name":"Neuheiten","item":"https:\/\/kurato.ch\/neuheiten\/"},{"@type":"ListItem","position":3,"name":"Sesselpaar &#8220;Victoria &#038; Albert&#8221; Chair von Ron Arad f\u00fcr Moroso"}]},{"@type":"WebSite","@id":"https:\/\/kurato.ch\/#website","url":"https:\/\/kurato.ch\/","name":"Meubles vintage &amp; d\u00e9coration I Kurato","description":"Meubles vintage &amp; d\u00e9coration I Kurato","publisher":{"@id":"https:\/\/kurato.ch\/#organization"},"potentialAction":[{"@type":"SearchAction","target":{"@type":"EntryPoint","urlTemplate":"https:\/\/kurato.ch\/?s={search_term_string}"},"query-input":{"@type":"PropertyValueSpecification","valueRequired":true,"valueName":"search_term_string"}}],"inLanguage":"fr-FR"},{"@type":"Organization","@id":"https:\/\/kurato.ch\/#organization","name":"Kurato.","url":"https:\/\/kurato.ch\/","logo":{"@type":"ImageObject","inLanguage":"fr-FR","@id":"https:\/\/kurato.ch\/#\/schema\/logo\/image\/","url":"","contentUrl":"","caption":"Kurato."},"image":{"@id":"https:\/\/kurato.ch\/#\/schema\/logo\/image\/"},"sameAs":["https:\/\/www.facebook.com\/kuratoswitzerland","https:\/\/www.instagram.com\/kurato.ch\/","https:\/\/www.pinterest.ch\/kurato_ch\/_created\/"]}]}},"_links":{"self":[{"href":"https:\/\/kurato.ch\/fr\/wp-json\/wp\/v2\/product\/32528","targetHints":{"allow":["GET"]}}],"collection":[{"href":"https:\/\/kurato.ch\/fr\/wp-json\/wp\/v2\/product"}],"about":[{"href":"https:\/\/kurato.ch\/fr\/wp-json\/wp\/v2\/types\/product"}],"wp:featuredmedia":[{"embeddable":true,"href":"https:\/\/kurato.ch\/fr\/wp-json\/wp\/v2\/media\/32535"}],"wp:attachment":[{"href":"https:\/\/kurato.ch\/fr\/wp-json\/wp\/v2\/media?parent=32528"}],"wp:term":[{"taxonomy":"product_brand","embeddable":true,"href":"https:\/\/kurato.ch\/fr\/wp-json\/wp\/v2\/product_brand?post=32528"},{"taxonomy":"product_cat","embeddable":true,"href":"https:\/\/kurato.ch\/fr\/wp-json\/wp\/v2\/product_cat?post=32528"},{"taxonomy":"product_tag","embeddable":true,"href":"https:\/\/kurato.ch\/fr\/wp-json\/wp\/v2\/product_tag?post=32528"}],"curies":[{"name":"wp","href":"https:\/\/api.w.org\/{rel}","templated":true}]}}