{"id":33274,"date":"2022-07-04T12:07:45","date_gmt":"2022-07-04T10:07:45","guid":{"rendered":"https:\/\/kurato.ch\/?post_type=product&#038;p=33274"},"modified":"2022-07-08T13:06:04","modified_gmt":"2022-07-08T11:06:04","slug":"ausziehbarer-esstisch-prora-von-bonaldo","status":"publish","type":"product","link":"https:\/\/kurato.ch\/fr\/product\/ausziehbarer-esstisch-prora-von-bonaldo\/","title":{"rendered":"Table de salle \u00e0 manger extensible Prora de Bonaldo"},"content":{"rendered":"<div class=\"e1d99g-0 sc-1ekhdwr-0 iMiaIt iRliVh\">\n<div class=\"e1d99g-0 sc-1155gfs-0 iMiaIt iOSSyT r2utrp-0 bwzgRT\">\n<div class=\"ynv4wz-0 iCefjb\">\n<div class=\"sc-6e4tgm-0 jiLXjg\">\n<p>Bonaldo Prora, marque italienne<\/p>\n<p>Table fixe ou extensible avec structure et base centrale en m\u00e9tal peint. Plateau en cristal. La table est fortement caract\u00e9ris\u00e9e par la base dont les pieds rappellent la forme de la proue d'un navire.<\/p>\n<p>Achet\u00e9e il y a une ann\u00e9e 1\/2 et quasiment inutilis\u00e9e, elle est en bon \u00e9tat mais comporte 3-4 griffes mineures sur le verre.<\/p>\n<\/div>\n<\/div>\n<\/div>\n<\/div>\n<div class=\"e1d99g-0 sc-1ekhdwr-0 iMiaIt iRliVh\">\n<div class=\"e1d99g-0 sc-1155gfs-0 iMiaIt cGobjj r2utrp-0 kBWZZt\"><\/div>\n<div class=\"e1d99g-0 sc-1155gfs-0 iMiaIt iOSSyT r2utrp-0 kBWZZt\">\n<div class=\"e1d99g-0 sc-1ekhdwr-0 iMiaIt iRliVh\"><br data-mce-bogus=\"1\"><\/div>\n<\/div>\n<\/div>","protected":false},"excerpt":{"rendered":"<p>Bonaldo Prora, marque italienne Table fixe ou extensible avec structure et base centrale en m\u00e9tal peint. Plateau en cristal. La table est fortement caract\u00e9ris\u00e9e par la base dont les pieds rappellent la forme de la proue d&#8217;un navire. Achet\u00e9e il y a une ann\u00e9e 1\/2 et quasiment inutilis\u00e9e, elle est en bon \u00e9tat mais comporte [&hellip;]<\/p>\n","protected":false},"featured_media":33280,"template":"","meta":{"_acf_changed":false,"site-sidebar-layout":"default","site-content-layout":"","ast-site-content-layout":"default","site-content-style":"default","site-sidebar-style":"default","ast-global-header-display":"","ast-banner-title-visibility":"","ast-main-header-display":"","ast-hfb-above-header-display":"","ast-hfb-below-header-display":"","ast-hfb-mobile-header-display":"","site-post-title":"","ast-breadcrumbs-content":"","ast-featured-img":"","footer-sml-layout":"","ast-disable-related-posts":"","theme-transparent-header-meta":"","adv-header-id-meta":"","stick-header-meta":"","header-above-stick-meta":"","header-main-stick-meta":"","header-below-stick-meta":"","astra-migrate-meta-layouts":"default","ast-page-background-enabled":"default","ast-page-background-meta":{"desktop":{"background-color":"","background-image":"","background-repeat":"repeat","background-position":"center center","background-size":"auto","background-attachment":"scroll","background-type":"","background-media":"","overlay-type":"","overlay-color":"","overlay-opacity":"","overlay-gradient":""},"tablet":{"background-color":"","background-image":"","background-repeat":"repeat","background-position":"center center","background-size":"auto","background-attachment":"scroll","background-type":"","background-media":"","overlay-type":"","overlay-color":"","overlay-opacity":"","overlay-gradient":""},"mobile":{"background-color":"","background-image":"","background-repeat":"repeat","background-position":"center center","background-size":"auto","background-attachment":"scroll","background-type":"","background-media":"","overlay-type":"","overlay-color":"","overlay-opacity":"","overlay-gradient":""}},"ast-content-background-meta":{"desktop":{"background-color":"var(--ast-global-color-5)","background-image":"","background-repeat":"repeat","background-position":"center center","background-size":"auto","background-attachment":"scroll","background-type":"","background-media":"","overlay-type":"","overlay-color":"","overlay-opacity":"","overlay-gradient":""},"tablet":{"background-color":"var(--ast-global-color-5)","background-image":"","background-repeat":"repeat","background-position":"center center","background-size":"auto","background-attachment":"scroll","background-type":"","background-media":"","overlay-type":"","overlay-color":"","overlay-opacity":"","overlay-gradient":""},"mobile":{"background-color":"var(--ast-global-color-5)","background-image":"","background-repeat":"repeat","background-position":"center center","background-size":"auto","background-attachment":"scroll","background-type":"","background-media":"","overlay-type":"","overlay-color":"","overlay-opacity":"","overlay-gradient":""}}},"product_brand":[],"product_cat":[168],"product_tag":[],"class_list":{"0":"post-33274","1":"product","2":"type-product","3":"status-publish","4":"has-post-thumbnail","6":"product_cat-vintage-esstisch","7":"pa_farbe-schwarz","8":"pa_material-metall","9":"pa_standort-mittelland","10":"pa_stil-design","11":"desktop-align-left","12":"tablet-align-left","13":"mobile-align-left","15":"first","16":"instock","17":"sold-individually","18":"shipping-taxable","19":"purchasable","20":"product-type-simple"},"acf":[],"yoast_head":"<!-- This site is optimized with the Yoast SEO plugin v27.5 - https:\/\/yoast.com\/product\/yoast-seo-wordpress\/ -->\n<title>Ausziehbarer Esstisch Prora von Bonaldo | Vintage M\u00f6bel kaufen auf KURATO.CH<\/title>\n<meta name=\"description\" content=\"Entdecke Vintage M\u00f6bel &amp; Dekoration \u27a4 Ausziehbarer Esstisch Prora von Bonaldo auf Kurato. \u2713Lieferung Schweiz \u271314-Tage R\u00fcckgabe \u2713Secondhand Unikat\" \/>\n<meta name=\"robots\" content=\"index, follow, max-snippet:-1, max-image-preview:large, max-video-preview:-1\" \/>\n<link rel=\"canonical\" href=\"https:\/\/kurato.ch\/fr\/product\/ausziehbarer-esstisch-prora-von-bonaldo\/\" \/>\n<meta property=\"og:locale\" content=\"fr_FR\" \/>\n<meta property=\"og:type\" content=\"article\" \/>\n<meta property=\"og:title\" content=\"Ausziehbarer Esstisch Prora von Bonaldo | Vintage M\u00f6bel kaufen auf KURATO.CH\" \/>\n<meta property=\"og:description\" content=\"Entdecke Vintage M\u00f6bel &amp; Dekoration \u27a4 Ausziehbarer Esstisch Prora von Bonaldo auf Kurato. \u2713Lieferung Schweiz \u271314-Tage R\u00fcckgabe \u2713Secondhand Unikat\" \/>\n<meta property=\"og:url\" content=\"https:\/\/kurato.ch\/fr\/product\/ausziehbarer-esstisch-prora-von-bonaldo\/\" \/>\n<meta property=\"og:site_name\" content=\"Vintage M\u00f6bel &amp; Dekoration I Kurato\" \/>\n<meta property=\"article:publisher\" content=\"https:\/\/www.facebook.com\/kuratoswitzerland\" \/>\n<meta property=\"article:modified_time\" content=\"2022-07-08T11:06:04+00:00\" \/>\n<meta property=\"og:image\" content=\"https:\/\/kurato.ch\/wp-content\/uploads\/2022\/07\/Ausziehbarer-Esstisch-Prora-von-Bonaldo-vintage-secondhand-gebraucht-schweiz.jpg\" \/>\n\t<meta property=\"og:image:width\" content=\"800\" \/>\n\t<meta property=\"og:image:height\" content=\"800\" \/>\n\t<meta property=\"og:image:type\" content=\"image\/jpeg\" \/>\n<script type=\"application\/ld+json\" class=\"yoast-schema-graph\">{\"@context\":\"https:\\\/\\\/schema.org\",\"@graph\":[{\"@type\":\"WebPage\",\"@id\":\"https:\\\/\\\/kurato.ch\\\/product\\\/ausziehbarer-esstisch-prora-von-bonaldo\\\/\",\"url\":\"https:\\\/\\\/kurato.ch\\\/product\\\/ausziehbarer-esstisch-prora-von-bonaldo\\\/\",\"name\":\"Ausziehbarer Esstisch Prora von Bonaldo | Vintage M\u00f6bel kaufen auf KURATO.CH\",\"isPartOf\":{\"@id\":\"https:\\\/\\\/kurato.ch\\\/#website\"},\"primaryImageOfPage\":{\"@id\":\"https:\\\/\\\/kurato.ch\\\/product\\\/ausziehbarer-esstisch-prora-von-bonaldo\\\/#primaryimage\"},\"image\":{\"@id\":\"https:\\\/\\\/kurato.ch\\\/product\\\/ausziehbarer-esstisch-prora-von-bonaldo\\\/#primaryimage\"},\"thumbnailUrl\":\"https:\\\/\\\/kurato.ch\\\/wp-content\\\/uploads\\\/2022\\\/07\\\/Ausziehbarer-Esstisch-Prora-von-Bonaldo-vintage-secondhand-gebraucht-schweiz.jpg\",\"datePublished\":\"2022-07-04T10:07:45+00:00\",\"dateModified\":\"2022-07-08T11:06:04+00:00\",\"description\":\"Entdecke Vintage M\u00f6bel & Dekoration \u27a4 Ausziehbarer Esstisch Prora von Bonaldo auf Kurato. \u2713Lieferung Schweiz \u271314-Tage R\u00fcckgabe \u2713Secondhand Unikat\",\"breadcrumb\":{\"@id\":\"https:\\\/\\\/kurato.ch\\\/product\\\/ausziehbarer-esstisch-prora-von-bonaldo\\\/#breadcrumb\"},\"inLanguage\":\"fr-FR\",\"potentialAction\":[{\"@type\":\"ReadAction\",\"target\":[\"https:\\\/\\\/kurato.ch\\\/product\\\/ausziehbarer-esstisch-prora-von-bonaldo\\\/\"]}]},{\"@type\":\"ImageObject\",\"inLanguage\":\"fr-FR\",\"@id\":\"https:\\\/\\\/kurato.ch\\\/product\\\/ausziehbarer-esstisch-prora-von-bonaldo\\\/#primaryimage\",\"url\":\"https:\\\/\\\/kurato.ch\\\/wp-content\\\/uploads\\\/2022\\\/07\\\/Ausziehbarer-Esstisch-Prora-von-Bonaldo-vintage-secondhand-gebraucht-schweiz.jpg\",\"contentUrl\":\"https:\\\/\\\/kurato.ch\\\/wp-content\\\/uploads\\\/2022\\\/07\\\/Ausziehbarer-Esstisch-Prora-von-Bonaldo-vintage-secondhand-gebraucht-schweiz.jpg\",\"width\":800,\"height\":800,\"caption\":\"Ausziehbarer Esstisch Prora von Bonaldo\"},{\"@type\":\"BreadcrumbList\",\"@id\":\"https:\\\/\\\/kurato.ch\\\/product\\\/ausziehbarer-esstisch-prora-von-bonaldo\\\/#breadcrumb\",\"itemListElement\":[{\"@type\":\"ListItem\",\"position\":1,\"name\":\"Home\",\"item\":\"https:\\\/\\\/kurato.ch\\\/\"},{\"@type\":\"ListItem\",\"position\":2,\"name\":\"Neuheiten\",\"item\":\"https:\\\/\\\/kurato.ch\\\/neuheiten\\\/\"},{\"@type\":\"ListItem\",\"position\":3,\"name\":\"Ausziehbarer Esstisch Prora von Bonaldo\"}]},{\"@type\":\"WebSite\",\"@id\":\"https:\\\/\\\/kurato.ch\\\/#website\",\"url\":\"https:\\\/\\\/kurato.ch\\\/\",\"name\":\"Vintage M\u00f6bel &amp; Dekoration I Kurato\",\"description\":\"Vintage M\u00f6bel &amp; Dekoration I Kurato\",\"publisher\":{\"@id\":\"https:\\\/\\\/kurato.ch\\\/#organization\"},\"potentialAction\":[{\"@type\":\"SearchAction\",\"target\":{\"@type\":\"EntryPoint\",\"urlTemplate\":\"https:\\\/\\\/kurato.ch\\\/?s={search_term_string}\"},\"query-input\":{\"@type\":\"PropertyValueSpecification\",\"valueRequired\":true,\"valueName\":\"search_term_string\"}}],\"inLanguage\":\"fr-FR\"},{\"@type\":\"Organization\",\"@id\":\"https:\\\/\\\/kurato.ch\\\/#organization\",\"name\":\"Kurato.\",\"url\":\"https:\\\/\\\/kurato.ch\\\/\",\"logo\":{\"@type\":\"ImageObject\",\"inLanguage\":\"fr-FR\",\"@id\":\"https:\\\/\\\/kurato.ch\\\/#\\\/schema\\\/logo\\\/image\\\/\",\"url\":\"\",\"contentUrl\":\"\",\"caption\":\"Kurato.\"},\"image\":{\"@id\":\"https:\\\/\\\/kurato.ch\\\/#\\\/schema\\\/logo\\\/image\\\/\"},\"sameAs\":[\"https:\\\/\\\/www.facebook.com\\\/kuratoswitzerland\",\"https:\\\/\\\/www.instagram.com\\\/kurato.ch\\\/\",\"https:\\\/\\\/www.pinterest.ch\\\/kurato_ch\\\/_created\\\/\"]}]}<\/script>\n<!-- \/ Yoast SEO plugin. -->","yoast_head_json":{"title":"Ausziehbarer Esstisch Prora von Bonaldo | Vintage M\u00f6bel kaufen auf KURATO.CH","description":"Entdecke Vintage M\u00f6bel & Dekoration \u27a4 Ausziehbarer Esstisch Prora von Bonaldo auf Kurato. \u2713Lieferung Schweiz \u271314-Tage R\u00fcckgabe \u2713Secondhand Unikat","robots":{"index":"index","follow":"follow","max-snippet":"max-snippet:-1","max-image-preview":"max-image-preview:large","max-video-preview":"max-video-preview:-1"},"canonical":"https:\/\/kurato.ch\/fr\/product\/ausziehbarer-esstisch-prora-von-bonaldo\/","og_locale":"fr_FR","og_type":"article","og_title":"Ausziehbarer Esstisch Prora von Bonaldo | Vintage M\u00f6bel kaufen auf KURATO.CH","og_description":"Entdecke Vintage M\u00f6bel & Dekoration \u27a4 Ausziehbarer Esstisch Prora von Bonaldo auf Kurato. \u2713Lieferung Schweiz \u271314-Tage R\u00fcckgabe \u2713Secondhand Unikat","og_url":"https:\/\/kurato.ch\/fr\/product\/ausziehbarer-esstisch-prora-von-bonaldo\/","og_site_name":"Vintage M\u00f6bel &amp; Dekoration I Kurato","article_publisher":"https:\/\/www.facebook.com\/kuratoswitzerland","article_modified_time":"2022-07-08T11:06:04+00:00","og_image":[{"width":800,"height":800,"url":"https:\/\/kurato.ch\/wp-content\/uploads\/2022\/07\/Ausziehbarer-Esstisch-Prora-von-Bonaldo-vintage-secondhand-gebraucht-schweiz.jpg","type":"image\/jpeg"}],"schema":{"@context":"https:\/\/schema.org","@graph":[{"@type":"WebPage","@id":"https:\/\/kurato.ch\/product\/ausziehbarer-esstisch-prora-von-bonaldo\/","url":"https:\/\/kurato.ch\/product\/ausziehbarer-esstisch-prora-von-bonaldo\/","name":"Ausziehbarer Esstisch Prora von Bonaldo | Vintage M\u00f6bel kaufen auf KURATO.CH","isPartOf":{"@id":"https:\/\/kurato.ch\/#website"},"primaryImageOfPage":{"@id":"https:\/\/kurato.ch\/product\/ausziehbarer-esstisch-prora-von-bonaldo\/#primaryimage"},"image":{"@id":"https:\/\/kurato.ch\/product\/ausziehbarer-esstisch-prora-von-bonaldo\/#primaryimage"},"thumbnailUrl":"https:\/\/kurato.ch\/wp-content\/uploads\/2022\/07\/Ausziehbarer-Esstisch-Prora-von-Bonaldo-vintage-secondhand-gebraucht-schweiz.jpg","datePublished":"2022-07-04T10:07:45+00:00","dateModified":"2022-07-08T11:06:04+00:00","description":"Entdecke Vintage M\u00f6bel & Dekoration \u27a4 Ausziehbarer Esstisch Prora von Bonaldo auf Kurato. \u2713Lieferung Schweiz \u271314-Tage R\u00fcckgabe \u2713Secondhand Unikat","breadcrumb":{"@id":"https:\/\/kurato.ch\/product\/ausziehbarer-esstisch-prora-von-bonaldo\/#breadcrumb"},"inLanguage":"fr-FR","potentialAction":[{"@type":"ReadAction","target":["https:\/\/kurato.ch\/product\/ausziehbarer-esstisch-prora-von-bonaldo\/"]}]},{"@type":"ImageObject","inLanguage":"fr-FR","@id":"https:\/\/kurato.ch\/product\/ausziehbarer-esstisch-prora-von-bonaldo\/#primaryimage","url":"https:\/\/kurato.ch\/wp-content\/uploads\/2022\/07\/Ausziehbarer-Esstisch-Prora-von-Bonaldo-vintage-secondhand-gebraucht-schweiz.jpg","contentUrl":"https:\/\/kurato.ch\/wp-content\/uploads\/2022\/07\/Ausziehbarer-Esstisch-Prora-von-Bonaldo-vintage-secondhand-gebraucht-schweiz.jpg","width":800,"height":800,"caption":"Ausziehbarer Esstisch Prora von Bonaldo"},{"@type":"BreadcrumbList","@id":"https:\/\/kurato.ch\/product\/ausziehbarer-esstisch-prora-von-bonaldo\/#breadcrumb","itemListElement":[{"@type":"ListItem","position":1,"name":"Home","item":"https:\/\/kurato.ch\/"},{"@type":"ListItem","position":2,"name":"Neuheiten","item":"https:\/\/kurato.ch\/neuheiten\/"},{"@type":"ListItem","position":3,"name":"Ausziehbarer Esstisch Prora von Bonaldo"}]},{"@type":"WebSite","@id":"https:\/\/kurato.ch\/#website","url":"https:\/\/kurato.ch\/","name":"Meubles vintage &amp; d\u00e9coration I Kurato","description":"Meubles vintage &amp; d\u00e9coration I Kurato","publisher":{"@id":"https:\/\/kurato.ch\/#organization"},"potentialAction":[{"@type":"SearchAction","target":{"@type":"EntryPoint","urlTemplate":"https:\/\/kurato.ch\/?s={search_term_string}"},"query-input":{"@type":"PropertyValueSpecification","valueRequired":true,"valueName":"search_term_string"}}],"inLanguage":"fr-FR"},{"@type":"Organization","@id":"https:\/\/kurato.ch\/#organization","name":"Kurato.","url":"https:\/\/kurato.ch\/","logo":{"@type":"ImageObject","inLanguage":"fr-FR","@id":"https:\/\/kurato.ch\/#\/schema\/logo\/image\/","url":"","contentUrl":"","caption":"Kurato."},"image":{"@id":"https:\/\/kurato.ch\/#\/schema\/logo\/image\/"},"sameAs":["https:\/\/www.facebook.com\/kuratoswitzerland","https:\/\/www.instagram.com\/kurato.ch\/","https:\/\/www.pinterest.ch\/kurato_ch\/_created\/"]}]}},"_links":{"self":[{"href":"https:\/\/kurato.ch\/fr\/wp-json\/wp\/v2\/product\/33274","targetHints":{"allow":["GET"]}}],"collection":[{"href":"https:\/\/kurato.ch\/fr\/wp-json\/wp\/v2\/product"}],"about":[{"href":"https:\/\/kurato.ch\/fr\/wp-json\/wp\/v2\/types\/product"}],"wp:featuredmedia":[{"embeddable":true,"href":"https:\/\/kurato.ch\/fr\/wp-json\/wp\/v2\/media\/33280"}],"wp:attachment":[{"href":"https:\/\/kurato.ch\/fr\/wp-json\/wp\/v2\/media?parent=33274"}],"wp:term":[{"taxonomy":"product_brand","embeddable":true,"href":"https:\/\/kurato.ch\/fr\/wp-json\/wp\/v2\/product_brand?post=33274"},{"taxonomy":"product_cat","embeddable":true,"href":"https:\/\/kurato.ch\/fr\/wp-json\/wp\/v2\/product_cat?post=33274"},{"taxonomy":"product_tag","embeddable":true,"href":"https:\/\/kurato.ch\/fr\/wp-json\/wp\/v2\/product_tag?post=33274"}],"curies":[{"name":"wp","href":"https:\/\/api.w.org\/{rel}","templated":true}]}}