{"id":33752,"date":"2022-08-09T16:23:04","date_gmt":"2022-08-09T14:23:04","guid":{"rendered":"https:\/\/kurato.ch\/?post_type=product&#038;p=33752"},"modified":"2022-09-07T16:12:33","modified_gmt":"2022-09-07T14:12:33","slug":"esstisch-von-borge-mogensen-fuer-soborg-1953","status":"publish","type":"product","link":"https:\/\/kurato.ch\/fr\/product\/esstisch-von-borge-mogensen-fuer-soborg-1953\/","title":{"rendered":"Table de salle \u00e0 manger de B\u00f8rge Mogensen pour S\u00f8borg, 1953"},"content":{"rendered":"<p>S\u00f8borg Table<br \/>\nB\u00f8rge Mogensen a con\u00e7u la table S\u00f8borg en 1953. L'\u00e9l\u00e9gance sobre de la table est renforc\u00e9e par des pieds en acier l\u00e9g\u00e8rement coniques et un r\u00e9tr\u00e9cissement du plateau. S\u00f8borg Table est une d\u00e9claration qui peut \u00eatre utilis\u00e9e aussi bien \u00e0 la maison que dans les restaurants, les h\u00f4tels et les salles d'exposition.<\/p>\n<p>Cr\u00e9ateur : B\u00f8rge Mogensen<br \/>\nFabricant : S\u00f8borg M\u00f8belfabrik<br \/>\nFabriqu\u00e9 en : Danemark<br \/>\nAnn\u00e9e de fabrication : 1953<br \/>\n\u00c9tat : Bon<br \/>\nMat\u00e9riaux : ch\u00eane, acier, teck<br \/>\nLargeur : 90 cm<br \/>\nLongueur : 176 cm<br \/>\nHauteur : 73 cm<\/p>\n<p>Biographie<br \/>\nLe designer B\u00f8rge Mogensen est n\u00e9 en 1914 \u00e0 Aalborg, au Danemark. Il a \u00e9tudi\u00e9 le design de meubles avec le prestigieux professeur Kaare Klint \u00e0 la Schoof of Arts and Crafts de Copenhague de 1936 \u00e0 1938. Il a ensuite \u00e9tudi\u00e9 \u00e0 la School of Furniture de l'Acad\u00e9mie royale des Beaux-Arts de 1938 \u00e0 1941, tout en \u00e9tant assistant de Klint. En 1942, il devient le directeur du design de la FDB - Danish Consumers Co\u00f6perative Society. En 1950, il ouvre son propre bureau de design et fait partie des quelques designers qui ont contribu\u00e9 \u00e0 d\u00e9finir et \u00e0 accro\u00eetre la popularit\u00e9 du design danois moderne.<\/p>\n<p>L'esth\u00e9tique de Morgensen \u00e9tait pure et tr\u00e8s fonctionnelle. Il avait l'ambition de cr\u00e9er des designs abordables et pratiques et pr\u00e9f\u00e9rait travailler avec du bois. Il comptait parmi ses clients Fredericia Stolefabrik, Fritz Hansen et S\u00f8borg M\u00f8belfabrik. Parmi ses projets remarquables, citons le canap\u00e9 Spokeback de 1945 et la Spanish Chair de 1959, ainsi qu'une s\u00e9lection d'\u00e9tag\u00e8res et de syst\u00e8mes de stockage. En 1950, il a re\u00e7u la m\u00e9daille Eckersberg, en 1953, il a remport\u00e9 le prix annuel de la Copenhagen Carpentry Guild et en 1972, il a re\u00e7u la m\u00e9daille C. F. Hansen.<\/p>\n<p>En 1972, Mogensen est d\u00e9c\u00e9d\u00e9 au Danemark.<\/p>","protected":false},"excerpt":{"rendered":"<p>S\u00f8borg Table B\u00f8rge Mogensen entwarf den S\u00f8borg-Tisch 1953. Die schlichte Eleganz des Tisches wird durch leicht konisch zulaufende Stahlbeine und eine Verj\u00fcngung der Tischplatte verst\u00e4rkt. S\u00f8borg Table ist ein Statement, der sowohl zu Hause als auch in Restaurants, Hotels und Ausstellungsr\u00e4umen eingesetzt werden kann. Designer: B\u00f8rge Mogensen Hersteller: S\u00f8borg M\u00f8belfabrik Hergestellt in: D\u00e4nemark Herstellungsjahr: 1953 [&hellip;]<\/p>\n","protected":false},"featured_media":33757,"template":"","meta":{"_acf_changed":false,"site-sidebar-layout":"default","site-content-layout":"default","ast-site-content-layout":"default","site-content-style":"default","site-sidebar-style":"default","ast-global-header-display":"","ast-banner-title-visibility":"","ast-main-header-display":"","ast-hfb-above-header-display":"","ast-hfb-below-header-display":"","ast-hfb-mobile-header-display":"","site-post-title":"","ast-breadcrumbs-content":"","ast-featured-img":"","footer-sml-layout":"","ast-disable-related-posts":"","theme-transparent-header-meta":"default","adv-header-id-meta":"","stick-header-meta":"default","header-above-stick-meta":"","header-main-stick-meta":"","header-below-stick-meta":"","astra-migrate-meta-layouts":"default","ast-page-background-enabled":"default","ast-page-background-meta":{"desktop":{"background-color":"","background-image":"","background-repeat":"repeat","background-position":"center center","background-size":"auto","background-attachment":"scroll","background-type":"","background-media":"","overlay-type":"","overlay-color":"","overlay-opacity":"","overlay-gradient":""},"tablet":{"background-color":"","background-image":"","background-repeat":"repeat","background-position":"center center","background-size":"auto","background-attachment":"scroll","background-type":"","background-media":"","overlay-type":"","overlay-color":"","overlay-opacity":"","overlay-gradient":""},"mobile":{"background-color":"","background-image":"","background-repeat":"repeat","background-position":"center center","background-size":"auto","background-attachment":"scroll","background-type":"","background-media":"","overlay-type":"","overlay-color":"","overlay-opacity":"","overlay-gradient":""}},"ast-content-background-meta":{"desktop":{"background-color":"var(--ast-global-color-5)","background-image":"","background-repeat":"repeat","background-position":"center center","background-size":"auto","background-attachment":"scroll","background-type":"","background-media":"","overlay-type":"","overlay-color":"","overlay-opacity":"","overlay-gradient":""},"tablet":{"background-color":"var(--ast-global-color-5)","background-image":"","background-repeat":"repeat","background-position":"center center","background-size":"auto","background-attachment":"scroll","background-type":"","background-media":"","overlay-type":"","overlay-color":"","overlay-opacity":"","overlay-gradient":""},"mobile":{"background-color":"var(--ast-global-color-5)","background-image":"","background-repeat":"repeat","background-position":"center center","background-size":"auto","background-attachment":"scroll","background-type":"","background-media":"","overlay-type":"","overlay-color":"","overlay-opacity":"","overlay-gradient":""}}},"product_brand":[],"product_cat":[168],"product_tag":[],"class_list":{"0":"post-33752","1":"product","2":"type-product","3":"status-publish","4":"has-post-thumbnail","6":"product_cat-vintage-esstisch","7":"pa_designer-mogensen-borge","8":"pa_material-holz","9":"pa_standort-zentralschweiz","10":"pa_stil-design","11":"desktop-align-left","12":"tablet-align-left","13":"mobile-align-left","15":"first","16":"instock","17":"sale","18":"sold-individually","19":"shipping-taxable","20":"purchasable","21":"product-type-simple"},"acf":[],"yoast_head":"<!-- This site is optimized with the Yoast SEO plugin v27.4 - https:\/\/yoast.com\/product\/yoast-seo-wordpress\/ -->\n<title>Esstisch von B\u00f8rge Mogensen f\u00fcr S\u00f8borg, 1953 | Vintage M\u00f6bel kaufen auf KURATO.CH<\/title>\n<meta name=\"description\" content=\"Entdecke Vintage M\u00f6bel &amp; Dekoration \u27a4 Esstisch von B\u00f8rge Mogensen f\u00fcr S\u00f8borg, 1953 auf Kurato. \u2713Lieferung Schweiz \u271314-Tage R\u00fcckgabe \u2713Secondhand Unikat\" \/>\n<meta name=\"robots\" content=\"index, follow, max-snippet:-1, max-image-preview:large, max-video-preview:-1\" \/>\n<link rel=\"canonical\" href=\"https:\/\/kurato.ch\/fr\/product\/esstisch-von-borge-mogensen-fuer-soborg-1953\/\" \/>\n<meta property=\"og:locale\" content=\"fr_FR\" \/>\n<meta property=\"og:type\" content=\"article\" \/>\n<meta property=\"og:title\" content=\"Esstisch von B\u00f8rge Mogensen f\u00fcr S\u00f8borg, 1953 | Vintage M\u00f6bel kaufen auf KURATO.CH\" \/>\n<meta property=\"og:description\" content=\"Entdecke Vintage M\u00f6bel &amp; Dekoration \u27a4 Esstisch von B\u00f8rge Mogensen f\u00fcr S\u00f8borg, 1953 auf Kurato. \u2713Lieferung Schweiz \u271314-Tage R\u00fcckgabe \u2713Secondhand Unikat\" \/>\n<meta property=\"og:url\" content=\"https:\/\/kurato.ch\/fr\/product\/esstisch-von-borge-mogensen-fuer-soborg-1953\/\" \/>\n<meta property=\"og:site_name\" content=\"Vintage M\u00f6bel &amp; Dekoration I Kurato\" \/>\n<meta property=\"article:publisher\" content=\"https:\/\/www.facebook.com\/kuratoswitzerland\" \/>\n<meta property=\"article:modified_time\" content=\"2022-09-07T14:12:33+00:00\" \/>\n<meta property=\"og:image\" content=\"https:\/\/kurato.ch\/wp-content\/uploads\/2022\/08\/Esstisch-von-Borge-Mogensen-fu\u0308r-Soborg-1953-vintage-secondhand-gebraucht-schweiz.jpg\" \/>\n\t<meta property=\"og:image:width\" content=\"800\" \/>\n\t<meta property=\"og:image:height\" content=\"800\" \/>\n\t<meta property=\"og:image:type\" content=\"image\/jpeg\" \/>\n<meta name=\"twitter:label1\" content=\"Dur\u00e9e de lecture estim\u00e9e\" \/>\n\t<meta name=\"twitter:data1\" content=\"1 minute\" \/>\n<script type=\"application\/ld+json\" class=\"yoast-schema-graph\">{\"@context\":\"https:\\\/\\\/schema.org\",\"@graph\":[{\"@type\":\"WebPage\",\"@id\":\"https:\\\/\\\/kurato.ch\\\/product\\\/esstisch-von-borge-mogensen-fuer-soborg-1953\\\/\",\"url\":\"https:\\\/\\\/kurato.ch\\\/product\\\/esstisch-von-borge-mogensen-fuer-soborg-1953\\\/\",\"name\":\"Esstisch von B\u00f8rge Mogensen f\u00fcr S\u00f8borg, 1953 | Vintage M\u00f6bel kaufen auf KURATO.CH\",\"isPartOf\":{\"@id\":\"https:\\\/\\\/kurato.ch\\\/#website\"},\"primaryImageOfPage\":{\"@id\":\"https:\\\/\\\/kurato.ch\\\/product\\\/esstisch-von-borge-mogensen-fuer-soborg-1953\\\/#primaryimage\"},\"image\":{\"@id\":\"https:\\\/\\\/kurato.ch\\\/product\\\/esstisch-von-borge-mogensen-fuer-soborg-1953\\\/#primaryimage\"},\"thumbnailUrl\":\"https:\\\/\\\/kurato.ch\\\/wp-content\\\/uploads\\\/2022\\\/08\\\/Esstisch-von-Borge-Mogensen-fu\u0308r-Soborg-1953-vintage-secondhand-gebraucht-schweiz.jpg\",\"datePublished\":\"2022-08-09T14:23:04+00:00\",\"dateModified\":\"2022-09-07T14:12:33+00:00\",\"description\":\"Entdecke Vintage M\u00f6bel & Dekoration \u27a4 Esstisch von B\u00f8rge Mogensen f\u00fcr S\u00f8borg, 1953 auf Kurato. \u2713Lieferung Schweiz \u271314-Tage R\u00fcckgabe \u2713Secondhand Unikat\",\"breadcrumb\":{\"@id\":\"https:\\\/\\\/kurato.ch\\\/product\\\/esstisch-von-borge-mogensen-fuer-soborg-1953\\\/#breadcrumb\"},\"inLanguage\":\"fr-FR\",\"potentialAction\":[{\"@type\":\"ReadAction\",\"target\":[\"https:\\\/\\\/kurato.ch\\\/product\\\/esstisch-von-borge-mogensen-fuer-soborg-1953\\\/\"]}]},{\"@type\":\"ImageObject\",\"inLanguage\":\"fr-FR\",\"@id\":\"https:\\\/\\\/kurato.ch\\\/product\\\/esstisch-von-borge-mogensen-fuer-soborg-1953\\\/#primaryimage\",\"url\":\"https:\\\/\\\/kurato.ch\\\/wp-content\\\/uploads\\\/2022\\\/08\\\/Esstisch-von-Borge-Mogensen-fu\u0308r-Soborg-1953-vintage-secondhand-gebraucht-schweiz.jpg\",\"contentUrl\":\"https:\\\/\\\/kurato.ch\\\/wp-content\\\/uploads\\\/2022\\\/08\\\/Esstisch-von-Borge-Mogensen-fu\u0308r-Soborg-1953-vintage-secondhand-gebraucht-schweiz.jpg\",\"width\":800,\"height\":800,\"caption\":\"Esstisch von B\u00f8rge Mogensen f\u00fcr S\u00f8borg, 1953\"},{\"@type\":\"BreadcrumbList\",\"@id\":\"https:\\\/\\\/kurato.ch\\\/product\\\/esstisch-von-borge-mogensen-fuer-soborg-1953\\\/#breadcrumb\",\"itemListElement\":[{\"@type\":\"ListItem\",\"position\":1,\"name\":\"Home\",\"item\":\"https:\\\/\\\/kurato.ch\\\/\"},{\"@type\":\"ListItem\",\"position\":2,\"name\":\"Neuheiten\",\"item\":\"https:\\\/\\\/kurato.ch\\\/neuheiten\\\/\"},{\"@type\":\"ListItem\",\"position\":3,\"name\":\"Esstisch von B\u00f8rge Mogensen f\u00fcr S\u00f8borg, 1953\"}]},{\"@type\":\"WebSite\",\"@id\":\"https:\\\/\\\/kurato.ch\\\/#website\",\"url\":\"https:\\\/\\\/kurato.ch\\\/\",\"name\":\"Vintage M\u00f6bel &amp; Dekoration I Kurato\",\"description\":\"Vintage M\u00f6bel &amp; Dekoration I Kurato\",\"publisher\":{\"@id\":\"https:\\\/\\\/kurato.ch\\\/#organization\"},\"potentialAction\":[{\"@type\":\"SearchAction\",\"target\":{\"@type\":\"EntryPoint\",\"urlTemplate\":\"https:\\\/\\\/kurato.ch\\\/?s={search_term_string}\"},\"query-input\":{\"@type\":\"PropertyValueSpecification\",\"valueRequired\":true,\"valueName\":\"search_term_string\"}}],\"inLanguage\":\"fr-FR\"},{\"@type\":\"Organization\",\"@id\":\"https:\\\/\\\/kurato.ch\\\/#organization\",\"name\":\"Kurato.\",\"url\":\"https:\\\/\\\/kurato.ch\\\/\",\"logo\":{\"@type\":\"ImageObject\",\"inLanguage\":\"fr-FR\",\"@id\":\"https:\\\/\\\/kurato.ch\\\/#\\\/schema\\\/logo\\\/image\\\/\",\"url\":\"\",\"contentUrl\":\"\",\"caption\":\"Kurato.\"},\"image\":{\"@id\":\"https:\\\/\\\/kurato.ch\\\/#\\\/schema\\\/logo\\\/image\\\/\"},\"sameAs\":[\"https:\\\/\\\/www.facebook.com\\\/kuratoswitzerland\",\"https:\\\/\\\/www.instagram.com\\\/kurato.ch\\\/\",\"https:\\\/\\\/www.pinterest.ch\\\/kurato_ch\\\/_created\\\/\"]}]}<\/script>\n<!-- \/ Yoast SEO plugin. -->","yoast_head_json":{"title":"Esstisch von B\u00f8rge Mogensen f\u00fcr S\u00f8borg, 1953 | Vintage M\u00f6bel kaufen auf KURATO.CH","description":"Entdecke Vintage M\u00f6bel & Dekoration \u27a4 Esstisch von B\u00f8rge Mogensen f\u00fcr S\u00f8borg, 1953 auf Kurato. \u2713Lieferung Schweiz \u271314-Tage R\u00fcckgabe \u2713Secondhand Unikat","robots":{"index":"index","follow":"follow","max-snippet":"max-snippet:-1","max-image-preview":"max-image-preview:large","max-video-preview":"max-video-preview:-1"},"canonical":"https:\/\/kurato.ch\/fr\/product\/esstisch-von-borge-mogensen-fuer-soborg-1953\/","og_locale":"fr_FR","og_type":"article","og_title":"Esstisch von B\u00f8rge Mogensen f\u00fcr S\u00f8borg, 1953 | Vintage M\u00f6bel kaufen auf KURATO.CH","og_description":"Entdecke Vintage M\u00f6bel & Dekoration \u27a4 Esstisch von B\u00f8rge Mogensen f\u00fcr S\u00f8borg, 1953 auf Kurato. \u2713Lieferung Schweiz \u271314-Tage R\u00fcckgabe \u2713Secondhand Unikat","og_url":"https:\/\/kurato.ch\/fr\/product\/esstisch-von-borge-mogensen-fuer-soborg-1953\/","og_site_name":"Vintage M\u00f6bel &amp; Dekoration I Kurato","article_publisher":"https:\/\/www.facebook.com\/kuratoswitzerland","article_modified_time":"2022-09-07T14:12:33+00:00","og_image":[{"width":800,"height":800,"url":"https:\/\/kurato.ch\/wp-content\/uploads\/2022\/08\/Esstisch-von-Borge-Mogensen-fu\u0308r-Soborg-1953-vintage-secondhand-gebraucht-schweiz.jpg","type":"image\/jpeg"}],"twitter_misc":{"Dur\u00e9e de lecture estim\u00e9e":"1 minute"},"schema":{"@context":"https:\/\/schema.org","@graph":[{"@type":"WebPage","@id":"https:\/\/kurato.ch\/product\/esstisch-von-borge-mogensen-fuer-soborg-1953\/","url":"https:\/\/kurato.ch\/product\/esstisch-von-borge-mogensen-fuer-soborg-1953\/","name":"Esstisch von B\u00f8rge Mogensen f\u00fcr S\u00f8borg, 1953 | Vintage M\u00f6bel kaufen auf KURATO.CH","isPartOf":{"@id":"https:\/\/kurato.ch\/#website"},"primaryImageOfPage":{"@id":"https:\/\/kurato.ch\/product\/esstisch-von-borge-mogensen-fuer-soborg-1953\/#primaryimage"},"image":{"@id":"https:\/\/kurato.ch\/product\/esstisch-von-borge-mogensen-fuer-soborg-1953\/#primaryimage"},"thumbnailUrl":"https:\/\/kurato.ch\/wp-content\/uploads\/2022\/08\/Esstisch-von-Borge-Mogensen-fu\u0308r-Soborg-1953-vintage-secondhand-gebraucht-schweiz.jpg","datePublished":"2022-08-09T14:23:04+00:00","dateModified":"2022-09-07T14:12:33+00:00","description":"Entdecke Vintage M\u00f6bel & Dekoration \u27a4 Esstisch von B\u00f8rge Mogensen f\u00fcr S\u00f8borg, 1953 auf Kurato. \u2713Lieferung Schweiz \u271314-Tage R\u00fcckgabe \u2713Secondhand Unikat","breadcrumb":{"@id":"https:\/\/kurato.ch\/product\/esstisch-von-borge-mogensen-fuer-soborg-1953\/#breadcrumb"},"inLanguage":"fr-FR","potentialAction":[{"@type":"ReadAction","target":["https:\/\/kurato.ch\/product\/esstisch-von-borge-mogensen-fuer-soborg-1953\/"]}]},{"@type":"ImageObject","inLanguage":"fr-FR","@id":"https:\/\/kurato.ch\/product\/esstisch-von-borge-mogensen-fuer-soborg-1953\/#primaryimage","url":"https:\/\/kurato.ch\/wp-content\/uploads\/2022\/08\/Esstisch-von-Borge-Mogensen-fu\u0308r-Soborg-1953-vintage-secondhand-gebraucht-schweiz.jpg","contentUrl":"https:\/\/kurato.ch\/wp-content\/uploads\/2022\/08\/Esstisch-von-Borge-Mogensen-fu\u0308r-Soborg-1953-vintage-secondhand-gebraucht-schweiz.jpg","width":800,"height":800,"caption":"Esstisch von B\u00f8rge Mogensen f\u00fcr S\u00f8borg, 1953"},{"@type":"BreadcrumbList","@id":"https:\/\/kurato.ch\/product\/esstisch-von-borge-mogensen-fuer-soborg-1953\/#breadcrumb","itemListElement":[{"@type":"ListItem","position":1,"name":"Home","item":"https:\/\/kurato.ch\/"},{"@type":"ListItem","position":2,"name":"Neuheiten","item":"https:\/\/kurato.ch\/neuheiten\/"},{"@type":"ListItem","position":3,"name":"Esstisch von B\u00f8rge Mogensen f\u00fcr S\u00f8borg, 1953"}]},{"@type":"WebSite","@id":"https:\/\/kurato.ch\/#website","url":"https:\/\/kurato.ch\/","name":"Meubles vintage &amp; d\u00e9coration I Kurato","description":"Meubles vintage &amp; d\u00e9coration I Kurato","publisher":{"@id":"https:\/\/kurato.ch\/#organization"},"potentialAction":[{"@type":"SearchAction","target":{"@type":"EntryPoint","urlTemplate":"https:\/\/kurato.ch\/?s={search_term_string}"},"query-input":{"@type":"PropertyValueSpecification","valueRequired":true,"valueName":"search_term_string"}}],"inLanguage":"fr-FR"},{"@type":"Organization","@id":"https:\/\/kurato.ch\/#organization","name":"Kurato.","url":"https:\/\/kurato.ch\/","logo":{"@type":"ImageObject","inLanguage":"fr-FR","@id":"https:\/\/kurato.ch\/#\/schema\/logo\/image\/","url":"","contentUrl":"","caption":"Kurato."},"image":{"@id":"https:\/\/kurato.ch\/#\/schema\/logo\/image\/"},"sameAs":["https:\/\/www.facebook.com\/kuratoswitzerland","https:\/\/www.instagram.com\/kurato.ch\/","https:\/\/www.pinterest.ch\/kurato_ch\/_created\/"]}]}},"_links":{"self":[{"href":"https:\/\/kurato.ch\/fr\/wp-json\/wp\/v2\/product\/33752","targetHints":{"allow":["GET"]}}],"collection":[{"href":"https:\/\/kurato.ch\/fr\/wp-json\/wp\/v2\/product"}],"about":[{"href":"https:\/\/kurato.ch\/fr\/wp-json\/wp\/v2\/types\/product"}],"wp:featuredmedia":[{"embeddable":true,"href":"https:\/\/kurato.ch\/fr\/wp-json\/wp\/v2\/media\/33757"}],"wp:attachment":[{"href":"https:\/\/kurato.ch\/fr\/wp-json\/wp\/v2\/media?parent=33752"}],"wp:term":[{"taxonomy":"product_brand","embeddable":true,"href":"https:\/\/kurato.ch\/fr\/wp-json\/wp\/v2\/product_brand?post=33752"},{"taxonomy":"product_cat","embeddable":true,"href":"https:\/\/kurato.ch\/fr\/wp-json\/wp\/v2\/product_cat?post=33752"},{"taxonomy":"product_tag","embeddable":true,"href":"https:\/\/kurato.ch\/fr\/wp-json\/wp\/v2\/product_tag?post=33752"}],"curies":[{"name":"wp","href":"https:\/\/api.w.org\/{rel}","templated":true}]}}