{"id":34029,"date":"2022-08-30T13:11:59","date_gmt":"2022-08-30T11:11:59","guid":{"rendered":"https:\/\/kurato.ch\/?post_type=product&#038;p=34029"},"modified":"2024-02-05T21:27:29","modified_gmt":"2024-02-05T19:27:29","slug":"sideboard-teak-arne-vodder-fuer-sebast-furniture","status":"publish","type":"product","link":"https:\/\/kurato.ch\/fr\/product\/sideboard-teak-arne-vodder-fuer-sebast-furniture\/","title":{"rendered":"Buffet en teck Arne Vodder pour Sebast Furniture"},"content":{"rendered":"<p>Buffet vintage en teck par Arne Vodder pour Sebast Furniture.<\/p>\n<p>Cet article vintage pr\u00e9sente de petits dommages (d\u00e9coupe dans le panneau arri\u00e8re) et des traces d'usure dues \u00e0 l'\u00e2ge. Les portes coulissantes peuvent \u00eatre d\u00e9plac\u00e9es, elles ont alors une finition noire.<\/p>\n<p>Masse :<br \/>Longueur : 182 cm<br \/>Profondeur : 49 cm<br \/>Hauteur : 76 cm (dont 17 pieds)<\/p>\n<p><strong>Vous souhaitez vous faire livrer l'article ?<\/strong><br \/>Pour une offre de livraison dans toute la Suisse, veuillez contacter le Kurato\u00a0<strong><a href=\"https:\/\/kurato.ch\/fr\/kontakt\/\" target=\"_blank\" rel=\"noopener\" data-mce-href=\"https:\/\/kurato.ch\/kontakt\/\">Service client\u00e8le<\/a><\/strong>\u00a0demander.<\/p>","protected":false},"excerpt":{"rendered":"<p>Vintage Sideboard aus Teak von Arne Vodder f\u00fcr Sebast Furniture. Dieser Vintage Artikel weist kleine Sch\u00e4den (Ausschnitt in R\u00fcckwand) und altersbedingte Gebrauchspuren auf. Die Schiebet\u00fcren k\u00f6nnen umgestellt werden, dann haben sie eine schwarze Oberfl\u00e4che. Masse:L\u00e4nge: 182 cmTiefe: 49 cmH\u00f6he: 76 cm (davon 17 F\u00fcsse) Du m\u00f6chtest Dir den Artikel liefern lassen?Eine Offerte f\u00fcr die schweizweite [&hellip;]<\/p>\n","protected":false},"featured_media":34042,"template":"","meta":{"_acf_changed":false,"site-sidebar-layout":"default","site-content-layout":"","ast-site-content-layout":"default","site-content-style":"default","site-sidebar-style":"default","ast-global-header-display":"","ast-banner-title-visibility":"","ast-main-header-display":"","ast-hfb-above-header-display":"","ast-hfb-below-header-display":"","ast-hfb-mobile-header-display":"","site-post-title":"","ast-breadcrumbs-content":"","ast-featured-img":"","footer-sml-layout":"","ast-disable-related-posts":"","theme-transparent-header-meta":"","adv-header-id-meta":"","stick-header-meta":"","header-above-stick-meta":"","header-main-stick-meta":"","header-below-stick-meta":"","astra-migrate-meta-layouts":"default","ast-page-background-enabled":"default","ast-page-background-meta":{"desktop":{"background-color":"","background-image":"","background-repeat":"repeat","background-position":"center center","background-size":"auto","background-attachment":"scroll","background-type":"","background-media":"","overlay-type":"","overlay-color":"","overlay-opacity":"","overlay-gradient":""},"tablet":{"background-color":"","background-image":"","background-repeat":"repeat","background-position":"center center","background-size":"auto","background-attachment":"scroll","background-type":"","background-media":"","overlay-type":"","overlay-color":"","overlay-opacity":"","overlay-gradient":""},"mobile":{"background-color":"","background-image":"","background-repeat":"repeat","background-position":"center center","background-size":"auto","background-attachment":"scroll","background-type":"","background-media":"","overlay-type":"","overlay-color":"","overlay-opacity":"","overlay-gradient":""}},"ast-content-background-meta":{"desktop":{"background-color":"var(--ast-global-color-5)","background-image":"","background-repeat":"repeat","background-position":"center center","background-size":"auto","background-attachment":"scroll","background-type":"","background-media":"","overlay-type":"","overlay-color":"","overlay-opacity":"","overlay-gradient":""},"tablet":{"background-color":"var(--ast-global-color-5)","background-image":"","background-repeat":"repeat","background-position":"center center","background-size":"auto","background-attachment":"scroll","background-type":"","background-media":"","overlay-type":"","overlay-color":"","overlay-opacity":"","overlay-gradient":""},"mobile":{"background-color":"var(--ast-global-color-5)","background-image":"","background-repeat":"repeat","background-position":"center center","background-size":"auto","background-attachment":"scroll","background-type":"","background-media":"","overlay-type":"","overlay-color":"","overlay-opacity":"","overlay-gradient":""}}},"product_brand":[],"product_cat":[134],"product_tag":[],"class_list":{"0":"post-34029","1":"product","2":"type-product","3":"status-publish","4":"has-post-thumbnail","6":"product_cat-vintage-sideboards","7":"pa_designer-vodder-arne","8":"pa_material-holz","9":"pa_standort-mittelland","10":"pa_stil-skandinavisch-mid-century","11":"desktop-align-left","12":"tablet-align-left","13":"mobile-align-left","15":"first","16":"instock","17":"sold-individually","18":"shipping-taxable","19":"purchasable","20":"product-type-simple"},"acf":[],"yoast_head":"<!-- This site is optimized with the Yoast SEO plugin v27.4 - https:\/\/yoast.com\/product\/yoast-seo-wordpress\/ -->\n<title>Sideboard Teak Arne Vodder f\u00fcr Sebast Furniture | Vintage M\u00f6bel kaufen auf KURATO.CH<\/title>\n<meta name=\"description\" content=\"Entdecke Vintage M\u00f6bel &amp; Dekoration \u27a4 Sideboard Teak Arne Vodder f\u00fcr Sebast Furniture auf Kurato. \u2713Lieferung Schweiz \u271314-Tage R\u00fcckgabe \u2713Secondhand Unikat\" \/>\n<meta name=\"robots\" content=\"index, follow, max-snippet:-1, max-image-preview:large, max-video-preview:-1\" \/>\n<link rel=\"canonical\" href=\"https:\/\/kurato.ch\/fr\/product\/sideboard-teak-arne-vodder-fuer-sebast-furniture\/\" \/>\n<meta property=\"og:locale\" content=\"fr_FR\" \/>\n<meta property=\"og:type\" content=\"article\" \/>\n<meta property=\"og:title\" content=\"Sideboard Teak Arne Vodder f\u00fcr Sebast Furniture | Vintage M\u00f6bel kaufen auf KURATO.CH\" \/>\n<meta property=\"og:description\" content=\"Entdecke Vintage M\u00f6bel &amp; Dekoration \u27a4 Sideboard Teak Arne Vodder f\u00fcr Sebast Furniture auf Kurato. \u2713Lieferung Schweiz \u271314-Tage R\u00fcckgabe \u2713Secondhand Unikat\" \/>\n<meta property=\"og:url\" content=\"https:\/\/kurato.ch\/fr\/product\/sideboard-teak-arne-vodder-fuer-sebast-furniture\/\" \/>\n<meta property=\"og:site_name\" content=\"Vintage M\u00f6bel &amp; Dekoration I Kurato\" \/>\n<meta property=\"article:publisher\" content=\"https:\/\/www.facebook.com\/kuratoswitzerland\" \/>\n<meta property=\"article:modified_time\" content=\"2024-02-05T19:27:29+00:00\" \/>\n<meta property=\"og:image\" content=\"https:\/\/kurato.ch\/wp-content\/uploads\/2022\/08\/Vintage-Sideboard-Teak-von-Arne-Vodder-fu\u0308r-Sebast-Furniture-vintage-gebraucht-secondhand-schweiz.jpg\" \/>\n\t<meta property=\"og:image:width\" content=\"800\" \/>\n\t<meta property=\"og:image:height\" content=\"800\" \/>\n\t<meta property=\"og:image:type\" content=\"image\/jpeg\" \/>\n<script type=\"application\/ld+json\" class=\"yoast-schema-graph\">{\"@context\":\"https:\\\/\\\/schema.org\",\"@graph\":[{\"@type\":\"WebPage\",\"@id\":\"https:\\\/\\\/kurato.ch\\\/product\\\/sideboard-teak-arne-vodder-fuer-sebast-furniture\\\/\",\"url\":\"https:\\\/\\\/kurato.ch\\\/product\\\/sideboard-teak-arne-vodder-fuer-sebast-furniture\\\/\",\"name\":\"Sideboard Teak Arne Vodder f\u00fcr Sebast Furniture | Vintage M\u00f6bel kaufen auf KURATO.CH\",\"isPartOf\":{\"@id\":\"https:\\\/\\\/kurato.ch\\\/#website\"},\"primaryImageOfPage\":{\"@id\":\"https:\\\/\\\/kurato.ch\\\/product\\\/sideboard-teak-arne-vodder-fuer-sebast-furniture\\\/#primaryimage\"},\"image\":{\"@id\":\"https:\\\/\\\/kurato.ch\\\/product\\\/sideboard-teak-arne-vodder-fuer-sebast-furniture\\\/#primaryimage\"},\"thumbnailUrl\":\"https:\\\/\\\/kurato.ch\\\/wp-content\\\/uploads\\\/2022\\\/08\\\/Vintage-Sideboard-Teak-von-Arne-Vodder-fu\u0308r-Sebast-Furniture-vintage-gebraucht-secondhand-schweiz.jpg\",\"datePublished\":\"2022-08-30T11:11:59+00:00\",\"dateModified\":\"2024-02-05T19:27:29+00:00\",\"description\":\"Entdecke Vintage M\u00f6bel & Dekoration \u27a4 Sideboard Teak Arne Vodder f\u00fcr Sebast Furniture auf Kurato. \u2713Lieferung Schweiz \u271314-Tage R\u00fcckgabe \u2713Secondhand Unikat\",\"breadcrumb\":{\"@id\":\"https:\\\/\\\/kurato.ch\\\/product\\\/sideboard-teak-arne-vodder-fuer-sebast-furniture\\\/#breadcrumb\"},\"inLanguage\":\"fr-FR\",\"potentialAction\":[{\"@type\":\"ReadAction\",\"target\":[\"https:\\\/\\\/kurato.ch\\\/product\\\/sideboard-teak-arne-vodder-fuer-sebast-furniture\\\/\"]}]},{\"@type\":\"ImageObject\",\"inLanguage\":\"fr-FR\",\"@id\":\"https:\\\/\\\/kurato.ch\\\/product\\\/sideboard-teak-arne-vodder-fuer-sebast-furniture\\\/#primaryimage\",\"url\":\"https:\\\/\\\/kurato.ch\\\/wp-content\\\/uploads\\\/2022\\\/08\\\/Vintage-Sideboard-Teak-von-Arne-Vodder-fu\u0308r-Sebast-Furniture-vintage-gebraucht-secondhand-schweiz.jpg\",\"contentUrl\":\"https:\\\/\\\/kurato.ch\\\/wp-content\\\/uploads\\\/2022\\\/08\\\/Vintage-Sideboard-Teak-von-Arne-Vodder-fu\u0308r-Sebast-Furniture-vintage-gebraucht-secondhand-schweiz.jpg\",\"width\":800,\"height\":800,\"caption\":\"Vintage Sideboard Teak von Arne Vodder f\u00fcr Sebast Furniture\"},{\"@type\":\"BreadcrumbList\",\"@id\":\"https:\\\/\\\/kurato.ch\\\/product\\\/sideboard-teak-arne-vodder-fuer-sebast-furniture\\\/#breadcrumb\",\"itemListElement\":[{\"@type\":\"ListItem\",\"position\":1,\"name\":\"Home\",\"item\":\"https:\\\/\\\/kurato.ch\\\/\"},{\"@type\":\"ListItem\",\"position\":2,\"name\":\"Neuheiten\",\"item\":\"https:\\\/\\\/kurato.ch\\\/neuheiten\\\/\"},{\"@type\":\"ListItem\",\"position\":3,\"name\":\"Sideboard Teak Arne Vodder f\u00fcr Sebast Furniture\"}]},{\"@type\":\"WebSite\",\"@id\":\"https:\\\/\\\/kurato.ch\\\/#website\",\"url\":\"https:\\\/\\\/kurato.ch\\\/\",\"name\":\"Vintage M\u00f6bel &amp; Dekoration I Kurato\",\"description\":\"Vintage M\u00f6bel &amp; Dekoration I Kurato\",\"publisher\":{\"@id\":\"https:\\\/\\\/kurato.ch\\\/#organization\"},\"potentialAction\":[{\"@type\":\"SearchAction\",\"target\":{\"@type\":\"EntryPoint\",\"urlTemplate\":\"https:\\\/\\\/kurato.ch\\\/?s={search_term_string}\"},\"query-input\":{\"@type\":\"PropertyValueSpecification\",\"valueRequired\":true,\"valueName\":\"search_term_string\"}}],\"inLanguage\":\"fr-FR\"},{\"@type\":\"Organization\",\"@id\":\"https:\\\/\\\/kurato.ch\\\/#organization\",\"name\":\"Kurato.\",\"url\":\"https:\\\/\\\/kurato.ch\\\/\",\"logo\":{\"@type\":\"ImageObject\",\"inLanguage\":\"fr-FR\",\"@id\":\"https:\\\/\\\/kurato.ch\\\/#\\\/schema\\\/logo\\\/image\\\/\",\"url\":\"\",\"contentUrl\":\"\",\"caption\":\"Kurato.\"},\"image\":{\"@id\":\"https:\\\/\\\/kurato.ch\\\/#\\\/schema\\\/logo\\\/image\\\/\"},\"sameAs\":[\"https:\\\/\\\/www.facebook.com\\\/kuratoswitzerland\",\"https:\\\/\\\/www.instagram.com\\\/kurato.ch\\\/\",\"https:\\\/\\\/www.pinterest.ch\\\/kurato_ch\\\/_created\\\/\"]}]}<\/script>\n<!-- \/ Yoast SEO plugin. -->","yoast_head_json":{"title":"Sideboard Teak Arne Vodder f\u00fcr Sebast Furniture | Vintage M\u00f6bel kaufen auf KURATO.CH","description":"Entdecke Vintage M\u00f6bel & Dekoration \u27a4 Sideboard Teak Arne Vodder f\u00fcr Sebast Furniture auf Kurato. \u2713Lieferung Schweiz \u271314-Tage R\u00fcckgabe \u2713Secondhand Unikat","robots":{"index":"index","follow":"follow","max-snippet":"max-snippet:-1","max-image-preview":"max-image-preview:large","max-video-preview":"max-video-preview:-1"},"canonical":"https:\/\/kurato.ch\/fr\/product\/sideboard-teak-arne-vodder-fuer-sebast-furniture\/","og_locale":"fr_FR","og_type":"article","og_title":"Sideboard Teak Arne Vodder f\u00fcr Sebast Furniture | Vintage M\u00f6bel kaufen auf KURATO.CH","og_description":"Entdecke Vintage M\u00f6bel & Dekoration \u27a4 Sideboard Teak Arne Vodder f\u00fcr Sebast Furniture auf Kurato. \u2713Lieferung Schweiz \u271314-Tage R\u00fcckgabe \u2713Secondhand Unikat","og_url":"https:\/\/kurato.ch\/fr\/product\/sideboard-teak-arne-vodder-fuer-sebast-furniture\/","og_site_name":"Vintage M\u00f6bel &amp; Dekoration I Kurato","article_publisher":"https:\/\/www.facebook.com\/kuratoswitzerland","article_modified_time":"2024-02-05T19:27:29+00:00","og_image":[{"width":800,"height":800,"url":"https:\/\/kurato.ch\/wp-content\/uploads\/2022\/08\/Vintage-Sideboard-Teak-von-Arne-Vodder-fu\u0308r-Sebast-Furniture-vintage-gebraucht-secondhand-schweiz.jpg","type":"image\/jpeg"}],"schema":{"@context":"https:\/\/schema.org","@graph":[{"@type":"WebPage","@id":"https:\/\/kurato.ch\/product\/sideboard-teak-arne-vodder-fuer-sebast-furniture\/","url":"https:\/\/kurato.ch\/product\/sideboard-teak-arne-vodder-fuer-sebast-furniture\/","name":"Sideboard Teak Arne Vodder f\u00fcr Sebast Furniture | Vintage M\u00f6bel kaufen auf KURATO.CH","isPartOf":{"@id":"https:\/\/kurato.ch\/#website"},"primaryImageOfPage":{"@id":"https:\/\/kurato.ch\/product\/sideboard-teak-arne-vodder-fuer-sebast-furniture\/#primaryimage"},"image":{"@id":"https:\/\/kurato.ch\/product\/sideboard-teak-arne-vodder-fuer-sebast-furniture\/#primaryimage"},"thumbnailUrl":"https:\/\/kurato.ch\/wp-content\/uploads\/2022\/08\/Vintage-Sideboard-Teak-von-Arne-Vodder-fu\u0308r-Sebast-Furniture-vintage-gebraucht-secondhand-schweiz.jpg","datePublished":"2022-08-30T11:11:59+00:00","dateModified":"2024-02-05T19:27:29+00:00","description":"Entdecke Vintage M\u00f6bel & Dekoration \u27a4 Sideboard Teak Arne Vodder f\u00fcr Sebast Furniture auf Kurato. \u2713Lieferung Schweiz \u271314-Tage R\u00fcckgabe \u2713Secondhand Unikat","breadcrumb":{"@id":"https:\/\/kurato.ch\/product\/sideboard-teak-arne-vodder-fuer-sebast-furniture\/#breadcrumb"},"inLanguage":"fr-FR","potentialAction":[{"@type":"ReadAction","target":["https:\/\/kurato.ch\/product\/sideboard-teak-arne-vodder-fuer-sebast-furniture\/"]}]},{"@type":"ImageObject","inLanguage":"fr-FR","@id":"https:\/\/kurato.ch\/product\/sideboard-teak-arne-vodder-fuer-sebast-furniture\/#primaryimage","url":"https:\/\/kurato.ch\/wp-content\/uploads\/2022\/08\/Vintage-Sideboard-Teak-von-Arne-Vodder-fu\u0308r-Sebast-Furniture-vintage-gebraucht-secondhand-schweiz.jpg","contentUrl":"https:\/\/kurato.ch\/wp-content\/uploads\/2022\/08\/Vintage-Sideboard-Teak-von-Arne-Vodder-fu\u0308r-Sebast-Furniture-vintage-gebraucht-secondhand-schweiz.jpg","width":800,"height":800,"caption":"Vintage Sideboard Teak von Arne Vodder f\u00fcr Sebast Furniture"},{"@type":"BreadcrumbList","@id":"https:\/\/kurato.ch\/product\/sideboard-teak-arne-vodder-fuer-sebast-furniture\/#breadcrumb","itemListElement":[{"@type":"ListItem","position":1,"name":"Home","item":"https:\/\/kurato.ch\/"},{"@type":"ListItem","position":2,"name":"Neuheiten","item":"https:\/\/kurato.ch\/neuheiten\/"},{"@type":"ListItem","position":3,"name":"Sideboard Teak Arne Vodder f\u00fcr Sebast Furniture"}]},{"@type":"WebSite","@id":"https:\/\/kurato.ch\/#website","url":"https:\/\/kurato.ch\/","name":"Meubles vintage &amp; d\u00e9coration I Kurato","description":"Meubles vintage &amp; d\u00e9coration I Kurato","publisher":{"@id":"https:\/\/kurato.ch\/#organization"},"potentialAction":[{"@type":"SearchAction","target":{"@type":"EntryPoint","urlTemplate":"https:\/\/kurato.ch\/?s={search_term_string}"},"query-input":{"@type":"PropertyValueSpecification","valueRequired":true,"valueName":"search_term_string"}}],"inLanguage":"fr-FR"},{"@type":"Organization","@id":"https:\/\/kurato.ch\/#organization","name":"Kurato.","url":"https:\/\/kurato.ch\/","logo":{"@type":"ImageObject","inLanguage":"fr-FR","@id":"https:\/\/kurato.ch\/#\/schema\/logo\/image\/","url":"","contentUrl":"","caption":"Kurato."},"image":{"@id":"https:\/\/kurato.ch\/#\/schema\/logo\/image\/"},"sameAs":["https:\/\/www.facebook.com\/kuratoswitzerland","https:\/\/www.instagram.com\/kurato.ch\/","https:\/\/www.pinterest.ch\/kurato_ch\/_created\/"]}]}},"_links":{"self":[{"href":"https:\/\/kurato.ch\/fr\/wp-json\/wp\/v2\/product\/34029","targetHints":{"allow":["GET"]}}],"collection":[{"href":"https:\/\/kurato.ch\/fr\/wp-json\/wp\/v2\/product"}],"about":[{"href":"https:\/\/kurato.ch\/fr\/wp-json\/wp\/v2\/types\/product"}],"wp:featuredmedia":[{"embeddable":true,"href":"https:\/\/kurato.ch\/fr\/wp-json\/wp\/v2\/media\/34042"}],"wp:attachment":[{"href":"https:\/\/kurato.ch\/fr\/wp-json\/wp\/v2\/media?parent=34029"}],"wp:term":[{"taxonomy":"product_brand","embeddable":true,"href":"https:\/\/kurato.ch\/fr\/wp-json\/wp\/v2\/product_brand?post=34029"},{"taxonomy":"product_cat","embeddable":true,"href":"https:\/\/kurato.ch\/fr\/wp-json\/wp\/v2\/product_cat?post=34029"},{"taxonomy":"product_tag","embeddable":true,"href":"https:\/\/kurato.ch\/fr\/wp-json\/wp\/v2\/product_tag?post=34029"}],"curies":[{"name":"wp","href":"https:\/\/api.w.org\/{rel}","templated":true}]}}