{"id":34788,"date":"2022-10-03T09:47:38","date_gmt":"2022-10-03T07:47:38","guid":{"rendered":"https:\/\/kurato.ch\/?post_type=product&#038;p=34788"},"modified":"2023-02-11T20:53:44","modified_gmt":"2023-02-11T18:53:44","slug":"daenisches-mid-century-sesselpaar-teakholz","status":"publish","type":"product","link":"https:\/\/kurato.ch\/fr\/product\/daenisches-mid-century-sesselpaar-teakholz\/","title":{"rendered":"Paire de fauteuils danois mid-century en teck"},"content":{"rendered":"<p>Paire de fauteuils danois mid-century en teck<\/p>\n<p>P\u00e9riode : 1950-1960<\/p>\n<p>Mat\u00e9riaux : Assise en teck et coussin d'assise en tissu de laine bleu.<br \/>Les coussins ont \u00e9t\u00e9 enti\u00e8rement restaur\u00e9s (nouveau rembourrage en mousse) et nettoy\u00e9s, tout en conservant le tissu d'origine. La structure en bois (teck) de l'assise est en tr\u00e8s bon \u00e9tat : belle patine du bois.<\/p>\n<p>Dimensions : H80cm L55cm P65 H Assise 40cm<\/p>","protected":false},"excerpt":{"rendered":"<p>D\u00e4nisches Mid-Century-Sesselpaar Teakholz Zeitraum: 1950-1960 Materialien: Sitzfl\u00e4che aus Teakholz und Sitzkissen aus blauem Wollstoff.Die Kissen wurden vollst\u00e4ndig restauriert (neue Schaumstoffpolsterung) und gereinigt, wobei der Originalstoff beibehalten wurde. Das Holzgestell (Teak) der Sitzfl\u00e4che ist in einem sehr guten Zustand: sch\u00f6ne Patina des Holzes. Abmessungen: H80cm B55cm T65 H Sitzfl\u00e4che 40cm<\/p>","protected":false},"featured_media":34795,"template":"","meta":{"_acf_changed":false,"site-sidebar-layout":"default","site-content-layout":"default","ast-site-content-layout":"default","site-content-style":"default","site-sidebar-style":"default","ast-global-header-display":"","ast-banner-title-visibility":"","ast-main-header-display":"","ast-hfb-above-header-display":"","ast-hfb-below-header-display":"","ast-hfb-mobile-header-display":"","site-post-title":"","ast-breadcrumbs-content":"","ast-featured-img":"","footer-sml-layout":"","ast-disable-related-posts":"","theme-transparent-header-meta":"default","adv-header-id-meta":"","stick-header-meta":"default","header-above-stick-meta":"","header-main-stick-meta":"","header-below-stick-meta":"","astra-migrate-meta-layouts":"default","ast-page-background-enabled":"default","ast-page-background-meta":{"desktop":{"background-color":"","background-image":"","background-repeat":"repeat","background-position":"center center","background-size":"auto","background-attachment":"scroll","background-type":"","background-media":"","overlay-type":"","overlay-color":"","overlay-opacity":"","overlay-gradient":""},"tablet":{"background-color":"","background-image":"","background-repeat":"repeat","background-position":"center center","background-size":"auto","background-attachment":"scroll","background-type":"","background-media":"","overlay-type":"","overlay-color":"","overlay-opacity":"","overlay-gradient":""},"mobile":{"background-color":"","background-image":"","background-repeat":"repeat","background-position":"center center","background-size":"auto","background-attachment":"scroll","background-type":"","background-media":"","overlay-type":"","overlay-color":"","overlay-opacity":"","overlay-gradient":""}},"ast-content-background-meta":{"desktop":{"background-color":"var(--ast-global-color-5)","background-image":"","background-repeat":"repeat","background-position":"center center","background-size":"auto","background-attachment":"scroll","background-type":"","background-media":"","overlay-type":"","overlay-color":"","overlay-opacity":"","overlay-gradient":""},"tablet":{"background-color":"var(--ast-global-color-5)","background-image":"","background-repeat":"repeat","background-position":"center center","background-size":"auto","background-attachment":"scroll","background-type":"","background-media":"","overlay-type":"","overlay-color":"","overlay-opacity":"","overlay-gradient":""},"mobile":{"background-color":"var(--ast-global-color-5)","background-image":"","background-repeat":"repeat","background-position":"center center","background-size":"auto","background-attachment":"scroll","background-type":"","background-media":"","overlay-type":"","overlay-color":"","overlay-opacity":"","overlay-gradient":""}}},"product_brand":[],"product_cat":[155],"product_tag":[],"class_list":{"0":"post-34788","1":"product","2":"type-product","3":"status-publish","4":"has-post-thumbnail","6":"product_cat-vintage-sessel","7":"pa_farbe-blau","8":"pa_material-holz","9":"pa_standort-genferseeregion","10":"pa_stil-skandinavisch-mid-century","11":"desktop-align-left","12":"tablet-align-left","13":"mobile-align-left","15":"first","16":"outofstock","17":"sold-individually","18":"shipping-taxable","19":"purchasable","20":"product-type-simple"},"acf":[],"yoast_head":"<!-- This site is optimized with the Yoast SEO plugin v27.6 - https:\/\/yoast.com\/product\/yoast-seo-wordpress\/ -->\n<title>D\u00e4nisches Mid-Century-Sesselpaar Teakholz | Vintage M\u00f6bel kaufen auf KURATO.CH<\/title>\n<meta name=\"description\" content=\"Entdecke Vintage M\u00f6bel &amp; Dekoration \u27a4 D\u00e4nisches Mid-Century-Sesselpaar Teakholz auf Kurato. \u2713Lieferung Schweiz \u271314-Tage R\u00fcckgabe \u2713Secondhand Unikat\" \/>\n<meta name=\"robots\" content=\"index, follow, max-snippet:-1, max-image-preview:large, max-video-preview:-1\" \/>\n<link rel=\"canonical\" href=\"https:\/\/kurato.ch\/fr\/product\/daenisches-mid-century-sesselpaar-teakholz\/\" \/>\n<meta property=\"og:locale\" content=\"fr_FR\" \/>\n<meta property=\"og:type\" content=\"article\" \/>\n<meta property=\"og:title\" content=\"D\u00e4nisches Mid-Century-Sesselpaar Teakholz | Vintage M\u00f6bel kaufen auf KURATO.CH\" \/>\n<meta property=\"og:description\" content=\"Entdecke Vintage M\u00f6bel &amp; Dekoration \u27a4 D\u00e4nisches Mid-Century-Sesselpaar Teakholz auf Kurato. \u2713Lieferung Schweiz \u271314-Tage R\u00fcckgabe \u2713Secondhand Unikat\" \/>\n<meta property=\"og:url\" content=\"https:\/\/kurato.ch\/fr\/product\/daenisches-mid-century-sesselpaar-teakholz\/\" \/>\n<meta property=\"og:site_name\" content=\"Vintage M\u00f6bel &amp; Dekoration I Kurato\" \/>\n<meta property=\"article:publisher\" content=\"https:\/\/www.facebook.com\/kuratoswitzerland\" \/>\n<meta property=\"article:modified_time\" content=\"2023-02-11T18:53:44+00:00\" \/>\n<meta property=\"og:image\" content=\"https:\/\/kurato.ch\/wp-content\/uploads\/2022\/10\/Da\u0308nisches-Mid-Century-Sesselpaar-Teakholz-vintage-secondhand-gebraucht-occassion.jpg\" \/>\n\t<meta property=\"og:image:width\" content=\"800\" \/>\n\t<meta property=\"og:image:height\" content=\"800\" \/>\n\t<meta property=\"og:image:type\" content=\"image\/jpeg\" \/>\n<script type=\"application\/ld+json\" class=\"yoast-schema-graph\">{\"@context\":\"https:\\\/\\\/schema.org\",\"@graph\":[{\"@type\":\"WebPage\",\"@id\":\"https:\\\/\\\/kurato.ch\\\/product\\\/daenisches-mid-century-sesselpaar-teakholz\\\/\",\"url\":\"https:\\\/\\\/kurato.ch\\\/product\\\/daenisches-mid-century-sesselpaar-teakholz\\\/\",\"name\":\"D\u00e4nisches Mid-Century-Sesselpaar Teakholz | Vintage M\u00f6bel kaufen auf KURATO.CH\",\"isPartOf\":{\"@id\":\"https:\\\/\\\/kurato.ch\\\/#website\"},\"primaryImageOfPage\":{\"@id\":\"https:\\\/\\\/kurato.ch\\\/product\\\/daenisches-mid-century-sesselpaar-teakholz\\\/#primaryimage\"},\"image\":{\"@id\":\"https:\\\/\\\/kurato.ch\\\/product\\\/daenisches-mid-century-sesselpaar-teakholz\\\/#primaryimage\"},\"thumbnailUrl\":\"https:\\\/\\\/kurato.ch\\\/wp-content\\\/uploads\\\/2022\\\/10\\\/Da\u0308nisches-Mid-Century-Sesselpaar-Teakholz-vintage-secondhand-gebraucht-occassion.jpg\",\"datePublished\":\"2022-10-03T07:47:38+00:00\",\"dateModified\":\"2023-02-11T18:53:44+00:00\",\"description\":\"Entdecke Vintage M\u00f6bel & Dekoration \u27a4 D\u00e4nisches Mid-Century-Sesselpaar Teakholz auf Kurato. \u2713Lieferung Schweiz \u271314-Tage R\u00fcckgabe \u2713Secondhand Unikat\",\"breadcrumb\":{\"@id\":\"https:\\\/\\\/kurato.ch\\\/product\\\/daenisches-mid-century-sesselpaar-teakholz\\\/#breadcrumb\"},\"inLanguage\":\"fr-FR\",\"potentialAction\":[{\"@type\":\"ReadAction\",\"target\":[\"https:\\\/\\\/kurato.ch\\\/product\\\/daenisches-mid-century-sesselpaar-teakholz\\\/\"]}]},{\"@type\":\"ImageObject\",\"inLanguage\":\"fr-FR\",\"@id\":\"https:\\\/\\\/kurato.ch\\\/product\\\/daenisches-mid-century-sesselpaar-teakholz\\\/#primaryimage\",\"url\":\"https:\\\/\\\/kurato.ch\\\/wp-content\\\/uploads\\\/2022\\\/10\\\/Da\u0308nisches-Mid-Century-Sesselpaar-Teakholz-vintage-secondhand-gebraucht-occassion.jpg\",\"contentUrl\":\"https:\\\/\\\/kurato.ch\\\/wp-content\\\/uploads\\\/2022\\\/10\\\/Da\u0308nisches-Mid-Century-Sesselpaar-Teakholz-vintage-secondhand-gebraucht-occassion.jpg\",\"width\":800,\"height\":800,\"caption\":\"D\u00e4nisches Mid-Century-Sesselpaar Teakholz\"},{\"@type\":\"BreadcrumbList\",\"@id\":\"https:\\\/\\\/kurato.ch\\\/product\\\/daenisches-mid-century-sesselpaar-teakholz\\\/#breadcrumb\",\"itemListElement\":[{\"@type\":\"ListItem\",\"position\":1,\"name\":\"Home\",\"item\":\"https:\\\/\\\/kurato.ch\\\/\"},{\"@type\":\"ListItem\",\"position\":2,\"name\":\"Neuheiten\",\"item\":\"https:\\\/\\\/kurato.ch\\\/neuheiten\\\/\"},{\"@type\":\"ListItem\",\"position\":3,\"name\":\"D\u00e4nisches Mid-Century-Sesselpaar Teakholz\"}]},{\"@type\":\"WebSite\",\"@id\":\"https:\\\/\\\/kurato.ch\\\/#website\",\"url\":\"https:\\\/\\\/kurato.ch\\\/\",\"name\":\"Vintage M\u00f6bel &amp; Dekoration I Kurato\",\"description\":\"Vintage M\u00f6bel &amp; Dekoration I Kurato\",\"publisher\":{\"@id\":\"https:\\\/\\\/kurato.ch\\\/#organization\"},\"potentialAction\":[{\"@type\":\"SearchAction\",\"target\":{\"@type\":\"EntryPoint\",\"urlTemplate\":\"https:\\\/\\\/kurato.ch\\\/?s={search_term_string}\"},\"query-input\":{\"@type\":\"PropertyValueSpecification\",\"valueRequired\":true,\"valueName\":\"search_term_string\"}}],\"inLanguage\":\"fr-FR\"},{\"@type\":\"Organization\",\"@id\":\"https:\\\/\\\/kurato.ch\\\/#organization\",\"name\":\"Kurato.\",\"url\":\"https:\\\/\\\/kurato.ch\\\/\",\"logo\":{\"@type\":\"ImageObject\",\"inLanguage\":\"fr-FR\",\"@id\":\"https:\\\/\\\/kurato.ch\\\/#\\\/schema\\\/logo\\\/image\\\/\",\"url\":\"\",\"contentUrl\":\"\",\"caption\":\"Kurato.\"},\"image\":{\"@id\":\"https:\\\/\\\/kurato.ch\\\/#\\\/schema\\\/logo\\\/image\\\/\"},\"sameAs\":[\"https:\\\/\\\/www.facebook.com\\\/kuratoswitzerland\",\"https:\\\/\\\/www.instagram.com\\\/kurato.ch\\\/\",\"https:\\\/\\\/www.pinterest.ch\\\/kurato_ch\\\/_created\\\/\"]}]}<\/script>\n<!-- \/ Yoast SEO plugin. -->","yoast_head_json":{"title":"D\u00e4nisches Mid-Century-Sesselpaar Teakholz | Vintage M\u00f6bel kaufen auf KURATO.CH","description":"Entdecke Vintage M\u00f6bel & Dekoration \u27a4 D\u00e4nisches Mid-Century-Sesselpaar Teakholz auf Kurato. \u2713Lieferung Schweiz \u271314-Tage R\u00fcckgabe \u2713Secondhand Unikat","robots":{"index":"index","follow":"follow","max-snippet":"max-snippet:-1","max-image-preview":"max-image-preview:large","max-video-preview":"max-video-preview:-1"},"canonical":"https:\/\/kurato.ch\/fr\/product\/daenisches-mid-century-sesselpaar-teakholz\/","og_locale":"fr_FR","og_type":"article","og_title":"D\u00e4nisches Mid-Century-Sesselpaar Teakholz | Vintage M\u00f6bel kaufen auf KURATO.CH","og_description":"Entdecke Vintage M\u00f6bel & Dekoration \u27a4 D\u00e4nisches Mid-Century-Sesselpaar Teakholz auf Kurato. \u2713Lieferung Schweiz \u271314-Tage R\u00fcckgabe \u2713Secondhand Unikat","og_url":"https:\/\/kurato.ch\/fr\/product\/daenisches-mid-century-sesselpaar-teakholz\/","og_site_name":"Vintage M\u00f6bel &amp; Dekoration I Kurato","article_publisher":"https:\/\/www.facebook.com\/kuratoswitzerland","article_modified_time":"2023-02-11T18:53:44+00:00","og_image":[{"width":800,"height":800,"url":"https:\/\/kurato.ch\/wp-content\/uploads\/2022\/10\/Da\u0308nisches-Mid-Century-Sesselpaar-Teakholz-vintage-secondhand-gebraucht-occassion.jpg","type":"image\/jpeg"}],"schema":{"@context":"https:\/\/schema.org","@graph":[{"@type":"WebPage","@id":"https:\/\/kurato.ch\/product\/daenisches-mid-century-sesselpaar-teakholz\/","url":"https:\/\/kurato.ch\/product\/daenisches-mid-century-sesselpaar-teakholz\/","name":"D\u00e4nisches Mid-Century-Sesselpaar Teakholz | Vintage M\u00f6bel kaufen auf KURATO.CH","isPartOf":{"@id":"https:\/\/kurato.ch\/#website"},"primaryImageOfPage":{"@id":"https:\/\/kurato.ch\/product\/daenisches-mid-century-sesselpaar-teakholz\/#primaryimage"},"image":{"@id":"https:\/\/kurato.ch\/product\/daenisches-mid-century-sesselpaar-teakholz\/#primaryimage"},"thumbnailUrl":"https:\/\/kurato.ch\/wp-content\/uploads\/2022\/10\/Da\u0308nisches-Mid-Century-Sesselpaar-Teakholz-vintage-secondhand-gebraucht-occassion.jpg","datePublished":"2022-10-03T07:47:38+00:00","dateModified":"2023-02-11T18:53:44+00:00","description":"Entdecke Vintage M\u00f6bel & Dekoration \u27a4 D\u00e4nisches Mid-Century-Sesselpaar Teakholz auf Kurato. \u2713Lieferung Schweiz \u271314-Tage R\u00fcckgabe \u2713Secondhand Unikat","breadcrumb":{"@id":"https:\/\/kurato.ch\/product\/daenisches-mid-century-sesselpaar-teakholz\/#breadcrumb"},"inLanguage":"fr-FR","potentialAction":[{"@type":"ReadAction","target":["https:\/\/kurato.ch\/product\/daenisches-mid-century-sesselpaar-teakholz\/"]}]},{"@type":"ImageObject","inLanguage":"fr-FR","@id":"https:\/\/kurato.ch\/product\/daenisches-mid-century-sesselpaar-teakholz\/#primaryimage","url":"https:\/\/kurato.ch\/wp-content\/uploads\/2022\/10\/Da\u0308nisches-Mid-Century-Sesselpaar-Teakholz-vintage-secondhand-gebraucht-occassion.jpg","contentUrl":"https:\/\/kurato.ch\/wp-content\/uploads\/2022\/10\/Da\u0308nisches-Mid-Century-Sesselpaar-Teakholz-vintage-secondhand-gebraucht-occassion.jpg","width":800,"height":800,"caption":"D\u00e4nisches Mid-Century-Sesselpaar Teakholz"},{"@type":"BreadcrumbList","@id":"https:\/\/kurato.ch\/product\/daenisches-mid-century-sesselpaar-teakholz\/#breadcrumb","itemListElement":[{"@type":"ListItem","position":1,"name":"Home","item":"https:\/\/kurato.ch\/"},{"@type":"ListItem","position":2,"name":"Neuheiten","item":"https:\/\/kurato.ch\/neuheiten\/"},{"@type":"ListItem","position":3,"name":"D\u00e4nisches Mid-Century-Sesselpaar Teakholz"}]},{"@type":"WebSite","@id":"https:\/\/kurato.ch\/#website","url":"https:\/\/kurato.ch\/","name":"Meubles vintage &amp; d\u00e9coration I Kurato","description":"Meubles vintage &amp; d\u00e9coration I Kurato","publisher":{"@id":"https:\/\/kurato.ch\/#organization"},"potentialAction":[{"@type":"SearchAction","target":{"@type":"EntryPoint","urlTemplate":"https:\/\/kurato.ch\/?s={search_term_string}"},"query-input":{"@type":"PropertyValueSpecification","valueRequired":true,"valueName":"search_term_string"}}],"inLanguage":"fr-FR"},{"@type":"Organization","@id":"https:\/\/kurato.ch\/#organization","name":"Kurato.","url":"https:\/\/kurato.ch\/","logo":{"@type":"ImageObject","inLanguage":"fr-FR","@id":"https:\/\/kurato.ch\/#\/schema\/logo\/image\/","url":"","contentUrl":"","caption":"Kurato."},"image":{"@id":"https:\/\/kurato.ch\/#\/schema\/logo\/image\/"},"sameAs":["https:\/\/www.facebook.com\/kuratoswitzerland","https:\/\/www.instagram.com\/kurato.ch\/","https:\/\/www.pinterest.ch\/kurato_ch\/_created\/"]}]}},"_links":{"self":[{"href":"https:\/\/kurato.ch\/fr\/wp-json\/wp\/v2\/product\/34788","targetHints":{"allow":["GET"]}}],"collection":[{"href":"https:\/\/kurato.ch\/fr\/wp-json\/wp\/v2\/product"}],"about":[{"href":"https:\/\/kurato.ch\/fr\/wp-json\/wp\/v2\/types\/product"}],"wp:featuredmedia":[{"embeddable":true,"href":"https:\/\/kurato.ch\/fr\/wp-json\/wp\/v2\/media\/34795"}],"wp:attachment":[{"href":"https:\/\/kurato.ch\/fr\/wp-json\/wp\/v2\/media?parent=34788"}],"wp:term":[{"taxonomy":"product_brand","embeddable":true,"href":"https:\/\/kurato.ch\/fr\/wp-json\/wp\/v2\/product_brand?post=34788"},{"taxonomy":"product_cat","embeddable":true,"href":"https:\/\/kurato.ch\/fr\/wp-json\/wp\/v2\/product_cat?post=34788"},{"taxonomy":"product_tag","embeddable":true,"href":"https:\/\/kurato.ch\/fr\/wp-json\/wp\/v2\/product_tag?post=34788"}],"curies":[{"name":"wp","href":"https:\/\/api.w.org\/{rel}","templated":true}]}}