{"id":34853,"date":"2022-10-04T17:19:23","date_gmt":"2022-10-04T15:19:23","guid":{"rendered":"https:\/\/kurato.ch\/?post_type=product&#038;p=34853"},"modified":"2023-04-23T16:42:43","modified_gmt":"2023-04-23T14:42:43","slug":"stuhl-vilbert-von-verner-panton-fuer-ikea-1993-1994","status":"publish","type":"product","link":"https:\/\/kurato.ch\/fr\/product\/stuhl-vilbert-von-verner-panton-fuer-ikea-1993-1994\/","title":{"rendered":"Chaise \" Vilbert \" de Verner Panton pour IKEA 1993\/1994"},"content":{"rendered":"<p>Stuhl &#8218;Vilbert&#8216; von Verner Panton f\u00fcr IKEA entworfen und von Kellco zwischen 1993\/94 produziert.<\/p>\n<p>La chaise est compos\u00e9e de quatre planches en MDF lamin\u00e9 de couleur rouge, verte, bleue et violette, viss\u00e9es ensemble. Vilbert a \u00e9t\u00e9 con\u00e7u et vendu en deux variations de couleur.<br \/>\nCette chaise n'a \u00e9t\u00e9 produite et propos\u00e9e que pendant un an, et seulement environ 3000 exemplaires ont \u00e9t\u00e9 vendus dans le monde.<br \/>\nL'\u00e9tiquette d'origine num\u00e9rot\u00e9e (chiffre 100) se trouve toujours sous l'assise.<br \/>\nCet exemplaire est en tr\u00e8s bon \u00e9tat de conservation.<\/p>","protected":false},"excerpt":{"rendered":"<p>Stuhl &#8218;Vilbert&#8216; von Verner Panton f\u00fcr IKEA entworfen und von Kellco zwischen 1993\/94 produziert. Der Stuhl besteht aus vier laminierten MDF-Brettern in den Farben Rot, Gr\u00fcn, Blau und Violett, die miteinander verschraubt sind. Vilbert wurde in zwei Farbvariationen entworfen und verkauft. Dieser Stuhl wurde nur ein Jahr lang produziert und angeboten, nur etwa 3000 Exemplare [&hellip;]<\/p>\n","protected":false},"featured_media":34906,"template":"","meta":{"_acf_changed":false,"site-sidebar-layout":"default","site-content-layout":"default","ast-site-content-layout":"default","site-content-style":"default","site-sidebar-style":"default","ast-global-header-display":"","ast-banner-title-visibility":"","ast-main-header-display":"","ast-hfb-above-header-display":"","ast-hfb-below-header-display":"","ast-hfb-mobile-header-display":"","site-post-title":"","ast-breadcrumbs-content":"","ast-featured-img":"","footer-sml-layout":"","ast-disable-related-posts":"","theme-transparent-header-meta":"default","adv-header-id-meta":"","stick-header-meta":"default","header-above-stick-meta":"","header-main-stick-meta":"","header-below-stick-meta":"","astra-migrate-meta-layouts":"default","ast-page-background-enabled":"default","ast-page-background-meta":{"desktop":{"background-color":"","background-image":"","background-repeat":"repeat","background-position":"center center","background-size":"auto","background-attachment":"scroll","background-type":"","background-media":"","overlay-type":"","overlay-color":"","overlay-opacity":"","overlay-gradient":""},"tablet":{"background-color":"","background-image":"","background-repeat":"repeat","background-position":"center center","background-size":"auto","background-attachment":"scroll","background-type":"","background-media":"","overlay-type":"","overlay-color":"","overlay-opacity":"","overlay-gradient":""},"mobile":{"background-color":"","background-image":"","background-repeat":"repeat","background-position":"center center","background-size":"auto","background-attachment":"scroll","background-type":"","background-media":"","overlay-type":"","overlay-color":"","overlay-opacity":"","overlay-gradient":""}},"ast-content-background-meta":{"desktop":{"background-color":"var(--ast-global-color-5)","background-image":"","background-repeat":"repeat","background-position":"center center","background-size":"auto","background-attachment":"scroll","background-type":"","background-media":"","overlay-type":"","overlay-color":"","overlay-opacity":"","overlay-gradient":""},"tablet":{"background-color":"var(--ast-global-color-5)","background-image":"","background-repeat":"repeat","background-position":"center center","background-size":"auto","background-attachment":"scroll","background-type":"","background-media":"","overlay-type":"","overlay-color":"","overlay-opacity":"","overlay-gradient":""},"mobile":{"background-color":"var(--ast-global-color-5)","background-image":"","background-repeat":"repeat","background-position":"center center","background-size":"auto","background-attachment":"scroll","background-type":"","background-media":"","overlay-type":"","overlay-color":"","overlay-opacity":"","overlay-gradient":""}}},"product_brand":[],"product_cat":[409],"product_tag":[],"class_list":{"0":"post-34853","1":"product","2":"type-product","3":"status-publish","4":"has-post-thumbnail","6":"product_cat-vintage-beistellstuhl","7":"pa_designer-ikea","8":"pa_designer-panton-verner","9":"pa_farbe-mehrfarbig","10":"pa_material-holz","11":"pa_standort-genferseeregion","12":"pa_stil-design","13":"desktop-align-left","14":"tablet-align-left","15":"mobile-align-left","17":"first","18":"outofstock","19":"sold-individually","20":"shipping-taxable","21":"purchasable","22":"product-type-simple"},"acf":[],"yoast_head":"<!-- This site is optimized with the Yoast SEO plugin v27.5 - https:\/\/yoast.com\/product\/yoast-seo-wordpress\/ -->\n<title>Stuhl \u00ab\u00a0Vilbert\u00a0\u00bb von Verner Panton f\u00fcr IKEA 1993\/1994 | Vintage M\u00f6bel kaufen auf KURATO.CH<\/title>\n<meta name=\"description\" content=\"Entdecke Vintage M\u00f6bel &amp; Dekoration \u27a4 Stuhl \u00ab\u00a0Vilbert\u00a0\u00bb von Verner Panton f\u00fcr IKEA 1993\/1994 auf Kurato. \u2713Lieferung Schweiz \u271314-Tage R\u00fcckgabe \u2713Secondhand Unikat\" \/>\n<meta name=\"robots\" content=\"index, follow, max-snippet:-1, max-image-preview:large, max-video-preview:-1\" \/>\n<link rel=\"canonical\" href=\"https:\/\/kurato.ch\/fr\/product\/stuhl-vilbert-von-verner-panton-fuer-ikea-1993-1994\/\" \/>\n<meta property=\"og:locale\" content=\"fr_FR\" \/>\n<meta property=\"og:type\" content=\"article\" \/>\n<meta property=\"og:title\" content=\"Stuhl \u00ab\u00a0Vilbert\u00a0\u00bb von Verner Panton f\u00fcr IKEA 1993\/1994 | Vintage M\u00f6bel kaufen auf KURATO.CH\" \/>\n<meta property=\"og:description\" content=\"Entdecke Vintage M\u00f6bel &amp; Dekoration \u27a4 Stuhl \u00ab\u00a0Vilbert\u00a0\u00bb von Verner Panton f\u00fcr IKEA 1993\/1994 auf Kurato. \u2713Lieferung Schweiz \u271314-Tage R\u00fcckgabe \u2713Secondhand Unikat\" \/>\n<meta property=\"og:url\" content=\"https:\/\/kurato.ch\/fr\/product\/stuhl-vilbert-von-verner-panton-fuer-ikea-1993-1994\/\" \/>\n<meta property=\"og:site_name\" content=\"Vintage M\u00f6bel &amp; Dekoration I Kurato\" \/>\n<meta property=\"article:publisher\" content=\"https:\/\/www.facebook.com\/kuratoswitzerland\" \/>\n<meta property=\"article:modified_time\" content=\"2023-04-23T14:42:43+00:00\" \/>\n<meta property=\"og:image\" content=\"https:\/\/kurato.ch\/wp-content\/uploads\/2022\/10\/Stuhl-Vilbert-von-Verner-Panton-fu\u0308r-IKEA-19931994-vintage-secondhand-gebraucht-occassion.jpg\" \/>\n\t<meta property=\"og:image:width\" content=\"800\" \/>\n\t<meta property=\"og:image:height\" content=\"800\" \/>\n\t<meta property=\"og:image:type\" content=\"image\/jpeg\" \/>\n<script type=\"application\/ld+json\" class=\"yoast-schema-graph\">{\"@context\":\"https:\\\/\\\/schema.org\",\"@graph\":[{\"@type\":\"WebPage\",\"@id\":\"https:\\\/\\\/kurato.ch\\\/product\\\/stuhl-vilbert-von-verner-panton-fuer-ikea-1993-1994\\\/\",\"url\":\"https:\\\/\\\/kurato.ch\\\/product\\\/stuhl-vilbert-von-verner-panton-fuer-ikea-1993-1994\\\/\",\"name\":\"Stuhl \u00ab\u00a0Vilbert\u00a0\u00bb von Verner Panton f\u00fcr IKEA 1993\\\/1994 | Vintage M\u00f6bel kaufen auf KURATO.CH\",\"isPartOf\":{\"@id\":\"https:\\\/\\\/kurato.ch\\\/#website\"},\"primaryImageOfPage\":{\"@id\":\"https:\\\/\\\/kurato.ch\\\/product\\\/stuhl-vilbert-von-verner-panton-fuer-ikea-1993-1994\\\/#primaryimage\"},\"image\":{\"@id\":\"https:\\\/\\\/kurato.ch\\\/product\\\/stuhl-vilbert-von-verner-panton-fuer-ikea-1993-1994\\\/#primaryimage\"},\"thumbnailUrl\":\"https:\\\/\\\/kurato.ch\\\/wp-content\\\/uploads\\\/2022\\\/10\\\/Stuhl-Vilbert-von-Verner-Panton-fu\u0308r-IKEA-19931994-vintage-secondhand-gebraucht-occassion.jpg\",\"datePublished\":\"2022-10-04T15:19:23+00:00\",\"dateModified\":\"2023-04-23T14:42:43+00:00\",\"description\":\"Entdecke Vintage M\u00f6bel & Dekoration \u27a4 Stuhl \u00ab\u00a0Vilbert\u00a0\u00bb von Verner Panton f\u00fcr IKEA 1993\\\/1994 auf Kurato. \u2713Lieferung Schweiz \u271314-Tage R\u00fcckgabe \u2713Secondhand Unikat\",\"breadcrumb\":{\"@id\":\"https:\\\/\\\/kurato.ch\\\/product\\\/stuhl-vilbert-von-verner-panton-fuer-ikea-1993-1994\\\/#breadcrumb\"},\"inLanguage\":\"fr-FR\",\"potentialAction\":[{\"@type\":\"ReadAction\",\"target\":[\"https:\\\/\\\/kurato.ch\\\/product\\\/stuhl-vilbert-von-verner-panton-fuer-ikea-1993-1994\\\/\"]}]},{\"@type\":\"ImageObject\",\"inLanguage\":\"fr-FR\",\"@id\":\"https:\\\/\\\/kurato.ch\\\/product\\\/stuhl-vilbert-von-verner-panton-fuer-ikea-1993-1994\\\/#primaryimage\",\"url\":\"https:\\\/\\\/kurato.ch\\\/wp-content\\\/uploads\\\/2022\\\/10\\\/Stuhl-Vilbert-von-Verner-Panton-fu\u0308r-IKEA-19931994-vintage-secondhand-gebraucht-occassion.jpg\",\"contentUrl\":\"https:\\\/\\\/kurato.ch\\\/wp-content\\\/uploads\\\/2022\\\/10\\\/Stuhl-Vilbert-von-Verner-Panton-fu\u0308r-IKEA-19931994-vintage-secondhand-gebraucht-occassion.jpg\",\"width\":800,\"height\":800,\"caption\":\"Stuhl \u00ab\u00a0Vilbert\u00a0\u00bb von Verner Panton f\u00fcr IKEA 1993\\\/1994\"},{\"@type\":\"BreadcrumbList\",\"@id\":\"https:\\\/\\\/kurato.ch\\\/product\\\/stuhl-vilbert-von-verner-panton-fuer-ikea-1993-1994\\\/#breadcrumb\",\"itemListElement\":[{\"@type\":\"ListItem\",\"position\":1,\"name\":\"Home\",\"item\":\"https:\\\/\\\/kurato.ch\\\/\"},{\"@type\":\"ListItem\",\"position\":2,\"name\":\"Neuheiten\",\"item\":\"https:\\\/\\\/kurato.ch\\\/neuheiten\\\/\"},{\"@type\":\"ListItem\",\"position\":3,\"name\":\"Stuhl \u00ab\u00a0Vilbert\u00a0\u00bb von Verner Panton f\u00fcr IKEA 1993\\\/1994\"}]},{\"@type\":\"WebSite\",\"@id\":\"https:\\\/\\\/kurato.ch\\\/#website\",\"url\":\"https:\\\/\\\/kurato.ch\\\/\",\"name\":\"Vintage M\u00f6bel &amp; Dekoration I Kurato\",\"description\":\"Vintage M\u00f6bel &amp; Dekoration I Kurato\",\"publisher\":{\"@id\":\"https:\\\/\\\/kurato.ch\\\/#organization\"},\"potentialAction\":[{\"@type\":\"SearchAction\",\"target\":{\"@type\":\"EntryPoint\",\"urlTemplate\":\"https:\\\/\\\/kurato.ch\\\/?s={search_term_string}\"},\"query-input\":{\"@type\":\"PropertyValueSpecification\",\"valueRequired\":true,\"valueName\":\"search_term_string\"}}],\"inLanguage\":\"fr-FR\"},{\"@type\":\"Organization\",\"@id\":\"https:\\\/\\\/kurato.ch\\\/#organization\",\"name\":\"Kurato.\",\"url\":\"https:\\\/\\\/kurato.ch\\\/\",\"logo\":{\"@type\":\"ImageObject\",\"inLanguage\":\"fr-FR\",\"@id\":\"https:\\\/\\\/kurato.ch\\\/#\\\/schema\\\/logo\\\/image\\\/\",\"url\":\"\",\"contentUrl\":\"\",\"caption\":\"Kurato.\"},\"image\":{\"@id\":\"https:\\\/\\\/kurato.ch\\\/#\\\/schema\\\/logo\\\/image\\\/\"},\"sameAs\":[\"https:\\\/\\\/www.facebook.com\\\/kuratoswitzerland\",\"https:\\\/\\\/www.instagram.com\\\/kurato.ch\\\/\",\"https:\\\/\\\/www.pinterest.ch\\\/kurato_ch\\\/_created\\\/\"]}]}<\/script>\n<!-- \/ Yoast SEO plugin. -->","yoast_head_json":{"title":"Stuhl \u00ab\u00a0Vilbert\u00a0\u00bb von Verner Panton f\u00fcr IKEA 1993\/1994 | Vintage M\u00f6bel kaufen auf KURATO.CH","description":"Entdecke Vintage M\u00f6bel & Dekoration \u27a4 Stuhl \u00ab\u00a0Vilbert\u00a0\u00bb von Verner Panton f\u00fcr IKEA 1993\/1994 auf Kurato. \u2713Lieferung Schweiz \u271314-Tage R\u00fcckgabe \u2713Secondhand Unikat","robots":{"index":"index","follow":"follow","max-snippet":"max-snippet:-1","max-image-preview":"max-image-preview:large","max-video-preview":"max-video-preview:-1"},"canonical":"https:\/\/kurato.ch\/fr\/product\/stuhl-vilbert-von-verner-panton-fuer-ikea-1993-1994\/","og_locale":"fr_FR","og_type":"article","og_title":"Stuhl \u00ab\u00a0Vilbert\u00a0\u00bb von Verner Panton f\u00fcr IKEA 1993\/1994 | Vintage M\u00f6bel kaufen auf KURATO.CH","og_description":"Entdecke Vintage M\u00f6bel & Dekoration \u27a4 Stuhl \u00ab\u00a0Vilbert\u00a0\u00bb von Verner Panton f\u00fcr IKEA 1993\/1994 auf Kurato. \u2713Lieferung Schweiz \u271314-Tage R\u00fcckgabe \u2713Secondhand Unikat","og_url":"https:\/\/kurato.ch\/fr\/product\/stuhl-vilbert-von-verner-panton-fuer-ikea-1993-1994\/","og_site_name":"Vintage M\u00f6bel &amp; Dekoration I Kurato","article_publisher":"https:\/\/www.facebook.com\/kuratoswitzerland","article_modified_time":"2023-04-23T14:42:43+00:00","og_image":[{"width":800,"height":800,"url":"https:\/\/kurato.ch\/wp-content\/uploads\/2022\/10\/Stuhl-Vilbert-von-Verner-Panton-fu\u0308r-IKEA-19931994-vintage-secondhand-gebraucht-occassion.jpg","type":"image\/jpeg"}],"schema":{"@context":"https:\/\/schema.org","@graph":[{"@type":"WebPage","@id":"https:\/\/kurato.ch\/product\/stuhl-vilbert-von-verner-panton-fuer-ikea-1993-1994\/","url":"https:\/\/kurato.ch\/product\/stuhl-vilbert-von-verner-panton-fuer-ikea-1993-1994\/","name":"Stuhl \u00ab\u00a0Vilbert\u00a0\u00bb von Verner Panton f\u00fcr IKEA 1993\/1994 | Vintage M\u00f6bel kaufen auf KURATO.CH","isPartOf":{"@id":"https:\/\/kurato.ch\/#website"},"primaryImageOfPage":{"@id":"https:\/\/kurato.ch\/product\/stuhl-vilbert-von-verner-panton-fuer-ikea-1993-1994\/#primaryimage"},"image":{"@id":"https:\/\/kurato.ch\/product\/stuhl-vilbert-von-verner-panton-fuer-ikea-1993-1994\/#primaryimage"},"thumbnailUrl":"https:\/\/kurato.ch\/wp-content\/uploads\/2022\/10\/Stuhl-Vilbert-von-Verner-Panton-fu\u0308r-IKEA-19931994-vintage-secondhand-gebraucht-occassion.jpg","datePublished":"2022-10-04T15:19:23+00:00","dateModified":"2023-04-23T14:42:43+00:00","description":"Entdecke Vintage M\u00f6bel & Dekoration \u27a4 Stuhl \u00ab\u00a0Vilbert\u00a0\u00bb von Verner Panton f\u00fcr IKEA 1993\/1994 auf Kurato. \u2713Lieferung Schweiz \u271314-Tage R\u00fcckgabe \u2713Secondhand Unikat","breadcrumb":{"@id":"https:\/\/kurato.ch\/product\/stuhl-vilbert-von-verner-panton-fuer-ikea-1993-1994\/#breadcrumb"},"inLanguage":"fr-FR","potentialAction":[{"@type":"ReadAction","target":["https:\/\/kurato.ch\/product\/stuhl-vilbert-von-verner-panton-fuer-ikea-1993-1994\/"]}]},{"@type":"ImageObject","inLanguage":"fr-FR","@id":"https:\/\/kurato.ch\/product\/stuhl-vilbert-von-verner-panton-fuer-ikea-1993-1994\/#primaryimage","url":"https:\/\/kurato.ch\/wp-content\/uploads\/2022\/10\/Stuhl-Vilbert-von-Verner-Panton-fu\u0308r-IKEA-19931994-vintage-secondhand-gebraucht-occassion.jpg","contentUrl":"https:\/\/kurato.ch\/wp-content\/uploads\/2022\/10\/Stuhl-Vilbert-von-Verner-Panton-fu\u0308r-IKEA-19931994-vintage-secondhand-gebraucht-occassion.jpg","width":800,"height":800,"caption":"Stuhl \u00ab\u00a0Vilbert\u00a0\u00bb von Verner Panton f\u00fcr IKEA 1993\/1994"},{"@type":"BreadcrumbList","@id":"https:\/\/kurato.ch\/product\/stuhl-vilbert-von-verner-panton-fuer-ikea-1993-1994\/#breadcrumb","itemListElement":[{"@type":"ListItem","position":1,"name":"Home","item":"https:\/\/kurato.ch\/"},{"@type":"ListItem","position":2,"name":"Neuheiten","item":"https:\/\/kurato.ch\/neuheiten\/"},{"@type":"ListItem","position":3,"name":"Stuhl \u00ab\u00a0Vilbert\u00a0\u00bb von Verner Panton f\u00fcr IKEA 1993\/1994"}]},{"@type":"WebSite","@id":"https:\/\/kurato.ch\/#website","url":"https:\/\/kurato.ch\/","name":"Meubles vintage &amp; d\u00e9coration I Kurato","description":"Meubles vintage &amp; d\u00e9coration I Kurato","publisher":{"@id":"https:\/\/kurato.ch\/#organization"},"potentialAction":[{"@type":"SearchAction","target":{"@type":"EntryPoint","urlTemplate":"https:\/\/kurato.ch\/?s={search_term_string}"},"query-input":{"@type":"PropertyValueSpecification","valueRequired":true,"valueName":"search_term_string"}}],"inLanguage":"fr-FR"},{"@type":"Organization","@id":"https:\/\/kurato.ch\/#organization","name":"Kurato.","url":"https:\/\/kurato.ch\/","logo":{"@type":"ImageObject","inLanguage":"fr-FR","@id":"https:\/\/kurato.ch\/#\/schema\/logo\/image\/","url":"","contentUrl":"","caption":"Kurato."},"image":{"@id":"https:\/\/kurato.ch\/#\/schema\/logo\/image\/"},"sameAs":["https:\/\/www.facebook.com\/kuratoswitzerland","https:\/\/www.instagram.com\/kurato.ch\/","https:\/\/www.pinterest.ch\/kurato_ch\/_created\/"]}]}},"_links":{"self":[{"href":"https:\/\/kurato.ch\/fr\/wp-json\/wp\/v2\/product\/34853","targetHints":{"allow":["GET"]}}],"collection":[{"href":"https:\/\/kurato.ch\/fr\/wp-json\/wp\/v2\/product"}],"about":[{"href":"https:\/\/kurato.ch\/fr\/wp-json\/wp\/v2\/types\/product"}],"wp:featuredmedia":[{"embeddable":true,"href":"https:\/\/kurato.ch\/fr\/wp-json\/wp\/v2\/media\/34906"}],"wp:attachment":[{"href":"https:\/\/kurato.ch\/fr\/wp-json\/wp\/v2\/media?parent=34853"}],"wp:term":[{"taxonomy":"product_brand","embeddable":true,"href":"https:\/\/kurato.ch\/fr\/wp-json\/wp\/v2\/product_brand?post=34853"},{"taxonomy":"product_cat","embeddable":true,"href":"https:\/\/kurato.ch\/fr\/wp-json\/wp\/v2\/product_cat?post=34853"},{"taxonomy":"product_tag","embeddable":true,"href":"https:\/\/kurato.ch\/fr\/wp-json\/wp\/v2\/product_tag?post=34853"}],"curies":[{"name":"wp","href":"https:\/\/api.w.org\/{rel}","templated":true}]}}