{"id":34921,"date":"2022-10-05T11:06:03","date_gmt":"2022-10-05T09:06:03","guid":{"rendered":"https:\/\/kurato.ch\/?post_type=product&#038;p=34921"},"modified":"2023-12-11T21:39:15","modified_gmt":"2023-12-11T19:39:15","slug":"stuhl-mademoiselle-ilmari-tapiovaara-fuer-asko","status":"publish","type":"product","link":"https:\/\/kurato.ch\/fr\/product\/stuhl-mademoiselle-ilmari-tapiovaara-fuer-asko\/","title":{"rendered":"Chaise \" Mademoiselle \" Ilmari Tapiovaara pour Asko"},"content":{"rendered":"<p>Chaise \" Mademoiselle \" de Ilmari Tapiovaara pour Asko<\/p>\n<p>Origine : Danemark<\/p>\n<p>P\u00e9riode : ann\u00e9es 1960<\/p>\n<p>\u00c9tat g\u00e9n\u00e9ral : Bon \u00e9tat, la chaise a \u00e9t\u00e9 restaur\u00e9e (enti\u00e8rement repeinte).<\/p>\n<p>Couleur : Noir<\/p>\n<p>Mati\u00e8re principale : Bois (bouleau)<\/p>","protected":false},"excerpt":{"rendered":"<p>Stuhl \u00ab\u00a0Mademoiselle\u00a0\u00bb von Ilmari Tapiovaara f\u00fcr Asko Herkunft: D\u00e4nemark Zeitraum : 1960er Jahre Allgemeiner Zustand : Guter Zustand, der Stuhl wurde restauriert (komplett neu lackiert). Farbe: Schwarz Hauptmaterial : Holz (Birke)<\/p>","protected":false},"featured_media":34942,"template":"","meta":{"_acf_changed":false,"site-sidebar-layout":"default","site-content-layout":"default","ast-site-content-layout":"default","site-content-style":"default","site-sidebar-style":"default","ast-global-header-display":"","ast-banner-title-visibility":"","ast-main-header-display":"","ast-hfb-above-header-display":"","ast-hfb-below-header-display":"","ast-hfb-mobile-header-display":"","site-post-title":"","ast-breadcrumbs-content":"","ast-featured-img":"","footer-sml-layout":"","ast-disable-related-posts":"","theme-transparent-header-meta":"default","adv-header-id-meta":"","stick-header-meta":"default","header-above-stick-meta":"","header-main-stick-meta":"","header-below-stick-meta":"","astra-migrate-meta-layouts":"default","ast-page-background-enabled":"default","ast-page-background-meta":{"desktop":{"background-color":"","background-image":"","background-repeat":"repeat","background-position":"center center","background-size":"auto","background-attachment":"scroll","background-type":"","background-media":"","overlay-type":"","overlay-color":"","overlay-opacity":"","overlay-gradient":""},"tablet":{"background-color":"","background-image":"","background-repeat":"repeat","background-position":"center center","background-size":"auto","background-attachment":"scroll","background-type":"","background-media":"","overlay-type":"","overlay-color":"","overlay-opacity":"","overlay-gradient":""},"mobile":{"background-color":"","background-image":"","background-repeat":"repeat","background-position":"center center","background-size":"auto","background-attachment":"scroll","background-type":"","background-media":"","overlay-type":"","overlay-color":"","overlay-opacity":"","overlay-gradient":""}},"ast-content-background-meta":{"desktop":{"background-color":"var(--ast-global-color-5)","background-image":"","background-repeat":"repeat","background-position":"center center","background-size":"auto","background-attachment":"scroll","background-type":"","background-media":"","overlay-type":"","overlay-color":"","overlay-opacity":"","overlay-gradient":""},"tablet":{"background-color":"var(--ast-global-color-5)","background-image":"","background-repeat":"repeat","background-position":"center center","background-size":"auto","background-attachment":"scroll","background-type":"","background-media":"","overlay-type":"","overlay-color":"","overlay-opacity":"","overlay-gradient":""},"mobile":{"background-color":"var(--ast-global-color-5)","background-image":"","background-repeat":"repeat","background-position":"center center","background-size":"auto","background-attachment":"scroll","background-type":"","background-media":"","overlay-type":"","overlay-color":"","overlay-opacity":"","overlay-gradient":""}}},"product_brand":[],"product_cat":[409],"product_tag":[],"class_list":{"0":"post-34921","1":"product","2":"type-product","3":"status-publish","4":"has-post-thumbnail","6":"product_cat-vintage-beistellstuhl","7":"pa_farbe-schwarz","8":"pa_material-holz","9":"pa_standort-genferseeregion","10":"pa_stil-skandinavisch-mid-century","11":"desktop-align-left","12":"tablet-align-left","13":"mobile-align-left","15":"first","16":"outofstock","17":"sold-individually","18":"shipping-taxable","19":"purchasable","20":"product-type-simple"},"acf":[],"yoast_head":"<!-- This site is optimized with the Yoast SEO plugin v27.3 - https:\/\/yoast.com\/product\/yoast-seo-wordpress\/ -->\n<title>Stuhl \u00ab\u00a0Mademoiselle\u00a0\u00bb Ilmari Tapiovaara f\u00fcr Asko | Vintage M\u00f6bel kaufen auf KURATO.CH<\/title>\n<meta name=\"description\" content=\"Entdecke Vintage M\u00f6bel &amp; Dekoration \u27a4 Stuhl \u00ab\u00a0Mademoiselle\u00a0\u00bb Ilmari Tapiovaara f\u00fcr Asko auf Kurato. \u2713Lieferung Schweiz \u271314-Tage R\u00fcckgabe \u2713Secondhand Unikat\" \/>\n<meta name=\"robots\" content=\"index, follow, max-snippet:-1, max-image-preview:large, max-video-preview:-1\" \/>\n<link rel=\"canonical\" href=\"https:\/\/kurato.ch\/fr\/product\/stuhl-mademoiselle-ilmari-tapiovaara-fuer-asko\/\" \/>\n<meta property=\"og:locale\" content=\"fr_FR\" \/>\n<meta property=\"og:type\" content=\"article\" \/>\n<meta property=\"og:title\" content=\"Stuhl \u00ab\u00a0Mademoiselle\u00a0\u00bb Ilmari Tapiovaara f\u00fcr Asko | Vintage M\u00f6bel kaufen auf KURATO.CH\" \/>\n<meta property=\"og:description\" content=\"Entdecke Vintage M\u00f6bel &amp; Dekoration \u27a4 Stuhl \u00ab\u00a0Mademoiselle\u00a0\u00bb Ilmari Tapiovaara f\u00fcr Asko auf Kurato. \u2713Lieferung Schweiz \u271314-Tage R\u00fcckgabe \u2713Secondhand Unikat\" \/>\n<meta property=\"og:url\" content=\"https:\/\/kurato.ch\/fr\/product\/stuhl-mademoiselle-ilmari-tapiovaara-fuer-asko\/\" \/>\n<meta property=\"og:site_name\" content=\"Vintage M\u00f6bel &amp; Dekoration I Kurato\" \/>\n<meta property=\"article:publisher\" content=\"https:\/\/www.facebook.com\/kuratoswitzerland\" \/>\n<meta property=\"article:modified_time\" content=\"2023-12-11T19:39:15+00:00\" \/>\n<meta property=\"og:image\" content=\"https:\/\/kurato.ch\/wp-content\/uploads\/2022\/10\/Stuhl-Mademoiselle-von-Ilmari-Tapiovaara-fu\u0308r-Asko-vintage-secondhand-gebraucht-occassion.jpg\" \/>\n\t<meta property=\"og:image:width\" content=\"800\" \/>\n\t<meta property=\"og:image:height\" content=\"800\" \/>\n\t<meta property=\"og:image:type\" content=\"image\/jpeg\" \/>\n<script type=\"application\/ld+json\" class=\"yoast-schema-graph\">{\"@context\":\"https:\\\/\\\/schema.org\",\"@graph\":[{\"@type\":\"WebPage\",\"@id\":\"https:\\\/\\\/kurato.ch\\\/product\\\/stuhl-mademoiselle-ilmari-tapiovaara-fuer-asko\\\/\",\"url\":\"https:\\\/\\\/kurato.ch\\\/product\\\/stuhl-mademoiselle-ilmari-tapiovaara-fuer-asko\\\/\",\"name\":\"Stuhl \u00ab\u00a0Mademoiselle\u00a0\u00bb Ilmari Tapiovaara f\u00fcr Asko | Vintage M\u00f6bel kaufen auf KURATO.CH\",\"isPartOf\":{\"@id\":\"https:\\\/\\\/kurato.ch\\\/#website\"},\"primaryImageOfPage\":{\"@id\":\"https:\\\/\\\/kurato.ch\\\/product\\\/stuhl-mademoiselle-ilmari-tapiovaara-fuer-asko\\\/#primaryimage\"},\"image\":{\"@id\":\"https:\\\/\\\/kurato.ch\\\/product\\\/stuhl-mademoiselle-ilmari-tapiovaara-fuer-asko\\\/#primaryimage\"},\"thumbnailUrl\":\"https:\\\/\\\/kurato.ch\\\/wp-content\\\/uploads\\\/2022\\\/10\\\/Stuhl-Mademoiselle-von-Ilmari-Tapiovaara-fu\u0308r-Asko-vintage-secondhand-gebraucht-occassion.jpg\",\"datePublished\":\"2022-10-05T09:06:03+00:00\",\"dateModified\":\"2023-12-11T19:39:15+00:00\",\"description\":\"Entdecke Vintage M\u00f6bel & Dekoration \u27a4 Stuhl \u00ab\u00a0Mademoiselle\u00a0\u00bb Ilmari Tapiovaara f\u00fcr Asko auf Kurato. \u2713Lieferung Schweiz \u271314-Tage R\u00fcckgabe \u2713Secondhand Unikat\",\"breadcrumb\":{\"@id\":\"https:\\\/\\\/kurato.ch\\\/product\\\/stuhl-mademoiselle-ilmari-tapiovaara-fuer-asko\\\/#breadcrumb\"},\"inLanguage\":\"fr-FR\",\"potentialAction\":[{\"@type\":\"ReadAction\",\"target\":[\"https:\\\/\\\/kurato.ch\\\/product\\\/stuhl-mademoiselle-ilmari-tapiovaara-fuer-asko\\\/\"]}]},{\"@type\":\"ImageObject\",\"inLanguage\":\"fr-FR\",\"@id\":\"https:\\\/\\\/kurato.ch\\\/product\\\/stuhl-mademoiselle-ilmari-tapiovaara-fuer-asko\\\/#primaryimage\",\"url\":\"https:\\\/\\\/kurato.ch\\\/wp-content\\\/uploads\\\/2022\\\/10\\\/Stuhl-Mademoiselle-von-Ilmari-Tapiovaara-fu\u0308r-Asko-vintage-secondhand-gebraucht-occassion.jpg\",\"contentUrl\":\"https:\\\/\\\/kurato.ch\\\/wp-content\\\/uploads\\\/2022\\\/10\\\/Stuhl-Mademoiselle-von-Ilmari-Tapiovaara-fu\u0308r-Asko-vintage-secondhand-gebraucht-occassion.jpg\",\"width\":800,\"height\":800,\"caption\":\"Stuhl \u00ab\u00a0Mademoiselle\u00a0\u00bb von Ilmari Tapiovaara f\u00fcr Asko\"},{\"@type\":\"BreadcrumbList\",\"@id\":\"https:\\\/\\\/kurato.ch\\\/product\\\/stuhl-mademoiselle-ilmari-tapiovaara-fuer-asko\\\/#breadcrumb\",\"itemListElement\":[{\"@type\":\"ListItem\",\"position\":1,\"name\":\"Home\",\"item\":\"https:\\\/\\\/kurato.ch\\\/\"},{\"@type\":\"ListItem\",\"position\":2,\"name\":\"Neuheiten\",\"item\":\"https:\\\/\\\/kurato.ch\\\/neuheiten\\\/\"},{\"@type\":\"ListItem\",\"position\":3,\"name\":\"Stuhl \u00ab\u00a0Mademoiselle\u00a0\u00bb Ilmari Tapiovaara f\u00fcr Asko\"}]},{\"@type\":\"WebSite\",\"@id\":\"https:\\\/\\\/kurato.ch\\\/#website\",\"url\":\"https:\\\/\\\/kurato.ch\\\/\",\"name\":\"Vintage M\u00f6bel &amp; Dekoration I Kurato\",\"description\":\"Vintage M\u00f6bel &amp; Dekoration I Kurato\",\"publisher\":{\"@id\":\"https:\\\/\\\/kurato.ch\\\/#organization\"},\"potentialAction\":[{\"@type\":\"SearchAction\",\"target\":{\"@type\":\"EntryPoint\",\"urlTemplate\":\"https:\\\/\\\/kurato.ch\\\/?s={search_term_string}\"},\"query-input\":{\"@type\":\"PropertyValueSpecification\",\"valueRequired\":true,\"valueName\":\"search_term_string\"}}],\"inLanguage\":\"fr-FR\"},{\"@type\":\"Organization\",\"@id\":\"https:\\\/\\\/kurato.ch\\\/#organization\",\"name\":\"Kurato.\",\"url\":\"https:\\\/\\\/kurato.ch\\\/\",\"logo\":{\"@type\":\"ImageObject\",\"inLanguage\":\"fr-FR\",\"@id\":\"https:\\\/\\\/kurato.ch\\\/#\\\/schema\\\/logo\\\/image\\\/\",\"url\":\"\",\"contentUrl\":\"\",\"caption\":\"Kurato.\"},\"image\":{\"@id\":\"https:\\\/\\\/kurato.ch\\\/#\\\/schema\\\/logo\\\/image\\\/\"},\"sameAs\":[\"https:\\\/\\\/www.facebook.com\\\/kuratoswitzerland\",\"https:\\\/\\\/www.instagram.com\\\/kurato.ch\\\/\",\"https:\\\/\\\/www.pinterest.ch\\\/kurato_ch\\\/_created\\\/\"]}]}<\/script>\n<!-- \/ Yoast SEO plugin. -->","yoast_head_json":{"title":"Stuhl \u00ab\u00a0Mademoiselle\u00a0\u00bb Ilmari Tapiovaara f\u00fcr Asko | Vintage M\u00f6bel kaufen auf KURATO.CH","description":"Entdecke Vintage M\u00f6bel & Dekoration \u27a4 Stuhl \u00ab\u00a0Mademoiselle\u00a0\u00bb Ilmari Tapiovaara f\u00fcr Asko auf Kurato. \u2713Lieferung Schweiz \u271314-Tage R\u00fcckgabe \u2713Secondhand Unikat","robots":{"index":"index","follow":"follow","max-snippet":"max-snippet:-1","max-image-preview":"max-image-preview:large","max-video-preview":"max-video-preview:-1"},"canonical":"https:\/\/kurato.ch\/fr\/product\/stuhl-mademoiselle-ilmari-tapiovaara-fuer-asko\/","og_locale":"fr_FR","og_type":"article","og_title":"Stuhl \u00ab\u00a0Mademoiselle\u00a0\u00bb Ilmari Tapiovaara f\u00fcr Asko | Vintage M\u00f6bel kaufen auf KURATO.CH","og_description":"Entdecke Vintage M\u00f6bel & Dekoration \u27a4 Stuhl \u00ab\u00a0Mademoiselle\u00a0\u00bb Ilmari Tapiovaara f\u00fcr Asko auf Kurato. \u2713Lieferung Schweiz \u271314-Tage R\u00fcckgabe \u2713Secondhand Unikat","og_url":"https:\/\/kurato.ch\/fr\/product\/stuhl-mademoiselle-ilmari-tapiovaara-fuer-asko\/","og_site_name":"Vintage M\u00f6bel &amp; Dekoration I Kurato","article_publisher":"https:\/\/www.facebook.com\/kuratoswitzerland","article_modified_time":"2023-12-11T19:39:15+00:00","og_image":[{"width":800,"height":800,"url":"https:\/\/kurato.ch\/wp-content\/uploads\/2022\/10\/Stuhl-Mademoiselle-von-Ilmari-Tapiovaara-fu\u0308r-Asko-vintage-secondhand-gebraucht-occassion.jpg","type":"image\/jpeg"}],"schema":{"@context":"https:\/\/schema.org","@graph":[{"@type":"WebPage","@id":"https:\/\/kurato.ch\/product\/stuhl-mademoiselle-ilmari-tapiovaara-fuer-asko\/","url":"https:\/\/kurato.ch\/product\/stuhl-mademoiselle-ilmari-tapiovaara-fuer-asko\/","name":"Stuhl \u00ab\u00a0Mademoiselle\u00a0\u00bb Ilmari Tapiovaara f\u00fcr Asko | Vintage M\u00f6bel kaufen auf KURATO.CH","isPartOf":{"@id":"https:\/\/kurato.ch\/#website"},"primaryImageOfPage":{"@id":"https:\/\/kurato.ch\/product\/stuhl-mademoiselle-ilmari-tapiovaara-fuer-asko\/#primaryimage"},"image":{"@id":"https:\/\/kurato.ch\/product\/stuhl-mademoiselle-ilmari-tapiovaara-fuer-asko\/#primaryimage"},"thumbnailUrl":"https:\/\/kurato.ch\/wp-content\/uploads\/2022\/10\/Stuhl-Mademoiselle-von-Ilmari-Tapiovaara-fu\u0308r-Asko-vintage-secondhand-gebraucht-occassion.jpg","datePublished":"2022-10-05T09:06:03+00:00","dateModified":"2023-12-11T19:39:15+00:00","description":"Entdecke Vintage M\u00f6bel & Dekoration \u27a4 Stuhl \u00ab\u00a0Mademoiselle\u00a0\u00bb Ilmari Tapiovaara f\u00fcr Asko auf Kurato. \u2713Lieferung Schweiz \u271314-Tage R\u00fcckgabe \u2713Secondhand Unikat","breadcrumb":{"@id":"https:\/\/kurato.ch\/product\/stuhl-mademoiselle-ilmari-tapiovaara-fuer-asko\/#breadcrumb"},"inLanguage":"fr-FR","potentialAction":[{"@type":"ReadAction","target":["https:\/\/kurato.ch\/product\/stuhl-mademoiselle-ilmari-tapiovaara-fuer-asko\/"]}]},{"@type":"ImageObject","inLanguage":"fr-FR","@id":"https:\/\/kurato.ch\/product\/stuhl-mademoiselle-ilmari-tapiovaara-fuer-asko\/#primaryimage","url":"https:\/\/kurato.ch\/wp-content\/uploads\/2022\/10\/Stuhl-Mademoiselle-von-Ilmari-Tapiovaara-fu\u0308r-Asko-vintage-secondhand-gebraucht-occassion.jpg","contentUrl":"https:\/\/kurato.ch\/wp-content\/uploads\/2022\/10\/Stuhl-Mademoiselle-von-Ilmari-Tapiovaara-fu\u0308r-Asko-vintage-secondhand-gebraucht-occassion.jpg","width":800,"height":800,"caption":"Stuhl \u00ab\u00a0Mademoiselle\u00a0\u00bb von Ilmari Tapiovaara f\u00fcr Asko"},{"@type":"BreadcrumbList","@id":"https:\/\/kurato.ch\/product\/stuhl-mademoiselle-ilmari-tapiovaara-fuer-asko\/#breadcrumb","itemListElement":[{"@type":"ListItem","position":1,"name":"Home","item":"https:\/\/kurato.ch\/"},{"@type":"ListItem","position":2,"name":"Neuheiten","item":"https:\/\/kurato.ch\/neuheiten\/"},{"@type":"ListItem","position":3,"name":"Stuhl \u00ab\u00a0Mademoiselle\u00a0\u00bb Ilmari Tapiovaara f\u00fcr Asko"}]},{"@type":"WebSite","@id":"https:\/\/kurato.ch\/#website","url":"https:\/\/kurato.ch\/","name":"Meubles vintage &amp; d\u00e9coration I Kurato","description":"Meubles vintage &amp; d\u00e9coration I Kurato","publisher":{"@id":"https:\/\/kurato.ch\/#organization"},"potentialAction":[{"@type":"SearchAction","target":{"@type":"EntryPoint","urlTemplate":"https:\/\/kurato.ch\/?s={search_term_string}"},"query-input":{"@type":"PropertyValueSpecification","valueRequired":true,"valueName":"search_term_string"}}],"inLanguage":"fr-FR"},{"@type":"Organization","@id":"https:\/\/kurato.ch\/#organization","name":"Kurato.","url":"https:\/\/kurato.ch\/","logo":{"@type":"ImageObject","inLanguage":"fr-FR","@id":"https:\/\/kurato.ch\/#\/schema\/logo\/image\/","url":"","contentUrl":"","caption":"Kurato."},"image":{"@id":"https:\/\/kurato.ch\/#\/schema\/logo\/image\/"},"sameAs":["https:\/\/www.facebook.com\/kuratoswitzerland","https:\/\/www.instagram.com\/kurato.ch\/","https:\/\/www.pinterest.ch\/kurato_ch\/_created\/"]}]}},"_links":{"self":[{"href":"https:\/\/kurato.ch\/fr\/wp-json\/wp\/v2\/product\/34921","targetHints":{"allow":["GET"]}}],"collection":[{"href":"https:\/\/kurato.ch\/fr\/wp-json\/wp\/v2\/product"}],"about":[{"href":"https:\/\/kurato.ch\/fr\/wp-json\/wp\/v2\/types\/product"}],"wp:featuredmedia":[{"embeddable":true,"href":"https:\/\/kurato.ch\/fr\/wp-json\/wp\/v2\/media\/34942"}],"wp:attachment":[{"href":"https:\/\/kurato.ch\/fr\/wp-json\/wp\/v2\/media?parent=34921"}],"wp:term":[{"taxonomy":"product_brand","embeddable":true,"href":"https:\/\/kurato.ch\/fr\/wp-json\/wp\/v2\/product_brand?post=34921"},{"taxonomy":"product_cat","embeddable":true,"href":"https:\/\/kurato.ch\/fr\/wp-json\/wp\/v2\/product_cat?post=34921"},{"taxonomy":"product_tag","embeddable":true,"href":"https:\/\/kurato.ch\/fr\/wp-json\/wp\/v2\/product_tag?post=34921"}],"curies":[{"name":"wp","href":"https:\/\/api.w.org\/{rel}","templated":true}]}}