{"id":34944,"date":"2022-10-06T16:07:14","date_gmt":"2022-10-06T14:07:14","guid":{"rendered":"https:\/\/kurato.ch\/?post_type=product&#038;p=34944"},"modified":"2023-05-07T20:11:40","modified_gmt":"2023-05-07T18:11:40","slug":"runder-esstisch-andrew-von-dom-edizioni","status":"publish","type":"product","link":"https:\/\/kurato.ch\/fr\/product\/runder-esstisch-andrew-von-dom-edizioni\/","title":{"rendered":"Runder Esstisch &#8222;Andrew&#8220; von DOM Edizioni"},"content":{"rendered":"<p>Esstisch &#8222;Andrew&#8220; von DOM Edizioni<\/p>\n<p>Cette table de salle \u00e0 manger (ou utilisable comme bureau) fait partie de la collection Andrew de DOM Edizioni, un fabricant italien de meubles de luxe. Le designer de la collection est Domenico Mula.<\/p>\n<p>La table dispose d'un plateau en \u00e9b\u00e8ne de macassar. Le pi\u00e8tement est en m\u00e9tal avec une finition couleur bronze. La table a un diam\u00e8tre de 160 cm et une hauteur de 75 cm. Fabriqu\u00e9e \u00e0 la main en Italie.<\/p>\n<p>Prix neuf 13'000 CHF.<\/p>","protected":false},"excerpt":{"rendered":"<p>Esstisch &#8222;Andrew&#8220; von DOM Edizioni Dieser Esstisch (oder auch als Schreibtisch nutzbar) ist Teil der Andrew-Kollektion von DOM Edizioni, einem italienischen Luxusm\u00f6belhersteller. Der Designer der Kollektion ist Domenico Mula. Der Tisch verf\u00fcgt \u00fcber eine Tischplatte aus Makassar-Ebenholz. Das Gestell ist aus Metall mit einem bronzefarbenen Finish.\u00a0Der Tisch hat einen Durchmesser von 160 cm und eine [&hellip;]<\/p>\n","protected":false},"featured_media":34959,"template":"","meta":{"_acf_changed":false,"site-sidebar-layout":"default","site-content-layout":"default","ast-site-content-layout":"default","site-content-style":"default","site-sidebar-style":"default","ast-global-header-display":"","ast-banner-title-visibility":"","ast-main-header-display":"","ast-hfb-above-header-display":"","ast-hfb-below-header-display":"","ast-hfb-mobile-header-display":"","site-post-title":"","ast-breadcrumbs-content":"","ast-featured-img":"","footer-sml-layout":"","ast-disable-related-posts":"","theme-transparent-header-meta":"default","adv-header-id-meta":"","stick-header-meta":"default","header-above-stick-meta":"","header-main-stick-meta":"","header-below-stick-meta":"","astra-migrate-meta-layouts":"default","ast-page-background-enabled":"default","ast-page-background-meta":{"desktop":{"background-color":"","background-image":"","background-repeat":"repeat","background-position":"center center","background-size":"auto","background-attachment":"scroll","background-type":"","background-media":"","overlay-type":"","overlay-color":"","overlay-opacity":"","overlay-gradient":""},"tablet":{"background-color":"","background-image":"","background-repeat":"repeat","background-position":"center center","background-size":"auto","background-attachment":"scroll","background-type":"","background-media":"","overlay-type":"","overlay-color":"","overlay-opacity":"","overlay-gradient":""},"mobile":{"background-color":"","background-image":"","background-repeat":"repeat","background-position":"center center","background-size":"auto","background-attachment":"scroll","background-type":"","background-media":"","overlay-type":"","overlay-color":"","overlay-opacity":"","overlay-gradient":""}},"ast-content-background-meta":{"desktop":{"background-color":"var(--ast-global-color-5)","background-image":"","background-repeat":"repeat","background-position":"center center","background-size":"auto","background-attachment":"scroll","background-type":"","background-media":"","overlay-type":"","overlay-color":"","overlay-opacity":"","overlay-gradient":""},"tablet":{"background-color":"var(--ast-global-color-5)","background-image":"","background-repeat":"repeat","background-position":"center center","background-size":"auto","background-attachment":"scroll","background-type":"","background-media":"","overlay-type":"","overlay-color":"","overlay-opacity":"","overlay-gradient":""},"mobile":{"background-color":"var(--ast-global-color-5)","background-image":"","background-repeat":"repeat","background-position":"center center","background-size":"auto","background-attachment":"scroll","background-type":"","background-media":"","overlay-type":"","overlay-color":"","overlay-opacity":"","overlay-gradient":""}}},"product_brand":[],"product_cat":[168,169],"product_tag":[],"class_list":{"0":"post-34944","1":"product","2":"type-product","3":"status-publish","4":"has-post-thumbnail","6":"product_cat-vintage-esstisch","7":"product_cat-vintage-schreibtisch","8":"pa_designer-dom-edizioni","9":"pa_material-holz","10":"pa_standort-genferseeregion","11":"pa_stil-design","12":"desktop-align-left","13":"tablet-align-left","14":"mobile-align-left","16":"first","17":"instock","18":"sold-individually","19":"shipping-taxable","20":"purchasable","21":"product-type-simple"},"acf":[],"yoast_head":"<!-- This site is optimized with the Yoast SEO plugin v27.4 - https:\/\/yoast.com\/product\/yoast-seo-wordpress\/ -->\n<title>Runder Esstisch &quot;Andrew&quot; von DOM Edizioni | Vintage M\u00f6bel kaufen auf KURATO.CH<\/title>\n<meta name=\"description\" content=\"Entdecke Vintage M\u00f6bel &amp; Dekoration \u27a4 Runder Esstisch &quot;Andrew&quot; von DOM Edizioni auf Kurato. \u2713Lieferung Schweiz \u271314-Tage R\u00fcckgabe \u2713Secondhand Unikat\" \/>\n<meta name=\"robots\" content=\"index, follow, max-snippet:-1, max-image-preview:large, max-video-preview:-1\" \/>\n<link rel=\"canonical\" href=\"https:\/\/kurato.ch\/fr\/product\/runder-esstisch-andrew-von-dom-edizioni\/\" \/>\n<meta property=\"og:locale\" content=\"fr_FR\" \/>\n<meta property=\"og:type\" content=\"article\" \/>\n<meta property=\"og:title\" content=\"Runder Esstisch &quot;Andrew&quot; von DOM Edizioni | Vintage M\u00f6bel kaufen auf KURATO.CH\" \/>\n<meta property=\"og:description\" content=\"Entdecke Vintage M\u00f6bel &amp; Dekoration \u27a4 Runder Esstisch &quot;Andrew&quot; von DOM Edizioni auf Kurato. \u2713Lieferung Schweiz \u271314-Tage R\u00fcckgabe \u2713Secondhand Unikat\" \/>\n<meta property=\"og:url\" content=\"https:\/\/kurato.ch\/fr\/product\/runder-esstisch-andrew-von-dom-edizioni\/\" \/>\n<meta property=\"og:site_name\" content=\"Vintage M\u00f6bel &amp; Dekoration I Kurato\" \/>\n<meta property=\"article:publisher\" content=\"https:\/\/www.facebook.com\/kuratoswitzerland\" \/>\n<meta property=\"article:modified_time\" content=\"2023-05-07T18:11:40+00:00\" \/>\n<meta property=\"og:image\" content=\"https:\/\/kurato.ch\/wp-content\/uploads\/2022\/10\/Runder-Esstisch-22Andrew22-von-DOM-Edizioni-vintage-secondhand-gebraucht-occassion.jpg\" \/>\n\t<meta property=\"og:image:width\" content=\"800\" \/>\n\t<meta property=\"og:image:height\" content=\"800\" \/>\n\t<meta property=\"og:image:type\" content=\"image\/jpeg\" \/>\n<script type=\"application\/ld+json\" class=\"yoast-schema-graph\">{\"@context\":\"https:\\\/\\\/schema.org\",\"@graph\":[{\"@type\":\"WebPage\",\"@id\":\"https:\\\/\\\/kurato.ch\\\/product\\\/runder-esstisch-andrew-von-dom-edizioni\\\/\",\"url\":\"https:\\\/\\\/kurato.ch\\\/product\\\/runder-esstisch-andrew-von-dom-edizioni\\\/\",\"name\":\"Runder Esstisch \\\"Andrew\\\" von DOM Edizioni | Vintage M\u00f6bel kaufen auf KURATO.CH\",\"isPartOf\":{\"@id\":\"https:\\\/\\\/kurato.ch\\\/#website\"},\"primaryImageOfPage\":{\"@id\":\"https:\\\/\\\/kurato.ch\\\/product\\\/runder-esstisch-andrew-von-dom-edizioni\\\/#primaryimage\"},\"image\":{\"@id\":\"https:\\\/\\\/kurato.ch\\\/product\\\/runder-esstisch-andrew-von-dom-edizioni\\\/#primaryimage\"},\"thumbnailUrl\":\"https:\\\/\\\/kurato.ch\\\/wp-content\\\/uploads\\\/2022\\\/10\\\/Runder-Esstisch-22Andrew22-von-DOM-Edizioni-vintage-secondhand-gebraucht-occassion.jpg\",\"datePublished\":\"2022-10-06T14:07:14+00:00\",\"dateModified\":\"2023-05-07T18:11:40+00:00\",\"description\":\"Entdecke Vintage M\u00f6bel & Dekoration \u27a4 Runder Esstisch \\\"Andrew\\\" von DOM Edizioni auf Kurato. \u2713Lieferung Schweiz \u271314-Tage R\u00fcckgabe \u2713Secondhand Unikat\",\"breadcrumb\":{\"@id\":\"https:\\\/\\\/kurato.ch\\\/product\\\/runder-esstisch-andrew-von-dom-edizioni\\\/#breadcrumb\"},\"inLanguage\":\"fr-FR\",\"potentialAction\":[{\"@type\":\"ReadAction\",\"target\":[\"https:\\\/\\\/kurato.ch\\\/product\\\/runder-esstisch-andrew-von-dom-edizioni\\\/\"]}]},{\"@type\":\"ImageObject\",\"inLanguage\":\"fr-FR\",\"@id\":\"https:\\\/\\\/kurato.ch\\\/product\\\/runder-esstisch-andrew-von-dom-edizioni\\\/#primaryimage\",\"url\":\"https:\\\/\\\/kurato.ch\\\/wp-content\\\/uploads\\\/2022\\\/10\\\/Runder-Esstisch-22Andrew22-von-DOM-Edizioni-vintage-secondhand-gebraucht-occassion.jpg\",\"contentUrl\":\"https:\\\/\\\/kurato.ch\\\/wp-content\\\/uploads\\\/2022\\\/10\\\/Runder-Esstisch-22Andrew22-von-DOM-Edizioni-vintage-secondhand-gebraucht-occassion.jpg\",\"width\":800,\"height\":800,\"caption\":\"Runder Esstisch \\\"Andrew\\\" von DOM Edizioni\"},{\"@type\":\"BreadcrumbList\",\"@id\":\"https:\\\/\\\/kurato.ch\\\/product\\\/runder-esstisch-andrew-von-dom-edizioni\\\/#breadcrumb\",\"itemListElement\":[{\"@type\":\"ListItem\",\"position\":1,\"name\":\"Home\",\"item\":\"https:\\\/\\\/kurato.ch\\\/\"},{\"@type\":\"ListItem\",\"position\":2,\"name\":\"Neuheiten\",\"item\":\"https:\\\/\\\/kurato.ch\\\/neuheiten\\\/\"},{\"@type\":\"ListItem\",\"position\":3,\"name\":\"Runder Esstisch &#8220;Andrew&#8221; von DOM Edizioni\"}]},{\"@type\":\"WebSite\",\"@id\":\"https:\\\/\\\/kurato.ch\\\/#website\",\"url\":\"https:\\\/\\\/kurato.ch\\\/\",\"name\":\"Vintage M\u00f6bel &amp; Dekoration I Kurato\",\"description\":\"Vintage M\u00f6bel &amp; Dekoration I Kurato\",\"publisher\":{\"@id\":\"https:\\\/\\\/kurato.ch\\\/#organization\"},\"potentialAction\":[{\"@type\":\"SearchAction\",\"target\":{\"@type\":\"EntryPoint\",\"urlTemplate\":\"https:\\\/\\\/kurato.ch\\\/?s={search_term_string}\"},\"query-input\":{\"@type\":\"PropertyValueSpecification\",\"valueRequired\":true,\"valueName\":\"search_term_string\"}}],\"inLanguage\":\"fr-FR\"},{\"@type\":\"Organization\",\"@id\":\"https:\\\/\\\/kurato.ch\\\/#organization\",\"name\":\"Kurato.\",\"url\":\"https:\\\/\\\/kurato.ch\\\/\",\"logo\":{\"@type\":\"ImageObject\",\"inLanguage\":\"fr-FR\",\"@id\":\"https:\\\/\\\/kurato.ch\\\/#\\\/schema\\\/logo\\\/image\\\/\",\"url\":\"\",\"contentUrl\":\"\",\"caption\":\"Kurato.\"},\"image\":{\"@id\":\"https:\\\/\\\/kurato.ch\\\/#\\\/schema\\\/logo\\\/image\\\/\"},\"sameAs\":[\"https:\\\/\\\/www.facebook.com\\\/kuratoswitzerland\",\"https:\\\/\\\/www.instagram.com\\\/kurato.ch\\\/\",\"https:\\\/\\\/www.pinterest.ch\\\/kurato_ch\\\/_created\\\/\"]}]}<\/script>\n<!-- \/ Yoast SEO plugin. -->","yoast_head_json":{"title":"Runder Esstisch \"Andrew\" von DOM Edizioni | Vintage M\u00f6bel kaufen auf KURATO.CH","description":"Entdecke Vintage M\u00f6bel & Dekoration \u27a4 Runder Esstisch \"Andrew\" von DOM Edizioni auf Kurato. \u2713Lieferung Schweiz \u271314-Tage R\u00fcckgabe \u2713Secondhand Unikat","robots":{"index":"index","follow":"follow","max-snippet":"max-snippet:-1","max-image-preview":"max-image-preview:large","max-video-preview":"max-video-preview:-1"},"canonical":"https:\/\/kurato.ch\/fr\/product\/runder-esstisch-andrew-von-dom-edizioni\/","og_locale":"fr_FR","og_type":"article","og_title":"Runder Esstisch \"Andrew\" von DOM Edizioni | Vintage M\u00f6bel kaufen auf KURATO.CH","og_description":"Entdecke Vintage M\u00f6bel & Dekoration \u27a4 Runder Esstisch \"Andrew\" von DOM Edizioni auf Kurato. \u2713Lieferung Schweiz \u271314-Tage R\u00fcckgabe \u2713Secondhand Unikat","og_url":"https:\/\/kurato.ch\/fr\/product\/runder-esstisch-andrew-von-dom-edizioni\/","og_site_name":"Vintage M\u00f6bel &amp; Dekoration I Kurato","article_publisher":"https:\/\/www.facebook.com\/kuratoswitzerland","article_modified_time":"2023-05-07T18:11:40+00:00","og_image":[{"width":800,"height":800,"url":"https:\/\/kurato.ch\/wp-content\/uploads\/2022\/10\/Runder-Esstisch-22Andrew22-von-DOM-Edizioni-vintage-secondhand-gebraucht-occassion.jpg","type":"image\/jpeg"}],"schema":{"@context":"https:\/\/schema.org","@graph":[{"@type":"WebPage","@id":"https:\/\/kurato.ch\/product\/runder-esstisch-andrew-von-dom-edizioni\/","url":"https:\/\/kurato.ch\/product\/runder-esstisch-andrew-von-dom-edizioni\/","name":"Runder Esstisch \"Andrew\" von DOM Edizioni | Vintage M\u00f6bel kaufen auf KURATO.CH","isPartOf":{"@id":"https:\/\/kurato.ch\/#website"},"primaryImageOfPage":{"@id":"https:\/\/kurato.ch\/product\/runder-esstisch-andrew-von-dom-edizioni\/#primaryimage"},"image":{"@id":"https:\/\/kurato.ch\/product\/runder-esstisch-andrew-von-dom-edizioni\/#primaryimage"},"thumbnailUrl":"https:\/\/kurato.ch\/wp-content\/uploads\/2022\/10\/Runder-Esstisch-22Andrew22-von-DOM-Edizioni-vintage-secondhand-gebraucht-occassion.jpg","datePublished":"2022-10-06T14:07:14+00:00","dateModified":"2023-05-07T18:11:40+00:00","description":"Entdecke Vintage M\u00f6bel & Dekoration \u27a4 Runder Esstisch \"Andrew\" von DOM Edizioni auf Kurato. \u2713Lieferung Schweiz \u271314-Tage R\u00fcckgabe \u2713Secondhand Unikat","breadcrumb":{"@id":"https:\/\/kurato.ch\/product\/runder-esstisch-andrew-von-dom-edizioni\/#breadcrumb"},"inLanguage":"fr-FR","potentialAction":[{"@type":"ReadAction","target":["https:\/\/kurato.ch\/product\/runder-esstisch-andrew-von-dom-edizioni\/"]}]},{"@type":"ImageObject","inLanguage":"fr-FR","@id":"https:\/\/kurato.ch\/product\/runder-esstisch-andrew-von-dom-edizioni\/#primaryimage","url":"https:\/\/kurato.ch\/wp-content\/uploads\/2022\/10\/Runder-Esstisch-22Andrew22-von-DOM-Edizioni-vintage-secondhand-gebraucht-occassion.jpg","contentUrl":"https:\/\/kurato.ch\/wp-content\/uploads\/2022\/10\/Runder-Esstisch-22Andrew22-von-DOM-Edizioni-vintage-secondhand-gebraucht-occassion.jpg","width":800,"height":800,"caption":"Runder Esstisch \"Andrew\" von DOM Edizioni"},{"@type":"BreadcrumbList","@id":"https:\/\/kurato.ch\/product\/runder-esstisch-andrew-von-dom-edizioni\/#breadcrumb","itemListElement":[{"@type":"ListItem","position":1,"name":"Home","item":"https:\/\/kurato.ch\/"},{"@type":"ListItem","position":2,"name":"Neuheiten","item":"https:\/\/kurato.ch\/neuheiten\/"},{"@type":"ListItem","position":3,"name":"Runder Esstisch &#8220;Andrew&#8221; von DOM Edizioni"}]},{"@type":"WebSite","@id":"https:\/\/kurato.ch\/#website","url":"https:\/\/kurato.ch\/","name":"Meubles vintage &amp; d\u00e9coration I Kurato","description":"Meubles vintage &amp; d\u00e9coration I Kurato","publisher":{"@id":"https:\/\/kurato.ch\/#organization"},"potentialAction":[{"@type":"SearchAction","target":{"@type":"EntryPoint","urlTemplate":"https:\/\/kurato.ch\/?s={search_term_string}"},"query-input":{"@type":"PropertyValueSpecification","valueRequired":true,"valueName":"search_term_string"}}],"inLanguage":"fr-FR"},{"@type":"Organization","@id":"https:\/\/kurato.ch\/#organization","name":"Kurato.","url":"https:\/\/kurato.ch\/","logo":{"@type":"ImageObject","inLanguage":"fr-FR","@id":"https:\/\/kurato.ch\/#\/schema\/logo\/image\/","url":"","contentUrl":"","caption":"Kurato."},"image":{"@id":"https:\/\/kurato.ch\/#\/schema\/logo\/image\/"},"sameAs":["https:\/\/www.facebook.com\/kuratoswitzerland","https:\/\/www.instagram.com\/kurato.ch\/","https:\/\/www.pinterest.ch\/kurato_ch\/_created\/"]}]}},"_links":{"self":[{"href":"https:\/\/kurato.ch\/fr\/wp-json\/wp\/v2\/product\/34944","targetHints":{"allow":["GET"]}}],"collection":[{"href":"https:\/\/kurato.ch\/fr\/wp-json\/wp\/v2\/product"}],"about":[{"href":"https:\/\/kurato.ch\/fr\/wp-json\/wp\/v2\/types\/product"}],"wp:featuredmedia":[{"embeddable":true,"href":"https:\/\/kurato.ch\/fr\/wp-json\/wp\/v2\/media\/34959"}],"wp:attachment":[{"href":"https:\/\/kurato.ch\/fr\/wp-json\/wp\/v2\/media?parent=34944"}],"wp:term":[{"taxonomy":"product_brand","embeddable":true,"href":"https:\/\/kurato.ch\/fr\/wp-json\/wp\/v2\/product_brand?post=34944"},{"taxonomy":"product_cat","embeddable":true,"href":"https:\/\/kurato.ch\/fr\/wp-json\/wp\/v2\/product_cat?post=34944"},{"taxonomy":"product_tag","embeddable":true,"href":"https:\/\/kurato.ch\/fr\/wp-json\/wp\/v2\/product_tag?post=34944"}],"curies":[{"name":"wp","href":"https:\/\/api.w.org\/{rel}","templated":true}]}}