{"id":35050,"date":"2022-10-11T08:27:22","date_gmt":"2022-10-11T06:27:22","guid":{"rendered":"https:\/\/kurato.ch\/?post_type=product&#038;p=35050"},"modified":"2022-11-20T21:19:23","modified_gmt":"2022-11-20T19:19:23","slug":"stehlampe-aj-royal-arne-jacobsen","status":"publish","type":"product","link":"https:\/\/kurato.ch\/fr\/product\/stehlampe-aj-royal-arne-jacobsen\/","title":{"rendered":"Lampadaire \"AJ Royal\" Arne Jacobsen"},"content":{"rendered":"<p>Stehleuchten Modell &#8222;AJ Royal&#8220;.<br \/>Design Arne Jacobsen , Danemark, 1953- 1990<\/p>\n<p>\u00c9dition : Santa Cole, env. 2000<\/p>\n<p>Mat\u00e9riaux : Structure en acier inoxydable et abat-jour en lin de couleur cr\u00e8me.<br \/>Il manque la petite traction \u00e0 l'extr\u00e9mit\u00e9 du fil, mais cela ne se remarque pas du tout. Et bla pas d'impact sur le fonctionnement de la lampe.<\/p>\n<p>Lorsqu'en 1956, Arne Jacobsen a \u00e9t\u00e9 charg\u00e9 par les lignes scandinaves SAS de construire une grande tour \u00e0 usages multiples (un terminal, une agence de voyage et un h\u00f4tel) dans le centre de Copenhague, il a d'embl\u00e9e con\u00e7u une \u0153uvre d'art totale, une \u0153uvre d'art absolue, pour laquelle il a dessin\u00e9 non seulement un b\u00e2timent exceptionnel, mais aussi chaque d\u00e9tail de la d\u00e9coration int\u00e9rieure, comme les meubles (dont les c\u00e9l\u00e8bres fauteuils Swan et Egg), les tapisseries, l'argenterie, les poign\u00e9es de porte, etc.<\/p>\n<p>C'est le cas de cette \u00e9l\u00e9gante lampe qui a \u00e9t\u00e9 utilis\u00e9e dans le lobby et les salons, mais aussi dans chaque chambre de ce qui allait devenir le SAS Royal Hotel.<\/p>\n<p>Description :<\/p>\n<p>Der gusseiserne Sockel wirft das gleiche Oval des leichten Lampenschirms aus wei\u00dfem Leinen auf den Boden und verankert gleichzeitig den Schaft aus Edelstahl. Aus dem unteren Teil des Lampenschirms ragt eine Kette heraus, die das mehrfache Einschalten der beiden Gl\u00fchbirnen erm\u00f6glicht (eine, die andere, beide gleichzeitig oder keine), die nach oben und unten gerichtet sind. Ein sch\u00f6nes Beispiel f\u00fcr den Gedanken seines Autors, dass &#8222;Sparsamkeit plus Funktion gleich Stil&#8220; ist.<\/p>","protected":false},"excerpt":{"rendered":"<p>Stehleuchten Modell &#8222;AJ Royal&#8220;.Design Arne Jacobsen , D\u00e4nemark, 1953- 1990 Ausgabe: Santa Cole, ca. 2000 Materialien : Gestell aus rostfreiem Stahl und cremefarbener Lampenschirm aus Leinen.Es fehlt der kleine Zug am Ende des Drahtes , f\u00e4llt aber \u00fcberhaupt nicht auf . Und bla keine Auswirkung auf die Funktionst\u00fcchtigkeit der Lampe. Als Arne Jacobsen 1956 von [&hellip;]<\/p>\n","protected":false},"featured_media":35122,"template":"","meta":{"_acf_changed":false,"site-sidebar-layout":"default","site-content-layout":"default","ast-site-content-layout":"default","site-content-style":"default","site-sidebar-style":"default","ast-global-header-display":"","ast-banner-title-visibility":"","ast-main-header-display":"","ast-hfb-above-header-display":"","ast-hfb-below-header-display":"","ast-hfb-mobile-header-display":"","site-post-title":"","ast-breadcrumbs-content":"","ast-featured-img":"","footer-sml-layout":"","ast-disable-related-posts":"","theme-transparent-header-meta":"default","adv-header-id-meta":"","stick-header-meta":"default","header-above-stick-meta":"","header-main-stick-meta":"","header-below-stick-meta":"","astra-migrate-meta-layouts":"default","ast-page-background-enabled":"default","ast-page-background-meta":{"desktop":{"background-color":"","background-image":"","background-repeat":"repeat","background-position":"center center","background-size":"auto","background-attachment":"scroll","background-type":"","background-media":"","overlay-type":"","overlay-color":"","overlay-opacity":"","overlay-gradient":""},"tablet":{"background-color":"","background-image":"","background-repeat":"repeat","background-position":"center center","background-size":"auto","background-attachment":"scroll","background-type":"","background-media":"","overlay-type":"","overlay-color":"","overlay-opacity":"","overlay-gradient":""},"mobile":{"background-color":"","background-image":"","background-repeat":"repeat","background-position":"center center","background-size":"auto","background-attachment":"scroll","background-type":"","background-media":"","overlay-type":"","overlay-color":"","overlay-opacity":"","overlay-gradient":""}},"ast-content-background-meta":{"desktop":{"background-color":"var(--ast-global-color-5)","background-image":"","background-repeat":"repeat","background-position":"center center","background-size":"auto","background-attachment":"scroll","background-type":"","background-media":"","overlay-type":"","overlay-color":"","overlay-opacity":"","overlay-gradient":""},"tablet":{"background-color":"var(--ast-global-color-5)","background-image":"","background-repeat":"repeat","background-position":"center center","background-size":"auto","background-attachment":"scroll","background-type":"","background-media":"","overlay-type":"","overlay-color":"","overlay-opacity":"","overlay-gradient":""},"mobile":{"background-color":"var(--ast-global-color-5)","background-image":"","background-repeat":"repeat","background-position":"center center","background-size":"auto","background-attachment":"scroll","background-type":"","background-media":"","overlay-type":"","overlay-color":"","overlay-opacity":"","overlay-gradient":""}}},"product_brand":[],"product_cat":[69],"product_tag":[],"class_list":{"0":"post-35050","1":"product","2":"type-product","3":"status-publish","4":"has-post-thumbnail","6":"product_cat-vintage-stehlampe","7":"pa_designer-jacobsen-arne","8":"pa_farbe-weiss","9":"pa_material-metall","10":"pa_standort-genferseeregion","11":"pa_stil-skandinavisch-mid-century","12":"desktop-align-left","13":"tablet-align-left","14":"mobile-align-left","16":"first","17":"outofstock","18":"sold-individually","19":"shipping-taxable","20":"purchasable","21":"product-type-simple"},"acf":[],"yoast_head":"<!-- This site is optimized with the Yoast SEO plugin v27.4 - https:\/\/yoast.com\/product\/yoast-seo-wordpress\/ -->\n<title>Stehlampe \u201cAJ Royal\u201d Arne Jacobsen | Vintage M\u00f6bel kaufen auf KURATO.CH<\/title>\n<meta name=\"description\" content=\"Entdecke Vintage M\u00f6bel &amp; Dekoration \u27a4 Stehlampe \u201cAJ Royal\u201d Arne Jacobsen auf Kurato. \u2713Lieferung Schweiz \u271314-Tage R\u00fcckgabe \u2713Secondhand Unikat\" \/>\n<meta name=\"robots\" content=\"index, follow, max-snippet:-1, max-image-preview:large, max-video-preview:-1\" \/>\n<link rel=\"canonical\" href=\"https:\/\/kurato.ch\/fr\/product\/stehlampe-aj-royal-arne-jacobsen\/\" \/>\n<meta property=\"og:locale\" content=\"fr_FR\" \/>\n<meta property=\"og:type\" content=\"article\" \/>\n<meta property=\"og:title\" content=\"Stehlampe \u201cAJ Royal\u201d Arne Jacobsen | Vintage M\u00f6bel kaufen auf KURATO.CH\" \/>\n<meta property=\"og:description\" content=\"Entdecke Vintage M\u00f6bel &amp; Dekoration \u27a4 Stehlampe \u201cAJ Royal\u201d Arne Jacobsen auf Kurato. \u2713Lieferung Schweiz \u271314-Tage R\u00fcckgabe \u2713Secondhand Unikat\" \/>\n<meta property=\"og:url\" content=\"https:\/\/kurato.ch\/fr\/product\/stehlampe-aj-royal-arne-jacobsen\/\" \/>\n<meta property=\"og:site_name\" content=\"Vintage M\u00f6bel &amp; Dekoration I Kurato\" \/>\n<meta property=\"article:publisher\" content=\"https:\/\/www.facebook.com\/kuratoswitzerland\" \/>\n<meta property=\"article:modified_time\" content=\"2022-11-20T19:19:23+00:00\" \/>\n<meta property=\"og:image\" content=\"https:\/\/kurato.ch\/wp-content\/uploads\/2022\/10\/Stehlampe-AJ-Royal-Arne-Jacobsen-vintage-secondhand-gebraucht-schweiz.jpg\" \/>\n\t<meta property=\"og:image:width\" content=\"800\" \/>\n\t<meta property=\"og:image:height\" content=\"800\" \/>\n\t<meta property=\"og:image:type\" content=\"image\/jpeg\" \/>\n<meta name=\"twitter:label1\" content=\"Dur\u00e9e de lecture estim\u00e9e\" \/>\n\t<meta name=\"twitter:data1\" content=\"1 minute\" \/>\n<script type=\"application\/ld+json\" class=\"yoast-schema-graph\">{\"@context\":\"https:\\\/\\\/schema.org\",\"@graph\":[{\"@type\":\"WebPage\",\"@id\":\"https:\\\/\\\/kurato.ch\\\/product\\\/stehlampe-aj-royal-arne-jacobsen\\\/\",\"url\":\"https:\\\/\\\/kurato.ch\\\/product\\\/stehlampe-aj-royal-arne-jacobsen\\\/\",\"name\":\"Stehlampe \u201cAJ Royal\u201d Arne Jacobsen | Vintage M\u00f6bel kaufen auf KURATO.CH\",\"isPartOf\":{\"@id\":\"https:\\\/\\\/kurato.ch\\\/#website\"},\"primaryImageOfPage\":{\"@id\":\"https:\\\/\\\/kurato.ch\\\/product\\\/stehlampe-aj-royal-arne-jacobsen\\\/#primaryimage\"},\"image\":{\"@id\":\"https:\\\/\\\/kurato.ch\\\/product\\\/stehlampe-aj-royal-arne-jacobsen\\\/#primaryimage\"},\"thumbnailUrl\":\"https:\\\/\\\/kurato.ch\\\/wp-content\\\/uploads\\\/2022\\\/10\\\/Stehlampe-AJ-Royal-Arne-Jacobsen-vintage-secondhand-gebraucht-schweiz.jpg\",\"datePublished\":\"2022-10-11T06:27:22+00:00\",\"dateModified\":\"2022-11-20T19:19:23+00:00\",\"description\":\"Entdecke Vintage M\u00f6bel & Dekoration \u27a4 Stehlampe \u201cAJ Royal\u201d Arne Jacobsen auf Kurato. \u2713Lieferung Schweiz \u271314-Tage R\u00fcckgabe \u2713Secondhand Unikat\",\"breadcrumb\":{\"@id\":\"https:\\\/\\\/kurato.ch\\\/product\\\/stehlampe-aj-royal-arne-jacobsen\\\/#breadcrumb\"},\"inLanguage\":\"fr-FR\",\"potentialAction\":[{\"@type\":\"ReadAction\",\"target\":[\"https:\\\/\\\/kurato.ch\\\/product\\\/stehlampe-aj-royal-arne-jacobsen\\\/\"]}]},{\"@type\":\"ImageObject\",\"inLanguage\":\"fr-FR\",\"@id\":\"https:\\\/\\\/kurato.ch\\\/product\\\/stehlampe-aj-royal-arne-jacobsen\\\/#primaryimage\",\"url\":\"https:\\\/\\\/kurato.ch\\\/wp-content\\\/uploads\\\/2022\\\/10\\\/Stehlampe-AJ-Royal-Arne-Jacobsen-vintage-secondhand-gebraucht-schweiz.jpg\",\"contentUrl\":\"https:\\\/\\\/kurato.ch\\\/wp-content\\\/uploads\\\/2022\\\/10\\\/Stehlampe-AJ-Royal-Arne-Jacobsen-vintage-secondhand-gebraucht-schweiz.jpg\",\"width\":800,\"height\":800,\"caption\":\"Stehlampe \u201cAJ Royal\u201d Arne Jacobsen\"},{\"@type\":\"BreadcrumbList\",\"@id\":\"https:\\\/\\\/kurato.ch\\\/product\\\/stehlampe-aj-royal-arne-jacobsen\\\/#breadcrumb\",\"itemListElement\":[{\"@type\":\"ListItem\",\"position\":1,\"name\":\"Home\",\"item\":\"https:\\\/\\\/kurato.ch\\\/\"},{\"@type\":\"ListItem\",\"position\":2,\"name\":\"Neuheiten\",\"item\":\"https:\\\/\\\/kurato.ch\\\/neuheiten\\\/\"},{\"@type\":\"ListItem\",\"position\":3,\"name\":\"Stehlampe \u201cAJ Royal\u201d Arne Jacobsen\"}]},{\"@type\":\"WebSite\",\"@id\":\"https:\\\/\\\/kurato.ch\\\/#website\",\"url\":\"https:\\\/\\\/kurato.ch\\\/\",\"name\":\"Vintage M\u00f6bel &amp; Dekoration I Kurato\",\"description\":\"Vintage M\u00f6bel &amp; Dekoration I Kurato\",\"publisher\":{\"@id\":\"https:\\\/\\\/kurato.ch\\\/#organization\"},\"potentialAction\":[{\"@type\":\"SearchAction\",\"target\":{\"@type\":\"EntryPoint\",\"urlTemplate\":\"https:\\\/\\\/kurato.ch\\\/?s={search_term_string}\"},\"query-input\":{\"@type\":\"PropertyValueSpecification\",\"valueRequired\":true,\"valueName\":\"search_term_string\"}}],\"inLanguage\":\"fr-FR\"},{\"@type\":\"Organization\",\"@id\":\"https:\\\/\\\/kurato.ch\\\/#organization\",\"name\":\"Kurato.\",\"url\":\"https:\\\/\\\/kurato.ch\\\/\",\"logo\":{\"@type\":\"ImageObject\",\"inLanguage\":\"fr-FR\",\"@id\":\"https:\\\/\\\/kurato.ch\\\/#\\\/schema\\\/logo\\\/image\\\/\",\"url\":\"\",\"contentUrl\":\"\",\"caption\":\"Kurato.\"},\"image\":{\"@id\":\"https:\\\/\\\/kurato.ch\\\/#\\\/schema\\\/logo\\\/image\\\/\"},\"sameAs\":[\"https:\\\/\\\/www.facebook.com\\\/kuratoswitzerland\",\"https:\\\/\\\/www.instagram.com\\\/kurato.ch\\\/\",\"https:\\\/\\\/www.pinterest.ch\\\/kurato_ch\\\/_created\\\/\"]}]}<\/script>\n<!-- \/ Yoast SEO plugin. -->","yoast_head_json":{"title":"Stehlampe \u201cAJ Royal\u201d Arne Jacobsen | Vintage M\u00f6bel kaufen auf KURATO.CH","description":"Entdecke Vintage M\u00f6bel & Dekoration \u27a4 Stehlampe \u201cAJ Royal\u201d Arne Jacobsen auf Kurato. \u2713Lieferung Schweiz \u271314-Tage R\u00fcckgabe \u2713Secondhand Unikat","robots":{"index":"index","follow":"follow","max-snippet":"max-snippet:-1","max-image-preview":"max-image-preview:large","max-video-preview":"max-video-preview:-1"},"canonical":"https:\/\/kurato.ch\/fr\/product\/stehlampe-aj-royal-arne-jacobsen\/","og_locale":"fr_FR","og_type":"article","og_title":"Stehlampe \u201cAJ Royal\u201d Arne Jacobsen | Vintage M\u00f6bel kaufen auf KURATO.CH","og_description":"Entdecke Vintage M\u00f6bel & Dekoration \u27a4 Stehlampe \u201cAJ Royal\u201d Arne Jacobsen auf Kurato. \u2713Lieferung Schweiz \u271314-Tage R\u00fcckgabe \u2713Secondhand Unikat","og_url":"https:\/\/kurato.ch\/fr\/product\/stehlampe-aj-royal-arne-jacobsen\/","og_site_name":"Vintage M\u00f6bel &amp; Dekoration I Kurato","article_publisher":"https:\/\/www.facebook.com\/kuratoswitzerland","article_modified_time":"2022-11-20T19:19:23+00:00","og_image":[{"width":800,"height":800,"url":"https:\/\/kurato.ch\/wp-content\/uploads\/2022\/10\/Stehlampe-AJ-Royal-Arne-Jacobsen-vintage-secondhand-gebraucht-schweiz.jpg","type":"image\/jpeg"}],"twitter_misc":{"Dur\u00e9e de lecture estim\u00e9e":"1 minute"},"schema":{"@context":"https:\/\/schema.org","@graph":[{"@type":"WebPage","@id":"https:\/\/kurato.ch\/product\/stehlampe-aj-royal-arne-jacobsen\/","url":"https:\/\/kurato.ch\/product\/stehlampe-aj-royal-arne-jacobsen\/","name":"Stehlampe \u201cAJ Royal\u201d Arne Jacobsen | Vintage M\u00f6bel kaufen auf KURATO.CH","isPartOf":{"@id":"https:\/\/kurato.ch\/#website"},"primaryImageOfPage":{"@id":"https:\/\/kurato.ch\/product\/stehlampe-aj-royal-arne-jacobsen\/#primaryimage"},"image":{"@id":"https:\/\/kurato.ch\/product\/stehlampe-aj-royal-arne-jacobsen\/#primaryimage"},"thumbnailUrl":"https:\/\/kurato.ch\/wp-content\/uploads\/2022\/10\/Stehlampe-AJ-Royal-Arne-Jacobsen-vintage-secondhand-gebraucht-schweiz.jpg","datePublished":"2022-10-11T06:27:22+00:00","dateModified":"2022-11-20T19:19:23+00:00","description":"Entdecke Vintage M\u00f6bel & Dekoration \u27a4 Stehlampe \u201cAJ Royal\u201d Arne Jacobsen auf Kurato. \u2713Lieferung Schweiz \u271314-Tage R\u00fcckgabe \u2713Secondhand Unikat","breadcrumb":{"@id":"https:\/\/kurato.ch\/product\/stehlampe-aj-royal-arne-jacobsen\/#breadcrumb"},"inLanguage":"fr-FR","potentialAction":[{"@type":"ReadAction","target":["https:\/\/kurato.ch\/product\/stehlampe-aj-royal-arne-jacobsen\/"]}]},{"@type":"ImageObject","inLanguage":"fr-FR","@id":"https:\/\/kurato.ch\/product\/stehlampe-aj-royal-arne-jacobsen\/#primaryimage","url":"https:\/\/kurato.ch\/wp-content\/uploads\/2022\/10\/Stehlampe-AJ-Royal-Arne-Jacobsen-vintage-secondhand-gebraucht-schweiz.jpg","contentUrl":"https:\/\/kurato.ch\/wp-content\/uploads\/2022\/10\/Stehlampe-AJ-Royal-Arne-Jacobsen-vintage-secondhand-gebraucht-schweiz.jpg","width":800,"height":800,"caption":"Stehlampe \u201cAJ Royal\u201d Arne Jacobsen"},{"@type":"BreadcrumbList","@id":"https:\/\/kurato.ch\/product\/stehlampe-aj-royal-arne-jacobsen\/#breadcrumb","itemListElement":[{"@type":"ListItem","position":1,"name":"Home","item":"https:\/\/kurato.ch\/"},{"@type":"ListItem","position":2,"name":"Neuheiten","item":"https:\/\/kurato.ch\/neuheiten\/"},{"@type":"ListItem","position":3,"name":"Stehlampe \u201cAJ Royal\u201d Arne Jacobsen"}]},{"@type":"WebSite","@id":"https:\/\/kurato.ch\/#website","url":"https:\/\/kurato.ch\/","name":"Meubles vintage &amp; d\u00e9coration I Kurato","description":"Meubles vintage &amp; d\u00e9coration I Kurato","publisher":{"@id":"https:\/\/kurato.ch\/#organization"},"potentialAction":[{"@type":"SearchAction","target":{"@type":"EntryPoint","urlTemplate":"https:\/\/kurato.ch\/?s={search_term_string}"},"query-input":{"@type":"PropertyValueSpecification","valueRequired":true,"valueName":"search_term_string"}}],"inLanguage":"fr-FR"},{"@type":"Organization","@id":"https:\/\/kurato.ch\/#organization","name":"Kurato.","url":"https:\/\/kurato.ch\/","logo":{"@type":"ImageObject","inLanguage":"fr-FR","@id":"https:\/\/kurato.ch\/#\/schema\/logo\/image\/","url":"","contentUrl":"","caption":"Kurato."},"image":{"@id":"https:\/\/kurato.ch\/#\/schema\/logo\/image\/"},"sameAs":["https:\/\/www.facebook.com\/kuratoswitzerland","https:\/\/www.instagram.com\/kurato.ch\/","https:\/\/www.pinterest.ch\/kurato_ch\/_created\/"]}]}},"_links":{"self":[{"href":"https:\/\/kurato.ch\/fr\/wp-json\/wp\/v2\/product\/35050","targetHints":{"allow":["GET"]}}],"collection":[{"href":"https:\/\/kurato.ch\/fr\/wp-json\/wp\/v2\/product"}],"about":[{"href":"https:\/\/kurato.ch\/fr\/wp-json\/wp\/v2\/types\/product"}],"wp:featuredmedia":[{"embeddable":true,"href":"https:\/\/kurato.ch\/fr\/wp-json\/wp\/v2\/media\/35122"}],"wp:attachment":[{"href":"https:\/\/kurato.ch\/fr\/wp-json\/wp\/v2\/media?parent=35050"}],"wp:term":[{"taxonomy":"product_brand","embeddable":true,"href":"https:\/\/kurato.ch\/fr\/wp-json\/wp\/v2\/product_brand?post=35050"},{"taxonomy":"product_cat","embeddable":true,"href":"https:\/\/kurato.ch\/fr\/wp-json\/wp\/v2\/product_cat?post=35050"},{"taxonomy":"product_tag","embeddable":true,"href":"https:\/\/kurato.ch\/fr\/wp-json\/wp\/v2\/product_tag?post=35050"}],"curies":[{"name":"wp","href":"https:\/\/api.w.org\/{rel}","templated":true}]}}