{"id":35562,"date":"2022-10-31T12:56:07","date_gmt":"2022-10-31T10:56:07","guid":{"rendered":"https:\/\/kurato.ch\/?post_type=product&#038;p=35562"},"modified":"2022-10-31T12:56:55","modified_gmt":"2022-10-31T10:56:55","slug":"chinesischer-trommelhocker-aus-burma-padauk-holz-mit-marmor","status":"publish","type":"product","link":"https:\/\/kurato.ch\/fr\/product\/chinesischer-trommelhocker-aus-burma-padauk-holz-mit-marmor\/","title":{"rendered":"Tabouret de tambour chinois en bois de Padauk birman avec marbre"},"content":{"rendered":"<p>Tabouret de tambour chinois en bois de Padauk birman avec marbre<\/p>\n<p>Le tabouret est fabriqu\u00e9 en bois Padauk birman de haute qualit\u00e9. Il a \u00e9t\u00e9 fabriqu\u00e9 \u00e0 la main de mani\u00e8re traditionnelle avec des tenons et des serrures. Le plateau est en marbre des nuages de Guangdong.<\/p>\n<p>La chaise n'est actuellement pas disponible en Suisse, il faut donc compter avec un d\u00e9lai de livraison d'environ 1 mois.<br \/>Il n'y a cependant pas de frais suppl\u00e9mentaires pour l'acheteur du fait de l'importation. Veuillez me contacter avant l'achat pour clarifier d'\u00e9ventuelles questions.<\/p>\n<p>Dimensions : 41cm de large, 48cm de haut<\/p>","protected":false},"excerpt":{"rendered":"<p>Chinesischer Trommelhocker aus Burma Padauk Holz mit Marmor Der Hocker ist hergestellt aus hochwertigem Burma Padauk Holz. Er wurde traditionell mit Zapfen und Schl\u00f6ssern handgefertigt. Die Tischplatte ist aus Guangdong Wolkenmarmor. Der Stuhl ist derzeit nicht in der Schweiz, daher ist mit einer Lieferzeit von ca. 1 Monat zu rechnen.Es entstehen jedoch keine zus\u00e4tzlichen Kosten [&hellip;]<\/p>\n","protected":false},"featured_media":35637,"template":"","meta":{"_acf_changed":false,"site-sidebar-layout":"default","site-content-layout":"","ast-site-content-layout":"default","site-content-style":"default","site-sidebar-style":"default","ast-global-header-display":"","ast-banner-title-visibility":"","ast-main-header-display":"","ast-hfb-above-header-display":"","ast-hfb-below-header-display":"","ast-hfb-mobile-header-display":"","site-post-title":"","ast-breadcrumbs-content":"","ast-featured-img":"","footer-sml-layout":"","ast-disable-related-posts":"","theme-transparent-header-meta":"","adv-header-id-meta":"","stick-header-meta":"","header-above-stick-meta":"","header-main-stick-meta":"","header-below-stick-meta":"","astra-migrate-meta-layouts":"default","ast-page-background-enabled":"default","ast-page-background-meta":{"desktop":{"background-color":"","background-image":"","background-repeat":"repeat","background-position":"center center","background-size":"auto","background-attachment":"scroll","background-type":"","background-media":"","overlay-type":"","overlay-color":"","overlay-opacity":"","overlay-gradient":""},"tablet":{"background-color":"","background-image":"","background-repeat":"repeat","background-position":"center center","background-size":"auto","background-attachment":"scroll","background-type":"","background-media":"","overlay-type":"","overlay-color":"","overlay-opacity":"","overlay-gradient":""},"mobile":{"background-color":"","background-image":"","background-repeat":"repeat","background-position":"center center","background-size":"auto","background-attachment":"scroll","background-type":"","background-media":"","overlay-type":"","overlay-color":"","overlay-opacity":"","overlay-gradient":""}},"ast-content-background-meta":{"desktop":{"background-color":"var(--ast-global-color-5)","background-image":"","background-repeat":"repeat","background-position":"center center","background-size":"auto","background-attachment":"scroll","background-type":"","background-media":"","overlay-type":"","overlay-color":"","overlay-opacity":"","overlay-gradient":""},"tablet":{"background-color":"var(--ast-global-color-5)","background-image":"","background-repeat":"repeat","background-position":"center center","background-size":"auto","background-attachment":"scroll","background-type":"","background-media":"","overlay-type":"","overlay-color":"","overlay-opacity":"","overlay-gradient":""},"mobile":{"background-color":"var(--ast-global-color-5)","background-image":"","background-repeat":"repeat","background-position":"center center","background-size":"auto","background-attachment":"scroll","background-type":"","background-media":"","overlay-type":"","overlay-color":"","overlay-opacity":"","overlay-gradient":""}}},"product_brand":[],"product_cat":[377,149],"product_tag":[],"class_list":{"0":"post-35562","1":"product","2":"type-product","3":"status-publish","4":"has-post-thumbnail","6":"product_cat-vintage-hocker","7":"product_cat-vintage-hocker-ottoman","8":"pa_material-holz","9":"pa_standort-zentralschweiz","10":"pa_stil-antiquitaet","11":"desktop-align-left","12":"tablet-align-left","13":"mobile-align-left","15":"first","16":"instock","17":"sold-individually","18":"shipping-taxable","19":"purchasable","20":"product-type-simple"},"acf":[],"yoast_head":"<!-- This site is optimized with the Yoast SEO plugin v27.4 - https:\/\/yoast.com\/product\/yoast-seo-wordpress\/ -->\n<title>Chinesischer Trommelhocker aus Burma Padauk Holz mit Marmor | Vintage M\u00f6bel kaufen auf KURATO.CH<\/title>\n<meta name=\"description\" content=\"Entdecke Vintage M\u00f6bel &amp; Dekoration \u27a4 Chinesischer Trommelhocker aus Burma Padauk Holz mit Marmor auf Kurato. \u2713Lieferung Schweiz \u271314-Tage R\u00fcckgabe \u2713Secondhand Unikat\" \/>\n<meta name=\"robots\" content=\"index, follow, max-snippet:-1, max-image-preview:large, max-video-preview:-1\" \/>\n<link rel=\"canonical\" href=\"https:\/\/kurato.ch\/fr\/product\/chinesischer-trommelhocker-aus-burma-padauk-holz-mit-marmor\/\" \/>\n<meta property=\"og:locale\" content=\"fr_FR\" \/>\n<meta property=\"og:type\" content=\"article\" \/>\n<meta property=\"og:title\" content=\"Chinesischer Trommelhocker aus Burma Padauk Holz mit Marmor | Vintage M\u00f6bel kaufen auf KURATO.CH\" \/>\n<meta property=\"og:description\" content=\"Entdecke Vintage M\u00f6bel &amp; Dekoration \u27a4 Chinesischer Trommelhocker aus Burma Padauk Holz mit Marmor auf Kurato. \u2713Lieferung Schweiz \u271314-Tage R\u00fcckgabe \u2713Secondhand Unikat\" \/>\n<meta property=\"og:url\" content=\"https:\/\/kurato.ch\/fr\/product\/chinesischer-trommelhocker-aus-burma-padauk-holz-mit-marmor\/\" \/>\n<meta property=\"og:site_name\" content=\"Vintage M\u00f6bel &amp; Dekoration I Kurato\" \/>\n<meta property=\"article:publisher\" content=\"https:\/\/www.facebook.com\/kuratoswitzerland\" \/>\n<meta property=\"article:modified_time\" content=\"2022-10-31T10:56:55+00:00\" \/>\n<meta property=\"og:image\" content=\"https:\/\/kurato.ch\/wp-content\/uploads\/2022\/10\/Chinesischer-Trommelhocker-aus-Burma-Padauk-Holz-mit-Marmor-vintage-secondhand-gebraucht-schweiz.jpg\" \/>\n\t<meta property=\"og:image:width\" content=\"800\" \/>\n\t<meta property=\"og:image:height\" content=\"800\" \/>\n\t<meta property=\"og:image:type\" content=\"image\/jpeg\" \/>\n<script type=\"application\/ld+json\" class=\"yoast-schema-graph\">{\"@context\":\"https:\\\/\\\/schema.org\",\"@graph\":[{\"@type\":\"WebPage\",\"@id\":\"https:\\\/\\\/kurato.ch\\\/product\\\/chinesischer-trommelhocker-aus-burma-padauk-holz-mit-marmor\\\/\",\"url\":\"https:\\\/\\\/kurato.ch\\\/product\\\/chinesischer-trommelhocker-aus-burma-padauk-holz-mit-marmor\\\/\",\"name\":\"Chinesischer Trommelhocker aus Burma Padauk Holz mit Marmor | Vintage M\u00f6bel kaufen auf KURATO.CH\",\"isPartOf\":{\"@id\":\"https:\\\/\\\/kurato.ch\\\/#website\"},\"primaryImageOfPage\":{\"@id\":\"https:\\\/\\\/kurato.ch\\\/product\\\/chinesischer-trommelhocker-aus-burma-padauk-holz-mit-marmor\\\/#primaryimage\"},\"image\":{\"@id\":\"https:\\\/\\\/kurato.ch\\\/product\\\/chinesischer-trommelhocker-aus-burma-padauk-holz-mit-marmor\\\/#primaryimage\"},\"thumbnailUrl\":\"https:\\\/\\\/kurato.ch\\\/wp-content\\\/uploads\\\/2022\\\/10\\\/Chinesischer-Trommelhocker-aus-Burma-Padauk-Holz-mit-Marmor-vintage-secondhand-gebraucht-schweiz.jpg\",\"datePublished\":\"2022-10-31T10:56:07+00:00\",\"dateModified\":\"2022-10-31T10:56:55+00:00\",\"description\":\"Entdecke Vintage M\u00f6bel & Dekoration \u27a4 Chinesischer Trommelhocker aus Burma Padauk Holz mit Marmor auf Kurato. \u2713Lieferung Schweiz \u271314-Tage R\u00fcckgabe \u2713Secondhand Unikat\",\"breadcrumb\":{\"@id\":\"https:\\\/\\\/kurato.ch\\\/product\\\/chinesischer-trommelhocker-aus-burma-padauk-holz-mit-marmor\\\/#breadcrumb\"},\"inLanguage\":\"fr-FR\",\"potentialAction\":[{\"@type\":\"ReadAction\",\"target\":[\"https:\\\/\\\/kurato.ch\\\/product\\\/chinesischer-trommelhocker-aus-burma-padauk-holz-mit-marmor\\\/\"]}]},{\"@type\":\"ImageObject\",\"inLanguage\":\"fr-FR\",\"@id\":\"https:\\\/\\\/kurato.ch\\\/product\\\/chinesischer-trommelhocker-aus-burma-padauk-holz-mit-marmor\\\/#primaryimage\",\"url\":\"https:\\\/\\\/kurato.ch\\\/wp-content\\\/uploads\\\/2022\\\/10\\\/Chinesischer-Trommelhocker-aus-Burma-Padauk-Holz-mit-Marmor-vintage-secondhand-gebraucht-schweiz.jpg\",\"contentUrl\":\"https:\\\/\\\/kurato.ch\\\/wp-content\\\/uploads\\\/2022\\\/10\\\/Chinesischer-Trommelhocker-aus-Burma-Padauk-Holz-mit-Marmor-vintage-secondhand-gebraucht-schweiz.jpg\",\"width\":800,\"height\":800,\"caption\":\"Chinesischer Trommelhocker aus Burma Padauk Holz mit Marmor\"},{\"@type\":\"BreadcrumbList\",\"@id\":\"https:\\\/\\\/kurato.ch\\\/product\\\/chinesischer-trommelhocker-aus-burma-padauk-holz-mit-marmor\\\/#breadcrumb\",\"itemListElement\":[{\"@type\":\"ListItem\",\"position\":1,\"name\":\"Home\",\"item\":\"https:\\\/\\\/kurato.ch\\\/\"},{\"@type\":\"ListItem\",\"position\":2,\"name\":\"Neuheiten\",\"item\":\"https:\\\/\\\/kurato.ch\\\/neuheiten\\\/\"},{\"@type\":\"ListItem\",\"position\":3,\"name\":\"Chinesischer Trommelhocker aus Burma Padauk Holz mit Marmor\"}]},{\"@type\":\"WebSite\",\"@id\":\"https:\\\/\\\/kurato.ch\\\/#website\",\"url\":\"https:\\\/\\\/kurato.ch\\\/\",\"name\":\"Vintage M\u00f6bel &amp; Dekoration I Kurato\",\"description\":\"Vintage M\u00f6bel &amp; Dekoration I Kurato\",\"publisher\":{\"@id\":\"https:\\\/\\\/kurato.ch\\\/#organization\"},\"potentialAction\":[{\"@type\":\"SearchAction\",\"target\":{\"@type\":\"EntryPoint\",\"urlTemplate\":\"https:\\\/\\\/kurato.ch\\\/?s={search_term_string}\"},\"query-input\":{\"@type\":\"PropertyValueSpecification\",\"valueRequired\":true,\"valueName\":\"search_term_string\"}}],\"inLanguage\":\"fr-FR\"},{\"@type\":\"Organization\",\"@id\":\"https:\\\/\\\/kurato.ch\\\/#organization\",\"name\":\"Kurato.\",\"url\":\"https:\\\/\\\/kurato.ch\\\/\",\"logo\":{\"@type\":\"ImageObject\",\"inLanguage\":\"fr-FR\",\"@id\":\"https:\\\/\\\/kurato.ch\\\/#\\\/schema\\\/logo\\\/image\\\/\",\"url\":\"\",\"contentUrl\":\"\",\"caption\":\"Kurato.\"},\"image\":{\"@id\":\"https:\\\/\\\/kurato.ch\\\/#\\\/schema\\\/logo\\\/image\\\/\"},\"sameAs\":[\"https:\\\/\\\/www.facebook.com\\\/kuratoswitzerland\",\"https:\\\/\\\/www.instagram.com\\\/kurato.ch\\\/\",\"https:\\\/\\\/www.pinterest.ch\\\/kurato_ch\\\/_created\\\/\"]}]}<\/script>\n<!-- \/ Yoast SEO plugin. -->","yoast_head_json":{"title":"Chinesischer Trommelhocker aus Burma Padauk Holz mit Marmor | Vintage M\u00f6bel kaufen auf KURATO.CH","description":"Entdecke Vintage M\u00f6bel & Dekoration \u27a4 Chinesischer Trommelhocker aus Burma Padauk Holz mit Marmor auf Kurato. \u2713Lieferung Schweiz \u271314-Tage R\u00fcckgabe \u2713Secondhand Unikat","robots":{"index":"index","follow":"follow","max-snippet":"max-snippet:-1","max-image-preview":"max-image-preview:large","max-video-preview":"max-video-preview:-1"},"canonical":"https:\/\/kurato.ch\/fr\/product\/chinesischer-trommelhocker-aus-burma-padauk-holz-mit-marmor\/","og_locale":"fr_FR","og_type":"article","og_title":"Chinesischer Trommelhocker aus Burma Padauk Holz mit Marmor | Vintage M\u00f6bel kaufen auf KURATO.CH","og_description":"Entdecke Vintage M\u00f6bel & Dekoration \u27a4 Chinesischer Trommelhocker aus Burma Padauk Holz mit Marmor auf Kurato. \u2713Lieferung Schweiz \u271314-Tage R\u00fcckgabe \u2713Secondhand Unikat","og_url":"https:\/\/kurato.ch\/fr\/product\/chinesischer-trommelhocker-aus-burma-padauk-holz-mit-marmor\/","og_site_name":"Vintage M\u00f6bel &amp; Dekoration I Kurato","article_publisher":"https:\/\/www.facebook.com\/kuratoswitzerland","article_modified_time":"2022-10-31T10:56:55+00:00","og_image":[{"width":800,"height":800,"url":"https:\/\/kurato.ch\/wp-content\/uploads\/2022\/10\/Chinesischer-Trommelhocker-aus-Burma-Padauk-Holz-mit-Marmor-vintage-secondhand-gebraucht-schweiz.jpg","type":"image\/jpeg"}],"schema":{"@context":"https:\/\/schema.org","@graph":[{"@type":"WebPage","@id":"https:\/\/kurato.ch\/product\/chinesischer-trommelhocker-aus-burma-padauk-holz-mit-marmor\/","url":"https:\/\/kurato.ch\/product\/chinesischer-trommelhocker-aus-burma-padauk-holz-mit-marmor\/","name":"Chinesischer Trommelhocker aus Burma Padauk Holz mit Marmor | Vintage M\u00f6bel kaufen auf KURATO.CH","isPartOf":{"@id":"https:\/\/kurato.ch\/#website"},"primaryImageOfPage":{"@id":"https:\/\/kurato.ch\/product\/chinesischer-trommelhocker-aus-burma-padauk-holz-mit-marmor\/#primaryimage"},"image":{"@id":"https:\/\/kurato.ch\/product\/chinesischer-trommelhocker-aus-burma-padauk-holz-mit-marmor\/#primaryimage"},"thumbnailUrl":"https:\/\/kurato.ch\/wp-content\/uploads\/2022\/10\/Chinesischer-Trommelhocker-aus-Burma-Padauk-Holz-mit-Marmor-vintage-secondhand-gebraucht-schweiz.jpg","datePublished":"2022-10-31T10:56:07+00:00","dateModified":"2022-10-31T10:56:55+00:00","description":"Entdecke Vintage M\u00f6bel & Dekoration \u27a4 Chinesischer Trommelhocker aus Burma Padauk Holz mit Marmor auf Kurato. \u2713Lieferung Schweiz \u271314-Tage R\u00fcckgabe \u2713Secondhand Unikat","breadcrumb":{"@id":"https:\/\/kurato.ch\/product\/chinesischer-trommelhocker-aus-burma-padauk-holz-mit-marmor\/#breadcrumb"},"inLanguage":"fr-FR","potentialAction":[{"@type":"ReadAction","target":["https:\/\/kurato.ch\/product\/chinesischer-trommelhocker-aus-burma-padauk-holz-mit-marmor\/"]}]},{"@type":"ImageObject","inLanguage":"fr-FR","@id":"https:\/\/kurato.ch\/product\/chinesischer-trommelhocker-aus-burma-padauk-holz-mit-marmor\/#primaryimage","url":"https:\/\/kurato.ch\/wp-content\/uploads\/2022\/10\/Chinesischer-Trommelhocker-aus-Burma-Padauk-Holz-mit-Marmor-vintage-secondhand-gebraucht-schweiz.jpg","contentUrl":"https:\/\/kurato.ch\/wp-content\/uploads\/2022\/10\/Chinesischer-Trommelhocker-aus-Burma-Padauk-Holz-mit-Marmor-vintage-secondhand-gebraucht-schweiz.jpg","width":800,"height":800,"caption":"Chinesischer Trommelhocker aus Burma Padauk Holz mit Marmor"},{"@type":"BreadcrumbList","@id":"https:\/\/kurato.ch\/product\/chinesischer-trommelhocker-aus-burma-padauk-holz-mit-marmor\/#breadcrumb","itemListElement":[{"@type":"ListItem","position":1,"name":"Home","item":"https:\/\/kurato.ch\/"},{"@type":"ListItem","position":2,"name":"Neuheiten","item":"https:\/\/kurato.ch\/neuheiten\/"},{"@type":"ListItem","position":3,"name":"Chinesischer Trommelhocker aus Burma Padauk Holz mit Marmor"}]},{"@type":"WebSite","@id":"https:\/\/kurato.ch\/#website","url":"https:\/\/kurato.ch\/","name":"Meubles vintage &amp; d\u00e9coration I Kurato","description":"Meubles vintage &amp; d\u00e9coration I Kurato","publisher":{"@id":"https:\/\/kurato.ch\/#organization"},"potentialAction":[{"@type":"SearchAction","target":{"@type":"EntryPoint","urlTemplate":"https:\/\/kurato.ch\/?s={search_term_string}"},"query-input":{"@type":"PropertyValueSpecification","valueRequired":true,"valueName":"search_term_string"}}],"inLanguage":"fr-FR"},{"@type":"Organization","@id":"https:\/\/kurato.ch\/#organization","name":"Kurato.","url":"https:\/\/kurato.ch\/","logo":{"@type":"ImageObject","inLanguage":"fr-FR","@id":"https:\/\/kurato.ch\/#\/schema\/logo\/image\/","url":"","contentUrl":"","caption":"Kurato."},"image":{"@id":"https:\/\/kurato.ch\/#\/schema\/logo\/image\/"},"sameAs":["https:\/\/www.facebook.com\/kuratoswitzerland","https:\/\/www.instagram.com\/kurato.ch\/","https:\/\/www.pinterest.ch\/kurato_ch\/_created\/"]}]}},"_links":{"self":[{"href":"https:\/\/kurato.ch\/fr\/wp-json\/wp\/v2\/product\/35562","targetHints":{"allow":["GET"]}}],"collection":[{"href":"https:\/\/kurato.ch\/fr\/wp-json\/wp\/v2\/product"}],"about":[{"href":"https:\/\/kurato.ch\/fr\/wp-json\/wp\/v2\/types\/product"}],"wp:featuredmedia":[{"embeddable":true,"href":"https:\/\/kurato.ch\/fr\/wp-json\/wp\/v2\/media\/35637"}],"wp:attachment":[{"href":"https:\/\/kurato.ch\/fr\/wp-json\/wp\/v2\/media?parent=35562"}],"wp:term":[{"taxonomy":"product_brand","embeddable":true,"href":"https:\/\/kurato.ch\/fr\/wp-json\/wp\/v2\/product_brand?post=35562"},{"taxonomy":"product_cat","embeddable":true,"href":"https:\/\/kurato.ch\/fr\/wp-json\/wp\/v2\/product_cat?post=35562"},{"taxonomy":"product_tag","embeddable":true,"href":"https:\/\/kurato.ch\/fr\/wp-json\/wp\/v2\/product_tag?post=35562"}],"curies":[{"name":"wp","href":"https:\/\/api.w.org\/{rel}","templated":true}]}}