{"id":35925,"date":"2022-11-07T08:41:59","date_gmt":"2022-11-07T06:41:59","guid":{"rendered":"https:\/\/kurato.ch\/?post_type=product&#038;p=35925"},"modified":"2023-08-06T11:10:13","modified_gmt":"2023-08-06T09:10:13","slug":"vintage-cylinda-line-kaffee-und-teeservice-von-arne-jacobsen-fuer-stelton","status":"publish","type":"product","link":"https:\/\/kurato.ch\/fr\/product\/vintage-cylinda-line-kaffee-und-teeservice-von-arne-jacobsen-fuer-stelton\/","title":{"rendered":"Service \u00e0 caf\u00e9 et \u00e0 th\u00e9 vintage Cylinda-Line par Arne Jacobsen pour Stelton"},"content":{"rendered":"<p>Service \u00e0 caf\u00e9 et \u00e0 th\u00e9 vintage Cylinda-Line par Arne Jacobsen pour Stelton<\/p>\n<p>Ce service \u00e0 th\u00e9 est compos\u00e9 d'une cafeti\u00e8re, d'une th\u00e9i\u00e8re, d'un pot \u00e0 eau chaude, d'une cr\u00e9mi\u00e8re et de sucriers, tous des originaux d'Arne Jacobsen, mais le plateau n'a pas \u00e9t\u00e9 con\u00e7u par AJ. L'ensemble, \u00e0 l'exception du plateau, est en acier chrom\u00e9. Le set est fabriqu\u00e9 par Stelton DK (sans le plateau). A notre connaissance, il n'existe plus de sets de 5 pi\u00e8ces.<\/p>\n<p><strong>Vous souhaitez que cet article vous soit livr\u00e9 par la poste ?<\/strong><br \/>Ensuite, \u00e9crivez au <strong>Service client Kurato<\/strong>pour recevoir une offre de livraison personnalis\u00e9e.<\/p>","protected":false},"excerpt":{"rendered":"<p>Vintage Cylinda-Line Kaffee- und Teeservice von Arne Jacobsen f\u00fcr Stelton Dieses Tee Service besteht aus Kaffeekanne, Teekanne, Heisses Wasser Kanne, Cremi\u00e8re und Zuckergef\u00e4sse, alles Design Originale von Arne Jacobsen, das Tableau ist jedoch nicht von AJ gestaltet. Das ganze Set mit Ausnahme des Plateau ist aus Chromstahl. Das Set ist von Stelton DK (ohne Tableau) [&hellip;]<\/p>\n","protected":false},"featured_media":35959,"template":"","meta":{"_acf_changed":false,"site-sidebar-layout":"default","site-content-layout":"","ast-site-content-layout":"default","site-content-style":"default","site-sidebar-style":"default","ast-global-header-display":"","ast-banner-title-visibility":"","ast-main-header-display":"","ast-hfb-above-header-display":"","ast-hfb-below-header-display":"","ast-hfb-mobile-header-display":"","site-post-title":"","ast-breadcrumbs-content":"","ast-featured-img":"","footer-sml-layout":"","ast-disable-related-posts":"","theme-transparent-header-meta":"","adv-header-id-meta":"","stick-header-meta":"","header-above-stick-meta":"","header-main-stick-meta":"","header-below-stick-meta":"","astra-migrate-meta-layouts":"default","ast-page-background-enabled":"default","ast-page-background-meta":{"desktop":{"background-color":"","background-image":"","background-repeat":"repeat","background-position":"center center","background-size":"auto","background-attachment":"scroll","background-type":"","background-media":"","overlay-type":"","overlay-color":"","overlay-opacity":"","overlay-gradient":""},"tablet":{"background-color":"","background-image":"","background-repeat":"repeat","background-position":"center center","background-size":"auto","background-attachment":"scroll","background-type":"","background-media":"","overlay-type":"","overlay-color":"","overlay-opacity":"","overlay-gradient":""},"mobile":{"background-color":"","background-image":"","background-repeat":"repeat","background-position":"center center","background-size":"auto","background-attachment":"scroll","background-type":"","background-media":"","overlay-type":"","overlay-color":"","overlay-opacity":"","overlay-gradient":""}},"ast-content-background-meta":{"desktop":{"background-color":"var(--ast-global-color-5)","background-image":"","background-repeat":"repeat","background-position":"center center","background-size":"auto","background-attachment":"scroll","background-type":"","background-media":"","overlay-type":"","overlay-color":"","overlay-opacity":"","overlay-gradient":""},"tablet":{"background-color":"var(--ast-global-color-5)","background-image":"","background-repeat":"repeat","background-position":"center center","background-size":"auto","background-attachment":"scroll","background-type":"","background-media":"","overlay-type":"","overlay-color":"","overlay-opacity":"","overlay-gradient":""},"mobile":{"background-color":"var(--ast-global-color-5)","background-image":"","background-repeat":"repeat","background-position":"center center","background-size":"auto","background-attachment":"scroll","background-type":"","background-media":"","overlay-type":"","overlay-color":"","overlay-opacity":"","overlay-gradient":""}}},"product_brand":[],"product_cat":[103],"product_tag":[],"class_list":{"0":"post-35925","1":"product","2":"type-product","3":"status-publish","4":"has-post-thumbnail","6":"product_cat-vintage-kaffee-teezubereitung","7":"pa_designer-jacobsen-arne","8":"pa_farbe-silber","9":"pa_material-eisen","10":"pa_standort-mittelland","11":"pa_stil-design","12":"desktop-align-left","13":"tablet-align-left","14":"mobile-align-left","16":"first","17":"instock","18":"sold-individually","19":"shipping-taxable","20":"purchasable","21":"product-type-simple"},"acf":[],"yoast_head":"<!-- This site is optimized with the Yoast SEO plugin v27.3 - https:\/\/yoast.com\/product\/yoast-seo-wordpress\/ -->\n<title>Vintage Cylinda-Line Kaffee- und Teeservice von Arne Jacobsen f\u00fcr Stelton | Vintage M\u00f6bel kaufen auf KURATO.CH<\/title>\n<meta name=\"description\" content=\"Entdecke Vintage M\u00f6bel &amp; Dekoration \u27a4 Vintage Cylinda-Line Kaffee- und Teeservice von Arne Jacobsen f\u00fcr Stelton auf Kurato. \u2713Lieferung Schweiz \u271314-Tage R\u00fcckgabe \u2713Secondhand Unikat\" \/>\n<meta name=\"robots\" content=\"index, follow, max-snippet:-1, max-image-preview:large, max-video-preview:-1\" \/>\n<link rel=\"canonical\" href=\"https:\/\/kurato.ch\/fr\/product\/vintage-cylinda-line-kaffee-und-teeservice-von-arne-jacobsen-fuer-stelton\/\" \/>\n<meta property=\"og:locale\" content=\"fr_FR\" \/>\n<meta property=\"og:type\" content=\"article\" \/>\n<meta property=\"og:title\" content=\"Vintage Cylinda-Line Kaffee- und Teeservice von Arne Jacobsen f\u00fcr Stelton | Vintage M\u00f6bel kaufen auf KURATO.CH\" \/>\n<meta property=\"og:description\" content=\"Entdecke Vintage M\u00f6bel &amp; Dekoration \u27a4 Vintage Cylinda-Line Kaffee- und Teeservice von Arne Jacobsen f\u00fcr Stelton auf Kurato. \u2713Lieferung Schweiz \u271314-Tage R\u00fcckgabe \u2713Secondhand Unikat\" \/>\n<meta property=\"og:url\" content=\"https:\/\/kurato.ch\/fr\/product\/vintage-cylinda-line-kaffee-und-teeservice-von-arne-jacobsen-fuer-stelton\/\" \/>\n<meta property=\"og:site_name\" content=\"Vintage M\u00f6bel &amp; Dekoration I Kurato\" \/>\n<meta property=\"article:publisher\" content=\"https:\/\/www.facebook.com\/kuratoswitzerland\" \/>\n<meta property=\"article:modified_time\" content=\"2023-08-06T09:10:13+00:00\" \/>\n<meta property=\"og:image\" content=\"https:\/\/kurato.ch\/wp-content\/uploads\/2022\/11\/Vintage-Cylinda-Line-Kaffee-und-Teeservice-von-Arne-Jacobsen-fu\u0308r-Stelton-vintage-secondhand-gebraucht-schweiz.jpg\" \/>\n\t<meta property=\"og:image:width\" content=\"800\" \/>\n\t<meta property=\"og:image:height\" content=\"800\" \/>\n\t<meta property=\"og:image:type\" content=\"image\/jpeg\" \/>\n<script type=\"application\/ld+json\" class=\"yoast-schema-graph\">{\"@context\":\"https:\\\/\\\/schema.org\",\"@graph\":[{\"@type\":\"WebPage\",\"@id\":\"https:\\\/\\\/kurato.ch\\\/product\\\/vintage-cylinda-line-kaffee-und-teeservice-von-arne-jacobsen-fuer-stelton\\\/\",\"url\":\"https:\\\/\\\/kurato.ch\\\/product\\\/vintage-cylinda-line-kaffee-und-teeservice-von-arne-jacobsen-fuer-stelton\\\/\",\"name\":\"Vintage Cylinda-Line Kaffee- und Teeservice von Arne Jacobsen f\u00fcr Stelton | Vintage M\u00f6bel kaufen auf KURATO.CH\",\"isPartOf\":{\"@id\":\"https:\\\/\\\/kurato.ch\\\/#website\"},\"primaryImageOfPage\":{\"@id\":\"https:\\\/\\\/kurato.ch\\\/product\\\/vintage-cylinda-line-kaffee-und-teeservice-von-arne-jacobsen-fuer-stelton\\\/#primaryimage\"},\"image\":{\"@id\":\"https:\\\/\\\/kurato.ch\\\/product\\\/vintage-cylinda-line-kaffee-und-teeservice-von-arne-jacobsen-fuer-stelton\\\/#primaryimage\"},\"thumbnailUrl\":\"https:\\\/\\\/kurato.ch\\\/wp-content\\\/uploads\\\/2022\\\/11\\\/Vintage-Cylinda-Line-Kaffee-und-Teeservice-von-Arne-Jacobsen-fu\u0308r-Stelton-vintage-secondhand-gebraucht-schweiz.jpg\",\"datePublished\":\"2022-11-07T06:41:59+00:00\",\"dateModified\":\"2023-08-06T09:10:13+00:00\",\"description\":\"Entdecke Vintage M\u00f6bel & Dekoration \u27a4 Vintage Cylinda-Line Kaffee- und Teeservice von Arne Jacobsen f\u00fcr Stelton auf Kurato. \u2713Lieferung Schweiz \u271314-Tage R\u00fcckgabe \u2713Secondhand Unikat\",\"breadcrumb\":{\"@id\":\"https:\\\/\\\/kurato.ch\\\/product\\\/vintage-cylinda-line-kaffee-und-teeservice-von-arne-jacobsen-fuer-stelton\\\/#breadcrumb\"},\"inLanguage\":\"fr-FR\",\"potentialAction\":[{\"@type\":\"ReadAction\",\"target\":[\"https:\\\/\\\/kurato.ch\\\/product\\\/vintage-cylinda-line-kaffee-und-teeservice-von-arne-jacobsen-fuer-stelton\\\/\"]}]},{\"@type\":\"ImageObject\",\"inLanguage\":\"fr-FR\",\"@id\":\"https:\\\/\\\/kurato.ch\\\/product\\\/vintage-cylinda-line-kaffee-und-teeservice-von-arne-jacobsen-fuer-stelton\\\/#primaryimage\",\"url\":\"https:\\\/\\\/kurato.ch\\\/wp-content\\\/uploads\\\/2022\\\/11\\\/Vintage-Cylinda-Line-Kaffee-und-Teeservice-von-Arne-Jacobsen-fu\u0308r-Stelton-vintage-secondhand-gebraucht-schweiz.jpg\",\"contentUrl\":\"https:\\\/\\\/kurato.ch\\\/wp-content\\\/uploads\\\/2022\\\/11\\\/Vintage-Cylinda-Line-Kaffee-und-Teeservice-von-Arne-Jacobsen-fu\u0308r-Stelton-vintage-secondhand-gebraucht-schweiz.jpg\",\"width\":800,\"height\":800,\"caption\":\"Vintage Cylinda-Line Kaffee- und Teeservice von Arne Jacobsen f\u00fcr Stelton\"},{\"@type\":\"BreadcrumbList\",\"@id\":\"https:\\\/\\\/kurato.ch\\\/product\\\/vintage-cylinda-line-kaffee-und-teeservice-von-arne-jacobsen-fuer-stelton\\\/#breadcrumb\",\"itemListElement\":[{\"@type\":\"ListItem\",\"position\":1,\"name\":\"Home\",\"item\":\"https:\\\/\\\/kurato.ch\\\/\"},{\"@type\":\"ListItem\",\"position\":2,\"name\":\"Neuheiten\",\"item\":\"https:\\\/\\\/kurato.ch\\\/neuheiten\\\/\"},{\"@type\":\"ListItem\",\"position\":3,\"name\":\"Vintage Cylinda-Line Kaffee- und Teeservice von Arne Jacobsen f\u00fcr Stelton\"}]},{\"@type\":\"WebSite\",\"@id\":\"https:\\\/\\\/kurato.ch\\\/#website\",\"url\":\"https:\\\/\\\/kurato.ch\\\/\",\"name\":\"Vintage M\u00f6bel &amp; Dekoration I Kurato\",\"description\":\"Vintage M\u00f6bel &amp; Dekoration I Kurato\",\"publisher\":{\"@id\":\"https:\\\/\\\/kurato.ch\\\/#organization\"},\"potentialAction\":[{\"@type\":\"SearchAction\",\"target\":{\"@type\":\"EntryPoint\",\"urlTemplate\":\"https:\\\/\\\/kurato.ch\\\/?s={search_term_string}\"},\"query-input\":{\"@type\":\"PropertyValueSpecification\",\"valueRequired\":true,\"valueName\":\"search_term_string\"}}],\"inLanguage\":\"fr-FR\"},{\"@type\":\"Organization\",\"@id\":\"https:\\\/\\\/kurato.ch\\\/#organization\",\"name\":\"Kurato.\",\"url\":\"https:\\\/\\\/kurato.ch\\\/\",\"logo\":{\"@type\":\"ImageObject\",\"inLanguage\":\"fr-FR\",\"@id\":\"https:\\\/\\\/kurato.ch\\\/#\\\/schema\\\/logo\\\/image\\\/\",\"url\":\"\",\"contentUrl\":\"\",\"caption\":\"Kurato.\"},\"image\":{\"@id\":\"https:\\\/\\\/kurato.ch\\\/#\\\/schema\\\/logo\\\/image\\\/\"},\"sameAs\":[\"https:\\\/\\\/www.facebook.com\\\/kuratoswitzerland\",\"https:\\\/\\\/www.instagram.com\\\/kurato.ch\\\/\",\"https:\\\/\\\/www.pinterest.ch\\\/kurato_ch\\\/_created\\\/\"]}]}<\/script>\n<!-- \/ Yoast SEO plugin. -->","yoast_head_json":{"title":"Vintage Cylinda-Line Kaffee- und Teeservice von Arne Jacobsen f\u00fcr Stelton | Vintage M\u00f6bel kaufen auf KURATO.CH","description":"Entdecke Vintage M\u00f6bel & Dekoration \u27a4 Vintage Cylinda-Line Kaffee- und Teeservice von Arne Jacobsen f\u00fcr Stelton auf Kurato. \u2713Lieferung Schweiz \u271314-Tage R\u00fcckgabe \u2713Secondhand Unikat","robots":{"index":"index","follow":"follow","max-snippet":"max-snippet:-1","max-image-preview":"max-image-preview:large","max-video-preview":"max-video-preview:-1"},"canonical":"https:\/\/kurato.ch\/fr\/product\/vintage-cylinda-line-kaffee-und-teeservice-von-arne-jacobsen-fuer-stelton\/","og_locale":"fr_FR","og_type":"article","og_title":"Vintage Cylinda-Line Kaffee- und Teeservice von Arne Jacobsen f\u00fcr Stelton | Vintage M\u00f6bel kaufen auf KURATO.CH","og_description":"Entdecke Vintage M\u00f6bel & Dekoration \u27a4 Vintage Cylinda-Line Kaffee- und Teeservice von Arne Jacobsen f\u00fcr Stelton auf Kurato. \u2713Lieferung Schweiz \u271314-Tage R\u00fcckgabe \u2713Secondhand Unikat","og_url":"https:\/\/kurato.ch\/fr\/product\/vintage-cylinda-line-kaffee-und-teeservice-von-arne-jacobsen-fuer-stelton\/","og_site_name":"Vintage M\u00f6bel &amp; Dekoration I Kurato","article_publisher":"https:\/\/www.facebook.com\/kuratoswitzerland","article_modified_time":"2023-08-06T09:10:13+00:00","og_image":[{"width":800,"height":800,"url":"https:\/\/kurato.ch\/wp-content\/uploads\/2022\/11\/Vintage-Cylinda-Line-Kaffee-und-Teeservice-von-Arne-Jacobsen-fu\u0308r-Stelton-vintage-secondhand-gebraucht-schweiz.jpg","type":"image\/jpeg"}],"schema":{"@context":"https:\/\/schema.org","@graph":[{"@type":"WebPage","@id":"https:\/\/kurato.ch\/product\/vintage-cylinda-line-kaffee-und-teeservice-von-arne-jacobsen-fuer-stelton\/","url":"https:\/\/kurato.ch\/product\/vintage-cylinda-line-kaffee-und-teeservice-von-arne-jacobsen-fuer-stelton\/","name":"Vintage Cylinda-Line Kaffee- und Teeservice von Arne Jacobsen f\u00fcr Stelton | Vintage M\u00f6bel kaufen auf KURATO.CH","isPartOf":{"@id":"https:\/\/kurato.ch\/#website"},"primaryImageOfPage":{"@id":"https:\/\/kurato.ch\/product\/vintage-cylinda-line-kaffee-und-teeservice-von-arne-jacobsen-fuer-stelton\/#primaryimage"},"image":{"@id":"https:\/\/kurato.ch\/product\/vintage-cylinda-line-kaffee-und-teeservice-von-arne-jacobsen-fuer-stelton\/#primaryimage"},"thumbnailUrl":"https:\/\/kurato.ch\/wp-content\/uploads\/2022\/11\/Vintage-Cylinda-Line-Kaffee-und-Teeservice-von-Arne-Jacobsen-fu\u0308r-Stelton-vintage-secondhand-gebraucht-schweiz.jpg","datePublished":"2022-11-07T06:41:59+00:00","dateModified":"2023-08-06T09:10:13+00:00","description":"Entdecke Vintage M\u00f6bel & Dekoration \u27a4 Vintage Cylinda-Line Kaffee- und Teeservice von Arne Jacobsen f\u00fcr Stelton auf Kurato. \u2713Lieferung Schweiz \u271314-Tage R\u00fcckgabe \u2713Secondhand Unikat","breadcrumb":{"@id":"https:\/\/kurato.ch\/product\/vintage-cylinda-line-kaffee-und-teeservice-von-arne-jacobsen-fuer-stelton\/#breadcrumb"},"inLanguage":"fr-FR","potentialAction":[{"@type":"ReadAction","target":["https:\/\/kurato.ch\/product\/vintage-cylinda-line-kaffee-und-teeservice-von-arne-jacobsen-fuer-stelton\/"]}]},{"@type":"ImageObject","inLanguage":"fr-FR","@id":"https:\/\/kurato.ch\/product\/vintage-cylinda-line-kaffee-und-teeservice-von-arne-jacobsen-fuer-stelton\/#primaryimage","url":"https:\/\/kurato.ch\/wp-content\/uploads\/2022\/11\/Vintage-Cylinda-Line-Kaffee-und-Teeservice-von-Arne-Jacobsen-fu\u0308r-Stelton-vintage-secondhand-gebraucht-schweiz.jpg","contentUrl":"https:\/\/kurato.ch\/wp-content\/uploads\/2022\/11\/Vintage-Cylinda-Line-Kaffee-und-Teeservice-von-Arne-Jacobsen-fu\u0308r-Stelton-vintage-secondhand-gebraucht-schweiz.jpg","width":800,"height":800,"caption":"Vintage Cylinda-Line Kaffee- und Teeservice von Arne Jacobsen f\u00fcr Stelton"},{"@type":"BreadcrumbList","@id":"https:\/\/kurato.ch\/product\/vintage-cylinda-line-kaffee-und-teeservice-von-arne-jacobsen-fuer-stelton\/#breadcrumb","itemListElement":[{"@type":"ListItem","position":1,"name":"Home","item":"https:\/\/kurato.ch\/"},{"@type":"ListItem","position":2,"name":"Neuheiten","item":"https:\/\/kurato.ch\/neuheiten\/"},{"@type":"ListItem","position":3,"name":"Vintage Cylinda-Line Kaffee- und Teeservice von Arne Jacobsen f\u00fcr Stelton"}]},{"@type":"WebSite","@id":"https:\/\/kurato.ch\/#website","url":"https:\/\/kurato.ch\/","name":"Meubles vintage &amp; d\u00e9coration I Kurato","description":"Meubles vintage &amp; d\u00e9coration I Kurato","publisher":{"@id":"https:\/\/kurato.ch\/#organization"},"potentialAction":[{"@type":"SearchAction","target":{"@type":"EntryPoint","urlTemplate":"https:\/\/kurato.ch\/?s={search_term_string}"},"query-input":{"@type":"PropertyValueSpecification","valueRequired":true,"valueName":"search_term_string"}}],"inLanguage":"fr-FR"},{"@type":"Organization","@id":"https:\/\/kurato.ch\/#organization","name":"Kurato.","url":"https:\/\/kurato.ch\/","logo":{"@type":"ImageObject","inLanguage":"fr-FR","@id":"https:\/\/kurato.ch\/#\/schema\/logo\/image\/","url":"","contentUrl":"","caption":"Kurato."},"image":{"@id":"https:\/\/kurato.ch\/#\/schema\/logo\/image\/"},"sameAs":["https:\/\/www.facebook.com\/kuratoswitzerland","https:\/\/www.instagram.com\/kurato.ch\/","https:\/\/www.pinterest.ch\/kurato_ch\/_created\/"]}]}},"_links":{"self":[{"href":"https:\/\/kurato.ch\/fr\/wp-json\/wp\/v2\/product\/35925","targetHints":{"allow":["GET"]}}],"collection":[{"href":"https:\/\/kurato.ch\/fr\/wp-json\/wp\/v2\/product"}],"about":[{"href":"https:\/\/kurato.ch\/fr\/wp-json\/wp\/v2\/types\/product"}],"wp:featuredmedia":[{"embeddable":true,"href":"https:\/\/kurato.ch\/fr\/wp-json\/wp\/v2\/media\/35959"}],"wp:attachment":[{"href":"https:\/\/kurato.ch\/fr\/wp-json\/wp\/v2\/media?parent=35925"}],"wp:term":[{"taxonomy":"product_brand","embeddable":true,"href":"https:\/\/kurato.ch\/fr\/wp-json\/wp\/v2\/product_brand?post=35925"},{"taxonomy":"product_cat","embeddable":true,"href":"https:\/\/kurato.ch\/fr\/wp-json\/wp\/v2\/product_cat?post=35925"},{"taxonomy":"product_tag","embeddable":true,"href":"https:\/\/kurato.ch\/fr\/wp-json\/wp\/v2\/product_tag?post=35925"}],"curies":[{"name":"wp","href":"https:\/\/api.w.org\/{rel}","templated":true}]}}