{"id":36571,"date":"2022-11-18T09:17:41","date_gmt":"2022-11-18T07:17:41","guid":{"rendered":"https:\/\/kurato.ch\/?post_type=product&#038;p=36571"},"modified":"2022-11-18T13:21:31","modified_gmt":"2022-11-18T11:21:31","slug":"lithographie-katze-mit-gruenen-augen-von-celestino-piatti","status":"publish","type":"product","link":"https:\/\/kurato.ch\/fr\/product\/lithographie-katze-mit-gruenen-augen-von-celestino-piatti\/","title":{"rendered":"Lithographie &#8222;Katze mit gr\u00fcnen Augen&#8220; von Celestino Piatti"},"content":{"rendered":"<p>Original Celestino PIATTI (1922-2007) Chat aux yeux verts lithographie encadr\u00e9e sign\u00e9e et num\u00e9rot\u00e9e 35\/150. Elle est en parfait \u00e9tat.<\/p>\n<p>\u00c0 propos : Celestino Piatti \u00e9tait un graphiste, peintre et designer suisse de renomm\u00e9e mondiale. En 1961, Piatti a \u00e9t\u00e9 nomm\u00e9 designer de la toute nouvelle maison d'\u00e9dition Deutscher Taschenbuch Verlag (DTV) de Munich. Il a con\u00e7u plus de 6 000 titres. Outre des affiches et des livres, il a notamment cr\u00e9\u00e9 des timbres pour la Poste suisse, des lithographies, des gravures sur bois et sur linol\u00e9um, des vitraux, des peintures murales, des c\u00e9ramiques et des sculptures.<\/p>\n<p>Mesure<\/p>\n<p>Impression<br \/>Hauteur 58cm \/22.8in<br \/>Longueur 40 cm<\/p>\n<p>Cadre<br \/>Hauteur 80cm \/ 31.4in<br \/>Longueur 60cm \/ 23.6in<\/p>","protected":false},"excerpt":{"rendered":"<p>Original Celestino PIATTI (1922-2007) Katze mit gr\u00fcnen Augen gerahmte Lithographie signiert und nummeriert 35\/150. Es ist in perfektem Zustand. \u00dcber: Celestino Piatti war ein weltbekannter Schweizer Grafiker, Maler und Designer. 1961 wurde Piatti zum Designer des neu gegr\u00fcndeten Deutschen Taschenbuch Verlags (DTV) M\u00fcnchen ernannt. Er gestaltete \u00fcber 6.000 Titel. Neben Plakaten und B\u00fcchern entstanden unter [&hellip;]<\/p>\n","protected":false},"featured_media":36794,"template":"","meta":{"_acf_changed":false,"site-sidebar-layout":"default","site-content-layout":"default","ast-site-content-layout":"default","site-content-style":"default","site-sidebar-style":"default","ast-global-header-display":"","ast-banner-title-visibility":"","ast-main-header-display":"","ast-hfb-above-header-display":"","ast-hfb-below-header-display":"","ast-hfb-mobile-header-display":"","site-post-title":"","ast-breadcrumbs-content":"","ast-featured-img":"","footer-sml-layout":"","ast-disable-related-posts":"","theme-transparent-header-meta":"default","adv-header-id-meta":"","stick-header-meta":"default","header-above-stick-meta":"","header-main-stick-meta":"","header-below-stick-meta":"","astra-migrate-meta-layouts":"default","ast-page-background-enabled":"default","ast-page-background-meta":{"desktop":{"background-color":"","background-image":"","background-repeat":"repeat","background-position":"center center","background-size":"auto","background-attachment":"scroll","background-type":"","background-media":"","overlay-type":"","overlay-color":"","overlay-opacity":"","overlay-gradient":""},"tablet":{"background-color":"","background-image":"","background-repeat":"repeat","background-position":"center center","background-size":"auto","background-attachment":"scroll","background-type":"","background-media":"","overlay-type":"","overlay-color":"","overlay-opacity":"","overlay-gradient":""},"mobile":{"background-color":"","background-image":"","background-repeat":"repeat","background-position":"center center","background-size":"auto","background-attachment":"scroll","background-type":"","background-media":"","overlay-type":"","overlay-color":"","overlay-opacity":"","overlay-gradient":""}},"ast-content-background-meta":{"desktop":{"background-color":"var(--ast-global-color-5)","background-image":"","background-repeat":"repeat","background-position":"center center","background-size":"auto","background-attachment":"scroll","background-type":"","background-media":"","overlay-type":"","overlay-color":"","overlay-opacity":"","overlay-gradient":""},"tablet":{"background-color":"var(--ast-global-color-5)","background-image":"","background-repeat":"repeat","background-position":"center center","background-size":"auto","background-attachment":"scroll","background-type":"","background-media":"","overlay-type":"","overlay-color":"","overlay-opacity":"","overlay-gradient":""},"mobile":{"background-color":"var(--ast-global-color-5)","background-image":"","background-repeat":"repeat","background-position":"center center","background-size":"auto","background-attachment":"scroll","background-type":"","background-media":"","overlay-type":"","overlay-color":"","overlay-opacity":"","overlay-gradient":""}}},"product_brand":[],"product_cat":[431,117],"product_tag":[],"class_list":{"0":"post-36571","1":"product","2":"type-product","3":"status-publish","4":"has-post-thumbnail","6":"product_cat-vintage-kunstdruck","7":"product_cat-vintage-kunst","8":"pa_farbe-rot","9":"pa_material-papier","10":"pa_standort-genferseeregion","11":"pa_stil-design","12":"desktop-align-left","13":"tablet-align-left","14":"mobile-align-left","16":"first","17":"instock","18":"sold-individually","19":"shipping-taxable","20":"purchasable","21":"product-type-simple"},"acf":[],"yoast_head":"<!-- This site is optimized with the Yoast SEO plugin v27.6 - https:\/\/yoast.com\/product\/yoast-seo-wordpress\/ -->\n<title>Lithographie &quot;Katze mit gr\u00fcnen Augen&quot; von Celestino Piatti | Vintage M\u00f6bel kaufen auf KURATO.CH<\/title>\n<meta name=\"description\" content=\"Entdecke Vintage M\u00f6bel &amp; Dekoration \u27a4 Lithographie &quot;Katze mit gr\u00fcnen Augen&quot; von Celestino Piatti auf Kurato. \u2713Lieferung Schweiz \u271314-Tage R\u00fcckgabe \u2713Secondhand Unikat\" \/>\n<meta name=\"robots\" content=\"index, follow, max-snippet:-1, max-image-preview:large, max-video-preview:-1\" \/>\n<link rel=\"canonical\" href=\"https:\/\/kurato.ch\/fr\/product\/lithographie-katze-mit-gruenen-augen-von-celestino-piatti\/\" \/>\n<meta property=\"og:locale\" content=\"fr_FR\" \/>\n<meta property=\"og:type\" content=\"article\" \/>\n<meta property=\"og:title\" content=\"Lithographie &quot;Katze mit gr\u00fcnen Augen&quot; von Celestino Piatti | Vintage M\u00f6bel kaufen auf KURATO.CH\" \/>\n<meta property=\"og:description\" content=\"Entdecke Vintage M\u00f6bel &amp; Dekoration \u27a4 Lithographie &quot;Katze mit gr\u00fcnen Augen&quot; von Celestino Piatti auf Kurato. \u2713Lieferung Schweiz \u271314-Tage R\u00fcckgabe \u2713Secondhand Unikat\" \/>\n<meta property=\"og:url\" content=\"https:\/\/kurato.ch\/fr\/product\/lithographie-katze-mit-gruenen-augen-von-celestino-piatti\/\" \/>\n<meta property=\"og:site_name\" content=\"Vintage M\u00f6bel &amp; Dekoration I Kurato\" \/>\n<meta property=\"article:publisher\" content=\"https:\/\/www.facebook.com\/kuratoswitzerland\" \/>\n<meta property=\"article:modified_time\" content=\"2022-11-18T11:21:31+00:00\" \/>\n<meta property=\"og:image\" content=\"https:\/\/kurato.ch\/wp-content\/uploads\/2022\/11\/Lithographie-22Katze-mit-gru\u0308nen-Augen22-von-Celestino-Piatti-vintage-secondhand-gebraucht-occassion-schweiz.jpg\" \/>\n\t<meta property=\"og:image:width\" content=\"800\" \/>\n\t<meta property=\"og:image:height\" content=\"800\" \/>\n\t<meta property=\"og:image:type\" content=\"image\/jpeg\" \/>\n<script type=\"application\/ld+json\" class=\"yoast-schema-graph\">{\"@context\":\"https:\\\/\\\/schema.org\",\"@graph\":[{\"@type\":\"WebPage\",\"@id\":\"https:\\\/\\\/kurato.ch\\\/product\\\/lithographie-katze-mit-gruenen-augen-von-celestino-piatti\\\/\",\"url\":\"https:\\\/\\\/kurato.ch\\\/product\\\/lithographie-katze-mit-gruenen-augen-von-celestino-piatti\\\/\",\"name\":\"Lithographie \\\"Katze mit gr\u00fcnen Augen\\\" von Celestino Piatti | Vintage M\u00f6bel kaufen auf KURATO.CH\",\"isPartOf\":{\"@id\":\"https:\\\/\\\/kurato.ch\\\/#website\"},\"primaryImageOfPage\":{\"@id\":\"https:\\\/\\\/kurato.ch\\\/product\\\/lithographie-katze-mit-gruenen-augen-von-celestino-piatti\\\/#primaryimage\"},\"image\":{\"@id\":\"https:\\\/\\\/kurato.ch\\\/product\\\/lithographie-katze-mit-gruenen-augen-von-celestino-piatti\\\/#primaryimage\"},\"thumbnailUrl\":\"https:\\\/\\\/kurato.ch\\\/wp-content\\\/uploads\\\/2022\\\/11\\\/Lithographie-22Katze-mit-gru\u0308nen-Augen22-von-Celestino-Piatti-vintage-secondhand-gebraucht-occassion-schweiz.jpg\",\"datePublished\":\"2022-11-18T07:17:41+00:00\",\"dateModified\":\"2022-11-18T11:21:31+00:00\",\"description\":\"Entdecke Vintage M\u00f6bel & Dekoration \u27a4 Lithographie \\\"Katze mit gr\u00fcnen Augen\\\" von Celestino Piatti auf Kurato. \u2713Lieferung Schweiz \u271314-Tage R\u00fcckgabe \u2713Secondhand Unikat\",\"breadcrumb\":{\"@id\":\"https:\\\/\\\/kurato.ch\\\/product\\\/lithographie-katze-mit-gruenen-augen-von-celestino-piatti\\\/#breadcrumb\"},\"inLanguage\":\"fr-FR\",\"potentialAction\":[{\"@type\":\"ReadAction\",\"target\":[\"https:\\\/\\\/kurato.ch\\\/product\\\/lithographie-katze-mit-gruenen-augen-von-celestino-piatti\\\/\"]}]},{\"@type\":\"ImageObject\",\"inLanguage\":\"fr-FR\",\"@id\":\"https:\\\/\\\/kurato.ch\\\/product\\\/lithographie-katze-mit-gruenen-augen-von-celestino-piatti\\\/#primaryimage\",\"url\":\"https:\\\/\\\/kurato.ch\\\/wp-content\\\/uploads\\\/2022\\\/11\\\/Lithographie-22Katze-mit-gru\u0308nen-Augen22-von-Celestino-Piatti-vintage-secondhand-gebraucht-occassion-schweiz.jpg\",\"contentUrl\":\"https:\\\/\\\/kurato.ch\\\/wp-content\\\/uploads\\\/2022\\\/11\\\/Lithographie-22Katze-mit-gru\u0308nen-Augen22-von-Celestino-Piatti-vintage-secondhand-gebraucht-occassion-schweiz.jpg\",\"width\":800,\"height\":800,\"caption\":\"Lithographie \\\"Katze mit gr\u00fcnen Augen\\\" von Celestino Piatti\"},{\"@type\":\"BreadcrumbList\",\"@id\":\"https:\\\/\\\/kurato.ch\\\/product\\\/lithographie-katze-mit-gruenen-augen-von-celestino-piatti\\\/#breadcrumb\",\"itemListElement\":[{\"@type\":\"ListItem\",\"position\":1,\"name\":\"Home\",\"item\":\"https:\\\/\\\/kurato.ch\\\/\"},{\"@type\":\"ListItem\",\"position\":2,\"name\":\"Neuheiten\",\"item\":\"https:\\\/\\\/kurato.ch\\\/neuheiten\\\/\"},{\"@type\":\"ListItem\",\"position\":3,\"name\":\"Lithographie &#8220;Katze mit gr\u00fcnen Augen&#8221; von Celestino Piatti\"}]},{\"@type\":\"WebSite\",\"@id\":\"https:\\\/\\\/kurato.ch\\\/#website\",\"url\":\"https:\\\/\\\/kurato.ch\\\/\",\"name\":\"Vintage M\u00f6bel &amp; Dekoration I Kurato\",\"description\":\"Vintage M\u00f6bel &amp; Dekoration I Kurato\",\"publisher\":{\"@id\":\"https:\\\/\\\/kurato.ch\\\/#organization\"},\"potentialAction\":[{\"@type\":\"SearchAction\",\"target\":{\"@type\":\"EntryPoint\",\"urlTemplate\":\"https:\\\/\\\/kurato.ch\\\/?s={search_term_string}\"},\"query-input\":{\"@type\":\"PropertyValueSpecification\",\"valueRequired\":true,\"valueName\":\"search_term_string\"}}],\"inLanguage\":\"fr-FR\"},{\"@type\":\"Organization\",\"@id\":\"https:\\\/\\\/kurato.ch\\\/#organization\",\"name\":\"Kurato.\",\"url\":\"https:\\\/\\\/kurato.ch\\\/\",\"logo\":{\"@type\":\"ImageObject\",\"inLanguage\":\"fr-FR\",\"@id\":\"https:\\\/\\\/kurato.ch\\\/#\\\/schema\\\/logo\\\/image\\\/\",\"url\":\"\",\"contentUrl\":\"\",\"caption\":\"Kurato.\"},\"image\":{\"@id\":\"https:\\\/\\\/kurato.ch\\\/#\\\/schema\\\/logo\\\/image\\\/\"},\"sameAs\":[\"https:\\\/\\\/www.facebook.com\\\/kuratoswitzerland\",\"https:\\\/\\\/www.instagram.com\\\/kurato.ch\\\/\",\"https:\\\/\\\/www.pinterest.ch\\\/kurato_ch\\\/_created\\\/\"]}]}<\/script>\n<!-- \/ Yoast SEO plugin. -->","yoast_head_json":{"title":"Lithographie \"Katze mit gr\u00fcnen Augen\" von Celestino Piatti | Vintage M\u00f6bel kaufen auf KURATO.CH","description":"Entdecke Vintage M\u00f6bel & Dekoration \u27a4 Lithographie \"Katze mit gr\u00fcnen Augen\" von Celestino Piatti auf Kurato. \u2713Lieferung Schweiz \u271314-Tage R\u00fcckgabe \u2713Secondhand Unikat","robots":{"index":"index","follow":"follow","max-snippet":"max-snippet:-1","max-image-preview":"max-image-preview:large","max-video-preview":"max-video-preview:-1"},"canonical":"https:\/\/kurato.ch\/fr\/product\/lithographie-katze-mit-gruenen-augen-von-celestino-piatti\/","og_locale":"fr_FR","og_type":"article","og_title":"Lithographie \"Katze mit gr\u00fcnen Augen\" von Celestino Piatti | Vintage M\u00f6bel kaufen auf KURATO.CH","og_description":"Entdecke Vintage M\u00f6bel & Dekoration \u27a4 Lithographie \"Katze mit gr\u00fcnen Augen\" von Celestino Piatti auf Kurato. \u2713Lieferung Schweiz \u271314-Tage R\u00fcckgabe \u2713Secondhand Unikat","og_url":"https:\/\/kurato.ch\/fr\/product\/lithographie-katze-mit-gruenen-augen-von-celestino-piatti\/","og_site_name":"Vintage M\u00f6bel &amp; Dekoration I Kurato","article_publisher":"https:\/\/www.facebook.com\/kuratoswitzerland","article_modified_time":"2022-11-18T11:21:31+00:00","og_image":[{"width":800,"height":800,"url":"https:\/\/kurato.ch\/wp-content\/uploads\/2022\/11\/Lithographie-22Katze-mit-gru\u0308nen-Augen22-von-Celestino-Piatti-vintage-secondhand-gebraucht-occassion-schweiz.jpg","type":"image\/jpeg"}],"schema":{"@context":"https:\/\/schema.org","@graph":[{"@type":"WebPage","@id":"https:\/\/kurato.ch\/product\/lithographie-katze-mit-gruenen-augen-von-celestino-piatti\/","url":"https:\/\/kurato.ch\/product\/lithographie-katze-mit-gruenen-augen-von-celestino-piatti\/","name":"Lithographie \"Katze mit gr\u00fcnen Augen\" von Celestino Piatti | Vintage M\u00f6bel kaufen auf KURATO.CH","isPartOf":{"@id":"https:\/\/kurato.ch\/#website"},"primaryImageOfPage":{"@id":"https:\/\/kurato.ch\/product\/lithographie-katze-mit-gruenen-augen-von-celestino-piatti\/#primaryimage"},"image":{"@id":"https:\/\/kurato.ch\/product\/lithographie-katze-mit-gruenen-augen-von-celestino-piatti\/#primaryimage"},"thumbnailUrl":"https:\/\/kurato.ch\/wp-content\/uploads\/2022\/11\/Lithographie-22Katze-mit-gru\u0308nen-Augen22-von-Celestino-Piatti-vintage-secondhand-gebraucht-occassion-schweiz.jpg","datePublished":"2022-11-18T07:17:41+00:00","dateModified":"2022-11-18T11:21:31+00:00","description":"Entdecke Vintage M\u00f6bel & Dekoration \u27a4 Lithographie \"Katze mit gr\u00fcnen Augen\" von Celestino Piatti auf Kurato. \u2713Lieferung Schweiz \u271314-Tage R\u00fcckgabe \u2713Secondhand Unikat","breadcrumb":{"@id":"https:\/\/kurato.ch\/product\/lithographie-katze-mit-gruenen-augen-von-celestino-piatti\/#breadcrumb"},"inLanguage":"fr-FR","potentialAction":[{"@type":"ReadAction","target":["https:\/\/kurato.ch\/product\/lithographie-katze-mit-gruenen-augen-von-celestino-piatti\/"]}]},{"@type":"ImageObject","inLanguage":"fr-FR","@id":"https:\/\/kurato.ch\/product\/lithographie-katze-mit-gruenen-augen-von-celestino-piatti\/#primaryimage","url":"https:\/\/kurato.ch\/wp-content\/uploads\/2022\/11\/Lithographie-22Katze-mit-gru\u0308nen-Augen22-von-Celestino-Piatti-vintage-secondhand-gebraucht-occassion-schweiz.jpg","contentUrl":"https:\/\/kurato.ch\/wp-content\/uploads\/2022\/11\/Lithographie-22Katze-mit-gru\u0308nen-Augen22-von-Celestino-Piatti-vintage-secondhand-gebraucht-occassion-schweiz.jpg","width":800,"height":800,"caption":"Lithographie \"Katze mit gr\u00fcnen Augen\" von Celestino Piatti"},{"@type":"BreadcrumbList","@id":"https:\/\/kurato.ch\/product\/lithographie-katze-mit-gruenen-augen-von-celestino-piatti\/#breadcrumb","itemListElement":[{"@type":"ListItem","position":1,"name":"Home","item":"https:\/\/kurato.ch\/"},{"@type":"ListItem","position":2,"name":"Neuheiten","item":"https:\/\/kurato.ch\/neuheiten\/"},{"@type":"ListItem","position":3,"name":"Lithographie &#8220;Katze mit gr\u00fcnen Augen&#8221; von Celestino Piatti"}]},{"@type":"WebSite","@id":"https:\/\/kurato.ch\/#website","url":"https:\/\/kurato.ch\/","name":"Meubles vintage &amp; d\u00e9coration I Kurato","description":"Meubles vintage &amp; d\u00e9coration I Kurato","publisher":{"@id":"https:\/\/kurato.ch\/#organization"},"potentialAction":[{"@type":"SearchAction","target":{"@type":"EntryPoint","urlTemplate":"https:\/\/kurato.ch\/?s={search_term_string}"},"query-input":{"@type":"PropertyValueSpecification","valueRequired":true,"valueName":"search_term_string"}}],"inLanguage":"fr-FR"},{"@type":"Organization","@id":"https:\/\/kurato.ch\/#organization","name":"Kurato.","url":"https:\/\/kurato.ch\/","logo":{"@type":"ImageObject","inLanguage":"fr-FR","@id":"https:\/\/kurato.ch\/#\/schema\/logo\/image\/","url":"","contentUrl":"","caption":"Kurato."},"image":{"@id":"https:\/\/kurato.ch\/#\/schema\/logo\/image\/"},"sameAs":["https:\/\/www.facebook.com\/kuratoswitzerland","https:\/\/www.instagram.com\/kurato.ch\/","https:\/\/www.pinterest.ch\/kurato_ch\/_created\/"]}]}},"_links":{"self":[{"href":"https:\/\/kurato.ch\/fr\/wp-json\/wp\/v2\/product\/36571","targetHints":{"allow":["GET"]}}],"collection":[{"href":"https:\/\/kurato.ch\/fr\/wp-json\/wp\/v2\/product"}],"about":[{"href":"https:\/\/kurato.ch\/fr\/wp-json\/wp\/v2\/types\/product"}],"wp:featuredmedia":[{"embeddable":true,"href":"https:\/\/kurato.ch\/fr\/wp-json\/wp\/v2\/media\/36794"}],"wp:attachment":[{"href":"https:\/\/kurato.ch\/fr\/wp-json\/wp\/v2\/media?parent=36571"}],"wp:term":[{"taxonomy":"product_brand","embeddable":true,"href":"https:\/\/kurato.ch\/fr\/wp-json\/wp\/v2\/product_brand?post=36571"},{"taxonomy":"product_cat","embeddable":true,"href":"https:\/\/kurato.ch\/fr\/wp-json\/wp\/v2\/product_cat?post=36571"},{"taxonomy":"product_tag","embeddable":true,"href":"https:\/\/kurato.ch\/fr\/wp-json\/wp\/v2\/product_tag?post=36571"}],"curies":[{"name":"wp","href":"https:\/\/api.w.org\/{rel}","templated":true}]}}