{"id":36577,"date":"2022-11-16T13:47:06","date_gmt":"2022-11-16T11:47:06","guid":{"rendered":"https:\/\/kurato.ch\/?post_type=product&#038;p=36577"},"modified":"2023-04-07T17:13:49","modified_gmt":"2023-04-07T15:13:49","slug":"abstrakte-skulptur-kuesasendes-paar-handgeschnitzt","status":"publish","type":"product","link":"https:\/\/kurato.ch\/fr\/product\/abstrakte-skulptur-kuesasendes-paar-handgeschnitzt\/","title":{"rendered":"Abstrakte Skulptur &#8222;K\u00fcssendes Paar&#8220; handgeschnitzt"},"content":{"rendered":"<p>Abstrakte Skulptur &#8222;K\u00fcssendes Paar&#8220; handgeschnitzt<\/p>\n<p>Une belle sculpture en bois repr\u00e9sentant un couple qui s'embrasse. Le couple est entrelac\u00e9 dans une \u00e9treinte et un baiser \u00e9ternels. Belle finition et patine.<br \/>Il est en excellent \u00e9tat et n'a subi aucun dommage. C'est un excellent cadeau d'amour pour toutes les occasions.<\/p>\n<p>Masse :<br \/>Hauteur 18 cm<br \/>Largeur 20 cm<\/p>","protected":false},"excerpt":{"rendered":"<p>Abstrakte Skulptur &#8222;K\u00fcssendes Paar&#8220; handgeschnitzt Eine sch\u00f6ne Holzskulptur, die ein sich k\u00fcssendes Paar zeigt. Das Paar ist in einer ewigen Umarmung und einem Kuss verflochten. Sch\u00f6ne Verarbeitung und Patina.Es ist in ausgezeichnetem Zustand und ohne Sch\u00e4den. Ein tolles Liebesgeschenk f\u00fcr alle Gelegenheiten. Masse:H\u00f6he 18 cmBreite 20 cm<\/p>","protected":false},"featured_media":36625,"template":"","meta":{"_acf_changed":false,"site-sidebar-layout":"default","site-content-layout":"","ast-site-content-layout":"default","site-content-style":"default","site-sidebar-style":"default","ast-global-header-display":"","ast-banner-title-visibility":"","ast-main-header-display":"","ast-hfb-above-header-display":"","ast-hfb-below-header-display":"","ast-hfb-mobile-header-display":"","site-post-title":"","ast-breadcrumbs-content":"","ast-featured-img":"","footer-sml-layout":"","ast-disable-related-posts":"","theme-transparent-header-meta":"","adv-header-id-meta":"","stick-header-meta":"","header-above-stick-meta":"","header-main-stick-meta":"","header-below-stick-meta":"","astra-migrate-meta-layouts":"default","ast-page-background-enabled":"default","ast-page-background-meta":{"desktop":{"background-color":"","background-image":"","background-repeat":"repeat","background-position":"center center","background-size":"auto","background-attachment":"scroll","background-type":"","background-media":"","overlay-type":"","overlay-color":"","overlay-opacity":"","overlay-gradient":""},"tablet":{"background-color":"","background-image":"","background-repeat":"repeat","background-position":"center center","background-size":"auto","background-attachment":"scroll","background-type":"","background-media":"","overlay-type":"","overlay-color":"","overlay-opacity":"","overlay-gradient":""},"mobile":{"background-color":"","background-image":"","background-repeat":"repeat","background-position":"center center","background-size":"auto","background-attachment":"scroll","background-type":"","background-media":"","overlay-type":"","overlay-color":"","overlay-opacity":"","overlay-gradient":""}},"ast-content-background-meta":{"desktop":{"background-color":"var(--ast-global-color-5)","background-image":"","background-repeat":"repeat","background-position":"center center","background-size":"auto","background-attachment":"scroll","background-type":"","background-media":"","overlay-type":"","overlay-color":"","overlay-opacity":"","overlay-gradient":""},"tablet":{"background-color":"var(--ast-global-color-5)","background-image":"","background-repeat":"repeat","background-position":"center center","background-size":"auto","background-attachment":"scroll","background-type":"","background-media":"","overlay-type":"","overlay-color":"","overlay-opacity":"","overlay-gradient":""},"mobile":{"background-color":"var(--ast-global-color-5)","background-image":"","background-repeat":"repeat","background-position":"center center","background-size":"auto","background-attachment":"scroll","background-type":"","background-media":"","overlay-type":"","overlay-color":"","overlay-opacity":"","overlay-gradient":""}}},"product_brand":[],"product_cat":[127],"product_tag":[],"class_list":{"0":"post-36577","1":"product","2":"type-product","3":"status-publish","4":"has-post-thumbnail","6":"product_cat-vintage-skulptur","7":"pa_material-holz","8":"pa_standort-genferseeregion","9":"pa_stil-skandinavisch-mid-century","10":"desktop-align-left","11":"tablet-align-left","12":"mobile-align-left","14":"first","15":"instock","16":"sold-individually","17":"shipping-taxable","18":"purchasable","19":"product-type-simple"},"acf":[],"yoast_head":"<!-- This site is optimized with the Yoast SEO plugin v27.5 - https:\/\/yoast.com\/product\/yoast-seo-wordpress\/ -->\n<title>Abstrakte Skulptur &quot;K\u00fcssendes Paar&quot; handgeschnitzt | Vintage M\u00f6bel kaufen auf KURATO.CH<\/title>\n<meta name=\"description\" content=\"Entdecke Vintage M\u00f6bel &amp; Dekoration \u27a4 Abstrakte Skulptur &quot;K\u00fcssendes Paar&quot; handgeschnitzt auf Kurato. \u2713Lieferung Schweiz \u271314-Tage R\u00fcckgabe \u2713Secondhand Unikat\" \/>\n<meta name=\"robots\" content=\"index, follow, max-snippet:-1, max-image-preview:large, max-video-preview:-1\" \/>\n<link rel=\"canonical\" href=\"https:\/\/kurato.ch\/fr\/product\/abstrakte-skulptur-kuesasendes-paar-handgeschnitzt\/\" \/>\n<meta property=\"og:locale\" content=\"fr_FR\" \/>\n<meta property=\"og:type\" content=\"article\" \/>\n<meta property=\"og:title\" content=\"Abstrakte Skulptur &quot;K\u00fcssendes Paar&quot; handgeschnitzt | Vintage M\u00f6bel kaufen auf KURATO.CH\" \/>\n<meta property=\"og:description\" content=\"Entdecke Vintage M\u00f6bel &amp; Dekoration \u27a4 Abstrakte Skulptur &quot;K\u00fcssendes Paar&quot; handgeschnitzt auf Kurato. \u2713Lieferung Schweiz \u271314-Tage R\u00fcckgabe \u2713Secondhand Unikat\" \/>\n<meta property=\"og:url\" content=\"https:\/\/kurato.ch\/fr\/product\/abstrakte-skulptur-kuesasendes-paar-handgeschnitzt\/\" \/>\n<meta property=\"og:site_name\" content=\"Vintage M\u00f6bel &amp; Dekoration I Kurato\" \/>\n<meta property=\"article:publisher\" content=\"https:\/\/www.facebook.com\/kuratoswitzerland\" \/>\n<meta property=\"article:modified_time\" content=\"2023-04-07T15:13:49+00:00\" \/>\n<meta property=\"og:image\" content=\"https:\/\/kurato.ch\/wp-content\/uploads\/2022\/11\/Abstrakte-Skulptur-22Ku\u0308ssendes-Paar22-handgeschnitzt-vintage-secondhand-gebraucht-occassion-schweiz.jpg\" \/>\n\t<meta property=\"og:image:width\" content=\"800\" \/>\n\t<meta property=\"og:image:height\" content=\"800\" \/>\n\t<meta property=\"og:image:type\" content=\"image\/jpeg\" \/>\n<script type=\"application\/ld+json\" class=\"yoast-schema-graph\">{\"@context\":\"https:\\\/\\\/schema.org\",\"@graph\":[{\"@type\":\"WebPage\",\"@id\":\"https:\\\/\\\/kurato.ch\\\/product\\\/abstrakte-skulptur-kuesasendes-paar-handgeschnitzt\\\/\",\"url\":\"https:\\\/\\\/kurato.ch\\\/product\\\/abstrakte-skulptur-kuesasendes-paar-handgeschnitzt\\\/\",\"name\":\"Abstrakte Skulptur \\\"K\u00fcssendes Paar\\\" handgeschnitzt | Vintage M\u00f6bel kaufen auf KURATO.CH\",\"isPartOf\":{\"@id\":\"https:\\\/\\\/kurato.ch\\\/#website\"},\"primaryImageOfPage\":{\"@id\":\"https:\\\/\\\/kurato.ch\\\/product\\\/abstrakte-skulptur-kuesasendes-paar-handgeschnitzt\\\/#primaryimage\"},\"image\":{\"@id\":\"https:\\\/\\\/kurato.ch\\\/product\\\/abstrakte-skulptur-kuesasendes-paar-handgeschnitzt\\\/#primaryimage\"},\"thumbnailUrl\":\"https:\\\/\\\/kurato.ch\\\/wp-content\\\/uploads\\\/2022\\\/11\\\/Abstrakte-Skulptur-22Ku\u0308ssendes-Paar22-handgeschnitzt-vintage-secondhand-gebraucht-occassion-schweiz.jpg\",\"datePublished\":\"2022-11-16T11:47:06+00:00\",\"dateModified\":\"2023-04-07T15:13:49+00:00\",\"description\":\"Entdecke Vintage M\u00f6bel & Dekoration \u27a4 Abstrakte Skulptur \\\"K\u00fcssendes Paar\\\" handgeschnitzt auf Kurato. \u2713Lieferung Schweiz \u271314-Tage R\u00fcckgabe \u2713Secondhand Unikat\",\"breadcrumb\":{\"@id\":\"https:\\\/\\\/kurato.ch\\\/product\\\/abstrakte-skulptur-kuesasendes-paar-handgeschnitzt\\\/#breadcrumb\"},\"inLanguage\":\"fr-FR\",\"potentialAction\":[{\"@type\":\"ReadAction\",\"target\":[\"https:\\\/\\\/kurato.ch\\\/product\\\/abstrakte-skulptur-kuesasendes-paar-handgeschnitzt\\\/\"]}]},{\"@type\":\"ImageObject\",\"inLanguage\":\"fr-FR\",\"@id\":\"https:\\\/\\\/kurato.ch\\\/product\\\/abstrakte-skulptur-kuesasendes-paar-handgeschnitzt\\\/#primaryimage\",\"url\":\"https:\\\/\\\/kurato.ch\\\/wp-content\\\/uploads\\\/2022\\\/11\\\/Abstrakte-Skulptur-22Ku\u0308ssendes-Paar22-handgeschnitzt-vintage-secondhand-gebraucht-occassion-schweiz.jpg\",\"contentUrl\":\"https:\\\/\\\/kurato.ch\\\/wp-content\\\/uploads\\\/2022\\\/11\\\/Abstrakte-Skulptur-22Ku\u0308ssendes-Paar22-handgeschnitzt-vintage-secondhand-gebraucht-occassion-schweiz.jpg\",\"width\":800,\"height\":800,\"caption\":\"Abstrakte Skulptur \\\"K\u00fcssendes Paar\\\" handgeschnitzt\"},{\"@type\":\"BreadcrumbList\",\"@id\":\"https:\\\/\\\/kurato.ch\\\/product\\\/abstrakte-skulptur-kuesasendes-paar-handgeschnitzt\\\/#breadcrumb\",\"itemListElement\":[{\"@type\":\"ListItem\",\"position\":1,\"name\":\"Home\",\"item\":\"https:\\\/\\\/kurato.ch\\\/\"},{\"@type\":\"ListItem\",\"position\":2,\"name\":\"Neuheiten\",\"item\":\"https:\\\/\\\/kurato.ch\\\/neuheiten\\\/\"},{\"@type\":\"ListItem\",\"position\":3,\"name\":\"Abstrakte Skulptur &#8220;K\u00fcssendes Paar&#8221; handgeschnitzt\"}]},{\"@type\":\"WebSite\",\"@id\":\"https:\\\/\\\/kurato.ch\\\/#website\",\"url\":\"https:\\\/\\\/kurato.ch\\\/\",\"name\":\"Vintage M\u00f6bel &amp; Dekoration I Kurato\",\"description\":\"Vintage M\u00f6bel &amp; Dekoration I Kurato\",\"publisher\":{\"@id\":\"https:\\\/\\\/kurato.ch\\\/#organization\"},\"potentialAction\":[{\"@type\":\"SearchAction\",\"target\":{\"@type\":\"EntryPoint\",\"urlTemplate\":\"https:\\\/\\\/kurato.ch\\\/?s={search_term_string}\"},\"query-input\":{\"@type\":\"PropertyValueSpecification\",\"valueRequired\":true,\"valueName\":\"search_term_string\"}}],\"inLanguage\":\"fr-FR\"},{\"@type\":\"Organization\",\"@id\":\"https:\\\/\\\/kurato.ch\\\/#organization\",\"name\":\"Kurato.\",\"url\":\"https:\\\/\\\/kurato.ch\\\/\",\"logo\":{\"@type\":\"ImageObject\",\"inLanguage\":\"fr-FR\",\"@id\":\"https:\\\/\\\/kurato.ch\\\/#\\\/schema\\\/logo\\\/image\\\/\",\"url\":\"\",\"contentUrl\":\"\",\"caption\":\"Kurato.\"},\"image\":{\"@id\":\"https:\\\/\\\/kurato.ch\\\/#\\\/schema\\\/logo\\\/image\\\/\"},\"sameAs\":[\"https:\\\/\\\/www.facebook.com\\\/kuratoswitzerland\",\"https:\\\/\\\/www.instagram.com\\\/kurato.ch\\\/\",\"https:\\\/\\\/www.pinterest.ch\\\/kurato_ch\\\/_created\\\/\"]}]}<\/script>\n<!-- \/ Yoast SEO plugin. -->","yoast_head_json":{"title":"Abstrakte Skulptur \"K\u00fcssendes Paar\" handgeschnitzt | Vintage M\u00f6bel kaufen auf KURATO.CH","description":"Entdecke Vintage M\u00f6bel & Dekoration \u27a4 Abstrakte Skulptur \"K\u00fcssendes Paar\" handgeschnitzt auf Kurato. \u2713Lieferung Schweiz \u271314-Tage R\u00fcckgabe \u2713Secondhand Unikat","robots":{"index":"index","follow":"follow","max-snippet":"max-snippet:-1","max-image-preview":"max-image-preview:large","max-video-preview":"max-video-preview:-1"},"canonical":"https:\/\/kurato.ch\/fr\/product\/abstrakte-skulptur-kuesasendes-paar-handgeschnitzt\/","og_locale":"fr_FR","og_type":"article","og_title":"Abstrakte Skulptur \"K\u00fcssendes Paar\" handgeschnitzt | Vintage M\u00f6bel kaufen auf KURATO.CH","og_description":"Entdecke Vintage M\u00f6bel & Dekoration \u27a4 Abstrakte Skulptur \"K\u00fcssendes Paar\" handgeschnitzt auf Kurato. \u2713Lieferung Schweiz \u271314-Tage R\u00fcckgabe \u2713Secondhand Unikat","og_url":"https:\/\/kurato.ch\/fr\/product\/abstrakte-skulptur-kuesasendes-paar-handgeschnitzt\/","og_site_name":"Vintage M\u00f6bel &amp; Dekoration I Kurato","article_publisher":"https:\/\/www.facebook.com\/kuratoswitzerland","article_modified_time":"2023-04-07T15:13:49+00:00","og_image":[{"width":800,"height":800,"url":"https:\/\/kurato.ch\/wp-content\/uploads\/2022\/11\/Abstrakte-Skulptur-22Ku\u0308ssendes-Paar22-handgeschnitzt-vintage-secondhand-gebraucht-occassion-schweiz.jpg","type":"image\/jpeg"}],"schema":{"@context":"https:\/\/schema.org","@graph":[{"@type":"WebPage","@id":"https:\/\/kurato.ch\/product\/abstrakte-skulptur-kuesasendes-paar-handgeschnitzt\/","url":"https:\/\/kurato.ch\/product\/abstrakte-skulptur-kuesasendes-paar-handgeschnitzt\/","name":"Abstrakte Skulptur \"K\u00fcssendes Paar\" handgeschnitzt | Vintage M\u00f6bel kaufen auf KURATO.CH","isPartOf":{"@id":"https:\/\/kurato.ch\/#website"},"primaryImageOfPage":{"@id":"https:\/\/kurato.ch\/product\/abstrakte-skulptur-kuesasendes-paar-handgeschnitzt\/#primaryimage"},"image":{"@id":"https:\/\/kurato.ch\/product\/abstrakte-skulptur-kuesasendes-paar-handgeschnitzt\/#primaryimage"},"thumbnailUrl":"https:\/\/kurato.ch\/wp-content\/uploads\/2022\/11\/Abstrakte-Skulptur-22Ku\u0308ssendes-Paar22-handgeschnitzt-vintage-secondhand-gebraucht-occassion-schweiz.jpg","datePublished":"2022-11-16T11:47:06+00:00","dateModified":"2023-04-07T15:13:49+00:00","description":"Entdecke Vintage M\u00f6bel & Dekoration \u27a4 Abstrakte Skulptur \"K\u00fcssendes Paar\" handgeschnitzt auf Kurato. \u2713Lieferung Schweiz \u271314-Tage R\u00fcckgabe \u2713Secondhand Unikat","breadcrumb":{"@id":"https:\/\/kurato.ch\/product\/abstrakte-skulptur-kuesasendes-paar-handgeschnitzt\/#breadcrumb"},"inLanguage":"fr-FR","potentialAction":[{"@type":"ReadAction","target":["https:\/\/kurato.ch\/product\/abstrakte-skulptur-kuesasendes-paar-handgeschnitzt\/"]}]},{"@type":"ImageObject","inLanguage":"fr-FR","@id":"https:\/\/kurato.ch\/product\/abstrakte-skulptur-kuesasendes-paar-handgeschnitzt\/#primaryimage","url":"https:\/\/kurato.ch\/wp-content\/uploads\/2022\/11\/Abstrakte-Skulptur-22Ku\u0308ssendes-Paar22-handgeschnitzt-vintage-secondhand-gebraucht-occassion-schweiz.jpg","contentUrl":"https:\/\/kurato.ch\/wp-content\/uploads\/2022\/11\/Abstrakte-Skulptur-22Ku\u0308ssendes-Paar22-handgeschnitzt-vintage-secondhand-gebraucht-occassion-schweiz.jpg","width":800,"height":800,"caption":"Abstrakte Skulptur \"K\u00fcssendes Paar\" handgeschnitzt"},{"@type":"BreadcrumbList","@id":"https:\/\/kurato.ch\/product\/abstrakte-skulptur-kuesasendes-paar-handgeschnitzt\/#breadcrumb","itemListElement":[{"@type":"ListItem","position":1,"name":"Home","item":"https:\/\/kurato.ch\/"},{"@type":"ListItem","position":2,"name":"Neuheiten","item":"https:\/\/kurato.ch\/neuheiten\/"},{"@type":"ListItem","position":3,"name":"Abstrakte Skulptur &#8220;K\u00fcssendes Paar&#8221; handgeschnitzt"}]},{"@type":"WebSite","@id":"https:\/\/kurato.ch\/#website","url":"https:\/\/kurato.ch\/","name":"Meubles vintage &amp; d\u00e9coration I Kurato","description":"Meubles vintage &amp; d\u00e9coration I Kurato","publisher":{"@id":"https:\/\/kurato.ch\/#organization"},"potentialAction":[{"@type":"SearchAction","target":{"@type":"EntryPoint","urlTemplate":"https:\/\/kurato.ch\/?s={search_term_string}"},"query-input":{"@type":"PropertyValueSpecification","valueRequired":true,"valueName":"search_term_string"}}],"inLanguage":"fr-FR"},{"@type":"Organization","@id":"https:\/\/kurato.ch\/#organization","name":"Kurato.","url":"https:\/\/kurato.ch\/","logo":{"@type":"ImageObject","inLanguage":"fr-FR","@id":"https:\/\/kurato.ch\/#\/schema\/logo\/image\/","url":"","contentUrl":"","caption":"Kurato."},"image":{"@id":"https:\/\/kurato.ch\/#\/schema\/logo\/image\/"},"sameAs":["https:\/\/www.facebook.com\/kuratoswitzerland","https:\/\/www.instagram.com\/kurato.ch\/","https:\/\/www.pinterest.ch\/kurato_ch\/_created\/"]}]}},"_links":{"self":[{"href":"https:\/\/kurato.ch\/fr\/wp-json\/wp\/v2\/product\/36577","targetHints":{"allow":["GET"]}}],"collection":[{"href":"https:\/\/kurato.ch\/fr\/wp-json\/wp\/v2\/product"}],"about":[{"href":"https:\/\/kurato.ch\/fr\/wp-json\/wp\/v2\/types\/product"}],"wp:featuredmedia":[{"embeddable":true,"href":"https:\/\/kurato.ch\/fr\/wp-json\/wp\/v2\/media\/36625"}],"wp:attachment":[{"href":"https:\/\/kurato.ch\/fr\/wp-json\/wp\/v2\/media?parent=36577"}],"wp:term":[{"taxonomy":"product_brand","embeddable":true,"href":"https:\/\/kurato.ch\/fr\/wp-json\/wp\/v2\/product_brand?post=36577"},{"taxonomy":"product_cat","embeddable":true,"href":"https:\/\/kurato.ch\/fr\/wp-json\/wp\/v2\/product_cat?post=36577"},{"taxonomy":"product_tag","embeddable":true,"href":"https:\/\/kurato.ch\/fr\/wp-json\/wp\/v2\/product_tag?post=36577"}],"curies":[{"name":"wp","href":"https:\/\/api.w.org\/{rel}","templated":true}]}}