{"id":36743,"date":"2022-11-21T14:17:39","date_gmt":"2022-11-21T12:17:39","guid":{"rendered":"https:\/\/kurato.ch\/?post_type=product&#038;p=36743"},"modified":"2022-12-20T21:03:35","modified_gmt":"2022-12-20T19:03:35","slug":"3-daenische-rag-sessel-kiefernholz-und-stoff-bernt-petersen","status":"publish","type":"product","link":"https:\/\/kurato.ch\/fr\/product\/3-daenische-rag-sessel-kiefernholz-und-stoff-bernt-petersen\/","title":{"rendered":"3 fauteuils danois Rag, bois de pin et tissu, Bernt Petersen"},"content":{"rendered":"<p>3 Sessel, Bernt Petersen &#8222;Kludestol&#8220;, Skandinavisch, 60er.<\/p>\n<p>Peuvent \u00eatre plac\u00e9s c\u00f4te \u00e0 c\u00f4te et vous avez un canap\u00e9.<\/p>\n<p>Le prix est pour les trois fauteuils ensemble.<\/p>\n<p>Occasion utilis\u00e9e. Voir les photos pour l'\u00e9tat. Il manque une latte sur un fauteuil. Les coussins sont d\u00e9color\u00e9s et devraient \u00eatre remis \u00e0 neuf.<\/p>","protected":false},"excerpt":{"rendered":"<p>3 Sessel, Bernt Petersen &#8222;Kludestol&#8220;, Skandinavisch, 60er. K\u00f6nnen nebeneinander gestellt werden und Sie haben ein Sofa. Der Preis ist f\u00fcr alle drei Sessel zusammen. Gebraucht. Zustand siehe Bilder. Bei einem Sessel fehlt eine Latte. Die Polster sind ausgebleicht und sollten aufbereitet werden.<\/p>","protected":false},"featured_media":36978,"template":"","meta":{"_acf_changed":false,"site-sidebar-layout":"default","site-content-layout":"default","ast-site-content-layout":"default","site-content-style":"default","site-sidebar-style":"default","ast-global-header-display":"","ast-banner-title-visibility":"","ast-main-header-display":"","ast-hfb-above-header-display":"","ast-hfb-below-header-display":"","ast-hfb-mobile-header-display":"","site-post-title":"","ast-breadcrumbs-content":"","ast-featured-img":"","footer-sml-layout":"","ast-disable-related-posts":"","theme-transparent-header-meta":"default","adv-header-id-meta":"","stick-header-meta":"default","header-above-stick-meta":"","header-main-stick-meta":"","header-below-stick-meta":"","astra-migrate-meta-layouts":"default","ast-page-background-enabled":"default","ast-page-background-meta":{"desktop":{"background-color":"","background-image":"","background-repeat":"repeat","background-position":"center center","background-size":"auto","background-attachment":"scroll","background-type":"","background-media":"","overlay-type":"","overlay-color":"","overlay-opacity":"","overlay-gradient":""},"tablet":{"background-color":"","background-image":"","background-repeat":"repeat","background-position":"center center","background-size":"auto","background-attachment":"scroll","background-type":"","background-media":"","overlay-type":"","overlay-color":"","overlay-opacity":"","overlay-gradient":""},"mobile":{"background-color":"","background-image":"","background-repeat":"repeat","background-position":"center center","background-size":"auto","background-attachment":"scroll","background-type":"","background-media":"","overlay-type":"","overlay-color":"","overlay-opacity":"","overlay-gradient":""}},"ast-content-background-meta":{"desktop":{"background-color":"var(--ast-global-color-5)","background-image":"","background-repeat":"repeat","background-position":"center center","background-size":"auto","background-attachment":"scroll","background-type":"","background-media":"","overlay-type":"","overlay-color":"","overlay-opacity":"","overlay-gradient":""},"tablet":{"background-color":"var(--ast-global-color-5)","background-image":"","background-repeat":"repeat","background-position":"center center","background-size":"auto","background-attachment":"scroll","background-type":"","background-media":"","overlay-type":"","overlay-color":"","overlay-opacity":"","overlay-gradient":""},"mobile":{"background-color":"var(--ast-global-color-5)","background-image":"","background-repeat":"repeat","background-position":"center center","background-size":"auto","background-attachment":"scroll","background-type":"","background-media":"","overlay-type":"","overlay-color":"","overlay-opacity":"","overlay-gradient":""}}},"product_brand":[],"product_cat":[152],"product_tag":[],"class_list":{"0":"post-36743","1":"product","2":"type-product","3":"status-publish","4":"has-post-thumbnail","6":"product_cat-vintage-sessel-liege","7":"pa_farbe-grau","8":"pa_standort-mittelland","9":"pa_stil-skandinavisch-mid-century","10":"desktop-align-left","11":"tablet-align-left","12":"mobile-align-left","14":"first","15":"outofstock","16":"shipping-taxable","17":"purchasable","18":"product-type-simple"},"acf":[],"yoast_head":"<!-- This site is optimized with the Yoast SEO plugin v27.3 - https:\/\/yoast.com\/product\/yoast-seo-wordpress\/ -->\n<title>3 D\u00e4nische Rag Sessel, Kiefernholz und Stoff, Bernt Petersen | Vintage M\u00f6bel kaufen auf KURATO.CH<\/title>\n<meta name=\"description\" content=\"Entdecke Vintage M\u00f6bel &amp; Dekoration \u27a4 3 D\u00e4nische Rag Sessel, Kiefernholz und Stoff, Bernt Petersen auf Kurato. \u2713Lieferung Schweiz \u271314-Tage R\u00fcckgabe \u2713Secondhand Unikat\" \/>\n<meta name=\"robots\" content=\"index, follow, max-snippet:-1, max-image-preview:large, max-video-preview:-1\" \/>\n<link rel=\"canonical\" href=\"https:\/\/kurato.ch\/fr\/product\/3-daenische-rag-sessel-kiefernholz-und-stoff-bernt-petersen\/\" \/>\n<meta property=\"og:locale\" content=\"fr_FR\" \/>\n<meta property=\"og:type\" content=\"article\" \/>\n<meta property=\"og:title\" content=\"3 D\u00e4nische Rag Sessel, Kiefernholz und Stoff, Bernt Petersen | Vintage M\u00f6bel kaufen auf KURATO.CH\" \/>\n<meta property=\"og:description\" content=\"Entdecke Vintage M\u00f6bel &amp; Dekoration \u27a4 3 D\u00e4nische Rag Sessel, Kiefernholz und Stoff, Bernt Petersen auf Kurato. \u2713Lieferung Schweiz \u271314-Tage R\u00fcckgabe \u2713Secondhand Unikat\" \/>\n<meta property=\"og:url\" content=\"https:\/\/kurato.ch\/fr\/product\/3-daenische-rag-sessel-kiefernholz-und-stoff-bernt-petersen\/\" \/>\n<meta property=\"og:site_name\" content=\"Vintage M\u00f6bel &amp; Dekoration I Kurato\" \/>\n<meta property=\"article:publisher\" content=\"https:\/\/www.facebook.com\/kuratoswitzerland\" \/>\n<meta property=\"article:modified_time\" content=\"2022-12-20T19:03:35+00:00\" \/>\n<meta property=\"og:image\" content=\"https:\/\/kurato.ch\/wp-content\/uploads\/2022\/11\/3-Daenische-Rag-Sessel-Kiefernholz-und-Stoff-Bernt-Petersen-vintage-secondhand-gebraucht-schweiz.jpg\" \/>\n\t<meta property=\"og:image:width\" content=\"800\" \/>\n\t<meta property=\"og:image:height\" content=\"800\" \/>\n\t<meta property=\"og:image:type\" content=\"image\/jpeg\" \/>\n<script type=\"application\/ld+json\" class=\"yoast-schema-graph\">{\"@context\":\"https:\\\/\\\/schema.org\",\"@graph\":[{\"@type\":\"WebPage\",\"@id\":\"https:\\\/\\\/kurato.ch\\\/product\\\/3-daenische-rag-sessel-kiefernholz-und-stoff-bernt-petersen\\\/\",\"url\":\"https:\\\/\\\/kurato.ch\\\/product\\\/3-daenische-rag-sessel-kiefernholz-und-stoff-bernt-petersen\\\/\",\"name\":\"3 D\u00e4nische Rag Sessel, Kiefernholz und Stoff, Bernt Petersen | Vintage M\u00f6bel kaufen auf KURATO.CH\",\"isPartOf\":{\"@id\":\"https:\\\/\\\/kurato.ch\\\/#website\"},\"primaryImageOfPage\":{\"@id\":\"https:\\\/\\\/kurato.ch\\\/product\\\/3-daenische-rag-sessel-kiefernholz-und-stoff-bernt-petersen\\\/#primaryimage\"},\"image\":{\"@id\":\"https:\\\/\\\/kurato.ch\\\/product\\\/3-daenische-rag-sessel-kiefernholz-und-stoff-bernt-petersen\\\/#primaryimage\"},\"thumbnailUrl\":\"https:\\\/\\\/kurato.ch\\\/wp-content\\\/uploads\\\/2022\\\/11\\\/3-Daenische-Rag-Sessel-Kiefernholz-und-Stoff-Bernt-Petersen-vintage-secondhand-gebraucht-schweiz.jpg\",\"datePublished\":\"2022-11-21T12:17:39+00:00\",\"dateModified\":\"2022-12-20T19:03:35+00:00\",\"description\":\"Entdecke Vintage M\u00f6bel & Dekoration \u27a4 3 D\u00e4nische Rag Sessel, Kiefernholz und Stoff, Bernt Petersen auf Kurato. \u2713Lieferung Schweiz \u271314-Tage R\u00fcckgabe \u2713Secondhand Unikat\",\"breadcrumb\":{\"@id\":\"https:\\\/\\\/kurato.ch\\\/product\\\/3-daenische-rag-sessel-kiefernholz-und-stoff-bernt-petersen\\\/#breadcrumb\"},\"inLanguage\":\"fr-FR\",\"potentialAction\":[{\"@type\":\"ReadAction\",\"target\":[\"https:\\\/\\\/kurato.ch\\\/product\\\/3-daenische-rag-sessel-kiefernholz-und-stoff-bernt-petersen\\\/\"]}]},{\"@type\":\"ImageObject\",\"inLanguage\":\"fr-FR\",\"@id\":\"https:\\\/\\\/kurato.ch\\\/product\\\/3-daenische-rag-sessel-kiefernholz-und-stoff-bernt-petersen\\\/#primaryimage\",\"url\":\"https:\\\/\\\/kurato.ch\\\/wp-content\\\/uploads\\\/2022\\\/11\\\/3-Daenische-Rag-Sessel-Kiefernholz-und-Stoff-Bernt-Petersen-vintage-secondhand-gebraucht-schweiz.jpg\",\"contentUrl\":\"https:\\\/\\\/kurato.ch\\\/wp-content\\\/uploads\\\/2022\\\/11\\\/3-Daenische-Rag-Sessel-Kiefernholz-und-Stoff-Bernt-Petersen-vintage-secondhand-gebraucht-schweiz.jpg\",\"width\":800,\"height\":800,\"caption\":\"3 D\u00e4nische Rag Sessel, Kiefernholz und Stoff, Bernt Petersen\"},{\"@type\":\"BreadcrumbList\",\"@id\":\"https:\\\/\\\/kurato.ch\\\/product\\\/3-daenische-rag-sessel-kiefernholz-und-stoff-bernt-petersen\\\/#breadcrumb\",\"itemListElement\":[{\"@type\":\"ListItem\",\"position\":1,\"name\":\"Home\",\"item\":\"https:\\\/\\\/kurato.ch\\\/\"},{\"@type\":\"ListItem\",\"position\":2,\"name\":\"Neuheiten\",\"item\":\"https:\\\/\\\/kurato.ch\\\/neuheiten\\\/\"},{\"@type\":\"ListItem\",\"position\":3,\"name\":\"3 D\u00e4nische Rag Sessel, Kiefernholz und Stoff, Bernt Petersen\"}]},{\"@type\":\"WebSite\",\"@id\":\"https:\\\/\\\/kurato.ch\\\/#website\",\"url\":\"https:\\\/\\\/kurato.ch\\\/\",\"name\":\"Vintage M\u00f6bel &amp; Dekoration I Kurato\",\"description\":\"Vintage M\u00f6bel &amp; Dekoration I Kurato\",\"publisher\":{\"@id\":\"https:\\\/\\\/kurato.ch\\\/#organization\"},\"potentialAction\":[{\"@type\":\"SearchAction\",\"target\":{\"@type\":\"EntryPoint\",\"urlTemplate\":\"https:\\\/\\\/kurato.ch\\\/?s={search_term_string}\"},\"query-input\":{\"@type\":\"PropertyValueSpecification\",\"valueRequired\":true,\"valueName\":\"search_term_string\"}}],\"inLanguage\":\"fr-FR\"},{\"@type\":\"Organization\",\"@id\":\"https:\\\/\\\/kurato.ch\\\/#organization\",\"name\":\"Kurato.\",\"url\":\"https:\\\/\\\/kurato.ch\\\/\",\"logo\":{\"@type\":\"ImageObject\",\"inLanguage\":\"fr-FR\",\"@id\":\"https:\\\/\\\/kurato.ch\\\/#\\\/schema\\\/logo\\\/image\\\/\",\"url\":\"\",\"contentUrl\":\"\",\"caption\":\"Kurato.\"},\"image\":{\"@id\":\"https:\\\/\\\/kurato.ch\\\/#\\\/schema\\\/logo\\\/image\\\/\"},\"sameAs\":[\"https:\\\/\\\/www.facebook.com\\\/kuratoswitzerland\",\"https:\\\/\\\/www.instagram.com\\\/kurato.ch\\\/\",\"https:\\\/\\\/www.pinterest.ch\\\/kurato_ch\\\/_created\\\/\"]}]}<\/script>\n<!-- \/ Yoast SEO plugin. -->","yoast_head_json":{"title":"3 D\u00e4nische Rag Sessel, Kiefernholz und Stoff, Bernt Petersen | Vintage M\u00f6bel kaufen auf KURATO.CH","description":"Entdecke Vintage M\u00f6bel & Dekoration \u27a4 3 D\u00e4nische Rag Sessel, Kiefernholz und Stoff, Bernt Petersen auf Kurato. \u2713Lieferung Schweiz \u271314-Tage R\u00fcckgabe \u2713Secondhand Unikat","robots":{"index":"index","follow":"follow","max-snippet":"max-snippet:-1","max-image-preview":"max-image-preview:large","max-video-preview":"max-video-preview:-1"},"canonical":"https:\/\/kurato.ch\/fr\/product\/3-daenische-rag-sessel-kiefernholz-und-stoff-bernt-petersen\/","og_locale":"fr_FR","og_type":"article","og_title":"3 D\u00e4nische Rag Sessel, Kiefernholz und Stoff, Bernt Petersen | Vintage M\u00f6bel kaufen auf KURATO.CH","og_description":"Entdecke Vintage M\u00f6bel & Dekoration \u27a4 3 D\u00e4nische Rag Sessel, Kiefernholz und Stoff, Bernt Petersen auf Kurato. \u2713Lieferung Schweiz \u271314-Tage R\u00fcckgabe \u2713Secondhand Unikat","og_url":"https:\/\/kurato.ch\/fr\/product\/3-daenische-rag-sessel-kiefernholz-und-stoff-bernt-petersen\/","og_site_name":"Vintage M\u00f6bel &amp; Dekoration I Kurato","article_publisher":"https:\/\/www.facebook.com\/kuratoswitzerland","article_modified_time":"2022-12-20T19:03:35+00:00","og_image":[{"width":800,"height":800,"url":"https:\/\/kurato.ch\/wp-content\/uploads\/2022\/11\/3-Daenische-Rag-Sessel-Kiefernholz-und-Stoff-Bernt-Petersen-vintage-secondhand-gebraucht-schweiz.jpg","type":"image\/jpeg"}],"schema":{"@context":"https:\/\/schema.org","@graph":[{"@type":"WebPage","@id":"https:\/\/kurato.ch\/product\/3-daenische-rag-sessel-kiefernholz-und-stoff-bernt-petersen\/","url":"https:\/\/kurato.ch\/product\/3-daenische-rag-sessel-kiefernholz-und-stoff-bernt-petersen\/","name":"3 D\u00e4nische Rag Sessel, Kiefernholz und Stoff, Bernt Petersen | Vintage M\u00f6bel kaufen auf KURATO.CH","isPartOf":{"@id":"https:\/\/kurato.ch\/#website"},"primaryImageOfPage":{"@id":"https:\/\/kurato.ch\/product\/3-daenische-rag-sessel-kiefernholz-und-stoff-bernt-petersen\/#primaryimage"},"image":{"@id":"https:\/\/kurato.ch\/product\/3-daenische-rag-sessel-kiefernholz-und-stoff-bernt-petersen\/#primaryimage"},"thumbnailUrl":"https:\/\/kurato.ch\/wp-content\/uploads\/2022\/11\/3-Daenische-Rag-Sessel-Kiefernholz-und-Stoff-Bernt-Petersen-vintage-secondhand-gebraucht-schweiz.jpg","datePublished":"2022-11-21T12:17:39+00:00","dateModified":"2022-12-20T19:03:35+00:00","description":"Entdecke Vintage M\u00f6bel & Dekoration \u27a4 3 D\u00e4nische Rag Sessel, Kiefernholz und Stoff, Bernt Petersen auf Kurato. \u2713Lieferung Schweiz \u271314-Tage R\u00fcckgabe \u2713Secondhand Unikat","breadcrumb":{"@id":"https:\/\/kurato.ch\/product\/3-daenische-rag-sessel-kiefernholz-und-stoff-bernt-petersen\/#breadcrumb"},"inLanguage":"fr-FR","potentialAction":[{"@type":"ReadAction","target":["https:\/\/kurato.ch\/product\/3-daenische-rag-sessel-kiefernholz-und-stoff-bernt-petersen\/"]}]},{"@type":"ImageObject","inLanguage":"fr-FR","@id":"https:\/\/kurato.ch\/product\/3-daenische-rag-sessel-kiefernholz-und-stoff-bernt-petersen\/#primaryimage","url":"https:\/\/kurato.ch\/wp-content\/uploads\/2022\/11\/3-Daenische-Rag-Sessel-Kiefernholz-und-Stoff-Bernt-Petersen-vintage-secondhand-gebraucht-schweiz.jpg","contentUrl":"https:\/\/kurato.ch\/wp-content\/uploads\/2022\/11\/3-Daenische-Rag-Sessel-Kiefernholz-und-Stoff-Bernt-Petersen-vintage-secondhand-gebraucht-schweiz.jpg","width":800,"height":800,"caption":"3 D\u00e4nische Rag Sessel, Kiefernholz und Stoff, Bernt Petersen"},{"@type":"BreadcrumbList","@id":"https:\/\/kurato.ch\/product\/3-daenische-rag-sessel-kiefernholz-und-stoff-bernt-petersen\/#breadcrumb","itemListElement":[{"@type":"ListItem","position":1,"name":"Home","item":"https:\/\/kurato.ch\/"},{"@type":"ListItem","position":2,"name":"Neuheiten","item":"https:\/\/kurato.ch\/neuheiten\/"},{"@type":"ListItem","position":3,"name":"3 D\u00e4nische Rag Sessel, Kiefernholz und Stoff, Bernt Petersen"}]},{"@type":"WebSite","@id":"https:\/\/kurato.ch\/#website","url":"https:\/\/kurato.ch\/","name":"Meubles vintage &amp; d\u00e9coration I Kurato","description":"Meubles vintage &amp; d\u00e9coration I Kurato","publisher":{"@id":"https:\/\/kurato.ch\/#organization"},"potentialAction":[{"@type":"SearchAction","target":{"@type":"EntryPoint","urlTemplate":"https:\/\/kurato.ch\/?s={search_term_string}"},"query-input":{"@type":"PropertyValueSpecification","valueRequired":true,"valueName":"search_term_string"}}],"inLanguage":"fr-FR"},{"@type":"Organization","@id":"https:\/\/kurato.ch\/#organization","name":"Kurato.","url":"https:\/\/kurato.ch\/","logo":{"@type":"ImageObject","inLanguage":"fr-FR","@id":"https:\/\/kurato.ch\/#\/schema\/logo\/image\/","url":"","contentUrl":"","caption":"Kurato."},"image":{"@id":"https:\/\/kurato.ch\/#\/schema\/logo\/image\/"},"sameAs":["https:\/\/www.facebook.com\/kuratoswitzerland","https:\/\/www.instagram.com\/kurato.ch\/","https:\/\/www.pinterest.ch\/kurato_ch\/_created\/"]}]}},"_links":{"self":[{"href":"https:\/\/kurato.ch\/fr\/wp-json\/wp\/v2\/product\/36743","targetHints":{"allow":["GET"]}}],"collection":[{"href":"https:\/\/kurato.ch\/fr\/wp-json\/wp\/v2\/product"}],"about":[{"href":"https:\/\/kurato.ch\/fr\/wp-json\/wp\/v2\/types\/product"}],"wp:featuredmedia":[{"embeddable":true,"href":"https:\/\/kurato.ch\/fr\/wp-json\/wp\/v2\/media\/36978"}],"wp:attachment":[{"href":"https:\/\/kurato.ch\/fr\/wp-json\/wp\/v2\/media?parent=36743"}],"wp:term":[{"taxonomy":"product_brand","embeddable":true,"href":"https:\/\/kurato.ch\/fr\/wp-json\/wp\/v2\/product_brand?post=36743"},{"taxonomy":"product_cat","embeddable":true,"href":"https:\/\/kurato.ch\/fr\/wp-json\/wp\/v2\/product_cat?post=36743"},{"taxonomy":"product_tag","embeddable":true,"href":"https:\/\/kurato.ch\/fr\/wp-json\/wp\/v2\/product_tag?post=36743"}],"curies":[{"name":"wp","href":"https:\/\/api.w.org\/{rel}","templated":true}]}}