{"id":37072,"date":"2022-11-22T21:23:18","date_gmt":"2022-11-22T19:23:18","guid":{"rendered":"https:\/\/kurato.ch\/?post_type=product&#038;p=37072"},"modified":"2022-12-23T08:54:17","modified_gmt":"2022-12-23T06:54:17","slug":"original-art-deco-bankiers-schreibtischlampe-aus-gruenem-emaille","status":"publish","type":"product","link":"https:\/\/kurato.ch\/fr\/product\/original-art-deco-bankiers-schreibtischlampe-aus-gruenem-emaille\/","title":{"rendered":"Lampe de bureau de banquier originale Art d\u00e9co en \u00e9mail vert"},"content":{"rendered":"<p>Art d\u00e9co 1930 vert original lampe de bureau de banquier en \u00e9mail en \u00e9tat de fonctionnement.<\/p>\n<p>La lampe est en assez bon \u00e9tat pour son \u00e2ge.<\/p>\n<p>Il y a des usures mineures dans l'\u00e9mail et elle a toujours sa couleur verte kermit vive.<br \/>\nLe pied est en fonte noire et est en tr\u00e8s bon \u00e9tat.<\/p>\n<p>Hauteur 43cm \/16.9in<\/p>\n<p>Largeur de l'\u00e9cran en \u00e9mail 23cm \/9in<\/p>","protected":false},"excerpt":{"rendered":"<p>Art Deco 1930er gr\u00fcne original Bankiers Schreibtischlampe aus Emaille in funktionierendem Zustand. Die Lampe ist in ziemlich gutem Zustand f\u00fcr ihr Alter. Es gibt kleinere Abnutzungen im Emaille und sie hat immer noch ihre lebendige kermit gr\u00fcne Farbe. Der Fuss ist aus schwarzem Gusseisen und ist in sehr gutem Zustand. H\u00f6he 43cm \/16.9in Breite Emailleschirm [&hellip;]<\/p>\n","protected":false},"featured_media":37144,"template":"","meta":{"_acf_changed":false,"site-sidebar-layout":"default","site-content-layout":"default","ast-site-content-layout":"default","site-content-style":"default","site-sidebar-style":"default","ast-global-header-display":"","ast-banner-title-visibility":"","ast-main-header-display":"","ast-hfb-above-header-display":"","ast-hfb-below-header-display":"","ast-hfb-mobile-header-display":"","site-post-title":"","ast-breadcrumbs-content":"","ast-featured-img":"","footer-sml-layout":"","ast-disable-related-posts":"","theme-transparent-header-meta":"default","adv-header-id-meta":"","stick-header-meta":"default","header-above-stick-meta":"","header-main-stick-meta":"","header-below-stick-meta":"","astra-migrate-meta-layouts":"default","ast-page-background-enabled":"default","ast-page-background-meta":{"desktop":{"background-color":"","background-image":"","background-repeat":"repeat","background-position":"center center","background-size":"auto","background-attachment":"scroll","background-type":"","background-media":"","overlay-type":"","overlay-color":"","overlay-opacity":"","overlay-gradient":""},"tablet":{"background-color":"","background-image":"","background-repeat":"repeat","background-position":"center center","background-size":"auto","background-attachment":"scroll","background-type":"","background-media":"","overlay-type":"","overlay-color":"","overlay-opacity":"","overlay-gradient":""},"mobile":{"background-color":"","background-image":"","background-repeat":"repeat","background-position":"center center","background-size":"auto","background-attachment":"scroll","background-type":"","background-media":"","overlay-type":"","overlay-color":"","overlay-opacity":"","overlay-gradient":""}},"ast-content-background-meta":{"desktop":{"background-color":"var(--ast-global-color-5)","background-image":"","background-repeat":"repeat","background-position":"center center","background-size":"auto","background-attachment":"scroll","background-type":"","background-media":"","overlay-type":"","overlay-color":"","overlay-opacity":"","overlay-gradient":""},"tablet":{"background-color":"var(--ast-global-color-5)","background-image":"","background-repeat":"repeat","background-position":"center center","background-size":"auto","background-attachment":"scroll","background-type":"","background-media":"","overlay-type":"","overlay-color":"","overlay-opacity":"","overlay-gradient":""},"mobile":{"background-color":"var(--ast-global-color-5)","background-image":"","background-repeat":"repeat","background-position":"center center","background-size":"auto","background-attachment":"scroll","background-type":"","background-media":"","overlay-type":"","overlay-color":"","overlay-opacity":"","overlay-gradient":""}}},"product_brand":[],"product_cat":[66,60],"product_tag":[],"class_list":{"0":"post-37072","1":"product","2":"type-product","3":"status-publish","4":"has-post-thumbnail","6":"product_cat-tischlampe","7":"product_cat-vintage-lampen","8":"pa_farbe-gruen","9":"pa_farbe-schwarz","10":"pa_material-emaille","11":"pa_standort-genferseeregion","12":"pa_stil-industriell","13":"desktop-align-left","14":"tablet-align-left","15":"mobile-align-left","17":"first","18":"instock","19":"sold-individually","20":"shipping-taxable","21":"purchasable","22":"product-type-simple"},"acf":[],"yoast_head":"<!-- This site is optimized with the Yoast SEO plugin v27.4 - https:\/\/yoast.com\/product\/yoast-seo-wordpress\/ -->\n<title>Original Art D\u00e9co Bankiers-Schreibtischlampe aus gr\u00fcnem Emaille | Vintage M\u00f6bel kaufen auf KURATO.CH<\/title>\n<meta name=\"description\" content=\"Entdecke Vintage M\u00f6bel &amp; Dekoration \u27a4 Original Art D\u00e9co Bankiers-Schreibtischlampe aus gr\u00fcnem Emaille auf Kurato. \u2713Lieferung Schweiz \u271314-Tage R\u00fcckgabe \u2713Secondhand Unikat\" \/>\n<meta name=\"robots\" content=\"index, follow, max-snippet:-1, max-image-preview:large, max-video-preview:-1\" \/>\n<link rel=\"canonical\" href=\"https:\/\/kurato.ch\/fr\/product\/original-art-deco-bankiers-schreibtischlampe-aus-gruenem-emaille\/\" \/>\n<meta property=\"og:locale\" content=\"fr_FR\" \/>\n<meta property=\"og:type\" content=\"article\" \/>\n<meta property=\"og:title\" content=\"Original Art D\u00e9co Bankiers-Schreibtischlampe aus gr\u00fcnem Emaille | Vintage M\u00f6bel kaufen auf KURATO.CH\" \/>\n<meta property=\"og:description\" content=\"Entdecke Vintage M\u00f6bel &amp; Dekoration \u27a4 Original Art D\u00e9co Bankiers-Schreibtischlampe aus gr\u00fcnem Emaille auf Kurato. \u2713Lieferung Schweiz \u271314-Tage R\u00fcckgabe \u2713Secondhand Unikat\" \/>\n<meta property=\"og:url\" content=\"https:\/\/kurato.ch\/fr\/product\/original-art-deco-bankiers-schreibtischlampe-aus-gruenem-emaille\/\" \/>\n<meta property=\"og:site_name\" content=\"Vintage M\u00f6bel &amp; Dekoration I Kurato\" \/>\n<meta property=\"article:publisher\" content=\"https:\/\/www.facebook.com\/kuratoswitzerland\" \/>\n<meta property=\"article:modified_time\" content=\"2022-12-23T06:54:17+00:00\" \/>\n<meta property=\"og:image\" content=\"https:\/\/kurato.ch\/wp-content\/uploads\/2022\/11\/Original-Art-Deco-Bankiers-Schreibtischlampe-aus-gruenem-Emaille-vintage-secondhand-gebraucht-schweiz.jpg\" \/>\n\t<meta property=\"og:image:width\" content=\"800\" \/>\n\t<meta property=\"og:image:height\" content=\"800\" \/>\n\t<meta property=\"og:image:type\" content=\"image\/jpeg\" \/>\n<script type=\"application\/ld+json\" class=\"yoast-schema-graph\">{\"@context\":\"https:\\\/\\\/schema.org\",\"@graph\":[{\"@type\":\"WebPage\",\"@id\":\"https:\\\/\\\/kurato.ch\\\/product\\\/original-art-deco-bankiers-schreibtischlampe-aus-gruenem-emaille\\\/\",\"url\":\"https:\\\/\\\/kurato.ch\\\/product\\\/original-art-deco-bankiers-schreibtischlampe-aus-gruenem-emaille\\\/\",\"name\":\"Original Art D\u00e9co Bankiers-Schreibtischlampe aus gr\u00fcnem Emaille | Vintage M\u00f6bel kaufen auf KURATO.CH\",\"isPartOf\":{\"@id\":\"https:\\\/\\\/kurato.ch\\\/#website\"},\"primaryImageOfPage\":{\"@id\":\"https:\\\/\\\/kurato.ch\\\/product\\\/original-art-deco-bankiers-schreibtischlampe-aus-gruenem-emaille\\\/#primaryimage\"},\"image\":{\"@id\":\"https:\\\/\\\/kurato.ch\\\/product\\\/original-art-deco-bankiers-schreibtischlampe-aus-gruenem-emaille\\\/#primaryimage\"},\"thumbnailUrl\":\"https:\\\/\\\/kurato.ch\\\/wp-content\\\/uploads\\\/2022\\\/11\\\/Original-Art-Deco-Bankiers-Schreibtischlampe-aus-gruenem-Emaille-vintage-secondhand-gebraucht-schweiz.jpg\",\"datePublished\":\"2022-11-22T19:23:18+00:00\",\"dateModified\":\"2022-12-23T06:54:17+00:00\",\"description\":\"Entdecke Vintage M\u00f6bel & Dekoration \u27a4 Original Art D\u00e9co Bankiers-Schreibtischlampe aus gr\u00fcnem Emaille auf Kurato. \u2713Lieferung Schweiz \u271314-Tage R\u00fcckgabe \u2713Secondhand Unikat\",\"breadcrumb\":{\"@id\":\"https:\\\/\\\/kurato.ch\\\/product\\\/original-art-deco-bankiers-schreibtischlampe-aus-gruenem-emaille\\\/#breadcrumb\"},\"inLanguage\":\"fr-FR\",\"potentialAction\":[{\"@type\":\"ReadAction\",\"target\":[\"https:\\\/\\\/kurato.ch\\\/product\\\/original-art-deco-bankiers-schreibtischlampe-aus-gruenem-emaille\\\/\"]}]},{\"@type\":\"ImageObject\",\"inLanguage\":\"fr-FR\",\"@id\":\"https:\\\/\\\/kurato.ch\\\/product\\\/original-art-deco-bankiers-schreibtischlampe-aus-gruenem-emaille\\\/#primaryimage\",\"url\":\"https:\\\/\\\/kurato.ch\\\/wp-content\\\/uploads\\\/2022\\\/11\\\/Original-Art-Deco-Bankiers-Schreibtischlampe-aus-gruenem-Emaille-vintage-secondhand-gebraucht-schweiz.jpg\",\"contentUrl\":\"https:\\\/\\\/kurato.ch\\\/wp-content\\\/uploads\\\/2022\\\/11\\\/Original-Art-Deco-Bankiers-Schreibtischlampe-aus-gruenem-Emaille-vintage-secondhand-gebraucht-schweiz.jpg\",\"width\":800,\"height\":800,\"caption\":\"Original Art D\u00e9co Bankiers-Schreibtischlampe aus gr\u00fcnem Emaille\"},{\"@type\":\"BreadcrumbList\",\"@id\":\"https:\\\/\\\/kurato.ch\\\/product\\\/original-art-deco-bankiers-schreibtischlampe-aus-gruenem-emaille\\\/#breadcrumb\",\"itemListElement\":[{\"@type\":\"ListItem\",\"position\":1,\"name\":\"Home\",\"item\":\"https:\\\/\\\/kurato.ch\\\/\"},{\"@type\":\"ListItem\",\"position\":2,\"name\":\"Neuheiten\",\"item\":\"https:\\\/\\\/kurato.ch\\\/neuheiten\\\/\"},{\"@type\":\"ListItem\",\"position\":3,\"name\":\"Original Art D\u00e9co Bankiers-Schreibtischlampe aus gr\u00fcnem Emaille\"}]},{\"@type\":\"WebSite\",\"@id\":\"https:\\\/\\\/kurato.ch\\\/#website\",\"url\":\"https:\\\/\\\/kurato.ch\\\/\",\"name\":\"Vintage M\u00f6bel &amp; Dekoration I Kurato\",\"description\":\"Vintage M\u00f6bel &amp; Dekoration I Kurato\",\"publisher\":{\"@id\":\"https:\\\/\\\/kurato.ch\\\/#organization\"},\"potentialAction\":[{\"@type\":\"SearchAction\",\"target\":{\"@type\":\"EntryPoint\",\"urlTemplate\":\"https:\\\/\\\/kurato.ch\\\/?s={search_term_string}\"},\"query-input\":{\"@type\":\"PropertyValueSpecification\",\"valueRequired\":true,\"valueName\":\"search_term_string\"}}],\"inLanguage\":\"fr-FR\"},{\"@type\":\"Organization\",\"@id\":\"https:\\\/\\\/kurato.ch\\\/#organization\",\"name\":\"Kurato.\",\"url\":\"https:\\\/\\\/kurato.ch\\\/\",\"logo\":{\"@type\":\"ImageObject\",\"inLanguage\":\"fr-FR\",\"@id\":\"https:\\\/\\\/kurato.ch\\\/#\\\/schema\\\/logo\\\/image\\\/\",\"url\":\"\",\"contentUrl\":\"\",\"caption\":\"Kurato.\"},\"image\":{\"@id\":\"https:\\\/\\\/kurato.ch\\\/#\\\/schema\\\/logo\\\/image\\\/\"},\"sameAs\":[\"https:\\\/\\\/www.facebook.com\\\/kuratoswitzerland\",\"https:\\\/\\\/www.instagram.com\\\/kurato.ch\\\/\",\"https:\\\/\\\/www.pinterest.ch\\\/kurato_ch\\\/_created\\\/\"]}]}<\/script>\n<!-- \/ Yoast SEO plugin. -->","yoast_head_json":{"title":"Original Art D\u00e9co Bankiers-Schreibtischlampe aus gr\u00fcnem Emaille | Vintage M\u00f6bel kaufen auf KURATO.CH","description":"Entdecke Vintage M\u00f6bel & Dekoration \u27a4 Original Art D\u00e9co Bankiers-Schreibtischlampe aus gr\u00fcnem Emaille auf Kurato. \u2713Lieferung Schweiz \u271314-Tage R\u00fcckgabe \u2713Secondhand Unikat","robots":{"index":"index","follow":"follow","max-snippet":"max-snippet:-1","max-image-preview":"max-image-preview:large","max-video-preview":"max-video-preview:-1"},"canonical":"https:\/\/kurato.ch\/fr\/product\/original-art-deco-bankiers-schreibtischlampe-aus-gruenem-emaille\/","og_locale":"fr_FR","og_type":"article","og_title":"Original Art D\u00e9co Bankiers-Schreibtischlampe aus gr\u00fcnem Emaille | Vintage M\u00f6bel kaufen auf KURATO.CH","og_description":"Entdecke Vintage M\u00f6bel & Dekoration \u27a4 Original Art D\u00e9co Bankiers-Schreibtischlampe aus gr\u00fcnem Emaille auf Kurato. \u2713Lieferung Schweiz \u271314-Tage R\u00fcckgabe \u2713Secondhand Unikat","og_url":"https:\/\/kurato.ch\/fr\/product\/original-art-deco-bankiers-schreibtischlampe-aus-gruenem-emaille\/","og_site_name":"Vintage M\u00f6bel &amp; Dekoration I Kurato","article_publisher":"https:\/\/www.facebook.com\/kuratoswitzerland","article_modified_time":"2022-12-23T06:54:17+00:00","og_image":[{"width":800,"height":800,"url":"https:\/\/kurato.ch\/wp-content\/uploads\/2022\/11\/Original-Art-Deco-Bankiers-Schreibtischlampe-aus-gruenem-Emaille-vintage-secondhand-gebraucht-schweiz.jpg","type":"image\/jpeg"}],"schema":{"@context":"https:\/\/schema.org","@graph":[{"@type":"WebPage","@id":"https:\/\/kurato.ch\/product\/original-art-deco-bankiers-schreibtischlampe-aus-gruenem-emaille\/","url":"https:\/\/kurato.ch\/product\/original-art-deco-bankiers-schreibtischlampe-aus-gruenem-emaille\/","name":"Original Art D\u00e9co Bankiers-Schreibtischlampe aus gr\u00fcnem Emaille | Vintage M\u00f6bel kaufen auf KURATO.CH","isPartOf":{"@id":"https:\/\/kurato.ch\/#website"},"primaryImageOfPage":{"@id":"https:\/\/kurato.ch\/product\/original-art-deco-bankiers-schreibtischlampe-aus-gruenem-emaille\/#primaryimage"},"image":{"@id":"https:\/\/kurato.ch\/product\/original-art-deco-bankiers-schreibtischlampe-aus-gruenem-emaille\/#primaryimage"},"thumbnailUrl":"https:\/\/kurato.ch\/wp-content\/uploads\/2022\/11\/Original-Art-Deco-Bankiers-Schreibtischlampe-aus-gruenem-Emaille-vintage-secondhand-gebraucht-schweiz.jpg","datePublished":"2022-11-22T19:23:18+00:00","dateModified":"2022-12-23T06:54:17+00:00","description":"Entdecke Vintage M\u00f6bel & Dekoration \u27a4 Original Art D\u00e9co Bankiers-Schreibtischlampe aus gr\u00fcnem Emaille auf Kurato. \u2713Lieferung Schweiz \u271314-Tage R\u00fcckgabe \u2713Secondhand Unikat","breadcrumb":{"@id":"https:\/\/kurato.ch\/product\/original-art-deco-bankiers-schreibtischlampe-aus-gruenem-emaille\/#breadcrumb"},"inLanguage":"fr-FR","potentialAction":[{"@type":"ReadAction","target":["https:\/\/kurato.ch\/product\/original-art-deco-bankiers-schreibtischlampe-aus-gruenem-emaille\/"]}]},{"@type":"ImageObject","inLanguage":"fr-FR","@id":"https:\/\/kurato.ch\/product\/original-art-deco-bankiers-schreibtischlampe-aus-gruenem-emaille\/#primaryimage","url":"https:\/\/kurato.ch\/wp-content\/uploads\/2022\/11\/Original-Art-Deco-Bankiers-Schreibtischlampe-aus-gruenem-Emaille-vintage-secondhand-gebraucht-schweiz.jpg","contentUrl":"https:\/\/kurato.ch\/wp-content\/uploads\/2022\/11\/Original-Art-Deco-Bankiers-Schreibtischlampe-aus-gruenem-Emaille-vintage-secondhand-gebraucht-schweiz.jpg","width":800,"height":800,"caption":"Original Art D\u00e9co Bankiers-Schreibtischlampe aus gr\u00fcnem Emaille"},{"@type":"BreadcrumbList","@id":"https:\/\/kurato.ch\/product\/original-art-deco-bankiers-schreibtischlampe-aus-gruenem-emaille\/#breadcrumb","itemListElement":[{"@type":"ListItem","position":1,"name":"Home","item":"https:\/\/kurato.ch\/"},{"@type":"ListItem","position":2,"name":"Neuheiten","item":"https:\/\/kurato.ch\/neuheiten\/"},{"@type":"ListItem","position":3,"name":"Original Art D\u00e9co Bankiers-Schreibtischlampe aus gr\u00fcnem Emaille"}]},{"@type":"WebSite","@id":"https:\/\/kurato.ch\/#website","url":"https:\/\/kurato.ch\/","name":"Meubles vintage &amp; d\u00e9coration I Kurato","description":"Meubles vintage &amp; d\u00e9coration I Kurato","publisher":{"@id":"https:\/\/kurato.ch\/#organization"},"potentialAction":[{"@type":"SearchAction","target":{"@type":"EntryPoint","urlTemplate":"https:\/\/kurato.ch\/?s={search_term_string}"},"query-input":{"@type":"PropertyValueSpecification","valueRequired":true,"valueName":"search_term_string"}}],"inLanguage":"fr-FR"},{"@type":"Organization","@id":"https:\/\/kurato.ch\/#organization","name":"Kurato.","url":"https:\/\/kurato.ch\/","logo":{"@type":"ImageObject","inLanguage":"fr-FR","@id":"https:\/\/kurato.ch\/#\/schema\/logo\/image\/","url":"","contentUrl":"","caption":"Kurato."},"image":{"@id":"https:\/\/kurato.ch\/#\/schema\/logo\/image\/"},"sameAs":["https:\/\/www.facebook.com\/kuratoswitzerland","https:\/\/www.instagram.com\/kurato.ch\/","https:\/\/www.pinterest.ch\/kurato_ch\/_created\/"]}]}},"_links":{"self":[{"href":"https:\/\/kurato.ch\/fr\/wp-json\/wp\/v2\/product\/37072","targetHints":{"allow":["GET"]}}],"collection":[{"href":"https:\/\/kurato.ch\/fr\/wp-json\/wp\/v2\/product"}],"about":[{"href":"https:\/\/kurato.ch\/fr\/wp-json\/wp\/v2\/types\/product"}],"wp:featuredmedia":[{"embeddable":true,"href":"https:\/\/kurato.ch\/fr\/wp-json\/wp\/v2\/media\/37144"}],"wp:attachment":[{"href":"https:\/\/kurato.ch\/fr\/wp-json\/wp\/v2\/media?parent=37072"}],"wp:term":[{"taxonomy":"product_brand","embeddable":true,"href":"https:\/\/kurato.ch\/fr\/wp-json\/wp\/v2\/product_brand?post=37072"},{"taxonomy":"product_cat","embeddable":true,"href":"https:\/\/kurato.ch\/fr\/wp-json\/wp\/v2\/product_cat?post=37072"},{"taxonomy":"product_tag","embeddable":true,"href":"https:\/\/kurato.ch\/fr\/wp-json\/wp\/v2\/product_tag?post=37072"}],"curies":[{"name":"wp","href":"https:\/\/api.w.org\/{rel}","templated":true}]}}