{"id":37357,"date":"2022-11-26T20:47:24","date_gmt":"2022-11-26T18:47:24","guid":{"rendered":"https:\/\/kurato.ch\/fr\/?post_type=product&#038;p=37357"},"modified":"2022-11-26T20:49:10","modified_gmt":"2022-11-26T18:49:10","slug":"set-aus-2-stuehlen-von-jacques-toussaint-fuer-atelier","status":"publish","type":"product","link":"https:\/\/kurato.ch\/fr\/product\/set-aus-2-stuehlen-von-jacques-toussaint-fuer-atelier\/","title":{"rendered":"Set de 2 chaises de Jacques Toussaint pour ATELIER"},"content":{"rendered":"<p>Une paire de rares chaises Jacques Toussaint de 1987 pour ATELIER, recouvertes de cuir noir et avec une structure en m\u00e9tal. Ces chaises empilables de designer sont en tr\u00e8s bon \u00e9tat. Elles ont une l\u00e9g\u00e8re usure et des traces d'utilisation - voir les photos.<\/p>\n<p>Je peux \u00e9galement fournir plus de photos.<\/p>\n<p>Pour en savoir plus sur le design des chaises : http:\/\/www.jacquestoussaint.com\/design\/02\/page.html<\/p>\n<p>En savoir plus sur le designer http:\/\/www.artesilva.com\/en\/jacques-toussaint-2\/<\/p>\n<p>Hauteur du si\u00e8ge 45cm \/17.7in<\/p>\n<p>Hauteur totale 76cm \/29.9in<\/p>\n<p>Largeur si\u00e8ge \/ chaise 38cm \/14.9in<\/p>\n<p>Longueur du si\u00e8ge 30cm<\/p>","protected":false},"excerpt":{"rendered":"<p>Ein Paar der seltenen 1987 Jacques Toussaint f\u00fcr ATELIER St\u00fchle mit schwarzem Lederbezug und Metallgestell. Diese Designer stapelbaren St\u00fchle sind in sehr gutem Zustand. Sie haben geringf\u00fcgige Abnutzung und Gebrauchsspuren &#8211; siehe Bilder. Ich kann auch mehr Fotos zur Verf\u00fcgung stellen. Mehr \u00fcber das Design der St\u00fchle: http:\/\/www.jacquestoussaint.com\/design\/02\/page.html Mehr \u00fcber den Designer http:\/\/www.artesilva.com\/en\/jacques-toussaint-2\/ Sitzh\u00f6he 45cm [&hellip;]<\/p>\n","protected":false},"featured_media":37486,"template":"","meta":{"_acf_changed":false,"site-sidebar-layout":"default","site-content-layout":"default","ast-site-content-layout":"default","site-content-style":"default","site-sidebar-style":"default","ast-global-header-display":"","ast-banner-title-visibility":"","ast-main-header-display":"","ast-hfb-above-header-display":"","ast-hfb-below-header-display":"","ast-hfb-mobile-header-display":"","site-post-title":"","ast-breadcrumbs-content":"","ast-featured-img":"","footer-sml-layout":"","ast-disable-related-posts":"","theme-transparent-header-meta":"default","adv-header-id-meta":"","stick-header-meta":"default","header-above-stick-meta":"","header-main-stick-meta":"","header-below-stick-meta":"","astra-migrate-meta-layouts":"default","ast-page-background-enabled":"default","ast-page-background-meta":{"desktop":{"background-color":"","background-image":"","background-repeat":"repeat","background-position":"center center","background-size":"auto","background-attachment":"scroll","background-type":"","background-media":"","overlay-type":"","overlay-color":"","overlay-opacity":"","overlay-gradient":""},"tablet":{"background-color":"","background-image":"","background-repeat":"repeat","background-position":"center center","background-size":"auto","background-attachment":"scroll","background-type":"","background-media":"","overlay-type":"","overlay-color":"","overlay-opacity":"","overlay-gradient":""},"mobile":{"background-color":"","background-image":"","background-repeat":"repeat","background-position":"center center","background-size":"auto","background-attachment":"scroll","background-type":"","background-media":"","overlay-type":"","overlay-color":"","overlay-opacity":"","overlay-gradient":""}},"ast-content-background-meta":{"desktop":{"background-color":"var(--ast-global-color-5)","background-image":"","background-repeat":"repeat","background-position":"center center","background-size":"auto","background-attachment":"scroll","background-type":"","background-media":"","overlay-type":"","overlay-color":"","overlay-opacity":"","overlay-gradient":""},"tablet":{"background-color":"var(--ast-global-color-5)","background-image":"","background-repeat":"repeat","background-position":"center center","background-size":"auto","background-attachment":"scroll","background-type":"","background-media":"","overlay-type":"","overlay-color":"","overlay-opacity":"","overlay-gradient":""},"mobile":{"background-color":"var(--ast-global-color-5)","background-image":"","background-repeat":"repeat","background-position":"center center","background-size":"auto","background-attachment":"scroll","background-type":"","background-media":"","overlay-type":"","overlay-color":"","overlay-opacity":"","overlay-gradient":""}}},"product_brand":[],"product_cat":[163],"product_tag":[],"class_list":{"0":"post-37357","1":"product","2":"type-product","3":"status-publish","4":"has-post-thumbnail","6":"product_cat-vintage-stuhl","7":"pa_designer-atelier-forma","8":"pa_farbe-schwarz","9":"pa_material-leder","10":"pa_material-metall","11":"pa_standort-genferseeregion","12":"pa_stil-design","13":"desktop-align-left","14":"tablet-align-left","15":"mobile-align-left","17":"first","18":"instock","19":"shipping-taxable","20":"purchasable","21":"product-type-simple"},"acf":[],"yoast_head":"<!-- This site is optimized with the Yoast SEO plugin v27.4 - https:\/\/yoast.com\/product\/yoast-seo-wordpress\/ -->\n<title>Set aus 2 St\u00fchlen von Jacques Toussaint f\u00fcr ATELIER | Vintage M\u00f6bel kaufen auf KURATO.CH<\/title>\n<meta name=\"description\" content=\"Entdecke Vintage M\u00f6bel &amp; Dekoration \u27a4 Set aus 2 St\u00fchlen von Jacques Toussaint f\u00fcr ATELIER auf Kurato. \u2713Lieferung Schweiz \u271314-Tage R\u00fcckgabe \u2713Secondhand Unikat\" \/>\n<meta name=\"robots\" content=\"index, follow, max-snippet:-1, max-image-preview:large, max-video-preview:-1\" \/>\n<link rel=\"canonical\" href=\"https:\/\/kurato.ch\/fr\/product\/set-aus-2-stuehlen-von-jacques-toussaint-fuer-atelier\/\" \/>\n<meta property=\"og:locale\" content=\"fr_FR\" \/>\n<meta property=\"og:type\" content=\"article\" \/>\n<meta property=\"og:title\" content=\"Set aus 2 St\u00fchlen von Jacques Toussaint f\u00fcr ATELIER | Vintage M\u00f6bel kaufen auf KURATO.CH\" \/>\n<meta property=\"og:description\" content=\"Entdecke Vintage M\u00f6bel &amp; Dekoration \u27a4 Set aus 2 St\u00fchlen von Jacques Toussaint f\u00fcr ATELIER auf Kurato. \u2713Lieferung Schweiz \u271314-Tage R\u00fcckgabe \u2713Secondhand Unikat\" \/>\n<meta property=\"og:url\" content=\"https:\/\/kurato.ch\/fr\/product\/set-aus-2-stuehlen-von-jacques-toussaint-fuer-atelier\/\" \/>\n<meta property=\"og:site_name\" content=\"Vintage M\u00f6bel &amp; Dekoration I Kurato\" \/>\n<meta property=\"article:publisher\" content=\"https:\/\/www.facebook.com\/kuratoswitzerland\" \/>\n<meta property=\"article:modified_time\" content=\"2022-11-26T18:49:10+00:00\" \/>\n<meta property=\"og:image\" content=\"https:\/\/kurato.ch\/wp-content\/uploads\/2022\/11\/Set-aus-2-Stuehlen-von-Jacques-Toussaint-fuer-ATELIER-vintage-secondhand-gebraucht-schweiz.jpg\" \/>\n\t<meta property=\"og:image:width\" content=\"800\" \/>\n\t<meta property=\"og:image:height\" content=\"800\" \/>\n\t<meta property=\"og:image:type\" content=\"image\/jpeg\" \/>\n<script type=\"application\/ld+json\" class=\"yoast-schema-graph\">{\"@context\":\"https:\\\/\\\/schema.org\",\"@graph\":[{\"@type\":\"WebPage\",\"@id\":\"https:\\\/\\\/kurato.ch\\\/product\\\/set-aus-2-stuehlen-von-jacques-toussaint-fuer-atelier\\\/\",\"url\":\"https:\\\/\\\/kurato.ch\\\/product\\\/set-aus-2-stuehlen-von-jacques-toussaint-fuer-atelier\\\/\",\"name\":\"Set aus 2 St\u00fchlen von Jacques Toussaint f\u00fcr ATELIER | Vintage M\u00f6bel kaufen auf KURATO.CH\",\"isPartOf\":{\"@id\":\"https:\\\/\\\/kurato.ch\\\/#website\"},\"primaryImageOfPage\":{\"@id\":\"https:\\\/\\\/kurato.ch\\\/product\\\/set-aus-2-stuehlen-von-jacques-toussaint-fuer-atelier\\\/#primaryimage\"},\"image\":{\"@id\":\"https:\\\/\\\/kurato.ch\\\/product\\\/set-aus-2-stuehlen-von-jacques-toussaint-fuer-atelier\\\/#primaryimage\"},\"thumbnailUrl\":\"https:\\\/\\\/kurato.ch\\\/wp-content\\\/uploads\\\/2022\\\/11\\\/Set-aus-2-Stuehlen-von-Jacques-Toussaint-fuer-ATELIER-vintage-secondhand-gebraucht-schweiz.jpg\",\"datePublished\":\"2022-11-26T18:47:24+00:00\",\"dateModified\":\"2022-11-26T18:49:10+00:00\",\"description\":\"Entdecke Vintage M\u00f6bel & Dekoration \u27a4 Set aus 2 St\u00fchlen von Jacques Toussaint f\u00fcr ATELIER auf Kurato. \u2713Lieferung Schweiz \u271314-Tage R\u00fcckgabe \u2713Secondhand Unikat\",\"breadcrumb\":{\"@id\":\"https:\\\/\\\/kurato.ch\\\/product\\\/set-aus-2-stuehlen-von-jacques-toussaint-fuer-atelier\\\/#breadcrumb\"},\"inLanguage\":\"fr-FR\",\"potentialAction\":[{\"@type\":\"ReadAction\",\"target\":[\"https:\\\/\\\/kurato.ch\\\/product\\\/set-aus-2-stuehlen-von-jacques-toussaint-fuer-atelier\\\/\"]}]},{\"@type\":\"ImageObject\",\"inLanguage\":\"fr-FR\",\"@id\":\"https:\\\/\\\/kurato.ch\\\/product\\\/set-aus-2-stuehlen-von-jacques-toussaint-fuer-atelier\\\/#primaryimage\",\"url\":\"https:\\\/\\\/kurato.ch\\\/wp-content\\\/uploads\\\/2022\\\/11\\\/Set-aus-2-Stuehlen-von-Jacques-Toussaint-fuer-ATELIER-vintage-secondhand-gebraucht-schweiz.jpg\",\"contentUrl\":\"https:\\\/\\\/kurato.ch\\\/wp-content\\\/uploads\\\/2022\\\/11\\\/Set-aus-2-Stuehlen-von-Jacques-Toussaint-fuer-ATELIER-vintage-secondhand-gebraucht-schweiz.jpg\",\"width\":800,\"height\":800},{\"@type\":\"BreadcrumbList\",\"@id\":\"https:\\\/\\\/kurato.ch\\\/product\\\/set-aus-2-stuehlen-von-jacques-toussaint-fuer-atelier\\\/#breadcrumb\",\"itemListElement\":[{\"@type\":\"ListItem\",\"position\":1,\"name\":\"Home\",\"item\":\"https:\\\/\\\/kurato.ch\\\/\"},{\"@type\":\"ListItem\",\"position\":2,\"name\":\"Neuheiten\",\"item\":\"https:\\\/\\\/kurato.ch\\\/neuheiten\\\/\"},{\"@type\":\"ListItem\",\"position\":3,\"name\":\"Set aus 2 St\u00fchlen von Jacques Toussaint f\u00fcr ATELIER\"}]},{\"@type\":\"WebSite\",\"@id\":\"https:\\\/\\\/kurato.ch\\\/#website\",\"url\":\"https:\\\/\\\/kurato.ch\\\/\",\"name\":\"Vintage M\u00f6bel &amp; Dekoration I Kurato\",\"description\":\"Vintage M\u00f6bel &amp; Dekoration I Kurato\",\"publisher\":{\"@id\":\"https:\\\/\\\/kurato.ch\\\/#organization\"},\"potentialAction\":[{\"@type\":\"SearchAction\",\"target\":{\"@type\":\"EntryPoint\",\"urlTemplate\":\"https:\\\/\\\/kurato.ch\\\/?s={search_term_string}\"},\"query-input\":{\"@type\":\"PropertyValueSpecification\",\"valueRequired\":true,\"valueName\":\"search_term_string\"}}],\"inLanguage\":\"fr-FR\"},{\"@type\":\"Organization\",\"@id\":\"https:\\\/\\\/kurato.ch\\\/#organization\",\"name\":\"Kurato.\",\"url\":\"https:\\\/\\\/kurato.ch\\\/\",\"logo\":{\"@type\":\"ImageObject\",\"inLanguage\":\"fr-FR\",\"@id\":\"https:\\\/\\\/kurato.ch\\\/#\\\/schema\\\/logo\\\/image\\\/\",\"url\":\"\",\"contentUrl\":\"\",\"caption\":\"Kurato.\"},\"image\":{\"@id\":\"https:\\\/\\\/kurato.ch\\\/#\\\/schema\\\/logo\\\/image\\\/\"},\"sameAs\":[\"https:\\\/\\\/www.facebook.com\\\/kuratoswitzerland\",\"https:\\\/\\\/www.instagram.com\\\/kurato.ch\\\/\",\"https:\\\/\\\/www.pinterest.ch\\\/kurato_ch\\\/_created\\\/\"]}]}<\/script>\n<!-- \/ Yoast SEO plugin. -->","yoast_head_json":{"title":"Set aus 2 St\u00fchlen von Jacques Toussaint f\u00fcr ATELIER | Vintage M\u00f6bel kaufen auf KURATO.CH","description":"Entdecke Vintage M\u00f6bel & Dekoration \u27a4 Set aus 2 St\u00fchlen von Jacques Toussaint f\u00fcr ATELIER auf Kurato. \u2713Lieferung Schweiz \u271314-Tage R\u00fcckgabe \u2713Secondhand Unikat","robots":{"index":"index","follow":"follow","max-snippet":"max-snippet:-1","max-image-preview":"max-image-preview:large","max-video-preview":"max-video-preview:-1"},"canonical":"https:\/\/kurato.ch\/fr\/product\/set-aus-2-stuehlen-von-jacques-toussaint-fuer-atelier\/","og_locale":"fr_FR","og_type":"article","og_title":"Set aus 2 St\u00fchlen von Jacques Toussaint f\u00fcr ATELIER | Vintage M\u00f6bel kaufen auf KURATO.CH","og_description":"Entdecke Vintage M\u00f6bel & Dekoration \u27a4 Set aus 2 St\u00fchlen von Jacques Toussaint f\u00fcr ATELIER auf Kurato. \u2713Lieferung Schweiz \u271314-Tage R\u00fcckgabe \u2713Secondhand Unikat","og_url":"https:\/\/kurato.ch\/fr\/product\/set-aus-2-stuehlen-von-jacques-toussaint-fuer-atelier\/","og_site_name":"Vintage M\u00f6bel &amp; Dekoration I Kurato","article_publisher":"https:\/\/www.facebook.com\/kuratoswitzerland","article_modified_time":"2022-11-26T18:49:10+00:00","og_image":[{"width":800,"height":800,"url":"https:\/\/kurato.ch\/wp-content\/uploads\/2022\/11\/Set-aus-2-Stuehlen-von-Jacques-Toussaint-fuer-ATELIER-vintage-secondhand-gebraucht-schweiz.jpg","type":"image\/jpeg"}],"schema":{"@context":"https:\/\/schema.org","@graph":[{"@type":"WebPage","@id":"https:\/\/kurato.ch\/product\/set-aus-2-stuehlen-von-jacques-toussaint-fuer-atelier\/","url":"https:\/\/kurato.ch\/product\/set-aus-2-stuehlen-von-jacques-toussaint-fuer-atelier\/","name":"Set aus 2 St\u00fchlen von Jacques Toussaint f\u00fcr ATELIER | Vintage M\u00f6bel kaufen auf KURATO.CH","isPartOf":{"@id":"https:\/\/kurato.ch\/#website"},"primaryImageOfPage":{"@id":"https:\/\/kurato.ch\/product\/set-aus-2-stuehlen-von-jacques-toussaint-fuer-atelier\/#primaryimage"},"image":{"@id":"https:\/\/kurato.ch\/product\/set-aus-2-stuehlen-von-jacques-toussaint-fuer-atelier\/#primaryimage"},"thumbnailUrl":"https:\/\/kurato.ch\/wp-content\/uploads\/2022\/11\/Set-aus-2-Stuehlen-von-Jacques-Toussaint-fuer-ATELIER-vintage-secondhand-gebraucht-schweiz.jpg","datePublished":"2022-11-26T18:47:24+00:00","dateModified":"2022-11-26T18:49:10+00:00","description":"Entdecke Vintage M\u00f6bel & Dekoration \u27a4 Set aus 2 St\u00fchlen von Jacques Toussaint f\u00fcr ATELIER auf Kurato. \u2713Lieferung Schweiz \u271314-Tage R\u00fcckgabe \u2713Secondhand Unikat","breadcrumb":{"@id":"https:\/\/kurato.ch\/product\/set-aus-2-stuehlen-von-jacques-toussaint-fuer-atelier\/#breadcrumb"},"inLanguage":"fr-FR","potentialAction":[{"@type":"ReadAction","target":["https:\/\/kurato.ch\/product\/set-aus-2-stuehlen-von-jacques-toussaint-fuer-atelier\/"]}]},{"@type":"ImageObject","inLanguage":"fr-FR","@id":"https:\/\/kurato.ch\/product\/set-aus-2-stuehlen-von-jacques-toussaint-fuer-atelier\/#primaryimage","url":"https:\/\/kurato.ch\/wp-content\/uploads\/2022\/11\/Set-aus-2-Stuehlen-von-Jacques-Toussaint-fuer-ATELIER-vintage-secondhand-gebraucht-schweiz.jpg","contentUrl":"https:\/\/kurato.ch\/wp-content\/uploads\/2022\/11\/Set-aus-2-Stuehlen-von-Jacques-Toussaint-fuer-ATELIER-vintage-secondhand-gebraucht-schweiz.jpg","width":800,"height":800},{"@type":"BreadcrumbList","@id":"https:\/\/kurato.ch\/product\/set-aus-2-stuehlen-von-jacques-toussaint-fuer-atelier\/#breadcrumb","itemListElement":[{"@type":"ListItem","position":1,"name":"Home","item":"https:\/\/kurato.ch\/"},{"@type":"ListItem","position":2,"name":"Neuheiten","item":"https:\/\/kurato.ch\/neuheiten\/"},{"@type":"ListItem","position":3,"name":"Set aus 2 St\u00fchlen von Jacques Toussaint f\u00fcr ATELIER"}]},{"@type":"WebSite","@id":"https:\/\/kurato.ch\/#website","url":"https:\/\/kurato.ch\/","name":"Meubles vintage &amp; d\u00e9coration I Kurato","description":"Meubles vintage &amp; d\u00e9coration I Kurato","publisher":{"@id":"https:\/\/kurato.ch\/#organization"},"potentialAction":[{"@type":"SearchAction","target":{"@type":"EntryPoint","urlTemplate":"https:\/\/kurato.ch\/?s={search_term_string}"},"query-input":{"@type":"PropertyValueSpecification","valueRequired":true,"valueName":"search_term_string"}}],"inLanguage":"fr-FR"},{"@type":"Organization","@id":"https:\/\/kurato.ch\/#organization","name":"Kurato.","url":"https:\/\/kurato.ch\/","logo":{"@type":"ImageObject","inLanguage":"fr-FR","@id":"https:\/\/kurato.ch\/#\/schema\/logo\/image\/","url":"","contentUrl":"","caption":"Kurato."},"image":{"@id":"https:\/\/kurato.ch\/#\/schema\/logo\/image\/"},"sameAs":["https:\/\/www.facebook.com\/kuratoswitzerland","https:\/\/www.instagram.com\/kurato.ch\/","https:\/\/www.pinterest.ch\/kurato_ch\/_created\/"]}]}},"_links":{"self":[{"href":"https:\/\/kurato.ch\/fr\/wp-json\/wp\/v2\/product\/37357","targetHints":{"allow":["GET"]}}],"collection":[{"href":"https:\/\/kurato.ch\/fr\/wp-json\/wp\/v2\/product"}],"about":[{"href":"https:\/\/kurato.ch\/fr\/wp-json\/wp\/v2\/types\/product"}],"wp:featuredmedia":[{"embeddable":true,"href":"https:\/\/kurato.ch\/fr\/wp-json\/wp\/v2\/media\/37486"}],"wp:attachment":[{"href":"https:\/\/kurato.ch\/fr\/wp-json\/wp\/v2\/media?parent=37357"}],"wp:term":[{"taxonomy":"product_brand","embeddable":true,"href":"https:\/\/kurato.ch\/fr\/wp-json\/wp\/v2\/product_brand?post=37357"},{"taxonomy":"product_cat","embeddable":true,"href":"https:\/\/kurato.ch\/fr\/wp-json\/wp\/v2\/product_cat?post=37357"},{"taxonomy":"product_tag","embeddable":true,"href":"https:\/\/kurato.ch\/fr\/wp-json\/wp\/v2\/product_tag?post=37357"}],"curies":[{"name":"wp","href":"https:\/\/api.w.org\/{rel}","templated":true}]}}