{"id":38152,"date":"2022-12-16T12:17:01","date_gmt":"2022-12-16T10:17:01","guid":{"rendered":"https:\/\/kurato.ch\/?post_type=product&#038;p=38152"},"modified":"2024-05-06T11:06:24","modified_gmt":"2024-05-06T09:06:24","slug":"esstisch-oder-arbeitstisch-klopstock-von-moormann","status":"publish","type":"product","link":"https:\/\/kurato.ch\/fr\/product\/esstisch-oder-arbeitstisch-klopstock-von-moormann\/","title":{"rendered":"Table de salle \u00e0 manger ou de travail, Klopstock de Moormann"},"content":{"rendered":"<p>Grande table, Klopstock de Moormann, \u00e2me du plateau de table en panneau de particules, surface en m\u00e9lamin\u00e9, pieds en fr\u00eane non trait\u00e9. 220 cm x 90 cm.<br \/>Peu de l\u00e9g\u00e8res traces d'utilisation, une rayure, voir photo.<\/p>\n<p>Le Klopstock de Nils Holger Moormann est bas\u00e9 sur une construction variable qui permet de placer les pieds dans 12 positions sym\u00e9triques diff\u00e9rentes (et quelques positions asym\u00e9triques) gr\u00e2ce \u00e0 un ing\u00e9nieux syst\u00e8me de clips.<\/p>","protected":false},"excerpt":{"rendered":"<p>Grosser Tisch, Klopstock von Moormann, Kern der Tischplatte aus Spanplatte, Oberfl\u00e4che Melaminharz, Beine Esche unbehandelt. 220 cm x 90 cm.Wenige leichte Gebrauchsspuren, ein Kratzer, siehe Bild. Nils Holger Moormanns Klopstock basiert auf einer variablen Konstruktion, die es durch ein raffiniertes Klickschnappsystem m\u00f6glich macht, die Beine in 12 verschiedenen symmetrischen (und einigen asymmetrischen) Positionen anzubringen.<\/p>","protected":false},"featured_media":38212,"template":"","meta":{"_acf_changed":false,"site-sidebar-layout":"default","site-content-layout":"default","ast-site-content-layout":"default","site-content-style":"default","site-sidebar-style":"default","ast-global-header-display":"","ast-banner-title-visibility":"","ast-main-header-display":"","ast-hfb-above-header-display":"","ast-hfb-below-header-display":"","ast-hfb-mobile-header-display":"","site-post-title":"","ast-breadcrumbs-content":"","ast-featured-img":"","footer-sml-layout":"","ast-disable-related-posts":"","theme-transparent-header-meta":"default","adv-header-id-meta":"","stick-header-meta":"default","header-above-stick-meta":"","header-main-stick-meta":"","header-below-stick-meta":"","astra-migrate-meta-layouts":"default","ast-page-background-enabled":"default","ast-page-background-meta":{"desktop":{"background-color":"","background-image":"","background-repeat":"repeat","background-position":"center center","background-size":"auto","background-attachment":"scroll","background-type":"","background-media":"","overlay-type":"","overlay-color":"","overlay-opacity":"","overlay-gradient":""},"tablet":{"background-color":"","background-image":"","background-repeat":"repeat","background-position":"center center","background-size":"auto","background-attachment":"scroll","background-type":"","background-media":"","overlay-type":"","overlay-color":"","overlay-opacity":"","overlay-gradient":""},"mobile":{"background-color":"","background-image":"","background-repeat":"repeat","background-position":"center center","background-size":"auto","background-attachment":"scroll","background-type":"","background-media":"","overlay-type":"","overlay-color":"","overlay-opacity":"","overlay-gradient":""}},"ast-content-background-meta":{"desktop":{"background-color":"var(--ast-global-color-5)","background-image":"","background-repeat":"repeat","background-position":"center center","background-size":"auto","background-attachment":"scroll","background-type":"","background-media":"","overlay-type":"","overlay-color":"","overlay-opacity":"","overlay-gradient":""},"tablet":{"background-color":"var(--ast-global-color-5)","background-image":"","background-repeat":"repeat","background-position":"center center","background-size":"auto","background-attachment":"scroll","background-type":"","background-media":"","overlay-type":"","overlay-color":"","overlay-opacity":"","overlay-gradient":""},"mobile":{"background-color":"var(--ast-global-color-5)","background-image":"","background-repeat":"repeat","background-position":"center center","background-size":"auto","background-attachment":"scroll","background-type":"","background-media":"","overlay-type":"","overlay-color":"","overlay-opacity":"","overlay-gradient":""}}},"product_brand":[],"product_cat":[168,169],"product_tag":[],"class_list":{"0":"post-38152","1":"product","2":"type-product","3":"status-publish","4":"has-post-thumbnail","6":"product_cat-vintage-esstisch","7":"product_cat-vintage-schreibtisch","8":"pa_farbe-schwarz","9":"pa_material-holz","10":"pa_standort-mittelland","11":"pa_stil-design","12":"desktop-align-left","13":"tablet-align-left","14":"mobile-align-left","16":"first","17":"outofstock","18":"sold-individually","19":"shipping-taxable","20":"purchasable","21":"product-type-simple"},"acf":[],"yoast_head":"<!-- This site is optimized with the Yoast SEO plugin v27.4 - https:\/\/yoast.com\/product\/yoast-seo-wordpress\/ -->\n<title>Esstisch oder Arbeitstisch, Klopstock von Moormann | Vintage M\u00f6bel kaufen auf KURATO.CH<\/title>\n<meta name=\"description\" content=\"Entdecke Vintage M\u00f6bel &amp; Dekoration \u27a4 Esstisch oder Arbeitstisch, Klopstock von Moormann auf Kurato. \u2713Lieferung Schweiz \u271314-Tage R\u00fcckgabe \u2713Secondhand Unikat\" \/>\n<meta name=\"robots\" content=\"index, follow, max-snippet:-1, max-image-preview:large, max-video-preview:-1\" \/>\n<link rel=\"canonical\" href=\"https:\/\/kurato.ch\/fr\/product\/esstisch-oder-arbeitstisch-klopstock-von-moormann\/\" \/>\n<meta property=\"og:locale\" content=\"fr_FR\" \/>\n<meta property=\"og:type\" content=\"article\" \/>\n<meta property=\"og:title\" content=\"Esstisch oder Arbeitstisch, Klopstock von Moormann | Vintage M\u00f6bel kaufen auf KURATO.CH\" \/>\n<meta property=\"og:description\" content=\"Entdecke Vintage M\u00f6bel &amp; Dekoration \u27a4 Esstisch oder Arbeitstisch, Klopstock von Moormann auf Kurato. \u2713Lieferung Schweiz \u271314-Tage R\u00fcckgabe \u2713Secondhand Unikat\" \/>\n<meta property=\"og:url\" content=\"https:\/\/kurato.ch\/fr\/product\/esstisch-oder-arbeitstisch-klopstock-von-moormann\/\" \/>\n<meta property=\"og:site_name\" content=\"Vintage M\u00f6bel &amp; Dekoration I Kurato\" \/>\n<meta property=\"article:publisher\" content=\"https:\/\/www.facebook.com\/kuratoswitzerland\" \/>\n<meta property=\"article:modified_time\" content=\"2024-05-06T09:06:24+00:00\" \/>\n<meta property=\"og:image\" content=\"https:\/\/kurato.ch\/wp-content\/uploads\/2022\/12\/Esstisch-oder-Arbeitstisch-Klopstock-von-Moormann-vintage-gebraucht-secondhand.jpg\" \/>\n\t<meta property=\"og:image:width\" content=\"800\" \/>\n\t<meta property=\"og:image:height\" content=\"800\" \/>\n\t<meta property=\"og:image:type\" content=\"image\/jpeg\" \/>\n<script type=\"application\/ld+json\" class=\"yoast-schema-graph\">{\"@context\":\"https:\\\/\\\/schema.org\",\"@graph\":[{\"@type\":\"WebPage\",\"@id\":\"https:\\\/\\\/kurato.ch\\\/product\\\/esstisch-oder-arbeitstisch-klopstock-von-moormann\\\/\",\"url\":\"https:\\\/\\\/kurato.ch\\\/product\\\/esstisch-oder-arbeitstisch-klopstock-von-moormann\\\/\",\"name\":\"Esstisch oder Arbeitstisch, Klopstock von Moormann | Vintage M\u00f6bel kaufen auf KURATO.CH\",\"isPartOf\":{\"@id\":\"https:\\\/\\\/kurato.ch\\\/#website\"},\"primaryImageOfPage\":{\"@id\":\"https:\\\/\\\/kurato.ch\\\/product\\\/esstisch-oder-arbeitstisch-klopstock-von-moormann\\\/#primaryimage\"},\"image\":{\"@id\":\"https:\\\/\\\/kurato.ch\\\/product\\\/esstisch-oder-arbeitstisch-klopstock-von-moormann\\\/#primaryimage\"},\"thumbnailUrl\":\"https:\\\/\\\/kurato.ch\\\/wp-content\\\/uploads\\\/2022\\\/12\\\/Esstisch-oder-Arbeitstisch-Klopstock-von-Moormann-vintage-gebraucht-secondhand.jpg\",\"datePublished\":\"2022-12-16T10:17:01+00:00\",\"dateModified\":\"2024-05-06T09:06:24+00:00\",\"description\":\"Entdecke Vintage M\u00f6bel & Dekoration \u27a4 Esstisch oder Arbeitstisch, Klopstock von Moormann auf Kurato. \u2713Lieferung Schweiz \u271314-Tage R\u00fcckgabe \u2713Secondhand Unikat\",\"breadcrumb\":{\"@id\":\"https:\\\/\\\/kurato.ch\\\/product\\\/esstisch-oder-arbeitstisch-klopstock-von-moormann\\\/#breadcrumb\"},\"inLanguage\":\"fr-FR\",\"potentialAction\":[{\"@type\":\"ReadAction\",\"target\":[\"https:\\\/\\\/kurato.ch\\\/product\\\/esstisch-oder-arbeitstisch-klopstock-von-moormann\\\/\"]}]},{\"@type\":\"ImageObject\",\"inLanguage\":\"fr-FR\",\"@id\":\"https:\\\/\\\/kurato.ch\\\/product\\\/esstisch-oder-arbeitstisch-klopstock-von-moormann\\\/#primaryimage\",\"url\":\"https:\\\/\\\/kurato.ch\\\/wp-content\\\/uploads\\\/2022\\\/12\\\/Esstisch-oder-Arbeitstisch-Klopstock-von-Moormann-vintage-gebraucht-secondhand.jpg\",\"contentUrl\":\"https:\\\/\\\/kurato.ch\\\/wp-content\\\/uploads\\\/2022\\\/12\\\/Esstisch-oder-Arbeitstisch-Klopstock-von-Moormann-vintage-gebraucht-secondhand.jpg\",\"width\":800,\"height\":800,\"caption\":\"Esstisch oder Arbeitstisch, Klopstock von Moormann\"},{\"@type\":\"BreadcrumbList\",\"@id\":\"https:\\\/\\\/kurato.ch\\\/product\\\/esstisch-oder-arbeitstisch-klopstock-von-moormann\\\/#breadcrumb\",\"itemListElement\":[{\"@type\":\"ListItem\",\"position\":1,\"name\":\"Home\",\"item\":\"https:\\\/\\\/kurato.ch\\\/\"},{\"@type\":\"ListItem\",\"position\":2,\"name\":\"Neuheiten\",\"item\":\"https:\\\/\\\/kurato.ch\\\/neuheiten\\\/\"},{\"@type\":\"ListItem\",\"position\":3,\"name\":\"Esstisch oder Arbeitstisch, Klopstock von Moormann\"}]},{\"@type\":\"WebSite\",\"@id\":\"https:\\\/\\\/kurato.ch\\\/#website\",\"url\":\"https:\\\/\\\/kurato.ch\\\/\",\"name\":\"Vintage M\u00f6bel &amp; Dekoration I Kurato\",\"description\":\"Vintage M\u00f6bel &amp; Dekoration I Kurato\",\"publisher\":{\"@id\":\"https:\\\/\\\/kurato.ch\\\/#organization\"},\"potentialAction\":[{\"@type\":\"SearchAction\",\"target\":{\"@type\":\"EntryPoint\",\"urlTemplate\":\"https:\\\/\\\/kurato.ch\\\/?s={search_term_string}\"},\"query-input\":{\"@type\":\"PropertyValueSpecification\",\"valueRequired\":true,\"valueName\":\"search_term_string\"}}],\"inLanguage\":\"fr-FR\"},{\"@type\":\"Organization\",\"@id\":\"https:\\\/\\\/kurato.ch\\\/#organization\",\"name\":\"Kurato.\",\"url\":\"https:\\\/\\\/kurato.ch\\\/\",\"logo\":{\"@type\":\"ImageObject\",\"inLanguage\":\"fr-FR\",\"@id\":\"https:\\\/\\\/kurato.ch\\\/#\\\/schema\\\/logo\\\/image\\\/\",\"url\":\"\",\"contentUrl\":\"\",\"caption\":\"Kurato.\"},\"image\":{\"@id\":\"https:\\\/\\\/kurato.ch\\\/#\\\/schema\\\/logo\\\/image\\\/\"},\"sameAs\":[\"https:\\\/\\\/www.facebook.com\\\/kuratoswitzerland\",\"https:\\\/\\\/www.instagram.com\\\/kurato.ch\\\/\",\"https:\\\/\\\/www.pinterest.ch\\\/kurato_ch\\\/_created\\\/\"]}]}<\/script>\n<!-- \/ Yoast SEO plugin. -->","yoast_head_json":{"title":"Esstisch oder Arbeitstisch, Klopstock von Moormann | Vintage M\u00f6bel kaufen auf KURATO.CH","description":"Entdecke Vintage M\u00f6bel & Dekoration \u27a4 Esstisch oder Arbeitstisch, Klopstock von Moormann auf Kurato. \u2713Lieferung Schweiz \u271314-Tage R\u00fcckgabe \u2713Secondhand Unikat","robots":{"index":"index","follow":"follow","max-snippet":"max-snippet:-1","max-image-preview":"max-image-preview:large","max-video-preview":"max-video-preview:-1"},"canonical":"https:\/\/kurato.ch\/fr\/product\/esstisch-oder-arbeitstisch-klopstock-von-moormann\/","og_locale":"fr_FR","og_type":"article","og_title":"Esstisch oder Arbeitstisch, Klopstock von Moormann | Vintage M\u00f6bel kaufen auf KURATO.CH","og_description":"Entdecke Vintage M\u00f6bel & Dekoration \u27a4 Esstisch oder Arbeitstisch, Klopstock von Moormann auf Kurato. \u2713Lieferung Schweiz \u271314-Tage R\u00fcckgabe \u2713Secondhand Unikat","og_url":"https:\/\/kurato.ch\/fr\/product\/esstisch-oder-arbeitstisch-klopstock-von-moormann\/","og_site_name":"Vintage M\u00f6bel &amp; Dekoration I Kurato","article_publisher":"https:\/\/www.facebook.com\/kuratoswitzerland","article_modified_time":"2024-05-06T09:06:24+00:00","og_image":[{"width":800,"height":800,"url":"https:\/\/kurato.ch\/wp-content\/uploads\/2022\/12\/Esstisch-oder-Arbeitstisch-Klopstock-von-Moormann-vintage-gebraucht-secondhand.jpg","type":"image\/jpeg"}],"schema":{"@context":"https:\/\/schema.org","@graph":[{"@type":"WebPage","@id":"https:\/\/kurato.ch\/product\/esstisch-oder-arbeitstisch-klopstock-von-moormann\/","url":"https:\/\/kurato.ch\/product\/esstisch-oder-arbeitstisch-klopstock-von-moormann\/","name":"Esstisch oder Arbeitstisch, Klopstock von Moormann | Vintage M\u00f6bel kaufen auf KURATO.CH","isPartOf":{"@id":"https:\/\/kurato.ch\/#website"},"primaryImageOfPage":{"@id":"https:\/\/kurato.ch\/product\/esstisch-oder-arbeitstisch-klopstock-von-moormann\/#primaryimage"},"image":{"@id":"https:\/\/kurato.ch\/product\/esstisch-oder-arbeitstisch-klopstock-von-moormann\/#primaryimage"},"thumbnailUrl":"https:\/\/kurato.ch\/wp-content\/uploads\/2022\/12\/Esstisch-oder-Arbeitstisch-Klopstock-von-Moormann-vintage-gebraucht-secondhand.jpg","datePublished":"2022-12-16T10:17:01+00:00","dateModified":"2024-05-06T09:06:24+00:00","description":"Entdecke Vintage M\u00f6bel & Dekoration \u27a4 Esstisch oder Arbeitstisch, Klopstock von Moormann auf Kurato. \u2713Lieferung Schweiz \u271314-Tage R\u00fcckgabe \u2713Secondhand Unikat","breadcrumb":{"@id":"https:\/\/kurato.ch\/product\/esstisch-oder-arbeitstisch-klopstock-von-moormann\/#breadcrumb"},"inLanguage":"fr-FR","potentialAction":[{"@type":"ReadAction","target":["https:\/\/kurato.ch\/product\/esstisch-oder-arbeitstisch-klopstock-von-moormann\/"]}]},{"@type":"ImageObject","inLanguage":"fr-FR","@id":"https:\/\/kurato.ch\/product\/esstisch-oder-arbeitstisch-klopstock-von-moormann\/#primaryimage","url":"https:\/\/kurato.ch\/wp-content\/uploads\/2022\/12\/Esstisch-oder-Arbeitstisch-Klopstock-von-Moormann-vintage-gebraucht-secondhand.jpg","contentUrl":"https:\/\/kurato.ch\/wp-content\/uploads\/2022\/12\/Esstisch-oder-Arbeitstisch-Klopstock-von-Moormann-vintage-gebraucht-secondhand.jpg","width":800,"height":800,"caption":"Esstisch oder Arbeitstisch, Klopstock von Moormann"},{"@type":"BreadcrumbList","@id":"https:\/\/kurato.ch\/product\/esstisch-oder-arbeitstisch-klopstock-von-moormann\/#breadcrumb","itemListElement":[{"@type":"ListItem","position":1,"name":"Home","item":"https:\/\/kurato.ch\/"},{"@type":"ListItem","position":2,"name":"Neuheiten","item":"https:\/\/kurato.ch\/neuheiten\/"},{"@type":"ListItem","position":3,"name":"Esstisch oder Arbeitstisch, Klopstock von Moormann"}]},{"@type":"WebSite","@id":"https:\/\/kurato.ch\/#website","url":"https:\/\/kurato.ch\/","name":"Meubles vintage &amp; d\u00e9coration I Kurato","description":"Meubles vintage &amp; d\u00e9coration I Kurato","publisher":{"@id":"https:\/\/kurato.ch\/#organization"},"potentialAction":[{"@type":"SearchAction","target":{"@type":"EntryPoint","urlTemplate":"https:\/\/kurato.ch\/?s={search_term_string}"},"query-input":{"@type":"PropertyValueSpecification","valueRequired":true,"valueName":"search_term_string"}}],"inLanguage":"fr-FR"},{"@type":"Organization","@id":"https:\/\/kurato.ch\/#organization","name":"Kurato.","url":"https:\/\/kurato.ch\/","logo":{"@type":"ImageObject","inLanguage":"fr-FR","@id":"https:\/\/kurato.ch\/#\/schema\/logo\/image\/","url":"","contentUrl":"","caption":"Kurato."},"image":{"@id":"https:\/\/kurato.ch\/#\/schema\/logo\/image\/"},"sameAs":["https:\/\/www.facebook.com\/kuratoswitzerland","https:\/\/www.instagram.com\/kurato.ch\/","https:\/\/www.pinterest.ch\/kurato_ch\/_created\/"]}]}},"_links":{"self":[{"href":"https:\/\/kurato.ch\/fr\/wp-json\/wp\/v2\/product\/38152","targetHints":{"allow":["GET"]}}],"collection":[{"href":"https:\/\/kurato.ch\/fr\/wp-json\/wp\/v2\/product"}],"about":[{"href":"https:\/\/kurato.ch\/fr\/wp-json\/wp\/v2\/types\/product"}],"wp:featuredmedia":[{"embeddable":true,"href":"https:\/\/kurato.ch\/fr\/wp-json\/wp\/v2\/media\/38212"}],"wp:attachment":[{"href":"https:\/\/kurato.ch\/fr\/wp-json\/wp\/v2\/media?parent=38152"}],"wp:term":[{"taxonomy":"product_brand","embeddable":true,"href":"https:\/\/kurato.ch\/fr\/wp-json\/wp\/v2\/product_brand?post=38152"},{"taxonomy":"product_cat","embeddable":true,"href":"https:\/\/kurato.ch\/fr\/wp-json\/wp\/v2\/product_cat?post=38152"},{"taxonomy":"product_tag","embeddable":true,"href":"https:\/\/kurato.ch\/fr\/wp-json\/wp\/v2\/product_tag?post=38152"}],"curies":[{"name":"wp","href":"https:\/\/api.w.org\/{rel}","templated":true}]}}