{"id":38285,"date":"2022-12-19T07:53:42","date_gmt":"2022-12-19T05:53:42","guid":{"rendered":"https:\/\/kurato.ch\/fr\/?post_type=product&#038;p=38285"},"modified":"2022-12-19T07:53:43","modified_gmt":"2022-12-19T05:53:43","slug":"oelgemaelde-von-roger-vuillem","status":"publish","type":"product","link":"https:\/\/kurato.ch\/fr\/product\/oelgemaelde-von-roger-vuillem\/","title":{"rendered":"Peintures \u00e0 l'huile de Roger Vuillem"},"content":{"rendered":"<p>&#8222;P\u00e9niche&#8220; &#8211; \u00d6l auf Leinwand<br \/>Image : 24 x 30 cm<br \/>Cadre : 44 x 50 cm<br \/>Roger Vuillem (1897 - 1973)<\/p>\n<p>Artiste et peintre. N\u00e9 en 1897 \u00e0 Besan\u00e7on (une autre source indique qu'il est n\u00e9 \u00e0 Brest), mort en 1973 \u00e0 Neuch\u00e2tel, o\u00f9 il s'\u00e9tait install\u00e9 en 1954 apr\u00e8s un interm\u00e8de de deux ans \u00e0 Lausanne. Engag\u00e9 volontaire \u00e0 17 ans, pilote de guerre, constructeur de planeurs, pilote automobile, organisateur de galeries d'art, puis peintre.<\/p>\n<p>\u00c9tudes d'art \u00e0 Lyon, m\u00e9daille d'or de la Soci\u00e9t\u00e9 lyonnaise des beaux arts en 1949, premier prix du concours d'affiches de Montmartre en 1950, membre de la Soci\u00e9t\u00e9 nationale des Beaux-Arts, membre de la Soci\u00e9t\u00e9 lyonnaise des Beaux-Arts et de la Soci\u00e9t\u00e9 des peintres et sculpteurs de France.<\/p>","protected":false},"excerpt":{"rendered":"<p>&#8222;P\u00e9niche&#8220; &#8211; \u00d6l auf LeinwandBild: 24 x 30 cmRahmen: 44 x 50 cmRoger Vuillem (1897 &#8211; 1973) K\u00fcnstler und Maler. Geboren 1897 in Besan\u00e7on (eine andere Quelle gibt an, dass er in Brest geboren wurde), gestorben 1973 in Neuenburg, wo er sich 1954 nach einem zweij\u00e4hrigen Intermezzo in Lausanne niedergelassen hatte. Mit 17 Jahren Freiwilliger, [&hellip;]<\/p>\n","protected":false},"featured_media":38350,"template":"","meta":{"_acf_changed":false,"site-sidebar-layout":"default","site-content-layout":"","ast-site-content-layout":"default","site-content-style":"default","site-sidebar-style":"default","ast-global-header-display":"","ast-banner-title-visibility":"","ast-main-header-display":"","ast-hfb-above-header-display":"","ast-hfb-below-header-display":"","ast-hfb-mobile-header-display":"","site-post-title":"","ast-breadcrumbs-content":"","ast-featured-img":"","footer-sml-layout":"","ast-disable-related-posts":"","theme-transparent-header-meta":"","adv-header-id-meta":"","stick-header-meta":"","header-above-stick-meta":"","header-main-stick-meta":"","header-below-stick-meta":"","astra-migrate-meta-layouts":"default","ast-page-background-enabled":"default","ast-page-background-meta":{"desktop":{"background-color":"","background-image":"","background-repeat":"repeat","background-position":"center center","background-size":"auto","background-attachment":"scroll","background-type":"","background-media":"","overlay-type":"","overlay-color":"","overlay-opacity":"","overlay-gradient":""},"tablet":{"background-color":"","background-image":"","background-repeat":"repeat","background-position":"center center","background-size":"auto","background-attachment":"scroll","background-type":"","background-media":"","overlay-type":"","overlay-color":"","overlay-opacity":"","overlay-gradient":""},"mobile":{"background-color":"","background-image":"","background-repeat":"repeat","background-position":"center center","background-size":"auto","background-attachment":"scroll","background-type":"","background-media":"","overlay-type":"","overlay-color":"","overlay-opacity":"","overlay-gradient":""}},"ast-content-background-meta":{"desktop":{"background-color":"var(--ast-global-color-5)","background-image":"","background-repeat":"repeat","background-position":"center center","background-size":"auto","background-attachment":"scroll","background-type":"","background-media":"","overlay-type":"","overlay-color":"","overlay-opacity":"","overlay-gradient":""},"tablet":{"background-color":"var(--ast-global-color-5)","background-image":"","background-repeat":"repeat","background-position":"center center","background-size":"auto","background-attachment":"scroll","background-type":"","background-media":"","overlay-type":"","overlay-color":"","overlay-opacity":"","overlay-gradient":""},"mobile":{"background-color":"var(--ast-global-color-5)","background-image":"","background-repeat":"repeat","background-position":"center center","background-size":"auto","background-attachment":"scroll","background-type":"","background-media":"","overlay-type":"","overlay-color":"","overlay-opacity":"","overlay-gradient":""}}},"product_brand":[],"product_cat":[122],"product_tag":[],"class_list":{"0":"post-38285","1":"product","2":"type-product","3":"status-publish","4":"has-post-thumbnail","6":"product_cat-vintage-oelgemaelde","7":"pa_farbe-mehrfarbig","8":"pa_material-leinwand","9":"pa_standort-genferseeregion","10":"pa_stil-klassisch","11":"desktop-align-left","12":"tablet-align-left","13":"mobile-align-left","15":"first","16":"instock","17":"sold-individually","18":"shipping-taxable","19":"purchasable","20":"product-type-simple"},"acf":[],"yoast_head":"<!-- This site is optimized with the Yoast SEO plugin v27.3 - https:\/\/yoast.com\/product\/yoast-seo-wordpress\/ -->\n<title>\u00d6lgem\u00e4lde von Roger Vuillem | Vintage M\u00f6bel kaufen auf KURATO.CH<\/title>\n<meta name=\"description\" content=\"Entdecke Vintage M\u00f6bel &amp; Dekoration \u27a4 \u00d6lgem\u00e4lde von Roger Vuillem auf Kurato. \u2713Lieferung Schweiz \u271314-Tage R\u00fcckgabe \u2713Secondhand Unikat\" \/>\n<meta name=\"robots\" content=\"index, follow, max-snippet:-1, max-image-preview:large, max-video-preview:-1\" \/>\n<link rel=\"canonical\" href=\"https:\/\/kurato.ch\/fr\/product\/oelgemaelde-von-roger-vuillem\/\" \/>\n<meta property=\"og:locale\" content=\"fr_FR\" \/>\n<meta property=\"og:type\" content=\"article\" \/>\n<meta property=\"og:title\" content=\"\u00d6lgem\u00e4lde von Roger Vuillem | Vintage M\u00f6bel kaufen auf KURATO.CH\" \/>\n<meta property=\"og:description\" content=\"Entdecke Vintage M\u00f6bel &amp; Dekoration \u27a4 \u00d6lgem\u00e4lde von Roger Vuillem auf Kurato. \u2713Lieferung Schweiz \u271314-Tage R\u00fcckgabe \u2713Secondhand Unikat\" \/>\n<meta property=\"og:url\" content=\"https:\/\/kurato.ch\/fr\/product\/oelgemaelde-von-roger-vuillem\/\" \/>\n<meta property=\"og:site_name\" content=\"Vintage M\u00f6bel &amp; Dekoration I Kurato\" \/>\n<meta property=\"article:publisher\" content=\"https:\/\/www.facebook.com\/kuratoswitzerland\" \/>\n<meta property=\"article:modified_time\" content=\"2022-12-19T05:53:43+00:00\" \/>\n<meta property=\"og:image\" content=\"https:\/\/kurato.ch\/wp-content\/uploads\/2022\/12\/O\u0308lgema\u0308lde-von-Roger-Vuillem-vintage-gebraucht-secondhand.jpg\" \/>\n\t<meta property=\"og:image:width\" content=\"800\" \/>\n\t<meta property=\"og:image:height\" content=\"800\" \/>\n\t<meta property=\"og:image:type\" content=\"image\/jpeg\" \/>\n<meta name=\"twitter:label1\" content=\"Dur\u00e9e de lecture estim\u00e9e\" \/>\n\t<meta name=\"twitter:data1\" content=\"1 minute\" \/>\n<script type=\"application\/ld+json\" class=\"yoast-schema-graph\">{\"@context\":\"https:\\\/\\\/schema.org\",\"@graph\":[{\"@type\":\"WebPage\",\"@id\":\"https:\\\/\\\/kurato.ch\\\/product\\\/oelgemaelde-von-roger-vuillem\\\/\",\"url\":\"https:\\\/\\\/kurato.ch\\\/product\\\/oelgemaelde-von-roger-vuillem\\\/\",\"name\":\"\u00d6lgem\u00e4lde von Roger Vuillem | Vintage M\u00f6bel kaufen auf KURATO.CH\",\"isPartOf\":{\"@id\":\"https:\\\/\\\/kurato.ch\\\/#website\"},\"primaryImageOfPage\":{\"@id\":\"https:\\\/\\\/kurato.ch\\\/product\\\/oelgemaelde-von-roger-vuillem\\\/#primaryimage\"},\"image\":{\"@id\":\"https:\\\/\\\/kurato.ch\\\/product\\\/oelgemaelde-von-roger-vuillem\\\/#primaryimage\"},\"thumbnailUrl\":\"https:\\\/\\\/kurato.ch\\\/wp-content\\\/uploads\\\/2022\\\/12\\\/O\u0308lgema\u0308lde-von-Roger-Vuillem-vintage-gebraucht-secondhand.jpg\",\"datePublished\":\"2022-12-19T05:53:42+00:00\",\"dateModified\":\"2022-12-19T05:53:43+00:00\",\"description\":\"Entdecke Vintage M\u00f6bel & Dekoration \u27a4 \u00d6lgem\u00e4lde von Roger Vuillem auf Kurato. \u2713Lieferung Schweiz \u271314-Tage R\u00fcckgabe \u2713Secondhand Unikat\",\"breadcrumb\":{\"@id\":\"https:\\\/\\\/kurato.ch\\\/product\\\/oelgemaelde-von-roger-vuillem\\\/#breadcrumb\"},\"inLanguage\":\"fr-FR\",\"potentialAction\":[{\"@type\":\"ReadAction\",\"target\":[\"https:\\\/\\\/kurato.ch\\\/product\\\/oelgemaelde-von-roger-vuillem\\\/\"]}]},{\"@type\":\"ImageObject\",\"inLanguage\":\"fr-FR\",\"@id\":\"https:\\\/\\\/kurato.ch\\\/product\\\/oelgemaelde-von-roger-vuillem\\\/#primaryimage\",\"url\":\"https:\\\/\\\/kurato.ch\\\/wp-content\\\/uploads\\\/2022\\\/12\\\/O\u0308lgema\u0308lde-von-Roger-Vuillem-vintage-gebraucht-secondhand.jpg\",\"contentUrl\":\"https:\\\/\\\/kurato.ch\\\/wp-content\\\/uploads\\\/2022\\\/12\\\/O\u0308lgema\u0308lde-von-Roger-Vuillem-vintage-gebraucht-secondhand.jpg\",\"width\":800,\"height\":800,\"caption\":\"\u00d6lgem\u00e4lde von Roger Vuillem\"},{\"@type\":\"BreadcrumbList\",\"@id\":\"https:\\\/\\\/kurato.ch\\\/product\\\/oelgemaelde-von-roger-vuillem\\\/#breadcrumb\",\"itemListElement\":[{\"@type\":\"ListItem\",\"position\":1,\"name\":\"Home\",\"item\":\"https:\\\/\\\/kurato.ch\\\/\"},{\"@type\":\"ListItem\",\"position\":2,\"name\":\"Neuheiten\",\"item\":\"https:\\\/\\\/kurato.ch\\\/neuheiten\\\/\"},{\"@type\":\"ListItem\",\"position\":3,\"name\":\"\u00d6lgem\u00e4lde von Roger Vuillem\"}]},{\"@type\":\"WebSite\",\"@id\":\"https:\\\/\\\/kurato.ch\\\/#website\",\"url\":\"https:\\\/\\\/kurato.ch\\\/\",\"name\":\"Vintage M\u00f6bel &amp; Dekoration I Kurato\",\"description\":\"Vintage M\u00f6bel &amp; Dekoration I Kurato\",\"publisher\":{\"@id\":\"https:\\\/\\\/kurato.ch\\\/#organization\"},\"potentialAction\":[{\"@type\":\"SearchAction\",\"target\":{\"@type\":\"EntryPoint\",\"urlTemplate\":\"https:\\\/\\\/kurato.ch\\\/?s={search_term_string}\"},\"query-input\":{\"@type\":\"PropertyValueSpecification\",\"valueRequired\":true,\"valueName\":\"search_term_string\"}}],\"inLanguage\":\"fr-FR\"},{\"@type\":\"Organization\",\"@id\":\"https:\\\/\\\/kurato.ch\\\/#organization\",\"name\":\"Kurato.\",\"url\":\"https:\\\/\\\/kurato.ch\\\/\",\"logo\":{\"@type\":\"ImageObject\",\"inLanguage\":\"fr-FR\",\"@id\":\"https:\\\/\\\/kurato.ch\\\/#\\\/schema\\\/logo\\\/image\\\/\",\"url\":\"\",\"contentUrl\":\"\",\"caption\":\"Kurato.\"},\"image\":{\"@id\":\"https:\\\/\\\/kurato.ch\\\/#\\\/schema\\\/logo\\\/image\\\/\"},\"sameAs\":[\"https:\\\/\\\/www.facebook.com\\\/kuratoswitzerland\",\"https:\\\/\\\/www.instagram.com\\\/kurato.ch\\\/\",\"https:\\\/\\\/www.pinterest.ch\\\/kurato_ch\\\/_created\\\/\"]}]}<\/script>\n<!-- \/ Yoast SEO plugin. -->","yoast_head_json":{"title":"\u00d6lgem\u00e4lde von Roger Vuillem | Vintage M\u00f6bel kaufen auf KURATO.CH","description":"Entdecke Vintage M\u00f6bel & Dekoration \u27a4 \u00d6lgem\u00e4lde von Roger Vuillem auf Kurato. \u2713Lieferung Schweiz \u271314-Tage R\u00fcckgabe \u2713Secondhand Unikat","robots":{"index":"index","follow":"follow","max-snippet":"max-snippet:-1","max-image-preview":"max-image-preview:large","max-video-preview":"max-video-preview:-1"},"canonical":"https:\/\/kurato.ch\/fr\/product\/oelgemaelde-von-roger-vuillem\/","og_locale":"fr_FR","og_type":"article","og_title":"\u00d6lgem\u00e4lde von Roger Vuillem | Vintage M\u00f6bel kaufen auf KURATO.CH","og_description":"Entdecke Vintage M\u00f6bel & Dekoration \u27a4 \u00d6lgem\u00e4lde von Roger Vuillem auf Kurato. \u2713Lieferung Schweiz \u271314-Tage R\u00fcckgabe \u2713Secondhand Unikat","og_url":"https:\/\/kurato.ch\/fr\/product\/oelgemaelde-von-roger-vuillem\/","og_site_name":"Vintage M\u00f6bel &amp; Dekoration I Kurato","article_publisher":"https:\/\/www.facebook.com\/kuratoswitzerland","article_modified_time":"2022-12-19T05:53:43+00:00","og_image":[{"width":800,"height":800,"url":"https:\/\/kurato.ch\/wp-content\/uploads\/2022\/12\/O\u0308lgema\u0308lde-von-Roger-Vuillem-vintage-gebraucht-secondhand.jpg","type":"image\/jpeg"}],"twitter_misc":{"Dur\u00e9e de lecture estim\u00e9e":"1 minute"},"schema":{"@context":"https:\/\/schema.org","@graph":[{"@type":"WebPage","@id":"https:\/\/kurato.ch\/product\/oelgemaelde-von-roger-vuillem\/","url":"https:\/\/kurato.ch\/product\/oelgemaelde-von-roger-vuillem\/","name":"\u00d6lgem\u00e4lde von Roger Vuillem | Vintage M\u00f6bel kaufen auf KURATO.CH","isPartOf":{"@id":"https:\/\/kurato.ch\/#website"},"primaryImageOfPage":{"@id":"https:\/\/kurato.ch\/product\/oelgemaelde-von-roger-vuillem\/#primaryimage"},"image":{"@id":"https:\/\/kurato.ch\/product\/oelgemaelde-von-roger-vuillem\/#primaryimage"},"thumbnailUrl":"https:\/\/kurato.ch\/wp-content\/uploads\/2022\/12\/O\u0308lgema\u0308lde-von-Roger-Vuillem-vintage-gebraucht-secondhand.jpg","datePublished":"2022-12-19T05:53:42+00:00","dateModified":"2022-12-19T05:53:43+00:00","description":"Entdecke Vintage M\u00f6bel & Dekoration \u27a4 \u00d6lgem\u00e4lde von Roger Vuillem auf Kurato. \u2713Lieferung Schweiz \u271314-Tage R\u00fcckgabe \u2713Secondhand Unikat","breadcrumb":{"@id":"https:\/\/kurato.ch\/product\/oelgemaelde-von-roger-vuillem\/#breadcrumb"},"inLanguage":"fr-FR","potentialAction":[{"@type":"ReadAction","target":["https:\/\/kurato.ch\/product\/oelgemaelde-von-roger-vuillem\/"]}]},{"@type":"ImageObject","inLanguage":"fr-FR","@id":"https:\/\/kurato.ch\/product\/oelgemaelde-von-roger-vuillem\/#primaryimage","url":"https:\/\/kurato.ch\/wp-content\/uploads\/2022\/12\/O\u0308lgema\u0308lde-von-Roger-Vuillem-vintage-gebraucht-secondhand.jpg","contentUrl":"https:\/\/kurato.ch\/wp-content\/uploads\/2022\/12\/O\u0308lgema\u0308lde-von-Roger-Vuillem-vintage-gebraucht-secondhand.jpg","width":800,"height":800,"caption":"\u00d6lgem\u00e4lde von Roger Vuillem"},{"@type":"BreadcrumbList","@id":"https:\/\/kurato.ch\/product\/oelgemaelde-von-roger-vuillem\/#breadcrumb","itemListElement":[{"@type":"ListItem","position":1,"name":"Home","item":"https:\/\/kurato.ch\/"},{"@type":"ListItem","position":2,"name":"Neuheiten","item":"https:\/\/kurato.ch\/neuheiten\/"},{"@type":"ListItem","position":3,"name":"\u00d6lgem\u00e4lde von Roger Vuillem"}]},{"@type":"WebSite","@id":"https:\/\/kurato.ch\/#website","url":"https:\/\/kurato.ch\/","name":"Meubles vintage &amp; d\u00e9coration I Kurato","description":"Meubles vintage &amp; d\u00e9coration I Kurato","publisher":{"@id":"https:\/\/kurato.ch\/#organization"},"potentialAction":[{"@type":"SearchAction","target":{"@type":"EntryPoint","urlTemplate":"https:\/\/kurato.ch\/?s={search_term_string}"},"query-input":{"@type":"PropertyValueSpecification","valueRequired":true,"valueName":"search_term_string"}}],"inLanguage":"fr-FR"},{"@type":"Organization","@id":"https:\/\/kurato.ch\/#organization","name":"Kurato.","url":"https:\/\/kurato.ch\/","logo":{"@type":"ImageObject","inLanguage":"fr-FR","@id":"https:\/\/kurato.ch\/#\/schema\/logo\/image\/","url":"","contentUrl":"","caption":"Kurato."},"image":{"@id":"https:\/\/kurato.ch\/#\/schema\/logo\/image\/"},"sameAs":["https:\/\/www.facebook.com\/kuratoswitzerland","https:\/\/www.instagram.com\/kurato.ch\/","https:\/\/www.pinterest.ch\/kurato_ch\/_created\/"]}]}},"_links":{"self":[{"href":"https:\/\/kurato.ch\/fr\/wp-json\/wp\/v2\/product\/38285","targetHints":{"allow":["GET"]}}],"collection":[{"href":"https:\/\/kurato.ch\/fr\/wp-json\/wp\/v2\/product"}],"about":[{"href":"https:\/\/kurato.ch\/fr\/wp-json\/wp\/v2\/types\/product"}],"wp:featuredmedia":[{"embeddable":true,"href":"https:\/\/kurato.ch\/fr\/wp-json\/wp\/v2\/media\/38350"}],"wp:attachment":[{"href":"https:\/\/kurato.ch\/fr\/wp-json\/wp\/v2\/media?parent=38285"}],"wp:term":[{"taxonomy":"product_brand","embeddable":true,"href":"https:\/\/kurato.ch\/fr\/wp-json\/wp\/v2\/product_brand?post=38285"},{"taxonomy":"product_cat","embeddable":true,"href":"https:\/\/kurato.ch\/fr\/wp-json\/wp\/v2\/product_cat?post=38285"},{"taxonomy":"product_tag","embeddable":true,"href":"https:\/\/kurato.ch\/fr\/wp-json\/wp\/v2\/product_tag?post=38285"}],"curies":[{"name":"wp","href":"https:\/\/api.w.org\/{rel}","templated":true}]}}