{"id":38967,"date":"2023-01-08T11:24:22","date_gmt":"2023-01-08T09:24:22","guid":{"rendered":"https:\/\/kurato.ch\/fr\/?post_type=product&#038;p=38967"},"modified":"2023-09-21T06:56:25","modified_gmt":"2023-09-21T04:56:25","slug":"lampe-amba-basel-quick-1500-grau-alfred-mueller","status":"publish","type":"product","link":"https:\/\/kurato.ch\/fr\/product\/lampe-amba-basel-quick-1500-grau-alfred-mueller\/","title":{"rendered":"Lampe AMBA Basel Quick 1500 gris Alfred M\u00fcller"},"content":{"rendered":"<p>Lampe vintage Alfred M\u00fcller AMBA Basel Quick 1500 des ann\u00e9es 1940\/50 renouvel\u00e9e et remise \u00e0 neuf \u00e0 un niveau tr\u00e8s \u00e9lev\u00e9. D\u00e9mont\u00e9e, toutes les pi\u00e8ces restaur\u00e9es ou remplac\u00e9es, enti\u00e8rement repeinte selon les normes professionnelles dans les couleurs gris et jaune beurre avec une finition de peinture satin\u00e9e, r\u00e9assembl\u00e9e et rec\u00e2bl\u00e9e dans un nouveau c\u00e2ble recouvert de tissu, cordon de maintien et borne de mise \u00e0 la terre ajout\u00e9s pour mettre la lampe aux normes \u00e9lectriques modernes. Il y a des signes d'usure li\u00e9s \u00e0 l'\u00e2ge, des bosses et des imperfections mineures, mais elle est un classique du design enti\u00e8rement fonctionnel.<\/p>","protected":false},"excerpt":{"rendered":"<p>Vintage-Lampe Alfred M\u00fcller AMBA Basel Quick 1500 aus den 1940\/50er Jahren erneuert und auf einen sehr hohen Standard aufgearbeitet. Zerlegt, alle Teile restauriert oder erneuert, komplette Neulackierung nach professionellen Standards in den Farben Grau und Buttergelb mit seidenmattem Lackfinish, neu zusammengebaut und neu verkabelt in einem neuen, mit Stoff \u00fcberzogenen Kabel, Haltekordel und Erdungsklemme hinzugef\u00fcgt, [&hellip;]<\/p>\n","protected":false},"featured_media":39034,"template":"","meta":{"_acf_changed":false,"site-sidebar-layout":"default","site-content-layout":"","ast-site-content-layout":"default","site-content-style":"default","site-sidebar-style":"default","ast-global-header-display":"","ast-banner-title-visibility":"","ast-main-header-display":"","ast-hfb-above-header-display":"","ast-hfb-below-header-display":"","ast-hfb-mobile-header-display":"","site-post-title":"","ast-breadcrumbs-content":"","ast-featured-img":"","footer-sml-layout":"","ast-disable-related-posts":"","theme-transparent-header-meta":"","adv-header-id-meta":"","stick-header-meta":"","header-above-stick-meta":"","header-main-stick-meta":"","header-below-stick-meta":"","astra-migrate-meta-layouts":"default","ast-page-background-enabled":"default","ast-page-background-meta":{"desktop":{"background-color":"","background-image":"","background-repeat":"repeat","background-position":"center center","background-size":"auto","background-attachment":"scroll","background-type":"","background-media":"","overlay-type":"","overlay-color":"","overlay-opacity":"","overlay-gradient":""},"tablet":{"background-color":"","background-image":"","background-repeat":"repeat","background-position":"center center","background-size":"auto","background-attachment":"scroll","background-type":"","background-media":"","overlay-type":"","overlay-color":"","overlay-opacity":"","overlay-gradient":""},"mobile":{"background-color":"","background-image":"","background-repeat":"repeat","background-position":"center center","background-size":"auto","background-attachment":"scroll","background-type":"","background-media":"","overlay-type":"","overlay-color":"","overlay-opacity":"","overlay-gradient":""}},"ast-content-background-meta":{"desktop":{"background-color":"var(--ast-global-color-5)","background-image":"","background-repeat":"repeat","background-position":"center center","background-size":"auto","background-attachment":"scroll","background-type":"","background-media":"","overlay-type":"","overlay-color":"","overlay-opacity":"","overlay-gradient":""},"tablet":{"background-color":"var(--ast-global-color-5)","background-image":"","background-repeat":"repeat","background-position":"center center","background-size":"auto","background-attachment":"scroll","background-type":"","background-media":"","overlay-type":"","overlay-color":"","overlay-opacity":"","overlay-gradient":""},"mobile":{"background-color":"var(--ast-global-color-5)","background-image":"","background-repeat":"repeat","background-position":"center center","background-size":"auto","background-attachment":"scroll","background-type":"","background-media":"","overlay-type":"","overlay-color":"","overlay-opacity":"","overlay-gradient":""}}},"product_brand":[],"product_cat":[65,64],"product_tag":[],"class_list":{"0":"post-38967","1":"product","2":"type-product","3":"status-publish","4":"has-post-thumbnail","6":"product_cat-vintage-gelenklampe","7":"product_cat-vintage-tischlampen","8":"pa_designer-mueller-alfred","9":"pa_farbe-grau","10":"pa_material-metall","11":"pa_standort-genferseeregion","12":"pa_stil-design","13":"desktop-align-left","14":"tablet-align-left","15":"mobile-align-left","17":"first","18":"outofstock","19":"sold-individually","20":"shipping-taxable","21":"purchasable","22":"product-type-simple"},"acf":[],"yoast_head":"<!-- This site is optimized with the Yoast SEO plugin v27.6 - https:\/\/yoast.com\/product\/yoast-seo-wordpress\/ -->\n<title>Lampe AMBA Basel Quick 1500 grau Alfred M\u00fcller | Vintage M\u00f6bel kaufen auf KURATO.CH<\/title>\n<meta name=\"description\" content=\"Entdecke Vintage M\u00f6bel &amp; Dekoration \u27a4 Lampe AMBA Basel Quick 1500 grau Alfred M\u00fcller auf Kurato. \u2713Lieferung Schweiz \u271314-Tage R\u00fcckgabe \u2713Secondhand Unikat\" \/>\n<meta name=\"robots\" content=\"index, follow, max-snippet:-1, max-image-preview:large, max-video-preview:-1\" \/>\n<link rel=\"canonical\" href=\"https:\/\/kurato.ch\/fr\/product\/lampe-amba-basel-quick-1500-grau-alfred-mueller\/\" \/>\n<meta property=\"og:locale\" content=\"fr_FR\" \/>\n<meta property=\"og:type\" content=\"article\" \/>\n<meta property=\"og:title\" content=\"Lampe AMBA Basel Quick 1500 grau Alfred M\u00fcller | Vintage M\u00f6bel kaufen auf KURATO.CH\" \/>\n<meta property=\"og:description\" content=\"Entdecke Vintage M\u00f6bel &amp; Dekoration \u27a4 Lampe AMBA Basel Quick 1500 grau Alfred M\u00fcller auf Kurato. \u2713Lieferung Schweiz \u271314-Tage R\u00fcckgabe \u2713Secondhand Unikat\" \/>\n<meta property=\"og:url\" content=\"https:\/\/kurato.ch\/fr\/product\/lampe-amba-basel-quick-1500-grau-alfred-mueller\/\" \/>\n<meta property=\"og:site_name\" content=\"Vintage M\u00f6bel &amp; Dekoration I Kurato\" \/>\n<meta property=\"article:publisher\" content=\"https:\/\/www.facebook.com\/kuratoswitzerland\" \/>\n<meta property=\"article:modified_time\" content=\"2023-09-21T04:56:25+00:00\" \/>\n<meta property=\"og:image\" content=\"https:\/\/kurato.ch\/wp-content\/uploads\/2023\/01\/Lampe-AMBA-Basel-Quick-1500-grau-Alfred-Mu\u0308ller-vintage-gebraucht-secondemain.jpg\" \/>\n\t<meta property=\"og:image:width\" content=\"800\" \/>\n\t<meta property=\"og:image:height\" content=\"800\" \/>\n\t<meta property=\"og:image:type\" content=\"image\/jpeg\" \/>\n<script type=\"application\/ld+json\" class=\"yoast-schema-graph\">{\"@context\":\"https:\\\/\\\/schema.org\",\"@graph\":[{\"@type\":\"WebPage\",\"@id\":\"https:\\\/\\\/kurato.ch\\\/product\\\/lampe-amba-basel-quick-1500-grau-alfred-mueller\\\/\",\"url\":\"https:\\\/\\\/kurato.ch\\\/product\\\/lampe-amba-basel-quick-1500-grau-alfred-mueller\\\/\",\"name\":\"Lampe AMBA Basel Quick 1500 grau Alfred M\u00fcller | Vintage M\u00f6bel kaufen auf KURATO.CH\",\"isPartOf\":{\"@id\":\"https:\\\/\\\/kurato.ch\\\/#website\"},\"primaryImageOfPage\":{\"@id\":\"https:\\\/\\\/kurato.ch\\\/product\\\/lampe-amba-basel-quick-1500-grau-alfred-mueller\\\/#primaryimage\"},\"image\":{\"@id\":\"https:\\\/\\\/kurato.ch\\\/product\\\/lampe-amba-basel-quick-1500-grau-alfred-mueller\\\/#primaryimage\"},\"thumbnailUrl\":\"https:\\\/\\\/kurato.ch\\\/wp-content\\\/uploads\\\/2023\\\/01\\\/Lampe-AMBA-Basel-Quick-1500-grau-Alfred-Mu\u0308ller-vintage-gebraucht-secondemain.jpg\",\"datePublished\":\"2023-01-08T09:24:22+00:00\",\"dateModified\":\"2023-09-21T04:56:25+00:00\",\"description\":\"Entdecke Vintage M\u00f6bel & Dekoration \u27a4 Lampe AMBA Basel Quick 1500 grau Alfred M\u00fcller auf Kurato. \u2713Lieferung Schweiz \u271314-Tage R\u00fcckgabe \u2713Secondhand Unikat\",\"breadcrumb\":{\"@id\":\"https:\\\/\\\/kurato.ch\\\/product\\\/lampe-amba-basel-quick-1500-grau-alfred-mueller\\\/#breadcrumb\"},\"inLanguage\":\"fr-FR\",\"potentialAction\":[{\"@type\":\"ReadAction\",\"target\":[\"https:\\\/\\\/kurato.ch\\\/product\\\/lampe-amba-basel-quick-1500-grau-alfred-mueller\\\/\"]}]},{\"@type\":\"ImageObject\",\"inLanguage\":\"fr-FR\",\"@id\":\"https:\\\/\\\/kurato.ch\\\/product\\\/lampe-amba-basel-quick-1500-grau-alfred-mueller\\\/#primaryimage\",\"url\":\"https:\\\/\\\/kurato.ch\\\/wp-content\\\/uploads\\\/2023\\\/01\\\/Lampe-AMBA-Basel-Quick-1500-grau-Alfred-Mu\u0308ller-vintage-gebraucht-secondemain.jpg\",\"contentUrl\":\"https:\\\/\\\/kurato.ch\\\/wp-content\\\/uploads\\\/2023\\\/01\\\/Lampe-AMBA-Basel-Quick-1500-grau-Alfred-Mu\u0308ller-vintage-gebraucht-secondemain.jpg\",\"width\":800,\"height\":800,\"caption\":\"Lampe AMBA Basel Quick 1500 grau Alfred M\u00fcller\"},{\"@type\":\"BreadcrumbList\",\"@id\":\"https:\\\/\\\/kurato.ch\\\/product\\\/lampe-amba-basel-quick-1500-grau-alfred-mueller\\\/#breadcrumb\",\"itemListElement\":[{\"@type\":\"ListItem\",\"position\":1,\"name\":\"Home\",\"item\":\"https:\\\/\\\/kurato.ch\\\/\"},{\"@type\":\"ListItem\",\"position\":2,\"name\":\"Neuheiten\",\"item\":\"https:\\\/\\\/kurato.ch\\\/neuheiten\\\/\"},{\"@type\":\"ListItem\",\"position\":3,\"name\":\"Lampe AMBA Basel Quick 1500 grau Alfred M\u00fcller\"}]},{\"@type\":\"WebSite\",\"@id\":\"https:\\\/\\\/kurato.ch\\\/#website\",\"url\":\"https:\\\/\\\/kurato.ch\\\/\",\"name\":\"Vintage M\u00f6bel &amp; Dekoration I Kurato\",\"description\":\"Vintage M\u00f6bel &amp; Dekoration I Kurato\",\"publisher\":{\"@id\":\"https:\\\/\\\/kurato.ch\\\/#organization\"},\"potentialAction\":[{\"@type\":\"SearchAction\",\"target\":{\"@type\":\"EntryPoint\",\"urlTemplate\":\"https:\\\/\\\/kurato.ch\\\/?s={search_term_string}\"},\"query-input\":{\"@type\":\"PropertyValueSpecification\",\"valueRequired\":true,\"valueName\":\"search_term_string\"}}],\"inLanguage\":\"fr-FR\"},{\"@type\":\"Organization\",\"@id\":\"https:\\\/\\\/kurato.ch\\\/#organization\",\"name\":\"Kurato.\",\"url\":\"https:\\\/\\\/kurato.ch\\\/\",\"logo\":{\"@type\":\"ImageObject\",\"inLanguage\":\"fr-FR\",\"@id\":\"https:\\\/\\\/kurato.ch\\\/#\\\/schema\\\/logo\\\/image\\\/\",\"url\":\"\",\"contentUrl\":\"\",\"caption\":\"Kurato.\"},\"image\":{\"@id\":\"https:\\\/\\\/kurato.ch\\\/#\\\/schema\\\/logo\\\/image\\\/\"},\"sameAs\":[\"https:\\\/\\\/www.facebook.com\\\/kuratoswitzerland\",\"https:\\\/\\\/www.instagram.com\\\/kurato.ch\\\/\",\"https:\\\/\\\/www.pinterest.ch\\\/kurato_ch\\\/_created\\\/\"]}]}<\/script>\n<!-- \/ Yoast SEO plugin. -->","yoast_head_json":{"title":"Lampe AMBA Basel Quick 1500 grau Alfred M\u00fcller | Vintage M\u00f6bel kaufen auf KURATO.CH","description":"Entdecke Vintage M\u00f6bel & Dekoration \u27a4 Lampe AMBA Basel Quick 1500 grau Alfred M\u00fcller auf Kurato. \u2713Lieferung Schweiz \u271314-Tage R\u00fcckgabe \u2713Secondhand Unikat","robots":{"index":"index","follow":"follow","max-snippet":"max-snippet:-1","max-image-preview":"max-image-preview:large","max-video-preview":"max-video-preview:-1"},"canonical":"https:\/\/kurato.ch\/fr\/product\/lampe-amba-basel-quick-1500-grau-alfred-mueller\/","og_locale":"fr_FR","og_type":"article","og_title":"Lampe AMBA Basel Quick 1500 grau Alfred M\u00fcller | Vintage M\u00f6bel kaufen auf KURATO.CH","og_description":"Entdecke Vintage M\u00f6bel & Dekoration \u27a4 Lampe AMBA Basel Quick 1500 grau Alfred M\u00fcller auf Kurato. \u2713Lieferung Schweiz \u271314-Tage R\u00fcckgabe \u2713Secondhand Unikat","og_url":"https:\/\/kurato.ch\/fr\/product\/lampe-amba-basel-quick-1500-grau-alfred-mueller\/","og_site_name":"Vintage M\u00f6bel &amp; Dekoration I Kurato","article_publisher":"https:\/\/www.facebook.com\/kuratoswitzerland","article_modified_time":"2023-09-21T04:56:25+00:00","og_image":[{"width":800,"height":800,"url":"https:\/\/kurato.ch\/wp-content\/uploads\/2023\/01\/Lampe-AMBA-Basel-Quick-1500-grau-Alfred-Mu\u0308ller-vintage-gebraucht-secondemain.jpg","type":"image\/jpeg"}],"schema":{"@context":"https:\/\/schema.org","@graph":[{"@type":"WebPage","@id":"https:\/\/kurato.ch\/product\/lampe-amba-basel-quick-1500-grau-alfred-mueller\/","url":"https:\/\/kurato.ch\/product\/lampe-amba-basel-quick-1500-grau-alfred-mueller\/","name":"Lampe AMBA Basel Quick 1500 grau Alfred M\u00fcller | Vintage M\u00f6bel kaufen auf KURATO.CH","isPartOf":{"@id":"https:\/\/kurato.ch\/#website"},"primaryImageOfPage":{"@id":"https:\/\/kurato.ch\/product\/lampe-amba-basel-quick-1500-grau-alfred-mueller\/#primaryimage"},"image":{"@id":"https:\/\/kurato.ch\/product\/lampe-amba-basel-quick-1500-grau-alfred-mueller\/#primaryimage"},"thumbnailUrl":"https:\/\/kurato.ch\/wp-content\/uploads\/2023\/01\/Lampe-AMBA-Basel-Quick-1500-grau-Alfred-Mu\u0308ller-vintage-gebraucht-secondemain.jpg","datePublished":"2023-01-08T09:24:22+00:00","dateModified":"2023-09-21T04:56:25+00:00","description":"Entdecke Vintage M\u00f6bel & Dekoration \u27a4 Lampe AMBA Basel Quick 1500 grau Alfred M\u00fcller auf Kurato. \u2713Lieferung Schweiz \u271314-Tage R\u00fcckgabe \u2713Secondhand Unikat","breadcrumb":{"@id":"https:\/\/kurato.ch\/product\/lampe-amba-basel-quick-1500-grau-alfred-mueller\/#breadcrumb"},"inLanguage":"fr-FR","potentialAction":[{"@type":"ReadAction","target":["https:\/\/kurato.ch\/product\/lampe-amba-basel-quick-1500-grau-alfred-mueller\/"]}]},{"@type":"ImageObject","inLanguage":"fr-FR","@id":"https:\/\/kurato.ch\/product\/lampe-amba-basel-quick-1500-grau-alfred-mueller\/#primaryimage","url":"https:\/\/kurato.ch\/wp-content\/uploads\/2023\/01\/Lampe-AMBA-Basel-Quick-1500-grau-Alfred-Mu\u0308ller-vintage-gebraucht-secondemain.jpg","contentUrl":"https:\/\/kurato.ch\/wp-content\/uploads\/2023\/01\/Lampe-AMBA-Basel-Quick-1500-grau-Alfred-Mu\u0308ller-vintage-gebraucht-secondemain.jpg","width":800,"height":800,"caption":"Lampe AMBA Basel Quick 1500 grau Alfred M\u00fcller"},{"@type":"BreadcrumbList","@id":"https:\/\/kurato.ch\/product\/lampe-amba-basel-quick-1500-grau-alfred-mueller\/#breadcrumb","itemListElement":[{"@type":"ListItem","position":1,"name":"Home","item":"https:\/\/kurato.ch\/"},{"@type":"ListItem","position":2,"name":"Neuheiten","item":"https:\/\/kurato.ch\/neuheiten\/"},{"@type":"ListItem","position":3,"name":"Lampe AMBA Basel Quick 1500 grau Alfred M\u00fcller"}]},{"@type":"WebSite","@id":"https:\/\/kurato.ch\/#website","url":"https:\/\/kurato.ch\/","name":"Meubles vintage &amp; d\u00e9coration I Kurato","description":"Meubles vintage &amp; d\u00e9coration I Kurato","publisher":{"@id":"https:\/\/kurato.ch\/#organization"},"potentialAction":[{"@type":"SearchAction","target":{"@type":"EntryPoint","urlTemplate":"https:\/\/kurato.ch\/?s={search_term_string}"},"query-input":{"@type":"PropertyValueSpecification","valueRequired":true,"valueName":"search_term_string"}}],"inLanguage":"fr-FR"},{"@type":"Organization","@id":"https:\/\/kurato.ch\/#organization","name":"Kurato.","url":"https:\/\/kurato.ch\/","logo":{"@type":"ImageObject","inLanguage":"fr-FR","@id":"https:\/\/kurato.ch\/#\/schema\/logo\/image\/","url":"","contentUrl":"","caption":"Kurato."},"image":{"@id":"https:\/\/kurato.ch\/#\/schema\/logo\/image\/"},"sameAs":["https:\/\/www.facebook.com\/kuratoswitzerland","https:\/\/www.instagram.com\/kurato.ch\/","https:\/\/www.pinterest.ch\/kurato_ch\/_created\/"]}]}},"_links":{"self":[{"href":"https:\/\/kurato.ch\/fr\/wp-json\/wp\/v2\/product\/38967","targetHints":{"allow":["GET"]}}],"collection":[{"href":"https:\/\/kurato.ch\/fr\/wp-json\/wp\/v2\/product"}],"about":[{"href":"https:\/\/kurato.ch\/fr\/wp-json\/wp\/v2\/types\/product"}],"wp:featuredmedia":[{"embeddable":true,"href":"https:\/\/kurato.ch\/fr\/wp-json\/wp\/v2\/media\/39034"}],"wp:attachment":[{"href":"https:\/\/kurato.ch\/fr\/wp-json\/wp\/v2\/media?parent=38967"}],"wp:term":[{"taxonomy":"product_brand","embeddable":true,"href":"https:\/\/kurato.ch\/fr\/wp-json\/wp\/v2\/product_brand?post=38967"},{"taxonomy":"product_cat","embeddable":true,"href":"https:\/\/kurato.ch\/fr\/wp-json\/wp\/v2\/product_cat?post=38967"},{"taxonomy":"product_tag","embeddable":true,"href":"https:\/\/kurato.ch\/fr\/wp-json\/wp\/v2\/product_tag?post=38967"}],"curies":[{"name":"wp","href":"https:\/\/api.w.org\/{rel}","templated":true}]}}