{"id":41048,"date":"2023-02-02T22:13:10","date_gmt":"2023-02-02T20:13:10","guid":{"rendered":"https:\/\/kurato.ch\/?post_type=product&#038;p=41048"},"modified":"2023-02-02T22:13:10","modified_gmt":"2023-02-02T20:13:10","slug":"pfeifenhalter-aschenbecher-aus-brasilianischem-jacaranda-holz-von-jean-gillon","status":"publish","type":"product","link":"https:\/\/kurato.ch\/fr\/product\/pfeifenhalter-aschenbecher-aus-brasilianischem-jacaranda-holz-von-jean-gillon\/","title":{"rendered":"Porte-pipe Cendrier en bois de jacaranda br\u00e9silien par Jean Gillon"},"content":{"rendered":"<p>Cendrier \/ porte-pipe en bois de jacaranda br\u00e9silien par Jean Gillon pour Italma Wood, \u00e9tiquette d'origine au dos, tr\u00e8s bon \u00e9tat, \u00e0 noter un petit d\u00e9faut dans le bois (voir gros plan) qui est probablement d'origine.<\/p>","protected":false},"excerpt":{"rendered":"<p>Cendrier \/ porte-pipe en bois de jacaranda br\u00e9silien par Jean Gillon pour Italma Wood, \u00e9tiquette d'origine au dos, tr\u00e8s bon \u00e9tat, \u00e0 noter un petit d\u00e9faut dans le bois (voir gros plan) qui est probablement d'origine.<\/p>","protected":false},"featured_media":41071,"template":"","meta":{"_acf_changed":false,"site-sidebar-layout":"default","site-content-layout":"","ast-site-content-layout":"default","site-content-style":"default","site-sidebar-style":"default","ast-global-header-display":"","ast-banner-title-visibility":"","ast-main-header-display":"","ast-hfb-above-header-display":"","ast-hfb-below-header-display":"","ast-hfb-mobile-header-display":"","site-post-title":"","ast-breadcrumbs-content":"","ast-featured-img":"","footer-sml-layout":"","ast-disable-related-posts":"","theme-transparent-header-meta":"","adv-header-id-meta":"","stick-header-meta":"","header-above-stick-meta":"","header-main-stick-meta":"","header-below-stick-meta":"","astra-migrate-meta-layouts":"default","ast-page-background-enabled":"default","ast-page-background-meta":{"desktop":{"background-color":"","background-image":"","background-repeat":"repeat","background-position":"center center","background-size":"auto","background-attachment":"scroll","background-type":"","background-media":"","overlay-type":"","overlay-color":"","overlay-opacity":"","overlay-gradient":""},"tablet":{"background-color":"","background-image":"","background-repeat":"repeat","background-position":"center center","background-size":"auto","background-attachment":"scroll","background-type":"","background-media":"","overlay-type":"","overlay-color":"","overlay-opacity":"","overlay-gradient":""},"mobile":{"background-color":"","background-image":"","background-repeat":"repeat","background-position":"center center","background-size":"auto","background-attachment":"scroll","background-type":"","background-media":"","overlay-type":"","overlay-color":"","overlay-opacity":"","overlay-gradient":""}},"ast-content-background-meta":{"desktop":{"background-color":"var(--ast-global-color-5)","background-image":"","background-repeat":"repeat","background-position":"center center","background-size":"auto","background-attachment":"scroll","background-type":"","background-media":"","overlay-type":"","overlay-color":"","overlay-opacity":"","overlay-gradient":""},"tablet":{"background-color":"var(--ast-global-color-5)","background-image":"","background-repeat":"repeat","background-position":"center center","background-size":"auto","background-attachment":"scroll","background-type":"","background-media":"","overlay-type":"","overlay-color":"","overlay-opacity":"","overlay-gradient":""},"mobile":{"background-color":"var(--ast-global-color-5)","background-image":"","background-repeat":"repeat","background-position":"center center","background-size":"auto","background-attachment":"scroll","background-type":"","background-media":"","overlay-type":"","overlay-color":"","overlay-opacity":"","overlay-gradient":""}}},"product_brand":[],"product_cat":[82],"product_tag":[],"class_list":{"0":"post-41048","1":"product","2":"type-product","3":"status-publish","4":"has-post-thumbnail","6":"product_cat-vintage-aschenbecher","7":"pa_material-holz","8":"pa_standort-nordwestschweiz","9":"pa_stil-design","10":"desktop-align-left","11":"tablet-align-left","12":"mobile-align-left","14":"first","15":"instock","16":"sold-individually","17":"shipping-taxable","18":"purchasable","19":"product-type-simple"},"acf":[],"yoast_head":"<!-- This site is optimized with the Yoast SEO plugin v27.4 - https:\/\/yoast.com\/product\/yoast-seo-wordpress\/ -->\n<title>Pfeifenhalter Aschenbecher aus brasilianischem Jacaranda-Holz von Jean Gillon | Vintage M\u00f6bel kaufen auf KURATO.CH<\/title>\n<meta name=\"description\" content=\"Entdecke Vintage M\u00f6bel &amp; Dekoration \u27a4 Pfeifenhalter Aschenbecher aus brasilianischem Jacaranda-Holz von Jean Gillon auf Kurato. \u2713Lieferung Schweiz \u271314-Tage R\u00fcckgabe \u2713Secondhand Unikat\" \/>\n<meta name=\"robots\" content=\"index, follow, max-snippet:-1, max-image-preview:large, max-video-preview:-1\" \/>\n<link rel=\"canonical\" href=\"https:\/\/kurato.ch\/fr\/product\/pfeifenhalter-aschenbecher-aus-brasilianischem-jacaranda-holz-von-jean-gillon\/\" \/>\n<meta property=\"og:locale\" content=\"fr_FR\" \/>\n<meta property=\"og:type\" content=\"article\" \/>\n<meta property=\"og:title\" content=\"Pfeifenhalter Aschenbecher aus brasilianischem Jacaranda-Holz von Jean Gillon | Vintage M\u00f6bel kaufen auf KURATO.CH\" \/>\n<meta property=\"og:description\" content=\"Entdecke Vintage M\u00f6bel &amp; Dekoration \u27a4 Pfeifenhalter Aschenbecher aus brasilianischem Jacaranda-Holz von Jean Gillon auf Kurato. \u2713Lieferung Schweiz \u271314-Tage R\u00fcckgabe \u2713Secondhand Unikat\" \/>\n<meta property=\"og:url\" content=\"https:\/\/kurato.ch\/fr\/product\/pfeifenhalter-aschenbecher-aus-brasilianischem-jacaranda-holz-von-jean-gillon\/\" \/>\n<meta property=\"og:site_name\" content=\"Vintage M\u00f6bel &amp; Dekoration I Kurato\" \/>\n<meta property=\"article:publisher\" content=\"https:\/\/www.facebook.com\/kuratoswitzerland\" \/>\n<meta property=\"og:image\" content=\"https:\/\/kurato.ch\/wp-content\/uploads\/2023\/02\/Pfeifenhalter-Aschenbecher-aus-brasilianischem-Jacaranda-Holz-von-Jean-Gillon-vintage-secondhand-gebraucht-schweiz.jpg\" \/>\n\t<meta property=\"og:image:width\" content=\"800\" \/>\n\t<meta property=\"og:image:height\" content=\"800\" \/>\n\t<meta property=\"og:image:type\" content=\"image\/jpeg\" \/>\n<script type=\"application\/ld+json\" class=\"yoast-schema-graph\">{\"@context\":\"https:\\\/\\\/schema.org\",\"@graph\":[{\"@type\":\"WebPage\",\"@id\":\"https:\\\/\\\/kurato.ch\\\/product\\\/pfeifenhalter-aschenbecher-aus-brasilianischem-jacaranda-holz-von-jean-gillon\\\/\",\"url\":\"https:\\\/\\\/kurato.ch\\\/product\\\/pfeifenhalter-aschenbecher-aus-brasilianischem-jacaranda-holz-von-jean-gillon\\\/\",\"name\":\"Pfeifenhalter Aschenbecher aus brasilianischem Jacaranda-Holz von Jean Gillon | Vintage M\u00f6bel kaufen auf KURATO.CH\",\"isPartOf\":{\"@id\":\"https:\\\/\\\/kurato.ch\\\/#website\"},\"primaryImageOfPage\":{\"@id\":\"https:\\\/\\\/kurato.ch\\\/product\\\/pfeifenhalter-aschenbecher-aus-brasilianischem-jacaranda-holz-von-jean-gillon\\\/#primaryimage\"},\"image\":{\"@id\":\"https:\\\/\\\/kurato.ch\\\/product\\\/pfeifenhalter-aschenbecher-aus-brasilianischem-jacaranda-holz-von-jean-gillon\\\/#primaryimage\"},\"thumbnailUrl\":\"https:\\\/\\\/kurato.ch\\\/wp-content\\\/uploads\\\/2023\\\/02\\\/Pfeifenhalter-Aschenbecher-aus-brasilianischem-Jacaranda-Holz-von-Jean-Gillon-vintage-secondhand-gebraucht-schweiz.jpg\",\"datePublished\":\"2023-02-02T20:13:10+00:00\",\"description\":\"Entdecke Vintage M\u00f6bel & Dekoration \u27a4 Pfeifenhalter Aschenbecher aus brasilianischem Jacaranda-Holz von Jean Gillon auf Kurato. \u2713Lieferung Schweiz \u271314-Tage R\u00fcckgabe \u2713Secondhand Unikat\",\"breadcrumb\":{\"@id\":\"https:\\\/\\\/kurato.ch\\\/product\\\/pfeifenhalter-aschenbecher-aus-brasilianischem-jacaranda-holz-von-jean-gillon\\\/#breadcrumb\"},\"inLanguage\":\"fr-FR\",\"potentialAction\":[{\"@type\":\"ReadAction\",\"target\":[\"https:\\\/\\\/kurato.ch\\\/product\\\/pfeifenhalter-aschenbecher-aus-brasilianischem-jacaranda-holz-von-jean-gillon\\\/\"]}]},{\"@type\":\"ImageObject\",\"inLanguage\":\"fr-FR\",\"@id\":\"https:\\\/\\\/kurato.ch\\\/product\\\/pfeifenhalter-aschenbecher-aus-brasilianischem-jacaranda-holz-von-jean-gillon\\\/#primaryimage\",\"url\":\"https:\\\/\\\/kurato.ch\\\/wp-content\\\/uploads\\\/2023\\\/02\\\/Pfeifenhalter-Aschenbecher-aus-brasilianischem-Jacaranda-Holz-von-Jean-Gillon-vintage-secondhand-gebraucht-schweiz.jpg\",\"contentUrl\":\"https:\\\/\\\/kurato.ch\\\/wp-content\\\/uploads\\\/2023\\\/02\\\/Pfeifenhalter-Aschenbecher-aus-brasilianischem-Jacaranda-Holz-von-Jean-Gillon-vintage-secondhand-gebraucht-schweiz.jpg\",\"width\":800,\"height\":800,\"caption\":\"Pfeifenhalter Aschenbecher aus brasilianischem Jacaranda-Holz von Jean Gillon\"},{\"@type\":\"BreadcrumbList\",\"@id\":\"https:\\\/\\\/kurato.ch\\\/product\\\/pfeifenhalter-aschenbecher-aus-brasilianischem-jacaranda-holz-von-jean-gillon\\\/#breadcrumb\",\"itemListElement\":[{\"@type\":\"ListItem\",\"position\":1,\"name\":\"Home\",\"item\":\"https:\\\/\\\/kurato.ch\\\/\"},{\"@type\":\"ListItem\",\"position\":2,\"name\":\"Neuheiten\",\"item\":\"https:\\\/\\\/kurato.ch\\\/neuheiten\\\/\"},{\"@type\":\"ListItem\",\"position\":3,\"name\":\"Pfeifenhalter Aschenbecher aus brasilianischem Jacaranda-Holz von Jean Gillon\"}]},{\"@type\":\"WebSite\",\"@id\":\"https:\\\/\\\/kurato.ch\\\/#website\",\"url\":\"https:\\\/\\\/kurato.ch\\\/\",\"name\":\"Vintage M\u00f6bel &amp; Dekoration I Kurato\",\"description\":\"Vintage M\u00f6bel &amp; Dekoration I Kurato\",\"publisher\":{\"@id\":\"https:\\\/\\\/kurato.ch\\\/#organization\"},\"potentialAction\":[{\"@type\":\"SearchAction\",\"target\":{\"@type\":\"EntryPoint\",\"urlTemplate\":\"https:\\\/\\\/kurato.ch\\\/?s={search_term_string}\"},\"query-input\":{\"@type\":\"PropertyValueSpecification\",\"valueRequired\":true,\"valueName\":\"search_term_string\"}}],\"inLanguage\":\"fr-FR\"},{\"@type\":\"Organization\",\"@id\":\"https:\\\/\\\/kurato.ch\\\/#organization\",\"name\":\"Kurato.\",\"url\":\"https:\\\/\\\/kurato.ch\\\/\",\"logo\":{\"@type\":\"ImageObject\",\"inLanguage\":\"fr-FR\",\"@id\":\"https:\\\/\\\/kurato.ch\\\/#\\\/schema\\\/logo\\\/image\\\/\",\"url\":\"\",\"contentUrl\":\"\",\"caption\":\"Kurato.\"},\"image\":{\"@id\":\"https:\\\/\\\/kurato.ch\\\/#\\\/schema\\\/logo\\\/image\\\/\"},\"sameAs\":[\"https:\\\/\\\/www.facebook.com\\\/kuratoswitzerland\",\"https:\\\/\\\/www.instagram.com\\\/kurato.ch\\\/\",\"https:\\\/\\\/www.pinterest.ch\\\/kurato_ch\\\/_created\\\/\"]}]}<\/script>\n<!-- \/ Yoast SEO plugin. -->","yoast_head_json":{"title":"Pfeifenhalter Aschenbecher aus brasilianischem Jacaranda-Holz von Jean Gillon | Vintage M\u00f6bel kaufen auf KURATO.CH","description":"Entdecke Vintage M\u00f6bel & Dekoration \u27a4 Pfeifenhalter Aschenbecher aus brasilianischem Jacaranda-Holz von Jean Gillon auf Kurato. \u2713Lieferung Schweiz \u271314-Tage R\u00fcckgabe \u2713Secondhand Unikat","robots":{"index":"index","follow":"follow","max-snippet":"max-snippet:-1","max-image-preview":"max-image-preview:large","max-video-preview":"max-video-preview:-1"},"canonical":"https:\/\/kurato.ch\/fr\/product\/pfeifenhalter-aschenbecher-aus-brasilianischem-jacaranda-holz-von-jean-gillon\/","og_locale":"fr_FR","og_type":"article","og_title":"Pfeifenhalter Aschenbecher aus brasilianischem Jacaranda-Holz von Jean Gillon | Vintage M\u00f6bel kaufen auf KURATO.CH","og_description":"Entdecke Vintage M\u00f6bel & Dekoration \u27a4 Pfeifenhalter Aschenbecher aus brasilianischem Jacaranda-Holz von Jean Gillon auf Kurato. \u2713Lieferung Schweiz \u271314-Tage R\u00fcckgabe \u2713Secondhand Unikat","og_url":"https:\/\/kurato.ch\/fr\/product\/pfeifenhalter-aschenbecher-aus-brasilianischem-jacaranda-holz-von-jean-gillon\/","og_site_name":"Vintage M\u00f6bel &amp; Dekoration I Kurato","article_publisher":"https:\/\/www.facebook.com\/kuratoswitzerland","og_image":[{"width":800,"height":800,"url":"https:\/\/kurato.ch\/wp-content\/uploads\/2023\/02\/Pfeifenhalter-Aschenbecher-aus-brasilianischem-Jacaranda-Holz-von-Jean-Gillon-vintage-secondhand-gebraucht-schweiz.jpg","type":"image\/jpeg"}],"schema":{"@context":"https:\/\/schema.org","@graph":[{"@type":"WebPage","@id":"https:\/\/kurato.ch\/product\/pfeifenhalter-aschenbecher-aus-brasilianischem-jacaranda-holz-von-jean-gillon\/","url":"https:\/\/kurato.ch\/product\/pfeifenhalter-aschenbecher-aus-brasilianischem-jacaranda-holz-von-jean-gillon\/","name":"Pfeifenhalter Aschenbecher aus brasilianischem Jacaranda-Holz von Jean Gillon | Vintage M\u00f6bel kaufen auf KURATO.CH","isPartOf":{"@id":"https:\/\/kurato.ch\/#website"},"primaryImageOfPage":{"@id":"https:\/\/kurato.ch\/product\/pfeifenhalter-aschenbecher-aus-brasilianischem-jacaranda-holz-von-jean-gillon\/#primaryimage"},"image":{"@id":"https:\/\/kurato.ch\/product\/pfeifenhalter-aschenbecher-aus-brasilianischem-jacaranda-holz-von-jean-gillon\/#primaryimage"},"thumbnailUrl":"https:\/\/kurato.ch\/wp-content\/uploads\/2023\/02\/Pfeifenhalter-Aschenbecher-aus-brasilianischem-Jacaranda-Holz-von-Jean-Gillon-vintage-secondhand-gebraucht-schweiz.jpg","datePublished":"2023-02-02T20:13:10+00:00","description":"Entdecke Vintage M\u00f6bel & Dekoration \u27a4 Pfeifenhalter Aschenbecher aus brasilianischem Jacaranda-Holz von Jean Gillon auf Kurato. \u2713Lieferung Schweiz \u271314-Tage R\u00fcckgabe \u2713Secondhand Unikat","breadcrumb":{"@id":"https:\/\/kurato.ch\/product\/pfeifenhalter-aschenbecher-aus-brasilianischem-jacaranda-holz-von-jean-gillon\/#breadcrumb"},"inLanguage":"fr-FR","potentialAction":[{"@type":"ReadAction","target":["https:\/\/kurato.ch\/product\/pfeifenhalter-aschenbecher-aus-brasilianischem-jacaranda-holz-von-jean-gillon\/"]}]},{"@type":"ImageObject","inLanguage":"fr-FR","@id":"https:\/\/kurato.ch\/product\/pfeifenhalter-aschenbecher-aus-brasilianischem-jacaranda-holz-von-jean-gillon\/#primaryimage","url":"https:\/\/kurato.ch\/wp-content\/uploads\/2023\/02\/Pfeifenhalter-Aschenbecher-aus-brasilianischem-Jacaranda-Holz-von-Jean-Gillon-vintage-secondhand-gebraucht-schweiz.jpg","contentUrl":"https:\/\/kurato.ch\/wp-content\/uploads\/2023\/02\/Pfeifenhalter-Aschenbecher-aus-brasilianischem-Jacaranda-Holz-von-Jean-Gillon-vintage-secondhand-gebraucht-schweiz.jpg","width":800,"height":800,"caption":"Pfeifenhalter Aschenbecher aus brasilianischem Jacaranda-Holz von Jean Gillon"},{"@type":"BreadcrumbList","@id":"https:\/\/kurato.ch\/product\/pfeifenhalter-aschenbecher-aus-brasilianischem-jacaranda-holz-von-jean-gillon\/#breadcrumb","itemListElement":[{"@type":"ListItem","position":1,"name":"Home","item":"https:\/\/kurato.ch\/"},{"@type":"ListItem","position":2,"name":"Neuheiten","item":"https:\/\/kurato.ch\/neuheiten\/"},{"@type":"ListItem","position":3,"name":"Pfeifenhalter Aschenbecher aus brasilianischem Jacaranda-Holz von Jean Gillon"}]},{"@type":"WebSite","@id":"https:\/\/kurato.ch\/#website","url":"https:\/\/kurato.ch\/","name":"Meubles vintage &amp; d\u00e9coration I Kurato","description":"Meubles vintage &amp; d\u00e9coration I Kurato","publisher":{"@id":"https:\/\/kurato.ch\/#organization"},"potentialAction":[{"@type":"SearchAction","target":{"@type":"EntryPoint","urlTemplate":"https:\/\/kurato.ch\/?s={search_term_string}"},"query-input":{"@type":"PropertyValueSpecification","valueRequired":true,"valueName":"search_term_string"}}],"inLanguage":"fr-FR"},{"@type":"Organization","@id":"https:\/\/kurato.ch\/#organization","name":"Kurato.","url":"https:\/\/kurato.ch\/","logo":{"@type":"ImageObject","inLanguage":"fr-FR","@id":"https:\/\/kurato.ch\/#\/schema\/logo\/image\/","url":"","contentUrl":"","caption":"Kurato."},"image":{"@id":"https:\/\/kurato.ch\/#\/schema\/logo\/image\/"},"sameAs":["https:\/\/www.facebook.com\/kuratoswitzerland","https:\/\/www.instagram.com\/kurato.ch\/","https:\/\/www.pinterest.ch\/kurato_ch\/_created\/"]}]}},"_links":{"self":[{"href":"https:\/\/kurato.ch\/fr\/wp-json\/wp\/v2\/product\/41048","targetHints":{"allow":["GET"]}}],"collection":[{"href":"https:\/\/kurato.ch\/fr\/wp-json\/wp\/v2\/product"}],"about":[{"href":"https:\/\/kurato.ch\/fr\/wp-json\/wp\/v2\/types\/product"}],"wp:featuredmedia":[{"embeddable":true,"href":"https:\/\/kurato.ch\/fr\/wp-json\/wp\/v2\/media\/41071"}],"wp:attachment":[{"href":"https:\/\/kurato.ch\/fr\/wp-json\/wp\/v2\/media?parent=41048"}],"wp:term":[{"taxonomy":"product_brand","embeddable":true,"href":"https:\/\/kurato.ch\/fr\/wp-json\/wp\/v2\/product_brand?post=41048"},{"taxonomy":"product_cat","embeddable":true,"href":"https:\/\/kurato.ch\/fr\/wp-json\/wp\/v2\/product_cat?post=41048"},{"taxonomy":"product_tag","embeddable":true,"href":"https:\/\/kurato.ch\/fr\/wp-json\/wp\/v2\/product_tag?post=41048"}],"curies":[{"name":"wp","href":"https:\/\/api.w.org\/{rel}","templated":true}]}}