{"id":44478,"date":"2023-05-01T14:52:37","date_gmt":"2023-05-01T12:52:37","guid":{"rendered":"https:\/\/kurato.ch\/?post_type=product&#038;p=44478"},"modified":"2023-11-17T12:10:56","modified_gmt":"2023-11-17T10:10:56","slug":"kerzenstaender-aluminium-und-messing-von-david-marshall","status":"publish","type":"product","link":"https:\/\/kurato.ch\/fr\/product\/kerzenstaender-aluminium-und-messing-von-david-marshall\/","title":{"rendered":"Chandeliers en aluminium et laiton de David Marshall"},"content":{"rendered":"<p>Bougeoir en aluminium et laiton de David Marshall (ann\u00e9es 1970 environ).<\/p>\n<p>Le designer et artiste anglais Marshall, qui vit en Espagne, s'est fait conna\u00eetre depuis la cr\u00e9ation de son studio \u00e0 la fin des ann\u00e9es 1960 avec ces designs m\u00e9talliques mixtes en laiton et aluminium moul\u00e9s au sable.<\/p>\n<p>L'impr\u00e9cision du processus se pr\u00eate \u00e0 ces accessoires \u00e0 la fusion irr\u00e9guli\u00e8re.<\/p>\n<p>Pour prot\u00e9ger les surfaces des tables, du cuir a \u00e9t\u00e9 appliqu\u00e9 sur le dessous de chaque pi\u00e8ce, qui porte le logo de David Marshall.<\/p>\n<p>Condition : bon \u00e9tat vintage. Les irr\u00e9gularit\u00e9s de la surface du m\u00e9tal sont inh\u00e9rentes au processus de moulage en sable et doivent \u00eatre consid\u00e9r\u00e9es comme une am\u00e9lioration de cette construction.<\/p>\n<p>Dimensions :<br \/>Hauteur : 24 cm<br \/>Largeur : 12 cm<br \/>profondeur : 7 cm<\/p>","protected":false},"excerpt":{"rendered":"<p>Kerzenst\u00e4nder aus Aluminium und Messing von David Marshall (ca. 1970er Jahre). Der in Spanien lebende englische Designer und K\u00fcnstler Marshall hat sich seit der Gr\u00fcndung seines Studios in den sp\u00e4ten 1960er Jahren mit diesen sandgegossenen, gemischten Metalldesigns aus Messing und Aluminium einen Namen gemacht. Die Ungenauigkeit des Prozesses eignet sich f\u00fcr diese unregelm\u00e4ssig verschmolzenen Accessoires. [&hellip;]<\/p>\n","protected":false},"featured_media":44521,"template":"","meta":{"_acf_changed":false,"site-sidebar-layout":"default","site-content-layout":"","ast-site-content-layout":"default","site-content-style":"default","site-sidebar-style":"default","ast-global-header-display":"","ast-banner-title-visibility":"","ast-main-header-display":"","ast-hfb-above-header-display":"","ast-hfb-below-header-display":"","ast-hfb-mobile-header-display":"","site-post-title":"","ast-breadcrumbs-content":"","ast-featured-img":"","footer-sml-layout":"","ast-disable-related-posts":"","theme-transparent-header-meta":"","adv-header-id-meta":"","stick-header-meta":"","header-above-stick-meta":"","header-main-stick-meta":"","header-below-stick-meta":"","astra-migrate-meta-layouts":"default","ast-page-background-enabled":"default","ast-page-background-meta":{"desktop":{"background-color":"","background-image":"","background-repeat":"repeat","background-position":"center center","background-size":"auto","background-attachment":"scroll","background-type":"","background-media":"","overlay-type":"","overlay-color":"","overlay-opacity":"","overlay-gradient":""},"tablet":{"background-color":"","background-image":"","background-repeat":"repeat","background-position":"center center","background-size":"auto","background-attachment":"scroll","background-type":"","background-media":"","overlay-type":"","overlay-color":"","overlay-opacity":"","overlay-gradient":""},"mobile":{"background-color":"","background-image":"","background-repeat":"repeat","background-position":"center center","background-size":"auto","background-attachment":"scroll","background-type":"","background-media":"","overlay-type":"","overlay-color":"","overlay-opacity":"","overlay-gradient":""}},"ast-content-background-meta":{"desktop":{"background-color":"var(--ast-global-color-5)","background-image":"","background-repeat":"repeat","background-position":"center center","background-size":"auto","background-attachment":"scroll","background-type":"","background-media":"","overlay-type":"","overlay-color":"","overlay-opacity":"","overlay-gradient":""},"tablet":{"background-color":"var(--ast-global-color-5)","background-image":"","background-repeat":"repeat","background-position":"center center","background-size":"auto","background-attachment":"scroll","background-type":"","background-media":"","overlay-type":"","overlay-color":"","overlay-opacity":"","overlay-gradient":""},"mobile":{"background-color":"var(--ast-global-color-5)","background-image":"","background-repeat":"repeat","background-position":"center center","background-size":"auto","background-attachment":"scroll","background-type":"","background-media":"","overlay-type":"","overlay-color":"","overlay-opacity":"","overlay-gradient":""}}},"product_brand":[],"product_cat":[104],"product_tag":[],"class_list":{"0":"post-44478","1":"product","2":"type-product","3":"status-publish","4":"has-post-thumbnail","6":"product_cat-vintage-kerzenstaender-windlicht","7":"pa_designer-sonstige","8":"pa_farbe-silber","9":"pa_material-metall","10":"pa_standort-zurich","11":"pa_stil-design","12":"desktop-align-left","13":"tablet-align-left","14":"mobile-align-left","16":"first","17":"outofstock","18":"sold-individually","19":"shipping-taxable","20":"purchasable","21":"product-type-simple"},"acf":[],"yoast_head":"<!-- This site is optimized with the Yoast SEO plugin v27.4 - https:\/\/yoast.com\/product\/yoast-seo-wordpress\/ -->\n<title>Kerzenst\u00e4nder Aluminium und Messing von David Marshall | Vintage M\u00f6bel kaufen auf KURATO.CH<\/title>\n<meta name=\"description\" content=\"Entdecke Vintage M\u00f6bel &amp; Dekoration \u27a4 Kerzenst\u00e4nder Aluminium und Messing von David Marshall auf Kurato. \u2713Lieferung Schweiz \u271314-Tage R\u00fcckgabe \u2713Secondhand Unikat\" \/>\n<meta name=\"robots\" content=\"index, follow, max-snippet:-1, max-image-preview:large, max-video-preview:-1\" \/>\n<link rel=\"canonical\" href=\"https:\/\/kurato.ch\/fr\/product\/kerzenstaender-aluminium-und-messing-von-david-marshall\/\" \/>\n<meta property=\"og:locale\" content=\"fr_FR\" \/>\n<meta property=\"og:type\" content=\"article\" \/>\n<meta property=\"og:title\" content=\"Kerzenst\u00e4nder Aluminium und Messing von David Marshall | Vintage M\u00f6bel kaufen auf KURATO.CH\" \/>\n<meta property=\"og:description\" content=\"Entdecke Vintage M\u00f6bel &amp; Dekoration \u27a4 Kerzenst\u00e4nder Aluminium und Messing von David Marshall auf Kurato. \u2713Lieferung Schweiz \u271314-Tage R\u00fcckgabe \u2713Secondhand Unikat\" \/>\n<meta property=\"og:url\" content=\"https:\/\/kurato.ch\/fr\/product\/kerzenstaender-aluminium-und-messing-von-david-marshall\/\" \/>\n<meta property=\"og:site_name\" content=\"Vintage M\u00f6bel &amp; Dekoration I Kurato\" \/>\n<meta property=\"article:publisher\" content=\"https:\/\/www.facebook.com\/kuratoswitzerland\" \/>\n<meta property=\"article:modified_time\" content=\"2023-11-17T10:10:56+00:00\" \/>\n<meta property=\"og:image\" content=\"https:\/\/kurato.ch\/wp-content\/uploads\/2023\/05\/Kerzensta\u0308nder-Aluminium-und-Messing-von-David-Marshall-vintage-occassion-gebraucht.jpg\" \/>\n\t<meta property=\"og:image:width\" content=\"800\" \/>\n\t<meta property=\"og:image:height\" content=\"800\" \/>\n\t<meta property=\"og:image:type\" content=\"image\/jpeg\" \/>\n<meta name=\"twitter:label1\" content=\"Dur\u00e9e de lecture estim\u00e9e\" \/>\n\t<meta name=\"twitter:data1\" content=\"1 minute\" \/>\n<script type=\"application\/ld+json\" class=\"yoast-schema-graph\">{\"@context\":\"https:\\\/\\\/schema.org\",\"@graph\":[{\"@type\":\"WebPage\",\"@id\":\"https:\\\/\\\/kurato.ch\\\/product\\\/kerzenstaender-aluminium-und-messing-von-david-marshall\\\/\",\"url\":\"https:\\\/\\\/kurato.ch\\\/product\\\/kerzenstaender-aluminium-und-messing-von-david-marshall\\\/\",\"name\":\"Kerzenst\u00e4nder Aluminium und Messing von David Marshall | Vintage M\u00f6bel kaufen auf KURATO.CH\",\"isPartOf\":{\"@id\":\"https:\\\/\\\/kurato.ch\\\/#website\"},\"primaryImageOfPage\":{\"@id\":\"https:\\\/\\\/kurato.ch\\\/product\\\/kerzenstaender-aluminium-und-messing-von-david-marshall\\\/#primaryimage\"},\"image\":{\"@id\":\"https:\\\/\\\/kurato.ch\\\/product\\\/kerzenstaender-aluminium-und-messing-von-david-marshall\\\/#primaryimage\"},\"thumbnailUrl\":\"https:\\\/\\\/kurato.ch\\\/wp-content\\\/uploads\\\/2023\\\/05\\\/Kerzensta\u0308nder-Aluminium-und-Messing-von-David-Marshall-vintage-occassion-gebraucht.jpg\",\"datePublished\":\"2023-05-01T12:52:37+00:00\",\"dateModified\":\"2023-11-17T10:10:56+00:00\",\"description\":\"Entdecke Vintage M\u00f6bel & Dekoration \u27a4 Kerzenst\u00e4nder Aluminium und Messing von David Marshall auf Kurato. \u2713Lieferung Schweiz \u271314-Tage R\u00fcckgabe \u2713Secondhand Unikat\",\"breadcrumb\":{\"@id\":\"https:\\\/\\\/kurato.ch\\\/product\\\/kerzenstaender-aluminium-und-messing-von-david-marshall\\\/#breadcrumb\"},\"inLanguage\":\"fr-FR\",\"potentialAction\":[{\"@type\":\"ReadAction\",\"target\":[\"https:\\\/\\\/kurato.ch\\\/product\\\/kerzenstaender-aluminium-und-messing-von-david-marshall\\\/\"]}]},{\"@type\":\"ImageObject\",\"inLanguage\":\"fr-FR\",\"@id\":\"https:\\\/\\\/kurato.ch\\\/product\\\/kerzenstaender-aluminium-und-messing-von-david-marshall\\\/#primaryimage\",\"url\":\"https:\\\/\\\/kurato.ch\\\/wp-content\\\/uploads\\\/2023\\\/05\\\/Kerzensta\u0308nder-Aluminium-und-Messing-von-David-Marshall-vintage-occassion-gebraucht.jpg\",\"contentUrl\":\"https:\\\/\\\/kurato.ch\\\/wp-content\\\/uploads\\\/2023\\\/05\\\/Kerzensta\u0308nder-Aluminium-und-Messing-von-David-Marshall-vintage-occassion-gebraucht.jpg\",\"width\":800,\"height\":800,\"caption\":\"Kerzenst\u00e4nder Aluminium und Messing von David Marshall\"},{\"@type\":\"BreadcrumbList\",\"@id\":\"https:\\\/\\\/kurato.ch\\\/product\\\/kerzenstaender-aluminium-und-messing-von-david-marshall\\\/#breadcrumb\",\"itemListElement\":[{\"@type\":\"ListItem\",\"position\":1,\"name\":\"Home\",\"item\":\"https:\\\/\\\/kurato.ch\\\/\"},{\"@type\":\"ListItem\",\"position\":2,\"name\":\"Neuheiten\",\"item\":\"https:\\\/\\\/kurato.ch\\\/neuheiten\\\/\"},{\"@type\":\"ListItem\",\"position\":3,\"name\":\"Kerzenst\u00e4nder Aluminium und Messing von David Marshall\"}]},{\"@type\":\"WebSite\",\"@id\":\"https:\\\/\\\/kurato.ch\\\/#website\",\"url\":\"https:\\\/\\\/kurato.ch\\\/\",\"name\":\"Vintage M\u00f6bel &amp; Dekoration I Kurato\",\"description\":\"Vintage M\u00f6bel &amp; Dekoration I Kurato\",\"publisher\":{\"@id\":\"https:\\\/\\\/kurato.ch\\\/#organization\"},\"potentialAction\":[{\"@type\":\"SearchAction\",\"target\":{\"@type\":\"EntryPoint\",\"urlTemplate\":\"https:\\\/\\\/kurato.ch\\\/?s={search_term_string}\"},\"query-input\":{\"@type\":\"PropertyValueSpecification\",\"valueRequired\":true,\"valueName\":\"search_term_string\"}}],\"inLanguage\":\"fr-FR\"},{\"@type\":\"Organization\",\"@id\":\"https:\\\/\\\/kurato.ch\\\/#organization\",\"name\":\"Kurato.\",\"url\":\"https:\\\/\\\/kurato.ch\\\/\",\"logo\":{\"@type\":\"ImageObject\",\"inLanguage\":\"fr-FR\",\"@id\":\"https:\\\/\\\/kurato.ch\\\/#\\\/schema\\\/logo\\\/image\\\/\",\"url\":\"\",\"contentUrl\":\"\",\"caption\":\"Kurato.\"},\"image\":{\"@id\":\"https:\\\/\\\/kurato.ch\\\/#\\\/schema\\\/logo\\\/image\\\/\"},\"sameAs\":[\"https:\\\/\\\/www.facebook.com\\\/kuratoswitzerland\",\"https:\\\/\\\/www.instagram.com\\\/kurato.ch\\\/\",\"https:\\\/\\\/www.pinterest.ch\\\/kurato_ch\\\/_created\\\/\"]}]}<\/script>\n<!-- \/ Yoast SEO plugin. -->","yoast_head_json":{"title":"Kerzenst\u00e4nder Aluminium und Messing von David Marshall | Vintage M\u00f6bel kaufen auf KURATO.CH","description":"Entdecke Vintage M\u00f6bel & Dekoration \u27a4 Kerzenst\u00e4nder Aluminium und Messing von David Marshall auf Kurato. \u2713Lieferung Schweiz \u271314-Tage R\u00fcckgabe \u2713Secondhand Unikat","robots":{"index":"index","follow":"follow","max-snippet":"max-snippet:-1","max-image-preview":"max-image-preview:large","max-video-preview":"max-video-preview:-1"},"canonical":"https:\/\/kurato.ch\/fr\/product\/kerzenstaender-aluminium-und-messing-von-david-marshall\/","og_locale":"fr_FR","og_type":"article","og_title":"Kerzenst\u00e4nder Aluminium und Messing von David Marshall | Vintage M\u00f6bel kaufen auf KURATO.CH","og_description":"Entdecke Vintage M\u00f6bel & Dekoration \u27a4 Kerzenst\u00e4nder Aluminium und Messing von David Marshall auf Kurato. \u2713Lieferung Schweiz \u271314-Tage R\u00fcckgabe \u2713Secondhand Unikat","og_url":"https:\/\/kurato.ch\/fr\/product\/kerzenstaender-aluminium-und-messing-von-david-marshall\/","og_site_name":"Vintage M\u00f6bel &amp; Dekoration I Kurato","article_publisher":"https:\/\/www.facebook.com\/kuratoswitzerland","article_modified_time":"2023-11-17T10:10:56+00:00","og_image":[{"width":800,"height":800,"url":"https:\/\/kurato.ch\/wp-content\/uploads\/2023\/05\/Kerzensta\u0308nder-Aluminium-und-Messing-von-David-Marshall-vintage-occassion-gebraucht.jpg","type":"image\/jpeg"}],"twitter_misc":{"Dur\u00e9e de lecture estim\u00e9e":"1 minute"},"schema":{"@context":"https:\/\/schema.org","@graph":[{"@type":"WebPage","@id":"https:\/\/kurato.ch\/product\/kerzenstaender-aluminium-und-messing-von-david-marshall\/","url":"https:\/\/kurato.ch\/product\/kerzenstaender-aluminium-und-messing-von-david-marshall\/","name":"Kerzenst\u00e4nder Aluminium und Messing von David Marshall | Vintage M\u00f6bel kaufen auf KURATO.CH","isPartOf":{"@id":"https:\/\/kurato.ch\/#website"},"primaryImageOfPage":{"@id":"https:\/\/kurato.ch\/product\/kerzenstaender-aluminium-und-messing-von-david-marshall\/#primaryimage"},"image":{"@id":"https:\/\/kurato.ch\/product\/kerzenstaender-aluminium-und-messing-von-david-marshall\/#primaryimage"},"thumbnailUrl":"https:\/\/kurato.ch\/wp-content\/uploads\/2023\/05\/Kerzensta\u0308nder-Aluminium-und-Messing-von-David-Marshall-vintage-occassion-gebraucht.jpg","datePublished":"2023-05-01T12:52:37+00:00","dateModified":"2023-11-17T10:10:56+00:00","description":"Entdecke Vintage M\u00f6bel & Dekoration \u27a4 Kerzenst\u00e4nder Aluminium und Messing von David Marshall auf Kurato. \u2713Lieferung Schweiz \u271314-Tage R\u00fcckgabe \u2713Secondhand Unikat","breadcrumb":{"@id":"https:\/\/kurato.ch\/product\/kerzenstaender-aluminium-und-messing-von-david-marshall\/#breadcrumb"},"inLanguage":"fr-FR","potentialAction":[{"@type":"ReadAction","target":["https:\/\/kurato.ch\/product\/kerzenstaender-aluminium-und-messing-von-david-marshall\/"]}]},{"@type":"ImageObject","inLanguage":"fr-FR","@id":"https:\/\/kurato.ch\/product\/kerzenstaender-aluminium-und-messing-von-david-marshall\/#primaryimage","url":"https:\/\/kurato.ch\/wp-content\/uploads\/2023\/05\/Kerzensta\u0308nder-Aluminium-und-Messing-von-David-Marshall-vintage-occassion-gebraucht.jpg","contentUrl":"https:\/\/kurato.ch\/wp-content\/uploads\/2023\/05\/Kerzensta\u0308nder-Aluminium-und-Messing-von-David-Marshall-vintage-occassion-gebraucht.jpg","width":800,"height":800,"caption":"Kerzenst\u00e4nder Aluminium und Messing von David Marshall"},{"@type":"BreadcrumbList","@id":"https:\/\/kurato.ch\/product\/kerzenstaender-aluminium-und-messing-von-david-marshall\/#breadcrumb","itemListElement":[{"@type":"ListItem","position":1,"name":"Home","item":"https:\/\/kurato.ch\/"},{"@type":"ListItem","position":2,"name":"Neuheiten","item":"https:\/\/kurato.ch\/neuheiten\/"},{"@type":"ListItem","position":3,"name":"Kerzenst\u00e4nder Aluminium und Messing von David Marshall"}]},{"@type":"WebSite","@id":"https:\/\/kurato.ch\/#website","url":"https:\/\/kurato.ch\/","name":"Meubles vintage &amp; d\u00e9coration I Kurato","description":"Meubles vintage &amp; d\u00e9coration I Kurato","publisher":{"@id":"https:\/\/kurato.ch\/#organization"},"potentialAction":[{"@type":"SearchAction","target":{"@type":"EntryPoint","urlTemplate":"https:\/\/kurato.ch\/?s={search_term_string}"},"query-input":{"@type":"PropertyValueSpecification","valueRequired":true,"valueName":"search_term_string"}}],"inLanguage":"fr-FR"},{"@type":"Organization","@id":"https:\/\/kurato.ch\/#organization","name":"Kurato.","url":"https:\/\/kurato.ch\/","logo":{"@type":"ImageObject","inLanguage":"fr-FR","@id":"https:\/\/kurato.ch\/#\/schema\/logo\/image\/","url":"","contentUrl":"","caption":"Kurato."},"image":{"@id":"https:\/\/kurato.ch\/#\/schema\/logo\/image\/"},"sameAs":["https:\/\/www.facebook.com\/kuratoswitzerland","https:\/\/www.instagram.com\/kurato.ch\/","https:\/\/www.pinterest.ch\/kurato_ch\/_created\/"]}]}},"_links":{"self":[{"href":"https:\/\/kurato.ch\/fr\/wp-json\/wp\/v2\/product\/44478","targetHints":{"allow":["GET"]}}],"collection":[{"href":"https:\/\/kurato.ch\/fr\/wp-json\/wp\/v2\/product"}],"about":[{"href":"https:\/\/kurato.ch\/fr\/wp-json\/wp\/v2\/types\/product"}],"wp:featuredmedia":[{"embeddable":true,"href":"https:\/\/kurato.ch\/fr\/wp-json\/wp\/v2\/media\/44521"}],"wp:attachment":[{"href":"https:\/\/kurato.ch\/fr\/wp-json\/wp\/v2\/media?parent=44478"}],"wp:term":[{"taxonomy":"product_brand","embeddable":true,"href":"https:\/\/kurato.ch\/fr\/wp-json\/wp\/v2\/product_brand?post=44478"},{"taxonomy":"product_cat","embeddable":true,"href":"https:\/\/kurato.ch\/fr\/wp-json\/wp\/v2\/product_cat?post=44478"},{"taxonomy":"product_tag","embeddable":true,"href":"https:\/\/kurato.ch\/fr\/wp-json\/wp\/v2\/product_tag?post=44478"}],"curies":[{"name":"wp","href":"https:\/\/api.w.org\/{rel}","templated":true}]}}