{"id":44837,"date":"2023-05-12T17:07:02","date_gmt":"2023-05-12T15:07:02","guid":{"rendered":"https:\/\/kurato.ch\/?post_type=product&#038;p=44837"},"modified":"2023-08-19T16:48:38","modified_gmt":"2023-08-19T14:48:38","slug":"haengelampe-bluetenblaetter-aus-perlmutt-60er","status":"publish","type":"product","link":"https:\/\/kurato.ch\/fr\/product\/haengelampe-bluetenblaetter-aus-perlmutt-60er\/","title":{"rendered":"Lampe \u00e0 suspendre P\u00e9tales de nacre ann\u00e9es 60"},"content":{"rendered":"<p>Lampe \u00e0 suspendre en forme de p\u00e9tales de fleurs des ann\u00e9es 60. Les p\u00e9tales de fleurs sont en nacre et sont d'un brun d\u00e9licat et sertis d'or. L'un des p\u00e9tales est l\u00e9g\u00e8rement endommag\u00e9 (voir photo).<\/p>\n<p>Douille E27.<\/p>","protected":false},"excerpt":{"rendered":"<p>H\u00e4ngelampe in Form von Blumenbl\u00e4ttern aus den 60er Jahren. Die Blumenbl\u00e4tter sind aus Perlmutt und in einem zarten Braun und in Gold gefasst. Eines der Bl\u00e4tter ist leicht besch\u00e4digt (siehe Bild). Fassung E27.<\/p>","protected":false},"featured_media":44843,"template":"","meta":{"_acf_changed":false,"site-sidebar-layout":"default","site-content-layout":"","ast-site-content-layout":"default","site-content-style":"default","site-sidebar-style":"default","ast-global-header-display":"","ast-banner-title-visibility":"","ast-main-header-display":"","ast-hfb-above-header-display":"","ast-hfb-below-header-display":"","ast-hfb-mobile-header-display":"","site-post-title":"","ast-breadcrumbs-content":"","ast-featured-img":"","footer-sml-layout":"","ast-disable-related-posts":"","theme-transparent-header-meta":"","adv-header-id-meta":"","stick-header-meta":"","header-above-stick-meta":"","header-main-stick-meta":"","header-below-stick-meta":"","astra-migrate-meta-layouts":"default","ast-page-background-enabled":"default","ast-page-background-meta":{"desktop":{"background-color":"","background-image":"","background-repeat":"repeat","background-position":"center center","background-size":"auto","background-attachment":"scroll","background-type":"","background-media":"","overlay-type":"","overlay-color":"","overlay-opacity":"","overlay-gradient":""},"tablet":{"background-color":"","background-image":"","background-repeat":"repeat","background-position":"center center","background-size":"auto","background-attachment":"scroll","background-type":"","background-media":"","overlay-type":"","overlay-color":"","overlay-opacity":"","overlay-gradient":""},"mobile":{"background-color":"","background-image":"","background-repeat":"repeat","background-position":"center center","background-size":"auto","background-attachment":"scroll","background-type":"","background-media":"","overlay-type":"","overlay-color":"","overlay-opacity":"","overlay-gradient":""}},"ast-content-background-meta":{"desktop":{"background-color":"var(--ast-global-color-5)","background-image":"","background-repeat":"repeat","background-position":"center center","background-size":"auto","background-attachment":"scroll","background-type":"","background-media":"","overlay-type":"","overlay-color":"","overlay-opacity":"","overlay-gradient":""},"tablet":{"background-color":"var(--ast-global-color-5)","background-image":"","background-repeat":"repeat","background-position":"center center","background-size":"auto","background-attachment":"scroll","background-type":"","background-media":"","overlay-type":"","overlay-color":"","overlay-opacity":"","overlay-gradient":""},"mobile":{"background-color":"var(--ast-global-color-5)","background-image":"","background-repeat":"repeat","background-position":"center center","background-size":"auto","background-attachment":"scroll","background-type":"","background-media":"","overlay-type":"","overlay-color":"","overlay-opacity":"","overlay-gradient":""}}},"product_brand":[],"product_cat":[63],"product_tag":[],"class_list":{"0":"post-44837","1":"product","2":"type-product","3":"status-publish","4":"has-post-thumbnail","6":"product_cat-haengelampe-leuchter","7":"pa_farbe-braun","8":"pa_material-fiberglas","9":"pa_standort-mittelland","10":"pa_stil-skandinavisch-mid-century","11":"desktop-align-left","12":"tablet-align-left","13":"mobile-align-left","15":"first","16":"outofstock","17":"sold-individually","18":"shipping-taxable","19":"purchasable","20":"product-type-simple"},"acf":[],"yoast_head":"<!-- This site is optimized with the Yoast SEO plugin v27.4 - https:\/\/yoast.com\/product\/yoast-seo-wordpress\/ -->\n<title>H\u00e4ngelampe Bl\u00fctenbl\u00e4tter aus Perlmutt 60er | Vintage M\u00f6bel kaufen auf KURATO.CH<\/title>\n<meta name=\"description\" content=\"Entdecke Vintage M\u00f6bel &amp; Dekoration \u27a4 H\u00e4ngelampe Bl\u00fctenbl\u00e4tter aus Perlmutt 60er auf Kurato. \u2713Lieferung Schweiz \u271314-Tage R\u00fcckgabe \u2713Secondhand Unikat\" \/>\n<meta name=\"robots\" content=\"index, follow, max-snippet:-1, max-image-preview:large, max-video-preview:-1\" \/>\n<link rel=\"canonical\" href=\"https:\/\/kurato.ch\/fr\/product\/haengelampe-bluetenblaetter-aus-perlmutt-60er\/\" \/>\n<meta property=\"og:locale\" content=\"fr_FR\" \/>\n<meta property=\"og:type\" content=\"article\" \/>\n<meta property=\"og:title\" content=\"H\u00e4ngelampe Bl\u00fctenbl\u00e4tter aus Perlmutt 60er | Vintage M\u00f6bel kaufen auf KURATO.CH\" \/>\n<meta property=\"og:description\" content=\"Entdecke Vintage M\u00f6bel &amp; Dekoration \u27a4 H\u00e4ngelampe Bl\u00fctenbl\u00e4tter aus Perlmutt 60er auf Kurato. \u2713Lieferung Schweiz \u271314-Tage R\u00fcckgabe \u2713Secondhand Unikat\" \/>\n<meta property=\"og:url\" content=\"https:\/\/kurato.ch\/fr\/product\/haengelampe-bluetenblaetter-aus-perlmutt-60er\/\" \/>\n<meta property=\"og:site_name\" content=\"Vintage M\u00f6bel &amp; Dekoration I Kurato\" \/>\n<meta property=\"article:publisher\" content=\"https:\/\/www.facebook.com\/kuratoswitzerland\" \/>\n<meta property=\"article:modified_time\" content=\"2023-08-19T14:48:38+00:00\" \/>\n<meta property=\"og:image\" content=\"https:\/\/kurato.ch\/wp-content\/uploads\/2023\/05\/Haengelampe-Bluetenblaetter-aus-Perlmutt-60er-vintage-secondhand-gebraucht-schweiz.jpg\" \/>\n\t<meta property=\"og:image:width\" content=\"800\" \/>\n\t<meta property=\"og:image:height\" content=\"800\" \/>\n\t<meta property=\"og:image:type\" content=\"image\/jpeg\" \/>\n<script type=\"application\/ld+json\" class=\"yoast-schema-graph\">{\"@context\":\"https:\\\/\\\/schema.org\",\"@graph\":[{\"@type\":\"WebPage\",\"@id\":\"https:\\\/\\\/kurato.ch\\\/product\\\/haengelampe-bluetenblaetter-aus-perlmutt-60er\\\/\",\"url\":\"https:\\\/\\\/kurato.ch\\\/product\\\/haengelampe-bluetenblaetter-aus-perlmutt-60er\\\/\",\"name\":\"H\u00e4ngelampe Bl\u00fctenbl\u00e4tter aus Perlmutt 60er | Vintage M\u00f6bel kaufen auf KURATO.CH\",\"isPartOf\":{\"@id\":\"https:\\\/\\\/kurato.ch\\\/#website\"},\"primaryImageOfPage\":{\"@id\":\"https:\\\/\\\/kurato.ch\\\/product\\\/haengelampe-bluetenblaetter-aus-perlmutt-60er\\\/#primaryimage\"},\"image\":{\"@id\":\"https:\\\/\\\/kurato.ch\\\/product\\\/haengelampe-bluetenblaetter-aus-perlmutt-60er\\\/#primaryimage\"},\"thumbnailUrl\":\"https:\\\/\\\/kurato.ch\\\/wp-content\\\/uploads\\\/2023\\\/05\\\/Haengelampe-Bluetenblaetter-aus-Perlmutt-60er-vintage-secondhand-gebraucht-schweiz.jpg\",\"datePublished\":\"2023-05-12T15:07:02+00:00\",\"dateModified\":\"2023-08-19T14:48:38+00:00\",\"description\":\"Entdecke Vintage M\u00f6bel & Dekoration \u27a4 H\u00e4ngelampe Bl\u00fctenbl\u00e4tter aus Perlmutt 60er auf Kurato. \u2713Lieferung Schweiz \u271314-Tage R\u00fcckgabe \u2713Secondhand Unikat\",\"breadcrumb\":{\"@id\":\"https:\\\/\\\/kurato.ch\\\/product\\\/haengelampe-bluetenblaetter-aus-perlmutt-60er\\\/#breadcrumb\"},\"inLanguage\":\"fr-FR\",\"potentialAction\":[{\"@type\":\"ReadAction\",\"target\":[\"https:\\\/\\\/kurato.ch\\\/product\\\/haengelampe-bluetenblaetter-aus-perlmutt-60er\\\/\"]}]},{\"@type\":\"ImageObject\",\"inLanguage\":\"fr-FR\",\"@id\":\"https:\\\/\\\/kurato.ch\\\/product\\\/haengelampe-bluetenblaetter-aus-perlmutt-60er\\\/#primaryimage\",\"url\":\"https:\\\/\\\/kurato.ch\\\/wp-content\\\/uploads\\\/2023\\\/05\\\/Haengelampe-Bluetenblaetter-aus-Perlmutt-60er-vintage-secondhand-gebraucht-schweiz.jpg\",\"contentUrl\":\"https:\\\/\\\/kurato.ch\\\/wp-content\\\/uploads\\\/2023\\\/05\\\/Haengelampe-Bluetenblaetter-aus-Perlmutt-60er-vintage-secondhand-gebraucht-schweiz.jpg\",\"width\":800,\"height\":800,\"caption\":\"H\u00e4ngelampe Bl\u00fctenbl\u00e4tter aus Perlmutt 60er\"},{\"@type\":\"BreadcrumbList\",\"@id\":\"https:\\\/\\\/kurato.ch\\\/product\\\/haengelampe-bluetenblaetter-aus-perlmutt-60er\\\/#breadcrumb\",\"itemListElement\":[{\"@type\":\"ListItem\",\"position\":1,\"name\":\"Home\",\"item\":\"https:\\\/\\\/kurato.ch\\\/\"},{\"@type\":\"ListItem\",\"position\":2,\"name\":\"Neuheiten\",\"item\":\"https:\\\/\\\/kurato.ch\\\/neuheiten\\\/\"},{\"@type\":\"ListItem\",\"position\":3,\"name\":\"H\u00e4ngelampe Bl\u00fctenbl\u00e4tter aus Perlmutt 60er\"}]},{\"@type\":\"WebSite\",\"@id\":\"https:\\\/\\\/kurato.ch\\\/#website\",\"url\":\"https:\\\/\\\/kurato.ch\\\/\",\"name\":\"Vintage M\u00f6bel &amp; Dekoration I Kurato\",\"description\":\"Vintage M\u00f6bel &amp; Dekoration I Kurato\",\"publisher\":{\"@id\":\"https:\\\/\\\/kurato.ch\\\/#organization\"},\"potentialAction\":[{\"@type\":\"SearchAction\",\"target\":{\"@type\":\"EntryPoint\",\"urlTemplate\":\"https:\\\/\\\/kurato.ch\\\/?s={search_term_string}\"},\"query-input\":{\"@type\":\"PropertyValueSpecification\",\"valueRequired\":true,\"valueName\":\"search_term_string\"}}],\"inLanguage\":\"fr-FR\"},{\"@type\":\"Organization\",\"@id\":\"https:\\\/\\\/kurato.ch\\\/#organization\",\"name\":\"Kurato.\",\"url\":\"https:\\\/\\\/kurato.ch\\\/\",\"logo\":{\"@type\":\"ImageObject\",\"inLanguage\":\"fr-FR\",\"@id\":\"https:\\\/\\\/kurato.ch\\\/#\\\/schema\\\/logo\\\/image\\\/\",\"url\":\"\",\"contentUrl\":\"\",\"caption\":\"Kurato.\"},\"image\":{\"@id\":\"https:\\\/\\\/kurato.ch\\\/#\\\/schema\\\/logo\\\/image\\\/\"},\"sameAs\":[\"https:\\\/\\\/www.facebook.com\\\/kuratoswitzerland\",\"https:\\\/\\\/www.instagram.com\\\/kurato.ch\\\/\",\"https:\\\/\\\/www.pinterest.ch\\\/kurato_ch\\\/_created\\\/\"]}]}<\/script>\n<!-- \/ Yoast SEO plugin. -->","yoast_head_json":{"title":"H\u00e4ngelampe Bl\u00fctenbl\u00e4tter aus Perlmutt 60er | Vintage M\u00f6bel kaufen auf KURATO.CH","description":"Entdecke Vintage M\u00f6bel & Dekoration \u27a4 H\u00e4ngelampe Bl\u00fctenbl\u00e4tter aus Perlmutt 60er auf Kurato. \u2713Lieferung Schweiz \u271314-Tage R\u00fcckgabe \u2713Secondhand Unikat","robots":{"index":"index","follow":"follow","max-snippet":"max-snippet:-1","max-image-preview":"max-image-preview:large","max-video-preview":"max-video-preview:-1"},"canonical":"https:\/\/kurato.ch\/fr\/product\/haengelampe-bluetenblaetter-aus-perlmutt-60er\/","og_locale":"fr_FR","og_type":"article","og_title":"H\u00e4ngelampe Bl\u00fctenbl\u00e4tter aus Perlmutt 60er | Vintage M\u00f6bel kaufen auf KURATO.CH","og_description":"Entdecke Vintage M\u00f6bel & Dekoration \u27a4 H\u00e4ngelampe Bl\u00fctenbl\u00e4tter aus Perlmutt 60er auf Kurato. \u2713Lieferung Schweiz \u271314-Tage R\u00fcckgabe \u2713Secondhand Unikat","og_url":"https:\/\/kurato.ch\/fr\/product\/haengelampe-bluetenblaetter-aus-perlmutt-60er\/","og_site_name":"Vintage M\u00f6bel &amp; Dekoration I Kurato","article_publisher":"https:\/\/www.facebook.com\/kuratoswitzerland","article_modified_time":"2023-08-19T14:48:38+00:00","og_image":[{"width":800,"height":800,"url":"https:\/\/kurato.ch\/wp-content\/uploads\/2023\/05\/Haengelampe-Bluetenblaetter-aus-Perlmutt-60er-vintage-secondhand-gebraucht-schweiz.jpg","type":"image\/jpeg"}],"schema":{"@context":"https:\/\/schema.org","@graph":[{"@type":"WebPage","@id":"https:\/\/kurato.ch\/product\/haengelampe-bluetenblaetter-aus-perlmutt-60er\/","url":"https:\/\/kurato.ch\/product\/haengelampe-bluetenblaetter-aus-perlmutt-60er\/","name":"H\u00e4ngelampe Bl\u00fctenbl\u00e4tter aus Perlmutt 60er | Vintage M\u00f6bel kaufen auf KURATO.CH","isPartOf":{"@id":"https:\/\/kurato.ch\/#website"},"primaryImageOfPage":{"@id":"https:\/\/kurato.ch\/product\/haengelampe-bluetenblaetter-aus-perlmutt-60er\/#primaryimage"},"image":{"@id":"https:\/\/kurato.ch\/product\/haengelampe-bluetenblaetter-aus-perlmutt-60er\/#primaryimage"},"thumbnailUrl":"https:\/\/kurato.ch\/wp-content\/uploads\/2023\/05\/Haengelampe-Bluetenblaetter-aus-Perlmutt-60er-vintage-secondhand-gebraucht-schweiz.jpg","datePublished":"2023-05-12T15:07:02+00:00","dateModified":"2023-08-19T14:48:38+00:00","description":"Entdecke Vintage M\u00f6bel & Dekoration \u27a4 H\u00e4ngelampe Bl\u00fctenbl\u00e4tter aus Perlmutt 60er auf Kurato. \u2713Lieferung Schweiz \u271314-Tage R\u00fcckgabe \u2713Secondhand Unikat","breadcrumb":{"@id":"https:\/\/kurato.ch\/product\/haengelampe-bluetenblaetter-aus-perlmutt-60er\/#breadcrumb"},"inLanguage":"fr-FR","potentialAction":[{"@type":"ReadAction","target":["https:\/\/kurato.ch\/product\/haengelampe-bluetenblaetter-aus-perlmutt-60er\/"]}]},{"@type":"ImageObject","inLanguage":"fr-FR","@id":"https:\/\/kurato.ch\/product\/haengelampe-bluetenblaetter-aus-perlmutt-60er\/#primaryimage","url":"https:\/\/kurato.ch\/wp-content\/uploads\/2023\/05\/Haengelampe-Bluetenblaetter-aus-Perlmutt-60er-vintage-secondhand-gebraucht-schweiz.jpg","contentUrl":"https:\/\/kurato.ch\/wp-content\/uploads\/2023\/05\/Haengelampe-Bluetenblaetter-aus-Perlmutt-60er-vintage-secondhand-gebraucht-schweiz.jpg","width":800,"height":800,"caption":"H\u00e4ngelampe Bl\u00fctenbl\u00e4tter aus Perlmutt 60er"},{"@type":"BreadcrumbList","@id":"https:\/\/kurato.ch\/product\/haengelampe-bluetenblaetter-aus-perlmutt-60er\/#breadcrumb","itemListElement":[{"@type":"ListItem","position":1,"name":"Home","item":"https:\/\/kurato.ch\/"},{"@type":"ListItem","position":2,"name":"Neuheiten","item":"https:\/\/kurato.ch\/neuheiten\/"},{"@type":"ListItem","position":3,"name":"H\u00e4ngelampe Bl\u00fctenbl\u00e4tter aus Perlmutt 60er"}]},{"@type":"WebSite","@id":"https:\/\/kurato.ch\/#website","url":"https:\/\/kurato.ch\/","name":"Meubles vintage &amp; d\u00e9coration I Kurato","description":"Meubles vintage &amp; d\u00e9coration I Kurato","publisher":{"@id":"https:\/\/kurato.ch\/#organization"},"potentialAction":[{"@type":"SearchAction","target":{"@type":"EntryPoint","urlTemplate":"https:\/\/kurato.ch\/?s={search_term_string}"},"query-input":{"@type":"PropertyValueSpecification","valueRequired":true,"valueName":"search_term_string"}}],"inLanguage":"fr-FR"},{"@type":"Organization","@id":"https:\/\/kurato.ch\/#organization","name":"Kurato.","url":"https:\/\/kurato.ch\/","logo":{"@type":"ImageObject","inLanguage":"fr-FR","@id":"https:\/\/kurato.ch\/#\/schema\/logo\/image\/","url":"","contentUrl":"","caption":"Kurato."},"image":{"@id":"https:\/\/kurato.ch\/#\/schema\/logo\/image\/"},"sameAs":["https:\/\/www.facebook.com\/kuratoswitzerland","https:\/\/www.instagram.com\/kurato.ch\/","https:\/\/www.pinterest.ch\/kurato_ch\/_created\/"]}]}},"_links":{"self":[{"href":"https:\/\/kurato.ch\/fr\/wp-json\/wp\/v2\/product\/44837","targetHints":{"allow":["GET"]}}],"collection":[{"href":"https:\/\/kurato.ch\/fr\/wp-json\/wp\/v2\/product"}],"about":[{"href":"https:\/\/kurato.ch\/fr\/wp-json\/wp\/v2\/types\/product"}],"wp:featuredmedia":[{"embeddable":true,"href":"https:\/\/kurato.ch\/fr\/wp-json\/wp\/v2\/media\/44843"}],"wp:attachment":[{"href":"https:\/\/kurato.ch\/fr\/wp-json\/wp\/v2\/media?parent=44837"}],"wp:term":[{"taxonomy":"product_brand","embeddable":true,"href":"https:\/\/kurato.ch\/fr\/wp-json\/wp\/v2\/product_brand?post=44837"},{"taxonomy":"product_cat","embeddable":true,"href":"https:\/\/kurato.ch\/fr\/wp-json\/wp\/v2\/product_cat?post=44837"},{"taxonomy":"product_tag","embeddable":true,"href":"https:\/\/kurato.ch\/fr\/wp-json\/wp\/v2\/product_tag?post=44837"}],"curies":[{"name":"wp","href":"https:\/\/api.w.org\/{rel}","templated":true}]}}