{"id":45531,"date":"2023-06-03T09:34:17","date_gmt":"2023-06-03T07:34:17","guid":{"rendered":"https:\/\/kurato.ch\/?post_type=product&#038;p=45531"},"modified":"2023-10-04T11:02:26","modified_gmt":"2023-10-04T09:02:26","slug":"roche-bobois-profile-sofa-und-schaukelstuhl","status":"publish","type":"product","link":"https:\/\/kurato.ch\/fr\/product\/roche-bobois-profile-sofa-und-schaukelstuhl\/","title":{"rendered":"Roche Bobois &#8222;Profile&#8220; Sofa und Schaukelstuhl"},"content":{"rendered":"<p>Nous vendons notre canap\u00e9 Profile 2,5 places (199cm) et son fauteuil \u00e0 bascule assorti, de couleur vieux rose, de Roche Bobois.<\/p>\n<p>Les pi\u00e8ces de designer ont \u00e9t\u00e9 command\u00e9es directement au magasin de Munich. Ils sont rest\u00e9s 3 ans dans notre appartement de Bogenhausen, et n'ont \u00e9t\u00e9 que rarement utilis\u00e9s. L'ann\u00e9e derni\u00e8re, elles ont \u00e9t\u00e9 stock\u00e9es entre-temps et actuellement, elles se trouvent ici dans notre appartement en Suisse.<br \/>Ils sont en parfait \u00e9tat, bien entretenus, intemporels et attirent tous les regards.<br \/>Malheureusement, ils ne correspondent plus \u00e0 notre style d'am\u00e9nagement ici en Suisse, c'est pourquoi nous avons d\u00e9cid\u00e9 de les c\u00e9der. La facture originale et la preuve d'achat sont disponibles. Ils peuvent \u00eatre vendus s\u00e9par\u00e9ment.<\/p>","protected":false},"excerpt":{"rendered":"<p>Wir verkaufen unser Profile 2,5 Sitzer Sofa (199cm) und den dazu passenden Schaukelstuhl in der Farbe Altrosa von Roche Bobois. Die Designerst\u00fccke sind direkt im Store in M\u00fcnchen bestellt worden. Sie standen 3 Jahre in unserer Wohnung in Bogenhausen, und wurden nur selten benutzt. Das letzte Jahr wurden sie zwischen gelagert und aktuell stehen sie [&hellip;]<\/p>\n","protected":false},"featured_media":45542,"template":"","meta":{"_acf_changed":false,"site-sidebar-layout":"default","site-content-layout":"default","ast-site-content-layout":"default","site-content-style":"default","site-sidebar-style":"default","ast-global-header-display":"","ast-banner-title-visibility":"","ast-main-header-display":"","ast-hfb-above-header-display":"","ast-hfb-below-header-display":"","ast-hfb-mobile-header-display":"","site-post-title":"","ast-breadcrumbs-content":"","ast-featured-img":"","footer-sml-layout":"","ast-disable-related-posts":"","theme-transparent-header-meta":"default","adv-header-id-meta":"","stick-header-meta":"default","header-above-stick-meta":"","header-main-stick-meta":"","header-below-stick-meta":"","astra-migrate-meta-layouts":"default","ast-page-background-enabled":"default","ast-page-background-meta":{"desktop":{"background-color":"","background-image":"","background-repeat":"repeat","background-position":"center center","background-size":"auto","background-attachment":"scroll","background-type":"","background-media":"","overlay-type":"","overlay-color":"","overlay-opacity":"","overlay-gradient":""},"tablet":{"background-color":"","background-image":"","background-repeat":"repeat","background-position":"center center","background-size":"auto","background-attachment":"scroll","background-type":"","background-media":"","overlay-type":"","overlay-color":"","overlay-opacity":"","overlay-gradient":""},"mobile":{"background-color":"","background-image":"","background-repeat":"repeat","background-position":"center center","background-size":"auto","background-attachment":"scroll","background-type":"","background-media":"","overlay-type":"","overlay-color":"","overlay-opacity":"","overlay-gradient":""}},"ast-content-background-meta":{"desktop":{"background-color":"var(--ast-global-color-5)","background-image":"","background-repeat":"repeat","background-position":"center center","background-size":"auto","background-attachment":"scroll","background-type":"","background-media":"","overlay-type":"","overlay-color":"","overlay-opacity":"","overlay-gradient":""},"tablet":{"background-color":"var(--ast-global-color-5)","background-image":"","background-repeat":"repeat","background-position":"center center","background-size":"auto","background-attachment":"scroll","background-type":"","background-media":"","overlay-type":"","overlay-color":"","overlay-opacity":"","overlay-gradient":""},"mobile":{"background-color":"var(--ast-global-color-5)","background-image":"","background-repeat":"repeat","background-position":"center center","background-size":"auto","background-attachment":"scroll","background-type":"","background-media":"","overlay-type":"","overlay-color":"","overlay-opacity":"","overlay-gradient":""}}},"product_brand":[],"product_cat":[158,154,156],"product_tag":[],"class_list":{"0":"post-45531","1":"product","2":"type-product","3":"status-publish","4":"has-post-thumbnail","6":"product_cat-3-sitzer","7":"product_cat-vintage-schaukelstuhl","8":"product_cat-vintage-sofas-sitzbank","9":"pa_designer-roche-bobois","10":"pa_farbe-rosa","11":"pa_material-samt","12":"pa_standort-ostschweiz","13":"pa_stil-zeitgenossisch","14":"desktop-align-left","15":"tablet-align-left","16":"mobile-align-left","18":"first","19":"instock","20":"shipping-taxable","21":"purchasable","22":"product-type-simple"},"acf":[],"yoast_head":"<!-- This site is optimized with the Yoast SEO plugin v27.4 - https:\/\/yoast.com\/product\/yoast-seo-wordpress\/ -->\n<title>Roche Bobois &quot;Profile&quot; Sofa und Schaukelstuhl | Vintage M\u00f6bel kaufen auf KURATO.CH<\/title>\n<meta name=\"description\" content=\"Entdecke Vintage M\u00f6bel &amp; Dekoration \u27a4 Roche Bobois &quot;Profile&quot; Sofa und Schaukelstuhl auf Kurato. \u2713Lieferung Schweiz \u271314-Tage R\u00fcckgabe \u2713Secondhand Unikat\" \/>\n<meta name=\"robots\" content=\"index, follow, max-snippet:-1, max-image-preview:large, max-video-preview:-1\" \/>\n<link rel=\"canonical\" href=\"https:\/\/kurato.ch\/fr\/product\/roche-bobois-profile-sofa-und-schaukelstuhl\/\" \/>\n<meta property=\"og:locale\" content=\"fr_FR\" \/>\n<meta property=\"og:type\" content=\"article\" \/>\n<meta property=\"og:title\" content=\"Roche Bobois &quot;Profile&quot; Sofa und Schaukelstuhl | Vintage M\u00f6bel kaufen auf KURATO.CH\" \/>\n<meta property=\"og:description\" content=\"Entdecke Vintage M\u00f6bel &amp; Dekoration \u27a4 Roche Bobois &quot;Profile&quot; Sofa und Schaukelstuhl auf Kurato. \u2713Lieferung Schweiz \u271314-Tage R\u00fcckgabe \u2713Secondhand Unikat\" \/>\n<meta property=\"og:url\" content=\"https:\/\/kurato.ch\/fr\/product\/roche-bobois-profile-sofa-und-schaukelstuhl\/\" \/>\n<meta property=\"og:site_name\" content=\"Vintage M\u00f6bel &amp; Dekoration I Kurato\" \/>\n<meta property=\"article:publisher\" content=\"https:\/\/www.facebook.com\/kuratoswitzerland\" \/>\n<meta property=\"article:modified_time\" content=\"2023-10-04T09:02:26+00:00\" \/>\n<meta property=\"og:image\" content=\"https:\/\/kurato.ch\/wp-content\/uploads\/2023\/06\/Roche-Bobois-22Profile22-Sofa-und-Schaukelstuh-vintage-secondhand-gebraucht-schweiz.jpg\" \/>\n\t<meta property=\"og:image:width\" content=\"800\" \/>\n\t<meta property=\"og:image:height\" content=\"800\" \/>\n\t<meta property=\"og:image:type\" content=\"image\/jpeg\" \/>\n<meta name=\"twitter:label1\" content=\"Dur\u00e9e de lecture estim\u00e9e\" \/>\n\t<meta name=\"twitter:data1\" content=\"1 minute\" \/>\n<script type=\"application\/ld+json\" class=\"yoast-schema-graph\">{\"@context\":\"https:\\\/\\\/schema.org\",\"@graph\":[{\"@type\":\"WebPage\",\"@id\":\"https:\\\/\\\/kurato.ch\\\/product\\\/roche-bobois-profile-sofa-und-schaukelstuhl\\\/\",\"url\":\"https:\\\/\\\/kurato.ch\\\/product\\\/roche-bobois-profile-sofa-und-schaukelstuhl\\\/\",\"name\":\"Roche Bobois \\\"Profile\\\" Sofa und Schaukelstuhl | Vintage M\u00f6bel kaufen auf KURATO.CH\",\"isPartOf\":{\"@id\":\"https:\\\/\\\/kurato.ch\\\/#website\"},\"primaryImageOfPage\":{\"@id\":\"https:\\\/\\\/kurato.ch\\\/product\\\/roche-bobois-profile-sofa-und-schaukelstuhl\\\/#primaryimage\"},\"image\":{\"@id\":\"https:\\\/\\\/kurato.ch\\\/product\\\/roche-bobois-profile-sofa-und-schaukelstuhl\\\/#primaryimage\"},\"thumbnailUrl\":\"https:\\\/\\\/kurato.ch\\\/wp-content\\\/uploads\\\/2023\\\/06\\\/Roche-Bobois-22Profile22-Sofa-und-Schaukelstuh-vintage-secondhand-gebraucht-schweiz.jpg\",\"datePublished\":\"2023-06-03T07:34:17+00:00\",\"dateModified\":\"2023-10-04T09:02:26+00:00\",\"description\":\"Entdecke Vintage M\u00f6bel & Dekoration \u27a4 Roche Bobois \\\"Profile\\\" Sofa und Schaukelstuhl auf Kurato. \u2713Lieferung Schweiz \u271314-Tage R\u00fcckgabe \u2713Secondhand Unikat\",\"breadcrumb\":{\"@id\":\"https:\\\/\\\/kurato.ch\\\/product\\\/roche-bobois-profile-sofa-und-schaukelstuhl\\\/#breadcrumb\"},\"inLanguage\":\"fr-FR\",\"potentialAction\":[{\"@type\":\"ReadAction\",\"target\":[\"https:\\\/\\\/kurato.ch\\\/product\\\/roche-bobois-profile-sofa-und-schaukelstuhl\\\/\"]}]},{\"@type\":\"ImageObject\",\"inLanguage\":\"fr-FR\",\"@id\":\"https:\\\/\\\/kurato.ch\\\/product\\\/roche-bobois-profile-sofa-und-schaukelstuhl\\\/#primaryimage\",\"url\":\"https:\\\/\\\/kurato.ch\\\/wp-content\\\/uploads\\\/2023\\\/06\\\/Roche-Bobois-22Profile22-Sofa-und-Schaukelstuh-vintage-secondhand-gebraucht-schweiz.jpg\",\"contentUrl\":\"https:\\\/\\\/kurato.ch\\\/wp-content\\\/uploads\\\/2023\\\/06\\\/Roche-Bobois-22Profile22-Sofa-und-Schaukelstuh-vintage-secondhand-gebraucht-schweiz.jpg\",\"width\":800,\"height\":800,\"caption\":\"Roche Bobois \\\"Profile\\\" Sofa und Schaukelstuhl\"},{\"@type\":\"BreadcrumbList\",\"@id\":\"https:\\\/\\\/kurato.ch\\\/product\\\/roche-bobois-profile-sofa-und-schaukelstuhl\\\/#breadcrumb\",\"itemListElement\":[{\"@type\":\"ListItem\",\"position\":1,\"name\":\"Home\",\"item\":\"https:\\\/\\\/kurato.ch\\\/\"},{\"@type\":\"ListItem\",\"position\":2,\"name\":\"Neuheiten\",\"item\":\"https:\\\/\\\/kurato.ch\\\/neuheiten\\\/\"},{\"@type\":\"ListItem\",\"position\":3,\"name\":\"Roche Bobois &#8220;Profile&#8221; Sofa und Schaukelstuhl\"}]},{\"@type\":\"WebSite\",\"@id\":\"https:\\\/\\\/kurato.ch\\\/#website\",\"url\":\"https:\\\/\\\/kurato.ch\\\/\",\"name\":\"Vintage M\u00f6bel &amp; Dekoration I Kurato\",\"description\":\"Vintage M\u00f6bel &amp; Dekoration I Kurato\",\"publisher\":{\"@id\":\"https:\\\/\\\/kurato.ch\\\/#organization\"},\"potentialAction\":[{\"@type\":\"SearchAction\",\"target\":{\"@type\":\"EntryPoint\",\"urlTemplate\":\"https:\\\/\\\/kurato.ch\\\/?s={search_term_string}\"},\"query-input\":{\"@type\":\"PropertyValueSpecification\",\"valueRequired\":true,\"valueName\":\"search_term_string\"}}],\"inLanguage\":\"fr-FR\"},{\"@type\":\"Organization\",\"@id\":\"https:\\\/\\\/kurato.ch\\\/#organization\",\"name\":\"Kurato.\",\"url\":\"https:\\\/\\\/kurato.ch\\\/\",\"logo\":{\"@type\":\"ImageObject\",\"inLanguage\":\"fr-FR\",\"@id\":\"https:\\\/\\\/kurato.ch\\\/#\\\/schema\\\/logo\\\/image\\\/\",\"url\":\"\",\"contentUrl\":\"\",\"caption\":\"Kurato.\"},\"image\":{\"@id\":\"https:\\\/\\\/kurato.ch\\\/#\\\/schema\\\/logo\\\/image\\\/\"},\"sameAs\":[\"https:\\\/\\\/www.facebook.com\\\/kuratoswitzerland\",\"https:\\\/\\\/www.instagram.com\\\/kurato.ch\\\/\",\"https:\\\/\\\/www.pinterest.ch\\\/kurato_ch\\\/_created\\\/\"]}]}<\/script>\n<!-- \/ Yoast SEO plugin. -->","yoast_head_json":{"title":"Roche Bobois \"Profile\" Sofa und Schaukelstuhl | Vintage M\u00f6bel kaufen auf KURATO.CH","description":"Entdecke Vintage M\u00f6bel & Dekoration \u27a4 Roche Bobois \"Profile\" Sofa und Schaukelstuhl auf Kurato. \u2713Lieferung Schweiz \u271314-Tage R\u00fcckgabe \u2713Secondhand Unikat","robots":{"index":"index","follow":"follow","max-snippet":"max-snippet:-1","max-image-preview":"max-image-preview:large","max-video-preview":"max-video-preview:-1"},"canonical":"https:\/\/kurato.ch\/fr\/product\/roche-bobois-profile-sofa-und-schaukelstuhl\/","og_locale":"fr_FR","og_type":"article","og_title":"Roche Bobois \"Profile\" Sofa und Schaukelstuhl | Vintage M\u00f6bel kaufen auf KURATO.CH","og_description":"Entdecke Vintage M\u00f6bel & Dekoration \u27a4 Roche Bobois \"Profile\" Sofa und Schaukelstuhl auf Kurato. \u2713Lieferung Schweiz \u271314-Tage R\u00fcckgabe \u2713Secondhand Unikat","og_url":"https:\/\/kurato.ch\/fr\/product\/roche-bobois-profile-sofa-und-schaukelstuhl\/","og_site_name":"Vintage M\u00f6bel &amp; Dekoration I Kurato","article_publisher":"https:\/\/www.facebook.com\/kuratoswitzerland","article_modified_time":"2023-10-04T09:02:26+00:00","og_image":[{"width":800,"height":800,"url":"https:\/\/kurato.ch\/wp-content\/uploads\/2023\/06\/Roche-Bobois-22Profile22-Sofa-und-Schaukelstuh-vintage-secondhand-gebraucht-schweiz.jpg","type":"image\/jpeg"}],"twitter_misc":{"Dur\u00e9e de lecture estim\u00e9e":"1 minute"},"schema":{"@context":"https:\/\/schema.org","@graph":[{"@type":"WebPage","@id":"https:\/\/kurato.ch\/product\/roche-bobois-profile-sofa-und-schaukelstuhl\/","url":"https:\/\/kurato.ch\/product\/roche-bobois-profile-sofa-und-schaukelstuhl\/","name":"Roche Bobois \"Profile\" Sofa und Schaukelstuhl | Vintage M\u00f6bel kaufen auf KURATO.CH","isPartOf":{"@id":"https:\/\/kurato.ch\/#website"},"primaryImageOfPage":{"@id":"https:\/\/kurato.ch\/product\/roche-bobois-profile-sofa-und-schaukelstuhl\/#primaryimage"},"image":{"@id":"https:\/\/kurato.ch\/product\/roche-bobois-profile-sofa-und-schaukelstuhl\/#primaryimage"},"thumbnailUrl":"https:\/\/kurato.ch\/wp-content\/uploads\/2023\/06\/Roche-Bobois-22Profile22-Sofa-und-Schaukelstuh-vintage-secondhand-gebraucht-schweiz.jpg","datePublished":"2023-06-03T07:34:17+00:00","dateModified":"2023-10-04T09:02:26+00:00","description":"Entdecke Vintage M\u00f6bel & Dekoration \u27a4 Roche Bobois \"Profile\" Sofa und Schaukelstuhl auf Kurato. \u2713Lieferung Schweiz \u271314-Tage R\u00fcckgabe \u2713Secondhand Unikat","breadcrumb":{"@id":"https:\/\/kurato.ch\/product\/roche-bobois-profile-sofa-und-schaukelstuhl\/#breadcrumb"},"inLanguage":"fr-FR","potentialAction":[{"@type":"ReadAction","target":["https:\/\/kurato.ch\/product\/roche-bobois-profile-sofa-und-schaukelstuhl\/"]}]},{"@type":"ImageObject","inLanguage":"fr-FR","@id":"https:\/\/kurato.ch\/product\/roche-bobois-profile-sofa-und-schaukelstuhl\/#primaryimage","url":"https:\/\/kurato.ch\/wp-content\/uploads\/2023\/06\/Roche-Bobois-22Profile22-Sofa-und-Schaukelstuh-vintage-secondhand-gebraucht-schweiz.jpg","contentUrl":"https:\/\/kurato.ch\/wp-content\/uploads\/2023\/06\/Roche-Bobois-22Profile22-Sofa-und-Schaukelstuh-vintage-secondhand-gebraucht-schweiz.jpg","width":800,"height":800,"caption":"Roche Bobois \"Profile\" Sofa und Schaukelstuhl"},{"@type":"BreadcrumbList","@id":"https:\/\/kurato.ch\/product\/roche-bobois-profile-sofa-und-schaukelstuhl\/#breadcrumb","itemListElement":[{"@type":"ListItem","position":1,"name":"Home","item":"https:\/\/kurato.ch\/"},{"@type":"ListItem","position":2,"name":"Neuheiten","item":"https:\/\/kurato.ch\/neuheiten\/"},{"@type":"ListItem","position":3,"name":"Roche Bobois &#8220;Profile&#8221; Sofa und Schaukelstuhl"}]},{"@type":"WebSite","@id":"https:\/\/kurato.ch\/#website","url":"https:\/\/kurato.ch\/","name":"Meubles vintage &amp; d\u00e9coration I Kurato","description":"Meubles vintage &amp; d\u00e9coration I Kurato","publisher":{"@id":"https:\/\/kurato.ch\/#organization"},"potentialAction":[{"@type":"SearchAction","target":{"@type":"EntryPoint","urlTemplate":"https:\/\/kurato.ch\/?s={search_term_string}"},"query-input":{"@type":"PropertyValueSpecification","valueRequired":true,"valueName":"search_term_string"}}],"inLanguage":"fr-FR"},{"@type":"Organization","@id":"https:\/\/kurato.ch\/#organization","name":"Kurato.","url":"https:\/\/kurato.ch\/","logo":{"@type":"ImageObject","inLanguage":"fr-FR","@id":"https:\/\/kurato.ch\/#\/schema\/logo\/image\/","url":"","contentUrl":"","caption":"Kurato."},"image":{"@id":"https:\/\/kurato.ch\/#\/schema\/logo\/image\/"},"sameAs":["https:\/\/www.facebook.com\/kuratoswitzerland","https:\/\/www.instagram.com\/kurato.ch\/","https:\/\/www.pinterest.ch\/kurato_ch\/_created\/"]}]}},"_links":{"self":[{"href":"https:\/\/kurato.ch\/fr\/wp-json\/wp\/v2\/product\/45531","targetHints":{"allow":["GET"]}}],"collection":[{"href":"https:\/\/kurato.ch\/fr\/wp-json\/wp\/v2\/product"}],"about":[{"href":"https:\/\/kurato.ch\/fr\/wp-json\/wp\/v2\/types\/product"}],"wp:featuredmedia":[{"embeddable":true,"href":"https:\/\/kurato.ch\/fr\/wp-json\/wp\/v2\/media\/45542"}],"wp:attachment":[{"href":"https:\/\/kurato.ch\/fr\/wp-json\/wp\/v2\/media?parent=45531"}],"wp:term":[{"taxonomy":"product_brand","embeddable":true,"href":"https:\/\/kurato.ch\/fr\/wp-json\/wp\/v2\/product_brand?post=45531"},{"taxonomy":"product_cat","embeddable":true,"href":"https:\/\/kurato.ch\/fr\/wp-json\/wp\/v2\/product_cat?post=45531"},{"taxonomy":"product_tag","embeddable":true,"href":"https:\/\/kurato.ch\/fr\/wp-json\/wp\/v2\/product_tag?post=45531"}],"curies":[{"name":"wp","href":"https:\/\/api.w.org\/{rel}","templated":true}]}}