{"id":46758,"date":"2023-07-09T21:54:44","date_gmt":"2023-07-09T19:54:44","guid":{"rendered":"https:\/\/kurato.ch\/?post_type=product&#038;p=46758"},"modified":"2024-02-12T20:52:12","modified_gmt":"2024-02-12T18:52:12","slug":"besteckset-christofle-albi-voll-versilbert-8-pers","status":"publish","type":"product","link":"https:\/\/kurato.ch\/fr\/product\/besteckset-christofle-albi-voll-versilbert-8-pers\/","title":{"rendered":"Besteckset Christofle &#8222;Albi&#8220;, voll versilbert 8 Pers."},"content":{"rendered":"<p>Klassisch-modernes Besteckset von Christofle, Design &#8222;Albi&#8220;, f\u00fcr 8 Personen, hochwertig versilbert. 8 Tafelbestecke Messer, Gabel, Suppenl\u00f6ffel, 8 Vorspeisenbestecke Messer, Gabel, 8 Dessertl\u00f6ffel, 8 Teel\u00f6ffel, 8 Mokkal\u00f6ffel, 7 Kuchengabeln. Servierbesteck: 1 Sch\u00f6pfl\u00f6ffel, 1 Buttermesser, 1 Aufschnittgabel. Aus 90er Jahren, leichtere normale\u00a0 Gebrauchsspuren. Buttermesser mit Kratzer auf Klinge. Leider fehlt 1 Kuchengabel, diese ist aber im Handel erh\u00e4ltlich.<\/p>","protected":false},"excerpt":{"rendered":"<p>Klassisch-modernes Besteckset von Christofle, Design &#8222;Albi&#8220;, f\u00fcr 8 Personen, hochwertig versilbert. 8 Tafelbestecke Messer, Gabel, Suppenl\u00f6ffel, 8 Vorspeisenbestecke Messer, Gabel, 8 Dessertl\u00f6ffel, 8 Teel\u00f6ffel, 8 Mokkal\u00f6ffel, 7 Kuchengabeln. Servierbesteck: 1 Sch\u00f6pfl\u00f6ffel, 1 Buttermesser, 1 Aufschnittgabel. Aus 90er Jahren, leichtere normale\u00a0 Gebrauchsspuren. Buttermesser mit Kratzer auf Klinge. Leider fehlt 1 Kuchengabel, diese ist aber im Handel [&hellip;]<\/p>\n","protected":false},"featured_media":46764,"template":"","meta":{"_acf_changed":false,"site-sidebar-layout":"default","site-content-layout":"","ast-site-content-layout":"default","site-content-style":"default","site-sidebar-style":"default","ast-global-header-display":"","ast-banner-title-visibility":"","ast-main-header-display":"","ast-hfb-above-header-display":"","ast-hfb-below-header-display":"","ast-hfb-mobile-header-display":"","site-post-title":"","ast-breadcrumbs-content":"","ast-featured-img":"","footer-sml-layout":"","ast-disable-related-posts":"","theme-transparent-header-meta":"","adv-header-id-meta":"","stick-header-meta":"","header-above-stick-meta":"","header-main-stick-meta":"","header-below-stick-meta":"","astra-migrate-meta-layouts":"default","ast-page-background-enabled":"default","ast-page-background-meta":{"desktop":{"background-color":"","background-image":"","background-repeat":"repeat","background-position":"center center","background-size":"auto","background-attachment":"scroll","background-type":"","background-media":"","overlay-type":"","overlay-color":"","overlay-opacity":"","overlay-gradient":""},"tablet":{"background-color":"","background-image":"","background-repeat":"repeat","background-position":"center center","background-size":"auto","background-attachment":"scroll","background-type":"","background-media":"","overlay-type":"","overlay-color":"","overlay-opacity":"","overlay-gradient":""},"mobile":{"background-color":"","background-image":"","background-repeat":"repeat","background-position":"center center","background-size":"auto","background-attachment":"scroll","background-type":"","background-media":"","overlay-type":"","overlay-color":"","overlay-opacity":"","overlay-gradient":""}},"ast-content-background-meta":{"desktop":{"background-color":"var(--ast-global-color-5)","background-image":"","background-repeat":"repeat","background-position":"center center","background-size":"auto","background-attachment":"scroll","background-type":"","background-media":"","overlay-type":"","overlay-color":"","overlay-opacity":"","overlay-gradient":""},"tablet":{"background-color":"var(--ast-global-color-5)","background-image":"","background-repeat":"repeat","background-position":"center center","background-size":"auto","background-attachment":"scroll","background-type":"","background-media":"","overlay-type":"","overlay-color":"","overlay-opacity":"","overlay-gradient":""},"mobile":{"background-color":"var(--ast-global-color-5)","background-image":"","background-repeat":"repeat","background-position":"center center","background-size":"auto","background-attachment":"scroll","background-type":"","background-media":"","overlay-type":"","overlay-color":"","overlay-opacity":"","overlay-gradient":""}}},"product_brand":[],"product_cat":[426],"product_tag":[],"class_list":{"0":"post-46758","1":"product","2":"type-product","3":"status-publish","4":"has-post-thumbnail","6":"product_cat-vintage-besteckset","7":"pa_farbe-silber","8":"pa_material-chromstahl","9":"pa_standort-mittelland","10":"pa_stil-klassisch","11":"desktop-align-left","12":"tablet-align-left","13":"mobile-align-left","15":"first","16":"instock","17":"sold-individually","18":"shipping-taxable","19":"purchasable","20":"product-type-simple"},"acf":[],"yoast_head":"<!-- This site is optimized with the Yoast SEO plugin v27.3 - https:\/\/yoast.com\/product\/yoast-seo-wordpress\/ -->\n<title>Besteckset Christofle &quot;Albi&quot;, voll versilbert 8 Pers. | Vintage M\u00f6bel kaufen auf KURATO.CH<\/title>\n<meta name=\"description\" content=\"Entdecke Vintage M\u00f6bel &amp; Dekoration \u27a4 Besteckset Christofle &quot;Albi&quot;, voll versilbert 8 Pers. auf Kurato. \u2713Lieferung Schweiz \u271314-Tage R\u00fcckgabe \u2713Secondhand Unikat\" \/>\n<meta name=\"robots\" content=\"index, follow, max-snippet:-1, max-image-preview:large, max-video-preview:-1\" \/>\n<link rel=\"canonical\" href=\"https:\/\/kurato.ch\/fr\/product\/besteckset-christofle-albi-voll-versilbert-8-pers\/\" \/>\n<meta property=\"og:locale\" content=\"fr_FR\" \/>\n<meta property=\"og:type\" content=\"article\" \/>\n<meta property=\"og:title\" content=\"Besteckset Christofle &quot;Albi&quot;, voll versilbert 8 Pers. | Vintage M\u00f6bel kaufen auf KURATO.CH\" \/>\n<meta property=\"og:description\" content=\"Entdecke Vintage M\u00f6bel &amp; Dekoration \u27a4 Besteckset Christofle &quot;Albi&quot;, voll versilbert 8 Pers. auf Kurato. \u2713Lieferung Schweiz \u271314-Tage R\u00fcckgabe \u2713Secondhand Unikat\" \/>\n<meta property=\"og:url\" content=\"https:\/\/kurato.ch\/fr\/product\/besteckset-christofle-albi-voll-versilbert-8-pers\/\" \/>\n<meta property=\"og:site_name\" content=\"Vintage M\u00f6bel &amp; Dekoration I Kurato\" \/>\n<meta property=\"article:publisher\" content=\"https:\/\/www.facebook.com\/kuratoswitzerland\" \/>\n<meta property=\"article:modified_time\" content=\"2024-02-12T18:52:12+00:00\" \/>\n<meta property=\"og:image\" content=\"https:\/\/kurato.ch\/wp-content\/uploads\/2023\/07\/Besteckset-Christofle-Albi-voll-versilbert-8-Pers.-vintage-secondhand-gebraucht-schweiz-37.jpg\" \/>\n\t<meta property=\"og:image:width\" content=\"800\" \/>\n\t<meta property=\"og:image:height\" content=\"800\" \/>\n\t<meta property=\"og:image:type\" content=\"image\/jpeg\" \/>\n<script type=\"application\/ld+json\" class=\"yoast-schema-graph\">{\"@context\":\"https:\\\/\\\/schema.org\",\"@graph\":[{\"@type\":\"WebPage\",\"@id\":\"https:\\\/\\\/kurato.ch\\\/product\\\/besteckset-christofle-albi-voll-versilbert-8-pers\\\/\",\"url\":\"https:\\\/\\\/kurato.ch\\\/product\\\/besteckset-christofle-albi-voll-versilbert-8-pers\\\/\",\"name\":\"Besteckset Christofle \\\"Albi\\\", voll versilbert 8 Pers. | Vintage M\u00f6bel kaufen auf KURATO.CH\",\"isPartOf\":{\"@id\":\"https:\\\/\\\/kurato.ch\\\/#website\"},\"primaryImageOfPage\":{\"@id\":\"https:\\\/\\\/kurato.ch\\\/product\\\/besteckset-christofle-albi-voll-versilbert-8-pers\\\/#primaryimage\"},\"image\":{\"@id\":\"https:\\\/\\\/kurato.ch\\\/product\\\/besteckset-christofle-albi-voll-versilbert-8-pers\\\/#primaryimage\"},\"thumbnailUrl\":\"https:\\\/\\\/kurato.ch\\\/wp-content\\\/uploads\\\/2023\\\/07\\\/Besteckset-Christofle-Albi-voll-versilbert-8-Pers.-vintage-secondhand-gebraucht-schweiz-37.jpg\",\"datePublished\":\"2023-07-09T19:54:44+00:00\",\"dateModified\":\"2024-02-12T18:52:12+00:00\",\"description\":\"Entdecke Vintage M\u00f6bel & Dekoration \u27a4 Besteckset Christofle \\\"Albi\\\", voll versilbert 8 Pers. auf Kurato. \u2713Lieferung Schweiz \u271314-Tage R\u00fcckgabe \u2713Secondhand Unikat\",\"breadcrumb\":{\"@id\":\"https:\\\/\\\/kurato.ch\\\/product\\\/besteckset-christofle-albi-voll-versilbert-8-pers\\\/#breadcrumb\"},\"inLanguage\":\"fr-FR\",\"potentialAction\":[{\"@type\":\"ReadAction\",\"target\":[\"https:\\\/\\\/kurato.ch\\\/product\\\/besteckset-christofle-albi-voll-versilbert-8-pers\\\/\"]}]},{\"@type\":\"ImageObject\",\"inLanguage\":\"fr-FR\",\"@id\":\"https:\\\/\\\/kurato.ch\\\/product\\\/besteckset-christofle-albi-voll-versilbert-8-pers\\\/#primaryimage\",\"url\":\"https:\\\/\\\/kurato.ch\\\/wp-content\\\/uploads\\\/2023\\\/07\\\/Besteckset-Christofle-Albi-voll-versilbert-8-Pers.-vintage-secondhand-gebraucht-schweiz-37.jpg\",\"contentUrl\":\"https:\\\/\\\/kurato.ch\\\/wp-content\\\/uploads\\\/2023\\\/07\\\/Besteckset-Christofle-Albi-voll-versilbert-8-Pers.-vintage-secondhand-gebraucht-schweiz-37.jpg\",\"width\":800,\"height\":800,\"caption\":\"Besteckset Christofle Albi, voll versilbert 8 Pers.\"},{\"@type\":\"BreadcrumbList\",\"@id\":\"https:\\\/\\\/kurato.ch\\\/product\\\/besteckset-christofle-albi-voll-versilbert-8-pers\\\/#breadcrumb\",\"itemListElement\":[{\"@type\":\"ListItem\",\"position\":1,\"name\":\"Home\",\"item\":\"https:\\\/\\\/kurato.ch\\\/\"},{\"@type\":\"ListItem\",\"position\":2,\"name\":\"Neuheiten\",\"item\":\"https:\\\/\\\/kurato.ch\\\/neuheiten\\\/\"},{\"@type\":\"ListItem\",\"position\":3,\"name\":\"Besteckset Christofle &#8220;Albi&#8221;, voll versilbert 8 Pers.\"}]},{\"@type\":\"WebSite\",\"@id\":\"https:\\\/\\\/kurato.ch\\\/#website\",\"url\":\"https:\\\/\\\/kurato.ch\\\/\",\"name\":\"Vintage M\u00f6bel &amp; Dekoration I Kurato\",\"description\":\"Vintage M\u00f6bel &amp; Dekoration I Kurato\",\"publisher\":{\"@id\":\"https:\\\/\\\/kurato.ch\\\/#organization\"},\"potentialAction\":[{\"@type\":\"SearchAction\",\"target\":{\"@type\":\"EntryPoint\",\"urlTemplate\":\"https:\\\/\\\/kurato.ch\\\/?s={search_term_string}\"},\"query-input\":{\"@type\":\"PropertyValueSpecification\",\"valueRequired\":true,\"valueName\":\"search_term_string\"}}],\"inLanguage\":\"fr-FR\"},{\"@type\":\"Organization\",\"@id\":\"https:\\\/\\\/kurato.ch\\\/#organization\",\"name\":\"Kurato.\",\"url\":\"https:\\\/\\\/kurato.ch\\\/\",\"logo\":{\"@type\":\"ImageObject\",\"inLanguage\":\"fr-FR\",\"@id\":\"https:\\\/\\\/kurato.ch\\\/#\\\/schema\\\/logo\\\/image\\\/\",\"url\":\"\",\"contentUrl\":\"\",\"caption\":\"Kurato.\"},\"image\":{\"@id\":\"https:\\\/\\\/kurato.ch\\\/#\\\/schema\\\/logo\\\/image\\\/\"},\"sameAs\":[\"https:\\\/\\\/www.facebook.com\\\/kuratoswitzerland\",\"https:\\\/\\\/www.instagram.com\\\/kurato.ch\\\/\",\"https:\\\/\\\/www.pinterest.ch\\\/kurato_ch\\\/_created\\\/\"]}]}<\/script>\n<!-- \/ Yoast SEO plugin. -->","yoast_head_json":{"title":"Besteckset Christofle \"Albi\", voll versilbert 8 Pers. | Vintage M\u00f6bel kaufen auf KURATO.CH","description":"Entdecke Vintage M\u00f6bel & Dekoration \u27a4 Besteckset Christofle \"Albi\", voll versilbert 8 Pers. auf Kurato. \u2713Lieferung Schweiz \u271314-Tage R\u00fcckgabe \u2713Secondhand Unikat","robots":{"index":"index","follow":"follow","max-snippet":"max-snippet:-1","max-image-preview":"max-image-preview:large","max-video-preview":"max-video-preview:-1"},"canonical":"https:\/\/kurato.ch\/fr\/product\/besteckset-christofle-albi-voll-versilbert-8-pers\/","og_locale":"fr_FR","og_type":"article","og_title":"Besteckset Christofle \"Albi\", voll versilbert 8 Pers. | Vintage M\u00f6bel kaufen auf KURATO.CH","og_description":"Entdecke Vintage M\u00f6bel & Dekoration \u27a4 Besteckset Christofle \"Albi\", voll versilbert 8 Pers. auf Kurato. \u2713Lieferung Schweiz \u271314-Tage R\u00fcckgabe \u2713Secondhand Unikat","og_url":"https:\/\/kurato.ch\/fr\/product\/besteckset-christofle-albi-voll-versilbert-8-pers\/","og_site_name":"Vintage M\u00f6bel &amp; Dekoration I Kurato","article_publisher":"https:\/\/www.facebook.com\/kuratoswitzerland","article_modified_time":"2024-02-12T18:52:12+00:00","og_image":[{"width":800,"height":800,"url":"https:\/\/kurato.ch\/wp-content\/uploads\/2023\/07\/Besteckset-Christofle-Albi-voll-versilbert-8-Pers.-vintage-secondhand-gebraucht-schweiz-37.jpg","type":"image\/jpeg"}],"schema":{"@context":"https:\/\/schema.org","@graph":[{"@type":"WebPage","@id":"https:\/\/kurato.ch\/product\/besteckset-christofle-albi-voll-versilbert-8-pers\/","url":"https:\/\/kurato.ch\/product\/besteckset-christofle-albi-voll-versilbert-8-pers\/","name":"Besteckset Christofle \"Albi\", voll versilbert 8 Pers. | Vintage M\u00f6bel kaufen auf KURATO.CH","isPartOf":{"@id":"https:\/\/kurato.ch\/#website"},"primaryImageOfPage":{"@id":"https:\/\/kurato.ch\/product\/besteckset-christofle-albi-voll-versilbert-8-pers\/#primaryimage"},"image":{"@id":"https:\/\/kurato.ch\/product\/besteckset-christofle-albi-voll-versilbert-8-pers\/#primaryimage"},"thumbnailUrl":"https:\/\/kurato.ch\/wp-content\/uploads\/2023\/07\/Besteckset-Christofle-Albi-voll-versilbert-8-Pers.-vintage-secondhand-gebraucht-schweiz-37.jpg","datePublished":"2023-07-09T19:54:44+00:00","dateModified":"2024-02-12T18:52:12+00:00","description":"Entdecke Vintage M\u00f6bel & Dekoration \u27a4 Besteckset Christofle \"Albi\", voll versilbert 8 Pers. auf Kurato. \u2713Lieferung Schweiz \u271314-Tage R\u00fcckgabe \u2713Secondhand Unikat","breadcrumb":{"@id":"https:\/\/kurato.ch\/product\/besteckset-christofle-albi-voll-versilbert-8-pers\/#breadcrumb"},"inLanguage":"fr-FR","potentialAction":[{"@type":"ReadAction","target":["https:\/\/kurato.ch\/product\/besteckset-christofle-albi-voll-versilbert-8-pers\/"]}]},{"@type":"ImageObject","inLanguage":"fr-FR","@id":"https:\/\/kurato.ch\/product\/besteckset-christofle-albi-voll-versilbert-8-pers\/#primaryimage","url":"https:\/\/kurato.ch\/wp-content\/uploads\/2023\/07\/Besteckset-Christofle-Albi-voll-versilbert-8-Pers.-vintage-secondhand-gebraucht-schweiz-37.jpg","contentUrl":"https:\/\/kurato.ch\/wp-content\/uploads\/2023\/07\/Besteckset-Christofle-Albi-voll-versilbert-8-Pers.-vintage-secondhand-gebraucht-schweiz-37.jpg","width":800,"height":800,"caption":"Besteckset Christofle Albi, voll versilbert 8 Pers."},{"@type":"BreadcrumbList","@id":"https:\/\/kurato.ch\/product\/besteckset-christofle-albi-voll-versilbert-8-pers\/#breadcrumb","itemListElement":[{"@type":"ListItem","position":1,"name":"Home","item":"https:\/\/kurato.ch\/"},{"@type":"ListItem","position":2,"name":"Neuheiten","item":"https:\/\/kurato.ch\/neuheiten\/"},{"@type":"ListItem","position":3,"name":"Besteckset Christofle &#8220;Albi&#8221;, voll versilbert 8 Pers."}]},{"@type":"WebSite","@id":"https:\/\/kurato.ch\/#website","url":"https:\/\/kurato.ch\/","name":"Meubles vintage &amp; d\u00e9coration I Kurato","description":"Meubles vintage &amp; d\u00e9coration I Kurato","publisher":{"@id":"https:\/\/kurato.ch\/#organization"},"potentialAction":[{"@type":"SearchAction","target":{"@type":"EntryPoint","urlTemplate":"https:\/\/kurato.ch\/?s={search_term_string}"},"query-input":{"@type":"PropertyValueSpecification","valueRequired":true,"valueName":"search_term_string"}}],"inLanguage":"fr-FR"},{"@type":"Organization","@id":"https:\/\/kurato.ch\/#organization","name":"Kurato.","url":"https:\/\/kurato.ch\/","logo":{"@type":"ImageObject","inLanguage":"fr-FR","@id":"https:\/\/kurato.ch\/#\/schema\/logo\/image\/","url":"","contentUrl":"","caption":"Kurato."},"image":{"@id":"https:\/\/kurato.ch\/#\/schema\/logo\/image\/"},"sameAs":["https:\/\/www.facebook.com\/kuratoswitzerland","https:\/\/www.instagram.com\/kurato.ch\/","https:\/\/www.pinterest.ch\/kurato_ch\/_created\/"]}]}},"_links":{"self":[{"href":"https:\/\/kurato.ch\/fr\/wp-json\/wp\/v2\/product\/46758","targetHints":{"allow":["GET"]}}],"collection":[{"href":"https:\/\/kurato.ch\/fr\/wp-json\/wp\/v2\/product"}],"about":[{"href":"https:\/\/kurato.ch\/fr\/wp-json\/wp\/v2\/types\/product"}],"wp:featuredmedia":[{"embeddable":true,"href":"https:\/\/kurato.ch\/fr\/wp-json\/wp\/v2\/media\/46764"}],"wp:attachment":[{"href":"https:\/\/kurato.ch\/fr\/wp-json\/wp\/v2\/media?parent=46758"}],"wp:term":[{"taxonomy":"product_brand","embeddable":true,"href":"https:\/\/kurato.ch\/fr\/wp-json\/wp\/v2\/product_brand?post=46758"},{"taxonomy":"product_cat","embeddable":true,"href":"https:\/\/kurato.ch\/fr\/wp-json\/wp\/v2\/product_cat?post=46758"},{"taxonomy":"product_tag","embeddable":true,"href":"https:\/\/kurato.ch\/fr\/wp-json\/wp\/v2\/product_tag?post=46758"}],"curies":[{"name":"wp","href":"https:\/\/api.w.org\/{rel}","templated":true}]}}