{"id":46846,"date":"2023-07-12T19:35:37","date_gmt":"2023-07-12T17:35:37","guid":{"rendered":"https:\/\/kurato.ch\/?post_type=product&#038;p=46846"},"modified":"2024-04-17T20:36:24","modified_gmt":"2024-04-17T18:36:24","slug":"vintage-murano-glas-haengelampe-renato-toso-fuer-leucos-italien-1970","status":"publish","type":"product","link":"https:\/\/kurato.ch\/fr\/product\/vintage-murano-glas-haengelampe-renato-toso-fuer-leucos-italien-1970\/","title":{"rendered":"Lampe suspendue vintage en verre de Murano Renato Toso pour Leucos, Italie 1970"},"content":{"rendered":"<p>Cette lampe \u00e0 suspendre a \u00e9t\u00e9 con\u00e7ue par Renato Toso et fabriqu\u00e9e par Leucos en Italie dans les ann\u00e9es 70. Elle est fabriqu\u00e9e en verre \u00e9pais de Murano, qui passe du blanc opalin au centre au transparent \u00e0 l'ext\u00e9rieur de l'abat-jour. Elle porte l'\u00e9tiquette de fabrication d'origine et est \u00e9galement marqu\u00e9e sur la douille. L'ampoule est incluse dans la livraison. En \u00e9tat d'origine et en tr\u00e8s bon \u00e9tat.<\/p>","protected":false},"excerpt":{"rendered":"<p>Diese H\u00e4ngeleuchte wurde von Renato Toso f\u00fcr entworfen und in den 70er Jahren von Leucos in Italien hergestellt. Sie besteht aus dickem Murano Glas, das von opalweiss in der Mitte zu transparent am \u00e4usseren Lampenschirm wechselt. Sie ist mit dem originalen Herstellungsetikett versehen und auch auf der Lampenfassung markiert. Das Leuchtmittel ist im Lieferumfang enthalten. [&hellip;]<\/p>\n","protected":false},"featured_media":46879,"template":"","meta":{"_acf_changed":false,"site-sidebar-layout":"default","site-content-layout":"","ast-site-content-layout":"default","site-content-style":"default","site-sidebar-style":"default","ast-global-header-display":"","ast-banner-title-visibility":"","ast-main-header-display":"","ast-hfb-above-header-display":"","ast-hfb-below-header-display":"","ast-hfb-mobile-header-display":"","site-post-title":"","ast-breadcrumbs-content":"","ast-featured-img":"","footer-sml-layout":"","ast-disable-related-posts":"","theme-transparent-header-meta":"","adv-header-id-meta":"","stick-header-meta":"","header-above-stick-meta":"","header-main-stick-meta":"","header-below-stick-meta":"","astra-migrate-meta-layouts":"default","ast-page-background-enabled":"default","ast-page-background-meta":{"desktop":{"background-color":"","background-image":"","background-repeat":"repeat","background-position":"center center","background-size":"auto","background-attachment":"scroll","background-type":"","background-media":"","overlay-type":"","overlay-color":"","overlay-opacity":"","overlay-gradient":""},"tablet":{"background-color":"","background-image":"","background-repeat":"repeat","background-position":"center center","background-size":"auto","background-attachment":"scroll","background-type":"","background-media":"","overlay-type":"","overlay-color":"","overlay-opacity":"","overlay-gradient":""},"mobile":{"background-color":"","background-image":"","background-repeat":"repeat","background-position":"center center","background-size":"auto","background-attachment":"scroll","background-type":"","background-media":"","overlay-type":"","overlay-color":"","overlay-opacity":"","overlay-gradient":""}},"ast-content-background-meta":{"desktop":{"background-color":"var(--ast-global-color-5)","background-image":"","background-repeat":"repeat","background-position":"center center","background-size":"auto","background-attachment":"scroll","background-type":"","background-media":"","overlay-type":"","overlay-color":"","overlay-opacity":"","overlay-gradient":""},"tablet":{"background-color":"var(--ast-global-color-5)","background-image":"","background-repeat":"repeat","background-position":"center center","background-size":"auto","background-attachment":"scroll","background-type":"","background-media":"","overlay-type":"","overlay-color":"","overlay-opacity":"","overlay-gradient":""},"mobile":{"background-color":"var(--ast-global-color-5)","background-image":"","background-repeat":"repeat","background-position":"center center","background-size":"auto","background-attachment":"scroll","background-type":"","background-media":"","overlay-type":"","overlay-color":"","overlay-opacity":"","overlay-gradient":""}}},"product_brand":[],"product_cat":[63],"product_tag":[],"class_list":{"0":"post-46846","1":"product","2":"type-product","3":"status-publish","4":"has-post-thumbnail","6":"product_cat-haengelampe-leuchter","7":"pa_farbe-weiss","8":"pa_material-glas-kristall","9":"pa_standort-mittelland","10":"pa_stil-design","11":"desktop-align-left","12":"tablet-align-left","13":"mobile-align-left","15":"first","16":"instock","17":"sold-individually","18":"shipping-taxable","19":"purchasable","20":"product-type-simple"},"acf":[],"yoast_head":"<!-- This site is optimized with the Yoast SEO plugin v27.3 - https:\/\/yoast.com\/product\/yoast-seo-wordpress\/ -->\n<title>Vintage Murano Glas H\u00e4ngelampe Renato Toso f\u00fcr Leucos, Italien 1970 | Vintage M\u00f6bel kaufen auf KURATO.CH<\/title>\n<meta name=\"description\" content=\"Entdecke Vintage M\u00f6bel &amp; Dekoration \u27a4 Vintage Murano Glas H\u00e4ngelampe Renato Toso f\u00fcr Leucos, Italien 1970 auf Kurato. \u2713Lieferung Schweiz \u271314-Tage R\u00fcckgabe \u2713Secondhand Unikat\" \/>\n<meta name=\"robots\" content=\"index, follow, max-snippet:-1, max-image-preview:large, max-video-preview:-1\" \/>\n<link rel=\"canonical\" href=\"https:\/\/kurato.ch\/fr\/product\/vintage-murano-glas-haengelampe-renato-toso-fuer-leucos-italien-1970\/\" \/>\n<meta property=\"og:locale\" content=\"fr_FR\" \/>\n<meta property=\"og:type\" content=\"article\" \/>\n<meta property=\"og:title\" content=\"Vintage Murano Glas H\u00e4ngelampe Renato Toso f\u00fcr Leucos, Italien 1970 | Vintage M\u00f6bel kaufen auf KURATO.CH\" \/>\n<meta property=\"og:description\" content=\"Entdecke Vintage M\u00f6bel &amp; Dekoration \u27a4 Vintage Murano Glas H\u00e4ngelampe Renato Toso f\u00fcr Leucos, Italien 1970 auf Kurato. \u2713Lieferung Schweiz \u271314-Tage R\u00fcckgabe \u2713Secondhand Unikat\" \/>\n<meta property=\"og:url\" content=\"https:\/\/kurato.ch\/fr\/product\/vintage-murano-glas-haengelampe-renato-toso-fuer-leucos-italien-1970\/\" \/>\n<meta property=\"og:site_name\" content=\"Vintage M\u00f6bel &amp; Dekoration I Kurato\" \/>\n<meta property=\"article:publisher\" content=\"https:\/\/www.facebook.com\/kuratoswitzerland\" \/>\n<meta property=\"article:modified_time\" content=\"2024-04-17T18:36:24+00:00\" \/>\n<meta property=\"og:image\" content=\"https:\/\/kurato.ch\/wp-content\/uploads\/2023\/07\/Vintage-Murano-Glas-Ha\u0308ngelampe-Renato-Toso-fu\u0308r-Leucos-Italien-1970-vintage-secondhand-gebraucht-schweiz.jpg\" \/>\n\t<meta property=\"og:image:width\" content=\"800\" \/>\n\t<meta property=\"og:image:height\" content=\"800\" \/>\n\t<meta property=\"og:image:type\" content=\"image\/jpeg\" \/>\n<script type=\"application\/ld+json\" class=\"yoast-schema-graph\">{\"@context\":\"https:\\\/\\\/schema.org\",\"@graph\":[{\"@type\":\"WebPage\",\"@id\":\"https:\\\/\\\/kurato.ch\\\/product\\\/vintage-murano-glas-haengelampe-renato-toso-fuer-leucos-italien-1970\\\/\",\"url\":\"https:\\\/\\\/kurato.ch\\\/product\\\/vintage-murano-glas-haengelampe-renato-toso-fuer-leucos-italien-1970\\\/\",\"name\":\"Vintage Murano Glas H\u00e4ngelampe Renato Toso f\u00fcr Leucos, Italien 1970 | Vintage M\u00f6bel kaufen auf KURATO.CH\",\"isPartOf\":{\"@id\":\"https:\\\/\\\/kurato.ch\\\/#website\"},\"primaryImageOfPage\":{\"@id\":\"https:\\\/\\\/kurato.ch\\\/product\\\/vintage-murano-glas-haengelampe-renato-toso-fuer-leucos-italien-1970\\\/#primaryimage\"},\"image\":{\"@id\":\"https:\\\/\\\/kurato.ch\\\/product\\\/vintage-murano-glas-haengelampe-renato-toso-fuer-leucos-italien-1970\\\/#primaryimage\"},\"thumbnailUrl\":\"https:\\\/\\\/kurato.ch\\\/wp-content\\\/uploads\\\/2023\\\/07\\\/Vintage-Murano-Glas-Ha\u0308ngelampe-Renato-Toso-fu\u0308r-Leucos-Italien-1970-vintage-secondhand-gebraucht-schweiz.jpg\",\"datePublished\":\"2023-07-12T17:35:37+00:00\",\"dateModified\":\"2024-04-17T18:36:24+00:00\",\"description\":\"Entdecke Vintage M\u00f6bel & Dekoration \u27a4 Vintage Murano Glas H\u00e4ngelampe Renato Toso f\u00fcr Leucos, Italien 1970 auf Kurato. \u2713Lieferung Schweiz \u271314-Tage R\u00fcckgabe \u2713Secondhand Unikat\",\"breadcrumb\":{\"@id\":\"https:\\\/\\\/kurato.ch\\\/product\\\/vintage-murano-glas-haengelampe-renato-toso-fuer-leucos-italien-1970\\\/#breadcrumb\"},\"inLanguage\":\"fr-FR\",\"potentialAction\":[{\"@type\":\"ReadAction\",\"target\":[\"https:\\\/\\\/kurato.ch\\\/product\\\/vintage-murano-glas-haengelampe-renato-toso-fuer-leucos-italien-1970\\\/\"]}]},{\"@type\":\"ImageObject\",\"inLanguage\":\"fr-FR\",\"@id\":\"https:\\\/\\\/kurato.ch\\\/product\\\/vintage-murano-glas-haengelampe-renato-toso-fuer-leucos-italien-1970\\\/#primaryimage\",\"url\":\"https:\\\/\\\/kurato.ch\\\/wp-content\\\/uploads\\\/2023\\\/07\\\/Vintage-Murano-Glas-Ha\u0308ngelampe-Renato-Toso-fu\u0308r-Leucos-Italien-1970-vintage-secondhand-gebraucht-schweiz.jpg\",\"contentUrl\":\"https:\\\/\\\/kurato.ch\\\/wp-content\\\/uploads\\\/2023\\\/07\\\/Vintage-Murano-Glas-Ha\u0308ngelampe-Renato-Toso-fu\u0308r-Leucos-Italien-1970-vintage-secondhand-gebraucht-schweiz.jpg\",\"width\":800,\"height\":800,\"caption\":\"Vintage Murano Glas H\u00e4ngelampe Renato Toso f\u00fcr Leucos, Italien 1970\"},{\"@type\":\"BreadcrumbList\",\"@id\":\"https:\\\/\\\/kurato.ch\\\/product\\\/vintage-murano-glas-haengelampe-renato-toso-fuer-leucos-italien-1970\\\/#breadcrumb\",\"itemListElement\":[{\"@type\":\"ListItem\",\"position\":1,\"name\":\"Home\",\"item\":\"https:\\\/\\\/kurato.ch\\\/\"},{\"@type\":\"ListItem\",\"position\":2,\"name\":\"Neuheiten\",\"item\":\"https:\\\/\\\/kurato.ch\\\/neuheiten\\\/\"},{\"@type\":\"ListItem\",\"position\":3,\"name\":\"Vintage Murano Glas H\u00e4ngelampe Renato Toso f\u00fcr Leucos, Italien 1970\"}]},{\"@type\":\"WebSite\",\"@id\":\"https:\\\/\\\/kurato.ch\\\/#website\",\"url\":\"https:\\\/\\\/kurato.ch\\\/\",\"name\":\"Vintage M\u00f6bel &amp; Dekoration I Kurato\",\"description\":\"Vintage M\u00f6bel &amp; Dekoration I Kurato\",\"publisher\":{\"@id\":\"https:\\\/\\\/kurato.ch\\\/#organization\"},\"potentialAction\":[{\"@type\":\"SearchAction\",\"target\":{\"@type\":\"EntryPoint\",\"urlTemplate\":\"https:\\\/\\\/kurato.ch\\\/?s={search_term_string}\"},\"query-input\":{\"@type\":\"PropertyValueSpecification\",\"valueRequired\":true,\"valueName\":\"search_term_string\"}}],\"inLanguage\":\"fr-FR\"},{\"@type\":\"Organization\",\"@id\":\"https:\\\/\\\/kurato.ch\\\/#organization\",\"name\":\"Kurato.\",\"url\":\"https:\\\/\\\/kurato.ch\\\/\",\"logo\":{\"@type\":\"ImageObject\",\"inLanguage\":\"fr-FR\",\"@id\":\"https:\\\/\\\/kurato.ch\\\/#\\\/schema\\\/logo\\\/image\\\/\",\"url\":\"\",\"contentUrl\":\"\",\"caption\":\"Kurato.\"},\"image\":{\"@id\":\"https:\\\/\\\/kurato.ch\\\/#\\\/schema\\\/logo\\\/image\\\/\"},\"sameAs\":[\"https:\\\/\\\/www.facebook.com\\\/kuratoswitzerland\",\"https:\\\/\\\/www.instagram.com\\\/kurato.ch\\\/\",\"https:\\\/\\\/www.pinterest.ch\\\/kurato_ch\\\/_created\\\/\"]}]}<\/script>\n<!-- \/ Yoast SEO plugin. -->","yoast_head_json":{"title":"Vintage Murano Glas H\u00e4ngelampe Renato Toso f\u00fcr Leucos, Italien 1970 | Vintage M\u00f6bel kaufen auf KURATO.CH","description":"Entdecke Vintage M\u00f6bel & Dekoration \u27a4 Vintage Murano Glas H\u00e4ngelampe Renato Toso f\u00fcr Leucos, Italien 1970 auf Kurato. \u2713Lieferung Schweiz \u271314-Tage R\u00fcckgabe \u2713Secondhand Unikat","robots":{"index":"index","follow":"follow","max-snippet":"max-snippet:-1","max-image-preview":"max-image-preview:large","max-video-preview":"max-video-preview:-1"},"canonical":"https:\/\/kurato.ch\/fr\/product\/vintage-murano-glas-haengelampe-renato-toso-fuer-leucos-italien-1970\/","og_locale":"fr_FR","og_type":"article","og_title":"Vintage Murano Glas H\u00e4ngelampe Renato Toso f\u00fcr Leucos, Italien 1970 | Vintage M\u00f6bel kaufen auf KURATO.CH","og_description":"Entdecke Vintage M\u00f6bel & Dekoration \u27a4 Vintage Murano Glas H\u00e4ngelampe Renato Toso f\u00fcr Leucos, Italien 1970 auf Kurato. \u2713Lieferung Schweiz \u271314-Tage R\u00fcckgabe \u2713Secondhand Unikat","og_url":"https:\/\/kurato.ch\/fr\/product\/vintage-murano-glas-haengelampe-renato-toso-fuer-leucos-italien-1970\/","og_site_name":"Vintage M\u00f6bel &amp; Dekoration I Kurato","article_publisher":"https:\/\/www.facebook.com\/kuratoswitzerland","article_modified_time":"2024-04-17T18:36:24+00:00","og_image":[{"width":800,"height":800,"url":"https:\/\/kurato.ch\/wp-content\/uploads\/2023\/07\/Vintage-Murano-Glas-Ha\u0308ngelampe-Renato-Toso-fu\u0308r-Leucos-Italien-1970-vintage-secondhand-gebraucht-schweiz.jpg","type":"image\/jpeg"}],"schema":{"@context":"https:\/\/schema.org","@graph":[{"@type":"WebPage","@id":"https:\/\/kurato.ch\/product\/vintage-murano-glas-haengelampe-renato-toso-fuer-leucos-italien-1970\/","url":"https:\/\/kurato.ch\/product\/vintage-murano-glas-haengelampe-renato-toso-fuer-leucos-italien-1970\/","name":"Vintage Murano Glas H\u00e4ngelampe Renato Toso f\u00fcr Leucos, Italien 1970 | Vintage M\u00f6bel kaufen auf KURATO.CH","isPartOf":{"@id":"https:\/\/kurato.ch\/#website"},"primaryImageOfPage":{"@id":"https:\/\/kurato.ch\/product\/vintage-murano-glas-haengelampe-renato-toso-fuer-leucos-italien-1970\/#primaryimage"},"image":{"@id":"https:\/\/kurato.ch\/product\/vintage-murano-glas-haengelampe-renato-toso-fuer-leucos-italien-1970\/#primaryimage"},"thumbnailUrl":"https:\/\/kurato.ch\/wp-content\/uploads\/2023\/07\/Vintage-Murano-Glas-Ha\u0308ngelampe-Renato-Toso-fu\u0308r-Leucos-Italien-1970-vintage-secondhand-gebraucht-schweiz.jpg","datePublished":"2023-07-12T17:35:37+00:00","dateModified":"2024-04-17T18:36:24+00:00","description":"Entdecke Vintage M\u00f6bel & Dekoration \u27a4 Vintage Murano Glas H\u00e4ngelampe Renato Toso f\u00fcr Leucos, Italien 1970 auf Kurato. \u2713Lieferung Schweiz \u271314-Tage R\u00fcckgabe \u2713Secondhand Unikat","breadcrumb":{"@id":"https:\/\/kurato.ch\/product\/vintage-murano-glas-haengelampe-renato-toso-fuer-leucos-italien-1970\/#breadcrumb"},"inLanguage":"fr-FR","potentialAction":[{"@type":"ReadAction","target":["https:\/\/kurato.ch\/product\/vintage-murano-glas-haengelampe-renato-toso-fuer-leucos-italien-1970\/"]}]},{"@type":"ImageObject","inLanguage":"fr-FR","@id":"https:\/\/kurato.ch\/product\/vintage-murano-glas-haengelampe-renato-toso-fuer-leucos-italien-1970\/#primaryimage","url":"https:\/\/kurato.ch\/wp-content\/uploads\/2023\/07\/Vintage-Murano-Glas-Ha\u0308ngelampe-Renato-Toso-fu\u0308r-Leucos-Italien-1970-vintage-secondhand-gebraucht-schweiz.jpg","contentUrl":"https:\/\/kurato.ch\/wp-content\/uploads\/2023\/07\/Vintage-Murano-Glas-Ha\u0308ngelampe-Renato-Toso-fu\u0308r-Leucos-Italien-1970-vintage-secondhand-gebraucht-schweiz.jpg","width":800,"height":800,"caption":"Vintage Murano Glas H\u00e4ngelampe Renato Toso f\u00fcr Leucos, Italien 1970"},{"@type":"BreadcrumbList","@id":"https:\/\/kurato.ch\/product\/vintage-murano-glas-haengelampe-renato-toso-fuer-leucos-italien-1970\/#breadcrumb","itemListElement":[{"@type":"ListItem","position":1,"name":"Home","item":"https:\/\/kurato.ch\/"},{"@type":"ListItem","position":2,"name":"Neuheiten","item":"https:\/\/kurato.ch\/neuheiten\/"},{"@type":"ListItem","position":3,"name":"Vintage Murano Glas H\u00e4ngelampe Renato Toso f\u00fcr Leucos, Italien 1970"}]},{"@type":"WebSite","@id":"https:\/\/kurato.ch\/#website","url":"https:\/\/kurato.ch\/","name":"Meubles vintage &amp; d\u00e9coration I Kurato","description":"Meubles vintage &amp; d\u00e9coration I Kurato","publisher":{"@id":"https:\/\/kurato.ch\/#organization"},"potentialAction":[{"@type":"SearchAction","target":{"@type":"EntryPoint","urlTemplate":"https:\/\/kurato.ch\/?s={search_term_string}"},"query-input":{"@type":"PropertyValueSpecification","valueRequired":true,"valueName":"search_term_string"}}],"inLanguage":"fr-FR"},{"@type":"Organization","@id":"https:\/\/kurato.ch\/#organization","name":"Kurato.","url":"https:\/\/kurato.ch\/","logo":{"@type":"ImageObject","inLanguage":"fr-FR","@id":"https:\/\/kurato.ch\/#\/schema\/logo\/image\/","url":"","contentUrl":"","caption":"Kurato."},"image":{"@id":"https:\/\/kurato.ch\/#\/schema\/logo\/image\/"},"sameAs":["https:\/\/www.facebook.com\/kuratoswitzerland","https:\/\/www.instagram.com\/kurato.ch\/","https:\/\/www.pinterest.ch\/kurato_ch\/_created\/"]}]}},"_links":{"self":[{"href":"https:\/\/kurato.ch\/fr\/wp-json\/wp\/v2\/product\/46846","targetHints":{"allow":["GET"]}}],"collection":[{"href":"https:\/\/kurato.ch\/fr\/wp-json\/wp\/v2\/product"}],"about":[{"href":"https:\/\/kurato.ch\/fr\/wp-json\/wp\/v2\/types\/product"}],"wp:featuredmedia":[{"embeddable":true,"href":"https:\/\/kurato.ch\/fr\/wp-json\/wp\/v2\/media\/46879"}],"wp:attachment":[{"href":"https:\/\/kurato.ch\/fr\/wp-json\/wp\/v2\/media?parent=46846"}],"wp:term":[{"taxonomy":"product_brand","embeddable":true,"href":"https:\/\/kurato.ch\/fr\/wp-json\/wp\/v2\/product_brand?post=46846"},{"taxonomy":"product_cat","embeddable":true,"href":"https:\/\/kurato.ch\/fr\/wp-json\/wp\/v2\/product_cat?post=46846"},{"taxonomy":"product_tag","embeddable":true,"href":"https:\/\/kurato.ch\/fr\/wp-json\/wp\/v2\/product_tag?post=46846"}],"curies":[{"name":"wp","href":"https:\/\/api.w.org\/{rel}","templated":true}]}}