{"id":48659,"date":"2023-09-26T11:20:21","date_gmt":"2023-09-26T09:20:21","guid":{"rendered":"https:\/\/kurato.ch\/fr\/?post_type=product&#038;p=48659"},"modified":"2024-01-11T14:40:25","modified_gmt":"2024-01-11T12:40:25","slug":"brutalistische-sessel-aus-eiche-von-awa-70er","status":"publish","type":"product","link":"https:\/\/kurato.ch\/fr\/product\/brutalistische-sessel-aus-eiche-von-awa-70er\/","title":{"rendered":"Fauteuil brutaliste en ch\u00eane de AWA ann\u00e9es 70"},"content":{"rendered":"<p>Si l'on prend le temps d'observer les entretoises des diff\u00e9rentes pi\u00e8ces en ch\u00eane massif, on se rend compte du travail r\u00e9alis\u00e9 dans ces fauteuils. Le dossier rappelle les lignes d'un kabuto, un casque traditionnel utilis\u00e9 par les samoura\u00efs.<\/p>\n<p>Tenons, mortaises et creux sont les ma\u00eetres mots de ces deux belles pi\u00e8ces brutalistes. Le placet est d'un vert bouteille sobre et ajoute une l\u00e9g\u00e8re touche de noblesse \u00e0 l'ensemble.<\/p>\n<p>Avec ou sans coussins, ils sont tr\u00e8s confortables, nous les pr\u00e9f\u00e9rons \u00e0 moiti\u00e9 d\u00e9nud\u00e9s (sans le coussin de dossier) afin de faire ressortir les magnifiques veines du ch\u00eane massif !<\/p>\n<p>Imaginez-vous au coin du feu avec une couverture, une tisane et un bon livre...<\/p>\n<p>\u00c9tat<br \/>Excellent \u00e9tat de conservation<\/p>\n<p>Masse<br \/>Hauteur 80cm \/ Largeur 70cm \/ Profondeur 70cm<\/p>\n<p>Le prix s'applique \u00e0 la paire de fauteuils.<\/p>","protected":false},"excerpt":{"rendered":"<p>Wenn man sich die Zeit nimmt, die Verstrebungen der einzelnen Teile aus massiver Eiche zu betrachten, erkennt man die Arbeit, die in diesen Sesseln steckt. Die R\u00fcckenlehne erinnert an die Linien eines Kabuto, eines traditionellen Helms, der von Samurai verwendet wurde. Zapfen, Zapfenl\u00f6cher und Vertiefungen sind die Schl\u00fcsselw\u00f6rter f\u00fcr diese beiden sch\u00f6nen brutalistischen St\u00fccke. Das [&hellip;]<\/p>\n","protected":false},"featured_media":48685,"template":"","meta":{"_acf_changed":false,"site-sidebar-layout":"default","site-content-layout":"","ast-site-content-layout":"default","site-content-style":"default","site-sidebar-style":"default","ast-global-header-display":"","ast-banner-title-visibility":"","ast-main-header-display":"","ast-hfb-above-header-display":"","ast-hfb-below-header-display":"","ast-hfb-mobile-header-display":"","site-post-title":"","ast-breadcrumbs-content":"","ast-featured-img":"","footer-sml-layout":"","ast-disable-related-posts":"","theme-transparent-header-meta":"","adv-header-id-meta":"","stick-header-meta":"","header-above-stick-meta":"","header-main-stick-meta":"","header-below-stick-meta":"","astra-migrate-meta-layouts":"default","ast-page-background-enabled":"default","ast-page-background-meta":{"desktop":{"background-color":"","background-image":"","background-repeat":"repeat","background-position":"center center","background-size":"auto","background-attachment":"scroll","background-type":"","background-media":"","overlay-type":"","overlay-color":"","overlay-opacity":"","overlay-gradient":""},"tablet":{"background-color":"","background-image":"","background-repeat":"repeat","background-position":"center center","background-size":"auto","background-attachment":"scroll","background-type":"","background-media":"","overlay-type":"","overlay-color":"","overlay-opacity":"","overlay-gradient":""},"mobile":{"background-color":"","background-image":"","background-repeat":"repeat","background-position":"center center","background-size":"auto","background-attachment":"scroll","background-type":"","background-media":"","overlay-type":"","overlay-color":"","overlay-opacity":"","overlay-gradient":""}},"ast-content-background-meta":{"desktop":{"background-color":"var(--ast-global-color-5)","background-image":"","background-repeat":"repeat","background-position":"center center","background-size":"auto","background-attachment":"scroll","background-type":"","background-media":"","overlay-type":"","overlay-color":"","overlay-opacity":"","overlay-gradient":""},"tablet":{"background-color":"var(--ast-global-color-5)","background-image":"","background-repeat":"repeat","background-position":"center center","background-size":"auto","background-attachment":"scroll","background-type":"","background-media":"","overlay-type":"","overlay-color":"","overlay-opacity":"","overlay-gradient":""},"mobile":{"background-color":"var(--ast-global-color-5)","background-image":"","background-repeat":"repeat","background-position":"center center","background-size":"auto","background-attachment":"scroll","background-type":"","background-media":"","overlay-type":"","overlay-color":"","overlay-opacity":"","overlay-gradient":""}}},"product_brand":[],"product_cat":[155],"product_tag":[],"class_list":{"0":"post-48659","1":"product","2":"type-product","3":"status-publish","4":"has-post-thumbnail","6":"product_cat-vintage-sessel","7":"pa_farbe-braun","8":"pa_material-holz","9":"pa_standort-genferseeregion","10":"pa_stil-vintage","11":"desktop-align-left","12":"tablet-align-left","13":"mobile-align-left","15":"first","16":"outofstock","17":"sold-individually","18":"shipping-taxable","19":"purchasable","20":"product-type-simple"},"acf":[],"yoast_head":"<!-- This site is optimized with the Yoast SEO plugin v27.3 - https:\/\/yoast.com\/product\/yoast-seo-wordpress\/ -->\n<title>Brutalistische Sessel aus Eiche von AWA 70er | Vintage M\u00f6bel kaufen auf KURATO.CH<\/title>\n<meta name=\"description\" content=\"Entdecke Vintage M\u00f6bel &amp; Dekoration \u27a4 Brutalistische Sessel aus Eiche von AWA 70er auf Kurato. \u2713Lieferung Schweiz \u271314-Tage R\u00fcckgabe \u2713Secondhand Unikat\" \/>\n<meta name=\"robots\" content=\"index, follow, max-snippet:-1, max-image-preview:large, max-video-preview:-1\" \/>\n<link rel=\"canonical\" href=\"https:\/\/kurato.ch\/fr\/product\/brutalistische-sessel-aus-eiche-von-awa-70er\/\" \/>\n<meta property=\"og:locale\" content=\"fr_FR\" \/>\n<meta property=\"og:type\" content=\"article\" \/>\n<meta property=\"og:title\" content=\"Brutalistische Sessel aus Eiche von AWA 70er | Vintage M\u00f6bel kaufen auf KURATO.CH\" \/>\n<meta property=\"og:description\" content=\"Entdecke Vintage M\u00f6bel &amp; Dekoration \u27a4 Brutalistische Sessel aus Eiche von AWA 70er auf Kurato. \u2713Lieferung Schweiz \u271314-Tage R\u00fcckgabe \u2713Secondhand Unikat\" \/>\n<meta property=\"og:url\" content=\"https:\/\/kurato.ch\/fr\/product\/brutalistische-sessel-aus-eiche-von-awa-70er\/\" \/>\n<meta property=\"og:site_name\" content=\"Vintage M\u00f6bel &amp; Dekoration I Kurato\" \/>\n<meta property=\"article:publisher\" content=\"https:\/\/www.facebook.com\/kuratoswitzerland\" \/>\n<meta property=\"article:modified_time\" content=\"2024-01-11T12:40:25+00:00\" \/>\n<meta property=\"og:image\" content=\"https:\/\/kurato.ch\/wp-content\/uploads\/2023\/09\/Brutalistische-Sessel-aus-Eiche-von-AWA-70er-vintage-secondhand-gebraucht-occassion.jpg\" \/>\n\t<meta property=\"og:image:width\" content=\"800\" \/>\n\t<meta property=\"og:image:height\" content=\"800\" \/>\n\t<meta property=\"og:image:type\" content=\"image\/jpeg\" \/>\n<meta name=\"twitter:label1\" content=\"Dur\u00e9e de lecture estim\u00e9e\" \/>\n\t<meta name=\"twitter:data1\" content=\"1 minute\" \/>\n<script type=\"application\/ld+json\" class=\"yoast-schema-graph\">{\"@context\":\"https:\\\/\\\/schema.org\",\"@graph\":[{\"@type\":\"WebPage\",\"@id\":\"https:\\\/\\\/kurato.ch\\\/product\\\/brutalistische-sessel-aus-eiche-von-awa-70er\\\/\",\"url\":\"https:\\\/\\\/kurato.ch\\\/product\\\/brutalistische-sessel-aus-eiche-von-awa-70er\\\/\",\"name\":\"Brutalistische Sessel aus Eiche von AWA 70er | Vintage M\u00f6bel kaufen auf KURATO.CH\",\"isPartOf\":{\"@id\":\"https:\\\/\\\/kurato.ch\\\/#website\"},\"primaryImageOfPage\":{\"@id\":\"https:\\\/\\\/kurato.ch\\\/product\\\/brutalistische-sessel-aus-eiche-von-awa-70er\\\/#primaryimage\"},\"image\":{\"@id\":\"https:\\\/\\\/kurato.ch\\\/product\\\/brutalistische-sessel-aus-eiche-von-awa-70er\\\/#primaryimage\"},\"thumbnailUrl\":\"https:\\\/\\\/kurato.ch\\\/wp-content\\\/uploads\\\/2023\\\/09\\\/Brutalistische-Sessel-aus-Eiche-von-AWA-70er-vintage-secondhand-gebraucht-occassion.jpg\",\"datePublished\":\"2023-09-26T09:20:21+00:00\",\"dateModified\":\"2024-01-11T12:40:25+00:00\",\"description\":\"Entdecke Vintage M\u00f6bel & Dekoration \u27a4 Brutalistische Sessel aus Eiche von AWA 70er auf Kurato. \u2713Lieferung Schweiz \u271314-Tage R\u00fcckgabe \u2713Secondhand Unikat\",\"breadcrumb\":{\"@id\":\"https:\\\/\\\/kurato.ch\\\/product\\\/brutalistische-sessel-aus-eiche-von-awa-70er\\\/#breadcrumb\"},\"inLanguage\":\"fr-FR\",\"potentialAction\":[{\"@type\":\"ReadAction\",\"target\":[\"https:\\\/\\\/kurato.ch\\\/product\\\/brutalistische-sessel-aus-eiche-von-awa-70er\\\/\"]}]},{\"@type\":\"ImageObject\",\"inLanguage\":\"fr-FR\",\"@id\":\"https:\\\/\\\/kurato.ch\\\/product\\\/brutalistische-sessel-aus-eiche-von-awa-70er\\\/#primaryimage\",\"url\":\"https:\\\/\\\/kurato.ch\\\/wp-content\\\/uploads\\\/2023\\\/09\\\/Brutalistische-Sessel-aus-Eiche-von-AWA-70er-vintage-secondhand-gebraucht-occassion.jpg\",\"contentUrl\":\"https:\\\/\\\/kurato.ch\\\/wp-content\\\/uploads\\\/2023\\\/09\\\/Brutalistische-Sessel-aus-Eiche-von-AWA-70er-vintage-secondhand-gebraucht-occassion.jpg\",\"width\":800,\"height\":800,\"caption\":\"Brutalistische Sessel aus Eiche von AWA 70er\"},{\"@type\":\"BreadcrumbList\",\"@id\":\"https:\\\/\\\/kurato.ch\\\/product\\\/brutalistische-sessel-aus-eiche-von-awa-70er\\\/#breadcrumb\",\"itemListElement\":[{\"@type\":\"ListItem\",\"position\":1,\"name\":\"Home\",\"item\":\"https:\\\/\\\/kurato.ch\\\/\"},{\"@type\":\"ListItem\",\"position\":2,\"name\":\"Neuheiten\",\"item\":\"https:\\\/\\\/kurato.ch\\\/neuheiten\\\/\"},{\"@type\":\"ListItem\",\"position\":3,\"name\":\"Brutalistische Sessel aus Eiche von AWA 70er\"}]},{\"@type\":\"WebSite\",\"@id\":\"https:\\\/\\\/kurato.ch\\\/#website\",\"url\":\"https:\\\/\\\/kurato.ch\\\/\",\"name\":\"Vintage M\u00f6bel &amp; Dekoration I Kurato\",\"description\":\"Vintage M\u00f6bel &amp; Dekoration I Kurato\",\"publisher\":{\"@id\":\"https:\\\/\\\/kurato.ch\\\/#organization\"},\"potentialAction\":[{\"@type\":\"SearchAction\",\"target\":{\"@type\":\"EntryPoint\",\"urlTemplate\":\"https:\\\/\\\/kurato.ch\\\/?s={search_term_string}\"},\"query-input\":{\"@type\":\"PropertyValueSpecification\",\"valueRequired\":true,\"valueName\":\"search_term_string\"}}],\"inLanguage\":\"fr-FR\"},{\"@type\":\"Organization\",\"@id\":\"https:\\\/\\\/kurato.ch\\\/#organization\",\"name\":\"Kurato.\",\"url\":\"https:\\\/\\\/kurato.ch\\\/\",\"logo\":{\"@type\":\"ImageObject\",\"inLanguage\":\"fr-FR\",\"@id\":\"https:\\\/\\\/kurato.ch\\\/#\\\/schema\\\/logo\\\/image\\\/\",\"url\":\"\",\"contentUrl\":\"\",\"caption\":\"Kurato.\"},\"image\":{\"@id\":\"https:\\\/\\\/kurato.ch\\\/#\\\/schema\\\/logo\\\/image\\\/\"},\"sameAs\":[\"https:\\\/\\\/www.facebook.com\\\/kuratoswitzerland\",\"https:\\\/\\\/www.instagram.com\\\/kurato.ch\\\/\",\"https:\\\/\\\/www.pinterest.ch\\\/kurato_ch\\\/_created\\\/\"]}]}<\/script>\n<!-- \/ Yoast SEO plugin. -->","yoast_head_json":{"title":"Brutalistische Sessel aus Eiche von AWA 70er | Vintage M\u00f6bel kaufen auf KURATO.CH","description":"Entdecke Vintage M\u00f6bel & Dekoration \u27a4 Brutalistische Sessel aus Eiche von AWA 70er auf Kurato. \u2713Lieferung Schweiz \u271314-Tage R\u00fcckgabe \u2713Secondhand Unikat","robots":{"index":"index","follow":"follow","max-snippet":"max-snippet:-1","max-image-preview":"max-image-preview:large","max-video-preview":"max-video-preview:-1"},"canonical":"https:\/\/kurato.ch\/fr\/product\/brutalistische-sessel-aus-eiche-von-awa-70er\/","og_locale":"fr_FR","og_type":"article","og_title":"Brutalistische Sessel aus Eiche von AWA 70er | Vintage M\u00f6bel kaufen auf KURATO.CH","og_description":"Entdecke Vintage M\u00f6bel & Dekoration \u27a4 Brutalistische Sessel aus Eiche von AWA 70er auf Kurato. \u2713Lieferung Schweiz \u271314-Tage R\u00fcckgabe \u2713Secondhand Unikat","og_url":"https:\/\/kurato.ch\/fr\/product\/brutalistische-sessel-aus-eiche-von-awa-70er\/","og_site_name":"Vintage M\u00f6bel &amp; Dekoration I Kurato","article_publisher":"https:\/\/www.facebook.com\/kuratoswitzerland","article_modified_time":"2024-01-11T12:40:25+00:00","og_image":[{"width":800,"height":800,"url":"https:\/\/kurato.ch\/wp-content\/uploads\/2023\/09\/Brutalistische-Sessel-aus-Eiche-von-AWA-70er-vintage-secondhand-gebraucht-occassion.jpg","type":"image\/jpeg"}],"twitter_misc":{"Dur\u00e9e de lecture estim\u00e9e":"1 minute"},"schema":{"@context":"https:\/\/schema.org","@graph":[{"@type":"WebPage","@id":"https:\/\/kurato.ch\/product\/brutalistische-sessel-aus-eiche-von-awa-70er\/","url":"https:\/\/kurato.ch\/product\/brutalistische-sessel-aus-eiche-von-awa-70er\/","name":"Brutalistische Sessel aus Eiche von AWA 70er | Vintage M\u00f6bel kaufen auf KURATO.CH","isPartOf":{"@id":"https:\/\/kurato.ch\/#website"},"primaryImageOfPage":{"@id":"https:\/\/kurato.ch\/product\/brutalistische-sessel-aus-eiche-von-awa-70er\/#primaryimage"},"image":{"@id":"https:\/\/kurato.ch\/product\/brutalistische-sessel-aus-eiche-von-awa-70er\/#primaryimage"},"thumbnailUrl":"https:\/\/kurato.ch\/wp-content\/uploads\/2023\/09\/Brutalistische-Sessel-aus-Eiche-von-AWA-70er-vintage-secondhand-gebraucht-occassion.jpg","datePublished":"2023-09-26T09:20:21+00:00","dateModified":"2024-01-11T12:40:25+00:00","description":"Entdecke Vintage M\u00f6bel & Dekoration \u27a4 Brutalistische Sessel aus Eiche von AWA 70er auf Kurato. \u2713Lieferung Schweiz \u271314-Tage R\u00fcckgabe \u2713Secondhand Unikat","breadcrumb":{"@id":"https:\/\/kurato.ch\/product\/brutalistische-sessel-aus-eiche-von-awa-70er\/#breadcrumb"},"inLanguage":"fr-FR","potentialAction":[{"@type":"ReadAction","target":["https:\/\/kurato.ch\/product\/brutalistische-sessel-aus-eiche-von-awa-70er\/"]}]},{"@type":"ImageObject","inLanguage":"fr-FR","@id":"https:\/\/kurato.ch\/product\/brutalistische-sessel-aus-eiche-von-awa-70er\/#primaryimage","url":"https:\/\/kurato.ch\/wp-content\/uploads\/2023\/09\/Brutalistische-Sessel-aus-Eiche-von-AWA-70er-vintage-secondhand-gebraucht-occassion.jpg","contentUrl":"https:\/\/kurato.ch\/wp-content\/uploads\/2023\/09\/Brutalistische-Sessel-aus-Eiche-von-AWA-70er-vintage-secondhand-gebraucht-occassion.jpg","width":800,"height":800,"caption":"Brutalistische Sessel aus Eiche von AWA 70er"},{"@type":"BreadcrumbList","@id":"https:\/\/kurato.ch\/product\/brutalistische-sessel-aus-eiche-von-awa-70er\/#breadcrumb","itemListElement":[{"@type":"ListItem","position":1,"name":"Home","item":"https:\/\/kurato.ch\/"},{"@type":"ListItem","position":2,"name":"Neuheiten","item":"https:\/\/kurato.ch\/neuheiten\/"},{"@type":"ListItem","position":3,"name":"Brutalistische Sessel aus Eiche von AWA 70er"}]},{"@type":"WebSite","@id":"https:\/\/kurato.ch\/#website","url":"https:\/\/kurato.ch\/","name":"Meubles vintage &amp; d\u00e9coration I Kurato","description":"Meubles vintage &amp; d\u00e9coration I Kurato","publisher":{"@id":"https:\/\/kurato.ch\/#organization"},"potentialAction":[{"@type":"SearchAction","target":{"@type":"EntryPoint","urlTemplate":"https:\/\/kurato.ch\/?s={search_term_string}"},"query-input":{"@type":"PropertyValueSpecification","valueRequired":true,"valueName":"search_term_string"}}],"inLanguage":"fr-FR"},{"@type":"Organization","@id":"https:\/\/kurato.ch\/#organization","name":"Kurato.","url":"https:\/\/kurato.ch\/","logo":{"@type":"ImageObject","inLanguage":"fr-FR","@id":"https:\/\/kurato.ch\/#\/schema\/logo\/image\/","url":"","contentUrl":"","caption":"Kurato."},"image":{"@id":"https:\/\/kurato.ch\/#\/schema\/logo\/image\/"},"sameAs":["https:\/\/www.facebook.com\/kuratoswitzerland","https:\/\/www.instagram.com\/kurato.ch\/","https:\/\/www.pinterest.ch\/kurato_ch\/_created\/"]}]}},"_links":{"self":[{"href":"https:\/\/kurato.ch\/fr\/wp-json\/wp\/v2\/product\/48659","targetHints":{"allow":["GET"]}}],"collection":[{"href":"https:\/\/kurato.ch\/fr\/wp-json\/wp\/v2\/product"}],"about":[{"href":"https:\/\/kurato.ch\/fr\/wp-json\/wp\/v2\/types\/product"}],"wp:featuredmedia":[{"embeddable":true,"href":"https:\/\/kurato.ch\/fr\/wp-json\/wp\/v2\/media\/48685"}],"wp:attachment":[{"href":"https:\/\/kurato.ch\/fr\/wp-json\/wp\/v2\/media?parent=48659"}],"wp:term":[{"taxonomy":"product_brand","embeddable":true,"href":"https:\/\/kurato.ch\/fr\/wp-json\/wp\/v2\/product_brand?post=48659"},{"taxonomy":"product_cat","embeddable":true,"href":"https:\/\/kurato.ch\/fr\/wp-json\/wp\/v2\/product_cat?post=48659"},{"taxonomy":"product_tag","embeddable":true,"href":"https:\/\/kurato.ch\/fr\/wp-json\/wp\/v2\/product_tag?post=48659"}],"curies":[{"name":"wp","href":"https:\/\/api.w.org\/{rel}","templated":true}]}}