{"id":48665,"date":"2023-09-26T11:10:55","date_gmt":"2023-09-26T09:10:55","guid":{"rendered":"https:\/\/kurato.ch\/fr\/?post_type=product&#038;p=48665"},"modified":"2024-01-11T14:40:35","modified_gmt":"2024-01-11T12:40:35","slug":"sapporo-esstisch-von-mario-marenco-fuer-mobil-girgi-70er","status":"publish","type":"product","link":"https:\/\/kurato.ch\/fr\/product\/sapporo-esstisch-von-mario-marenco-fuer-mobil-girgi-70er\/","title":{"rendered":"Table de salle \u00e0 manger Sapporo de Mario Marenco pour Mobil Girgi ann\u00e9es 70"},"content":{"rendered":"<p>La somptueuse table de l'architecte Mario Marenco est la preuve irr\u00e9futable que les mat\u00e9riaux g\u00e9n\u00e9reux et nobles se suffisent \u00e0 eux-m\u00eames lorsque le design est au rendez-vous.<\/p>\n<p>Comme si le plateau flottait au-dessus de ses pieds l\u00e9g\u00e8rement inclin\u00e9s, cette table est une magnifique pi\u00e8ce de design italien de la seconde moiti\u00e9 du si\u00e8cle dernier, qui t\u00e9moigne de l'utilisation opulente du noyer par son cr\u00e9ateur.<\/p>\n<p>Peut accueillir confortablement 6 personnes.<\/p>\n<p>\u00c9tat<br \/>Tr\u00e8s bon \u00e9tat<\/p>\n<p>Dimensions<br \/>Longueur 210cm \/ Largeur 90cm \/ Hauteur 74cm.<\/p>\n<p>Des photos suppl\u00e9mentaires sont disponibles.<\/p>","protected":false},"excerpt":{"rendered":"<p>Der prunkvolle Tisch des Architekten Mario Marenco ist ein unwiderlegbarer Beweis daf\u00fcr, dass grossz\u00fcgige und edle Materialien sich selbst gen\u00fcgen, wenn das Design stimmt. Als w\u00fcrde die Tischplatte \u00fcber ihren leicht geneigten Beinen schweben, ist dieser Tisch ein wundersch\u00f6nes St\u00fcck italienischen Designs aus der zweiten H\u00e4lfte des letzten Jahrhunderts, das die opulente Verwendung von Walnussholz [&hellip;]<\/p>\n","protected":false},"featured_media":48684,"template":"","meta":{"_acf_changed":false,"site-sidebar-layout":"default","site-content-layout":"","ast-site-content-layout":"default","site-content-style":"default","site-sidebar-style":"default","ast-global-header-display":"","ast-banner-title-visibility":"","ast-main-header-display":"","ast-hfb-above-header-display":"","ast-hfb-below-header-display":"","ast-hfb-mobile-header-display":"","site-post-title":"","ast-breadcrumbs-content":"","ast-featured-img":"","footer-sml-layout":"","ast-disable-related-posts":"","theme-transparent-header-meta":"","adv-header-id-meta":"","stick-header-meta":"","header-above-stick-meta":"","header-main-stick-meta":"","header-below-stick-meta":"","astra-migrate-meta-layouts":"default","ast-page-background-enabled":"default","ast-page-background-meta":{"desktop":{"background-color":"","background-image":"","background-repeat":"repeat","background-position":"center center","background-size":"auto","background-attachment":"scroll","background-type":"","background-media":"","overlay-type":"","overlay-color":"","overlay-opacity":"","overlay-gradient":""},"tablet":{"background-color":"","background-image":"","background-repeat":"repeat","background-position":"center center","background-size":"auto","background-attachment":"scroll","background-type":"","background-media":"","overlay-type":"","overlay-color":"","overlay-opacity":"","overlay-gradient":""},"mobile":{"background-color":"","background-image":"","background-repeat":"repeat","background-position":"center center","background-size":"auto","background-attachment":"scroll","background-type":"","background-media":"","overlay-type":"","overlay-color":"","overlay-opacity":"","overlay-gradient":""}},"ast-content-background-meta":{"desktop":{"background-color":"var(--ast-global-color-5)","background-image":"","background-repeat":"repeat","background-position":"center center","background-size":"auto","background-attachment":"scroll","background-type":"","background-media":"","overlay-type":"","overlay-color":"","overlay-opacity":"","overlay-gradient":""},"tablet":{"background-color":"var(--ast-global-color-5)","background-image":"","background-repeat":"repeat","background-position":"center center","background-size":"auto","background-attachment":"scroll","background-type":"","background-media":"","overlay-type":"","overlay-color":"","overlay-opacity":"","overlay-gradient":""},"mobile":{"background-color":"var(--ast-global-color-5)","background-image":"","background-repeat":"repeat","background-position":"center center","background-size":"auto","background-attachment":"scroll","background-type":"","background-media":"","overlay-type":"","overlay-color":"","overlay-opacity":"","overlay-gradient":""}}},"product_brand":[],"product_cat":[168],"product_tag":[],"class_list":{"0":"post-48665","1":"product","2":"type-product","3":"status-publish","4":"has-post-thumbnail","6":"product_cat-vintage-esstisch","7":"pa_farbe-braun","8":"pa_material-holz","9":"pa_standort-genferseeregion","10":"pa_stil-vintage","11":"desktop-align-left","12":"tablet-align-left","13":"mobile-align-left","15":"first","16":"instock","17":"sold-individually","18":"shipping-taxable","19":"purchasable","20":"product-type-simple"},"acf":[],"yoast_head":"<!-- This site is optimized with the Yoast SEO plugin v27.3 - https:\/\/yoast.com\/product\/yoast-seo-wordpress\/ -->\n<title>Sapporo Esstisch von Mario Marenco f\u00fcr Mobil Girgi 70er | Vintage M\u00f6bel kaufen auf KURATO.CH<\/title>\n<meta name=\"description\" content=\"Entdecke Vintage M\u00f6bel &amp; Dekoration \u27a4 Sapporo Esstisch von Mario Marenco f\u00fcr Mobil Girgi 70er auf Kurato. \u2713Lieferung Schweiz \u271314-Tage R\u00fcckgabe \u2713Secondhand Unikat\" \/>\n<meta name=\"robots\" content=\"index, follow, max-snippet:-1, max-image-preview:large, max-video-preview:-1\" \/>\n<link rel=\"canonical\" href=\"https:\/\/kurato.ch\/fr\/product\/sapporo-esstisch-von-mario-marenco-fuer-mobil-girgi-70er\/\" \/>\n<meta property=\"og:locale\" content=\"fr_FR\" \/>\n<meta property=\"og:type\" content=\"article\" \/>\n<meta property=\"og:title\" content=\"Sapporo Esstisch von Mario Marenco f\u00fcr Mobil Girgi 70er | Vintage M\u00f6bel kaufen auf KURATO.CH\" \/>\n<meta property=\"og:description\" content=\"Entdecke Vintage M\u00f6bel &amp; Dekoration \u27a4 Sapporo Esstisch von Mario Marenco f\u00fcr Mobil Girgi 70er auf Kurato. \u2713Lieferung Schweiz \u271314-Tage R\u00fcckgabe \u2713Secondhand Unikat\" \/>\n<meta property=\"og:url\" content=\"https:\/\/kurato.ch\/fr\/product\/sapporo-esstisch-von-mario-marenco-fuer-mobil-girgi-70er\/\" \/>\n<meta property=\"og:site_name\" content=\"Vintage M\u00f6bel &amp; Dekoration I Kurato\" \/>\n<meta property=\"article:publisher\" content=\"https:\/\/www.facebook.com\/kuratoswitzerland\" \/>\n<meta property=\"article:modified_time\" content=\"2024-01-11T12:40:35+00:00\" \/>\n<meta property=\"og:image\" content=\"https:\/\/kurato.ch\/wp-content\/uploads\/2023\/09\/Sapporo-Esstisch-von-Mario-Marenco-fuer-Mobil-Girgi-70er-vintage-secondhand-gebraucht-occassion.jpg\" \/>\n\t<meta property=\"og:image:width\" content=\"800\" \/>\n\t<meta property=\"og:image:height\" content=\"800\" \/>\n\t<meta property=\"og:image:type\" content=\"image\/jpeg\" \/>\n<script type=\"application\/ld+json\" class=\"yoast-schema-graph\">{\"@context\":\"https:\\\/\\\/schema.org\",\"@graph\":[{\"@type\":\"WebPage\",\"@id\":\"https:\\\/\\\/kurato.ch\\\/product\\\/sapporo-esstisch-von-mario-marenco-fuer-mobil-girgi-70er\\\/\",\"url\":\"https:\\\/\\\/kurato.ch\\\/product\\\/sapporo-esstisch-von-mario-marenco-fuer-mobil-girgi-70er\\\/\",\"name\":\"Sapporo Esstisch von Mario Marenco f\u00fcr Mobil Girgi 70er | Vintage M\u00f6bel kaufen auf KURATO.CH\",\"isPartOf\":{\"@id\":\"https:\\\/\\\/kurato.ch\\\/#website\"},\"primaryImageOfPage\":{\"@id\":\"https:\\\/\\\/kurato.ch\\\/product\\\/sapporo-esstisch-von-mario-marenco-fuer-mobil-girgi-70er\\\/#primaryimage\"},\"image\":{\"@id\":\"https:\\\/\\\/kurato.ch\\\/product\\\/sapporo-esstisch-von-mario-marenco-fuer-mobil-girgi-70er\\\/#primaryimage\"},\"thumbnailUrl\":\"https:\\\/\\\/kurato.ch\\\/wp-content\\\/uploads\\\/2023\\\/09\\\/Sapporo-Esstisch-von-Mario-Marenco-fuer-Mobil-Girgi-70er-vintage-secondhand-gebraucht-occassion.jpg\",\"datePublished\":\"2023-09-26T09:10:55+00:00\",\"dateModified\":\"2024-01-11T12:40:35+00:00\",\"description\":\"Entdecke Vintage M\u00f6bel & Dekoration \u27a4 Sapporo Esstisch von Mario Marenco f\u00fcr Mobil Girgi 70er auf Kurato. \u2713Lieferung Schweiz \u271314-Tage R\u00fcckgabe \u2713Secondhand Unikat\",\"breadcrumb\":{\"@id\":\"https:\\\/\\\/kurato.ch\\\/product\\\/sapporo-esstisch-von-mario-marenco-fuer-mobil-girgi-70er\\\/#breadcrumb\"},\"inLanguage\":\"fr-FR\",\"potentialAction\":[{\"@type\":\"ReadAction\",\"target\":[\"https:\\\/\\\/kurato.ch\\\/product\\\/sapporo-esstisch-von-mario-marenco-fuer-mobil-girgi-70er\\\/\"]}]},{\"@type\":\"ImageObject\",\"inLanguage\":\"fr-FR\",\"@id\":\"https:\\\/\\\/kurato.ch\\\/product\\\/sapporo-esstisch-von-mario-marenco-fuer-mobil-girgi-70er\\\/#primaryimage\",\"url\":\"https:\\\/\\\/kurato.ch\\\/wp-content\\\/uploads\\\/2023\\\/09\\\/Sapporo-Esstisch-von-Mario-Marenco-fuer-Mobil-Girgi-70er-vintage-secondhand-gebraucht-occassion.jpg\",\"contentUrl\":\"https:\\\/\\\/kurato.ch\\\/wp-content\\\/uploads\\\/2023\\\/09\\\/Sapporo-Esstisch-von-Mario-Marenco-fuer-Mobil-Girgi-70er-vintage-secondhand-gebraucht-occassion.jpg\",\"width\":800,\"height\":800,\"caption\":\"Sapporo Esstisch von Mario Marenco f\u00fcr Mobil Girgi 70er\"},{\"@type\":\"BreadcrumbList\",\"@id\":\"https:\\\/\\\/kurato.ch\\\/product\\\/sapporo-esstisch-von-mario-marenco-fuer-mobil-girgi-70er\\\/#breadcrumb\",\"itemListElement\":[{\"@type\":\"ListItem\",\"position\":1,\"name\":\"Home\",\"item\":\"https:\\\/\\\/kurato.ch\\\/\"},{\"@type\":\"ListItem\",\"position\":2,\"name\":\"Neuheiten\",\"item\":\"https:\\\/\\\/kurato.ch\\\/neuheiten\\\/\"},{\"@type\":\"ListItem\",\"position\":3,\"name\":\"Sapporo Esstisch von Mario Marenco f\u00fcr Mobil Girgi 70er\"}]},{\"@type\":\"WebSite\",\"@id\":\"https:\\\/\\\/kurato.ch\\\/#website\",\"url\":\"https:\\\/\\\/kurato.ch\\\/\",\"name\":\"Vintage M\u00f6bel &amp; Dekoration I Kurato\",\"description\":\"Vintage M\u00f6bel &amp; Dekoration I Kurato\",\"publisher\":{\"@id\":\"https:\\\/\\\/kurato.ch\\\/#organization\"},\"potentialAction\":[{\"@type\":\"SearchAction\",\"target\":{\"@type\":\"EntryPoint\",\"urlTemplate\":\"https:\\\/\\\/kurato.ch\\\/?s={search_term_string}\"},\"query-input\":{\"@type\":\"PropertyValueSpecification\",\"valueRequired\":true,\"valueName\":\"search_term_string\"}}],\"inLanguage\":\"fr-FR\"},{\"@type\":\"Organization\",\"@id\":\"https:\\\/\\\/kurato.ch\\\/#organization\",\"name\":\"Kurato.\",\"url\":\"https:\\\/\\\/kurato.ch\\\/\",\"logo\":{\"@type\":\"ImageObject\",\"inLanguage\":\"fr-FR\",\"@id\":\"https:\\\/\\\/kurato.ch\\\/#\\\/schema\\\/logo\\\/image\\\/\",\"url\":\"\",\"contentUrl\":\"\",\"caption\":\"Kurato.\"},\"image\":{\"@id\":\"https:\\\/\\\/kurato.ch\\\/#\\\/schema\\\/logo\\\/image\\\/\"},\"sameAs\":[\"https:\\\/\\\/www.facebook.com\\\/kuratoswitzerland\",\"https:\\\/\\\/www.instagram.com\\\/kurato.ch\\\/\",\"https:\\\/\\\/www.pinterest.ch\\\/kurato_ch\\\/_created\\\/\"]}]}<\/script>\n<!-- \/ Yoast SEO plugin. -->","yoast_head_json":{"title":"Sapporo Esstisch von Mario Marenco f\u00fcr Mobil Girgi 70er | Vintage M\u00f6bel kaufen auf KURATO.CH","description":"Entdecke Vintage M\u00f6bel & Dekoration \u27a4 Sapporo Esstisch von Mario Marenco f\u00fcr Mobil Girgi 70er auf Kurato. \u2713Lieferung Schweiz \u271314-Tage R\u00fcckgabe \u2713Secondhand Unikat","robots":{"index":"index","follow":"follow","max-snippet":"max-snippet:-1","max-image-preview":"max-image-preview:large","max-video-preview":"max-video-preview:-1"},"canonical":"https:\/\/kurato.ch\/fr\/product\/sapporo-esstisch-von-mario-marenco-fuer-mobil-girgi-70er\/","og_locale":"fr_FR","og_type":"article","og_title":"Sapporo Esstisch von Mario Marenco f\u00fcr Mobil Girgi 70er | Vintage M\u00f6bel kaufen auf KURATO.CH","og_description":"Entdecke Vintage M\u00f6bel & Dekoration \u27a4 Sapporo Esstisch von Mario Marenco f\u00fcr Mobil Girgi 70er auf Kurato. \u2713Lieferung Schweiz \u271314-Tage R\u00fcckgabe \u2713Secondhand Unikat","og_url":"https:\/\/kurato.ch\/fr\/product\/sapporo-esstisch-von-mario-marenco-fuer-mobil-girgi-70er\/","og_site_name":"Vintage M\u00f6bel &amp; Dekoration I Kurato","article_publisher":"https:\/\/www.facebook.com\/kuratoswitzerland","article_modified_time":"2024-01-11T12:40:35+00:00","og_image":[{"width":800,"height":800,"url":"https:\/\/kurato.ch\/wp-content\/uploads\/2023\/09\/Sapporo-Esstisch-von-Mario-Marenco-fuer-Mobil-Girgi-70er-vintage-secondhand-gebraucht-occassion.jpg","type":"image\/jpeg"}],"schema":{"@context":"https:\/\/schema.org","@graph":[{"@type":"WebPage","@id":"https:\/\/kurato.ch\/product\/sapporo-esstisch-von-mario-marenco-fuer-mobil-girgi-70er\/","url":"https:\/\/kurato.ch\/product\/sapporo-esstisch-von-mario-marenco-fuer-mobil-girgi-70er\/","name":"Sapporo Esstisch von Mario Marenco f\u00fcr Mobil Girgi 70er | Vintage M\u00f6bel kaufen auf KURATO.CH","isPartOf":{"@id":"https:\/\/kurato.ch\/#website"},"primaryImageOfPage":{"@id":"https:\/\/kurato.ch\/product\/sapporo-esstisch-von-mario-marenco-fuer-mobil-girgi-70er\/#primaryimage"},"image":{"@id":"https:\/\/kurato.ch\/product\/sapporo-esstisch-von-mario-marenco-fuer-mobil-girgi-70er\/#primaryimage"},"thumbnailUrl":"https:\/\/kurato.ch\/wp-content\/uploads\/2023\/09\/Sapporo-Esstisch-von-Mario-Marenco-fuer-Mobil-Girgi-70er-vintage-secondhand-gebraucht-occassion.jpg","datePublished":"2023-09-26T09:10:55+00:00","dateModified":"2024-01-11T12:40:35+00:00","description":"Entdecke Vintage M\u00f6bel & Dekoration \u27a4 Sapporo Esstisch von Mario Marenco f\u00fcr Mobil Girgi 70er auf Kurato. \u2713Lieferung Schweiz \u271314-Tage R\u00fcckgabe \u2713Secondhand Unikat","breadcrumb":{"@id":"https:\/\/kurato.ch\/product\/sapporo-esstisch-von-mario-marenco-fuer-mobil-girgi-70er\/#breadcrumb"},"inLanguage":"fr-FR","potentialAction":[{"@type":"ReadAction","target":["https:\/\/kurato.ch\/product\/sapporo-esstisch-von-mario-marenco-fuer-mobil-girgi-70er\/"]}]},{"@type":"ImageObject","inLanguage":"fr-FR","@id":"https:\/\/kurato.ch\/product\/sapporo-esstisch-von-mario-marenco-fuer-mobil-girgi-70er\/#primaryimage","url":"https:\/\/kurato.ch\/wp-content\/uploads\/2023\/09\/Sapporo-Esstisch-von-Mario-Marenco-fuer-Mobil-Girgi-70er-vintage-secondhand-gebraucht-occassion.jpg","contentUrl":"https:\/\/kurato.ch\/wp-content\/uploads\/2023\/09\/Sapporo-Esstisch-von-Mario-Marenco-fuer-Mobil-Girgi-70er-vintage-secondhand-gebraucht-occassion.jpg","width":800,"height":800,"caption":"Sapporo Esstisch von Mario Marenco f\u00fcr Mobil Girgi 70er"},{"@type":"BreadcrumbList","@id":"https:\/\/kurato.ch\/product\/sapporo-esstisch-von-mario-marenco-fuer-mobil-girgi-70er\/#breadcrumb","itemListElement":[{"@type":"ListItem","position":1,"name":"Home","item":"https:\/\/kurato.ch\/"},{"@type":"ListItem","position":2,"name":"Neuheiten","item":"https:\/\/kurato.ch\/neuheiten\/"},{"@type":"ListItem","position":3,"name":"Sapporo Esstisch von Mario Marenco f\u00fcr Mobil Girgi 70er"}]},{"@type":"WebSite","@id":"https:\/\/kurato.ch\/#website","url":"https:\/\/kurato.ch\/","name":"Meubles vintage &amp; d\u00e9coration I Kurato","description":"Meubles vintage &amp; d\u00e9coration I Kurato","publisher":{"@id":"https:\/\/kurato.ch\/#organization"},"potentialAction":[{"@type":"SearchAction","target":{"@type":"EntryPoint","urlTemplate":"https:\/\/kurato.ch\/?s={search_term_string}"},"query-input":{"@type":"PropertyValueSpecification","valueRequired":true,"valueName":"search_term_string"}}],"inLanguage":"fr-FR"},{"@type":"Organization","@id":"https:\/\/kurato.ch\/#organization","name":"Kurato.","url":"https:\/\/kurato.ch\/","logo":{"@type":"ImageObject","inLanguage":"fr-FR","@id":"https:\/\/kurato.ch\/#\/schema\/logo\/image\/","url":"","contentUrl":"","caption":"Kurato."},"image":{"@id":"https:\/\/kurato.ch\/#\/schema\/logo\/image\/"},"sameAs":["https:\/\/www.facebook.com\/kuratoswitzerland","https:\/\/www.instagram.com\/kurato.ch\/","https:\/\/www.pinterest.ch\/kurato_ch\/_created\/"]}]}},"_links":{"self":[{"href":"https:\/\/kurato.ch\/fr\/wp-json\/wp\/v2\/product\/48665","targetHints":{"allow":["GET"]}}],"collection":[{"href":"https:\/\/kurato.ch\/fr\/wp-json\/wp\/v2\/product"}],"about":[{"href":"https:\/\/kurato.ch\/fr\/wp-json\/wp\/v2\/types\/product"}],"wp:featuredmedia":[{"embeddable":true,"href":"https:\/\/kurato.ch\/fr\/wp-json\/wp\/v2\/media\/48684"}],"wp:attachment":[{"href":"https:\/\/kurato.ch\/fr\/wp-json\/wp\/v2\/media?parent=48665"}],"wp:term":[{"taxonomy":"product_brand","embeddable":true,"href":"https:\/\/kurato.ch\/fr\/wp-json\/wp\/v2\/product_brand?post=48665"},{"taxonomy":"product_cat","embeddable":true,"href":"https:\/\/kurato.ch\/fr\/wp-json\/wp\/v2\/product_cat?post=48665"},{"taxonomy":"product_tag","embeddable":true,"href":"https:\/\/kurato.ch\/fr\/wp-json\/wp\/v2\/product_tag?post=48665"}],"curies":[{"name":"wp","href":"https:\/\/api.w.org\/{rel}","templated":true}]}}