{"id":49302,"date":"2023-11-02T18:34:21","date_gmt":"2023-11-02T16:34:21","guid":{"rendered":"https:\/\/kurato.ch\/?post_type=product&#038;p=49302"},"modified":"2023-11-05T20:52:54","modified_gmt":"2023-11-05T18:52:54","slug":"set-8-pisco-oder-aperitif-glaeser","status":"publish","type":"product","link":"https:\/\/kurato.ch\/fr\/product\/set-8-pisco-oder-aperitif-glaeser\/","title":{"rendered":"Lot de 8 verres \u00e0 Pisco ou \u00e0 ap\u00e9ritif"},"content":{"rendered":"<p>Ces 8 Pisco ou ap\u00e9ritifs fabriqu\u00e9s \u00e0 la main sont originaires du P\u00e9rou, ont environ 50 ans et font partie d'une collection \u00e9largie de verres (105 pi\u00e8ces).<\/p>\n<p>Sur le verre fum\u00e9 fonc\u00e9 se trouvent de g\u00e9n\u00e9reux motifs incas mayas appliqu\u00e9s \u00e0 la main (argent sterling 925).<\/p>\n<p>Chaque verre a des motifs diff\u00e9rents ou individuels de l'\u00e9poque inca, ce qui le rend unique. Les bords des verres sont \u00e9galement d\u00e9cor\u00e9s d'argent.<\/p>\n<p>Quelque chose de sp\u00e9cial et d'exclusif sur la table ou comme d\u00e9coration et pas pour tout le monde. Un vrai point fort.<\/p>\n<p>Par verre :<\/p>\n<p>Volume de remplissage : 100 cc<br \/>Diam\u00e8tre : environ 5 cm<br \/>Hauteur : 7 cm<br \/>Poids : 120 grammes<\/p>","protected":false},"excerpt":{"rendered":"<p>Diese handgefertigten 8 Pisco oder Aperitif stammen aus Peru, sind ca. 50 Jahre alt und sind Teil einer erweiterten Gl\u00e4ser Sammlung (105 Teile). Auf dem dunklen Rauchglas befinden sich grossz\u00fcgige Inka Maya Motive aufgelegt in Handarbeit ( 925 Sterling Silber). Jedes Glas hat verschiedene bzw. individuelle Motive aus der Inka Zeit und sind somit einzigartig. [&hellip;]<\/p>\n","protected":false},"featured_media":49370,"template":"","meta":{"_acf_changed":false,"site-sidebar-layout":"default","site-content-layout":"","ast-site-content-layout":"default","site-content-style":"default","site-sidebar-style":"default","ast-global-header-display":"","ast-banner-title-visibility":"","ast-main-header-display":"","ast-hfb-above-header-display":"","ast-hfb-below-header-display":"","ast-hfb-mobile-header-display":"","site-post-title":"","ast-breadcrumbs-content":"","ast-featured-img":"","footer-sml-layout":"","ast-disable-related-posts":"","theme-transparent-header-meta":"","adv-header-id-meta":"","stick-header-meta":"","header-above-stick-meta":"","header-main-stick-meta":"","header-below-stick-meta":"","astra-migrate-meta-layouts":"default","ast-page-background-enabled":"default","ast-page-background-meta":{"desktop":{"background-color":"","background-image":"","background-repeat":"repeat","background-position":"center center","background-size":"auto","background-attachment":"scroll","background-type":"","background-media":"","overlay-type":"","overlay-color":"","overlay-opacity":"","overlay-gradient":""},"tablet":{"background-color":"","background-image":"","background-repeat":"repeat","background-position":"center center","background-size":"auto","background-attachment":"scroll","background-type":"","background-media":"","overlay-type":"","overlay-color":"","overlay-opacity":"","overlay-gradient":""},"mobile":{"background-color":"","background-image":"","background-repeat":"repeat","background-position":"center center","background-size":"auto","background-attachment":"scroll","background-type":"","background-media":"","overlay-type":"","overlay-color":"","overlay-opacity":"","overlay-gradient":""}},"ast-content-background-meta":{"desktop":{"background-color":"var(--ast-global-color-5)","background-image":"","background-repeat":"repeat","background-position":"center center","background-size":"auto","background-attachment":"scroll","background-type":"","background-media":"","overlay-type":"","overlay-color":"","overlay-opacity":"","overlay-gradient":""},"tablet":{"background-color":"var(--ast-global-color-5)","background-image":"","background-repeat":"repeat","background-position":"center center","background-size":"auto","background-attachment":"scroll","background-type":"","background-media":"","overlay-type":"","overlay-color":"","overlay-opacity":"","overlay-gradient":""},"mobile":{"background-color":"var(--ast-global-color-5)","background-image":"","background-repeat":"repeat","background-position":"center center","background-size":"auto","background-attachment":"scroll","background-type":"","background-media":"","overlay-type":"","overlay-color":"","overlay-opacity":"","overlay-gradient":""}}},"product_brand":[],"product_cat":[102,516],"product_tag":[],"class_list":{"0":"post-49302","1":"product","2":"type-product","3":"status-publish","4":"has-post-thumbnail","6":"product_cat-vintage-glaeser","7":"product_cat-spirituosenglas","8":"pa_farbe-braun","9":"pa_material-glas-kristall","10":"pa_standort-ostschweiz","11":"pa_stil-design","12":"desktop-align-left","13":"tablet-align-left","14":"mobile-align-left","16":"first","17":"instock","18":"shipping-taxable","19":"purchasable","20":"product-type-simple"},"acf":[],"yoast_head":"<!-- This site is optimized with the Yoast SEO plugin v27.4 - https:\/\/yoast.com\/product\/yoast-seo-wordpress\/ -->\n<title>Set 8 Pisco oder Aperitif Gl\u00e4ser | Vintage M\u00f6bel kaufen auf KURATO.CH<\/title>\n<meta name=\"description\" content=\"Entdecke Vintage M\u00f6bel &amp; Dekoration \u27a4 Set 8 Pisco oder Aperitif Gl\u00e4ser auf Kurato. \u2713Lieferung Schweiz \u271314-Tage R\u00fcckgabe \u2713Secondhand Unikat\" \/>\n<meta name=\"robots\" content=\"index, follow, max-snippet:-1, max-image-preview:large, max-video-preview:-1\" \/>\n<link rel=\"canonical\" href=\"https:\/\/kurato.ch\/fr\/product\/set-8-pisco-oder-aperitif-glaeser\/\" \/>\n<meta property=\"og:locale\" content=\"fr_FR\" \/>\n<meta property=\"og:type\" content=\"article\" \/>\n<meta property=\"og:title\" content=\"Set 8 Pisco oder Aperitif Gl\u00e4ser | Vintage M\u00f6bel kaufen auf KURATO.CH\" \/>\n<meta property=\"og:description\" content=\"Entdecke Vintage M\u00f6bel &amp; Dekoration \u27a4 Set 8 Pisco oder Aperitif Gl\u00e4ser auf Kurato. \u2713Lieferung Schweiz \u271314-Tage R\u00fcckgabe \u2713Secondhand Unikat\" \/>\n<meta property=\"og:url\" content=\"https:\/\/kurato.ch\/fr\/product\/set-8-pisco-oder-aperitif-glaeser\/\" \/>\n<meta property=\"og:site_name\" content=\"Vintage M\u00f6bel &amp; Dekoration I Kurato\" \/>\n<meta property=\"article:publisher\" content=\"https:\/\/www.facebook.com\/kuratoswitzerland\" \/>\n<meta property=\"article:modified_time\" content=\"2023-11-05T18:52:54+00:00\" \/>\n<meta property=\"og:image\" content=\"https:\/\/kurato.ch\/wp-content\/uploads\/2023\/11\/Set-8-Pisco-oder-Aperitif-Glaeser-vintage-secondhand-gebraucht-schweiz-43.jpg\" \/>\n\t<meta property=\"og:image:width\" content=\"800\" \/>\n\t<meta property=\"og:image:height\" content=\"800\" \/>\n\t<meta property=\"og:image:type\" content=\"image\/jpeg\" \/>\n<script type=\"application\/ld+json\" class=\"yoast-schema-graph\">{\"@context\":\"https:\\\/\\\/schema.org\",\"@graph\":[{\"@type\":\"WebPage\",\"@id\":\"https:\\\/\\\/kurato.ch\\\/product\\\/set-8-pisco-oder-aperitif-glaeser\\\/\",\"url\":\"https:\\\/\\\/kurato.ch\\\/product\\\/set-8-pisco-oder-aperitif-glaeser\\\/\",\"name\":\"Set 8 Pisco oder Aperitif Gl\u00e4ser | Vintage M\u00f6bel kaufen auf KURATO.CH\",\"isPartOf\":{\"@id\":\"https:\\\/\\\/kurato.ch\\\/#website\"},\"primaryImageOfPage\":{\"@id\":\"https:\\\/\\\/kurato.ch\\\/product\\\/set-8-pisco-oder-aperitif-glaeser\\\/#primaryimage\"},\"image\":{\"@id\":\"https:\\\/\\\/kurato.ch\\\/product\\\/set-8-pisco-oder-aperitif-glaeser\\\/#primaryimage\"},\"thumbnailUrl\":\"https:\\\/\\\/kurato.ch\\\/wp-content\\\/uploads\\\/2023\\\/11\\\/Set-8-Pisco-oder-Aperitif-Glaeser-vintage-secondhand-gebraucht-schweiz-43.jpg\",\"datePublished\":\"2023-11-02T16:34:21+00:00\",\"dateModified\":\"2023-11-05T18:52:54+00:00\",\"description\":\"Entdecke Vintage M\u00f6bel & Dekoration \u27a4 Set 8 Pisco oder Aperitif Gl\u00e4ser auf Kurato. \u2713Lieferung Schweiz \u271314-Tage R\u00fcckgabe \u2713Secondhand Unikat\",\"breadcrumb\":{\"@id\":\"https:\\\/\\\/kurato.ch\\\/product\\\/set-8-pisco-oder-aperitif-glaeser\\\/#breadcrumb\"},\"inLanguage\":\"fr-FR\",\"potentialAction\":[{\"@type\":\"ReadAction\",\"target\":[\"https:\\\/\\\/kurato.ch\\\/product\\\/set-8-pisco-oder-aperitif-glaeser\\\/\"]}]},{\"@type\":\"ImageObject\",\"inLanguage\":\"fr-FR\",\"@id\":\"https:\\\/\\\/kurato.ch\\\/product\\\/set-8-pisco-oder-aperitif-glaeser\\\/#primaryimage\",\"url\":\"https:\\\/\\\/kurato.ch\\\/wp-content\\\/uploads\\\/2023\\\/11\\\/Set-8-Pisco-oder-Aperitif-Glaeser-vintage-secondhand-gebraucht-schweiz-43.jpg\",\"contentUrl\":\"https:\\\/\\\/kurato.ch\\\/wp-content\\\/uploads\\\/2023\\\/11\\\/Set-8-Pisco-oder-Aperitif-Glaeser-vintage-secondhand-gebraucht-schweiz-43.jpg\",\"width\":800,\"height\":800,\"caption\":\"Set 8 Pisco oder Aperitif Gl\u00e4ser\"},{\"@type\":\"BreadcrumbList\",\"@id\":\"https:\\\/\\\/kurato.ch\\\/product\\\/set-8-pisco-oder-aperitif-glaeser\\\/#breadcrumb\",\"itemListElement\":[{\"@type\":\"ListItem\",\"position\":1,\"name\":\"Home\",\"item\":\"https:\\\/\\\/kurato.ch\\\/\"},{\"@type\":\"ListItem\",\"position\":2,\"name\":\"Neuheiten\",\"item\":\"https:\\\/\\\/kurato.ch\\\/neuheiten\\\/\"},{\"@type\":\"ListItem\",\"position\":3,\"name\":\"Set 8 Pisco oder Aperitif Gl\u00e4ser\"}]},{\"@type\":\"WebSite\",\"@id\":\"https:\\\/\\\/kurato.ch\\\/#website\",\"url\":\"https:\\\/\\\/kurato.ch\\\/\",\"name\":\"Vintage M\u00f6bel &amp; Dekoration I Kurato\",\"description\":\"Vintage M\u00f6bel &amp; Dekoration I Kurato\",\"publisher\":{\"@id\":\"https:\\\/\\\/kurato.ch\\\/#organization\"},\"potentialAction\":[{\"@type\":\"SearchAction\",\"target\":{\"@type\":\"EntryPoint\",\"urlTemplate\":\"https:\\\/\\\/kurato.ch\\\/?s={search_term_string}\"},\"query-input\":{\"@type\":\"PropertyValueSpecification\",\"valueRequired\":true,\"valueName\":\"search_term_string\"}}],\"inLanguage\":\"fr-FR\"},{\"@type\":\"Organization\",\"@id\":\"https:\\\/\\\/kurato.ch\\\/#organization\",\"name\":\"Kurato.\",\"url\":\"https:\\\/\\\/kurato.ch\\\/\",\"logo\":{\"@type\":\"ImageObject\",\"inLanguage\":\"fr-FR\",\"@id\":\"https:\\\/\\\/kurato.ch\\\/#\\\/schema\\\/logo\\\/image\\\/\",\"url\":\"\",\"contentUrl\":\"\",\"caption\":\"Kurato.\"},\"image\":{\"@id\":\"https:\\\/\\\/kurato.ch\\\/#\\\/schema\\\/logo\\\/image\\\/\"},\"sameAs\":[\"https:\\\/\\\/www.facebook.com\\\/kuratoswitzerland\",\"https:\\\/\\\/www.instagram.com\\\/kurato.ch\\\/\",\"https:\\\/\\\/www.pinterest.ch\\\/kurato_ch\\\/_created\\\/\"]}]}<\/script>\n<!-- \/ Yoast SEO plugin. -->","yoast_head_json":{"title":"Set 8 Pisco oder Aperitif Gl\u00e4ser | Vintage M\u00f6bel kaufen auf KURATO.CH","description":"Entdecke Vintage M\u00f6bel & Dekoration \u27a4 Set 8 Pisco oder Aperitif Gl\u00e4ser auf Kurato. \u2713Lieferung Schweiz \u271314-Tage R\u00fcckgabe \u2713Secondhand Unikat","robots":{"index":"index","follow":"follow","max-snippet":"max-snippet:-1","max-image-preview":"max-image-preview:large","max-video-preview":"max-video-preview:-1"},"canonical":"https:\/\/kurato.ch\/fr\/product\/set-8-pisco-oder-aperitif-glaeser\/","og_locale":"fr_FR","og_type":"article","og_title":"Set 8 Pisco oder Aperitif Gl\u00e4ser | Vintage M\u00f6bel kaufen auf KURATO.CH","og_description":"Entdecke Vintage M\u00f6bel & Dekoration \u27a4 Set 8 Pisco oder Aperitif Gl\u00e4ser auf Kurato. \u2713Lieferung Schweiz \u271314-Tage R\u00fcckgabe \u2713Secondhand Unikat","og_url":"https:\/\/kurato.ch\/fr\/product\/set-8-pisco-oder-aperitif-glaeser\/","og_site_name":"Vintage M\u00f6bel &amp; Dekoration I Kurato","article_publisher":"https:\/\/www.facebook.com\/kuratoswitzerland","article_modified_time":"2023-11-05T18:52:54+00:00","og_image":[{"width":800,"height":800,"url":"https:\/\/kurato.ch\/wp-content\/uploads\/2023\/11\/Set-8-Pisco-oder-Aperitif-Glaeser-vintage-secondhand-gebraucht-schweiz-43.jpg","type":"image\/jpeg"}],"schema":{"@context":"https:\/\/schema.org","@graph":[{"@type":"WebPage","@id":"https:\/\/kurato.ch\/product\/set-8-pisco-oder-aperitif-glaeser\/","url":"https:\/\/kurato.ch\/product\/set-8-pisco-oder-aperitif-glaeser\/","name":"Set 8 Pisco oder Aperitif Gl\u00e4ser | Vintage M\u00f6bel kaufen auf KURATO.CH","isPartOf":{"@id":"https:\/\/kurato.ch\/#website"},"primaryImageOfPage":{"@id":"https:\/\/kurato.ch\/product\/set-8-pisco-oder-aperitif-glaeser\/#primaryimage"},"image":{"@id":"https:\/\/kurato.ch\/product\/set-8-pisco-oder-aperitif-glaeser\/#primaryimage"},"thumbnailUrl":"https:\/\/kurato.ch\/wp-content\/uploads\/2023\/11\/Set-8-Pisco-oder-Aperitif-Glaeser-vintage-secondhand-gebraucht-schweiz-43.jpg","datePublished":"2023-11-02T16:34:21+00:00","dateModified":"2023-11-05T18:52:54+00:00","description":"Entdecke Vintage M\u00f6bel & Dekoration \u27a4 Set 8 Pisco oder Aperitif Gl\u00e4ser auf Kurato. \u2713Lieferung Schweiz \u271314-Tage R\u00fcckgabe \u2713Secondhand Unikat","breadcrumb":{"@id":"https:\/\/kurato.ch\/product\/set-8-pisco-oder-aperitif-glaeser\/#breadcrumb"},"inLanguage":"fr-FR","potentialAction":[{"@type":"ReadAction","target":["https:\/\/kurato.ch\/product\/set-8-pisco-oder-aperitif-glaeser\/"]}]},{"@type":"ImageObject","inLanguage":"fr-FR","@id":"https:\/\/kurato.ch\/product\/set-8-pisco-oder-aperitif-glaeser\/#primaryimage","url":"https:\/\/kurato.ch\/wp-content\/uploads\/2023\/11\/Set-8-Pisco-oder-Aperitif-Glaeser-vintage-secondhand-gebraucht-schweiz-43.jpg","contentUrl":"https:\/\/kurato.ch\/wp-content\/uploads\/2023\/11\/Set-8-Pisco-oder-Aperitif-Glaeser-vintage-secondhand-gebraucht-schweiz-43.jpg","width":800,"height":800,"caption":"Set 8 Pisco oder Aperitif Gl\u00e4ser"},{"@type":"BreadcrumbList","@id":"https:\/\/kurato.ch\/product\/set-8-pisco-oder-aperitif-glaeser\/#breadcrumb","itemListElement":[{"@type":"ListItem","position":1,"name":"Home","item":"https:\/\/kurato.ch\/"},{"@type":"ListItem","position":2,"name":"Neuheiten","item":"https:\/\/kurato.ch\/neuheiten\/"},{"@type":"ListItem","position":3,"name":"Set 8 Pisco oder Aperitif Gl\u00e4ser"}]},{"@type":"WebSite","@id":"https:\/\/kurato.ch\/#website","url":"https:\/\/kurato.ch\/","name":"Meubles vintage &amp; d\u00e9coration I Kurato","description":"Meubles vintage &amp; d\u00e9coration I Kurato","publisher":{"@id":"https:\/\/kurato.ch\/#organization"},"potentialAction":[{"@type":"SearchAction","target":{"@type":"EntryPoint","urlTemplate":"https:\/\/kurato.ch\/?s={search_term_string}"},"query-input":{"@type":"PropertyValueSpecification","valueRequired":true,"valueName":"search_term_string"}}],"inLanguage":"fr-FR"},{"@type":"Organization","@id":"https:\/\/kurato.ch\/#organization","name":"Kurato.","url":"https:\/\/kurato.ch\/","logo":{"@type":"ImageObject","inLanguage":"fr-FR","@id":"https:\/\/kurato.ch\/#\/schema\/logo\/image\/","url":"","contentUrl":"","caption":"Kurato."},"image":{"@id":"https:\/\/kurato.ch\/#\/schema\/logo\/image\/"},"sameAs":["https:\/\/www.facebook.com\/kuratoswitzerland","https:\/\/www.instagram.com\/kurato.ch\/","https:\/\/www.pinterest.ch\/kurato_ch\/_created\/"]}]}},"_links":{"self":[{"href":"https:\/\/kurato.ch\/fr\/wp-json\/wp\/v2\/product\/49302","targetHints":{"allow":["GET"]}}],"collection":[{"href":"https:\/\/kurato.ch\/fr\/wp-json\/wp\/v2\/product"}],"about":[{"href":"https:\/\/kurato.ch\/fr\/wp-json\/wp\/v2\/types\/product"}],"wp:featuredmedia":[{"embeddable":true,"href":"https:\/\/kurato.ch\/fr\/wp-json\/wp\/v2\/media\/49370"}],"wp:attachment":[{"href":"https:\/\/kurato.ch\/fr\/wp-json\/wp\/v2\/media?parent=49302"}],"wp:term":[{"taxonomy":"product_brand","embeddable":true,"href":"https:\/\/kurato.ch\/fr\/wp-json\/wp\/v2\/product_brand?post=49302"},{"taxonomy":"product_cat","embeddable":true,"href":"https:\/\/kurato.ch\/fr\/wp-json\/wp\/v2\/product_cat?post=49302"},{"taxonomy":"product_tag","embeddable":true,"href":"https:\/\/kurato.ch\/fr\/wp-json\/wp\/v2\/product_tag?post=49302"}],"curies":[{"name":"wp","href":"https:\/\/api.w.org\/{rel}","templated":true}]}}