{"id":49912,"date":"2023-11-13T22:37:31","date_gmt":"2023-11-13T20:37:31","guid":{"rendered":"https:\/\/kurato.ch\/fr\/?post_type=product&#038;p=49912"},"modified":"2026-03-27T17:50:41","modified_gmt":"2026-03-27T15:50:41","slug":"daenisches-modulares-wandregalsystem-von-dieter-reinhold","status":"publish","type":"product","link":"https:\/\/kurato.ch\/fr\/product\/daenisches-modulares-wandregalsystem-von-dieter-reinhold\/","title":{"rendered":"Syst\u00e8me d'\u00e9tag\u00e8res murales modulaire danois de Dieter Reinhold"},"content":{"rendered":"<p>Syst\u00e8me d'\u00e9tag\u00e8res murales modulaires mod\u00e8le WK 192 en teck du designer Dieter Reinhold pour WK M\u00f6bel, \u00e9dit\u00e9 au Danemark dans les ann\u00e9es 1960.<\/p>\n<p>Beaucoup de classe pour cet ensemble dont le syst\u00e8me de suspension repose sur les bords en forme d'aile des \u00e9tag\u00e8res, fabriqu\u00e9es en teck massif.<\/p>\n<p>L'ensemble est en parfait \u00e9tat.<\/p>\n<p>Il est fabriqu\u00e9 en teck et se compose de cinq supports m\u00e9talliques, de 17 \u00e9tag\u00e8res de trois largeurs diff\u00e9rentes (49,5 cm, 66 cm et 99,5 cm) et d'un caisson avec deux portes. Les photos montrent une partie de l'ensemble.<\/p>\n<p>Dimensions :<br \/>Largeur totale 263 cm.<br \/>Hauteur r\u00e9glable de 145 cm \u00e0 180 cm.<\/p>\n<p>Entdecken Sie unsere anderen Vintage-Designartikel, indem Sie rechts auf &#8222;Shop dieses Verk\u00e4ufers anzeigen&#8220; gehen.<\/p>\n<p>Auf Angebot ist eine Lieferung in die Schweiz m\u00f6glich.<\/p>","protected":false},"excerpt":{"rendered":"<p>Modulares Wandregalsystem Modell WK 192 aus Teakholz des Designers Dieter Reinhold f\u00fcr WK M\u00f6bel, das in den 1960er Jahren in D\u00e4nemark herausgegeben wurde. Viel Klasse f\u00fcr diese Einheit, deren Aufh\u00e4ngungssystem auf den fl\u00fcgelf\u00f6rmigen Kanten der Regale ruht, die aus massivem Teakholz gefertigt sind. Das Ganze befindet sich in einem tadellosen Zustand. Es ist aus Teakholz [&hellip;]<\/p>\n","protected":false},"featured_media":49932,"template":"","meta":{"_acf_changed":false,"site-sidebar-layout":"default","site-content-layout":"","ast-site-content-layout":"default","site-content-style":"default","site-sidebar-style":"default","ast-global-header-display":"","ast-banner-title-visibility":"","ast-main-header-display":"","ast-hfb-above-header-display":"","ast-hfb-below-header-display":"","ast-hfb-mobile-header-display":"","site-post-title":"","ast-breadcrumbs-content":"","ast-featured-img":"","footer-sml-layout":"","ast-disable-related-posts":"","theme-transparent-header-meta":"default","adv-header-id-meta":"","stick-header-meta":"default","header-above-stick-meta":"","header-main-stick-meta":"","header-below-stick-meta":"","astra-migrate-meta-layouts":"set","ast-page-background-enabled":"default","ast-page-background-meta":{"desktop":{"background-color":"","background-image":"","background-repeat":"repeat","background-position":"center center","background-size":"auto","background-attachment":"scroll","background-type":"","background-media":"","overlay-type":"","overlay-color":"","overlay-opacity":"","overlay-gradient":""},"tablet":{"background-color":"","background-image":"","background-repeat":"repeat","background-position":"center center","background-size":"auto","background-attachment":"scroll","background-type":"","background-media":"","overlay-type":"","overlay-color":"","overlay-opacity":"","overlay-gradient":""},"mobile":{"background-color":"","background-image":"","background-repeat":"repeat","background-position":"center center","background-size":"auto","background-attachment":"scroll","background-type":"","background-media":"","overlay-type":"","overlay-color":"","overlay-opacity":"","overlay-gradient":""}},"ast-content-background-meta":{"desktop":{"background-color":"var(--ast-global-color-5)","background-image":"","background-repeat":"repeat","background-position":"center center","background-size":"auto","background-attachment":"scroll","background-type":"","background-media":"","overlay-type":"","overlay-color":"","overlay-opacity":"","overlay-gradient":""},"tablet":{"background-color":"var(--ast-global-color-5)","background-image":"","background-repeat":"repeat","background-position":"center center","background-size":"auto","background-attachment":"scroll","background-type":"","background-media":"","overlay-type":"","overlay-color":"","overlay-opacity":"","overlay-gradient":""},"mobile":{"background-color":"var(--ast-global-color-5)","background-image":"","background-repeat":"repeat","background-position":"center center","background-size":"auto","background-attachment":"scroll","background-type":"","background-media":"","overlay-type":"","overlay-color":"","overlay-opacity":"","overlay-gradient":""}}},"product_brand":[],"product_cat":[136],"product_tag":[],"class_list":{"0":"post-49912","1":"product","2":"type-product","3":"status-publish","4":"has-post-thumbnail","6":"product_cat-vintage-wandregal-bibliothek","7":"pa_designer-autres","8":"pa_farbe-braun","9":"pa_material-holz","10":"pa_standort-genferseeregion","11":"pa_stil-skandinavisch-mid-century","12":"desktop-align-left","13":"tablet-align-left","14":"mobile-align-left","16":"first","17":"instock","18":"sold-individually","19":"shipping-taxable","20":"purchasable","21":"product-type-simple"},"acf":[],"yoast_head":"<!-- This site is optimized with the Yoast SEO plugin v27.6 - https:\/\/yoast.com\/product\/yoast-seo-wordpress\/ -->\n<title>D\u00e4nisches modulares Wandregalsystem von Dieter Reinhold | Vintage M\u00f6bel kaufen auf KURATO.CH<\/title>\n<meta name=\"description\" content=\"Entdecke Vintage M\u00f6bel &amp; Dekoration \u27a4 D\u00e4nisches modulares Wandregalsystem von Dieter Reinhold auf Kurato. \u2713Lieferung Schweiz \u271314-Tage R\u00fcckgabe \u2713Secondhand Unikat\" \/>\n<meta name=\"robots\" content=\"index, follow, max-snippet:-1, max-image-preview:large, max-video-preview:-1\" \/>\n<link rel=\"canonical\" href=\"https:\/\/kurato.ch\/fr\/product\/daenisches-modulares-wandregalsystem-von-dieter-reinhold\/\" \/>\n<meta property=\"og:locale\" content=\"fr_FR\" \/>\n<meta property=\"og:type\" content=\"article\" \/>\n<meta property=\"og:title\" content=\"D\u00e4nisches modulares Wandregalsystem von Dieter Reinhold | Vintage M\u00f6bel kaufen auf KURATO.CH\" \/>\n<meta property=\"og:description\" content=\"Entdecke Vintage M\u00f6bel &amp; Dekoration \u27a4 D\u00e4nisches modulares Wandregalsystem von Dieter Reinhold auf Kurato. \u2713Lieferung Schweiz \u271314-Tage R\u00fcckgabe \u2713Secondhand Unikat\" \/>\n<meta property=\"og:url\" content=\"https:\/\/kurato.ch\/fr\/product\/daenisches-modulares-wandregalsystem-von-dieter-reinhold\/\" \/>\n<meta property=\"og:site_name\" content=\"Vintage M\u00f6bel &amp; Dekoration I Kurato\" \/>\n<meta property=\"article:publisher\" content=\"https:\/\/www.facebook.com\/kuratoswitzerland\" \/>\n<meta property=\"article:modified_time\" content=\"2026-03-27T15:50:41+00:00\" \/>\n<meta property=\"og:image\" content=\"https:\/\/kurato.ch\/wp-content\/uploads\/2023\/11\/Daenisches-modulares-Wandregalsystem-von-Dieter-Reinhold-vintage-secondhand-gebraucht-schweiz.jpg\" \/>\n\t<meta property=\"og:image:width\" content=\"800\" \/>\n\t<meta property=\"og:image:height\" content=\"800\" \/>\n\t<meta property=\"og:image:type\" content=\"image\/jpeg\" \/>\n<meta name=\"twitter:label1\" content=\"Dur\u00e9e de lecture estim\u00e9e\" \/>\n\t<meta name=\"twitter:data1\" content=\"1 minute\" \/>\n<script type=\"application\/ld+json\" class=\"yoast-schema-graph\">{\"@context\":\"https:\\\/\\\/schema.org\",\"@graph\":[{\"@type\":\"WebPage\",\"@id\":\"https:\\\/\\\/kurato.ch\\\/product\\\/daenisches-modulares-wandregalsystem-von-dieter-reinhold\\\/\",\"url\":\"https:\\\/\\\/kurato.ch\\\/product\\\/daenisches-modulares-wandregalsystem-von-dieter-reinhold\\\/\",\"name\":\"D\u00e4nisches modulares Wandregalsystem von Dieter Reinhold | Vintage M\u00f6bel kaufen auf KURATO.CH\",\"isPartOf\":{\"@id\":\"https:\\\/\\\/kurato.ch\\\/#website\"},\"primaryImageOfPage\":{\"@id\":\"https:\\\/\\\/kurato.ch\\\/product\\\/daenisches-modulares-wandregalsystem-von-dieter-reinhold\\\/#primaryimage\"},\"image\":{\"@id\":\"https:\\\/\\\/kurato.ch\\\/product\\\/daenisches-modulares-wandregalsystem-von-dieter-reinhold\\\/#primaryimage\"},\"thumbnailUrl\":\"https:\\\/\\\/kurato.ch\\\/wp-content\\\/uploads\\\/2023\\\/11\\\/Daenisches-modulares-Wandregalsystem-von-Dieter-Reinhold-vintage-secondhand-gebraucht-schweiz.jpg\",\"datePublished\":\"2023-11-13T20:37:31+00:00\",\"dateModified\":\"2026-03-27T15:50:41+00:00\",\"description\":\"Entdecke Vintage M\u00f6bel & Dekoration \u27a4 D\u00e4nisches modulares Wandregalsystem von Dieter Reinhold auf Kurato. \u2713Lieferung Schweiz \u271314-Tage R\u00fcckgabe \u2713Secondhand Unikat\",\"breadcrumb\":{\"@id\":\"https:\\\/\\\/kurato.ch\\\/product\\\/daenisches-modulares-wandregalsystem-von-dieter-reinhold\\\/#breadcrumb\"},\"inLanguage\":\"fr-FR\",\"potentialAction\":[{\"@type\":\"ReadAction\",\"target\":[\"https:\\\/\\\/kurato.ch\\\/product\\\/daenisches-modulares-wandregalsystem-von-dieter-reinhold\\\/\"]}]},{\"@type\":\"ImageObject\",\"inLanguage\":\"fr-FR\",\"@id\":\"https:\\\/\\\/kurato.ch\\\/product\\\/daenisches-modulares-wandregalsystem-von-dieter-reinhold\\\/#primaryimage\",\"url\":\"https:\\\/\\\/kurato.ch\\\/wp-content\\\/uploads\\\/2023\\\/11\\\/Daenisches-modulares-Wandregalsystem-von-Dieter-Reinhold-vintage-secondhand-gebraucht-schweiz.jpg\",\"contentUrl\":\"https:\\\/\\\/kurato.ch\\\/wp-content\\\/uploads\\\/2023\\\/11\\\/Daenisches-modulares-Wandregalsystem-von-Dieter-Reinhold-vintage-secondhand-gebraucht-schweiz.jpg\",\"width\":800,\"height\":800,\"caption\":\"Da\u0308nisches modulares Wandregalsystem von Dieter Reinhold-\"},{\"@type\":\"BreadcrumbList\",\"@id\":\"https:\\\/\\\/kurato.ch\\\/product\\\/daenisches-modulares-wandregalsystem-von-dieter-reinhold\\\/#breadcrumb\",\"itemListElement\":[{\"@type\":\"ListItem\",\"position\":1,\"name\":\"Home\",\"item\":\"https:\\\/\\\/kurato.ch\\\/\"},{\"@type\":\"ListItem\",\"position\":2,\"name\":\"Neuheiten\",\"item\":\"https:\\\/\\\/kurato.ch\\\/neuheiten\\\/\"},{\"@type\":\"ListItem\",\"position\":3,\"name\":\"D\u00e4nisches modulares Wandregalsystem von Dieter Reinhold\"}]},{\"@type\":\"WebSite\",\"@id\":\"https:\\\/\\\/kurato.ch\\\/#website\",\"url\":\"https:\\\/\\\/kurato.ch\\\/\",\"name\":\"Vintage M\u00f6bel &amp; Dekoration I Kurato\",\"description\":\"Vintage M\u00f6bel &amp; Dekoration I Kurato\",\"publisher\":{\"@id\":\"https:\\\/\\\/kurato.ch\\\/#organization\"},\"potentialAction\":[{\"@type\":\"SearchAction\",\"target\":{\"@type\":\"EntryPoint\",\"urlTemplate\":\"https:\\\/\\\/kurato.ch\\\/?s={search_term_string}\"},\"query-input\":{\"@type\":\"PropertyValueSpecification\",\"valueRequired\":true,\"valueName\":\"search_term_string\"}}],\"inLanguage\":\"fr-FR\"},{\"@type\":\"Organization\",\"@id\":\"https:\\\/\\\/kurato.ch\\\/#organization\",\"name\":\"Kurato.\",\"url\":\"https:\\\/\\\/kurato.ch\\\/\",\"logo\":{\"@type\":\"ImageObject\",\"inLanguage\":\"fr-FR\",\"@id\":\"https:\\\/\\\/kurato.ch\\\/#\\\/schema\\\/logo\\\/image\\\/\",\"url\":\"\",\"contentUrl\":\"\",\"caption\":\"Kurato.\"},\"image\":{\"@id\":\"https:\\\/\\\/kurato.ch\\\/#\\\/schema\\\/logo\\\/image\\\/\"},\"sameAs\":[\"https:\\\/\\\/www.facebook.com\\\/kuratoswitzerland\",\"https:\\\/\\\/www.instagram.com\\\/kurato.ch\\\/\",\"https:\\\/\\\/www.pinterest.ch\\\/kurato_ch\\\/_created\\\/\"]}]}<\/script>\n<!-- \/ Yoast SEO plugin. -->","yoast_head_json":{"title":"D\u00e4nisches modulares Wandregalsystem von Dieter Reinhold | Vintage M\u00f6bel kaufen auf KURATO.CH","description":"Entdecke Vintage M\u00f6bel & Dekoration \u27a4 D\u00e4nisches modulares Wandregalsystem von Dieter Reinhold auf Kurato. \u2713Lieferung Schweiz \u271314-Tage R\u00fcckgabe \u2713Secondhand Unikat","robots":{"index":"index","follow":"follow","max-snippet":"max-snippet:-1","max-image-preview":"max-image-preview:large","max-video-preview":"max-video-preview:-1"},"canonical":"https:\/\/kurato.ch\/fr\/product\/daenisches-modulares-wandregalsystem-von-dieter-reinhold\/","og_locale":"fr_FR","og_type":"article","og_title":"D\u00e4nisches modulares Wandregalsystem von Dieter Reinhold | Vintage M\u00f6bel kaufen auf KURATO.CH","og_description":"Entdecke Vintage M\u00f6bel & Dekoration \u27a4 D\u00e4nisches modulares Wandregalsystem von Dieter Reinhold auf Kurato. \u2713Lieferung Schweiz \u271314-Tage R\u00fcckgabe \u2713Secondhand Unikat","og_url":"https:\/\/kurato.ch\/fr\/product\/daenisches-modulares-wandregalsystem-von-dieter-reinhold\/","og_site_name":"Vintage M\u00f6bel &amp; Dekoration I Kurato","article_publisher":"https:\/\/www.facebook.com\/kuratoswitzerland","article_modified_time":"2026-03-27T15:50:41+00:00","og_image":[{"width":800,"height":800,"url":"https:\/\/kurato.ch\/wp-content\/uploads\/2023\/11\/Daenisches-modulares-Wandregalsystem-von-Dieter-Reinhold-vintage-secondhand-gebraucht-schweiz.jpg","type":"image\/jpeg"}],"twitter_misc":{"Dur\u00e9e de lecture estim\u00e9e":"1 minute"},"schema":{"@context":"https:\/\/schema.org","@graph":[{"@type":"WebPage","@id":"https:\/\/kurato.ch\/product\/daenisches-modulares-wandregalsystem-von-dieter-reinhold\/","url":"https:\/\/kurato.ch\/product\/daenisches-modulares-wandregalsystem-von-dieter-reinhold\/","name":"D\u00e4nisches modulares Wandregalsystem von Dieter Reinhold | Vintage M\u00f6bel kaufen auf KURATO.CH","isPartOf":{"@id":"https:\/\/kurato.ch\/#website"},"primaryImageOfPage":{"@id":"https:\/\/kurato.ch\/product\/daenisches-modulares-wandregalsystem-von-dieter-reinhold\/#primaryimage"},"image":{"@id":"https:\/\/kurato.ch\/product\/daenisches-modulares-wandregalsystem-von-dieter-reinhold\/#primaryimage"},"thumbnailUrl":"https:\/\/kurato.ch\/wp-content\/uploads\/2023\/11\/Daenisches-modulares-Wandregalsystem-von-Dieter-Reinhold-vintage-secondhand-gebraucht-schweiz.jpg","datePublished":"2023-11-13T20:37:31+00:00","dateModified":"2026-03-27T15:50:41+00:00","description":"Entdecke Vintage M\u00f6bel & Dekoration \u27a4 D\u00e4nisches modulares Wandregalsystem von Dieter Reinhold auf Kurato. \u2713Lieferung Schweiz \u271314-Tage R\u00fcckgabe \u2713Secondhand Unikat","breadcrumb":{"@id":"https:\/\/kurato.ch\/product\/daenisches-modulares-wandregalsystem-von-dieter-reinhold\/#breadcrumb"},"inLanguage":"fr-FR","potentialAction":[{"@type":"ReadAction","target":["https:\/\/kurato.ch\/product\/daenisches-modulares-wandregalsystem-von-dieter-reinhold\/"]}]},{"@type":"ImageObject","inLanguage":"fr-FR","@id":"https:\/\/kurato.ch\/product\/daenisches-modulares-wandregalsystem-von-dieter-reinhold\/#primaryimage","url":"https:\/\/kurato.ch\/wp-content\/uploads\/2023\/11\/Daenisches-modulares-Wandregalsystem-von-Dieter-Reinhold-vintage-secondhand-gebraucht-schweiz.jpg","contentUrl":"https:\/\/kurato.ch\/wp-content\/uploads\/2023\/11\/Daenisches-modulares-Wandregalsystem-von-Dieter-Reinhold-vintage-secondhand-gebraucht-schweiz.jpg","width":800,"height":800,"caption":"Da\u0308nisches modulares Wandregalsystem von Dieter Reinhold-"},{"@type":"BreadcrumbList","@id":"https:\/\/kurato.ch\/product\/daenisches-modulares-wandregalsystem-von-dieter-reinhold\/#breadcrumb","itemListElement":[{"@type":"ListItem","position":1,"name":"Home","item":"https:\/\/kurato.ch\/"},{"@type":"ListItem","position":2,"name":"Neuheiten","item":"https:\/\/kurato.ch\/neuheiten\/"},{"@type":"ListItem","position":3,"name":"D\u00e4nisches modulares Wandregalsystem von Dieter Reinhold"}]},{"@type":"WebSite","@id":"https:\/\/kurato.ch\/#website","url":"https:\/\/kurato.ch\/","name":"Meubles vintage &amp; d\u00e9coration I Kurato","description":"Meubles vintage &amp; d\u00e9coration I Kurato","publisher":{"@id":"https:\/\/kurato.ch\/#organization"},"potentialAction":[{"@type":"SearchAction","target":{"@type":"EntryPoint","urlTemplate":"https:\/\/kurato.ch\/?s={search_term_string}"},"query-input":{"@type":"PropertyValueSpecification","valueRequired":true,"valueName":"search_term_string"}}],"inLanguage":"fr-FR"},{"@type":"Organization","@id":"https:\/\/kurato.ch\/#organization","name":"Kurato.","url":"https:\/\/kurato.ch\/","logo":{"@type":"ImageObject","inLanguage":"fr-FR","@id":"https:\/\/kurato.ch\/#\/schema\/logo\/image\/","url":"","contentUrl":"","caption":"Kurato."},"image":{"@id":"https:\/\/kurato.ch\/#\/schema\/logo\/image\/"},"sameAs":["https:\/\/www.facebook.com\/kuratoswitzerland","https:\/\/www.instagram.com\/kurato.ch\/","https:\/\/www.pinterest.ch\/kurato_ch\/_created\/"]}]}},"_links":{"self":[{"href":"https:\/\/kurato.ch\/fr\/wp-json\/wp\/v2\/product\/49912","targetHints":{"allow":["GET"]}}],"collection":[{"href":"https:\/\/kurato.ch\/fr\/wp-json\/wp\/v2\/product"}],"about":[{"href":"https:\/\/kurato.ch\/fr\/wp-json\/wp\/v2\/types\/product"}],"wp:featuredmedia":[{"embeddable":true,"href":"https:\/\/kurato.ch\/fr\/wp-json\/wp\/v2\/media\/49932"}],"wp:attachment":[{"href":"https:\/\/kurato.ch\/fr\/wp-json\/wp\/v2\/media?parent=49912"}],"wp:term":[{"taxonomy":"product_brand","embeddable":true,"href":"https:\/\/kurato.ch\/fr\/wp-json\/wp\/v2\/product_brand?post=49912"},{"taxonomy":"product_cat","embeddable":true,"href":"https:\/\/kurato.ch\/fr\/wp-json\/wp\/v2\/product_cat?post=49912"},{"taxonomy":"product_tag","embeddable":true,"href":"https:\/\/kurato.ch\/fr\/wp-json\/wp\/v2\/product_tag?post=49912"}],"curies":[{"name":"wp","href":"https:\/\/api.w.org\/{rel}","templated":true}]}}