{"id":50075,"date":"2023-11-19T21:45:40","date_gmt":"2023-11-19T19:45:40","guid":{"rendered":"https:\/\/kurato.ch\/?post_type=product&#038;p=50075"},"modified":"2023-11-19T21:45:42","modified_gmt":"2023-11-19T19:45:42","slug":"vase-rimini-blu-aldo-londi-fuer-bitossi-60er","status":"publish","type":"product","link":"https:\/\/kurato.ch\/fr\/product\/vase-rimini-blu-aldo-londi-fuer-bitossi-60er\/","title":{"rendered":"Vase &#8218;Rimini Blu&#8216; Aldo Londi f\u00fcr Bitossi 60er"},"content":{"rendered":"<p>Eine atemberaubende und sch\u00f6n erhaltene gro\u00dfe Keramikvase &#8222;Rimini Blu&#8220; des italienischen Keramikmeisters Aldo Londi (1911-2003) f\u00fcr Bitossi, Italien.<\/p>\n<p>Cette pi\u00e8ce est l'une de mes d\u00e9couvertes les plus passionnantes \u00e0 ce jour. J'ai imm\u00e9diatement reconnu qu'il s'agissait d'une pi\u00e8ce de Londi, avec son \u00e9mail bleu-vert brillant caract\u00e9ristique tachet\u00e9 de grains d'argile naturelle, qui serait inspir\u00e9 de la mer Adriatique, et sa frise compliqu\u00e9e d'empreintes g\u00e9om\u00e9triques abstraites que Londi cr\u00e9ait avec de petits outils qu'il collectionnait dans sa poche au quotidien. N\u00e9anmoins, j'\u00e9tais perplexe lorsque j'ai retourn\u00e9 le lourd vase et que je n'ai pas trouv\u00e9 la marque du fabricant. Apr\u00e8s de nombreuses recherches et un \u00e9change d'e-mails avec la Fondazione Vittoriano Bitossi \u00e0 Florence, j'ai pu confirmer qu'il s'agissait bien d'une pi\u00e8ce authentique de Londi datant des ann\u00e9es 1960-1961. Selon l'expert italien en c\u00e9ramique Walter Del Pellegrino, m\u00eame si Bitossi marquait g\u00e9n\u00e9ralement ses pi\u00e8ces, il lui arrivait d'en \u00e9diter des exemplaires non marqu\u00e9s. Cela se produisait lorsque de grands et importants importateurs le demandaient, au motif que leurs clients ne pouvaient pas obtenir les m\u00eames pi\u00e8ces ailleurs.<\/p>\n<p>Diese Vase ist ein wirklich au\u00dfergew\u00f6hnliches Kunstwerk, das von talentierten Handwerkern in Handarbeit hergestellt wurde und sich in einem ausgezeichneten Vintage-Zustand befindet. Die Serie &#8222;Rimini Blu&#8220; ist ein begehrtes Sammlerst\u00fcck und erfreut sich auch heute noch gro\u00dfer Beliebtheit, so dass Bitossi im Jahr 2001 begann, bestimmte Londi-Designs neu aufzulegen. Im Gegensatz zu den Neuauflagen wurden die alten Londi-St\u00fccke jedoch von Hand und nicht mit Hilfe von Gussformen hergestellt und haben daher einen st\u00e4rkeren Charakter und ein echtes handgefertigtes Gef\u00fchl. Wie immer gilt: Vintage ist Trumpf.<\/p>\n<p>Cette pi\u00e8ce spectaculaire mesure 42 cm de haut et 12 cm de diam\u00e8tre \u00e0 la base. Elle est dans un excellent \u00e9tat vintage. La correspondance relative \u00e0 l'authentification est disponible pour les acheteurs potentiels.<\/p>","protected":false},"excerpt":{"rendered":"<p>Eine atemberaubende und sch\u00f6n erhaltene gro\u00dfe Keramikvase &#8222;Rimini Blu&#8220; des italienischen Keramikmeisters Aldo Londi (1911-2003) f\u00fcr Bitossi, Italien. Dieses St\u00fcck ist einer meiner aufregendsten Funde bis heute. Ich erkannte sofort, dass es sich um ein Londi-St\u00fcck handelte, mit seiner charakteristischen, gl\u00e4nzenden blaugr\u00fcnen Glasur mit Flecken aus nat\u00fcrlichem Tonkorn, die vom adriatischen Meer inspiriert sein soll, [&hellip;]<\/p>\n","protected":false},"featured_media":50101,"template":"","meta":{"_acf_changed":false,"site-sidebar-layout":"default","site-content-layout":"","ast-site-content-layout":"default","site-content-style":"default","site-sidebar-style":"default","ast-global-header-display":"","ast-banner-title-visibility":"","ast-main-header-display":"","ast-hfb-above-header-display":"","ast-hfb-below-header-display":"","ast-hfb-mobile-header-display":"","site-post-title":"","ast-breadcrumbs-content":"","ast-featured-img":"","footer-sml-layout":"","ast-disable-related-posts":"","theme-transparent-header-meta":"","adv-header-id-meta":"","stick-header-meta":"","header-above-stick-meta":"","header-main-stick-meta":"","header-below-stick-meta":"","astra-migrate-meta-layouts":"default","ast-page-background-enabled":"default","ast-page-background-meta":{"desktop":{"background-color":"","background-image":"","background-repeat":"repeat","background-position":"center center","background-size":"auto","background-attachment":"scroll","background-type":"","background-media":"","overlay-type":"","overlay-color":"","overlay-opacity":"","overlay-gradient":""},"tablet":{"background-color":"","background-image":"","background-repeat":"repeat","background-position":"center center","background-size":"auto","background-attachment":"scroll","background-type":"","background-media":"","overlay-type":"","overlay-color":"","overlay-opacity":"","overlay-gradient":""},"mobile":{"background-color":"","background-image":"","background-repeat":"repeat","background-position":"center center","background-size":"auto","background-attachment":"scroll","background-type":"","background-media":"","overlay-type":"","overlay-color":"","overlay-opacity":"","overlay-gradient":""}},"ast-content-background-meta":{"desktop":{"background-color":"var(--ast-global-color-5)","background-image":"","background-repeat":"repeat","background-position":"center center","background-size":"auto","background-attachment":"scroll","background-type":"","background-media":"","overlay-type":"","overlay-color":"","overlay-opacity":"","overlay-gradient":""},"tablet":{"background-color":"var(--ast-global-color-5)","background-image":"","background-repeat":"repeat","background-position":"center center","background-size":"auto","background-attachment":"scroll","background-type":"","background-media":"","overlay-type":"","overlay-color":"","overlay-opacity":"","overlay-gradient":""},"mobile":{"background-color":"var(--ast-global-color-5)","background-image":"","background-repeat":"repeat","background-position":"center center","background-size":"auto","background-attachment":"scroll","background-type":"","background-media":"","overlay-type":"","overlay-color":"","overlay-opacity":"","overlay-gradient":""}}},"product_brand":[],"product_cat":[90],"product_tag":[],"class_list":{"0":"post-50075","1":"product","2":"type-product","3":"status-publish","4":"has-post-thumbnail","6":"product_cat-vintage-vasen-keramik","7":"pa_farbe-blau","8":"pa_material-keramik","9":"pa_standort-zurich","10":"pa_stil-design","11":"desktop-align-left","12":"tablet-align-left","13":"mobile-align-left","15":"first","16":"instock","17":"sold-individually","18":"shipping-taxable","19":"purchasable","20":"product-type-simple"},"acf":[],"yoast_head":"<!-- This site is optimized with the Yoast SEO plugin v27.3 - https:\/\/yoast.com\/product\/yoast-seo-wordpress\/ -->\n<title>Vase &#039;Rimini Blu&#039; Aldo Londi f\u00fcr Bitossi 60er | Vintage M\u00f6bel kaufen auf KURATO.CH<\/title>\n<meta name=\"description\" content=\"Entdecke Vintage M\u00f6bel &amp; Dekoration \u27a4 Vase &#039;Rimini Blu&#039; Aldo Londi f\u00fcr Bitossi 60er auf Kurato. \u2713Lieferung Schweiz \u271314-Tage R\u00fcckgabe \u2713Secondhand Unikat\" \/>\n<meta name=\"robots\" content=\"index, follow, max-snippet:-1, max-image-preview:large, max-video-preview:-1\" \/>\n<link rel=\"canonical\" href=\"https:\/\/kurato.ch\/fr\/product\/vase-rimini-blu-aldo-londi-fuer-bitossi-60er\/\" \/>\n<meta property=\"og:locale\" content=\"fr_FR\" \/>\n<meta property=\"og:type\" content=\"article\" \/>\n<meta property=\"og:title\" content=\"Vase &#039;Rimini Blu&#039; Aldo Londi f\u00fcr Bitossi 60er | Vintage M\u00f6bel kaufen auf KURATO.CH\" \/>\n<meta property=\"og:description\" content=\"Entdecke Vintage M\u00f6bel &amp; Dekoration \u27a4 Vase &#039;Rimini Blu&#039; Aldo Londi f\u00fcr Bitossi 60er auf Kurato. \u2713Lieferung Schweiz \u271314-Tage R\u00fcckgabe \u2713Secondhand Unikat\" \/>\n<meta property=\"og:url\" content=\"https:\/\/kurato.ch\/fr\/product\/vase-rimini-blu-aldo-londi-fuer-bitossi-60er\/\" \/>\n<meta property=\"og:site_name\" content=\"Vintage M\u00f6bel &amp; Dekoration I Kurato\" \/>\n<meta property=\"article:publisher\" content=\"https:\/\/www.facebook.com\/kuratoswitzerland\" \/>\n<meta property=\"article:modified_time\" content=\"2023-11-19T19:45:42+00:00\" \/>\n<meta property=\"og:image\" content=\"https:\/\/kurato.ch\/wp-content\/uploads\/2023\/11\/Vase-Rimini-Blu-Aldo-Londi-fuer-Bitossi-60er-vintage-secondhand-gebraucht-schweiz-46.jpg\" \/>\n\t<meta property=\"og:image:width\" content=\"800\" \/>\n\t<meta property=\"og:image:height\" content=\"800\" \/>\n\t<meta property=\"og:image:type\" content=\"image\/jpeg\" \/>\n<meta name=\"twitter:label1\" content=\"Dur\u00e9e de lecture estim\u00e9e\" \/>\n\t<meta name=\"twitter:data1\" content=\"2 minutes\" \/>\n<script type=\"application\/ld+json\" class=\"yoast-schema-graph\">{\"@context\":\"https:\\\/\\\/schema.org\",\"@graph\":[{\"@type\":\"WebPage\",\"@id\":\"https:\\\/\\\/kurato.ch\\\/product\\\/vase-rimini-blu-aldo-londi-fuer-bitossi-60er\\\/\",\"url\":\"https:\\\/\\\/kurato.ch\\\/product\\\/vase-rimini-blu-aldo-londi-fuer-bitossi-60er\\\/\",\"name\":\"Vase 'Rimini Blu' Aldo Londi f\u00fcr Bitossi 60er | Vintage M\u00f6bel kaufen auf KURATO.CH\",\"isPartOf\":{\"@id\":\"https:\\\/\\\/kurato.ch\\\/#website\"},\"primaryImageOfPage\":{\"@id\":\"https:\\\/\\\/kurato.ch\\\/product\\\/vase-rimini-blu-aldo-londi-fuer-bitossi-60er\\\/#primaryimage\"},\"image\":{\"@id\":\"https:\\\/\\\/kurato.ch\\\/product\\\/vase-rimini-blu-aldo-londi-fuer-bitossi-60er\\\/#primaryimage\"},\"thumbnailUrl\":\"https:\\\/\\\/kurato.ch\\\/wp-content\\\/uploads\\\/2023\\\/11\\\/Vase-Rimini-Blu-Aldo-Londi-fuer-Bitossi-60er-vintage-secondhand-gebraucht-schweiz-46.jpg\",\"datePublished\":\"2023-11-19T19:45:40+00:00\",\"dateModified\":\"2023-11-19T19:45:42+00:00\",\"description\":\"Entdecke Vintage M\u00f6bel & Dekoration \u27a4 Vase 'Rimini Blu' Aldo Londi f\u00fcr Bitossi 60er auf Kurato. \u2713Lieferung Schweiz \u271314-Tage R\u00fcckgabe \u2713Secondhand Unikat\",\"breadcrumb\":{\"@id\":\"https:\\\/\\\/kurato.ch\\\/product\\\/vase-rimini-blu-aldo-londi-fuer-bitossi-60er\\\/#breadcrumb\"},\"inLanguage\":\"fr-FR\",\"potentialAction\":[{\"@type\":\"ReadAction\",\"target\":[\"https:\\\/\\\/kurato.ch\\\/product\\\/vase-rimini-blu-aldo-londi-fuer-bitossi-60er\\\/\"]}]},{\"@type\":\"ImageObject\",\"inLanguage\":\"fr-FR\",\"@id\":\"https:\\\/\\\/kurato.ch\\\/product\\\/vase-rimini-blu-aldo-londi-fuer-bitossi-60er\\\/#primaryimage\",\"url\":\"https:\\\/\\\/kurato.ch\\\/wp-content\\\/uploads\\\/2023\\\/11\\\/Vase-Rimini-Blu-Aldo-Londi-fuer-Bitossi-60er-vintage-secondhand-gebraucht-schweiz-46.jpg\",\"contentUrl\":\"https:\\\/\\\/kurato.ch\\\/wp-content\\\/uploads\\\/2023\\\/11\\\/Vase-Rimini-Blu-Aldo-Londi-fuer-Bitossi-60er-vintage-secondhand-gebraucht-schweiz-46.jpg\",\"width\":800,\"height\":800,\"caption\":\"Vase 'Rimini Blu' Aldo Londi f\u00fcr Bitossi 60er\"},{\"@type\":\"BreadcrumbList\",\"@id\":\"https:\\\/\\\/kurato.ch\\\/product\\\/vase-rimini-blu-aldo-londi-fuer-bitossi-60er\\\/#breadcrumb\",\"itemListElement\":[{\"@type\":\"ListItem\",\"position\":1,\"name\":\"Home\",\"item\":\"https:\\\/\\\/kurato.ch\\\/\"},{\"@type\":\"ListItem\",\"position\":2,\"name\":\"Neuheiten\",\"item\":\"https:\\\/\\\/kurato.ch\\\/neuheiten\\\/\"},{\"@type\":\"ListItem\",\"position\":3,\"name\":\"Vase &#8216;Rimini Blu&#8217; Aldo Londi f\u00fcr Bitossi 60er\"}]},{\"@type\":\"WebSite\",\"@id\":\"https:\\\/\\\/kurato.ch\\\/#website\",\"url\":\"https:\\\/\\\/kurato.ch\\\/\",\"name\":\"Vintage M\u00f6bel &amp; Dekoration I Kurato\",\"description\":\"Vintage M\u00f6bel &amp; Dekoration I Kurato\",\"publisher\":{\"@id\":\"https:\\\/\\\/kurato.ch\\\/#organization\"},\"potentialAction\":[{\"@type\":\"SearchAction\",\"target\":{\"@type\":\"EntryPoint\",\"urlTemplate\":\"https:\\\/\\\/kurato.ch\\\/?s={search_term_string}\"},\"query-input\":{\"@type\":\"PropertyValueSpecification\",\"valueRequired\":true,\"valueName\":\"search_term_string\"}}],\"inLanguage\":\"fr-FR\"},{\"@type\":\"Organization\",\"@id\":\"https:\\\/\\\/kurato.ch\\\/#organization\",\"name\":\"Kurato.\",\"url\":\"https:\\\/\\\/kurato.ch\\\/\",\"logo\":{\"@type\":\"ImageObject\",\"inLanguage\":\"fr-FR\",\"@id\":\"https:\\\/\\\/kurato.ch\\\/#\\\/schema\\\/logo\\\/image\\\/\",\"url\":\"\",\"contentUrl\":\"\",\"caption\":\"Kurato.\"},\"image\":{\"@id\":\"https:\\\/\\\/kurato.ch\\\/#\\\/schema\\\/logo\\\/image\\\/\"},\"sameAs\":[\"https:\\\/\\\/www.facebook.com\\\/kuratoswitzerland\",\"https:\\\/\\\/www.instagram.com\\\/kurato.ch\\\/\",\"https:\\\/\\\/www.pinterest.ch\\\/kurato_ch\\\/_created\\\/\"]}]}<\/script>\n<!-- \/ Yoast SEO plugin. -->","yoast_head_json":{"title":"Vase 'Rimini Blu' Aldo Londi f\u00fcr Bitossi 60er | Vintage M\u00f6bel kaufen auf KURATO.CH","description":"Entdecke Vintage M\u00f6bel & Dekoration \u27a4 Vase 'Rimini Blu' Aldo Londi f\u00fcr Bitossi 60er auf Kurato. \u2713Lieferung Schweiz \u271314-Tage R\u00fcckgabe \u2713Secondhand Unikat","robots":{"index":"index","follow":"follow","max-snippet":"max-snippet:-1","max-image-preview":"max-image-preview:large","max-video-preview":"max-video-preview:-1"},"canonical":"https:\/\/kurato.ch\/fr\/product\/vase-rimini-blu-aldo-londi-fuer-bitossi-60er\/","og_locale":"fr_FR","og_type":"article","og_title":"Vase 'Rimini Blu' Aldo Londi f\u00fcr Bitossi 60er | Vintage M\u00f6bel kaufen auf KURATO.CH","og_description":"Entdecke Vintage M\u00f6bel & Dekoration \u27a4 Vase 'Rimini Blu' Aldo Londi f\u00fcr Bitossi 60er auf Kurato. \u2713Lieferung Schweiz \u271314-Tage R\u00fcckgabe \u2713Secondhand Unikat","og_url":"https:\/\/kurato.ch\/fr\/product\/vase-rimini-blu-aldo-londi-fuer-bitossi-60er\/","og_site_name":"Vintage M\u00f6bel &amp; Dekoration I Kurato","article_publisher":"https:\/\/www.facebook.com\/kuratoswitzerland","article_modified_time":"2023-11-19T19:45:42+00:00","og_image":[{"width":800,"height":800,"url":"https:\/\/kurato.ch\/wp-content\/uploads\/2023\/11\/Vase-Rimini-Blu-Aldo-Londi-fuer-Bitossi-60er-vintage-secondhand-gebraucht-schweiz-46.jpg","type":"image\/jpeg"}],"twitter_misc":{"Dur\u00e9e de lecture estim\u00e9e":"2 minutes"},"schema":{"@context":"https:\/\/schema.org","@graph":[{"@type":"WebPage","@id":"https:\/\/kurato.ch\/product\/vase-rimini-blu-aldo-londi-fuer-bitossi-60er\/","url":"https:\/\/kurato.ch\/product\/vase-rimini-blu-aldo-londi-fuer-bitossi-60er\/","name":"Vase 'Rimini Blu' Aldo Londi f\u00fcr Bitossi 60er | Vintage M\u00f6bel kaufen auf KURATO.CH","isPartOf":{"@id":"https:\/\/kurato.ch\/#website"},"primaryImageOfPage":{"@id":"https:\/\/kurato.ch\/product\/vase-rimini-blu-aldo-londi-fuer-bitossi-60er\/#primaryimage"},"image":{"@id":"https:\/\/kurato.ch\/product\/vase-rimini-blu-aldo-londi-fuer-bitossi-60er\/#primaryimage"},"thumbnailUrl":"https:\/\/kurato.ch\/wp-content\/uploads\/2023\/11\/Vase-Rimini-Blu-Aldo-Londi-fuer-Bitossi-60er-vintage-secondhand-gebraucht-schweiz-46.jpg","datePublished":"2023-11-19T19:45:40+00:00","dateModified":"2023-11-19T19:45:42+00:00","description":"Entdecke Vintage M\u00f6bel & Dekoration \u27a4 Vase 'Rimini Blu' Aldo Londi f\u00fcr Bitossi 60er auf Kurato. \u2713Lieferung Schweiz \u271314-Tage R\u00fcckgabe \u2713Secondhand Unikat","breadcrumb":{"@id":"https:\/\/kurato.ch\/product\/vase-rimini-blu-aldo-londi-fuer-bitossi-60er\/#breadcrumb"},"inLanguage":"fr-FR","potentialAction":[{"@type":"ReadAction","target":["https:\/\/kurato.ch\/product\/vase-rimini-blu-aldo-londi-fuer-bitossi-60er\/"]}]},{"@type":"ImageObject","inLanguage":"fr-FR","@id":"https:\/\/kurato.ch\/product\/vase-rimini-blu-aldo-londi-fuer-bitossi-60er\/#primaryimage","url":"https:\/\/kurato.ch\/wp-content\/uploads\/2023\/11\/Vase-Rimini-Blu-Aldo-Londi-fuer-Bitossi-60er-vintage-secondhand-gebraucht-schweiz-46.jpg","contentUrl":"https:\/\/kurato.ch\/wp-content\/uploads\/2023\/11\/Vase-Rimini-Blu-Aldo-Londi-fuer-Bitossi-60er-vintage-secondhand-gebraucht-schweiz-46.jpg","width":800,"height":800,"caption":"Vase 'Rimini Blu' Aldo Londi f\u00fcr Bitossi 60er"},{"@type":"BreadcrumbList","@id":"https:\/\/kurato.ch\/product\/vase-rimini-blu-aldo-londi-fuer-bitossi-60er\/#breadcrumb","itemListElement":[{"@type":"ListItem","position":1,"name":"Home","item":"https:\/\/kurato.ch\/"},{"@type":"ListItem","position":2,"name":"Neuheiten","item":"https:\/\/kurato.ch\/neuheiten\/"},{"@type":"ListItem","position":3,"name":"Vase &#8216;Rimini Blu&#8217; Aldo Londi f\u00fcr Bitossi 60er"}]},{"@type":"WebSite","@id":"https:\/\/kurato.ch\/#website","url":"https:\/\/kurato.ch\/","name":"Meubles vintage &amp; d\u00e9coration I Kurato","description":"Meubles vintage &amp; d\u00e9coration I Kurato","publisher":{"@id":"https:\/\/kurato.ch\/#organization"},"potentialAction":[{"@type":"SearchAction","target":{"@type":"EntryPoint","urlTemplate":"https:\/\/kurato.ch\/?s={search_term_string}"},"query-input":{"@type":"PropertyValueSpecification","valueRequired":true,"valueName":"search_term_string"}}],"inLanguage":"fr-FR"},{"@type":"Organization","@id":"https:\/\/kurato.ch\/#organization","name":"Kurato.","url":"https:\/\/kurato.ch\/","logo":{"@type":"ImageObject","inLanguage":"fr-FR","@id":"https:\/\/kurato.ch\/#\/schema\/logo\/image\/","url":"","contentUrl":"","caption":"Kurato."},"image":{"@id":"https:\/\/kurato.ch\/#\/schema\/logo\/image\/"},"sameAs":["https:\/\/www.facebook.com\/kuratoswitzerland","https:\/\/www.instagram.com\/kurato.ch\/","https:\/\/www.pinterest.ch\/kurato_ch\/_created\/"]}]}},"_links":{"self":[{"href":"https:\/\/kurato.ch\/fr\/wp-json\/wp\/v2\/product\/50075","targetHints":{"allow":["GET"]}}],"collection":[{"href":"https:\/\/kurato.ch\/fr\/wp-json\/wp\/v2\/product"}],"about":[{"href":"https:\/\/kurato.ch\/fr\/wp-json\/wp\/v2\/types\/product"}],"wp:featuredmedia":[{"embeddable":true,"href":"https:\/\/kurato.ch\/fr\/wp-json\/wp\/v2\/media\/50101"}],"wp:attachment":[{"href":"https:\/\/kurato.ch\/fr\/wp-json\/wp\/v2\/media?parent=50075"}],"wp:term":[{"taxonomy":"product_brand","embeddable":true,"href":"https:\/\/kurato.ch\/fr\/wp-json\/wp\/v2\/product_brand?post=50075"},{"taxonomy":"product_cat","embeddable":true,"href":"https:\/\/kurato.ch\/fr\/wp-json\/wp\/v2\/product_cat?post=50075"},{"taxonomy":"product_tag","embeddable":true,"href":"https:\/\/kurato.ch\/fr\/wp-json\/wp\/v2\/product_tag?post=50075"}],"curies":[{"name":"wp","href":"https:\/\/api.w.org\/{rel}","templated":true}]}}