{"id":50353,"date":"2023-12-07T07:48:43","date_gmt":"2023-12-07T05:48:43","guid":{"rendered":"https:\/\/kurato.ch\/fr\/?post_type=product&#038;p=50353"},"modified":"2023-12-07T07:48:44","modified_gmt":"2023-12-07T05:48:44","slug":"mid-century-haengeleuchte-synthese-ernesto-gismondi-fuer-artemide","status":"publish","type":"product","link":"https:\/\/kurato.ch\/fr\/product\/mid-century-haengeleuchte-synthese-ernesto-gismondi-fuer-artemide\/","title":{"rendered":"Suspension mid-century Synthese Ernesto Gismondi pour Artemide"},"content":{"rendered":"<p>Sintesi Sospensione Lampe \u00e0 suspension con\u00e7ue par Ernesto Gismondi et fabriqu\u00e9e par Artemide dans les ann\u00e9es 1970. La lampe est dans sa peinture noire d'origine avec une douille en bak\u00e9lite et un cache-ampoule en m\u00e9tal. La lampe est articul\u00e9e et peut \u00eatre r\u00e9gl\u00e9e dans diff\u00e9rentes positions. La lampe a \u00e9t\u00e9 r\u00e9vis\u00e9e et fonctionne parfaitement, mais veuillez noter les signes d'usure dus \u00e0 l'\u00e2ge et la rosace blanche au plafond est un remplacement. La lampe est livr\u00e9e avec une longueur de c\u00e2ble d'environ 180 cm, qui peut \u00eatre raccourcie si n\u00e9cessaire. La lampe accepte une ampoule E27 standard.<\/p>\n<p>Longueur 21 cm<br \/>Largeur 13cm<br \/>C\u00e2ble 180cm<\/p>","protected":false},"excerpt":{"rendered":"<p>Sintesi Sospensione Pendelleuchte von Ernesto Gismondi entworfen und von Artemide in den 1970er Jahren hergestellt. Die Lampe ist in ihrer urspr\u00fcnglichen schwarzen Lackierung mit einer Bakelitfassung und einer Gl\u00fchbirnenabdeckung aus Metall. Die Lampe ist gelenkig und kann in verschiedene Positionen verstellt werden. Die Lampe wurde general\u00fcberholt und funktioniert einwandfrei, aber bitte beachten Sie die altersbedingten [&hellip;]<\/p>\n","protected":false},"featured_media":50368,"template":"","meta":{"_acf_changed":false,"site-sidebar-layout":"default","site-content-layout":"","ast-site-content-layout":"default","site-content-style":"default","site-sidebar-style":"default","ast-global-header-display":"","ast-banner-title-visibility":"","ast-main-header-display":"","ast-hfb-above-header-display":"","ast-hfb-below-header-display":"","ast-hfb-mobile-header-display":"","site-post-title":"","ast-breadcrumbs-content":"","ast-featured-img":"","footer-sml-layout":"","ast-disable-related-posts":"","theme-transparent-header-meta":"","adv-header-id-meta":"","stick-header-meta":"","header-above-stick-meta":"","header-main-stick-meta":"","header-below-stick-meta":"","astra-migrate-meta-layouts":"default","ast-page-background-enabled":"default","ast-page-background-meta":{"desktop":{"background-color":"","background-image":"","background-repeat":"repeat","background-position":"center center","background-size":"auto","background-attachment":"scroll","background-type":"","background-media":"","overlay-type":"","overlay-color":"","overlay-opacity":"","overlay-gradient":""},"tablet":{"background-color":"","background-image":"","background-repeat":"repeat","background-position":"center center","background-size":"auto","background-attachment":"scroll","background-type":"","background-media":"","overlay-type":"","overlay-color":"","overlay-opacity":"","overlay-gradient":""},"mobile":{"background-color":"","background-image":"","background-repeat":"repeat","background-position":"center center","background-size":"auto","background-attachment":"scroll","background-type":"","background-media":"","overlay-type":"","overlay-color":"","overlay-opacity":"","overlay-gradient":""}},"ast-content-background-meta":{"desktop":{"background-color":"var(--ast-global-color-5)","background-image":"","background-repeat":"repeat","background-position":"center center","background-size":"auto","background-attachment":"scroll","background-type":"","background-media":"","overlay-type":"","overlay-color":"","overlay-opacity":"","overlay-gradient":""},"tablet":{"background-color":"var(--ast-global-color-5)","background-image":"","background-repeat":"repeat","background-position":"center center","background-size":"auto","background-attachment":"scroll","background-type":"","background-media":"","overlay-type":"","overlay-color":"","overlay-opacity":"","overlay-gradient":""},"mobile":{"background-color":"var(--ast-global-color-5)","background-image":"","background-repeat":"repeat","background-position":"center center","background-size":"auto","background-attachment":"scroll","background-type":"","background-media":"","overlay-type":"","overlay-color":"","overlay-opacity":"","overlay-gradient":""}}},"product_brand":[],"product_cat":[63],"product_tag":[],"class_list":{"0":"post-50353","1":"product","2":"type-product","3":"status-publish","4":"has-post-thumbnail","6":"product_cat-haengelampe-leuchter","7":"pa_designer-artemide","8":"pa_farbe-schwarz","9":"pa_material-metall","10":"pa_standort-genferseeregion","11":"pa_stil-design","12":"desktop-align-left","13":"tablet-align-left","14":"mobile-align-left","16":"first","17":"instock","18":"sold-individually","19":"shipping-taxable","20":"purchasable","21":"product-type-simple"},"acf":[],"yoast_head":"<!-- This site is optimized with the Yoast SEO plugin v27.3 - https:\/\/yoast.com\/product\/yoast-seo-wordpress\/ -->\n<title>Mid-Century H\u00e4ngeleuchte Synthese Ernesto Gismondi f\u00fcr Artemide | Vintage M\u00f6bel kaufen auf KURATO.CH<\/title>\n<meta name=\"description\" content=\"Entdecke Vintage M\u00f6bel &amp; Dekoration \u27a4 Mid-Century H\u00e4ngeleuchte Synthese Ernesto Gismondi f\u00fcr Artemide auf Kurato. \u2713Lieferung Schweiz \u271314-Tage R\u00fcckgabe \u2713Secondhand Unikat\" \/>\n<meta name=\"robots\" content=\"index, follow, max-snippet:-1, max-image-preview:large, max-video-preview:-1\" \/>\n<link rel=\"canonical\" href=\"https:\/\/kurato.ch\/fr\/product\/mid-century-haengeleuchte-synthese-ernesto-gismondi-fuer-artemide\/\" \/>\n<meta property=\"og:locale\" content=\"fr_FR\" \/>\n<meta property=\"og:type\" content=\"article\" \/>\n<meta property=\"og:title\" content=\"Mid-Century H\u00e4ngeleuchte Synthese Ernesto Gismondi f\u00fcr Artemide | Vintage M\u00f6bel kaufen auf KURATO.CH\" \/>\n<meta property=\"og:description\" content=\"Entdecke Vintage M\u00f6bel &amp; Dekoration \u27a4 Mid-Century H\u00e4ngeleuchte Synthese Ernesto Gismondi f\u00fcr Artemide auf Kurato. \u2713Lieferung Schweiz \u271314-Tage R\u00fcckgabe \u2713Secondhand Unikat\" \/>\n<meta property=\"og:url\" content=\"https:\/\/kurato.ch\/fr\/product\/mid-century-haengeleuchte-synthese-ernesto-gismondi-fuer-artemide\/\" \/>\n<meta property=\"og:site_name\" content=\"Vintage M\u00f6bel &amp; Dekoration I Kurato\" \/>\n<meta property=\"article:publisher\" content=\"https:\/\/www.facebook.com\/kuratoswitzerland\" \/>\n<meta property=\"article:modified_time\" content=\"2023-12-07T05:48:44+00:00\" \/>\n<meta property=\"og:image\" content=\"https:\/\/kurato.ch\/wp-content\/uploads\/2023\/12\/Mid-Century-Haengeleuchte-Synthese-Ernesto-Gismondi-fuer-Artemide-vintage-secondhand-gebraucht-schweiz.jpg\" \/>\n\t<meta property=\"og:image:width\" content=\"800\" \/>\n\t<meta property=\"og:image:height\" content=\"800\" \/>\n\t<meta property=\"og:image:type\" content=\"image\/jpeg\" \/>\n<script type=\"application\/ld+json\" class=\"yoast-schema-graph\">{\"@context\":\"https:\\\/\\\/schema.org\",\"@graph\":[{\"@type\":\"WebPage\",\"@id\":\"https:\\\/\\\/kurato.ch\\\/product\\\/mid-century-haengeleuchte-synthese-ernesto-gismondi-fuer-artemide\\\/\",\"url\":\"https:\\\/\\\/kurato.ch\\\/product\\\/mid-century-haengeleuchte-synthese-ernesto-gismondi-fuer-artemide\\\/\",\"name\":\"Mid-Century H\u00e4ngeleuchte Synthese Ernesto Gismondi f\u00fcr Artemide | Vintage M\u00f6bel kaufen auf KURATO.CH\",\"isPartOf\":{\"@id\":\"https:\\\/\\\/kurato.ch\\\/#website\"},\"primaryImageOfPage\":{\"@id\":\"https:\\\/\\\/kurato.ch\\\/product\\\/mid-century-haengeleuchte-synthese-ernesto-gismondi-fuer-artemide\\\/#primaryimage\"},\"image\":{\"@id\":\"https:\\\/\\\/kurato.ch\\\/product\\\/mid-century-haengeleuchte-synthese-ernesto-gismondi-fuer-artemide\\\/#primaryimage\"},\"thumbnailUrl\":\"https:\\\/\\\/kurato.ch\\\/wp-content\\\/uploads\\\/2023\\\/12\\\/Mid-Century-Haengeleuchte-Synthese-Ernesto-Gismondi-fuer-Artemide-vintage-secondhand-gebraucht-schweiz.jpg\",\"datePublished\":\"2023-12-07T05:48:43+00:00\",\"dateModified\":\"2023-12-07T05:48:44+00:00\",\"description\":\"Entdecke Vintage M\u00f6bel & Dekoration \u27a4 Mid-Century H\u00e4ngeleuchte Synthese Ernesto Gismondi f\u00fcr Artemide auf Kurato. \u2713Lieferung Schweiz \u271314-Tage R\u00fcckgabe \u2713Secondhand Unikat\",\"breadcrumb\":{\"@id\":\"https:\\\/\\\/kurato.ch\\\/product\\\/mid-century-haengeleuchte-synthese-ernesto-gismondi-fuer-artemide\\\/#breadcrumb\"},\"inLanguage\":\"fr-FR\",\"potentialAction\":[{\"@type\":\"ReadAction\",\"target\":[\"https:\\\/\\\/kurato.ch\\\/product\\\/mid-century-haengeleuchte-synthese-ernesto-gismondi-fuer-artemide\\\/\"]}]},{\"@type\":\"ImageObject\",\"inLanguage\":\"fr-FR\",\"@id\":\"https:\\\/\\\/kurato.ch\\\/product\\\/mid-century-haengeleuchte-synthese-ernesto-gismondi-fuer-artemide\\\/#primaryimage\",\"url\":\"https:\\\/\\\/kurato.ch\\\/wp-content\\\/uploads\\\/2023\\\/12\\\/Mid-Century-Haengeleuchte-Synthese-Ernesto-Gismondi-fuer-Artemide-vintage-secondhand-gebraucht-schweiz.jpg\",\"contentUrl\":\"https:\\\/\\\/kurato.ch\\\/wp-content\\\/uploads\\\/2023\\\/12\\\/Mid-Century-Haengeleuchte-Synthese-Ernesto-Gismondi-fuer-Artemide-vintage-secondhand-gebraucht-schweiz.jpg\",\"width\":800,\"height\":800,\"caption\":\"Mid-Century Ha\u0308ngeleuchte Synthese Ernesto Gismondi fu\u0308r Artemide\"},{\"@type\":\"BreadcrumbList\",\"@id\":\"https:\\\/\\\/kurato.ch\\\/product\\\/mid-century-haengeleuchte-synthese-ernesto-gismondi-fuer-artemide\\\/#breadcrumb\",\"itemListElement\":[{\"@type\":\"ListItem\",\"position\":1,\"name\":\"Home\",\"item\":\"https:\\\/\\\/kurato.ch\\\/\"},{\"@type\":\"ListItem\",\"position\":2,\"name\":\"Neuheiten\",\"item\":\"https:\\\/\\\/kurato.ch\\\/neuheiten\\\/\"},{\"@type\":\"ListItem\",\"position\":3,\"name\":\"Mid-Century H\u00e4ngeleuchte Synthese Ernesto Gismondi f\u00fcr Artemide\"}]},{\"@type\":\"WebSite\",\"@id\":\"https:\\\/\\\/kurato.ch\\\/#website\",\"url\":\"https:\\\/\\\/kurato.ch\\\/\",\"name\":\"Vintage M\u00f6bel &amp; Dekoration I Kurato\",\"description\":\"Vintage M\u00f6bel &amp; Dekoration I Kurato\",\"publisher\":{\"@id\":\"https:\\\/\\\/kurato.ch\\\/#organization\"},\"potentialAction\":[{\"@type\":\"SearchAction\",\"target\":{\"@type\":\"EntryPoint\",\"urlTemplate\":\"https:\\\/\\\/kurato.ch\\\/?s={search_term_string}\"},\"query-input\":{\"@type\":\"PropertyValueSpecification\",\"valueRequired\":true,\"valueName\":\"search_term_string\"}}],\"inLanguage\":\"fr-FR\"},{\"@type\":\"Organization\",\"@id\":\"https:\\\/\\\/kurato.ch\\\/#organization\",\"name\":\"Kurato.\",\"url\":\"https:\\\/\\\/kurato.ch\\\/\",\"logo\":{\"@type\":\"ImageObject\",\"inLanguage\":\"fr-FR\",\"@id\":\"https:\\\/\\\/kurato.ch\\\/#\\\/schema\\\/logo\\\/image\\\/\",\"url\":\"\",\"contentUrl\":\"\",\"caption\":\"Kurato.\"},\"image\":{\"@id\":\"https:\\\/\\\/kurato.ch\\\/#\\\/schema\\\/logo\\\/image\\\/\"},\"sameAs\":[\"https:\\\/\\\/www.facebook.com\\\/kuratoswitzerland\",\"https:\\\/\\\/www.instagram.com\\\/kurato.ch\\\/\",\"https:\\\/\\\/www.pinterest.ch\\\/kurato_ch\\\/_created\\\/\"]}]}<\/script>\n<!-- \/ Yoast SEO plugin. -->","yoast_head_json":{"title":"Mid-Century H\u00e4ngeleuchte Synthese Ernesto Gismondi f\u00fcr Artemide | Vintage M\u00f6bel kaufen auf KURATO.CH","description":"Entdecke Vintage M\u00f6bel & Dekoration \u27a4 Mid-Century H\u00e4ngeleuchte Synthese Ernesto Gismondi f\u00fcr Artemide auf Kurato. \u2713Lieferung Schweiz \u271314-Tage R\u00fcckgabe \u2713Secondhand Unikat","robots":{"index":"index","follow":"follow","max-snippet":"max-snippet:-1","max-image-preview":"max-image-preview:large","max-video-preview":"max-video-preview:-1"},"canonical":"https:\/\/kurato.ch\/fr\/product\/mid-century-haengeleuchte-synthese-ernesto-gismondi-fuer-artemide\/","og_locale":"fr_FR","og_type":"article","og_title":"Mid-Century H\u00e4ngeleuchte Synthese Ernesto Gismondi f\u00fcr Artemide | Vintage M\u00f6bel kaufen auf KURATO.CH","og_description":"Entdecke Vintage M\u00f6bel & Dekoration \u27a4 Mid-Century H\u00e4ngeleuchte Synthese Ernesto Gismondi f\u00fcr Artemide auf Kurato. \u2713Lieferung Schweiz \u271314-Tage R\u00fcckgabe \u2713Secondhand Unikat","og_url":"https:\/\/kurato.ch\/fr\/product\/mid-century-haengeleuchte-synthese-ernesto-gismondi-fuer-artemide\/","og_site_name":"Vintage M\u00f6bel &amp; Dekoration I Kurato","article_publisher":"https:\/\/www.facebook.com\/kuratoswitzerland","article_modified_time":"2023-12-07T05:48:44+00:00","og_image":[{"width":800,"height":800,"url":"https:\/\/kurato.ch\/wp-content\/uploads\/2023\/12\/Mid-Century-Haengeleuchte-Synthese-Ernesto-Gismondi-fuer-Artemide-vintage-secondhand-gebraucht-schweiz.jpg","type":"image\/jpeg"}],"schema":{"@context":"https:\/\/schema.org","@graph":[{"@type":"WebPage","@id":"https:\/\/kurato.ch\/product\/mid-century-haengeleuchte-synthese-ernesto-gismondi-fuer-artemide\/","url":"https:\/\/kurato.ch\/product\/mid-century-haengeleuchte-synthese-ernesto-gismondi-fuer-artemide\/","name":"Mid-Century H\u00e4ngeleuchte Synthese Ernesto Gismondi f\u00fcr Artemide | Vintage M\u00f6bel kaufen auf KURATO.CH","isPartOf":{"@id":"https:\/\/kurato.ch\/#website"},"primaryImageOfPage":{"@id":"https:\/\/kurato.ch\/product\/mid-century-haengeleuchte-synthese-ernesto-gismondi-fuer-artemide\/#primaryimage"},"image":{"@id":"https:\/\/kurato.ch\/product\/mid-century-haengeleuchte-synthese-ernesto-gismondi-fuer-artemide\/#primaryimage"},"thumbnailUrl":"https:\/\/kurato.ch\/wp-content\/uploads\/2023\/12\/Mid-Century-Haengeleuchte-Synthese-Ernesto-Gismondi-fuer-Artemide-vintage-secondhand-gebraucht-schweiz.jpg","datePublished":"2023-12-07T05:48:43+00:00","dateModified":"2023-12-07T05:48:44+00:00","description":"Entdecke Vintage M\u00f6bel & Dekoration \u27a4 Mid-Century H\u00e4ngeleuchte Synthese Ernesto Gismondi f\u00fcr Artemide auf Kurato. \u2713Lieferung Schweiz \u271314-Tage R\u00fcckgabe \u2713Secondhand Unikat","breadcrumb":{"@id":"https:\/\/kurato.ch\/product\/mid-century-haengeleuchte-synthese-ernesto-gismondi-fuer-artemide\/#breadcrumb"},"inLanguage":"fr-FR","potentialAction":[{"@type":"ReadAction","target":["https:\/\/kurato.ch\/product\/mid-century-haengeleuchte-synthese-ernesto-gismondi-fuer-artemide\/"]}]},{"@type":"ImageObject","inLanguage":"fr-FR","@id":"https:\/\/kurato.ch\/product\/mid-century-haengeleuchte-synthese-ernesto-gismondi-fuer-artemide\/#primaryimage","url":"https:\/\/kurato.ch\/wp-content\/uploads\/2023\/12\/Mid-Century-Haengeleuchte-Synthese-Ernesto-Gismondi-fuer-Artemide-vintage-secondhand-gebraucht-schweiz.jpg","contentUrl":"https:\/\/kurato.ch\/wp-content\/uploads\/2023\/12\/Mid-Century-Haengeleuchte-Synthese-Ernesto-Gismondi-fuer-Artemide-vintage-secondhand-gebraucht-schweiz.jpg","width":800,"height":800,"caption":"Mid-Century Ha\u0308ngeleuchte Synthese Ernesto Gismondi fu\u0308r Artemide"},{"@type":"BreadcrumbList","@id":"https:\/\/kurato.ch\/product\/mid-century-haengeleuchte-synthese-ernesto-gismondi-fuer-artemide\/#breadcrumb","itemListElement":[{"@type":"ListItem","position":1,"name":"Home","item":"https:\/\/kurato.ch\/"},{"@type":"ListItem","position":2,"name":"Neuheiten","item":"https:\/\/kurato.ch\/neuheiten\/"},{"@type":"ListItem","position":3,"name":"Mid-Century H\u00e4ngeleuchte Synthese Ernesto Gismondi f\u00fcr Artemide"}]},{"@type":"WebSite","@id":"https:\/\/kurato.ch\/#website","url":"https:\/\/kurato.ch\/","name":"Meubles vintage &amp; d\u00e9coration I Kurato","description":"Meubles vintage &amp; d\u00e9coration I Kurato","publisher":{"@id":"https:\/\/kurato.ch\/#organization"},"potentialAction":[{"@type":"SearchAction","target":{"@type":"EntryPoint","urlTemplate":"https:\/\/kurato.ch\/?s={search_term_string}"},"query-input":{"@type":"PropertyValueSpecification","valueRequired":true,"valueName":"search_term_string"}}],"inLanguage":"fr-FR"},{"@type":"Organization","@id":"https:\/\/kurato.ch\/#organization","name":"Kurato.","url":"https:\/\/kurato.ch\/","logo":{"@type":"ImageObject","inLanguage":"fr-FR","@id":"https:\/\/kurato.ch\/#\/schema\/logo\/image\/","url":"","contentUrl":"","caption":"Kurato."},"image":{"@id":"https:\/\/kurato.ch\/#\/schema\/logo\/image\/"},"sameAs":["https:\/\/www.facebook.com\/kuratoswitzerland","https:\/\/www.instagram.com\/kurato.ch\/","https:\/\/www.pinterest.ch\/kurato_ch\/_created\/"]}]}},"_links":{"self":[{"href":"https:\/\/kurato.ch\/fr\/wp-json\/wp\/v2\/product\/50353","targetHints":{"allow":["GET"]}}],"collection":[{"href":"https:\/\/kurato.ch\/fr\/wp-json\/wp\/v2\/product"}],"about":[{"href":"https:\/\/kurato.ch\/fr\/wp-json\/wp\/v2\/types\/product"}],"wp:featuredmedia":[{"embeddable":true,"href":"https:\/\/kurato.ch\/fr\/wp-json\/wp\/v2\/media\/50368"}],"wp:attachment":[{"href":"https:\/\/kurato.ch\/fr\/wp-json\/wp\/v2\/media?parent=50353"}],"wp:term":[{"taxonomy":"product_brand","embeddable":true,"href":"https:\/\/kurato.ch\/fr\/wp-json\/wp\/v2\/product_brand?post=50353"},{"taxonomy":"product_cat","embeddable":true,"href":"https:\/\/kurato.ch\/fr\/wp-json\/wp\/v2\/product_cat?post=50353"},{"taxonomy":"product_tag","embeddable":true,"href":"https:\/\/kurato.ch\/fr\/wp-json\/wp\/v2\/product_tag?post=50353"}],"curies":[{"name":"wp","href":"https:\/\/api.w.org\/{rel}","templated":true}]}}