{"id":50669,"date":"2023-12-21T08:42:04","date_gmt":"2023-12-21T06:42:04","guid":{"rendered":"https:\/\/kurato.ch\/fr\/?post_type=product&#038;p=50669"},"modified":"2023-12-21T08:42:06","modified_gmt":"2023-12-21T06:42:06","slug":"art-deco-likoerflasche-aus-keramik-von-robj-paris","status":"publish","type":"product","link":"https:\/\/kurato.ch\/fr\/product\/art-deco-likoerflasche-aus-keramik-von-robj-paris\/","title":{"rendered":"Bouteille de liqueur Art d\u00e9co en c\u00e9ramique de Robj Paris"},"content":{"rendered":"<p>Bouteille \u00e0 liqueur Art d\u00e9co en c\u00e9ramique de Robj, Paris. Ce mod\u00e8le fait partie d'une s\u00e9rie de bouteilles \u00e0 liqueur fabriqu\u00e9es jusque dans les ann\u00e9es 1930. Il s'agit du mod\u00e8le pour Fine Napol\u00e9on, tr\u00e8s bon \u00e9tat g\u00e9n\u00e9ral, petits manques de gla\u00e7ure\/couleur sur le bouchon.<\/p>","protected":false},"excerpt":{"rendered":"<p>Bouteille \u00e0 liqueur Art d\u00e9co en c\u00e9ramique de Robj, Paris. Ce mod\u00e8le fait partie d'une s\u00e9rie de bouteilles \u00e0 liqueur fabriqu\u00e9es jusque dans les ann\u00e9es 1930. Il s'agit du mod\u00e8le pour Fine Napol\u00e9on, tr\u00e8s bon \u00e9tat g\u00e9n\u00e9ral, petits manques de gla\u00e7ure\/couleur sur le bouchon.<\/p>","protected":false},"featured_media":50748,"template":"","meta":{"_acf_changed":false,"site-sidebar-layout":"default","site-content-layout":"","ast-site-content-layout":"default","site-content-style":"default","site-sidebar-style":"default","ast-global-header-display":"","ast-banner-title-visibility":"","ast-main-header-display":"","ast-hfb-above-header-display":"","ast-hfb-below-header-display":"","ast-hfb-mobile-header-display":"","site-post-title":"","ast-breadcrumbs-content":"","ast-featured-img":"","footer-sml-layout":"","ast-disable-related-posts":"","theme-transparent-header-meta":"","adv-header-id-meta":"","stick-header-meta":"","header-above-stick-meta":"","header-main-stick-meta":"","header-below-stick-meta":"","astra-migrate-meta-layouts":"default","ast-page-background-enabled":"default","ast-page-background-meta":{"desktop":{"background-color":"","background-image":"","background-repeat":"repeat","background-position":"center center","background-size":"auto","background-attachment":"scroll","background-type":"","background-media":"","overlay-type":"","overlay-color":"","overlay-opacity":"","overlay-gradient":""},"tablet":{"background-color":"","background-image":"","background-repeat":"repeat","background-position":"center center","background-size":"auto","background-attachment":"scroll","background-type":"","background-media":"","overlay-type":"","overlay-color":"","overlay-opacity":"","overlay-gradient":""},"mobile":{"background-color":"","background-image":"","background-repeat":"repeat","background-position":"center center","background-size":"auto","background-attachment":"scroll","background-type":"","background-media":"","overlay-type":"","overlay-color":"","overlay-opacity":"","overlay-gradient":""}},"ast-content-background-meta":{"desktop":{"background-color":"var(--ast-global-color-5)","background-image":"","background-repeat":"repeat","background-position":"center center","background-size":"auto","background-attachment":"scroll","background-type":"","background-media":"","overlay-type":"","overlay-color":"","overlay-opacity":"","overlay-gradient":""},"tablet":{"background-color":"var(--ast-global-color-5)","background-image":"","background-repeat":"repeat","background-position":"center center","background-size":"auto","background-attachment":"scroll","background-type":"","background-media":"","overlay-type":"","overlay-color":"","overlay-opacity":"","overlay-gradient":""},"mobile":{"background-color":"var(--ast-global-color-5)","background-image":"","background-repeat":"repeat","background-position":"center center","background-size":"auto","background-attachment":"scroll","background-type":"","background-media":"","overlay-type":"","overlay-color":"","overlay-opacity":"","overlay-gradient":""}}},"product_brand":[],"product_cat":[101],"product_tag":[],"class_list":{"0":"post-50669","1":"product","2":"type-product","3":"status-publish","4":"has-post-thumbnail","6":"product_cat-vintage-flasche-karaffe-krug","7":"pa_farbe-grau","8":"pa_material-keramik","9":"pa_standort-nordwestschweiz","10":"pa_stil-klassisch","11":"desktop-align-left","12":"tablet-align-left","13":"mobile-align-left","15":"first","16":"instock","17":"sold-individually","18":"shipping-taxable","19":"purchasable","20":"product-type-simple"},"acf":[],"yoast_head":"<!-- This site is optimized with the Yoast SEO plugin v27.4 - https:\/\/yoast.com\/product\/yoast-seo-wordpress\/ -->\n<title>Art-Deco-Lik\u00f6rflasche aus Keramik von Robj Paris | Vintage M\u00f6bel kaufen auf KURATO.CH<\/title>\n<meta name=\"description\" content=\"Entdecke Vintage M\u00f6bel &amp; Dekoration \u27a4 Art-Deco-Lik\u00f6rflasche aus Keramik von Robj Paris auf Kurato. \u2713Lieferung Schweiz \u271314-Tage R\u00fcckgabe \u2713Secondhand Unikat\" \/>\n<meta name=\"robots\" content=\"index, follow, max-snippet:-1, max-image-preview:large, max-video-preview:-1\" \/>\n<link rel=\"canonical\" href=\"https:\/\/kurato.ch\/fr\/product\/art-deco-likoerflasche-aus-keramik-von-robj-paris\/\" \/>\n<meta property=\"og:locale\" content=\"fr_FR\" \/>\n<meta property=\"og:type\" content=\"article\" \/>\n<meta property=\"og:title\" content=\"Art-Deco-Lik\u00f6rflasche aus Keramik von Robj Paris | Vintage M\u00f6bel kaufen auf KURATO.CH\" \/>\n<meta property=\"og:description\" content=\"Entdecke Vintage M\u00f6bel &amp; Dekoration \u27a4 Art-Deco-Lik\u00f6rflasche aus Keramik von Robj Paris auf Kurato. \u2713Lieferung Schweiz \u271314-Tage R\u00fcckgabe \u2713Secondhand Unikat\" \/>\n<meta property=\"og:url\" content=\"https:\/\/kurato.ch\/fr\/product\/art-deco-likoerflasche-aus-keramik-von-robj-paris\/\" \/>\n<meta property=\"og:site_name\" content=\"Vintage M\u00f6bel &amp; Dekoration I Kurato\" \/>\n<meta property=\"article:publisher\" content=\"https:\/\/www.facebook.com\/kuratoswitzerland\" \/>\n<meta property=\"article:modified_time\" content=\"2023-12-21T06:42:06+00:00\" \/>\n<meta property=\"og:image\" content=\"https:\/\/kurato.ch\/wp-content\/uploads\/2023\/12\/Art-Deco-Likoerflasche-aus-Keramik-von-Robj-Paris-vintage-secondhand-gebraucht.jpg\" \/>\n\t<meta property=\"og:image:width\" content=\"800\" \/>\n\t<meta property=\"og:image:height\" content=\"800\" \/>\n\t<meta property=\"og:image:type\" content=\"image\/jpeg\" \/>\n<script type=\"application\/ld+json\" class=\"yoast-schema-graph\">{\"@context\":\"https:\\\/\\\/schema.org\",\"@graph\":[{\"@type\":\"WebPage\",\"@id\":\"https:\\\/\\\/kurato.ch\\\/product\\\/art-deco-likoerflasche-aus-keramik-von-robj-paris\\\/\",\"url\":\"https:\\\/\\\/kurato.ch\\\/product\\\/art-deco-likoerflasche-aus-keramik-von-robj-paris\\\/\",\"name\":\"Art-Deco-Lik\u00f6rflasche aus Keramik von Robj Paris | Vintage M\u00f6bel kaufen auf KURATO.CH\",\"isPartOf\":{\"@id\":\"https:\\\/\\\/kurato.ch\\\/#website\"},\"primaryImageOfPage\":{\"@id\":\"https:\\\/\\\/kurato.ch\\\/product\\\/art-deco-likoerflasche-aus-keramik-von-robj-paris\\\/#primaryimage\"},\"image\":{\"@id\":\"https:\\\/\\\/kurato.ch\\\/product\\\/art-deco-likoerflasche-aus-keramik-von-robj-paris\\\/#primaryimage\"},\"thumbnailUrl\":\"https:\\\/\\\/kurato.ch\\\/wp-content\\\/uploads\\\/2023\\\/12\\\/Art-Deco-Likoerflasche-aus-Keramik-von-Robj-Paris-vintage-secondhand-gebraucht.jpg\",\"datePublished\":\"2023-12-21T06:42:04+00:00\",\"dateModified\":\"2023-12-21T06:42:06+00:00\",\"description\":\"Entdecke Vintage M\u00f6bel & Dekoration \u27a4 Art-Deco-Lik\u00f6rflasche aus Keramik von Robj Paris auf Kurato. \u2713Lieferung Schweiz \u271314-Tage R\u00fcckgabe \u2713Secondhand Unikat\",\"breadcrumb\":{\"@id\":\"https:\\\/\\\/kurato.ch\\\/product\\\/art-deco-likoerflasche-aus-keramik-von-robj-paris\\\/#breadcrumb\"},\"inLanguage\":\"fr-FR\",\"potentialAction\":[{\"@type\":\"ReadAction\",\"target\":[\"https:\\\/\\\/kurato.ch\\\/product\\\/art-deco-likoerflasche-aus-keramik-von-robj-paris\\\/\"]}]},{\"@type\":\"ImageObject\",\"inLanguage\":\"fr-FR\",\"@id\":\"https:\\\/\\\/kurato.ch\\\/product\\\/art-deco-likoerflasche-aus-keramik-von-robj-paris\\\/#primaryimage\",\"url\":\"https:\\\/\\\/kurato.ch\\\/wp-content\\\/uploads\\\/2023\\\/12\\\/Art-Deco-Likoerflasche-aus-Keramik-von-Robj-Paris-vintage-secondhand-gebraucht.jpg\",\"contentUrl\":\"https:\\\/\\\/kurato.ch\\\/wp-content\\\/uploads\\\/2023\\\/12\\\/Art-Deco-Likoerflasche-aus-Keramik-von-Robj-Paris-vintage-secondhand-gebraucht.jpg\",\"width\":800,\"height\":800,\"caption\":\"Art-Deco-Lik\u00f6rflasche aus Keramik von Robj Paris\"},{\"@type\":\"BreadcrumbList\",\"@id\":\"https:\\\/\\\/kurato.ch\\\/product\\\/art-deco-likoerflasche-aus-keramik-von-robj-paris\\\/#breadcrumb\",\"itemListElement\":[{\"@type\":\"ListItem\",\"position\":1,\"name\":\"Home\",\"item\":\"https:\\\/\\\/kurato.ch\\\/\"},{\"@type\":\"ListItem\",\"position\":2,\"name\":\"Neuheiten\",\"item\":\"https:\\\/\\\/kurato.ch\\\/neuheiten\\\/\"},{\"@type\":\"ListItem\",\"position\":3,\"name\":\"Art-Deco-Lik\u00f6rflasche aus Keramik von Robj Paris\"}]},{\"@type\":\"WebSite\",\"@id\":\"https:\\\/\\\/kurato.ch\\\/#website\",\"url\":\"https:\\\/\\\/kurato.ch\\\/\",\"name\":\"Vintage M\u00f6bel &amp; Dekoration I Kurato\",\"description\":\"Vintage M\u00f6bel &amp; Dekoration I Kurato\",\"publisher\":{\"@id\":\"https:\\\/\\\/kurato.ch\\\/#organization\"},\"potentialAction\":[{\"@type\":\"SearchAction\",\"target\":{\"@type\":\"EntryPoint\",\"urlTemplate\":\"https:\\\/\\\/kurato.ch\\\/?s={search_term_string}\"},\"query-input\":{\"@type\":\"PropertyValueSpecification\",\"valueRequired\":true,\"valueName\":\"search_term_string\"}}],\"inLanguage\":\"fr-FR\"},{\"@type\":\"Organization\",\"@id\":\"https:\\\/\\\/kurato.ch\\\/#organization\",\"name\":\"Kurato.\",\"url\":\"https:\\\/\\\/kurato.ch\\\/\",\"logo\":{\"@type\":\"ImageObject\",\"inLanguage\":\"fr-FR\",\"@id\":\"https:\\\/\\\/kurato.ch\\\/#\\\/schema\\\/logo\\\/image\\\/\",\"url\":\"\",\"contentUrl\":\"\",\"caption\":\"Kurato.\"},\"image\":{\"@id\":\"https:\\\/\\\/kurato.ch\\\/#\\\/schema\\\/logo\\\/image\\\/\"},\"sameAs\":[\"https:\\\/\\\/www.facebook.com\\\/kuratoswitzerland\",\"https:\\\/\\\/www.instagram.com\\\/kurato.ch\\\/\",\"https:\\\/\\\/www.pinterest.ch\\\/kurato_ch\\\/_created\\\/\"]}]}<\/script>\n<!-- \/ Yoast SEO plugin. -->","yoast_head_json":{"title":"Art-Deco-Lik\u00f6rflasche aus Keramik von Robj Paris | Vintage M\u00f6bel kaufen auf KURATO.CH","description":"Entdecke Vintage M\u00f6bel & Dekoration \u27a4 Art-Deco-Lik\u00f6rflasche aus Keramik von Robj Paris auf Kurato. \u2713Lieferung Schweiz \u271314-Tage R\u00fcckgabe \u2713Secondhand Unikat","robots":{"index":"index","follow":"follow","max-snippet":"max-snippet:-1","max-image-preview":"max-image-preview:large","max-video-preview":"max-video-preview:-1"},"canonical":"https:\/\/kurato.ch\/fr\/product\/art-deco-likoerflasche-aus-keramik-von-robj-paris\/","og_locale":"fr_FR","og_type":"article","og_title":"Art-Deco-Lik\u00f6rflasche aus Keramik von Robj Paris | Vintage M\u00f6bel kaufen auf KURATO.CH","og_description":"Entdecke Vintage M\u00f6bel & Dekoration \u27a4 Art-Deco-Lik\u00f6rflasche aus Keramik von Robj Paris auf Kurato. \u2713Lieferung Schweiz \u271314-Tage R\u00fcckgabe \u2713Secondhand Unikat","og_url":"https:\/\/kurato.ch\/fr\/product\/art-deco-likoerflasche-aus-keramik-von-robj-paris\/","og_site_name":"Vintage M\u00f6bel &amp; Dekoration I Kurato","article_publisher":"https:\/\/www.facebook.com\/kuratoswitzerland","article_modified_time":"2023-12-21T06:42:06+00:00","og_image":[{"width":800,"height":800,"url":"https:\/\/kurato.ch\/wp-content\/uploads\/2023\/12\/Art-Deco-Likoerflasche-aus-Keramik-von-Robj-Paris-vintage-secondhand-gebraucht.jpg","type":"image\/jpeg"}],"schema":{"@context":"https:\/\/schema.org","@graph":[{"@type":"WebPage","@id":"https:\/\/kurato.ch\/product\/art-deco-likoerflasche-aus-keramik-von-robj-paris\/","url":"https:\/\/kurato.ch\/product\/art-deco-likoerflasche-aus-keramik-von-robj-paris\/","name":"Art-Deco-Lik\u00f6rflasche aus Keramik von Robj Paris | Vintage M\u00f6bel kaufen auf KURATO.CH","isPartOf":{"@id":"https:\/\/kurato.ch\/#website"},"primaryImageOfPage":{"@id":"https:\/\/kurato.ch\/product\/art-deco-likoerflasche-aus-keramik-von-robj-paris\/#primaryimage"},"image":{"@id":"https:\/\/kurato.ch\/product\/art-deco-likoerflasche-aus-keramik-von-robj-paris\/#primaryimage"},"thumbnailUrl":"https:\/\/kurato.ch\/wp-content\/uploads\/2023\/12\/Art-Deco-Likoerflasche-aus-Keramik-von-Robj-Paris-vintage-secondhand-gebraucht.jpg","datePublished":"2023-12-21T06:42:04+00:00","dateModified":"2023-12-21T06:42:06+00:00","description":"Entdecke Vintage M\u00f6bel & Dekoration \u27a4 Art-Deco-Lik\u00f6rflasche aus Keramik von Robj Paris auf Kurato. \u2713Lieferung Schweiz \u271314-Tage R\u00fcckgabe \u2713Secondhand Unikat","breadcrumb":{"@id":"https:\/\/kurato.ch\/product\/art-deco-likoerflasche-aus-keramik-von-robj-paris\/#breadcrumb"},"inLanguage":"fr-FR","potentialAction":[{"@type":"ReadAction","target":["https:\/\/kurato.ch\/product\/art-deco-likoerflasche-aus-keramik-von-robj-paris\/"]}]},{"@type":"ImageObject","inLanguage":"fr-FR","@id":"https:\/\/kurato.ch\/product\/art-deco-likoerflasche-aus-keramik-von-robj-paris\/#primaryimage","url":"https:\/\/kurato.ch\/wp-content\/uploads\/2023\/12\/Art-Deco-Likoerflasche-aus-Keramik-von-Robj-Paris-vintage-secondhand-gebraucht.jpg","contentUrl":"https:\/\/kurato.ch\/wp-content\/uploads\/2023\/12\/Art-Deco-Likoerflasche-aus-Keramik-von-Robj-Paris-vintage-secondhand-gebraucht.jpg","width":800,"height":800,"caption":"Art-Deco-Lik\u00f6rflasche aus Keramik von Robj Paris"},{"@type":"BreadcrumbList","@id":"https:\/\/kurato.ch\/product\/art-deco-likoerflasche-aus-keramik-von-robj-paris\/#breadcrumb","itemListElement":[{"@type":"ListItem","position":1,"name":"Home","item":"https:\/\/kurato.ch\/"},{"@type":"ListItem","position":2,"name":"Neuheiten","item":"https:\/\/kurato.ch\/neuheiten\/"},{"@type":"ListItem","position":3,"name":"Art-Deco-Lik\u00f6rflasche aus Keramik von Robj Paris"}]},{"@type":"WebSite","@id":"https:\/\/kurato.ch\/#website","url":"https:\/\/kurato.ch\/","name":"Meubles vintage &amp; d\u00e9coration I Kurato","description":"Meubles vintage &amp; d\u00e9coration I Kurato","publisher":{"@id":"https:\/\/kurato.ch\/#organization"},"potentialAction":[{"@type":"SearchAction","target":{"@type":"EntryPoint","urlTemplate":"https:\/\/kurato.ch\/?s={search_term_string}"},"query-input":{"@type":"PropertyValueSpecification","valueRequired":true,"valueName":"search_term_string"}}],"inLanguage":"fr-FR"},{"@type":"Organization","@id":"https:\/\/kurato.ch\/#organization","name":"Kurato.","url":"https:\/\/kurato.ch\/","logo":{"@type":"ImageObject","inLanguage":"fr-FR","@id":"https:\/\/kurato.ch\/#\/schema\/logo\/image\/","url":"","contentUrl":"","caption":"Kurato."},"image":{"@id":"https:\/\/kurato.ch\/#\/schema\/logo\/image\/"},"sameAs":["https:\/\/www.facebook.com\/kuratoswitzerland","https:\/\/www.instagram.com\/kurato.ch\/","https:\/\/www.pinterest.ch\/kurato_ch\/_created\/"]}]}},"_links":{"self":[{"href":"https:\/\/kurato.ch\/fr\/wp-json\/wp\/v2\/product\/50669","targetHints":{"allow":["GET"]}}],"collection":[{"href":"https:\/\/kurato.ch\/fr\/wp-json\/wp\/v2\/product"}],"about":[{"href":"https:\/\/kurato.ch\/fr\/wp-json\/wp\/v2\/types\/product"}],"wp:featuredmedia":[{"embeddable":true,"href":"https:\/\/kurato.ch\/fr\/wp-json\/wp\/v2\/media\/50748"}],"wp:attachment":[{"href":"https:\/\/kurato.ch\/fr\/wp-json\/wp\/v2\/media?parent=50669"}],"wp:term":[{"taxonomy":"product_brand","embeddable":true,"href":"https:\/\/kurato.ch\/fr\/wp-json\/wp\/v2\/product_brand?post=50669"},{"taxonomy":"product_cat","embeddable":true,"href":"https:\/\/kurato.ch\/fr\/wp-json\/wp\/v2\/product_cat?post=50669"},{"taxonomy":"product_tag","embeddable":true,"href":"https:\/\/kurato.ch\/fr\/wp-json\/wp\/v2\/product_tag?post=50669"}],"curies":[{"name":"wp","href":"https:\/\/api.w.org\/{rel}","templated":true}]}}