{"id":50762,"date":"2024-01-10T11:12:58","date_gmt":"2024-01-10T09:12:58","guid":{"rendered":"https:\/\/kurato.ch\/?post_type=product&#038;p=50762"},"modified":"2024-01-10T11:13:00","modified_gmt":"2024-01-10T09:13:00","slug":"6-rotwein-glaeser-inka-motiv","status":"publish","type":"product","link":"https:\/\/kurato.ch\/fr\/product\/6-rotwein-glaeser-inka-motiv\/","title":{"rendered":"6 verres \u00e0 vin rouge motif Inca"},"content":{"rendered":"<p>Ces 6 verres \u00e0 vin rouge exclusifs et faits \u00e0 la main proviennent du P\u00e9rou et ont environ 40 ans. Ils font partie d'une collection \u00e9largie de 105 verres.<\/p>\n<p>Sur le verre fum\u00e9 fonc\u00e9 se trouvent de g\u00e9n\u00e9reux motifs incas appliqu\u00e9s \u00e0 la main avec de l'argent sterling 925.<\/p>\n<p>Chaque verre pr\u00e9sente des motifs diff\u00e9rents ou individuels issus de la culture inca, ce qui le rend unique. Les bords des verres sont \u00e9galement g\u00e9n\u00e9reusement d\u00e9cor\u00e9s d'argent. Chaque verre a 1 motif en argent.<\/p>\n<p>Il est difficile d'imaginer qu'une telle chose soit encore produite aujourd'hui en raison du co\u00fbt du travail manuel et de l'argent sterling 925.<\/p>\n<p>Quelque chose de sp\u00e9cial et d'exclusif sur la table ou comme d\u00e9coration et pas pour tout le monde. Un vrai point fort.<\/p>\n<p>D\u00e9tails par verre :<\/p>\n<p>- Hauteur : 18 cm<br \/>- Diam\u00e8tre : Environ 6 cm<br \/>- Poids : 168 grammes<br \/>- Volume de remplissage : 200 cc<br \/>- Motifs en argent sterling 925<br \/>- Bord de la boisson : argent sterling 925<br \/>- Nombre de verres : 6 (six)<\/p>\n<p>En raison de leur \u00e2ge, certains verres peuvent pr\u00e9senter de tr\u00e8s l\u00e9g\u00e8res traces d'usure et des signes du temps.<\/p>\n<p>Le prix est valable pour 1 set de 6 verres.<br \/>2 ensembles (12 verres) sont disponibles<\/p>","protected":false},"excerpt":{"rendered":"<p>Diese exklusiven und handgefertigten 6 Rotwein Gl\u00e4ser stammen aus Peru und sind ca. 40 Jahre alt. Sie sind Teil einer erweiterten Gl\u00e4ser Sammlung bestehend aus 105 Teilen. Auf dem dunklen Rauchglas befinden sich grossz\u00fcgige Inka Motive aufgelegt in Handarbeit mit 925 Sterling Silber. Jedes Glas hat verschiedene bzw. individuelle Motive aus der Inka Kultur und [&hellip;]<\/p>\n","protected":false},"featured_media":50938,"template":"","meta":{"_acf_changed":false,"site-sidebar-layout":"default","site-content-layout":"","ast-site-content-layout":"default","site-content-style":"default","site-sidebar-style":"default","ast-global-header-display":"","ast-banner-title-visibility":"","ast-main-header-display":"","ast-hfb-above-header-display":"","ast-hfb-below-header-display":"","ast-hfb-mobile-header-display":"","site-post-title":"","ast-breadcrumbs-content":"","ast-featured-img":"","footer-sml-layout":"","ast-disable-related-posts":"","theme-transparent-header-meta":"","adv-header-id-meta":"","stick-header-meta":"","header-above-stick-meta":"","header-main-stick-meta":"","header-below-stick-meta":"","astra-migrate-meta-layouts":"default","ast-page-background-enabled":"default","ast-page-background-meta":{"desktop":{"background-color":"","background-image":"","background-repeat":"repeat","background-position":"center center","background-size":"auto","background-attachment":"scroll","background-type":"","background-media":"","overlay-type":"","overlay-color":"","overlay-opacity":"","overlay-gradient":""},"tablet":{"background-color":"","background-image":"","background-repeat":"repeat","background-position":"center center","background-size":"auto","background-attachment":"scroll","background-type":"","background-media":"","overlay-type":"","overlay-color":"","overlay-opacity":"","overlay-gradient":""},"mobile":{"background-color":"","background-image":"","background-repeat":"repeat","background-position":"center center","background-size":"auto","background-attachment":"scroll","background-type":"","background-media":"","overlay-type":"","overlay-color":"","overlay-opacity":"","overlay-gradient":""}},"ast-content-background-meta":{"desktop":{"background-color":"var(--ast-global-color-5)","background-image":"","background-repeat":"repeat","background-position":"center center","background-size":"auto","background-attachment":"scroll","background-type":"","background-media":"","overlay-type":"","overlay-color":"","overlay-opacity":"","overlay-gradient":""},"tablet":{"background-color":"var(--ast-global-color-5)","background-image":"","background-repeat":"repeat","background-position":"center center","background-size":"auto","background-attachment":"scroll","background-type":"","background-media":"","overlay-type":"","overlay-color":"","overlay-opacity":"","overlay-gradient":""},"mobile":{"background-color":"var(--ast-global-color-5)","background-image":"","background-repeat":"repeat","background-position":"center center","background-size":"auto","background-attachment":"scroll","background-type":"","background-media":"","overlay-type":"","overlay-color":"","overlay-opacity":"","overlay-gradient":""}}},"product_brand":[],"product_cat":[515],"product_tag":[],"class_list":{"0":"post-50762","1":"product","2":"type-product","3":"status-publish","4":"has-post-thumbnail","6":"product_cat-wein-champagnerglas","7":"pa_farbe-braun","8":"pa_material-glas-kristall","9":"pa_standort-ostschweiz","10":"pa_stil-vintage","11":"desktop-align-left","12":"tablet-align-left","13":"mobile-align-left","15":"first","16":"instock","17":"shipping-taxable","18":"purchasable","19":"product-type-simple"},"acf":[],"yoast_head":"<!-- This site is optimized with the Yoast SEO plugin v27.4 - https:\/\/yoast.com\/product\/yoast-seo-wordpress\/ -->\n<title>6 Rotwein Gl\u00e4ser Inka Motiv | Vintage M\u00f6bel kaufen auf KURATO.CH<\/title>\n<meta name=\"description\" content=\"Entdecke Vintage M\u00f6bel &amp; Dekoration \u27a4 6 Rotwein Gl\u00e4ser Inka Motiv auf Kurato. \u2713Lieferung Schweiz \u271314-Tage R\u00fcckgabe \u2713Secondhand Unikat\" \/>\n<meta name=\"robots\" content=\"index, follow, max-snippet:-1, max-image-preview:large, max-video-preview:-1\" \/>\n<link rel=\"canonical\" href=\"https:\/\/kurato.ch\/fr\/product\/6-rotwein-glaeser-inka-motiv\/\" \/>\n<meta property=\"og:locale\" content=\"fr_FR\" \/>\n<meta property=\"og:type\" content=\"article\" \/>\n<meta property=\"og:title\" content=\"6 Rotwein Gl\u00e4ser Inka Motiv | Vintage M\u00f6bel kaufen auf KURATO.CH\" \/>\n<meta property=\"og:description\" content=\"Entdecke Vintage M\u00f6bel &amp; Dekoration \u27a4 6 Rotwein Gl\u00e4ser Inka Motiv auf Kurato. \u2713Lieferung Schweiz \u271314-Tage R\u00fcckgabe \u2713Secondhand Unikat\" \/>\n<meta property=\"og:url\" content=\"https:\/\/kurato.ch\/fr\/product\/6-rotwein-glaeser-inka-motiv\/\" \/>\n<meta property=\"og:site_name\" content=\"Vintage M\u00f6bel &amp; Dekoration I Kurato\" \/>\n<meta property=\"article:publisher\" content=\"https:\/\/www.facebook.com\/kuratoswitzerland\" \/>\n<meta property=\"article:modified_time\" content=\"2024-01-10T09:13:00+00:00\" \/>\n<meta property=\"og:image\" content=\"https:\/\/kurato.ch\/wp-content\/uploads\/2024\/01\/6-Rotwein-Glaeser-Inka-Motiv-vintage-secondhand-gebraucht-schweiz-2.jpg\" \/>\n\t<meta property=\"og:image:width\" content=\"800\" \/>\n\t<meta property=\"og:image:height\" content=\"800\" \/>\n\t<meta property=\"og:image:type\" content=\"image\/jpeg\" \/>\n<meta name=\"twitter:label1\" content=\"Dur\u00e9e de lecture estim\u00e9e\" \/>\n\t<meta name=\"twitter:data1\" content=\"1 minute\" \/>\n<script type=\"application\/ld+json\" class=\"yoast-schema-graph\">{\"@context\":\"https:\\\/\\\/schema.org\",\"@graph\":[{\"@type\":\"WebPage\",\"@id\":\"https:\\\/\\\/kurato.ch\\\/product\\\/6-rotwein-glaeser-inka-motiv\\\/\",\"url\":\"https:\\\/\\\/kurato.ch\\\/product\\\/6-rotwein-glaeser-inka-motiv\\\/\",\"name\":\"6 Rotwein Gl\u00e4ser Inka Motiv | Vintage M\u00f6bel kaufen auf KURATO.CH\",\"isPartOf\":{\"@id\":\"https:\\\/\\\/kurato.ch\\\/#website\"},\"primaryImageOfPage\":{\"@id\":\"https:\\\/\\\/kurato.ch\\\/product\\\/6-rotwein-glaeser-inka-motiv\\\/#primaryimage\"},\"image\":{\"@id\":\"https:\\\/\\\/kurato.ch\\\/product\\\/6-rotwein-glaeser-inka-motiv\\\/#primaryimage\"},\"thumbnailUrl\":\"https:\\\/\\\/kurato.ch\\\/wp-content\\\/uploads\\\/2024\\\/01\\\/6-Rotwein-Glaeser-Inka-Motiv-vintage-secondhand-gebraucht-schweiz-2.jpg\",\"datePublished\":\"2024-01-10T09:12:58+00:00\",\"dateModified\":\"2024-01-10T09:13:00+00:00\",\"description\":\"Entdecke Vintage M\u00f6bel & Dekoration \u27a4 6 Rotwein Gl\u00e4ser Inka Motiv auf Kurato. \u2713Lieferung Schweiz \u271314-Tage R\u00fcckgabe \u2713Secondhand Unikat\",\"breadcrumb\":{\"@id\":\"https:\\\/\\\/kurato.ch\\\/product\\\/6-rotwein-glaeser-inka-motiv\\\/#breadcrumb\"},\"inLanguage\":\"fr-FR\",\"potentialAction\":[{\"@type\":\"ReadAction\",\"target\":[\"https:\\\/\\\/kurato.ch\\\/product\\\/6-rotwein-glaeser-inka-motiv\\\/\"]}]},{\"@type\":\"ImageObject\",\"inLanguage\":\"fr-FR\",\"@id\":\"https:\\\/\\\/kurato.ch\\\/product\\\/6-rotwein-glaeser-inka-motiv\\\/#primaryimage\",\"url\":\"https:\\\/\\\/kurato.ch\\\/wp-content\\\/uploads\\\/2024\\\/01\\\/6-Rotwein-Glaeser-Inka-Motiv-vintage-secondhand-gebraucht-schweiz-2.jpg\",\"contentUrl\":\"https:\\\/\\\/kurato.ch\\\/wp-content\\\/uploads\\\/2024\\\/01\\\/6-Rotwein-Glaeser-Inka-Motiv-vintage-secondhand-gebraucht-schweiz-2.jpg\",\"width\":800,\"height\":800,\"caption\":\"6 Rotwein Gl\u00e4ser Inka Motiv\"},{\"@type\":\"BreadcrumbList\",\"@id\":\"https:\\\/\\\/kurato.ch\\\/product\\\/6-rotwein-glaeser-inka-motiv\\\/#breadcrumb\",\"itemListElement\":[{\"@type\":\"ListItem\",\"position\":1,\"name\":\"Home\",\"item\":\"https:\\\/\\\/kurato.ch\\\/\"},{\"@type\":\"ListItem\",\"position\":2,\"name\":\"Neuheiten\",\"item\":\"https:\\\/\\\/kurato.ch\\\/neuheiten\\\/\"},{\"@type\":\"ListItem\",\"position\":3,\"name\":\"6 Rotwein Gl\u00e4ser Inka Motiv\"}]},{\"@type\":\"WebSite\",\"@id\":\"https:\\\/\\\/kurato.ch\\\/#website\",\"url\":\"https:\\\/\\\/kurato.ch\\\/\",\"name\":\"Vintage M\u00f6bel &amp; Dekoration I Kurato\",\"description\":\"Vintage M\u00f6bel &amp; Dekoration I Kurato\",\"publisher\":{\"@id\":\"https:\\\/\\\/kurato.ch\\\/#organization\"},\"potentialAction\":[{\"@type\":\"SearchAction\",\"target\":{\"@type\":\"EntryPoint\",\"urlTemplate\":\"https:\\\/\\\/kurato.ch\\\/?s={search_term_string}\"},\"query-input\":{\"@type\":\"PropertyValueSpecification\",\"valueRequired\":true,\"valueName\":\"search_term_string\"}}],\"inLanguage\":\"fr-FR\"},{\"@type\":\"Organization\",\"@id\":\"https:\\\/\\\/kurato.ch\\\/#organization\",\"name\":\"Kurato.\",\"url\":\"https:\\\/\\\/kurato.ch\\\/\",\"logo\":{\"@type\":\"ImageObject\",\"inLanguage\":\"fr-FR\",\"@id\":\"https:\\\/\\\/kurato.ch\\\/#\\\/schema\\\/logo\\\/image\\\/\",\"url\":\"\",\"contentUrl\":\"\",\"caption\":\"Kurato.\"},\"image\":{\"@id\":\"https:\\\/\\\/kurato.ch\\\/#\\\/schema\\\/logo\\\/image\\\/\"},\"sameAs\":[\"https:\\\/\\\/www.facebook.com\\\/kuratoswitzerland\",\"https:\\\/\\\/www.instagram.com\\\/kurato.ch\\\/\",\"https:\\\/\\\/www.pinterest.ch\\\/kurato_ch\\\/_created\\\/\"]}]}<\/script>\n<!-- \/ Yoast SEO plugin. -->","yoast_head_json":{"title":"6 Rotwein Gl\u00e4ser Inka Motiv | Vintage M\u00f6bel kaufen auf KURATO.CH","description":"Entdecke Vintage M\u00f6bel & Dekoration \u27a4 6 Rotwein Gl\u00e4ser Inka Motiv auf Kurato. \u2713Lieferung Schweiz \u271314-Tage R\u00fcckgabe \u2713Secondhand Unikat","robots":{"index":"index","follow":"follow","max-snippet":"max-snippet:-1","max-image-preview":"max-image-preview:large","max-video-preview":"max-video-preview:-1"},"canonical":"https:\/\/kurato.ch\/fr\/product\/6-rotwein-glaeser-inka-motiv\/","og_locale":"fr_FR","og_type":"article","og_title":"6 Rotwein Gl\u00e4ser Inka Motiv | Vintage M\u00f6bel kaufen auf KURATO.CH","og_description":"Entdecke Vintage M\u00f6bel & Dekoration \u27a4 6 Rotwein Gl\u00e4ser Inka Motiv auf Kurato. \u2713Lieferung Schweiz \u271314-Tage R\u00fcckgabe \u2713Secondhand Unikat","og_url":"https:\/\/kurato.ch\/fr\/product\/6-rotwein-glaeser-inka-motiv\/","og_site_name":"Vintage M\u00f6bel &amp; Dekoration I Kurato","article_publisher":"https:\/\/www.facebook.com\/kuratoswitzerland","article_modified_time":"2024-01-10T09:13:00+00:00","og_image":[{"width":800,"height":800,"url":"https:\/\/kurato.ch\/wp-content\/uploads\/2024\/01\/6-Rotwein-Glaeser-Inka-Motiv-vintage-secondhand-gebraucht-schweiz-2.jpg","type":"image\/jpeg"}],"twitter_misc":{"Dur\u00e9e de lecture estim\u00e9e":"1 minute"},"schema":{"@context":"https:\/\/schema.org","@graph":[{"@type":"WebPage","@id":"https:\/\/kurato.ch\/product\/6-rotwein-glaeser-inka-motiv\/","url":"https:\/\/kurato.ch\/product\/6-rotwein-glaeser-inka-motiv\/","name":"6 Rotwein Gl\u00e4ser Inka Motiv | Vintage M\u00f6bel kaufen auf KURATO.CH","isPartOf":{"@id":"https:\/\/kurato.ch\/#website"},"primaryImageOfPage":{"@id":"https:\/\/kurato.ch\/product\/6-rotwein-glaeser-inka-motiv\/#primaryimage"},"image":{"@id":"https:\/\/kurato.ch\/product\/6-rotwein-glaeser-inka-motiv\/#primaryimage"},"thumbnailUrl":"https:\/\/kurato.ch\/wp-content\/uploads\/2024\/01\/6-Rotwein-Glaeser-Inka-Motiv-vintage-secondhand-gebraucht-schweiz-2.jpg","datePublished":"2024-01-10T09:12:58+00:00","dateModified":"2024-01-10T09:13:00+00:00","description":"Entdecke Vintage M\u00f6bel & Dekoration \u27a4 6 Rotwein Gl\u00e4ser Inka Motiv auf Kurato. \u2713Lieferung Schweiz \u271314-Tage R\u00fcckgabe \u2713Secondhand Unikat","breadcrumb":{"@id":"https:\/\/kurato.ch\/product\/6-rotwein-glaeser-inka-motiv\/#breadcrumb"},"inLanguage":"fr-FR","potentialAction":[{"@type":"ReadAction","target":["https:\/\/kurato.ch\/product\/6-rotwein-glaeser-inka-motiv\/"]}]},{"@type":"ImageObject","inLanguage":"fr-FR","@id":"https:\/\/kurato.ch\/product\/6-rotwein-glaeser-inka-motiv\/#primaryimage","url":"https:\/\/kurato.ch\/wp-content\/uploads\/2024\/01\/6-Rotwein-Glaeser-Inka-Motiv-vintage-secondhand-gebraucht-schweiz-2.jpg","contentUrl":"https:\/\/kurato.ch\/wp-content\/uploads\/2024\/01\/6-Rotwein-Glaeser-Inka-Motiv-vintage-secondhand-gebraucht-schweiz-2.jpg","width":800,"height":800,"caption":"6 Rotwein Gl\u00e4ser Inka Motiv"},{"@type":"BreadcrumbList","@id":"https:\/\/kurato.ch\/product\/6-rotwein-glaeser-inka-motiv\/#breadcrumb","itemListElement":[{"@type":"ListItem","position":1,"name":"Home","item":"https:\/\/kurato.ch\/"},{"@type":"ListItem","position":2,"name":"Neuheiten","item":"https:\/\/kurato.ch\/neuheiten\/"},{"@type":"ListItem","position":3,"name":"6 Rotwein Gl\u00e4ser Inka Motiv"}]},{"@type":"WebSite","@id":"https:\/\/kurato.ch\/#website","url":"https:\/\/kurato.ch\/","name":"Meubles vintage &amp; d\u00e9coration I Kurato","description":"Meubles vintage &amp; d\u00e9coration I Kurato","publisher":{"@id":"https:\/\/kurato.ch\/#organization"},"potentialAction":[{"@type":"SearchAction","target":{"@type":"EntryPoint","urlTemplate":"https:\/\/kurato.ch\/?s={search_term_string}"},"query-input":{"@type":"PropertyValueSpecification","valueRequired":true,"valueName":"search_term_string"}}],"inLanguage":"fr-FR"},{"@type":"Organization","@id":"https:\/\/kurato.ch\/#organization","name":"Kurato.","url":"https:\/\/kurato.ch\/","logo":{"@type":"ImageObject","inLanguage":"fr-FR","@id":"https:\/\/kurato.ch\/#\/schema\/logo\/image\/","url":"","contentUrl":"","caption":"Kurato."},"image":{"@id":"https:\/\/kurato.ch\/#\/schema\/logo\/image\/"},"sameAs":["https:\/\/www.facebook.com\/kuratoswitzerland","https:\/\/www.instagram.com\/kurato.ch\/","https:\/\/www.pinterest.ch\/kurato_ch\/_created\/"]}]}},"_links":{"self":[{"href":"https:\/\/kurato.ch\/fr\/wp-json\/wp\/v2\/product\/50762","targetHints":{"allow":["GET"]}}],"collection":[{"href":"https:\/\/kurato.ch\/fr\/wp-json\/wp\/v2\/product"}],"about":[{"href":"https:\/\/kurato.ch\/fr\/wp-json\/wp\/v2\/types\/product"}],"wp:featuredmedia":[{"embeddable":true,"href":"https:\/\/kurato.ch\/fr\/wp-json\/wp\/v2\/media\/50938"}],"wp:attachment":[{"href":"https:\/\/kurato.ch\/fr\/wp-json\/wp\/v2\/media?parent=50762"}],"wp:term":[{"taxonomy":"product_brand","embeddable":true,"href":"https:\/\/kurato.ch\/fr\/wp-json\/wp\/v2\/product_brand?post=50762"},{"taxonomy":"product_cat","embeddable":true,"href":"https:\/\/kurato.ch\/fr\/wp-json\/wp\/v2\/product_cat?post=50762"},{"taxonomy":"product_tag","embeddable":true,"href":"https:\/\/kurato.ch\/fr\/wp-json\/wp\/v2\/product_tag?post=50762"}],"curies":[{"name":"wp","href":"https:\/\/api.w.org\/{rel}","templated":true}]}}