{"id":51588,"date":"2024-03-01T18:27:25","date_gmt":"2024-03-01T16:27:25","guid":{"rendered":"https:\/\/kurato.ch\/?post_type=product&#038;p=51588"},"modified":"2024-10-09T09:15:58","modified_gmt":"2024-10-09T07:15:58","slug":"5-siesta-sessel-hoch-braun-ingmar-relling-fuer-westnofa","status":"publish","type":"product","link":"https:\/\/kurato.ch\/fr\/product\/5-siesta-sessel-hoch-braun-ingmar-relling-fuer-westnofa\/","title":{"rendered":"5 Fauteuil Siesta haut marron Ingmar Relling pour Westnofa"},"content":{"rendered":"<p>Les 5 fauteuils Siesta haut avec appuie-t\u00eate d'Ingmar Relling pour Westnofa de 1972, en tr\u00e8s bon \u00e9tat. Il s'agit de la version haute, avec oreiller. Le cuir est impeccable. Le bois pr\u00e9sente des signes d'usure minimes. Un des fauteuils a un bois l\u00e9g\u00e8rement d\u00e9form\u00e9, ce qui fait que le quatri\u00e8me pied ne touche le sol que lorsque l'on s'assoit dessus.<\/p>\n<p>Le fauteuil et le tabouret Siesta d'Ingmar Relling font partie des ic\u00f4nes du design scandinave. Ils se composent d'un cadre en contreplaqu\u00e9 de h\u00eatre brun fonc\u00e9 et d'une toile tendue sur laquelle sont mont\u00e9s des coussins en cuir brun. Les coussins s'adaptent parfaitement \u00e0 la forme du corps et offrent un confort d'assise exceptionnel.<\/p>\n<p>Der Preis gilt pro Sessel.<\/p>","protected":false},"excerpt":{"rendered":"<p>Die 5 Siesta Sessel hoch mit Nackenst\u00fctze von Ingmar Relling f\u00fcr Westnofa aus dem Jahr 1972, in sehr gutem Zustand. Es handelt sich um die h\u00f6here Version, mit Kopfkissen. Das Leder ist einwandfrei. Das Holz weist minimale Gebrauchsspuren auf. Ein Sessel hat etwas verzogenes Holz, was macht, dass der vierte Fuss nur beim Draufsitzen zu [&hellip;]<\/p>\n","protected":false},"featured_media":52017,"template":"","meta":{"_acf_changed":false,"site-sidebar-layout":"default","site-content-layout":"","ast-site-content-layout":"default","site-content-style":"default","site-sidebar-style":"default","ast-global-header-display":"","ast-banner-title-visibility":"","ast-main-header-display":"","ast-hfb-above-header-display":"","ast-hfb-below-header-display":"","ast-hfb-mobile-header-display":"","site-post-title":"","ast-breadcrumbs-content":"","ast-featured-img":"","footer-sml-layout":"","ast-disable-related-posts":"","theme-transparent-header-meta":"default","adv-header-id-meta":"","stick-header-meta":"default","header-above-stick-meta":"","header-main-stick-meta":"","header-below-stick-meta":"","astra-migrate-meta-layouts":"set","ast-page-background-enabled":"default","ast-page-background-meta":{"desktop":{"background-color":"","background-image":"","background-repeat":"repeat","background-position":"center center","background-size":"auto","background-attachment":"scroll","background-type":"","background-media":"","overlay-type":"","overlay-color":"","overlay-opacity":"","overlay-gradient":""},"tablet":{"background-color":"","background-image":"","background-repeat":"repeat","background-position":"center center","background-size":"auto","background-attachment":"scroll","background-type":"","background-media":"","overlay-type":"","overlay-color":"","overlay-opacity":"","overlay-gradient":""},"mobile":{"background-color":"","background-image":"","background-repeat":"repeat","background-position":"center center","background-size":"auto","background-attachment":"scroll","background-type":"","background-media":"","overlay-type":"","overlay-color":"","overlay-opacity":"","overlay-gradient":""}},"ast-content-background-meta":{"desktop":{"background-color":"var(--ast-global-color-5)","background-image":"","background-repeat":"repeat","background-position":"center center","background-size":"auto","background-attachment":"scroll","background-type":"","background-media":"","overlay-type":"","overlay-color":"","overlay-opacity":"","overlay-gradient":""},"tablet":{"background-color":"var(--ast-global-color-5)","background-image":"","background-repeat":"repeat","background-position":"center center","background-size":"auto","background-attachment":"scroll","background-type":"","background-media":"","overlay-type":"","overlay-color":"","overlay-opacity":"","overlay-gradient":""},"mobile":{"background-color":"var(--ast-global-color-5)","background-image":"","background-repeat":"repeat","background-position":"center center","background-size":"auto","background-attachment":"scroll","background-type":"","background-media":"","overlay-type":"","overlay-color":"","overlay-opacity":"","overlay-gradient":""}}},"product_brand":[],"product_cat":[155,152],"product_tag":[],"class_list":{"0":"post-51588","1":"product","2":"type-product","3":"status-publish","4":"has-post-thumbnail","6":"product_cat-vintage-sessel","7":"product_cat-vintage-sessel-liege","8":"pa_designer-relling-ingmar","9":"pa_designer-westnofa","10":"pa_farbe-braun","11":"pa_material-leder","12":"pa_standort-zurich","13":"pa_stil-design","14":"pa_stil-skandinavisch-mid-century","15":"desktop-align-left","16":"tablet-align-left","17":"mobile-align-left","19":"first","20":"outofstock","21":"shipping-taxable","22":"purchasable","23":"product-type-simple"},"acf":[],"yoast_head":"<!-- This site is optimized with the Yoast SEO plugin v27.3 - https:\/\/yoast.com\/product\/yoast-seo-wordpress\/ -->\n<title>5 Siesta Sessel hoch braun Ingmar Relling f\u00fcr Westnofa | Vintage M\u00f6bel kaufen auf KURATO.CH<\/title>\n<meta name=\"description\" content=\"Entdecke Vintage M\u00f6bel &amp; Dekoration \u27a4 5 Siesta Sessel hoch braun Ingmar Relling f\u00fcr Westnofa auf Kurato. \u2713Lieferung Schweiz \u271314-Tage R\u00fcckgabe \u2713Secondhand Unikat\" \/>\n<meta name=\"robots\" content=\"index, follow, max-snippet:-1, max-image-preview:large, max-video-preview:-1\" \/>\n<link rel=\"canonical\" href=\"https:\/\/kurato.ch\/fr\/product\/5-siesta-sessel-hoch-braun-ingmar-relling-fuer-westnofa\/\" \/>\n<meta property=\"og:locale\" content=\"fr_FR\" \/>\n<meta property=\"og:type\" content=\"article\" \/>\n<meta property=\"og:title\" content=\"5 Siesta Sessel hoch braun Ingmar Relling f\u00fcr Westnofa | Vintage M\u00f6bel kaufen auf KURATO.CH\" \/>\n<meta property=\"og:description\" content=\"Entdecke Vintage M\u00f6bel &amp; Dekoration \u27a4 5 Siesta Sessel hoch braun Ingmar Relling f\u00fcr Westnofa auf Kurato. \u2713Lieferung Schweiz \u271314-Tage R\u00fcckgabe \u2713Secondhand Unikat\" \/>\n<meta property=\"og:url\" content=\"https:\/\/kurato.ch\/fr\/product\/5-siesta-sessel-hoch-braun-ingmar-relling-fuer-westnofa\/\" \/>\n<meta property=\"og:site_name\" content=\"Vintage M\u00f6bel &amp; Dekoration I Kurato\" \/>\n<meta property=\"article:publisher\" content=\"https:\/\/www.facebook.com\/kuratoswitzerland\" \/>\n<meta property=\"article:modified_time\" content=\"2024-10-09T07:15:58+00:00\" \/>\n<meta property=\"og:image\" content=\"https:\/\/kurato.ch\/wp-content\/uploads\/2024\/03\/5-Siesta-Sessel-braun-Ingmar-Relling-fuer-Westnofa-vintage-secondhand-gebraucht.jpg\" \/>\n\t<meta property=\"og:image:width\" content=\"800\" \/>\n\t<meta property=\"og:image:height\" content=\"800\" \/>\n\t<meta property=\"og:image:type\" content=\"image\/jpeg\" \/>\n<meta name=\"twitter:label1\" content=\"Dur\u00e9e de lecture estim\u00e9e\" \/>\n\t<meta name=\"twitter:data1\" content=\"1 minute\" \/>\n<script type=\"application\/ld+json\" class=\"yoast-schema-graph\">{\"@context\":\"https:\\\/\\\/schema.org\",\"@graph\":[{\"@type\":\"WebPage\",\"@id\":\"https:\\\/\\\/kurato.ch\\\/product\\\/5-siesta-sessel-hoch-braun-ingmar-relling-fuer-westnofa\\\/\",\"url\":\"https:\\\/\\\/kurato.ch\\\/product\\\/5-siesta-sessel-hoch-braun-ingmar-relling-fuer-westnofa\\\/\",\"name\":\"5 Siesta Sessel hoch braun Ingmar Relling f\u00fcr Westnofa | Vintage M\u00f6bel kaufen auf KURATO.CH\",\"isPartOf\":{\"@id\":\"https:\\\/\\\/kurato.ch\\\/#website\"},\"primaryImageOfPage\":{\"@id\":\"https:\\\/\\\/kurato.ch\\\/product\\\/5-siesta-sessel-hoch-braun-ingmar-relling-fuer-westnofa\\\/#primaryimage\"},\"image\":{\"@id\":\"https:\\\/\\\/kurato.ch\\\/product\\\/5-siesta-sessel-hoch-braun-ingmar-relling-fuer-westnofa\\\/#primaryimage\"},\"thumbnailUrl\":\"https:\\\/\\\/kurato.ch\\\/wp-content\\\/uploads\\\/2024\\\/03\\\/5-Siesta-Sessel-braun-Ingmar-Relling-fuer-Westnofa-vintage-secondhand-gebraucht.jpg\",\"datePublished\":\"2024-03-01T16:27:25+00:00\",\"dateModified\":\"2024-10-09T07:15:58+00:00\",\"description\":\"Entdecke Vintage M\u00f6bel & Dekoration \u27a4 5 Siesta Sessel hoch braun Ingmar Relling f\u00fcr Westnofa auf Kurato. \u2713Lieferung Schweiz \u271314-Tage R\u00fcckgabe \u2713Secondhand Unikat\",\"breadcrumb\":{\"@id\":\"https:\\\/\\\/kurato.ch\\\/product\\\/5-siesta-sessel-hoch-braun-ingmar-relling-fuer-westnofa\\\/#breadcrumb\"},\"inLanguage\":\"fr-FR\",\"potentialAction\":[{\"@type\":\"ReadAction\",\"target\":[\"https:\\\/\\\/kurato.ch\\\/product\\\/5-siesta-sessel-hoch-braun-ingmar-relling-fuer-westnofa\\\/\"]}]},{\"@type\":\"ImageObject\",\"inLanguage\":\"fr-FR\",\"@id\":\"https:\\\/\\\/kurato.ch\\\/product\\\/5-siesta-sessel-hoch-braun-ingmar-relling-fuer-westnofa\\\/#primaryimage\",\"url\":\"https:\\\/\\\/kurato.ch\\\/wp-content\\\/uploads\\\/2024\\\/03\\\/5-Siesta-Sessel-braun-Ingmar-Relling-fuer-Westnofa-vintage-secondhand-gebraucht.jpg\",\"contentUrl\":\"https:\\\/\\\/kurato.ch\\\/wp-content\\\/uploads\\\/2024\\\/03\\\/5-Siesta-Sessel-braun-Ingmar-Relling-fuer-Westnofa-vintage-secondhand-gebraucht.jpg\",\"width\":800,\"height\":800,\"caption\":\"5 Siesta Sessel braun Ingmar Relling fu\u0308r Westnofa\"},{\"@type\":\"BreadcrumbList\",\"@id\":\"https:\\\/\\\/kurato.ch\\\/product\\\/5-siesta-sessel-hoch-braun-ingmar-relling-fuer-westnofa\\\/#breadcrumb\",\"itemListElement\":[{\"@type\":\"ListItem\",\"position\":1,\"name\":\"Home\",\"item\":\"https:\\\/\\\/kurato.ch\\\/\"},{\"@type\":\"ListItem\",\"position\":2,\"name\":\"Neuheiten\",\"item\":\"https:\\\/\\\/kurato.ch\\\/neuheiten\\\/\"},{\"@type\":\"ListItem\",\"position\":3,\"name\":\"5 Siesta Sessel hoch braun Ingmar Relling f\u00fcr Westnofa\"}]},{\"@type\":\"WebSite\",\"@id\":\"https:\\\/\\\/kurato.ch\\\/#website\",\"url\":\"https:\\\/\\\/kurato.ch\\\/\",\"name\":\"Vintage M\u00f6bel &amp; Dekoration I Kurato\",\"description\":\"Vintage M\u00f6bel &amp; Dekoration I Kurato\",\"publisher\":{\"@id\":\"https:\\\/\\\/kurato.ch\\\/#organization\"},\"potentialAction\":[{\"@type\":\"SearchAction\",\"target\":{\"@type\":\"EntryPoint\",\"urlTemplate\":\"https:\\\/\\\/kurato.ch\\\/?s={search_term_string}\"},\"query-input\":{\"@type\":\"PropertyValueSpecification\",\"valueRequired\":true,\"valueName\":\"search_term_string\"}}],\"inLanguage\":\"fr-FR\"},{\"@type\":\"Organization\",\"@id\":\"https:\\\/\\\/kurato.ch\\\/#organization\",\"name\":\"Kurato.\",\"url\":\"https:\\\/\\\/kurato.ch\\\/\",\"logo\":{\"@type\":\"ImageObject\",\"inLanguage\":\"fr-FR\",\"@id\":\"https:\\\/\\\/kurato.ch\\\/#\\\/schema\\\/logo\\\/image\\\/\",\"url\":\"\",\"contentUrl\":\"\",\"caption\":\"Kurato.\"},\"image\":{\"@id\":\"https:\\\/\\\/kurato.ch\\\/#\\\/schema\\\/logo\\\/image\\\/\"},\"sameAs\":[\"https:\\\/\\\/www.facebook.com\\\/kuratoswitzerland\",\"https:\\\/\\\/www.instagram.com\\\/kurato.ch\\\/\",\"https:\\\/\\\/www.pinterest.ch\\\/kurato_ch\\\/_created\\\/\"]}]}<\/script>\n<!-- \/ Yoast SEO plugin. -->","yoast_head_json":{"title":"5 Siesta Sessel hoch braun Ingmar Relling f\u00fcr Westnofa | Vintage M\u00f6bel kaufen auf KURATO.CH","description":"Entdecke Vintage M\u00f6bel & Dekoration \u27a4 5 Siesta Sessel hoch braun Ingmar Relling f\u00fcr Westnofa auf Kurato. \u2713Lieferung Schweiz \u271314-Tage R\u00fcckgabe \u2713Secondhand Unikat","robots":{"index":"index","follow":"follow","max-snippet":"max-snippet:-1","max-image-preview":"max-image-preview:large","max-video-preview":"max-video-preview:-1"},"canonical":"https:\/\/kurato.ch\/fr\/product\/5-siesta-sessel-hoch-braun-ingmar-relling-fuer-westnofa\/","og_locale":"fr_FR","og_type":"article","og_title":"5 Siesta Sessel hoch braun Ingmar Relling f\u00fcr Westnofa | Vintage M\u00f6bel kaufen auf KURATO.CH","og_description":"Entdecke Vintage M\u00f6bel & Dekoration \u27a4 5 Siesta Sessel hoch braun Ingmar Relling f\u00fcr Westnofa auf Kurato. \u2713Lieferung Schweiz \u271314-Tage R\u00fcckgabe \u2713Secondhand Unikat","og_url":"https:\/\/kurato.ch\/fr\/product\/5-siesta-sessel-hoch-braun-ingmar-relling-fuer-westnofa\/","og_site_name":"Vintage M\u00f6bel &amp; Dekoration I Kurato","article_publisher":"https:\/\/www.facebook.com\/kuratoswitzerland","article_modified_time":"2024-10-09T07:15:58+00:00","og_image":[{"width":800,"height":800,"url":"https:\/\/kurato.ch\/wp-content\/uploads\/2024\/03\/5-Siesta-Sessel-braun-Ingmar-Relling-fuer-Westnofa-vintage-secondhand-gebraucht.jpg","type":"image\/jpeg"}],"twitter_misc":{"Dur\u00e9e de lecture estim\u00e9e":"1 minute"},"schema":{"@context":"https:\/\/schema.org","@graph":[{"@type":"WebPage","@id":"https:\/\/kurato.ch\/product\/5-siesta-sessel-hoch-braun-ingmar-relling-fuer-westnofa\/","url":"https:\/\/kurato.ch\/product\/5-siesta-sessel-hoch-braun-ingmar-relling-fuer-westnofa\/","name":"5 Siesta Sessel hoch braun Ingmar Relling f\u00fcr Westnofa | Vintage M\u00f6bel kaufen auf KURATO.CH","isPartOf":{"@id":"https:\/\/kurato.ch\/#website"},"primaryImageOfPage":{"@id":"https:\/\/kurato.ch\/product\/5-siesta-sessel-hoch-braun-ingmar-relling-fuer-westnofa\/#primaryimage"},"image":{"@id":"https:\/\/kurato.ch\/product\/5-siesta-sessel-hoch-braun-ingmar-relling-fuer-westnofa\/#primaryimage"},"thumbnailUrl":"https:\/\/kurato.ch\/wp-content\/uploads\/2024\/03\/5-Siesta-Sessel-braun-Ingmar-Relling-fuer-Westnofa-vintage-secondhand-gebraucht.jpg","datePublished":"2024-03-01T16:27:25+00:00","dateModified":"2024-10-09T07:15:58+00:00","description":"Entdecke Vintage M\u00f6bel & Dekoration \u27a4 5 Siesta Sessel hoch braun Ingmar Relling f\u00fcr Westnofa auf Kurato. \u2713Lieferung Schweiz \u271314-Tage R\u00fcckgabe \u2713Secondhand Unikat","breadcrumb":{"@id":"https:\/\/kurato.ch\/product\/5-siesta-sessel-hoch-braun-ingmar-relling-fuer-westnofa\/#breadcrumb"},"inLanguage":"fr-FR","potentialAction":[{"@type":"ReadAction","target":["https:\/\/kurato.ch\/product\/5-siesta-sessel-hoch-braun-ingmar-relling-fuer-westnofa\/"]}]},{"@type":"ImageObject","inLanguage":"fr-FR","@id":"https:\/\/kurato.ch\/product\/5-siesta-sessel-hoch-braun-ingmar-relling-fuer-westnofa\/#primaryimage","url":"https:\/\/kurato.ch\/wp-content\/uploads\/2024\/03\/5-Siesta-Sessel-braun-Ingmar-Relling-fuer-Westnofa-vintage-secondhand-gebraucht.jpg","contentUrl":"https:\/\/kurato.ch\/wp-content\/uploads\/2024\/03\/5-Siesta-Sessel-braun-Ingmar-Relling-fuer-Westnofa-vintage-secondhand-gebraucht.jpg","width":800,"height":800,"caption":"5 Siesta Sessel braun Ingmar Relling fu\u0308r Westnofa"},{"@type":"BreadcrumbList","@id":"https:\/\/kurato.ch\/product\/5-siesta-sessel-hoch-braun-ingmar-relling-fuer-westnofa\/#breadcrumb","itemListElement":[{"@type":"ListItem","position":1,"name":"Home","item":"https:\/\/kurato.ch\/"},{"@type":"ListItem","position":2,"name":"Neuheiten","item":"https:\/\/kurato.ch\/neuheiten\/"},{"@type":"ListItem","position":3,"name":"5 Siesta Sessel hoch braun Ingmar Relling f\u00fcr Westnofa"}]},{"@type":"WebSite","@id":"https:\/\/kurato.ch\/#website","url":"https:\/\/kurato.ch\/","name":"Meubles vintage &amp; d\u00e9coration I Kurato","description":"Meubles vintage &amp; d\u00e9coration I Kurato","publisher":{"@id":"https:\/\/kurato.ch\/#organization"},"potentialAction":[{"@type":"SearchAction","target":{"@type":"EntryPoint","urlTemplate":"https:\/\/kurato.ch\/?s={search_term_string}"},"query-input":{"@type":"PropertyValueSpecification","valueRequired":true,"valueName":"search_term_string"}}],"inLanguage":"fr-FR"},{"@type":"Organization","@id":"https:\/\/kurato.ch\/#organization","name":"Kurato.","url":"https:\/\/kurato.ch\/","logo":{"@type":"ImageObject","inLanguage":"fr-FR","@id":"https:\/\/kurato.ch\/#\/schema\/logo\/image\/","url":"","contentUrl":"","caption":"Kurato."},"image":{"@id":"https:\/\/kurato.ch\/#\/schema\/logo\/image\/"},"sameAs":["https:\/\/www.facebook.com\/kuratoswitzerland","https:\/\/www.instagram.com\/kurato.ch\/","https:\/\/www.pinterest.ch\/kurato_ch\/_created\/"]}]}},"_links":{"self":[{"href":"https:\/\/kurato.ch\/fr\/wp-json\/wp\/v2\/product\/51588","targetHints":{"allow":["GET"]}}],"collection":[{"href":"https:\/\/kurato.ch\/fr\/wp-json\/wp\/v2\/product"}],"about":[{"href":"https:\/\/kurato.ch\/fr\/wp-json\/wp\/v2\/types\/product"}],"wp:featuredmedia":[{"embeddable":true,"href":"https:\/\/kurato.ch\/fr\/wp-json\/wp\/v2\/media\/52017"}],"wp:attachment":[{"href":"https:\/\/kurato.ch\/fr\/wp-json\/wp\/v2\/media?parent=51588"}],"wp:term":[{"taxonomy":"product_brand","embeddable":true,"href":"https:\/\/kurato.ch\/fr\/wp-json\/wp\/v2\/product_brand?post=51588"},{"taxonomy":"product_cat","embeddable":true,"href":"https:\/\/kurato.ch\/fr\/wp-json\/wp\/v2\/product_cat?post=51588"},{"taxonomy":"product_tag","embeddable":true,"href":"https:\/\/kurato.ch\/fr\/wp-json\/wp\/v2\/product_tag?post=51588"}],"curies":[{"name":"wp","href":"https:\/\/api.w.org\/{rel}","templated":true}]}}