{"id":51594,"date":"2024-03-01T19:05:13","date_gmt":"2024-03-01T17:05:13","guid":{"rendered":"https:\/\/kurato.ch\/?post_type=product&#038;p=51594"},"modified":"2024-10-09T09:15:58","modified_gmt":"2024-10-09T07:15:58","slug":"2-ingmar-relling-siesta-sessel-braun-fuer-westnofa","status":"publish","type":"product","link":"https:\/\/kurato.ch\/fr\/product\/2-ingmar-relling-siesta-sessel-braun-fuer-westnofa\/","title":{"rendered":"2 Ingmar Relling Siesta fauteuil marron pour Westnofa"},"content":{"rendered":"<p>Les 2 fauteuils Ingmar Relling datent de 1972 et sont en tr\u00e8s bon \u00e9tat. Il s'agit de la version basse sans oreiller. Le cuir est impeccable, le bois pr\u00e9sente des traces d'usure minimes. (Pour les tabourets, il y a une annonce s\u00e9par\u00e9e.<\/p>\n<p>Le fauteuil et le tabouret Siesta d'Ingmar Relling font partie des ic\u00f4nes du design scandinave. Ils se composent d'un cadre en contreplaqu\u00e9 de h\u00eatre brun fonc\u00e9 et d'une toile tendue sur laquelle sont mont\u00e9s des coussins en cuir brun. Les coussins s'adaptent parfaitement \u00e0 la forme du corps et offrent un confort d'assise exceptionnel.<\/p>\n<p>Der Preis gilt pro Sessel.<\/p>","protected":false},"excerpt":{"rendered":"<p>Die 2 Ingmar Relling Sessel sind aus dem Jahr 1972 und in sehr gutem Zustand. Es handelt sich um die niedrigere Version ohne Kopfkissen. Das Leder ist einwandfrei, das Holz zeigt minimale Gebrauchsspuren auf. (F\u00fcr die Hocker gibt es ein separates Inserat. Ingmar Relling Siesta Sessel und Hocker geh\u00f6ren zu den Ikonen des skandinavischen Designs. [&hellip;]<\/p>\n","protected":false},"featured_media":52032,"template":"","meta":{"_acf_changed":false,"site-sidebar-layout":"default","site-content-layout":"","ast-site-content-layout":"default","site-content-style":"default","site-sidebar-style":"default","ast-global-header-display":"","ast-banner-title-visibility":"","ast-main-header-display":"","ast-hfb-above-header-display":"","ast-hfb-below-header-display":"","ast-hfb-mobile-header-display":"","site-post-title":"","ast-breadcrumbs-content":"","ast-featured-img":"","footer-sml-layout":"","ast-disable-related-posts":"","theme-transparent-header-meta":"default","adv-header-id-meta":"","stick-header-meta":"default","header-above-stick-meta":"","header-main-stick-meta":"","header-below-stick-meta":"","astra-migrate-meta-layouts":"set","ast-page-background-enabled":"default","ast-page-background-meta":{"desktop":{"background-color":"","background-image":"","background-repeat":"repeat","background-position":"center center","background-size":"auto","background-attachment":"scroll","background-type":"","background-media":"","overlay-type":"","overlay-color":"","overlay-opacity":"","overlay-gradient":""},"tablet":{"background-color":"","background-image":"","background-repeat":"repeat","background-position":"center center","background-size":"auto","background-attachment":"scroll","background-type":"","background-media":"","overlay-type":"","overlay-color":"","overlay-opacity":"","overlay-gradient":""},"mobile":{"background-color":"","background-image":"","background-repeat":"repeat","background-position":"center center","background-size":"auto","background-attachment":"scroll","background-type":"","background-media":"","overlay-type":"","overlay-color":"","overlay-opacity":"","overlay-gradient":""}},"ast-content-background-meta":{"desktop":{"background-color":"var(--ast-global-color-5)","background-image":"","background-repeat":"repeat","background-position":"center center","background-size":"auto","background-attachment":"scroll","background-type":"","background-media":"","overlay-type":"","overlay-color":"","overlay-opacity":"","overlay-gradient":""},"tablet":{"background-color":"var(--ast-global-color-5)","background-image":"","background-repeat":"repeat","background-position":"center center","background-size":"auto","background-attachment":"scroll","background-type":"","background-media":"","overlay-type":"","overlay-color":"","overlay-opacity":"","overlay-gradient":""},"mobile":{"background-color":"var(--ast-global-color-5)","background-image":"","background-repeat":"repeat","background-position":"center center","background-size":"auto","background-attachment":"scroll","background-type":"","background-media":"","overlay-type":"","overlay-color":"","overlay-opacity":"","overlay-gradient":""}}},"product_brand":[],"product_cat":[155,152],"product_tag":[],"class_list":{"0":"post-51594","1":"product","2":"type-product","3":"status-publish","4":"has-post-thumbnail","6":"product_cat-vintage-sessel","7":"product_cat-vintage-sessel-liege","8":"pa_designer-relling-ingmar","9":"pa_farbe-braun","10":"pa_material-leder","11":"pa_standort-zurich","12":"pa_stil-design","13":"pa_stil-skandinavisch-mid-century","14":"desktop-align-left","15":"tablet-align-left","16":"mobile-align-left","18":"first","19":"outofstock","20":"shipping-taxable","21":"purchasable","22":"product-type-simple"},"acf":[],"yoast_head":"<!-- This site is optimized with the Yoast SEO plugin v27.4 - https:\/\/yoast.com\/product\/yoast-seo-wordpress\/ -->\n<title>2 Ingmar Relling Siesta Sessel braun f\u00fcr Westnofa | Vintage M\u00f6bel kaufen auf KURATO.CH<\/title>\n<meta name=\"description\" content=\"Entdecke Vintage M\u00f6bel &amp; Dekoration \u27a4 2 Ingmar Relling Siesta Sessel braun f\u00fcr Westnofa auf Kurato. \u2713Lieferung Schweiz \u271314-Tage R\u00fcckgabe \u2713Secondhand Unikat\" \/>\n<meta name=\"robots\" content=\"index, follow, max-snippet:-1, max-image-preview:large, max-video-preview:-1\" \/>\n<link rel=\"canonical\" href=\"https:\/\/kurato.ch\/fr\/product\/2-ingmar-relling-siesta-sessel-braun-fuer-westnofa\/\" \/>\n<meta property=\"og:locale\" content=\"fr_FR\" \/>\n<meta property=\"og:type\" content=\"article\" \/>\n<meta property=\"og:title\" content=\"2 Ingmar Relling Siesta Sessel braun f\u00fcr Westnofa | Vintage M\u00f6bel kaufen auf KURATO.CH\" \/>\n<meta property=\"og:description\" content=\"Entdecke Vintage M\u00f6bel &amp; Dekoration \u27a4 2 Ingmar Relling Siesta Sessel braun f\u00fcr Westnofa auf Kurato. \u2713Lieferung Schweiz \u271314-Tage R\u00fcckgabe \u2713Secondhand Unikat\" \/>\n<meta property=\"og:url\" content=\"https:\/\/kurato.ch\/fr\/product\/2-ingmar-relling-siesta-sessel-braun-fuer-westnofa\/\" \/>\n<meta property=\"og:site_name\" content=\"Vintage M\u00f6bel &amp; Dekoration I Kurato\" \/>\n<meta property=\"article:publisher\" content=\"https:\/\/www.facebook.com\/kuratoswitzerland\" \/>\n<meta property=\"article:modified_time\" content=\"2024-10-09T07:15:58+00:00\" \/>\n<meta property=\"og:image\" content=\"https:\/\/kurato.ch\/wp-content\/uploads\/2024\/03\/2-Ingmar-Relling-Siesta-Sessel-braun-fuer-Westnofa-vintage-secondhand-gebraucht.jpg\" \/>\n\t<meta property=\"og:image:width\" content=\"800\" \/>\n\t<meta property=\"og:image:height\" content=\"800\" \/>\n\t<meta property=\"og:image:type\" content=\"image\/jpeg\" \/>\n<meta name=\"twitter:label1\" content=\"Dur\u00e9e de lecture estim\u00e9e\" \/>\n\t<meta name=\"twitter:data1\" content=\"1 minute\" \/>\n<script type=\"application\/ld+json\" class=\"yoast-schema-graph\">{\"@context\":\"https:\\\/\\\/schema.org\",\"@graph\":[{\"@type\":\"WebPage\",\"@id\":\"https:\\\/\\\/kurato.ch\\\/product\\\/2-ingmar-relling-siesta-sessel-braun-fuer-westnofa\\\/\",\"url\":\"https:\\\/\\\/kurato.ch\\\/product\\\/2-ingmar-relling-siesta-sessel-braun-fuer-westnofa\\\/\",\"name\":\"2 Ingmar Relling Siesta Sessel braun f\u00fcr Westnofa | Vintage M\u00f6bel kaufen auf KURATO.CH\",\"isPartOf\":{\"@id\":\"https:\\\/\\\/kurato.ch\\\/#website\"},\"primaryImageOfPage\":{\"@id\":\"https:\\\/\\\/kurato.ch\\\/product\\\/2-ingmar-relling-siesta-sessel-braun-fuer-westnofa\\\/#primaryimage\"},\"image\":{\"@id\":\"https:\\\/\\\/kurato.ch\\\/product\\\/2-ingmar-relling-siesta-sessel-braun-fuer-westnofa\\\/#primaryimage\"},\"thumbnailUrl\":\"https:\\\/\\\/kurato.ch\\\/wp-content\\\/uploads\\\/2024\\\/03\\\/2-Ingmar-Relling-Siesta-Sessel-braun-fuer-Westnofa-vintage-secondhand-gebraucht.jpg\",\"datePublished\":\"2024-03-01T17:05:13+00:00\",\"dateModified\":\"2024-10-09T07:15:58+00:00\",\"description\":\"Entdecke Vintage M\u00f6bel & Dekoration \u27a4 2 Ingmar Relling Siesta Sessel braun f\u00fcr Westnofa auf Kurato. \u2713Lieferung Schweiz \u271314-Tage R\u00fcckgabe \u2713Secondhand Unikat\",\"breadcrumb\":{\"@id\":\"https:\\\/\\\/kurato.ch\\\/product\\\/2-ingmar-relling-siesta-sessel-braun-fuer-westnofa\\\/#breadcrumb\"},\"inLanguage\":\"fr-FR\",\"potentialAction\":[{\"@type\":\"ReadAction\",\"target\":[\"https:\\\/\\\/kurato.ch\\\/product\\\/2-ingmar-relling-siesta-sessel-braun-fuer-westnofa\\\/\"]}]},{\"@type\":\"ImageObject\",\"inLanguage\":\"fr-FR\",\"@id\":\"https:\\\/\\\/kurato.ch\\\/product\\\/2-ingmar-relling-siesta-sessel-braun-fuer-westnofa\\\/#primaryimage\",\"url\":\"https:\\\/\\\/kurato.ch\\\/wp-content\\\/uploads\\\/2024\\\/03\\\/2-Ingmar-Relling-Siesta-Sessel-braun-fuer-Westnofa-vintage-secondhand-gebraucht.jpg\",\"contentUrl\":\"https:\\\/\\\/kurato.ch\\\/wp-content\\\/uploads\\\/2024\\\/03\\\/2-Ingmar-Relling-Siesta-Sessel-braun-fuer-Westnofa-vintage-secondhand-gebraucht.jpg\",\"width\":800,\"height\":800,\"caption\":\"2 Ingmar Relling Siesta Sessel braun f\u00fcr Westnofa\"},{\"@type\":\"BreadcrumbList\",\"@id\":\"https:\\\/\\\/kurato.ch\\\/product\\\/2-ingmar-relling-siesta-sessel-braun-fuer-westnofa\\\/#breadcrumb\",\"itemListElement\":[{\"@type\":\"ListItem\",\"position\":1,\"name\":\"Home\",\"item\":\"https:\\\/\\\/kurato.ch\\\/\"},{\"@type\":\"ListItem\",\"position\":2,\"name\":\"Neuheiten\",\"item\":\"https:\\\/\\\/kurato.ch\\\/neuheiten\\\/\"},{\"@type\":\"ListItem\",\"position\":3,\"name\":\"2 Ingmar Relling Siesta Sessel braun f\u00fcr Westnofa\"}]},{\"@type\":\"WebSite\",\"@id\":\"https:\\\/\\\/kurato.ch\\\/#website\",\"url\":\"https:\\\/\\\/kurato.ch\\\/\",\"name\":\"Vintage M\u00f6bel &amp; Dekoration I Kurato\",\"description\":\"Vintage M\u00f6bel &amp; Dekoration I Kurato\",\"publisher\":{\"@id\":\"https:\\\/\\\/kurato.ch\\\/#organization\"},\"potentialAction\":[{\"@type\":\"SearchAction\",\"target\":{\"@type\":\"EntryPoint\",\"urlTemplate\":\"https:\\\/\\\/kurato.ch\\\/?s={search_term_string}\"},\"query-input\":{\"@type\":\"PropertyValueSpecification\",\"valueRequired\":true,\"valueName\":\"search_term_string\"}}],\"inLanguage\":\"fr-FR\"},{\"@type\":\"Organization\",\"@id\":\"https:\\\/\\\/kurato.ch\\\/#organization\",\"name\":\"Kurato.\",\"url\":\"https:\\\/\\\/kurato.ch\\\/\",\"logo\":{\"@type\":\"ImageObject\",\"inLanguage\":\"fr-FR\",\"@id\":\"https:\\\/\\\/kurato.ch\\\/#\\\/schema\\\/logo\\\/image\\\/\",\"url\":\"\",\"contentUrl\":\"\",\"caption\":\"Kurato.\"},\"image\":{\"@id\":\"https:\\\/\\\/kurato.ch\\\/#\\\/schema\\\/logo\\\/image\\\/\"},\"sameAs\":[\"https:\\\/\\\/www.facebook.com\\\/kuratoswitzerland\",\"https:\\\/\\\/www.instagram.com\\\/kurato.ch\\\/\",\"https:\\\/\\\/www.pinterest.ch\\\/kurato_ch\\\/_created\\\/\"]}]}<\/script>\n<!-- \/ Yoast SEO plugin. -->","yoast_head_json":{"title":"2 Ingmar Relling Siesta Sessel braun f\u00fcr Westnofa | Vintage M\u00f6bel kaufen auf KURATO.CH","description":"Entdecke Vintage M\u00f6bel & Dekoration \u27a4 2 Ingmar Relling Siesta Sessel braun f\u00fcr Westnofa auf Kurato. \u2713Lieferung Schweiz \u271314-Tage R\u00fcckgabe \u2713Secondhand Unikat","robots":{"index":"index","follow":"follow","max-snippet":"max-snippet:-1","max-image-preview":"max-image-preview:large","max-video-preview":"max-video-preview:-1"},"canonical":"https:\/\/kurato.ch\/fr\/product\/2-ingmar-relling-siesta-sessel-braun-fuer-westnofa\/","og_locale":"fr_FR","og_type":"article","og_title":"2 Ingmar Relling Siesta Sessel braun f\u00fcr Westnofa | Vintage M\u00f6bel kaufen auf KURATO.CH","og_description":"Entdecke Vintage M\u00f6bel & Dekoration \u27a4 2 Ingmar Relling Siesta Sessel braun f\u00fcr Westnofa auf Kurato. \u2713Lieferung Schweiz \u271314-Tage R\u00fcckgabe \u2713Secondhand Unikat","og_url":"https:\/\/kurato.ch\/fr\/product\/2-ingmar-relling-siesta-sessel-braun-fuer-westnofa\/","og_site_name":"Vintage M\u00f6bel &amp; Dekoration I Kurato","article_publisher":"https:\/\/www.facebook.com\/kuratoswitzerland","article_modified_time":"2024-10-09T07:15:58+00:00","og_image":[{"width":800,"height":800,"url":"https:\/\/kurato.ch\/wp-content\/uploads\/2024\/03\/2-Ingmar-Relling-Siesta-Sessel-braun-fuer-Westnofa-vintage-secondhand-gebraucht.jpg","type":"image\/jpeg"}],"twitter_misc":{"Dur\u00e9e de lecture estim\u00e9e":"1 minute"},"schema":{"@context":"https:\/\/schema.org","@graph":[{"@type":"WebPage","@id":"https:\/\/kurato.ch\/product\/2-ingmar-relling-siesta-sessel-braun-fuer-westnofa\/","url":"https:\/\/kurato.ch\/product\/2-ingmar-relling-siesta-sessel-braun-fuer-westnofa\/","name":"2 Ingmar Relling Siesta Sessel braun f\u00fcr Westnofa | Vintage M\u00f6bel kaufen auf KURATO.CH","isPartOf":{"@id":"https:\/\/kurato.ch\/#website"},"primaryImageOfPage":{"@id":"https:\/\/kurato.ch\/product\/2-ingmar-relling-siesta-sessel-braun-fuer-westnofa\/#primaryimage"},"image":{"@id":"https:\/\/kurato.ch\/product\/2-ingmar-relling-siesta-sessel-braun-fuer-westnofa\/#primaryimage"},"thumbnailUrl":"https:\/\/kurato.ch\/wp-content\/uploads\/2024\/03\/2-Ingmar-Relling-Siesta-Sessel-braun-fuer-Westnofa-vintage-secondhand-gebraucht.jpg","datePublished":"2024-03-01T17:05:13+00:00","dateModified":"2024-10-09T07:15:58+00:00","description":"Entdecke Vintage M\u00f6bel & Dekoration \u27a4 2 Ingmar Relling Siesta Sessel braun f\u00fcr Westnofa auf Kurato. \u2713Lieferung Schweiz \u271314-Tage R\u00fcckgabe \u2713Secondhand Unikat","breadcrumb":{"@id":"https:\/\/kurato.ch\/product\/2-ingmar-relling-siesta-sessel-braun-fuer-westnofa\/#breadcrumb"},"inLanguage":"fr-FR","potentialAction":[{"@type":"ReadAction","target":["https:\/\/kurato.ch\/product\/2-ingmar-relling-siesta-sessel-braun-fuer-westnofa\/"]}]},{"@type":"ImageObject","inLanguage":"fr-FR","@id":"https:\/\/kurato.ch\/product\/2-ingmar-relling-siesta-sessel-braun-fuer-westnofa\/#primaryimage","url":"https:\/\/kurato.ch\/wp-content\/uploads\/2024\/03\/2-Ingmar-Relling-Siesta-Sessel-braun-fuer-Westnofa-vintage-secondhand-gebraucht.jpg","contentUrl":"https:\/\/kurato.ch\/wp-content\/uploads\/2024\/03\/2-Ingmar-Relling-Siesta-Sessel-braun-fuer-Westnofa-vintage-secondhand-gebraucht.jpg","width":800,"height":800,"caption":"2 Ingmar Relling Siesta Sessel braun f\u00fcr Westnofa"},{"@type":"BreadcrumbList","@id":"https:\/\/kurato.ch\/product\/2-ingmar-relling-siesta-sessel-braun-fuer-westnofa\/#breadcrumb","itemListElement":[{"@type":"ListItem","position":1,"name":"Home","item":"https:\/\/kurato.ch\/"},{"@type":"ListItem","position":2,"name":"Neuheiten","item":"https:\/\/kurato.ch\/neuheiten\/"},{"@type":"ListItem","position":3,"name":"2 Ingmar Relling Siesta Sessel braun f\u00fcr Westnofa"}]},{"@type":"WebSite","@id":"https:\/\/kurato.ch\/#website","url":"https:\/\/kurato.ch\/","name":"Meubles vintage &amp; d\u00e9coration I Kurato","description":"Meubles vintage &amp; d\u00e9coration I Kurato","publisher":{"@id":"https:\/\/kurato.ch\/#organization"},"potentialAction":[{"@type":"SearchAction","target":{"@type":"EntryPoint","urlTemplate":"https:\/\/kurato.ch\/?s={search_term_string}"},"query-input":{"@type":"PropertyValueSpecification","valueRequired":true,"valueName":"search_term_string"}}],"inLanguage":"fr-FR"},{"@type":"Organization","@id":"https:\/\/kurato.ch\/#organization","name":"Kurato.","url":"https:\/\/kurato.ch\/","logo":{"@type":"ImageObject","inLanguage":"fr-FR","@id":"https:\/\/kurato.ch\/#\/schema\/logo\/image\/","url":"","contentUrl":"","caption":"Kurato."},"image":{"@id":"https:\/\/kurato.ch\/#\/schema\/logo\/image\/"},"sameAs":["https:\/\/www.facebook.com\/kuratoswitzerland","https:\/\/www.instagram.com\/kurato.ch\/","https:\/\/www.pinterest.ch\/kurato_ch\/_created\/"]}]}},"_links":{"self":[{"href":"https:\/\/kurato.ch\/fr\/wp-json\/wp\/v2\/product\/51594","targetHints":{"allow":["GET"]}}],"collection":[{"href":"https:\/\/kurato.ch\/fr\/wp-json\/wp\/v2\/product"}],"about":[{"href":"https:\/\/kurato.ch\/fr\/wp-json\/wp\/v2\/types\/product"}],"wp:featuredmedia":[{"embeddable":true,"href":"https:\/\/kurato.ch\/fr\/wp-json\/wp\/v2\/media\/52032"}],"wp:attachment":[{"href":"https:\/\/kurato.ch\/fr\/wp-json\/wp\/v2\/media?parent=51594"}],"wp:term":[{"taxonomy":"product_brand","embeddable":true,"href":"https:\/\/kurato.ch\/fr\/wp-json\/wp\/v2\/product_brand?post=51594"},{"taxonomy":"product_cat","embeddable":true,"href":"https:\/\/kurato.ch\/fr\/wp-json\/wp\/v2\/product_cat?post=51594"},{"taxonomy":"product_tag","embeddable":true,"href":"https:\/\/kurato.ch\/fr\/wp-json\/wp\/v2\/product_tag?post=51594"}],"curies":[{"name":"wp","href":"https:\/\/api.w.org\/{rel}","templated":true}]}}